{"id":16303,"date":"2023-09-21T11:18:03","date_gmt":"2023-09-21T08:18:03","guid":{"rendered":"https:\/\/fonolukk.eu\/kasutajatingimused\/"},"modified":"2024-08-14T15:48:34","modified_gmt":"2024-08-14T12:48:34","slug":"kasutajatingimused","status":"publish","type":"page","link":"https:\/\/fonolukk.eu\/et\/kasutajatingimused\/","title":{"rendered":"Kasutajatingimused"},"content":{"rendered":"<p>Veebisaidi\u00a0<a class=\"webpage\" href=\"https:\/\/fonolukk.eu\/\">fonolukk.eu<\/a>\u00a0k\u00fclastamisel, n\u00f5ustute j\u00e4rgima k\u00e4esolevas dokumendis v\u00e4lja toodud kasutajatingimusi. Kui Te nende kasutajatingimustega ei n\u00f5ustu, palun lahkuge veebisaidilt koheselt. Sellel veebisaidil olevad materjalid on kaitstud kaubam\u00e4rgi- ja autori\u00f5iguse seadusega.<\/p>\n<p>Teie juurdep\u00e4\u00e4s teenusele ja selle kasutamine s\u00f5ltub ka sellest, kas n\u00f5ustute ja j\u00e4rgite\u00a0<span class=\"name\">Smart Security O\u00dc<\/span>\u00a0privaatsuspoliitikat. Privaatsuspoliitika kirjeldab meie p\u00f5him\u00f5tteid ja toiminguid Teie isikuandmete kogumisel, kasutamisel ja avalikustamisel, kui kasutate meie rakendust v\u00f5i veebisaiti. Seega, enne meie lehe v\u00f5i teenuste kasutamist, lugege hoolikalt meie\u00a0<a class=\"priv-pol-link\" href=\"https:\/\/fonolukk.eu\/privacy-policy\/\">privaatsuspoliitika dokumenti<\/a>.<\/p>\n<h2>K\u00fcpsised<\/h2>\n<p>Nii nagu enamik kaasaegseid veebilehti, kasutab ka meie veebisait k\u00fcpsiseid. Kasutame k\u00fcpsiseid selleks, et parandada teatud lehek\u00fclgede funktsionaalsust ja muuta meie veebaidi kasutamine k\u00fclastajate jaoks lihtsamaks ning mugavamaks. M\u00f5ned meie partnerlehed v\u00f5ivad samuti kasutada k\u00fcpsiseid. K\u00fcpsiste kohta loe l\u00e4hemalt meie privaatsuspoliitika dokumendist.<\/p>\n<h2>Litsents<\/h2>\n<p>Kui pole just teisiti mainitud, kuuluvad\u00a0<span class=\"name-suffix\">Smart Security O\u00dcle<\/span>\u00a0k\u00f5ik\u00a0<a class=\"webpage\" href=\"https:\/\/fonolukk.eu\/\">fonolukk.eu<\/a>\u00a0lehel kuvatud intellektuaalomandi \u00f5igused. K\u00f5ik \u00f5igused on kaitstud.<\/p>\n<p>Te ei tohi:<\/p>\n<ul>\n<li>Veebisaidil\u00a0<a class=\"webpage\" href=\"https:\/\/fonolukk.eu\/\">fonolukk.eu<\/a>\u00a0kuvatud materjali (tekst, pildid, videod jne) mujal avaldada.<\/li>\n<li>M\u00fc\u00fca, rentida v\u00f5i litsentsida seda materjali.<\/li>\n<li>Lehek\u00fclje sisu kopeerida.<\/li>\n<li>Veebisaidi\u00a0<a class=\"webpage\" href=\"https:\/\/fonolukk.eu\/\">fonolukk.eu<\/a>\u00a0lehek\u00fclgede sisu levitada.<\/li>\n<\/ul>\n<p>K\u00e4esolev leping kehtib alates\u00a0<span class=\"kuupaev\">21\/09\/2023<\/span>.<\/p>\n<p>M\u00f5ned lehed sellel veebilehel v\u00f5ivad kasutajatele anda v\u00f5imaluse kommenteerida ja vahetada arvamusi\/teavet. Need kommentaarid ei kajasta\u00a0<span class=\"name\">Smart Security O\u00dc<\/span>, tema esindajate ja\/v\u00f5i sidusettev\u00f5tete seisukohti ja arvamusi. Kommentaarid kajastavad postitanud inimeste seisukohti ja arvamusi.\u00a0<span class=\"name\">Smart Security O\u00dc<\/span>\u00a0ei vastuta veebilehel ilmuvate kommentaaride sisu eest ega nendest tekkivate varalise v\u00f5i moraalse kahju eest.<\/p>\n<p><span class=\"name\">Smart Security O\u00dc<\/span>\u00a0j\u00e4tab endale \u00f5iguse j\u00e4lgida k\u00f5iki kommentaare ja eemaldada need, mida peab sobimatuks, solvavaks v\u00f5i tingimusi rikkuvaks.<\/p>\n<p>Lehte k\u00fclastades:<\/p>\n<ul>\n<li>On teil \u00f5igus postitada kommentaare meie veebilehele;<\/li>\n<li>Kinnitate, et teie postitatud kommentaarid ei riku intellektuaalomandi \u00f5igusi, \u00fchegi kolmanda isiku autori\u00f5igust, patenti v\u00f5i kaubam\u00e4rki;<\/li>\n<li>Kinnitate, et teie kommentaarid ei sisalda laimavat, solvavat, v\u00e4\u00e4ritut ega muul viisil ebaseaduslikku materjali;<\/li>\n<li>Kinnitate, et ei kasuta kommenteerimise \u00f5igust \u00e4ritegevuse v\u00f5i ebaseadusliku tegevuse pakkumiseks ega reklaamimiseks.<\/li>\n<\/ul>\n<p>K\u00e4esolevaga annate\u00a0<span class=\"name-suffix\">Smart Security O\u00dcle<\/span>\u00a0ainulitsentsi teie kommentaaride kasutamiseks, paljundamiseks, redigeerimiseks ja volitamiseks teistele isikutele, mis tahes vormis, vormingus v\u00f5i meediumis, reprodutseerimiseks ja redigeerimiseks.<\/p>\n<h2>Kohustustest loobumine<\/h2>\n<p>Me ei taga, et sellel veebilehel olev teave oleks \u00f5ige, t\u00e4ielik v\u00f5i t\u00e4pne. Samuti ei luba me, et veebileht j\u00e4\u00e4b alati k\u00e4ttesaadavaks v\u00f5i sellel olev info hoitakse ajakohasena.<\/p>\n<p>Kui veebilehel pakutavat teavet ja\/v\u00f5i teenuseid pakutakse tasuta, ei vastuta me v\u00f5imaliku kahjumi v\u00f5i kahjustuste eest.<\/p>\n<h2>Vaidluste lahendamine<\/h2>\n<p>Kui teil on teenusega seoses muresid v\u00f5i vaidlusi, n\u00f5ustute k\u00f5igepealt proovima vaidluse lahendamist mitteametlikult, p\u00f6\u00f6rdudes\u00a0<span class=\"name\">Smart Security O\u00dc<\/span>\u00a0poole.<\/p>\n<h2>Piirangud<\/h2>\n<p><span class=\"name\">Smart Security O\u00dc<\/span>\u00a0ega selle tarnijad ei vastuta kahjude eest, mis tekivad\u00a0<span class=\"name\">Smart Security O\u00dc<\/span>\u00a0veebisaidil olevate materjalide kasutamisega v\u00f5i suutmatusega neid kasutada. Seda Isegi siis, kui\u00a0<span class=\"name\">Smart Security O\u00dc<\/span>\u00a0v\u00f5i selle volitatud esindajat on suuliselt v\u00f5i kirjalikult teavitatud kahju tekkimise v\u00f5imalusest.<\/p>\n<h2>Muudatused ja vead<\/h2>\n<p><span class=\"name\">Smart Security O\u00dc<\/span>\u00a0veebisaidil v\u00f5ib esineda erinevaid vigu. Me ei vastuta selle eest, et saidil olev info oleks t\u00e4pne, t\u00e4ielik v\u00f5i asjakohane. V\u00f5ime saidil olevat infot igal ajal ette teatamata muuta v\u00f5i kustutada.\u00a0<span class=\"name\">Smart Security O\u00dc<\/span>\u00a0ei ole kohustatud hoidma infot oma veebisaidil aktuaalsena.<\/p>\n<h2>Viited teistele veebilehtedele<\/h2>\n<p>Meie teenus v\u00f5ib sisaldada linke kolmandate osapoolte veebisaitidele v\u00f5i teenustele. Meil puudub kontroll nende veebisaitide teenuste, sisu ja privaatsuseeskirjade \u00fcle ning me ei vastuta nende eest. Selle dokumendi kohaselt m\u00f5istate ja n\u00f5ustute ka sellega, et\u00a0<span class=\"name\">Smart Security O\u00dc<\/span>\u00a0ei vastuta otseselt ega kaudselt kahjude eest, mis v\u00f5ivad tekkida kolmandate osapoolte veebisaitide kasutamisest.<\/p>\n<p>Soovitame tungivalt tutvuda k\u00f5igi k\u00fclastatavate kolmandate osapoolte veebisaitide teenusetingimustega ja privaatsuseeskirjadega.<\/p>\n<h2>Linkide eemaldamine meie veebilehelt<\/h2>\n<p>Kui leiate meie veebilehelt lingi, mis on mingil p\u00f5hjusel ebasobiv, v\u00f5ite meiega \u00fchendust v\u00f5tta ja meid sellest teavitada. Arvestame linkide eemaldamise taotlustega ja vastame neile 5 t\u00f6\u00f6p\u00e4eva jooksul, kuid me ei ole kohustatud linke eemaldama.<\/p>\n<p>Kuigi p\u00fc\u00fcame tagada, et meie veebisaidil olev teave oleks korrektne, ei saa me tagada selle t\u00e4ielikkust ega t\u00e4psust; samuti ei ole me kohustatud tagama veebisaidi k\u00e4ttesaadavust v\u00f5i veebisaidil oleva materjali ajakohasust.<\/p>\n<h2>S\u00e4tete lahusus<\/h2>\n<p>Kui m\u00f5ni k\u00e4esoleva teenustetingimuste s\u00e4te osutub kehtetuks, muudetakse seda s\u00e4tet nii, et see t\u00e4idaks v\u00f5imalikult maksimaalselt oma eesm\u00e4rki ja oleks seadusega koosk\u00f5las ning kehtiv. K\u00f5ik \u00fclej\u00e4\u00e4nud teenustetingimuste dokumendi s\u00e4tted j\u00e4\u00e4vad t\u00e4ies j\u00f5us kehtima.<\/p>\n<h2>\u00d5igustest loobumine<\/h2>\n<p>Kui k\u00e4esolevas dokumendis pole teisiti v\u00e4lja toodud, ei t\u00e4henda \u00fcksk\u00f5ik millise selles dokumendis mainitud \u00f5iguse kasutamata j\u00e4tmine seda, et seda sama \u00f5igust pole v\u00f5imalik hiljem kasutada.<\/p>\n<h2>Muudatused kasutustingimustes<\/h2>\n<p>J\u00e4tame endale \u00f5iguse neid tingimusi oma \u00e4ran\u00e4gemise j\u00e4rgi igal ajal muuta. Kui muudatus on oluline, anname endast parima, et Teid enne selle j\u00f5ustumist v\u00e4hemalt 30 p\u00e4eva ette teavitada. Mis on oluline muudatus, m\u00e4\u00e4ratakse meie ainuisikulise \u00e4ran\u00e4gemise j\u00e4rgi.<\/p>\n<p>J\u00e4tkates meie teenuste kasutamist peale nende muudatuste j\u00f5ustumist, n\u00f5ustute muudetud tingimustega. Kui Te ei n\u00f5ustu t\u00e4ielikult v\u00f5i osaliselt uute tingimustega, l\u00f5petage palun meie veebisaidi ja teenuse kasutamine.<\/p>\n<h2>Ligip\u00e4\u00e4su peatamine<\/h2>\n<p>K\u00e4esolevas dokumendis v\u00e4lja toodud tingimuste rikkumisel v\u00f5ime viivitamatult peatada Teie ligip\u00e4\u00e4su meie lehele ja teenustele. Sel juhul pole me kohustatud Teid sellest teavitama. Ligip\u00e4\u00e4su peatamisel kaotate koheselt \u00f5iguse meie teenuseid kasutada.<\/p>\n<h2>Teie privaatsus<\/h2>\n<p>Teie privaatsusega seonduvate s\u00e4tetega tutvumiseks, palun vaadake meie\u00a0<a class=\"priv-pol-link\" href=\"https:\/\/fonolukk.eu\/privacy-policy\/\">privaatsuspoliitikat<\/a>.<\/p>\n<h2>Kohaldatav seadus<\/h2>\n<p>K\u00f5iki\u00a0<span class=\"name\">Smart Security O\u00dc<\/span>\u00a0veebisaidiga seotud n\u00f5udeid reguleerivad Eesti Vabariigi seadused.<\/p>\n<h2>Kontakt<\/h2>\n<p>K\u00fcsimuste puhul, palun v\u00f5tke meiega \u00fchendust e-posti teel:\u00a0<span class=\"email\">info@fonolukk.eu<\/span><span class=\"phone\">\u00a0v\u00f5i telefonitsi: +3726611774<\/span>.<\/p>\n<p><span class=\"name\">Smart Security O\u00dc<\/span>\u00a0s\u00e4ilitab \u00f5iguse teha vastavalt vajadusele muudatusi veebilehe kasutajatingimustes.<\/p>\n<p>Viimati muudetud\u00a0<span class=\"kuupaev\">21\/09\/2023<\/span><\/p>\n","protected":false},"excerpt":{"rendered":"<p>Veebisaidi\u00a0fonolukk.eu\u00a0k\u00fclastamisel, n\u00f5ustute j\u00e4rgima k\u00e4esolevas dokumendis v\u00e4lja toodud kasutajatingimusi. Kui Te nende kasutajatingimustega ei n\u00f5ustu, palun lahkuge veebisaidilt koheselt. Sellel veebisaidil<\/p>\n","protected":false},"author":2,"featured_media":0,"parent":0,"menu_order":0,"comment_status":"closed","ping_status":"closed","template":"","meta":{"footnotes":""},"class_list":["post-16303","page","type-page","status-publish","hentry"],"yoast_head":"<!-- This site is optimized with the Yoast SEO Premium plugin v27.3 (Yoast SEO v27.3) - https:\/\/yoast.com\/product\/yoast-seo-premium-wordpress\/ -->\n<title>Kasutajatingimused - Fonolukk<\/title>\n<meta name=\"description\" content=\"Fonoluku ja L\u00e4bip\u00e4\u00e4sus\u00fcsteemi Paigaldus , Remont , Hooldus. Rainmann (Laskomex) , Vizit , Eltis , Farfisa jne. Tel. 66 11 774.\" \/>\n<meta name=\"robots\" content=\"index, follow, max-snippet:-1, max-image-preview:large, max-video-preview:-1\" \/>\n<link rel=\"canonical\" href=\"https:\/\/fonolukk.eu\/et\/kasutajatingimused\/\" \/>\n<meta property=\"og:locale\" content=\"et_EE\" \/>\n<meta property=\"og:type\" content=\"article\" \/>\n<meta property=\"og:title\" content=\"Kasutajatingimused\" \/>\n<meta property=\"og:description\" content=\"Veebisaidi\u00a0fonolukk.eu\u00a0k\u00fclastamisel, n\u00f5ustute j\u00e4rgima k\u00e4esolevas dokumendis v\u00e4lja toodud kasutajatingimusi. Kui Te nende kasutajatingimustega ei n\u00f5ustu,\" \/>\n<meta property=\"og:url\" content=\"https:\/\/fonolukk.eu\/et\/kasutajatingimused\/\" \/>\n<meta property=\"og:site_name\" content=\"Fonolukk\" \/>\n<meta property=\"article:publisher\" content=\"https:\/\/www.facebook.com\/fonolukk\" \/>\n<meta property=\"article:modified_time\" content=\"2024-08-14T12:48:34+00:00\" \/>\n<meta property=\"og:image\" content=\"https:\/\/fonolukk.eu\/wp-content\/uploads\/2021\/04\/logo-fonolukk-c-tel-1.png\" \/>\n\t<meta property=\"og:image:width\" content=\"592\" \/>\n\t<meta property=\"og:image:height\" content=\"228\" \/>\n\t<meta property=\"og:image:type\" content=\"image\/png\" \/>\n<meta name=\"twitter:card\" content=\"summary_large_image\" \/>\n<meta name=\"twitter:label1\" content=\"Est. reading time\" \/>\n\t<meta name=\"twitter:data1\" content=\"5 minutit\" \/>\n<script type=\"application\/ld+json\" class=\"yoast-schema-graph\">{\"@context\":\"https:\\\/\\\/schema.org\",\"@graph\":[{\"@type\":[\"Article\",\"BlogPosting\"],\"@id\":\"https:\\\/\\\/fonolukk.eu\\\/et\\\/kasutajatingimused\\\/#article\",\"isPartOf\":{\"@id\":\"https:\\\/\\\/fonolukk.eu\\\/et\\\/kasutajatingimused\\\/\"},\"author\":{\"name\":\"Aleksei Mal\",\"@id\":\"https:\\\/\\\/fonolukk.eu\\\/et\\\/#\\\/schema\\\/person\\\/4a592fd1f64fdd66154ab76d1bf648e6\"},\"headline\":\"Kasutajatingimused\",\"datePublished\":\"2023-09-21T08:18:03+00:00\",\"dateModified\":\"2024-08-14T12:48:34+00:00\",\"mainEntityOfPage\":{\"@id\":\"https:\\\/\\\/fonolukk.eu\\\/et\\\/kasutajatingimused\\\/\"},\"wordCount\":972,\"publisher\":{\"@id\":\"https:\\\/\\\/fonolukk.eu\\\/et\\\/#organization\"},\"inLanguage\":\"et\"},{\"@type\":\"WebPage\",\"@id\":\"https:\\\/\\\/fonolukk.eu\\\/et\\\/kasutajatingimused\\\/\",\"url\":\"https:\\\/\\\/fonolukk.eu\\\/et\\\/kasutajatingimused\\\/\",\"name\":\"Kasutajatingimused - Fonolukk\",\"isPartOf\":{\"@id\":\"https:\\\/\\\/fonolukk.eu\\\/et\\\/#website\"},\"datePublished\":\"2023-09-21T08:18:03+00:00\",\"dateModified\":\"2024-08-14T12:48:34+00:00\",\"description\":\"Fonoluku ja L\u00e4bip\u00e4\u00e4sus\u00fcsteemi Paigaldus , Remont , Hooldus. Rainmann (Laskomex) , Vizit , Eltis , Farfisa jne. Tel. 66 11 774.\",\"breadcrumb\":{\"@id\":\"https:\\\/\\\/fonolukk.eu\\\/et\\\/kasutajatingimused\\\/#breadcrumb\"},\"inLanguage\":\"et\",\"potentialAction\":[{\"@type\":\"ReadAction\",\"target\":[\"https:\\\/\\\/fonolukk.eu\\\/et\\\/kasutajatingimused\\\/\"]}]},{\"@type\":\"BreadcrumbList\",\"@id\":\"https:\\\/\\\/fonolukk.eu\\\/et\\\/kasutajatingimused\\\/#breadcrumb\",\"itemListElement\":[{\"@type\":\"ListItem\",\"position\":1,\"name\":\"Esileht\",\"item\":\"https:\\\/\\\/fonolukk.eu\\\/et\\\/koduleht\\\/\"},{\"@type\":\"ListItem\",\"position\":2,\"name\":\"Kasutajatingimused\"}]},{\"@type\":\"WebSite\",\"@id\":\"https:\\\/\\\/fonolukk.eu\\\/et\\\/#website\",\"url\":\"https:\\\/\\\/fonolukk.eu\\\/et\\\/\",\"name\":\"Fonolukk eu\",\"description\":\"Smart Security Systems\",\"publisher\":{\"@id\":\"https:\\\/\\\/fonolukk.eu\\\/et\\\/#organization\"},\"potentialAction\":[{\"@type\":\"SearchAction\",\"target\":{\"@type\":\"EntryPoint\",\"urlTemplate\":\"https:\\\/\\\/fonolukk.eu\\\/et\\\/?s={search_term_string}\"},\"query-input\":{\"@type\":\"PropertyValueSpecification\",\"valueRequired\":true,\"valueName\":\"search_term_string\"}}],\"inLanguage\":\"et\"},{\"@type\":\"Organization\",\"@id\":\"https:\\\/\\\/fonolukk.eu\\\/et\\\/#organization\",\"name\":\"Smart Security OU\",\"url\":\"https:\\\/\\\/fonolukk.eu\\\/et\\\/\",\"logo\":{\"@type\":\"ImageObject\",\"inLanguage\":\"et\",\"@id\":\"https:\\\/\\\/fonolukk.eu\\\/et\\\/#\\\/schema\\\/logo\\\/image\\\/\",\"url\":\"https:\\\/\\\/fonolukk.eu\\\/wp-content\\\/uploads\\\/2023\\\/09\\\/fonolukk.png\",\"contentUrl\":\"https:\\\/\\\/fonolukk.eu\\\/wp-content\\\/uploads\\\/2023\\\/09\\\/fonolukk.png\",\"width\":277,\"height\":274,\"caption\":\"Smart Security OU\"},\"image\":{\"@id\":\"https:\\\/\\\/fonolukk.eu\\\/et\\\/#\\\/schema\\\/logo\\\/image\\\/\"},\"sameAs\":[\"https:\\\/\\\/www.facebook.com\\\/fonolukk\",\"https:\\\/\\\/www.instagram.com\\\/fonolukk\\\/?hl=ru\"],\"publishingPrinciples\":\"https:\\\/\\\/fonolukk.eu\\\/terms-and-conditions\\\/\",\"ownershipFundingInfo\":\"https:\\\/\\\/fonolukk.eu\\\/about-us\\\/\"},{\"@type\":\"Person\",\"@id\":\"https:\\\/\\\/fonolukk.eu\\\/et\\\/#\\\/schema\\\/person\\\/4a592fd1f64fdd66154ab76d1bf648e6\",\"name\":\"Aleksei Mal\",\"image\":{\"@type\":\"ImageObject\",\"inLanguage\":\"et\",\"@id\":\"https:\\\/\\\/secure.gravatar.com\\\/avatar\\\/6f18e43804942ed4c91305613f8164568de2648f6c56b3d7ea211631dda24c59?s=96&d=mm&r=g\",\"url\":\"https:\\\/\\\/secure.gravatar.com\\\/avatar\\\/6f18e43804942ed4c91305613f8164568de2648f6c56b3d7ea211631dda24c59?s=96&d=mm&r=g\",\"contentUrl\":\"https:\\\/\\\/secure.gravatar.com\\\/avatar\\\/6f18e43804942ed4c91305613f8164568de2648f6c56b3d7ea211631dda24c59?s=96&d=mm&r=g\",\"caption\":\"Aleksei Mal\"},\"url\":\"https:\\\/\\\/fonolukk.eu\\\/et\\\/author\\\/aleksei-mal\\\/\"}]}<\/script>\n<!-- \/ Yoast SEO Premium plugin. -->","yoast_head_json":{"title":"Kasutajatingimused - Fonolukk","description":"Fonoluku ja L\u00e4bip\u00e4\u00e4sus\u00fcsteemi Paigaldus , Remont , Hooldus. Rainmann (Laskomex) , Vizit , Eltis , Farfisa jne. Tel. 66 11 774.","robots":{"index":"index","follow":"follow","max-snippet":"max-snippet:-1","max-image-preview":"max-image-preview:large","max-video-preview":"max-video-preview:-1"},"canonical":"https:\/\/fonolukk.eu\/et\/kasutajatingimused\/","og_locale":"et_EE","og_type":"article","og_title":"Kasutajatingimused","og_description":"Veebisaidi\u00a0fonolukk.eu\u00a0k\u00fclastamisel, n\u00f5ustute j\u00e4rgima k\u00e4esolevas dokumendis v\u00e4lja toodud kasutajatingimusi. Kui Te nende kasutajatingimustega ei n\u00f5ustu,","og_url":"https:\/\/fonolukk.eu\/et\/kasutajatingimused\/","og_site_name":"Fonolukk","article_publisher":"https:\/\/www.facebook.com\/fonolukk","article_modified_time":"2024-08-14T12:48:34+00:00","og_image":[{"width":592,"height":228,"url":"https:\/\/fonolukk.eu\/wp-content\/uploads\/2021\/04\/logo-fonolukk-c-tel-1.png","type":"image\/png"}],"twitter_card":"summary_large_image","twitter_misc":{"Est. reading time":"5 minutit"},"schema":{"@context":"https:\/\/schema.org","@graph":[{"@type":["Article","BlogPosting"],"@id":"https:\/\/fonolukk.eu\/et\/kasutajatingimused\/#article","isPartOf":{"@id":"https:\/\/fonolukk.eu\/et\/kasutajatingimused\/"},"author":{"name":"Aleksei Mal","@id":"https:\/\/fonolukk.eu\/et\/#\/schema\/person\/4a592fd1f64fdd66154ab76d1bf648e6"},"headline":"Kasutajatingimused","datePublished":"2023-09-21T08:18:03+00:00","dateModified":"2024-08-14T12:48:34+00:00","mainEntityOfPage":{"@id":"https:\/\/fonolukk.eu\/et\/kasutajatingimused\/"},"wordCount":972,"publisher":{"@id":"https:\/\/fonolukk.eu\/et\/#organization"},"inLanguage":"et"},{"@type":"WebPage","@id":"https:\/\/fonolukk.eu\/et\/kasutajatingimused\/","url":"https:\/\/fonolukk.eu\/et\/kasutajatingimused\/","name":"Kasutajatingimused - Fonolukk","isPartOf":{"@id":"https:\/\/fonolukk.eu\/et\/#website"},"datePublished":"2023-09-21T08:18:03+00:00","dateModified":"2024-08-14T12:48:34+00:00","description":"Fonoluku ja L\u00e4bip\u00e4\u00e4sus\u00fcsteemi Paigaldus , Remont , Hooldus. Rainmann (Laskomex) , Vizit , Eltis , Farfisa jne. Tel. 66 11 774.","breadcrumb":{"@id":"https:\/\/fonolukk.eu\/et\/kasutajatingimused\/#breadcrumb"},"inLanguage":"et","potentialAction":[{"@type":"ReadAction","target":["https:\/\/fonolukk.eu\/et\/kasutajatingimused\/"]}]},{"@type":"BreadcrumbList","@id":"https:\/\/fonolukk.eu\/et\/kasutajatingimused\/#breadcrumb","itemListElement":[{"@type":"ListItem","position":1,"name":"Esileht","item":"https:\/\/fonolukk.eu\/et\/koduleht\/"},{"@type":"ListItem","position":2,"name":"Kasutajatingimused"}]},{"@type":"WebSite","@id":"https:\/\/fonolukk.eu\/et\/#website","url":"https:\/\/fonolukk.eu\/et\/","name":"Fonolukk eu","description":"Smart Security Systems","publisher":{"@id":"https:\/\/fonolukk.eu\/et\/#organization"},"potentialAction":[{"@type":"SearchAction","target":{"@type":"EntryPoint","urlTemplate":"https:\/\/fonolukk.eu\/et\/?s={search_term_string}"},"query-input":{"@type":"PropertyValueSpecification","valueRequired":true,"valueName":"search_term_string"}}],"inLanguage":"et"},{"@type":"Organization","@id":"https:\/\/fonolukk.eu\/et\/#organization","name":"Smart Security OU","url":"https:\/\/fonolukk.eu\/et\/","logo":{"@type":"ImageObject","inLanguage":"et","@id":"https:\/\/fonolukk.eu\/et\/#\/schema\/logo\/image\/","url":"https:\/\/fonolukk.eu\/wp-content\/uploads\/2023\/09\/fonolukk.png","contentUrl":"https:\/\/fonolukk.eu\/wp-content\/uploads\/2023\/09\/fonolukk.png","width":277,"height":274,"caption":"Smart Security OU"},"image":{"@id":"https:\/\/fonolukk.eu\/et\/#\/schema\/logo\/image\/"},"sameAs":["https:\/\/www.facebook.com\/fonolukk","https:\/\/www.instagram.com\/fonolukk\/?hl=ru"],"publishingPrinciples":"https:\/\/fonolukk.eu\/terms-and-conditions\/","ownershipFundingInfo":"https:\/\/fonolukk.eu\/about-us\/"},{"@type":"Person","@id":"https:\/\/fonolukk.eu\/et\/#\/schema\/person\/4a592fd1f64fdd66154ab76d1bf648e6","name":"Aleksei Mal","image":{"@type":"ImageObject","inLanguage":"et","@id":"https:\/\/secure.gravatar.com\/avatar\/6f18e43804942ed4c91305613f8164568de2648f6c56b3d7ea211631dda24c59?s=96&d=mm&r=g","url":"https:\/\/secure.gravatar.com\/avatar\/6f18e43804942ed4c91305613f8164568de2648f6c56b3d7ea211631dda24c59?s=96&d=mm&r=g","contentUrl":"https:\/\/secure.gravatar.com\/avatar\/6f18e43804942ed4c91305613f8164568de2648f6c56b3d7ea211631dda24c59?s=96&d=mm&r=g","caption":"Aleksei Mal"},"url":"https:\/\/fonolukk.eu\/et\/author\/aleksei-mal\/"}]}},"_links":{"self":[{"href":"https:\/\/fonolukk.eu\/et\/wp-json\/wp\/v2\/pages\/16303","targetHints":{"allow":["GET"]}}],"collection":[{"href":"https:\/\/fonolukk.eu\/et\/wp-json\/wp\/v2\/pages"}],"about":[{"href":"https:\/\/fonolukk.eu\/et\/wp-json\/wp\/v2\/types\/page"}],"author":[{"embeddable":true,"href":"https:\/\/fonolukk.eu\/et\/wp-json\/wp\/v2\/users\/2"}],"replies":[{"embeddable":true,"href":"https:\/\/fonolukk.eu\/et\/wp-json\/wp\/v2\/comments?post=16303"}],"version-history":[{"count":1,"href":"https:\/\/fonolukk.eu\/et\/wp-json\/wp\/v2\/pages\/16303\/revisions"}],"predecessor-version":[{"id":16304,"href":"https:\/\/fonolukk.eu\/et\/wp-json\/wp\/v2\/pages\/16303\/revisions\/16304"}],"wp:attachment":[{"href":"https:\/\/fonolukk.eu\/et\/wp-json\/wp\/v2\/media?parent=16303"}],"curies":[{"name":"wp","href":"https:\/\/api.w.org\/{rel}","templated":true}]}}