{"id":16631,"date":"2024-01-03T18:42:28","date_gmt":"2024-01-03T16:42:28","guid":{"rendered":"https:\/\/fonolukk.eu\/elektroonikaromude-patareide-ja-vanade-akude-kogumiskohad\/"},"modified":"2024-01-03T18:48:51","modified_gmt":"2024-01-03T16:48:51","slug":"elektroonikaromude-patareide-ja-vanade-akude-kogumiskohad","status":"publish","type":"page","link":"https:\/\/fonolukk.eu\/et\/elektroonikaromude-patareide-ja-vanade-akude-kogumiskohad\/","title":{"rendered":"Elektroonikaromude, patareide ja vanade akude kogumiskohad"},"content":{"rendered":"<p>[vc_row][vc_column][vc_column_text woodmart_inline=&#8221;no&#8221; text_larger=&#8221;no&#8221;]<\/p>\n\n<h1 id=\"h-collection-points-for-electronic-waste-batteries-and-old-accumulators\" class=\"wp-block-heading\">Elektroonikaromude, patareide ja vanade akude kogumiskohad<\/h1>\n<p>Eesti Elektroonikaromu korraldab \u00fcleriigiliselt vana elektroonika, kasutatud patareide ja vanade akude kogumist. Meil on suur kogumisv\u00f5rgustik ning tarbijad saavad oma elektroonikaromud, kasutatud patareid ja vanad akud kogumispunktidesse \u00e4ra anda tasuta.<\/p>\n<p>Kogumispunktidesse kokkukogutavad elektroonikaseadmed, akud ja patareid suunatakse k\u00f5ik edasisse k\u00e4itlusse ja taaskasutusse vastavalt kehtivates \u00f5igusaktides s\u00e4testatud korrale.<\/p>\n<p>Kui j\u00e4\u00e4tmed on ohtlikud keskkonnale, siis tuleb need taaskasutuseks \u00fcle anda ohtlike j\u00e4\u00e4tmete kogumisringi k\u00e4igus v\u00f5i anda \u00fcle ohtlike j\u00e4\u00e4tmete k\u00e4itlusluba omavale ettev\u00f5ttele.<\/p>\n<p><a href=\"https:\/\/elektroonikaromu.ee\/tootja-ja-maaletooja\/\" target=\"_blank\" rel=\"noreferrer noopener\">Eesti Elektroonikaromu on tootjavastutusorganisatsioon<\/a>\u00a0ning meie kaudu on v\u00f5imalik taaskasutusse suunata nii vana elektroonikat, kasutatud patareisid kui ka oma kasutusaja \u00fcletanud igat liiki akusid.<\/p>\nEesti Elektroonikaromu organizes nationwide collection of old electronics, used batteries, and old accumulators. We have an extensive collection network, and consumers can dispose of their electronic waste, used batteries, and old accumulators at collection points for free.\n<p>Eesti Elektroonikaromu korraldab \u00fcleriigiliselt vana elektroonika, kasutatud patareide ja vanade akude kogumist. Meil on suur kogumisv\u00f5rgustik ning tarbijad saavad oma elektroonikaromud, kasutatud patareid ja vanad akud kogumispunktidesse \u00e4ra anda tasuta.<\/p>\n<p>Kogumispunktidesse kokkukogutavad elektroonikaseadmed, akud ja patareid suunatakse k\u00f5ik edasisse k\u00e4itlusse ja taaskasutusse vastavalt kehtivates \u00f5igusaktides s\u00e4testatud korrale.<\/p>\n<p>Kui j\u00e4\u00e4tmed on ohtlikud keskkonnale, siis tuleb need taaskasutuseks \u00fcle anda ohtlike j\u00e4\u00e4tmete kogumisringi k\u00e4igus v\u00f5i anda \u00fcle ohtlike j\u00e4\u00e4tmete k\u00e4itlusluba omavale ettev\u00f5ttele.<\/p>\n<p><a href=\"https:\/\/elektroonikaromu.ee\/tootja-ja-maaletooja\/\" target=\"_blank\" rel=\"noreferrer noopener\">Eesti Elektroonikaromu on tootjavastutusorganisatsioon<\/a>\u00a0ning meie kaudu on v\u00f5imalik taaskasutusse suunata nii vana elektroonikat, kasutatud patareisid kui ka oma kasutusaja \u00fcletanud igat liiki akusid.<\/p>\nThe electronic devices, batteries, and accumulators collected at these points are directed for further processing and recycling according to the regulations established by law.\n<p>Eesti Elektroonikaromu korraldab \u00fcleriigiliselt vana elektroonika, kasutatud patareide ja vanade akude kogumist. Meil on suur kogumisv\u00f5rgustik ning tarbijad saavad oma elektroonikaromud, kasutatud patareid ja vanad akud kogumispunktidesse \u00e4ra anda tasuta.<\/p>\n<p>Kogumispunktidesse kokkukogutavad elektroonikaseadmed, akud ja patareid suunatakse k\u00f5ik edasisse k\u00e4itlusse ja taaskasutusse vastavalt kehtivates \u00f5igusaktides s\u00e4testatud korrale.<\/p>\n<p>Kui j\u00e4\u00e4tmed on ohtlikud keskkonnale, siis tuleb need taaskasutuseks \u00fcle anda ohtlike j\u00e4\u00e4tmete kogumisringi k\u00e4igus v\u00f5i anda \u00fcle ohtlike j\u00e4\u00e4tmete k\u00e4itlusluba omavale ettev\u00f5ttele.<\/p>\n<p><a href=\"https:\/\/elektroonikaromu.ee\/tootja-ja-maaletooja\/\" target=\"_blank\" rel=\"noreferrer noopener\">Eesti Elektroonikaromu on tootjavastutusorganisatsioon<\/a>\u00a0ning meie kaudu on v\u00f5imalik taaskasutusse suunata nii vana elektroonikat, kasutatud patareisid kui ka oma kasutusaja \u00fcletanud igat liiki akusid.<\/p>\nIf the waste is hazardous to the environment, it should be handed over for recycling during the hazardous waste collection round or given to a company licensed for the processing of hazardous waste.\n<p>Eesti Elektroonikaromu korraldab \u00fcleriigiliselt vana elektroonika, kasutatud patareide ja vanade akude kogumist. Meil on suur kogumisv\u00f5rgustik ning tarbijad saavad oma elektroonikaromud, kasutatud patareid ja vanad akud kogumispunktidesse \u00e4ra anda tasuta.<\/p>\n<p>Kogumispunktidesse kokkukogutavad elektroonikaseadmed, akud ja patareid suunatakse k\u00f5ik edasisse k\u00e4itlusse ja taaskasutusse vastavalt kehtivates \u00f5igusaktides s\u00e4testatud korrale.<\/p>\n<p>Kui j\u00e4\u00e4tmed on ohtlikud keskkonnale, siis tuleb need taaskasutuseks \u00fcle anda ohtlike j\u00e4\u00e4tmete kogumisringi k\u00e4igus v\u00f5i anda \u00fcle ohtlike j\u00e4\u00e4tmete k\u00e4itlusluba omavale ettev\u00f5ttele.<\/p>\n<p><a href=\"https:\/\/elektroonikaromu.ee\/tootja-ja-maaletooja\/\" target=\"_blank\" rel=\"noreferrer noopener\">Eesti Elektroonikaromu on tootjavastutusorganisatsioon<\/a>\u00a0ning meie kaudu on v\u00f5imalik taaskasutusse suunata nii vana elektroonikat, kasutatud patareisid kui ka oma kasutusaja \u00fcletanud igat liiki akusid.<\/p>\nEesti Elektroonikaromu is a producer responsibility organization, through which old electronics, used batteries, and any type of accumulators that have exceeded their service life can be recycled.\n<p><\/p><p>[\/vc_column_text][\/vc_column][\/vc_row][vc_row][vc_column width=&#8221;1\/4&#8243;]<div id=\"wd-65958d89747b8\" class=\" wd-button-wrapper text-left\"><a  class=\"btn btn-color-primary btn-style-default btn-shape-rectangle btn-size-default\">Collection of electronic waste<\/a><\/div>[\/vc_column][vc_column width=&#8221;1\/4&#8243;]<div id=\"wd-65958d9b34b4e\" class=\" wd-button-wrapper text-left\"><a  class=\"btn btn-color-primary btn-style-default btn-shape-rectangle btn-size-default\">Collection of batteries and accumulators<\/a><\/div>[\/vc_column][vc_column width=&#8221;1\/4&#8243;][\/vc_column][vc_column width=&#8221;1\/4&#8243;][\/vc_column][\/vc_row]<\/p>\n","protected":false},"excerpt":{"rendered":"<p>[vc_row][vc_column][vc_column_text woodmart_inline=&#8221;no&#8221; text_larger=&#8221;no&#8221;] Elektroonikaromude, patareide ja vanade akude kogumiskohad Eesti Elektroonikaromu korraldab \u00fcleriigiliselt vana elektroonika, kasutatud patareide ja vanade akude<\/p>\n","protected":false},"author":2,"featured_media":0,"parent":0,"menu_order":0,"comment_status":"closed","ping_status":"closed","template":"","meta":{"footnotes":""},"class_list":["post-16631","page","type-page","status-publish","hentry"],"yoast_head":"<!-- This site is optimized with the Yoast SEO Premium plugin v27.3 (Yoast SEO v27.3) - https:\/\/yoast.com\/product\/yoast-seo-premium-wordpress\/ -->\n<title>Elektroonikaromude, patareide ja vanade akude kogumiskohad - Fonolukk<\/title>\n<meta name=\"description\" content=\"Fonoluku ja L\u00e4bip\u00e4\u00e4sus\u00fcsteemi Paigaldus , Remont , Hooldus. Rainmann (Laskomex) , Vizit , Eltis , Farfisa jne. Tel. 66 11 774.\" \/>\n<meta name=\"robots\" content=\"index, follow, max-snippet:-1, max-image-preview:large, max-video-preview:-1\" \/>\n<link rel=\"canonical\" href=\"https:\/\/fonolukk.eu\/et\/elektroonikaromude-patareide-ja-vanade-akude-kogumiskohad\/\" \/>\n<meta property=\"og:locale\" content=\"et_EE\" \/>\n<meta property=\"og:type\" content=\"article\" \/>\n<meta property=\"og:title\" content=\"Elektroonikaromude, patareide ja vanade akude kogumiskohad\" \/>\n<meta property=\"og:description\" content=\"Elektroonikaromude, patareide ja vanade akude kogumiskohad Eesti Elektroonikaromu korraldab \u00fcleriigiliselt vana elektroonika, kasutatud patareide ja\" \/>\n<meta property=\"og:url\" content=\"https:\/\/fonolukk.eu\/et\/elektroonikaromude-patareide-ja-vanade-akude-kogumiskohad\/\" \/>\n<meta property=\"og:site_name\" content=\"Fonolukk\" \/>\n<meta property=\"article:publisher\" content=\"https:\/\/www.facebook.com\/fonolukk\" \/>\n<meta property=\"article:modified_time\" content=\"2024-01-03T16:48:51+00:00\" \/>\n<meta property=\"og:image\" content=\"https:\/\/fonolukk.eu\/wp-content\/uploads\/2021\/04\/logo-fonolukk-c-tel-1.png\" \/>\n\t<meta property=\"og:image:width\" content=\"592\" \/>\n\t<meta property=\"og:image:height\" content=\"228\" \/>\n\t<meta property=\"og:image:type\" content=\"image\/png\" \/>\n<meta name=\"twitter:card\" content=\"summary_large_image\" \/>\n<meta name=\"twitter:label1\" content=\"Est. reading time\" \/>\n\t<meta name=\"twitter:data1\" content=\"4 minutit\" \/>\n<script type=\"application\/ld+json\" class=\"yoast-schema-graph\">{\"@context\":\"https:\\\/\\\/schema.org\",\"@graph\":[{\"@type\":[\"Article\",\"BlogPosting\"],\"@id\":\"https:\\\/\\\/fonolukk.eu\\\/et\\\/elektroonikaromude-patareide-ja-vanade-akude-kogumiskohad\\\/#article\",\"isPartOf\":{\"@id\":\"https:\\\/\\\/fonolukk.eu\\\/et\\\/elektroonikaromude-patareide-ja-vanade-akude-kogumiskohad\\\/\"},\"author\":{\"name\":\"Aleksei Mal\",\"@id\":\"https:\\\/\\\/fonolukk.eu\\\/et\\\/#\\\/schema\\\/person\\\/4a592fd1f64fdd66154ab76d1bf648e6\"},\"headline\":\"Elektroonikaromude, patareide ja vanade akude kogumiskohad\",\"datePublished\":\"2024-01-03T16:42:28+00:00\",\"dateModified\":\"2024-01-03T16:48:51+00:00\",\"mainEntityOfPage\":{\"@id\":\"https:\\\/\\\/fonolukk.eu\\\/et\\\/elektroonikaromude-patareide-ja-vanade-akude-kogumiskohad\\\/\"},\"wordCount\":780,\"publisher\":{\"@id\":\"https:\\\/\\\/fonolukk.eu\\\/et\\\/#organization\"},\"inLanguage\":\"et\"},{\"@type\":\"WebPage\",\"@id\":\"https:\\\/\\\/fonolukk.eu\\\/et\\\/elektroonikaromude-patareide-ja-vanade-akude-kogumiskohad\\\/\",\"url\":\"https:\\\/\\\/fonolukk.eu\\\/et\\\/elektroonikaromude-patareide-ja-vanade-akude-kogumiskohad\\\/\",\"name\":\"Elektroonikaromude, patareide ja vanade akude kogumiskohad - Fonolukk\",\"isPartOf\":{\"@id\":\"https:\\\/\\\/fonolukk.eu\\\/et\\\/#website\"},\"datePublished\":\"2024-01-03T16:42:28+00:00\",\"dateModified\":\"2024-01-03T16:48:51+00:00\",\"description\":\"Fonoluku ja L\u00e4bip\u00e4\u00e4sus\u00fcsteemi Paigaldus , Remont , Hooldus. Rainmann (Laskomex) , Vizit , Eltis , Farfisa jne. Tel. 66 11 774.\",\"breadcrumb\":{\"@id\":\"https:\\\/\\\/fonolukk.eu\\\/et\\\/elektroonikaromude-patareide-ja-vanade-akude-kogumiskohad\\\/#breadcrumb\"},\"inLanguage\":\"et\",\"potentialAction\":[{\"@type\":\"ReadAction\",\"target\":[\"https:\\\/\\\/fonolukk.eu\\\/et\\\/elektroonikaromude-patareide-ja-vanade-akude-kogumiskohad\\\/\"]}]},{\"@type\":\"BreadcrumbList\",\"@id\":\"https:\\\/\\\/fonolukk.eu\\\/et\\\/elektroonikaromude-patareide-ja-vanade-akude-kogumiskohad\\\/#breadcrumb\",\"itemListElement\":[{\"@type\":\"ListItem\",\"position\":1,\"name\":\"Esileht\",\"item\":\"https:\\\/\\\/fonolukk.eu\\\/et\\\/koduleht\\\/\"},{\"@type\":\"ListItem\",\"position\":2,\"name\":\"Elektroonikaromude, patareide ja vanade akude kogumiskohad\"}]},{\"@type\":\"WebSite\",\"@id\":\"https:\\\/\\\/fonolukk.eu\\\/et\\\/#website\",\"url\":\"https:\\\/\\\/fonolukk.eu\\\/et\\\/\",\"name\":\"Fonolukk eu\",\"description\":\"Smart Security Systems\",\"publisher\":{\"@id\":\"https:\\\/\\\/fonolukk.eu\\\/et\\\/#organization\"},\"potentialAction\":[{\"@type\":\"SearchAction\",\"target\":{\"@type\":\"EntryPoint\",\"urlTemplate\":\"https:\\\/\\\/fonolukk.eu\\\/et\\\/?s={search_term_string}\"},\"query-input\":{\"@type\":\"PropertyValueSpecification\",\"valueRequired\":true,\"valueName\":\"search_term_string\"}}],\"inLanguage\":\"et\"},{\"@type\":\"Organization\",\"@id\":\"https:\\\/\\\/fonolukk.eu\\\/et\\\/#organization\",\"name\":\"Smart Security OU\",\"url\":\"https:\\\/\\\/fonolukk.eu\\\/et\\\/\",\"logo\":{\"@type\":\"ImageObject\",\"inLanguage\":\"et\",\"@id\":\"https:\\\/\\\/fonolukk.eu\\\/et\\\/#\\\/schema\\\/logo\\\/image\\\/\",\"url\":\"https:\\\/\\\/fonolukk.eu\\\/wp-content\\\/uploads\\\/2023\\\/09\\\/fonolukk.png\",\"contentUrl\":\"https:\\\/\\\/fonolukk.eu\\\/wp-content\\\/uploads\\\/2023\\\/09\\\/fonolukk.png\",\"width\":277,\"height\":274,\"caption\":\"Smart Security OU\"},\"image\":{\"@id\":\"https:\\\/\\\/fonolukk.eu\\\/et\\\/#\\\/schema\\\/logo\\\/image\\\/\"},\"sameAs\":[\"https:\\\/\\\/www.facebook.com\\\/fonolukk\",\"https:\\\/\\\/www.instagram.com\\\/fonolukk\\\/?hl=ru\"],\"publishingPrinciples\":\"https:\\\/\\\/fonolukk.eu\\\/terms-and-conditions\\\/\",\"ownershipFundingInfo\":\"https:\\\/\\\/fonolukk.eu\\\/about-us\\\/\"},{\"@type\":\"Person\",\"@id\":\"https:\\\/\\\/fonolukk.eu\\\/et\\\/#\\\/schema\\\/person\\\/4a592fd1f64fdd66154ab76d1bf648e6\",\"name\":\"Aleksei Mal\",\"image\":{\"@type\":\"ImageObject\",\"inLanguage\":\"et\",\"@id\":\"https:\\\/\\\/secure.gravatar.com\\\/avatar\\\/6f18e43804942ed4c91305613f8164568de2648f6c56b3d7ea211631dda24c59?s=96&d=mm&r=g\",\"url\":\"https:\\\/\\\/secure.gravatar.com\\\/avatar\\\/6f18e43804942ed4c91305613f8164568de2648f6c56b3d7ea211631dda24c59?s=96&d=mm&r=g\",\"contentUrl\":\"https:\\\/\\\/secure.gravatar.com\\\/avatar\\\/6f18e43804942ed4c91305613f8164568de2648f6c56b3d7ea211631dda24c59?s=96&d=mm&r=g\",\"caption\":\"Aleksei Mal\"},\"url\":\"https:\\\/\\\/fonolukk.eu\\\/et\\\/author\\\/aleksei-mal\\\/\"}]}<\/script>\n<!-- \/ Yoast SEO Premium plugin. -->","yoast_head_json":{"title":"Elektroonikaromude, patareide ja vanade akude kogumiskohad - Fonolukk","description":"Fonoluku ja L\u00e4bip\u00e4\u00e4sus\u00fcsteemi Paigaldus , Remont , Hooldus. Rainmann (Laskomex) , Vizit , Eltis , Farfisa jne. Tel. 66 11 774.","robots":{"index":"index","follow":"follow","max-snippet":"max-snippet:-1","max-image-preview":"max-image-preview:large","max-video-preview":"max-video-preview:-1"},"canonical":"https:\/\/fonolukk.eu\/et\/elektroonikaromude-patareide-ja-vanade-akude-kogumiskohad\/","og_locale":"et_EE","og_type":"article","og_title":"Elektroonikaromude, patareide ja vanade akude kogumiskohad","og_description":"Elektroonikaromude, patareide ja vanade akude kogumiskohad Eesti Elektroonikaromu korraldab \u00fcleriigiliselt vana elektroonika, kasutatud patareide ja","og_url":"https:\/\/fonolukk.eu\/et\/elektroonikaromude-patareide-ja-vanade-akude-kogumiskohad\/","og_site_name":"Fonolukk","article_publisher":"https:\/\/www.facebook.com\/fonolukk","article_modified_time":"2024-01-03T16:48:51+00:00","og_image":[{"width":592,"height":228,"url":"https:\/\/fonolukk.eu\/wp-content\/uploads\/2021\/04\/logo-fonolukk-c-tel-1.png","type":"image\/png"}],"twitter_card":"summary_large_image","twitter_misc":{"Est. reading time":"4 minutit"},"schema":{"@context":"https:\/\/schema.org","@graph":[{"@type":["Article","BlogPosting"],"@id":"https:\/\/fonolukk.eu\/et\/elektroonikaromude-patareide-ja-vanade-akude-kogumiskohad\/#article","isPartOf":{"@id":"https:\/\/fonolukk.eu\/et\/elektroonikaromude-patareide-ja-vanade-akude-kogumiskohad\/"},"author":{"name":"Aleksei Mal","@id":"https:\/\/fonolukk.eu\/et\/#\/schema\/person\/4a592fd1f64fdd66154ab76d1bf648e6"},"headline":"Elektroonikaromude, patareide ja vanade akude kogumiskohad","datePublished":"2024-01-03T16:42:28+00:00","dateModified":"2024-01-03T16:48:51+00:00","mainEntityOfPage":{"@id":"https:\/\/fonolukk.eu\/et\/elektroonikaromude-patareide-ja-vanade-akude-kogumiskohad\/"},"wordCount":780,"publisher":{"@id":"https:\/\/fonolukk.eu\/et\/#organization"},"inLanguage":"et"},{"@type":"WebPage","@id":"https:\/\/fonolukk.eu\/et\/elektroonikaromude-patareide-ja-vanade-akude-kogumiskohad\/","url":"https:\/\/fonolukk.eu\/et\/elektroonikaromude-patareide-ja-vanade-akude-kogumiskohad\/","name":"Elektroonikaromude, patareide ja vanade akude kogumiskohad - Fonolukk","isPartOf":{"@id":"https:\/\/fonolukk.eu\/et\/#website"},"datePublished":"2024-01-03T16:42:28+00:00","dateModified":"2024-01-03T16:48:51+00:00","description":"Fonoluku ja L\u00e4bip\u00e4\u00e4sus\u00fcsteemi Paigaldus , Remont , Hooldus. Rainmann (Laskomex) , Vizit , Eltis , Farfisa jne. Tel. 66 11 774.","breadcrumb":{"@id":"https:\/\/fonolukk.eu\/et\/elektroonikaromude-patareide-ja-vanade-akude-kogumiskohad\/#breadcrumb"},"inLanguage":"et","potentialAction":[{"@type":"ReadAction","target":["https:\/\/fonolukk.eu\/et\/elektroonikaromude-patareide-ja-vanade-akude-kogumiskohad\/"]}]},{"@type":"BreadcrumbList","@id":"https:\/\/fonolukk.eu\/et\/elektroonikaromude-patareide-ja-vanade-akude-kogumiskohad\/#breadcrumb","itemListElement":[{"@type":"ListItem","position":1,"name":"Esileht","item":"https:\/\/fonolukk.eu\/et\/koduleht\/"},{"@type":"ListItem","position":2,"name":"Elektroonikaromude, patareide ja vanade akude kogumiskohad"}]},{"@type":"WebSite","@id":"https:\/\/fonolukk.eu\/et\/#website","url":"https:\/\/fonolukk.eu\/et\/","name":"Fonolukk eu","description":"Smart Security Systems","publisher":{"@id":"https:\/\/fonolukk.eu\/et\/#organization"},"potentialAction":[{"@type":"SearchAction","target":{"@type":"EntryPoint","urlTemplate":"https:\/\/fonolukk.eu\/et\/?s={search_term_string}"},"query-input":{"@type":"PropertyValueSpecification","valueRequired":true,"valueName":"search_term_string"}}],"inLanguage":"et"},{"@type":"Organization","@id":"https:\/\/fonolukk.eu\/et\/#organization","name":"Smart Security OU","url":"https:\/\/fonolukk.eu\/et\/","logo":{"@type":"ImageObject","inLanguage":"et","@id":"https:\/\/fonolukk.eu\/et\/#\/schema\/logo\/image\/","url":"https:\/\/fonolukk.eu\/wp-content\/uploads\/2023\/09\/fonolukk.png","contentUrl":"https:\/\/fonolukk.eu\/wp-content\/uploads\/2023\/09\/fonolukk.png","width":277,"height":274,"caption":"Smart Security OU"},"image":{"@id":"https:\/\/fonolukk.eu\/et\/#\/schema\/logo\/image\/"},"sameAs":["https:\/\/www.facebook.com\/fonolukk","https:\/\/www.instagram.com\/fonolukk\/?hl=ru"],"publishingPrinciples":"https:\/\/fonolukk.eu\/terms-and-conditions\/","ownershipFundingInfo":"https:\/\/fonolukk.eu\/about-us\/"},{"@type":"Person","@id":"https:\/\/fonolukk.eu\/et\/#\/schema\/person\/4a592fd1f64fdd66154ab76d1bf648e6","name":"Aleksei Mal","image":{"@type":"ImageObject","inLanguage":"et","@id":"https:\/\/secure.gravatar.com\/avatar\/6f18e43804942ed4c91305613f8164568de2648f6c56b3d7ea211631dda24c59?s=96&d=mm&r=g","url":"https:\/\/secure.gravatar.com\/avatar\/6f18e43804942ed4c91305613f8164568de2648f6c56b3d7ea211631dda24c59?s=96&d=mm&r=g","contentUrl":"https:\/\/secure.gravatar.com\/avatar\/6f18e43804942ed4c91305613f8164568de2648f6c56b3d7ea211631dda24c59?s=96&d=mm&r=g","caption":"Aleksei Mal"},"url":"https:\/\/fonolukk.eu\/et\/author\/aleksei-mal\/"}]}},"_links":{"self":[{"href":"https:\/\/fonolukk.eu\/et\/wp-json\/wp\/v2\/pages\/16631","targetHints":{"allow":["GET"]}}],"collection":[{"href":"https:\/\/fonolukk.eu\/et\/wp-json\/wp\/v2\/pages"}],"about":[{"href":"https:\/\/fonolukk.eu\/et\/wp-json\/wp\/v2\/types\/page"}],"author":[{"embeddable":true,"href":"https:\/\/fonolukk.eu\/et\/wp-json\/wp\/v2\/users\/2"}],"replies":[{"embeddable":true,"href":"https:\/\/fonolukk.eu\/et\/wp-json\/wp\/v2\/comments?post=16631"}],"version-history":[{"count":3,"href":"https:\/\/fonolukk.eu\/et\/wp-json\/wp\/v2\/pages\/16631\/revisions"}],"predecessor-version":[{"id":16634,"href":"https:\/\/fonolukk.eu\/et\/wp-json\/wp\/v2\/pages\/16631\/revisions\/16634"}],"wp:attachment":[{"href":"https:\/\/fonolukk.eu\/et\/wp-json\/wp\/v2\/media?parent=16631"}],"curies":[{"name":"wp","href":"https:\/\/api.w.org\/{rel}","templated":true}]}}