{"id":18455,"date":"2024-09-03T13:10:49","date_gmt":"2024-09-03T10:10:49","guid":{"rendered":"https:\/\/fonolukk.eu\/allahindlus\/"},"modified":"2024-09-03T15:10:10","modified_gmt":"2024-09-03T12:10:10","slug":"allahindlus","status":"publish","type":"page","link":"https:\/\/fonolukk.eu\/et\/allahindlus\/","title":{"rendered":"Allahindlus"},"content":{"rendered":"\t\t<div data-elementor-type=\"wp-page\" data-elementor-id=\"18455\" class=\"elementor elementor-18455\">\n\t\t\t\t<div class=\"wd-negative-gap elementor-element elementor-element-fad54cf e-flex e-con-boxed e-con e-parent\" data-id=\"fad54cf\" data-element_type=\"container\" data-e-type=\"container\">\n\t\t\t\t\t<div class=\"e-con-inner\">\n\t\t\t\t<div class=\"elementor-element elementor-element-59ba755 wd-width-100 elementor-widget elementor-widget-wd_title\" data-id=\"59ba755\" data-element_type=\"widget\" data-e-type=\"widget\" data-widget_type=\"wd_title.default\">\n\t\t\t\t<div class=\"elementor-widget-container\">\n\t\t\t\t\t\t\t<div class=\"title-wrapper wd-set-mb reset-last-child wd-title-color-default wd-title-style-default wd-title-size-default text-center\">\n\n\t\t\t\t\t\t\t\t\t\t\t<div class=\"title-subtitle subtitle-color-default subtitle-style-default wd-fontsize-xs\">\n\t\t\t\t\tKampaania kuni 20. septembrini.\t\t\t\t<\/div>\n\t\t\t\n\t\t\t<div class=\"liner-continer\">\n\t\t\t\t<h1 class=\"woodmart-title-container title wd-fontsize-l\">T\u00e4ida vorm ja saa -20% allahindlust fonoluku paneelide vahetamisele!<\/h1> \n\t\t\t\t\t\t\t<\/div>\n\n\t\t\t\t\t<\/div>\n\t\t\t\t\t\t<\/div>\n\t\t\t\t<\/div>\n\t\t\t\t<div class=\"elementor-element elementor-element-6061b81 elementor-widget elementor-widget-image\" data-id=\"6061b81\" data-element_type=\"widget\" data-e-type=\"widget\" data-widget_type=\"image.default\">\n\t\t\t\t<div class=\"elementor-widget-container\">\n\t\t\t\t\t\t\t\t\t\t\t\t\t\t\t<img decoding=\"async\" src=\"https:\/\/fonolukk.eu\/wp-content\/uploads\/2024\/09\/enne-parast-scaled-e1725355825364.jpg\" title=\"\" alt=\"\" loading=\"lazy\" \/>\t\t\t\t\t\t\t\t\t\t\t\t\t\t\t<\/div>\n\t\t\t\t<\/div>\n\t\t\t\t\t<\/div>\n\t\t\t\t<\/div>\n\t\t<div class=\"elementor-element elementor-element-0215ddd e-flex e-con-boxed e-con e-parent\" data-id=\"0215ddd\" data-element_type=\"container\" data-e-type=\"container\">\n\t\t\t\t\t<div class=\"e-con-inner\">\n\t\t\t\t<div class=\"elementor-element elementor-element-3c6e627 fluentform-widget-submit-button-custom elementor-widget elementor-widget-fluent-form-widget\" data-id=\"3c6e627\" data-element_type=\"widget\" data-e-type=\"widget\" data-widget_type=\"fluent-form-widget.default\">\n\t\t\t\t<div class=\"elementor-widget-container\">\n\t\t\t\t\t\n            <div class=\"fluentform-widget-wrapper fluentform-widget-align-default\">\n\n            \n            <div class='fluentform ff-default fluentform_wrapper_17 ffs_default_wrap'><form data-form_id=\"17\" id=\"fluentform_17\" class=\"frm-fluent-form fluent_form_17 ff-el-form-top ff_form_instance_17_1 ff-form-loading ffs_default\" data-form_instance=\"ff_form_instance_17_1\" method=\"POST\" ><fieldset  style=\"border: none!important;margin: 0!important;padding: 0!important;background-color: transparent!important;box-shadow: none!important;outline: none!important; min-inline-size: 100%;\">\n                    <legend class=\"ff_screen_reader_title\" style=\"display: block; margin: 0!important;padding: 0!important;height: 0!important;text-indent: -999999px;width: 0!important;overflow:hidden;\">Discount form -20% (EST)<\/legend><input type='hidden' name='__fluent_form_embded_post_id' value='18455' \/><input type=\"hidden\" id=\"_fluentform_17_fluentformnonce\" name=\"_fluentform_17_fluentformnonce\" value=\"7edb3daecc\" \/><input type=\"hidden\" name=\"_wp_http_referer\" value=\"\/et\/wp-json\/wp\/v2\/pages\/18455\" \/><div data-type=\"name-element\" data-name=\"names\" class=\" ff-field_container ff-name-field-wrapper\" ><div class='ff-t-container'><div class='ff-t-cell '><div class='ff-el-group'><div class=\"ff-el-input--label ff-el-is-required asterisk-right\"><label for='ff_17_names_first_name_' id='label_ff_17_names_first_name_' >Nimi<\/label><\/div><div class='ff-el-input--content'><input type=\"text\" name=\"names[first_name]\" id=\"ff_17_names_first_name_\" class=\"ff-el-form-control\" aria-invalid=\"false\" aria-required=true><\/div><\/div><\/div><div class='ff-t-cell '><div class='ff-el-group'><div class=\"ff-el-input--label ff-el-is-required asterisk-right\"><label for='ff_17_names_last_name_' id='label_ff_17_names_last_name_' >Perekonnanimi<\/label><\/div><div class='ff-el-input--content'><input type=\"text\" name=\"names[last_name]\" id=\"ff_17_names_last_name_\" class=\"ff-el-form-control\" aria-invalid=\"false\" aria-required=true><\/div><\/div><\/div><\/div><\/div><div data-name=\"ff_cn_id_1\"  class='ff-t-container ff-column-container ff_columns_total_2 '><div class='ff-t-cell ff-t-column-1' style='flex-basis: 50%;'><div class='ff-el-group'><div class=\"ff-el-input--label ff-el-is-required asterisk-right\"><label for='ff_17_email' id='label_ff_17_email' aria-label=\"Email\">Email<\/label><\/div><div class='ff-el-input--content'><input type=\"email\" name=\"email\" id=\"ff_17_email\" class=\"ff-el-form-control\" placeholder=\"Email Address\" data-name=\"email\"  aria-invalid=\"false\" aria-required=true><\/div><\/div><\/div><div class='ff-t-cell ff-t-column-2' style='flex-basis: 50%;'><div class='ff-el-group'><div class=\"ff-el-input--label asterisk-right\"><label for='ff_17_subject' id='label_ff_17_subject' aria-label=\"Number\">Number<\/label><\/div><div class='ff-el-input--content'><input type=\"text\" name=\"subject\" class=\"ff-el-form-control\" placeholder=\"+372...\" data-name=\"subject\" id=\"ff_17_subject\"  aria-invalid=\"false\" aria-required=false><\/div><\/div><\/div><\/div><div data-name=\"ff_cn_id_2\"  class='ff-t-container ff-column-container ff_columns_total_2 '><div class='ff-t-cell ff-t-column-1' style='flex-basis: 50%;'><div class='ff-el-group'><div class=\"ff-el-input--label ff-el-is-required asterisk-right\"><label for='ff_17_subject_1' id='label_ff_17_subject_1' aria-label=\"Korteri\u00fchistu nimi\">Korteri\u00fchistu nimi<\/label><\/div><div class='ff-el-input--content'><input type=\"text\" name=\"subject_1\" class=\"ff-el-form-control\" data-name=\"subject_1\" id=\"ff_17_subject_1\"  aria-invalid=\"false\" aria-required=true><\/div><\/div><\/div><div class='ff-t-cell ff-t-column-2' style='flex-basis: 50%;'><div class='ff-el-group'><div class=\"ff-el-input--label ff-el-is-required asterisk-right\"><label for='ff_17_input_text' id='label_ff_17_input_text' aria-label=\"Aadress\">Aadress<\/label><\/div><div class='ff-el-input--content'><input type=\"text\" name=\"input_text\" class=\"ff-el-form-control\" data-name=\"input_text\" id=\"ff_17_input_text\"  aria-invalid=\"false\" aria-required=true><\/div><\/div><\/div><\/div><div class='ff-el-group ff-text-left ff_submit_btn_wrapper'><button type=\"submit\" class=\"ff-btn ff-btn-submit ff-btn-md ff_btn_style\"  aria-label=\"Esita vorm\">Esita vorm<\/button><\/div><\/fieldset><\/form><div id='fluentform_17_errors' class='ff-errors-in-stack ff_form_instance_17_1 ff-form-loading_errors ff_form_instance_17_1_errors'><\/div><\/div>            <script type=\"text\/javascript\">\n                window.fluent_form_ff_form_instance_17_1 = {\"id\":\"17\",\"ajaxUrl\":\"https:\\\/\\\/fonolukk.eu\\\/wp-admin\\\/admin-ajax.php\",\"settings\":{\"layout\":{\"labelPlacement\":\"top\",\"helpMessagePlacement\":\"with_label\",\"errorMessagePlacement\":\"inline\"},\"restrictions\":{\"denyEmptySubmission\":{\"enabled\":false}}},\"form_instance\":\"ff_form_instance_17_1\",\"form_id_selector\":\"fluentform_17\",\"rules\":{\"names[first_name]\":{\"required\":{\"value\":true,\"message\":\"This field is required\",\"global\":true,\"global_message\":\"This field is required\"}},\"names[middle_name]\":{\"required\":{\"value\":false,\"message\":\"This field is required\",\"global\":true,\"global_message\":\"This field is required\"}},\"names[last_name]\":{\"required\":{\"value\":true,\"message\":\"This field is required\",\"global\":true,\"global_message\":\"This field is required\"}},\"email\":{\"required\":{\"value\":true,\"message\":\"This field is required\",\"global\":true,\"global_message\":\"This field is required\"},\"email\":{\"value\":true,\"message\":\"This field must contain a valid email\",\"global\":true,\"global_message\":\"This field must contain a valid email\"}},\"subject\":{\"required\":{\"value\":false,\"message\":\"This field is required\",\"global\":true,\"global_message\":\"This field is required\"}},\"subject_1\":{\"required\":{\"value\":true,\"message\":\"This field is required\",\"global\":true,\"global_message\":\"This field is required\"}},\"input_text\":{\"required\":{\"value\":true,\"message\":\"This field is required\",\"global_message\":\"This field is required\",\"global\":true}}},\"debounce_time\":300};\n                            <\/script>\n                        <\/div>\n\n            \t\t\t\t<\/div>\n\t\t\t\t<\/div>\n\t\t\t\t\t<\/div>\n\t\t\t\t<\/div>\n\t\t\t\t<\/div>\n\t\t","protected":false},"excerpt":{"rendered":"<p>Kampaania kuni 20. septembrini. T\u00e4ida vorm ja saa -20% allahindlust fonoluku paneelide vahetamisele! Discount form -20% (EST) NimiPerekonnanimiEmailNumberKorteri\u00fchistu nimiAadressEsita vorm<\/p>\n","protected":false},"author":2,"featured_media":0,"parent":0,"menu_order":0,"comment_status":"closed","ping_status":"closed","template":"","meta":{"footnotes":""},"class_list":["post-18455","page","type-page","status-publish","hentry"],"yoast_head":"<!-- This site is optimized with the Yoast SEO Premium plugin v27.5 (Yoast SEO v27.5) - https:\/\/yoast.com\/product\/yoast-seo-premium-wordpress\/ -->\n<title>Allahindlus - Fonolukk<\/title>\n<meta name=\"description\" content=\"Fonoluku ja L\u00e4bip\u00e4\u00e4sus\u00fcsteemi Paigaldus , Remont , Hooldus. Rainmann (Laskomex) , Vizit , Eltis , Farfisa jne. Tel. 66 11 774.\" \/>\n<meta name=\"robots\" content=\"index, follow, max-snippet:-1, max-image-preview:large, max-video-preview:-1\" \/>\n<link rel=\"canonical\" href=\"https:\/\/fonolukk.eu\/et\/allahindlus\/\" \/>\n<meta property=\"og:locale\" content=\"et_EE\" \/>\n<meta property=\"og:type\" content=\"article\" \/>\n<meta property=\"og:title\" content=\"Allahindlus\" \/>\n<meta property=\"og:description\" content=\"Kampaania kuni 20. septembrini. T\u00e4ida vorm ja saa -20% allahindlust fonoluku paneelide vahetamisele! Discount form -20%\" \/>\n<meta property=\"og:url\" content=\"https:\/\/fonolukk.eu\/et\/allahindlus\/\" \/>\n<meta property=\"og:site_name\" content=\"Fonolukk\" \/>\n<meta property=\"article:publisher\" content=\"https:\/\/www.facebook.com\/fonolukk\" \/>\n<meta property=\"article:modified_time\" content=\"2024-09-03T12:10:10+00:00\" \/>\n<meta property=\"og:image\" content=\"https:\/\/fonolukk.eu\/wp-content\/uploads\/2024\/09\/enne-parast-scaled-e1725355825364-1024x450.jpg\" \/>\n<meta name=\"twitter:card\" content=\"summary_large_image\" \/>\n<meta name=\"twitter:label1\" content=\"Est. reading time\" \/>\n\t<meta name=\"twitter:data1\" content=\"1 minut\" \/>\n<script type=\"application\/ld+json\" class=\"yoast-schema-graph\">{\"@context\":\"https:\\\/\\\/schema.org\",\"@graph\":[{\"@type\":[\"Article\",\"BlogPosting\"],\"@id\":\"https:\\\/\\\/fonolukk.eu\\\/et\\\/allahindlus\\\/#article\",\"isPartOf\":{\"@id\":\"https:\\\/\\\/fonolukk.eu\\\/et\\\/allahindlus\\\/\"},\"author\":{\"name\":\"Aleksei Mal\",\"@id\":\"https:\\\/\\\/fonolukk.eu\\\/et\\\/#\\\/schema\\\/person\\\/4a592fd1f64fdd66154ab76d1bf648e6\"},\"headline\":\"Allahindlus\",\"datePublished\":\"2024-09-03T10:10:49+00:00\",\"dateModified\":\"2024-09-03T12:10:10+00:00\",\"mainEntityOfPage\":{\"@id\":\"https:\\\/\\\/fonolukk.eu\\\/et\\\/allahindlus\\\/\"},\"wordCount\":28,\"publisher\":{\"@id\":\"https:\\\/\\\/fonolukk.eu\\\/et\\\/#organization\"},\"image\":{\"@id\":\"https:\\\/\\\/fonolukk.eu\\\/et\\\/allahindlus\\\/#primaryimage\"},\"thumbnailUrl\":\"https:\\\/\\\/fonolukk.eu\\\/wp-content\\\/uploads\\\/2024\\\/09\\\/enne-parast-scaled-e1725355825364-1024x450.jpg\",\"inLanguage\":\"et\"},{\"@type\":\"WebPage\",\"@id\":\"https:\\\/\\\/fonolukk.eu\\\/et\\\/allahindlus\\\/\",\"url\":\"https:\\\/\\\/fonolukk.eu\\\/et\\\/allahindlus\\\/\",\"name\":\"Allahindlus - Fonolukk\",\"isPartOf\":{\"@id\":\"https:\\\/\\\/fonolukk.eu\\\/et\\\/#website\"},\"primaryImageOfPage\":{\"@id\":\"https:\\\/\\\/fonolukk.eu\\\/et\\\/allahindlus\\\/#primaryimage\"},\"image\":{\"@id\":\"https:\\\/\\\/fonolukk.eu\\\/et\\\/allahindlus\\\/#primaryimage\"},\"thumbnailUrl\":\"https:\\\/\\\/fonolukk.eu\\\/wp-content\\\/uploads\\\/2024\\\/09\\\/enne-parast-scaled-e1725355825364-1024x450.jpg\",\"datePublished\":\"2024-09-03T10:10:49+00:00\",\"dateModified\":\"2024-09-03T12:10:10+00:00\",\"description\":\"Fonoluku ja L\u00e4bip\u00e4\u00e4sus\u00fcsteemi Paigaldus , Remont , Hooldus. Rainmann (Laskomex) , Vizit , Eltis , Farfisa jne. Tel. 66 11 774.\",\"breadcrumb\":{\"@id\":\"https:\\\/\\\/fonolukk.eu\\\/et\\\/allahindlus\\\/#breadcrumb\"},\"inLanguage\":\"et\",\"potentialAction\":[{\"@type\":\"ReadAction\",\"target\":[\"https:\\\/\\\/fonolukk.eu\\\/et\\\/allahindlus\\\/\"]}]},{\"@type\":\"ImageObject\",\"inLanguage\":\"et\",\"@id\":\"https:\\\/\\\/fonolukk.eu\\\/et\\\/allahindlus\\\/#primaryimage\",\"url\":\"https:\\\/\\\/fonolukk.eu\\\/wp-content\\\/uploads\\\/2024\\\/09\\\/enne-parast-scaled-e1725355825364-1024x450.jpg\",\"contentUrl\":\"https:\\\/\\\/fonolukk.eu\\\/wp-content\\\/uploads\\\/2024\\\/09\\\/enne-parast-scaled-e1725355825364-1024x450.jpg\"},{\"@type\":\"BreadcrumbList\",\"@id\":\"https:\\\/\\\/fonolukk.eu\\\/et\\\/allahindlus\\\/#breadcrumb\",\"itemListElement\":[{\"@type\":\"ListItem\",\"position\":1,\"name\":\"Esileht\",\"item\":\"https:\\\/\\\/fonolukk.eu\\\/et\\\/koduleht\\\/\"},{\"@type\":\"ListItem\",\"position\":2,\"name\":\"Allahindlus\"}]},{\"@type\":\"WebSite\",\"@id\":\"https:\\\/\\\/fonolukk.eu\\\/et\\\/#website\",\"url\":\"https:\\\/\\\/fonolukk.eu\\\/et\\\/\",\"name\":\"Fonolukk eu\",\"description\":\"Smart Security Systems\",\"publisher\":{\"@id\":\"https:\\\/\\\/fonolukk.eu\\\/et\\\/#organization\"},\"potentialAction\":[{\"@type\":\"SearchAction\",\"target\":{\"@type\":\"EntryPoint\",\"urlTemplate\":\"https:\\\/\\\/fonolukk.eu\\\/et\\\/?s={search_term_string}\"},\"query-input\":{\"@type\":\"PropertyValueSpecification\",\"valueRequired\":true,\"valueName\":\"search_term_string\"}}],\"inLanguage\":\"et\"},{\"@type\":\"Organization\",\"@id\":\"https:\\\/\\\/fonolukk.eu\\\/et\\\/#organization\",\"name\":\"Smart Security OU\",\"url\":\"https:\\\/\\\/fonolukk.eu\\\/et\\\/\",\"logo\":{\"@type\":\"ImageObject\",\"inLanguage\":\"et\",\"@id\":\"https:\\\/\\\/fonolukk.eu\\\/et\\\/#\\\/schema\\\/logo\\\/image\\\/\",\"url\":\"https:\\\/\\\/fonolukk.eu\\\/wp-content\\\/uploads\\\/2023\\\/09\\\/fonolukk.png\",\"contentUrl\":\"https:\\\/\\\/fonolukk.eu\\\/wp-content\\\/uploads\\\/2023\\\/09\\\/fonolukk.png\",\"width\":277,\"height\":274,\"caption\":\"Smart Security OU\"},\"image\":{\"@id\":\"https:\\\/\\\/fonolukk.eu\\\/et\\\/#\\\/schema\\\/logo\\\/image\\\/\"},\"sameAs\":[\"https:\\\/\\\/www.facebook.com\\\/fonolukk\",\"https:\\\/\\\/www.instagram.com\\\/fonolukk\\\/?hl=ru\"],\"publishingPrinciples\":\"https:\\\/\\\/fonolukk.eu\\\/terms-and-conditions\\\/\",\"ownershipFundingInfo\":\"https:\\\/\\\/fonolukk.eu\\\/about-us\\\/\"},{\"@type\":\"Person\",\"@id\":\"https:\\\/\\\/fonolukk.eu\\\/et\\\/#\\\/schema\\\/person\\\/4a592fd1f64fdd66154ab76d1bf648e6\",\"name\":\"Aleksei Mal\",\"image\":{\"@type\":\"ImageObject\",\"inLanguage\":\"et\",\"@id\":\"https:\\\/\\\/secure.gravatar.com\\\/avatar\\\/6f18e43804942ed4c91305613f8164568de2648f6c56b3d7ea211631dda24c59?s=96&d=mm&r=g\",\"url\":\"https:\\\/\\\/secure.gravatar.com\\\/avatar\\\/6f18e43804942ed4c91305613f8164568de2648f6c56b3d7ea211631dda24c59?s=96&d=mm&r=g\",\"contentUrl\":\"https:\\\/\\\/secure.gravatar.com\\\/avatar\\\/6f18e43804942ed4c91305613f8164568de2648f6c56b3d7ea211631dda24c59?s=96&d=mm&r=g\",\"caption\":\"Aleksei Mal\"},\"url\":\"https:\\\/\\\/fonolukk.eu\\\/et\\\/author\\\/aleksei-mal\\\/\"}]}<\/script>\n<!-- \/ Yoast SEO Premium plugin. -->","yoast_head_json":{"title":"Allahindlus - Fonolukk","description":"Fonoluku ja L\u00e4bip\u00e4\u00e4sus\u00fcsteemi Paigaldus , Remont , Hooldus. Rainmann (Laskomex) , Vizit , Eltis , Farfisa jne. Tel. 66 11 774.","robots":{"index":"index","follow":"follow","max-snippet":"max-snippet:-1","max-image-preview":"max-image-preview:large","max-video-preview":"max-video-preview:-1"},"canonical":"https:\/\/fonolukk.eu\/et\/allahindlus\/","og_locale":"et_EE","og_type":"article","og_title":"Allahindlus","og_description":"Kampaania kuni 20. septembrini. T\u00e4ida vorm ja saa -20% allahindlust fonoluku paneelide vahetamisele! Discount form -20%","og_url":"https:\/\/fonolukk.eu\/et\/allahindlus\/","og_site_name":"Fonolukk","article_publisher":"https:\/\/www.facebook.com\/fonolukk","article_modified_time":"2024-09-03T12:10:10+00:00","og_image":[{"url":"https:\/\/fonolukk.eu\/wp-content\/uploads\/2024\/09\/enne-parast-scaled-e1725355825364-1024x450.jpg","type":"","width":"","height":""}],"twitter_card":"summary_large_image","twitter_misc":{"Est. reading time":"1 minut"},"schema":{"@context":"https:\/\/schema.org","@graph":[{"@type":["Article","BlogPosting"],"@id":"https:\/\/fonolukk.eu\/et\/allahindlus\/#article","isPartOf":{"@id":"https:\/\/fonolukk.eu\/et\/allahindlus\/"},"author":{"name":"Aleksei Mal","@id":"https:\/\/fonolukk.eu\/et\/#\/schema\/person\/4a592fd1f64fdd66154ab76d1bf648e6"},"headline":"Allahindlus","datePublished":"2024-09-03T10:10:49+00:00","dateModified":"2024-09-03T12:10:10+00:00","mainEntityOfPage":{"@id":"https:\/\/fonolukk.eu\/et\/allahindlus\/"},"wordCount":28,"publisher":{"@id":"https:\/\/fonolukk.eu\/et\/#organization"},"image":{"@id":"https:\/\/fonolukk.eu\/et\/allahindlus\/#primaryimage"},"thumbnailUrl":"https:\/\/fonolukk.eu\/wp-content\/uploads\/2024\/09\/enne-parast-scaled-e1725355825364-1024x450.jpg","inLanguage":"et"},{"@type":"WebPage","@id":"https:\/\/fonolukk.eu\/et\/allahindlus\/","url":"https:\/\/fonolukk.eu\/et\/allahindlus\/","name":"Allahindlus - Fonolukk","isPartOf":{"@id":"https:\/\/fonolukk.eu\/et\/#website"},"primaryImageOfPage":{"@id":"https:\/\/fonolukk.eu\/et\/allahindlus\/#primaryimage"},"image":{"@id":"https:\/\/fonolukk.eu\/et\/allahindlus\/#primaryimage"},"thumbnailUrl":"https:\/\/fonolukk.eu\/wp-content\/uploads\/2024\/09\/enne-parast-scaled-e1725355825364-1024x450.jpg","datePublished":"2024-09-03T10:10:49+00:00","dateModified":"2024-09-03T12:10:10+00:00","description":"Fonoluku ja L\u00e4bip\u00e4\u00e4sus\u00fcsteemi Paigaldus , Remont , Hooldus. Rainmann (Laskomex) , Vizit , Eltis , Farfisa jne. Tel. 66 11 774.","breadcrumb":{"@id":"https:\/\/fonolukk.eu\/et\/allahindlus\/#breadcrumb"},"inLanguage":"et","potentialAction":[{"@type":"ReadAction","target":["https:\/\/fonolukk.eu\/et\/allahindlus\/"]}]},{"@type":"ImageObject","inLanguage":"et","@id":"https:\/\/fonolukk.eu\/et\/allahindlus\/#primaryimage","url":"https:\/\/fonolukk.eu\/wp-content\/uploads\/2024\/09\/enne-parast-scaled-e1725355825364-1024x450.jpg","contentUrl":"https:\/\/fonolukk.eu\/wp-content\/uploads\/2024\/09\/enne-parast-scaled-e1725355825364-1024x450.jpg"},{"@type":"BreadcrumbList","@id":"https:\/\/fonolukk.eu\/et\/allahindlus\/#breadcrumb","itemListElement":[{"@type":"ListItem","position":1,"name":"Esileht","item":"https:\/\/fonolukk.eu\/et\/koduleht\/"},{"@type":"ListItem","position":2,"name":"Allahindlus"}]},{"@type":"WebSite","@id":"https:\/\/fonolukk.eu\/et\/#website","url":"https:\/\/fonolukk.eu\/et\/","name":"Fonolukk eu","description":"Smart Security Systems","publisher":{"@id":"https:\/\/fonolukk.eu\/et\/#organization"},"potentialAction":[{"@type":"SearchAction","target":{"@type":"EntryPoint","urlTemplate":"https:\/\/fonolukk.eu\/et\/?s={search_term_string}"},"query-input":{"@type":"PropertyValueSpecification","valueRequired":true,"valueName":"search_term_string"}}],"inLanguage":"et"},{"@type":"Organization","@id":"https:\/\/fonolukk.eu\/et\/#organization","name":"Smart Security OU","url":"https:\/\/fonolukk.eu\/et\/","logo":{"@type":"ImageObject","inLanguage":"et","@id":"https:\/\/fonolukk.eu\/et\/#\/schema\/logo\/image\/","url":"https:\/\/fonolukk.eu\/wp-content\/uploads\/2023\/09\/fonolukk.png","contentUrl":"https:\/\/fonolukk.eu\/wp-content\/uploads\/2023\/09\/fonolukk.png","width":277,"height":274,"caption":"Smart Security OU"},"image":{"@id":"https:\/\/fonolukk.eu\/et\/#\/schema\/logo\/image\/"},"sameAs":["https:\/\/www.facebook.com\/fonolukk","https:\/\/www.instagram.com\/fonolukk\/?hl=ru"],"publishingPrinciples":"https:\/\/fonolukk.eu\/terms-and-conditions\/","ownershipFundingInfo":"https:\/\/fonolukk.eu\/about-us\/"},{"@type":"Person","@id":"https:\/\/fonolukk.eu\/et\/#\/schema\/person\/4a592fd1f64fdd66154ab76d1bf648e6","name":"Aleksei Mal","image":{"@type":"ImageObject","inLanguage":"et","@id":"https:\/\/secure.gravatar.com\/avatar\/6f18e43804942ed4c91305613f8164568de2648f6c56b3d7ea211631dda24c59?s=96&d=mm&r=g","url":"https:\/\/secure.gravatar.com\/avatar\/6f18e43804942ed4c91305613f8164568de2648f6c56b3d7ea211631dda24c59?s=96&d=mm&r=g","contentUrl":"https:\/\/secure.gravatar.com\/avatar\/6f18e43804942ed4c91305613f8164568de2648f6c56b3d7ea211631dda24c59?s=96&d=mm&r=g","caption":"Aleksei Mal"},"url":"https:\/\/fonolukk.eu\/et\/author\/aleksei-mal\/"}]}},"_links":{"self":[{"href":"https:\/\/fonolukk.eu\/et\/wp-json\/wp\/v2\/pages\/18455","targetHints":{"allow":["GET"]}}],"collection":[{"href":"https:\/\/fonolukk.eu\/et\/wp-json\/wp\/v2\/pages"}],"about":[{"href":"https:\/\/fonolukk.eu\/et\/wp-json\/wp\/v2\/types\/page"}],"author":[{"embeddable":true,"href":"https:\/\/fonolukk.eu\/et\/wp-json\/wp\/v2\/users\/2"}],"replies":[{"embeddable":true,"href":"https:\/\/fonolukk.eu\/et\/wp-json\/wp\/v2\/comments?post=18455"}],"version-history":[{"count":13,"href":"https:\/\/fonolukk.eu\/et\/wp-json\/wp\/v2\/pages\/18455\/revisions"}],"predecessor-version":[{"id":18468,"href":"https:\/\/fonolukk.eu\/et\/wp-json\/wp\/v2\/pages\/18455\/revisions\/18468"}],"wp:attachment":[{"href":"https:\/\/fonolukk.eu\/et\/wp-json\/wp\/v2\/media?parent=18455"}],"curies":[{"name":"wp","href":"https:\/\/api.w.org\/{rel}","templated":true}]}}