{"id":3768,"date":"2020-02-14T15:12:35","date_gmt":"2020-02-14T15:12:35","guid":{"rendered":"https:\/\/fonolukk.eu\/contact-us\/"},"modified":"2026-03-05T14:57:20","modified_gmt":"2026-03-05T12:57:20","slug":"contact-us","status":"publish","type":"page","link":"https:\/\/fonolukk.eu\/et\/contact-us\/","title":{"rendered":"Kontakt"},"content":{"rendered":"\t\t<div data-elementor-type=\"wp-page\" data-elementor-id=\"3768\" class=\"elementor elementor-3768 elementor-646\">\n\t\t\t\t\t\t<section class=\"wd-negative-gap elementor-section elementor-top-section elementor-element elementor-element-d02fe9c elementor-section-content-middle elementor-section-boxed elementor-section-height-default elementor-section-height-default\" data-id=\"d02fe9c\" data-element_type=\"section\" data-e-type=\"section\">\n\t\t\t\t\t\t<div class=\"elementor-container elementor-column-gap-extended\">\n\t\t\t\t\t<div class=\"elementor-column elementor-col-50 elementor-top-column elementor-element elementor-element-fbf4c7e\" data-id=\"fbf4c7e\" data-element_type=\"column\" data-e-type=\"column\">\n\t\t\t<div class=\"elementor-widget-wrap elementor-element-populated\">\n\t\t\t\t\t\t<div class=\"elementor-element elementor-element-03d6b36 elementor-widget elementor-widget-image\" data-id=\"03d6b36\" data-element_type=\"widget\" data-e-type=\"widget\" data-widget_type=\"image.default\">\n\t\t\t\t<div class=\"elementor-widget-container\">\n\t\t\t\t\t\t\t\t\t\t\t\t\t\t\t\t<a href=\"https:\/\/maps.app.goo.gl\/LgXeomtK4WBkT5vj6\" target=\"_blank\">\n\t\t\t\t\t\t\t<img decoding=\"async\" width=\"701\" height=\"500\" src=\"https:\/\/fonolukk.eu\/wp-content\/uploads\/2026\/02\/fonolukk_tallinn.jpg\" class=\"attachment-large size-large wp-image-22296\" alt=\"fonolukk tallinn\" srcset=\"https:\/\/fonolukk.eu\/wp-content\/uploads\/2026\/02\/fonolukk_tallinn.jpg 701w, https:\/\/fonolukk.eu\/wp-content\/uploads\/2026\/02\/fonolukk_tallinn-150x107.jpg 150w, https:\/\/fonolukk.eu\/wp-content\/uploads\/2026\/02\/fonolukk_tallinn-600x428.jpg 600w, https:\/\/fonolukk.eu\/wp-content\/uploads\/2026\/02\/fonolukk_tallinn-300x214.jpg 300w\" sizes=\"(max-width: 701px) 100vw, 701px\" \/>\t\t\t\t\t\t\t\t<\/a>\n\t\t\t\t\t\t\t\t\t\t\t\t\t\t\t<\/div>\n\t\t\t\t<\/div>\n\t\t\t\t\t<\/div>\n\t\t<\/div>\n\t\t\t\t<div class=\"elementor-column elementor-col-50 elementor-top-column elementor-element elementor-element-499c44a\" data-id=\"499c44a\" data-element_type=\"column\" data-e-type=\"column\">\n\t\t\t<div class=\"elementor-widget-wrap elementor-element-populated\">\n\t\t\t\t\t\t<div class=\"elementor-element elementor-element-a9c3e20 wd-width-100 elementor-widget elementor-widget-wd_title\" data-id=\"a9c3e20\" data-element_type=\"widget\" data-e-type=\"widget\" data-widget_type=\"wd_title.default\">\n\t\t\t\t<div class=\"elementor-widget-container\">\n\t\t\t\t\t\t\t<div class=\"title-wrapper wd-set-mb reset-last-child wd-title-color-primary wd-title-style-default wd-title-size-large text-left\">\n\n\t\t\t\t\t\t\t\t\t\t\t<div class=\"title-subtitle subtitle-color-primary subtitle-style-background wd-fontsize-xs\">\n\t\t\t\t\tFONOLUKK\t\t\t\t<\/div>\n\t\t\t\n\t\t\t<div class=\"liner-continer\">\n\t\t\t\t<h4 class=\"woodmart-title-container title wd-fontsize-xxl\">KUS ME ASUME?<\/h4> \n\t\t\t\t\t\t\t<\/div>\n\n\t\t\t\t\t\t\t<div class=\"title-after_title reset-last-child wd-fontsize-s\">\n\t\t\t\t\t<p>Smart Security on Eesti sisetelefonide ja juurdep\u00e4\u00e4sukontrollis\u00fcsteemide turul tegutsenud \u00fcle 20 aasta.\u00a0<\/p>\t\t\t\t<\/div>\n\t\t\t\t\t<\/div>\n\t\t\t\t\t\t<\/div>\n\t\t\t\t<\/div>\n\t\t\t\t<section class=\"wd-negative-gap elementor-section elementor-inner-section elementor-element elementor-element-d2ac7e6 elementor-section-content-top elementor-section-boxed elementor-section-height-default elementor-section-height-default\" data-id=\"d2ac7e6\" data-element_type=\"section\" data-e-type=\"section\">\n\t\t\t\t\t\t<div class=\"elementor-container elementor-column-gap-default\">\n\t\t\t\t\t<div class=\"elementor-column elementor-col-100 elementor-inner-column elementor-element elementor-element-3f99288\" data-id=\"3f99288\" data-element_type=\"column\" data-e-type=\"column\">\n\t\t\t<div class=\"elementor-widget-wrap elementor-element-populated\">\n\t\t\t\t\t\t<div class=\"elementor-element elementor-element-a7f37a9 wd-width-100 elementor-widget elementor-widget-wd_title\" data-id=\"a7f37a9\" data-element_type=\"widget\" data-e-type=\"widget\" data-widget_type=\"wd_title.default\">\n\t\t\t\t<div class=\"elementor-widget-container\">\n\t\t\t\t\t\t\t<div class=\"title-wrapper wd-set-mb reset-last-child wd-title-color-default wd-title-style-default wd-title-size-default text-left\">\n\n\t\t\t\n\t\t\t<div class=\"liner-continer\">\n\t\t\t\t<h4 class=\"woodmart-title-container title wd-fontsize-l\">Tuuliku tee 4, Tallinn<\/h4> \n\t\t\t\t\t\t\t<\/div>\n\n\t\t\t\t\t<\/div>\n\t\t\t\t\t\t<\/div>\n\t\t\t\t<\/div>\n\t\t\t\t<div class=\"elementor-element elementor-element-e625a2f elementor-widget elementor-widget-wd_text_block\" data-id=\"e625a2f\" data-element_type=\"widget\" data-e-type=\"widget\" data-widget_type=\"wd_text_block.default\">\n\t\t\t\t<div class=\"elementor-widget-container\">\n\t\t\t\t\t\t\t<div class=\"wd-text-block reset-last-child text-left\">\n\t\t\t\n\t\t\t<p><span style=\"color: #333333;\"><strong>Esmasp\u00e4ec \u2013 Reede:<\/strong><\/span> 09:00 - 17:00<\/p>\n\t\t\t\t\t<\/div>\n\t\t\t\t\t\t<\/div>\n\t\t\t\t<\/div>\n\t\t\t\t<div class=\"elementor-element elementor-element-474d840 elementor-widget elementor-widget-wd_text_block\" data-id=\"474d840\" data-element_type=\"widget\" data-e-type=\"widget\" data-widget_type=\"wd_text_block.default\">\n\t\t\t\t<div class=\"elementor-widget-container\">\n\t\t\t\t\t\t\t<div class=\"wd-text-block reset-last-child text-left\">\n\t\t\t\n\t\t\t<span style=\"color: #333333;\"><strong>Laup\u00e4ev,<\/strong><\/span> <span style=\"color: #333333;\"><strong>P\u00fchap\u00e4ev:<\/strong><\/span> -\n\t\t\t\t\t<\/div>\n\t\t\t\t\t\t<\/div>\n\t\t\t\t<\/div>\n\t\t\t\t<div class=\"elementor-element elementor-element-766320f elementor-widget__width-initial elementor-widget elementor-widget-wd_button\" data-id=\"766320f\" data-element_type=\"widget\" data-e-type=\"widget\" data-widget_type=\"wd_button.default\">\n\t\t\t\t<div class=\"elementor-widget-container\">\n\t\t\t\t\t\t\t<div class=\"wd-button-wrapper text-left\" >\n\t\t\t<a class=\"btn btn-style-default btn-shape-rectangle btn-size-default btn-color-primary btn-full-width btn-icon-pos-right\"  href=\"tel:+3726611774\">\n\t\t\t\t<span class=\"wd-btn-text\" data-elementor-setting-key=\"text\">\n\t\t\t\t\tHelista\t\t\t\t<\/span>\n\n\t\t\t\t\t\t\t<\/a>\n\t\t<\/div>\n\t\t\t\t\t\t<\/div>\n\t\t\t\t<\/div>\n\t\t\t\t\t<\/div>\n\t\t<\/div>\n\t\t\t\t\t<\/div>\n\t\t<\/section>\n\t\t\t\t\t<\/div>\n\t\t<\/div>\n\t\t\t\t\t<\/div>\n\t\t<\/section>\n\t\t\t\t<section class=\"wd-negative-gap elementor-section elementor-top-section elementor-element elementor-element-0176248 elementor-section-boxed elementor-section-height-default elementor-section-height-default\" data-id=\"0176248\" data-element_type=\"section\" data-e-type=\"section\">\n\t\t\t\t\t\t<div class=\"elementor-container elementor-column-gap-default\">\n\t\t\t\t\t<div class=\"elementor-column elementor-col-100 elementor-top-column elementor-element elementor-element-be28329\" data-id=\"be28329\" data-element_type=\"column\" data-e-type=\"column\">\n\t\t\t<div class=\"elementor-widget-wrap elementor-element-populated\">\n\t\t\t\t\t\t<div class=\"elementor-element elementor-element-bed400a fluentform-widget-submit-button-custom elementor-widget elementor-widget-fluent-form-widget\" data-id=\"bed400a\" data-element_type=\"widget\" data-e-type=\"widget\" data-widget_type=\"fluent-form-widget.default\">\n\t\t\t\t<div class=\"elementor-widget-container\">\n\t\t\t\t\t\n            <div class=\"fluentform-widget-wrapper fluentform-widget-align-default\">\n\n            \n            <div class='fluentform ff-default fluentform_wrapper_5 ffs_default_wrap'><form data-form_id=\"5\" id=\"fluentform_5\" class=\"frm-fluent-form fluent_form_5 ff-el-form-top ff_form_instance_5_1 ff-form-loading ffs_default\" data-form_instance=\"ff_form_instance_5_1\" method=\"POST\" ><fieldset  style=\"border: none!important;margin: 0!important;padding: 0!important;background-color: transparent!important;box-shadow: none!important;outline: none!important; min-inline-size: 100%;\">\n                    <legend class=\"ff_screen_reader_title\" style=\"display: block; margin: 0!important;padding: 0!important;height: 0!important;text-indent: -999999px;width: 0!important;overflow:hidden;\">Contact Form<\/legend><input type='hidden' name='__fluent_form_embded_post_id' value='3768' \/><input type=\"hidden\" id=\"_fluentform_5_fluentformnonce\" name=\"_fluentform_5_fluentformnonce\" value=\"0646a3034c\" \/><input type=\"hidden\" name=\"_wp_http_referer\" value=\"\/et\/wp-json\/wp\/v2\/pages\/3768\" \/><div data-type=\"name-element\" data-name=\"names\" class=\" ff-field_container ff-name-field-wrapper\" ><div class='ff-t-container'><div class='ff-t-cell '><div class='ff-el-group  ff-el-form-top'><div class=\"ff-el-input--label ff-el-is-required asterisk-right\"><label for='ff_5_names_first_name_' id='label_ff_5_names_first_name_' >Eesnimi<\/label><\/div><div class='ff-el-input--content'><input type=\"text\" name=\"names[first_name]\" id=\"ff_5_names_first_name_\" class=\"ff-el-form-control\" placeholder=\"Eesnimi\" aria-invalid=\"false\" aria-required=true><\/div><\/div><\/div><\/div><\/div><div class='ff-el-group'><div class=\"ff-el-input--label ff-el-is-required asterisk-right\"><label for='ff_5_email' id='label_ff_5_email' aria-label=\"Epost\">Epost<\/label><\/div><div class='ff-el-input--content'><input type=\"email\" name=\"email\" id=\"ff_5_email\" class=\"ff-el-form-control\" placeholder=\"E-posti aadress\" data-name=\"email\"  aria-invalid=\"false\" aria-required=true><\/div><\/div><div class='ff-el-group'><div class=\"ff-el-input--label ff-el-is-required asterisk-right\"><label for='ff_5_input_text' id='label_ff_5_input_text' aria-label=\"Telefoni number\">Telefoni number<\/label><\/div><div class='ff-el-input--content'><input type=\"text\" name=\"input_text\" class=\"ff-el-form-control\" placeholder=\"+372\" data-name=\"input_text\" id=\"ff_5_input_text\"  aria-invalid=\"false\" aria-required=true><\/div><\/div><div class='ff-el-group'><div class=\"ff-el-input--label ff-el-is-required asterisk-right\"><label for='ff_5_input_text_1' id='label_ff_5_input_text_1' aria-label=\"Teema\">Teema<\/label><\/div><div class='ff-el-input--content'><input type=\"text\" name=\"input_text_1\" class=\"ff-el-form-control\" data-name=\"input_text_1\" id=\"ff_5_input_text_1\"  aria-invalid=\"false\" aria-required=true><\/div><\/div><div class='ff-el-group'><div class=\"ff-el-input--label ff-el-is-required asterisk-right\"><label for='ff_5_description' id='label_ff_5_description' aria-label=\"Teie s\u00f5num\">Teie s\u00f5num<\/label><\/div><div class='ff-el-input--content'><textarea aria-required=\"true\" aria-labelledby=\"label_ff_5_description\" name=\"description\" id=\"ff_5_description\" class=\"ff-el-form-control\" rows=\"3\" cols=\"1\" data-name=\"description\" ><\/textarea><\/div><\/div><div class='ff-el-group ff-text-left ff_submit_btn_wrapper'><button type=\"submit\" class=\"ff-btn ff-btn-submit ff-btn-md ff_btn_style wpf_has_custom_css\"  aria-label=\"Saada\">Saada<\/button><\/div><\/fieldset><\/form><div id='fluentform_5_errors' class='ff-errors-in-stack ff_form_instance_5_1 ff-form-loading_errors ff_form_instance_5_1_errors'><\/div><\/div>            <script type=\"text\/javascript\">\n                window.fluent_form_ff_form_instance_5_1 = {\"id\":\"5\",\"settings\":{\"layout\":{\"labelPlacement\":\"top\",\"helpMessagePlacement\":\"with_label\",\"errorMessagePlacement\":\"inline\",\"cssClassName\":\"\",\"asteriskPlacement\":\"asterisk-right\"},\"restrictions\":{\"denyEmptySubmission\":{\"enabled\":false}}},\"form_instance\":\"ff_form_instance_5_1\",\"form_id_selector\":\"fluentform_5\",\"rules\":{\"names[first_name]\":{\"required\":{\"value\":true,\"message\":\"See v\\u00e4li on kohustuslik.\"}},\"names[middle_name]\":{\"required\":{\"value\":false,\"message\":\"See v\\u00e4li on kohustuslik.\"}},\"names[last_name]\":{\"required\":{\"value\":false,\"message\":\"See v\\u00e4li on kohustuslik.\"}},\"email\":{\"required\":{\"value\":true,\"message\":\"See v\\u00e4li on kohustuslik.\"},\"email\":{\"value\":true,\"message\":\"This field must contain a valid email\"}},\"input_text\":{\"required\":{\"value\":true,\"message\":\"See v\\u00e4li on kohustuslik.\"}},\"input_text_1\":{\"required\":{\"value\":true,\"message\":\"See v\\u00e4li on kohustuslik.\"}},\"description\":{\"required\":{\"value\":true,\"message\":\"See v\\u00e4li on kohustuslik.\"}}},\"debounce_time\":300};\n                            <\/script>\n                        <\/div>\n\n            \t\t\t\t<\/div>\n\t\t\t\t<\/div>\n\t\t\t\t\t<\/div>\n\t\t<\/div>\n\t\t\t\t\t<\/div>\n\t\t<\/section>\n\t\t\t\t<\/div>\n\t\t","protected":false},"excerpt":{"rendered":"<p>FONOLUKK KUS ME ASUME? Smart Security on Eesti sisetelefonide ja juurdep\u00e4\u00e4sukontrollis\u00fcsteemide turul tegutsenud \u00fcle 20 aasta.\u00a0 Tuuliku tee 4, Tallinn<\/p>\n","protected":false},"author":2,"featured_media":0,"parent":0,"menu_order":0,"comment_status":"closed","ping_status":"closed","template":"","meta":{"footnotes":""},"class_list":["post-3768","page","type-page","status-publish","hentry"],"yoast_head":"<!-- This site is optimized with the Yoast SEO Premium plugin v27.3 (Yoast SEO v27.3) - https:\/\/yoast.com\/product\/yoast-seo-premium-wordpress\/ -->\n<title>Kontakt - Fonolukk<\/title>\n<meta name=\"description\" content=\"Fonoluku ja L\u00e4bip\u00e4\u00e4sus\u00fcsteemi Paigaldus , Remont , Hooldus. Rainmann (Laskomex) , Vizit , Eltis , Farfisa jne. Tel. 66 11 774.\" \/>\n<meta name=\"robots\" content=\"index, nofollow, max-snippet:-1, max-image-preview:large, max-video-preview:-1\" \/>\n<link rel=\"canonical\" href=\"https:\/\/fonolukk.eu\/et\/contact-us\/\" \/>\n<meta property=\"og:locale\" content=\"et_EE\" \/>\n<meta property=\"og:type\" content=\"article\" \/>\n<meta property=\"og:title\" content=\"Kontakt\" \/>\n<meta property=\"og:description\" content=\"FONOLUKK KUS ME ASUME? Smart Security on Eesti sisetelefonide ja juurdep\u00e4\u00e4sukontrollis\u00fcsteemide turul tegutsenud \u00fcle 20 aasta.\u00a0 Tuuliku tee 4, Tallinn\" \/>\n<meta property=\"og:url\" content=\"https:\/\/fonolukk.eu\/et\/contact-us\/\" \/>\n<meta property=\"og:site_name\" content=\"Fonolukk\" \/>\n<meta property=\"article:publisher\" content=\"https:\/\/www.facebook.com\/fonolukk\" \/>\n<meta property=\"article:modified_time\" content=\"2026-03-05T12:57:20+00:00\" \/>\n<meta property=\"og:image\" content=\"https:\/\/fonolukk.eu\/wp-content\/uploads\/2026\/02\/fonolukk_tallinn.jpg\" \/>\n\t<meta property=\"og:image:width\" content=\"701\" \/>\n\t<meta property=\"og:image:height\" content=\"500\" \/>\n\t<meta property=\"og:image:type\" content=\"image\/jpeg\" \/>\n<meta name=\"twitter:card\" content=\"summary_large_image\" \/>\n<meta name=\"twitter:label1\" content=\"Est. reading time\" \/>\n\t<meta name=\"twitter:data1\" content=\"1 minut\" \/>\n<script type=\"application\/ld+json\" class=\"yoast-schema-graph\">{\"@context\":\"https:\\\/\\\/schema.org\",\"@graph\":[{\"@type\":[\"Article\",\"BlogPosting\"],\"@id\":\"https:\\\/\\\/fonolukk.eu\\\/et\\\/contact-us\\\/#article\",\"isPartOf\":{\"@id\":\"https:\\\/\\\/fonolukk.eu\\\/et\\\/contact-us\\\/\"},\"author\":{\"name\":\"Aleksei Mal\",\"@id\":\"https:\\\/\\\/fonolukk.eu\\\/et\\\/#\\\/schema\\\/person\\\/4a592fd1f64fdd66154ab76d1bf648e6\"},\"headline\":\"Kontakt\",\"datePublished\":\"2020-02-14T15:12:35+00:00\",\"dateModified\":\"2026-03-05T12:57:20+00:00\",\"mainEntityOfPage\":{\"@id\":\"https:\\\/\\\/fonolukk.eu\\\/et\\\/contact-us\\\/\"},\"wordCount\":44,\"publisher\":{\"@id\":\"https:\\\/\\\/fonolukk.eu\\\/et\\\/#organization\"},\"image\":{\"@id\":\"https:\\\/\\\/fonolukk.eu\\\/et\\\/contact-us\\\/#primaryimage\"},\"thumbnailUrl\":\"https:\\\/\\\/fonolukk.eu\\\/wp-content\\\/uploads\\\/2026\\\/02\\\/fonolukk_tallinn.jpg\",\"inLanguage\":\"et\"},{\"@type\":\"WebPage\",\"@id\":\"https:\\\/\\\/fonolukk.eu\\\/et\\\/contact-us\\\/\",\"url\":\"https:\\\/\\\/fonolukk.eu\\\/et\\\/contact-us\\\/\",\"name\":\"Kontakt - Fonolukk\",\"isPartOf\":{\"@id\":\"https:\\\/\\\/fonolukk.eu\\\/et\\\/#website\"},\"primaryImageOfPage\":{\"@id\":\"https:\\\/\\\/fonolukk.eu\\\/et\\\/contact-us\\\/#primaryimage\"},\"image\":{\"@id\":\"https:\\\/\\\/fonolukk.eu\\\/et\\\/contact-us\\\/#primaryimage\"},\"thumbnailUrl\":\"https:\\\/\\\/fonolukk.eu\\\/wp-content\\\/uploads\\\/2026\\\/02\\\/fonolukk_tallinn.jpg\",\"datePublished\":\"2020-02-14T15:12:35+00:00\",\"dateModified\":\"2026-03-05T12:57:20+00:00\",\"description\":\"Fonoluku ja L\u00e4bip\u00e4\u00e4sus\u00fcsteemi Paigaldus , Remont , Hooldus. Rainmann (Laskomex) , Vizit , Eltis , Farfisa jne. Tel. 66 11 774.\",\"breadcrumb\":{\"@id\":\"https:\\\/\\\/fonolukk.eu\\\/et\\\/contact-us\\\/#breadcrumb\"},\"inLanguage\":\"et\",\"potentialAction\":[{\"@type\":\"ReadAction\",\"target\":[\"https:\\\/\\\/fonolukk.eu\\\/et\\\/contact-us\\\/\"]}]},{\"@type\":\"ImageObject\",\"inLanguage\":\"et\",\"@id\":\"https:\\\/\\\/fonolukk.eu\\\/et\\\/contact-us\\\/#primaryimage\",\"url\":\"https:\\\/\\\/fonolukk.eu\\\/wp-content\\\/uploads\\\/2026\\\/02\\\/fonolukk_tallinn.jpg\",\"contentUrl\":\"https:\\\/\\\/fonolukk.eu\\\/wp-content\\\/uploads\\\/2026\\\/02\\\/fonolukk_tallinn.jpg\"},{\"@type\":\"BreadcrumbList\",\"@id\":\"https:\\\/\\\/fonolukk.eu\\\/et\\\/contact-us\\\/#breadcrumb\",\"itemListElement\":[{\"@type\":\"ListItem\",\"position\":1,\"name\":\"Esileht\",\"item\":\"https:\\\/\\\/fonolukk.eu\\\/et\\\/koduleht\\\/\"},{\"@type\":\"ListItem\",\"position\":2,\"name\":\"Kontakt\"}]},{\"@type\":\"WebSite\",\"@id\":\"https:\\\/\\\/fonolukk.eu\\\/et\\\/#website\",\"url\":\"https:\\\/\\\/fonolukk.eu\\\/et\\\/\",\"name\":\"Fonolukk eu\",\"description\":\"Smart Security Systems\",\"publisher\":{\"@id\":\"https:\\\/\\\/fonolukk.eu\\\/et\\\/#organization\"},\"potentialAction\":[{\"@type\":\"SearchAction\",\"target\":{\"@type\":\"EntryPoint\",\"urlTemplate\":\"https:\\\/\\\/fonolukk.eu\\\/et\\\/?s={search_term_string}\"},\"query-input\":{\"@type\":\"PropertyValueSpecification\",\"valueRequired\":true,\"valueName\":\"search_term_string\"}}],\"inLanguage\":\"et\"},{\"@type\":\"Organization\",\"@id\":\"https:\\\/\\\/fonolukk.eu\\\/et\\\/#organization\",\"name\":\"Smart Security OU\",\"url\":\"https:\\\/\\\/fonolukk.eu\\\/et\\\/\",\"logo\":{\"@type\":\"ImageObject\",\"inLanguage\":\"et\",\"@id\":\"https:\\\/\\\/fonolukk.eu\\\/et\\\/#\\\/schema\\\/logo\\\/image\\\/\",\"url\":\"https:\\\/\\\/fonolukk.eu\\\/wp-content\\\/uploads\\\/2023\\\/09\\\/fonolukk.png\",\"contentUrl\":\"https:\\\/\\\/fonolukk.eu\\\/wp-content\\\/uploads\\\/2023\\\/09\\\/fonolukk.png\",\"width\":277,\"height\":274,\"caption\":\"Smart Security OU\"},\"image\":{\"@id\":\"https:\\\/\\\/fonolukk.eu\\\/et\\\/#\\\/schema\\\/logo\\\/image\\\/\"},\"sameAs\":[\"https:\\\/\\\/www.facebook.com\\\/fonolukk\",\"https:\\\/\\\/www.instagram.com\\\/fonolukk\\\/?hl=ru\"],\"publishingPrinciples\":\"https:\\\/\\\/fonolukk.eu\\\/terms-and-conditions\\\/\",\"ownershipFundingInfo\":\"https:\\\/\\\/fonolukk.eu\\\/about-us\\\/\"},{\"@type\":\"Person\",\"@id\":\"https:\\\/\\\/fonolukk.eu\\\/et\\\/#\\\/schema\\\/person\\\/4a592fd1f64fdd66154ab76d1bf648e6\",\"name\":\"Aleksei Mal\",\"image\":{\"@type\":\"ImageObject\",\"inLanguage\":\"et\",\"@id\":\"https:\\\/\\\/secure.gravatar.com\\\/avatar\\\/6f18e43804942ed4c91305613f8164568de2648f6c56b3d7ea211631dda24c59?s=96&d=mm&r=g\",\"url\":\"https:\\\/\\\/secure.gravatar.com\\\/avatar\\\/6f18e43804942ed4c91305613f8164568de2648f6c56b3d7ea211631dda24c59?s=96&d=mm&r=g\",\"contentUrl\":\"https:\\\/\\\/secure.gravatar.com\\\/avatar\\\/6f18e43804942ed4c91305613f8164568de2648f6c56b3d7ea211631dda24c59?s=96&d=mm&r=g\",\"caption\":\"Aleksei Mal\"},\"url\":\"https:\\\/\\\/fonolukk.eu\\\/et\\\/author\\\/aleksei-mal\\\/\"}]}<\/script>\n<!-- \/ Yoast SEO Premium plugin. -->","yoast_head_json":{"title":"Kontakt - Fonolukk","description":"Fonoluku ja L\u00e4bip\u00e4\u00e4sus\u00fcsteemi Paigaldus , Remont , Hooldus. Rainmann (Laskomex) , Vizit , Eltis , Farfisa jne. Tel. 66 11 774.","robots":{"index":"index","follow":"nofollow","max-snippet":"max-snippet:-1","max-image-preview":"max-image-preview:large","max-video-preview":"max-video-preview:-1"},"canonical":"https:\/\/fonolukk.eu\/et\/contact-us\/","og_locale":"et_EE","og_type":"article","og_title":"Kontakt","og_description":"FONOLUKK KUS ME ASUME? Smart Security on Eesti sisetelefonide ja juurdep\u00e4\u00e4sukontrollis\u00fcsteemide turul tegutsenud \u00fcle 20 aasta.\u00a0 Tuuliku tee 4, Tallinn","og_url":"https:\/\/fonolukk.eu\/et\/contact-us\/","og_site_name":"Fonolukk","article_publisher":"https:\/\/www.facebook.com\/fonolukk","article_modified_time":"2026-03-05T12:57:20+00:00","og_image":[{"width":701,"height":500,"url":"https:\/\/fonolukk.eu\/wp-content\/uploads\/2026\/02\/fonolukk_tallinn.jpg","type":"image\/jpeg"}],"twitter_card":"summary_large_image","twitter_misc":{"Est. reading time":"1 minut"},"schema":{"@context":"https:\/\/schema.org","@graph":[{"@type":["Article","BlogPosting"],"@id":"https:\/\/fonolukk.eu\/et\/contact-us\/#article","isPartOf":{"@id":"https:\/\/fonolukk.eu\/et\/contact-us\/"},"author":{"name":"Aleksei Mal","@id":"https:\/\/fonolukk.eu\/et\/#\/schema\/person\/4a592fd1f64fdd66154ab76d1bf648e6"},"headline":"Kontakt","datePublished":"2020-02-14T15:12:35+00:00","dateModified":"2026-03-05T12:57:20+00:00","mainEntityOfPage":{"@id":"https:\/\/fonolukk.eu\/et\/contact-us\/"},"wordCount":44,"publisher":{"@id":"https:\/\/fonolukk.eu\/et\/#organization"},"image":{"@id":"https:\/\/fonolukk.eu\/et\/contact-us\/#primaryimage"},"thumbnailUrl":"https:\/\/fonolukk.eu\/wp-content\/uploads\/2026\/02\/fonolukk_tallinn.jpg","inLanguage":"et"},{"@type":"WebPage","@id":"https:\/\/fonolukk.eu\/et\/contact-us\/","url":"https:\/\/fonolukk.eu\/et\/contact-us\/","name":"Kontakt - Fonolukk","isPartOf":{"@id":"https:\/\/fonolukk.eu\/et\/#website"},"primaryImageOfPage":{"@id":"https:\/\/fonolukk.eu\/et\/contact-us\/#primaryimage"},"image":{"@id":"https:\/\/fonolukk.eu\/et\/contact-us\/#primaryimage"},"thumbnailUrl":"https:\/\/fonolukk.eu\/wp-content\/uploads\/2026\/02\/fonolukk_tallinn.jpg","datePublished":"2020-02-14T15:12:35+00:00","dateModified":"2026-03-05T12:57:20+00:00","description":"Fonoluku ja L\u00e4bip\u00e4\u00e4sus\u00fcsteemi Paigaldus , Remont , Hooldus. Rainmann (Laskomex) , Vizit , Eltis , Farfisa jne. Tel. 66 11 774.","breadcrumb":{"@id":"https:\/\/fonolukk.eu\/et\/contact-us\/#breadcrumb"},"inLanguage":"et","potentialAction":[{"@type":"ReadAction","target":["https:\/\/fonolukk.eu\/et\/contact-us\/"]}]},{"@type":"ImageObject","inLanguage":"et","@id":"https:\/\/fonolukk.eu\/et\/contact-us\/#primaryimage","url":"https:\/\/fonolukk.eu\/wp-content\/uploads\/2026\/02\/fonolukk_tallinn.jpg","contentUrl":"https:\/\/fonolukk.eu\/wp-content\/uploads\/2026\/02\/fonolukk_tallinn.jpg"},{"@type":"BreadcrumbList","@id":"https:\/\/fonolukk.eu\/et\/contact-us\/#breadcrumb","itemListElement":[{"@type":"ListItem","position":1,"name":"Esileht","item":"https:\/\/fonolukk.eu\/et\/koduleht\/"},{"@type":"ListItem","position":2,"name":"Kontakt"}]},{"@type":"WebSite","@id":"https:\/\/fonolukk.eu\/et\/#website","url":"https:\/\/fonolukk.eu\/et\/","name":"Fonolukk eu","description":"Smart Security Systems","publisher":{"@id":"https:\/\/fonolukk.eu\/et\/#organization"},"potentialAction":[{"@type":"SearchAction","target":{"@type":"EntryPoint","urlTemplate":"https:\/\/fonolukk.eu\/et\/?s={search_term_string}"},"query-input":{"@type":"PropertyValueSpecification","valueRequired":true,"valueName":"search_term_string"}}],"inLanguage":"et"},{"@type":"Organization","@id":"https:\/\/fonolukk.eu\/et\/#organization","name":"Smart Security OU","url":"https:\/\/fonolukk.eu\/et\/","logo":{"@type":"ImageObject","inLanguage":"et","@id":"https:\/\/fonolukk.eu\/et\/#\/schema\/logo\/image\/","url":"https:\/\/fonolukk.eu\/wp-content\/uploads\/2023\/09\/fonolukk.png","contentUrl":"https:\/\/fonolukk.eu\/wp-content\/uploads\/2023\/09\/fonolukk.png","width":277,"height":274,"caption":"Smart Security OU"},"image":{"@id":"https:\/\/fonolukk.eu\/et\/#\/schema\/logo\/image\/"},"sameAs":["https:\/\/www.facebook.com\/fonolukk","https:\/\/www.instagram.com\/fonolukk\/?hl=ru"],"publishingPrinciples":"https:\/\/fonolukk.eu\/terms-and-conditions\/","ownershipFundingInfo":"https:\/\/fonolukk.eu\/about-us\/"},{"@type":"Person","@id":"https:\/\/fonolukk.eu\/et\/#\/schema\/person\/4a592fd1f64fdd66154ab76d1bf648e6","name":"Aleksei Mal","image":{"@type":"ImageObject","inLanguage":"et","@id":"https:\/\/secure.gravatar.com\/avatar\/6f18e43804942ed4c91305613f8164568de2648f6c56b3d7ea211631dda24c59?s=96&d=mm&r=g","url":"https:\/\/secure.gravatar.com\/avatar\/6f18e43804942ed4c91305613f8164568de2648f6c56b3d7ea211631dda24c59?s=96&d=mm&r=g","contentUrl":"https:\/\/secure.gravatar.com\/avatar\/6f18e43804942ed4c91305613f8164568de2648f6c56b3d7ea211631dda24c59?s=96&d=mm&r=g","caption":"Aleksei Mal"},"url":"https:\/\/fonolukk.eu\/et\/author\/aleksei-mal\/"}]}},"_links":{"self":[{"href":"https:\/\/fonolukk.eu\/et\/wp-json\/wp\/v2\/pages\/3768","targetHints":{"allow":["GET"]}}],"collection":[{"href":"https:\/\/fonolukk.eu\/et\/wp-json\/wp\/v2\/pages"}],"about":[{"href":"https:\/\/fonolukk.eu\/et\/wp-json\/wp\/v2\/types\/page"}],"author":[{"embeddable":true,"href":"https:\/\/fonolukk.eu\/et\/wp-json\/wp\/v2\/users\/2"}],"replies":[{"embeddable":true,"href":"https:\/\/fonolukk.eu\/et\/wp-json\/wp\/v2\/comments?post=3768"}],"version-history":[{"count":27,"href":"https:\/\/fonolukk.eu\/et\/wp-json\/wp\/v2\/pages\/3768\/revisions"}],"predecessor-version":[{"id":23109,"href":"https:\/\/fonolukk.eu\/et\/wp-json\/wp\/v2\/pages\/3768\/revisions\/23109"}],"wp:attachment":[{"href":"https:\/\/fonolukk.eu\/et\/wp-json\/wp\/v2\/media?parent=3768"}],"curies":[{"name":"wp","href":"https:\/\/api.w.org\/{rel}","templated":true}]}}