{"id":3794,"date":"2020-02-14T18:30:48","date_gmt":"2020-02-14T18:30:48","guid":{"rendered":"https:\/\/fonolukk.eu\/tarne\/"},"modified":"2026-02-10T14:00:01","modified_gmt":"2026-02-10T12:00:01","slug":"tarne","status":"publish","type":"page","link":"https:\/\/fonolukk.eu\/et\/tarne\/","title":{"rendered":"Tarne"},"content":{"rendered":"\n<h2 class=\"wp-block-heading\" id=\"h-1-tarne-ja-muugitingimused\"><strong>1. TARNE- JA M\u00dc\u00dcGITINGIMUSED<\/strong><\/h2>\n\n\n\n<p><strong>1.1.&nbsp;<\/strong><strong>Tarne<\/strong><strong>&nbsp;<\/strong><strong>Eestis<\/strong><\/p>\n\n\n\n<p><strong>Laos\u00a0olevad\u00a0tooted:<\/strong>\u00a0Kui\u00a0toode\u00a0asub\u00a0meie\u00a0Tallinna\u00a0pealaos,\u00a0anname\u00a0sellekullerteenusele\u00a0(Omniva\u00a0\/\u00a0SmartPost)\u00a0\u00fcle\u00a0<strong>1\u00a0t\u00f6\u00f6p\u00e4eva<\/strong>\u00a0jooksul\u00a0p\u00e4rast\u00a0makselaekumist. Tarneaeg\u00a0teieni:\u00a0<strong>1\u20133\u00a0t\u00f6\u00f6p\u00e4eva<\/strong>.<\/p>\n\n\n\n<p><strong>Tellimisel\u00a0tooted:<\/strong>\u00a0Kui\u00a0toote\u00a0juures\u00a0on\u00a0m\u00e4rge\u00a0<em>&#8220;Tarne 2\u20133\u00a0p\u00e4eva&#8221;<\/em>\u00a0(v\u00f5i <em>J\u00e4reltellimine<\/em>),\u00a0liigub\u00a0kaup\u00a0v\u00e4lismaa\u00a0vahelaost.\u00a0Eeldatav\u00a0k\u00e4ttesaamise\u00a0aeg:\u00a0<strong>3\u20135\u00a0t\u00f6\u00f6p\u00e4eva<\/strong>.<\/p>\n\n\n\n<p><strong>1.2.&nbsp;<\/strong><strong>Tarne<\/strong><strong>&nbsp;<\/strong><strong>Euroopasse<\/strong><strong>&nbsp;(EL)<\/strong><\/p>\n\n\n\n<p>Saadame&nbsp;tellimusi&nbsp;Soome,&nbsp;L\u00e4tisse,&nbsp;Leetu&nbsp;ja&nbsp;teistesse&nbsp;Euroopa&nbsp;Liidu&nbsp;riikidesse.<\/p>\n\n\n\n<p>\u2022&nbsp;Tarneaeg&nbsp;ja hind&nbsp;s\u00f5ltuvad&nbsp;sihtriigist&nbsp;ning&nbsp;paki&nbsp;kaalust.<\/p>\n\n\n\n<p>\u2022&nbsp;T\u00e4pne&nbsp;transpordihind&nbsp;arvutatakse&nbsp;ostukorvis&nbsp;automaatselt&nbsp;p\u00e4rast&nbsp;riigi&nbsp;valimist.<\/p>\n\n\n\n<p><strong>1.3. Ei&nbsp;<\/strong><strong>leidnud<\/strong><strong>&nbsp;<\/strong><strong>sobivat<\/strong><strong>&nbsp;<\/strong><strong>tarneviisi<\/strong><strong>?<\/strong><\/p>\n\n\n\n<p>Kui&nbsp;te&nbsp;ei&nbsp;n\u00e4e&nbsp;ostukorvis&nbsp;sobivat&nbsp;tarneviisi&nbsp;(v\u00f5i&nbsp;kalkulaator&nbsp;ei&nbsp;kuva&nbsp;hinda&nbsp;teie&nbsp;riigijaoks) \u2014&nbsp;<strong>\u00e4rge<\/strong><strong>&nbsp;<\/strong><strong>muretsege<\/strong><strong>,&nbsp;<\/strong><strong>leiame<\/strong><strong>&nbsp;<\/strong><strong>lahenduse<\/strong><strong>!<\/strong><\/p>\n\n\n\n<p>V\u00f5tke&nbsp;meiega&nbsp;\u00fchendust&nbsp;ja&nbsp;pakume&nbsp;individuaalset&nbsp;varianti&nbsp;(kuller,&nbsp;transpordifirma&nbsp;v\u00f5iise&nbsp;j\u00e4rele&nbsp;tulemine):<\/p>\n\n\n\n<p>\u2022&nbsp;<strong>E-<\/strong><strong>post<\/strong><strong>:<\/strong>&nbsp;info@fonolukk.eu<\/p>\n\n\n\n<p>\u2022&nbsp;<strong>Telefon<\/strong><strong>:<\/strong>&nbsp;+372 661 1774&nbsp;<\/p>\n\n\n\n<p><strong>1.4.&nbsp;<\/strong><strong>Ise<\/strong><strong>&nbsp;<\/strong><strong>j\u00e4rele<\/strong><strong>&nbsp;<\/strong><strong>tulemine<\/strong><\/p>\n\n\n\n<p>Saate&nbsp;makstud&nbsp;kaubale&nbsp;ise&nbsp;j\u00e4rele&nbsp;tulla&nbsp;meie&nbsp;kontorisse:<\/p>\n\n\n\n<p>\u2022&nbsp;<strong>Aadress<\/strong><strong>:<\/strong>&nbsp;Tallinn,&nbsp;Tuuliku&nbsp;tee 4 (Smart Security O\u00dc).<\/p>\n\n\n\n<p>\u2022\u00a0<strong>Oleme avatud:<\/strong>\u00a0E\u2013R 09:00 \u2013 17:00.<\/p>\n\n\n\n<p>\u2022&nbsp;<em>Palun<\/em><em>&nbsp;<\/em><em>oodake<\/em><em>&nbsp;<\/em><em>kinnitust<\/em><em>, et&nbsp;<\/em><em>teie<\/em><em>&nbsp;<\/em><em>tellimus<\/em><em>&nbsp;on&nbsp;<\/em><em>komplekteeritud<\/em><em>.<\/em><\/p>\n\n\n\n<h2 class=\"wp-block-heading\" id=\"h-2-oluline-info\"><strong>2. OLULINE INFO<\/strong><\/h2>\n\n\n\n<p><strong>2.1.&nbsp;<\/strong><strong>Andmete<\/strong><strong>&nbsp;<\/strong><strong>\u00f5igsus<\/strong><\/p>\n\n\n\n<p>Palun&nbsp;kontrollige&nbsp;hoolikalt&nbsp;aadressi,&nbsp;postiindeksit&nbsp;ja&nbsp;telefoninumbrit. Fonolukk.eu ja&nbsp;kullerfirmad&nbsp;ei&nbsp;vastuta&nbsp;viivituste&nbsp;eest,&nbsp;kui&nbsp;saaja&nbsp;andmed&nbsp;on&nbsp;esitatud&nbsp;vigaselt.<\/p>\n\n\n\n<p><strong>2.2.&nbsp;<\/strong><strong>Hinnad<\/strong><strong>&nbsp;<\/strong><strong>ja<\/strong><strong>&nbsp;<\/strong><strong>tasumine<\/strong><\/p>\n\n\n\n<p>\u2022&nbsp;K\u00f5ik&nbsp;e-poe&nbsp;hinnad&nbsp;on&nbsp;toodud&nbsp;<strong>eurodes<\/strong><strong>&nbsp;(\u20ac)<\/strong>&nbsp;ja&nbsp;sisaldavad&nbsp;k\u00e4ibemaksu&nbsp;(<strong>KM<\/strong>).<\/p>\n\n\n\n<p>\u2022&nbsp;Transporditasu&nbsp;ei&nbsp;sisaldu&nbsp;toote&nbsp;hinnas&nbsp;ja&nbsp;lisandub&nbsp;ostukorvis.<\/p>\n\n\n\n<p><strong>2.3.&nbsp;<\/strong><strong>Hinnamuutused<\/strong><\/p>\n\n\n\n<p>Kui&nbsp;toote&nbsp;hind e-poes&nbsp;muutub&nbsp;<em>p\u00e4rast<\/em>&nbsp;tellimuse&nbsp;vormistamist&nbsp;ja&nbsp;tasumist,&nbsp;kehtib&nbsp;teilehind, mis&nbsp;oli&nbsp;j\u00f5us&nbsp;<strong>ostu<\/strong><strong>&nbsp;<\/strong><strong>sooritamise<\/strong><strong>&nbsp;<\/strong><strong>hetkel<\/strong>.<\/p>\n\n\n\n<p>\u2022&nbsp;Me&nbsp;ei&nbsp;n\u00f5ua&nbsp;juurdemaksu,&nbsp;kui&nbsp;hind on&nbsp;t\u00f5usnud.<\/p>\n\n\n\n<p>\u2022&nbsp;<strong>Me&nbsp;<\/strong><strong>ei<\/strong><strong>&nbsp;<\/strong><strong>kompenseeri<\/strong><strong>&nbsp;<\/strong><strong>hinnavahet<\/strong><strong>,&nbsp;<\/strong><strong>kui<\/strong><strong>&nbsp;hind on&nbsp;<\/strong><strong>langenud<\/strong><strong>.<\/strong><\/p>\n\n\n\n<p><\/p>\n","protected":false},"excerpt":{"rendered":"<p>1. TARNE- JA M\u00dc\u00dcGITINGIMUSED 1.1.&nbsp;Tarne&nbsp;Eestis Laos\u00a0olevad\u00a0tooted:\u00a0Kui\u00a0toode\u00a0asub\u00a0meie\u00a0Tallinna\u00a0pealaos,\u00a0anname\u00a0sellekullerteenusele\u00a0(Omniva\u00a0\/\u00a0SmartPost)\u00a0\u00fcle\u00a01\u00a0t\u00f6\u00f6p\u00e4eva\u00a0jooksul\u00a0p\u00e4rast\u00a0makselaekumist. Tarneaeg\u00a0teieni:\u00a01\u20133\u00a0t\u00f6\u00f6p\u00e4eva. Tellimisel\u00a0tooted:\u00a0Kui\u00a0toote\u00a0juures\u00a0on\u00a0m\u00e4rge\u00a0&#8220;Tarne 2\u20133\u00a0p\u00e4eva&#8221;\u00a0(v\u00f5i J\u00e4reltellimine),\u00a0liigub\u00a0kaup\u00a0v\u00e4lismaa\u00a0vahelaost.\u00a0Eeldatav\u00a0k\u00e4ttesaamise\u00a0aeg:\u00a03\u20135\u00a0t\u00f6\u00f6p\u00e4eva. 1.2.&nbsp;Tarne&nbsp;Euroopasse&nbsp;(EL) Saadame&nbsp;tellimusi&nbsp;Soome,&nbsp;L\u00e4tisse,&nbsp;Leetu&nbsp;ja&nbsp;teistesse&nbsp;Euroopa&nbsp;Liidu&nbsp;riikidesse. \u2022&nbsp;Tarneaeg&nbsp;ja hind&nbsp;s\u00f5ltuvad&nbsp;sihtriigist&nbsp;ning&nbsp;paki&nbsp;kaalust. \u2022&nbsp;T\u00e4pne&nbsp;transpordihind&nbsp;arvutatakse&nbsp;ostukorvis&nbsp;automaatselt&nbsp;p\u00e4rast&nbsp;riigi&nbsp;valimist. 1.3. Ei&nbsp;leidnud&nbsp;sobivat&nbsp;tarneviisi? Kui&nbsp;te&nbsp;ei&nbsp;n\u00e4e&nbsp;ostukorvis&nbsp;sobivat&nbsp;tarneviisi&nbsp;(v\u00f5i&nbsp;kalkulaator&nbsp;ei&nbsp;kuva&nbsp;hinda&nbsp;teie&nbsp;riigijaoks) \u2014&nbsp;\u00e4rge&nbsp;muretsege,&nbsp;leiame&nbsp;lahenduse! V\u00f5tke&nbsp;meiega&nbsp;\u00fchendust&nbsp;ja&nbsp;pakume&nbsp;individuaalset&nbsp;varianti&nbsp;(kuller,&nbsp;transpordifirma&nbsp;v\u00f5iise&nbsp;j\u00e4rele&nbsp;tulemine):<\/p>\n","protected":false},"author":2,"featured_media":0,"parent":0,"menu_order":0,"comment_status":"closed","ping_status":"closed","template":"","meta":{"footnotes":""},"class_list":["post-3794","page","type-page","status-publish","hentry"],"yoast_head":"<!-- This site is optimized with the Yoast SEO Premium plugin v27.3 (Yoast SEO v27.3) - https:\/\/yoast.com\/product\/yoast-seo-premium-wordpress\/ -->\n<title>Tarne - Fonolukk<\/title>\n<meta name=\"description\" content=\"Fonoluku ja L\u00e4bip\u00e4\u00e4sus\u00fcsteemi Paigaldus , Remont , Hooldus. Rainmann (Laskomex) , Vizit , Eltis , Farfisa jne. Tel. 66 11 774.\" \/>\n<meta name=\"robots\" content=\"index, follow, max-snippet:-1, max-image-preview:large, max-video-preview:-1\" \/>\n<link rel=\"canonical\" href=\"https:\/\/fonolukk.eu\/et\/tarne\/\" \/>\n<meta property=\"og:locale\" content=\"et_EE\" \/>\n<meta property=\"og:type\" content=\"article\" \/>\n<meta property=\"og:title\" content=\"Tarne\" \/>\n<meta property=\"og:description\" content=\"1. TARNE- JA M\u00dc\u00dcGITINGIMUSED 1.1.&nbsp;Tarne&nbsp;Eestis\" \/>\n<meta property=\"og:url\" content=\"https:\/\/fonolukk.eu\/et\/tarne\/\" \/>\n<meta property=\"og:site_name\" content=\"Fonolukk\" \/>\n<meta property=\"article:publisher\" content=\"https:\/\/www.facebook.com\/fonolukk\" \/>\n<meta property=\"article:modified_time\" content=\"2026-02-10T12:00:01+00:00\" \/>\n<meta property=\"og:image\" content=\"https:\/\/fonolukk.eu\/wp-content\/uploads\/2021\/04\/logo-fonolukk-c-tel-1.png\" \/>\n\t<meta property=\"og:image:width\" content=\"592\" \/>\n\t<meta property=\"og:image:height\" content=\"228\" \/>\n\t<meta property=\"og:image:type\" content=\"image\/png\" \/>\n<meta name=\"twitter:card\" content=\"summary_large_image\" \/>\n<meta name=\"twitter:label1\" content=\"Est. reading time\" \/>\n\t<meta name=\"twitter:data1\" content=\"2 minutit\" \/>\n<script type=\"application\/ld+json\" class=\"yoast-schema-graph\">{\"@context\":\"https:\\\/\\\/schema.org\",\"@graph\":[{\"@type\":[\"Article\",\"BlogPosting\"],\"@id\":\"https:\\\/\\\/fonolukk.eu\\\/et\\\/tarne\\\/#article\",\"isPartOf\":{\"@id\":\"https:\\\/\\\/fonolukk.eu\\\/et\\\/tarne\\\/\"},\"author\":{\"name\":\"Aleksei Mal\",\"@id\":\"https:\\\/\\\/fonolukk.eu\\\/et\\\/#\\\/schema\\\/person\\\/4a592fd1f64fdd66154ab76d1bf648e6\"},\"headline\":\"Tarne\",\"datePublished\":\"2020-02-14T18:30:48+00:00\",\"dateModified\":\"2026-02-10T12:00:01+00:00\",\"mainEntityOfPage\":{\"@id\":\"https:\\\/\\\/fonolukk.eu\\\/et\\\/tarne\\\/\"},\"wordCount\":414,\"publisher\":{\"@id\":\"https:\\\/\\\/fonolukk.eu\\\/et\\\/#organization\"},\"inLanguage\":\"et\"},{\"@type\":\"WebPage\",\"@id\":\"https:\\\/\\\/fonolukk.eu\\\/et\\\/tarne\\\/\",\"url\":\"https:\\\/\\\/fonolukk.eu\\\/et\\\/tarne\\\/\",\"name\":\"Tarne - Fonolukk\",\"isPartOf\":{\"@id\":\"https:\\\/\\\/fonolukk.eu\\\/et\\\/#website\"},\"datePublished\":\"2020-02-14T18:30:48+00:00\",\"dateModified\":\"2026-02-10T12:00:01+00:00\",\"description\":\"Fonoluku ja L\u00e4bip\u00e4\u00e4sus\u00fcsteemi Paigaldus , Remont , Hooldus. Rainmann (Laskomex) , Vizit , Eltis , Farfisa jne. Tel. 66 11 774.\",\"breadcrumb\":{\"@id\":\"https:\\\/\\\/fonolukk.eu\\\/et\\\/tarne\\\/#breadcrumb\"},\"inLanguage\":\"et\",\"potentialAction\":[{\"@type\":\"ReadAction\",\"target\":[\"https:\\\/\\\/fonolukk.eu\\\/et\\\/tarne\\\/\"]}]},{\"@type\":\"BreadcrumbList\",\"@id\":\"https:\\\/\\\/fonolukk.eu\\\/et\\\/tarne\\\/#breadcrumb\",\"itemListElement\":[{\"@type\":\"ListItem\",\"position\":1,\"name\":\"Esileht\",\"item\":\"https:\\\/\\\/fonolukk.eu\\\/et\\\/koduleht\\\/\"},{\"@type\":\"ListItem\",\"position\":2,\"name\":\"Tarne\"}]},{\"@type\":\"WebSite\",\"@id\":\"https:\\\/\\\/fonolukk.eu\\\/et\\\/#website\",\"url\":\"https:\\\/\\\/fonolukk.eu\\\/et\\\/\",\"name\":\"Fonolukk eu\",\"description\":\"Smart Security Systems\",\"publisher\":{\"@id\":\"https:\\\/\\\/fonolukk.eu\\\/et\\\/#organization\"},\"potentialAction\":[{\"@type\":\"SearchAction\",\"target\":{\"@type\":\"EntryPoint\",\"urlTemplate\":\"https:\\\/\\\/fonolukk.eu\\\/et\\\/?s={search_term_string}\"},\"query-input\":{\"@type\":\"PropertyValueSpecification\",\"valueRequired\":true,\"valueName\":\"search_term_string\"}}],\"inLanguage\":\"et\"},{\"@type\":\"Organization\",\"@id\":\"https:\\\/\\\/fonolukk.eu\\\/et\\\/#organization\",\"name\":\"Smart Security OU\",\"url\":\"https:\\\/\\\/fonolukk.eu\\\/et\\\/\",\"logo\":{\"@type\":\"ImageObject\",\"inLanguage\":\"et\",\"@id\":\"https:\\\/\\\/fonolukk.eu\\\/et\\\/#\\\/schema\\\/logo\\\/image\\\/\",\"url\":\"https:\\\/\\\/fonolukk.eu\\\/wp-content\\\/uploads\\\/2023\\\/09\\\/fonolukk.png\",\"contentUrl\":\"https:\\\/\\\/fonolukk.eu\\\/wp-content\\\/uploads\\\/2023\\\/09\\\/fonolukk.png\",\"width\":277,\"height\":274,\"caption\":\"Smart Security OU\"},\"image\":{\"@id\":\"https:\\\/\\\/fonolukk.eu\\\/et\\\/#\\\/schema\\\/logo\\\/image\\\/\"},\"sameAs\":[\"https:\\\/\\\/www.facebook.com\\\/fonolukk\",\"https:\\\/\\\/www.instagram.com\\\/fonolukk\\\/?hl=ru\"],\"publishingPrinciples\":\"https:\\\/\\\/fonolukk.eu\\\/terms-and-conditions\\\/\",\"ownershipFundingInfo\":\"https:\\\/\\\/fonolukk.eu\\\/about-us\\\/\"},{\"@type\":\"Person\",\"@id\":\"https:\\\/\\\/fonolukk.eu\\\/et\\\/#\\\/schema\\\/person\\\/4a592fd1f64fdd66154ab76d1bf648e6\",\"name\":\"Aleksei Mal\",\"image\":{\"@type\":\"ImageObject\",\"inLanguage\":\"et\",\"@id\":\"https:\\\/\\\/secure.gravatar.com\\\/avatar\\\/6f18e43804942ed4c91305613f8164568de2648f6c56b3d7ea211631dda24c59?s=96&d=mm&r=g\",\"url\":\"https:\\\/\\\/secure.gravatar.com\\\/avatar\\\/6f18e43804942ed4c91305613f8164568de2648f6c56b3d7ea211631dda24c59?s=96&d=mm&r=g\",\"contentUrl\":\"https:\\\/\\\/secure.gravatar.com\\\/avatar\\\/6f18e43804942ed4c91305613f8164568de2648f6c56b3d7ea211631dda24c59?s=96&d=mm&r=g\",\"caption\":\"Aleksei Mal\"},\"url\":\"https:\\\/\\\/fonolukk.eu\\\/et\\\/author\\\/aleksei-mal\\\/\"}]}<\/script>\n<!-- \/ Yoast SEO Premium plugin. -->","yoast_head_json":{"title":"Tarne - Fonolukk","description":"Fonoluku ja L\u00e4bip\u00e4\u00e4sus\u00fcsteemi Paigaldus , Remont , Hooldus. Rainmann (Laskomex) , Vizit , Eltis , Farfisa jne. Tel. 66 11 774.","robots":{"index":"index","follow":"follow","max-snippet":"max-snippet:-1","max-image-preview":"max-image-preview:large","max-video-preview":"max-video-preview:-1"},"canonical":"https:\/\/fonolukk.eu\/et\/tarne\/","og_locale":"et_EE","og_type":"article","og_title":"Tarne","og_description":"1. TARNE- JA M\u00dc\u00dcGITINGIMUSED 1.1.&nbsp;Tarne&nbsp;Eestis","og_url":"https:\/\/fonolukk.eu\/et\/tarne\/","og_site_name":"Fonolukk","article_publisher":"https:\/\/www.facebook.com\/fonolukk","article_modified_time":"2026-02-10T12:00:01+00:00","og_image":[{"width":592,"height":228,"url":"https:\/\/fonolukk.eu\/wp-content\/uploads\/2021\/04\/logo-fonolukk-c-tel-1.png","type":"image\/png"}],"twitter_card":"summary_large_image","twitter_misc":{"Est. reading time":"2 minutit"},"schema":{"@context":"https:\/\/schema.org","@graph":[{"@type":["Article","BlogPosting"],"@id":"https:\/\/fonolukk.eu\/et\/tarne\/#article","isPartOf":{"@id":"https:\/\/fonolukk.eu\/et\/tarne\/"},"author":{"name":"Aleksei Mal","@id":"https:\/\/fonolukk.eu\/et\/#\/schema\/person\/4a592fd1f64fdd66154ab76d1bf648e6"},"headline":"Tarne","datePublished":"2020-02-14T18:30:48+00:00","dateModified":"2026-02-10T12:00:01+00:00","mainEntityOfPage":{"@id":"https:\/\/fonolukk.eu\/et\/tarne\/"},"wordCount":414,"publisher":{"@id":"https:\/\/fonolukk.eu\/et\/#organization"},"inLanguage":"et"},{"@type":"WebPage","@id":"https:\/\/fonolukk.eu\/et\/tarne\/","url":"https:\/\/fonolukk.eu\/et\/tarne\/","name":"Tarne - Fonolukk","isPartOf":{"@id":"https:\/\/fonolukk.eu\/et\/#website"},"datePublished":"2020-02-14T18:30:48+00:00","dateModified":"2026-02-10T12:00:01+00:00","description":"Fonoluku ja L\u00e4bip\u00e4\u00e4sus\u00fcsteemi Paigaldus , Remont , Hooldus. Rainmann (Laskomex) , Vizit , Eltis , Farfisa jne. Tel. 66 11 774.","breadcrumb":{"@id":"https:\/\/fonolukk.eu\/et\/tarne\/#breadcrumb"},"inLanguage":"et","potentialAction":[{"@type":"ReadAction","target":["https:\/\/fonolukk.eu\/et\/tarne\/"]}]},{"@type":"BreadcrumbList","@id":"https:\/\/fonolukk.eu\/et\/tarne\/#breadcrumb","itemListElement":[{"@type":"ListItem","position":1,"name":"Esileht","item":"https:\/\/fonolukk.eu\/et\/koduleht\/"},{"@type":"ListItem","position":2,"name":"Tarne"}]},{"@type":"WebSite","@id":"https:\/\/fonolukk.eu\/et\/#website","url":"https:\/\/fonolukk.eu\/et\/","name":"Fonolukk eu","description":"Smart Security Systems","publisher":{"@id":"https:\/\/fonolukk.eu\/et\/#organization"},"potentialAction":[{"@type":"SearchAction","target":{"@type":"EntryPoint","urlTemplate":"https:\/\/fonolukk.eu\/et\/?s={search_term_string}"},"query-input":{"@type":"PropertyValueSpecification","valueRequired":true,"valueName":"search_term_string"}}],"inLanguage":"et"},{"@type":"Organization","@id":"https:\/\/fonolukk.eu\/et\/#organization","name":"Smart Security OU","url":"https:\/\/fonolukk.eu\/et\/","logo":{"@type":"ImageObject","inLanguage":"et","@id":"https:\/\/fonolukk.eu\/et\/#\/schema\/logo\/image\/","url":"https:\/\/fonolukk.eu\/wp-content\/uploads\/2023\/09\/fonolukk.png","contentUrl":"https:\/\/fonolukk.eu\/wp-content\/uploads\/2023\/09\/fonolukk.png","width":277,"height":274,"caption":"Smart Security OU"},"image":{"@id":"https:\/\/fonolukk.eu\/et\/#\/schema\/logo\/image\/"},"sameAs":["https:\/\/www.facebook.com\/fonolukk","https:\/\/www.instagram.com\/fonolukk\/?hl=ru"],"publishingPrinciples":"https:\/\/fonolukk.eu\/terms-and-conditions\/","ownershipFundingInfo":"https:\/\/fonolukk.eu\/about-us\/"},{"@type":"Person","@id":"https:\/\/fonolukk.eu\/et\/#\/schema\/person\/4a592fd1f64fdd66154ab76d1bf648e6","name":"Aleksei Mal","image":{"@type":"ImageObject","inLanguage":"et","@id":"https:\/\/secure.gravatar.com\/avatar\/6f18e43804942ed4c91305613f8164568de2648f6c56b3d7ea211631dda24c59?s=96&d=mm&r=g","url":"https:\/\/secure.gravatar.com\/avatar\/6f18e43804942ed4c91305613f8164568de2648f6c56b3d7ea211631dda24c59?s=96&d=mm&r=g","contentUrl":"https:\/\/secure.gravatar.com\/avatar\/6f18e43804942ed4c91305613f8164568de2648f6c56b3d7ea211631dda24c59?s=96&d=mm&r=g","caption":"Aleksei Mal"},"url":"https:\/\/fonolukk.eu\/et\/author\/aleksei-mal\/"}]}},"_links":{"self":[{"href":"https:\/\/fonolukk.eu\/et\/wp-json\/wp\/v2\/pages\/3794","targetHints":{"allow":["GET"]}}],"collection":[{"href":"https:\/\/fonolukk.eu\/et\/wp-json\/wp\/v2\/pages"}],"about":[{"href":"https:\/\/fonolukk.eu\/et\/wp-json\/wp\/v2\/types\/page"}],"author":[{"embeddable":true,"href":"https:\/\/fonolukk.eu\/et\/wp-json\/wp\/v2\/users\/2"}],"replies":[{"embeddable":true,"href":"https:\/\/fonolukk.eu\/et\/wp-json\/wp\/v2\/comments?post=3794"}],"version-history":[{"count":8,"href":"https:\/\/fonolukk.eu\/et\/wp-json\/wp\/v2\/pages\/3794\/revisions"}],"predecessor-version":[{"id":22037,"href":"https:\/\/fonolukk.eu\/et\/wp-json\/wp\/v2\/pages\/3794\/revisions\/22037"}],"wp:attachment":[{"href":"https:\/\/fonolukk.eu\/et\/wp-json\/wp\/v2\/media?parent=3794"}],"curies":[{"name":"wp","href":"https:\/\/api.w.org\/{rel}","templated":true}]}}