{"id":3802,"date":"2020-02-14T18:50:58","date_gmt":"2020-02-14T18:50:58","guid":{"rendered":"https:\/\/fonolukk.eu\/kuidas-tellida\/"},"modified":"2026-02-05T22:52:49","modified_gmt":"2026-02-05T20:52:49","slug":"kuidas-tellida","status":"publish","type":"page","link":"https:\/\/fonolukk.eu\/et\/kuidas-tellida\/","title":{"rendered":"Kuidas tellida?"},"content":{"rendered":"\n<h2 class=\"wp-block-heading\" id=\"h-kuidas-tellida\"><b>KUIDAS TELLIDA?<\/b><\/h2>\n\n\n\n<p><strong>1. Toote valimine<\/strong><br>Valige vajalik toode kataloogist (fonolukud, lukud, tarvikud). Tutvuge hoolikalt tehniliste andmete ja \u00fchilduvusega.<\/p>\n\n\n\n<p><strong>2. Lisa ostukorvi<\/strong><br>Valige kogus ja vajutage <strong>\u201eLisa ostukorvi\u201d<\/strong>. Seej\u00e4rel avage ostukorv ja vajutage <strong>\u201eMine maksma\u201d<\/strong>.<\/p>\n\n\n\n<p><strong>3. Sisestage andmed ja valige tarneviis<\/strong><br>T\u00e4ida kontaktandmed ja vali tarneviis:<\/p>\n\n\n\n<ul class=\"wp-block-list\">\n<li><strong>Tulen ise j\u00e4rgi (Tuuliku tee 4)<\/strong><\/li>\n\n\n\n<li><strong>Smartposti Estonia<\/strong><\/li>\n\n\n\n<li><strong>SmartPosti kuller<\/strong><\/li>\n\n\n\n<li><strong>Omniva<\/strong><\/li>\n\n\n\n<li><strong>Unisend<\/strong><\/li>\n\n\n\n<li><strong>DPD pakipunkt<\/strong><\/li>\n<\/ul>\n\n\n\n<p><strong>4. Valige makseviis<\/strong><br>Valige \u00fcks j\u00e4rgmistest makseviisidest:<\/p>\n\n\n\n<ul class=\"wp-block-list\">\n<li><strong>Maksa pangalingiga<\/strong><\/li>\n\n\n\n<li><strong>Otse panga\u00fclekanne<\/strong><\/li>\n\n\n\n<li><strong>Kaardimakse<\/strong><\/li>\n<\/ul>\n\n\n\n<p><strong>5. Esitage tellimus ja kinnitus<\/strong><br>N\u00f5ustuge tingimustega ja vajutage <strong>\u201eEsita tellimus\u201d<\/strong>. P\u00e4rast makse sooritamist saadetakse tellimuse kinnitus e-posti teel.<\/p>\n\n\n\n<p><em>(K\u00f5ik hinnad sisaldavad k\u00e4ibemaksu.)<\/em><\/p>\n","protected":false},"excerpt":{"rendered":"<p>KUIDAS TELLIDA? 1. Toote valimineValige vajalik toode kataloogist (fonolukud, lukud, tarvikud). Tutvuge hoolikalt tehniliste andmete ja \u00fchilduvusega. 2. Lisa ostukorviValige<\/p>\n","protected":false},"author":2,"featured_media":0,"parent":0,"menu_order":0,"comment_status":"closed","ping_status":"closed","template":"","meta":{"footnotes":""},"class_list":["post-3802","page","type-page","status-publish","hentry"],"yoast_head":"<!-- This site is optimized with the Yoast SEO Premium plugin v27.3 (Yoast SEO v27.3) - https:\/\/yoast.com\/product\/yoast-seo-premium-wordpress\/ -->\n<title>Kuidas tellida? - Fonolukk<\/title>\n<meta name=\"description\" content=\"Fonoluku ja L\u00e4bip\u00e4\u00e4sus\u00fcsteemi Paigaldus , Remont , Hooldus. Rainmann (Laskomex) , Vizit , Eltis , Farfisa jne. Tel. 66 11 774.\" \/>\n<meta name=\"robots\" content=\"index, follow, max-snippet:-1, max-image-preview:large, max-video-preview:-1\" \/>\n<link rel=\"canonical\" href=\"https:\/\/fonolukk.eu\/et\/kuidas-tellida\/\" \/>\n<meta property=\"og:locale\" content=\"et_EE\" \/>\n<meta property=\"og:type\" content=\"article\" \/>\n<meta property=\"og:title\" content=\"Kuidas tellida?\" \/>\n<meta property=\"og:description\" content=\"KUIDAS TELLIDA? 1. Toote valimineValige vajalik toode kataloogist (fonolukud, lukud, tarvikud). Tutvuge hoolikalt tehniliste andmete ja \u00fchilduvusega. 2.\" \/>\n<meta property=\"og:url\" content=\"https:\/\/fonolukk.eu\/et\/kuidas-tellida\/\" \/>\n<meta property=\"og:site_name\" content=\"Fonolukk\" \/>\n<meta property=\"article:publisher\" content=\"https:\/\/www.facebook.com\/fonolukk\" \/>\n<meta property=\"article:modified_time\" content=\"2026-02-05T20:52:49+00:00\" \/>\n<meta property=\"og:image\" content=\"https:\/\/fonolukk.eu\/wp-content\/uploads\/2021\/04\/logo-fonolukk-c-tel-1.png\" \/>\n\t<meta property=\"og:image:width\" content=\"592\" \/>\n\t<meta property=\"og:image:height\" content=\"228\" \/>\n\t<meta property=\"og:image:type\" content=\"image\/png\" \/>\n<meta name=\"twitter:card\" content=\"summary_large_image\" \/>\n<meta name=\"twitter:label1\" content=\"Est. reading time\" \/>\n\t<meta name=\"twitter:data1\" content=\"1 minut\" \/>\n<script type=\"application\/ld+json\" class=\"yoast-schema-graph\">{\"@context\":\"https:\\\/\\\/schema.org\",\"@graph\":[{\"@type\":[\"Article\",\"BlogPosting\"],\"@id\":\"https:\\\/\\\/fonolukk.eu\\\/et\\\/kuidas-tellida\\\/#article\",\"isPartOf\":{\"@id\":\"https:\\\/\\\/fonolukk.eu\\\/et\\\/kuidas-tellida\\\/\"},\"author\":{\"name\":\"Aleksei Mal\",\"@id\":\"https:\\\/\\\/fonolukk.eu\\\/et\\\/#\\\/schema\\\/person\\\/4a592fd1f64fdd66154ab76d1bf648e6\"},\"headline\":\"Kuidas tellida?\",\"datePublished\":\"2020-02-14T18:50:58+00:00\",\"dateModified\":\"2026-02-05T20:52:49+00:00\",\"mainEntityOfPage\":{\"@id\":\"https:\\\/\\\/fonolukk.eu\\\/et\\\/kuidas-tellida\\\/\"},\"wordCount\":99,\"publisher\":{\"@id\":\"https:\\\/\\\/fonolukk.eu\\\/et\\\/#organization\"},\"inLanguage\":\"et\"},{\"@type\":\"WebPage\",\"@id\":\"https:\\\/\\\/fonolukk.eu\\\/et\\\/kuidas-tellida\\\/\",\"url\":\"https:\\\/\\\/fonolukk.eu\\\/et\\\/kuidas-tellida\\\/\",\"name\":\"Kuidas tellida? - Fonolukk\",\"isPartOf\":{\"@id\":\"https:\\\/\\\/fonolukk.eu\\\/et\\\/#website\"},\"datePublished\":\"2020-02-14T18:50:58+00:00\",\"dateModified\":\"2026-02-05T20:52:49+00:00\",\"description\":\"Fonoluku ja L\u00e4bip\u00e4\u00e4sus\u00fcsteemi Paigaldus , Remont , Hooldus. Rainmann (Laskomex) , Vizit , Eltis , Farfisa jne. Tel. 66 11 774.\",\"breadcrumb\":{\"@id\":\"https:\\\/\\\/fonolukk.eu\\\/et\\\/kuidas-tellida\\\/#breadcrumb\"},\"inLanguage\":\"et\",\"potentialAction\":[{\"@type\":\"ReadAction\",\"target\":[\"https:\\\/\\\/fonolukk.eu\\\/et\\\/kuidas-tellida\\\/\"]}]},{\"@type\":\"BreadcrumbList\",\"@id\":\"https:\\\/\\\/fonolukk.eu\\\/et\\\/kuidas-tellida\\\/#breadcrumb\",\"itemListElement\":[{\"@type\":\"ListItem\",\"position\":1,\"name\":\"Esileht\",\"item\":\"https:\\\/\\\/fonolukk.eu\\\/et\\\/koduleht\\\/\"},{\"@type\":\"ListItem\",\"position\":2,\"name\":\"Kuidas tellida?\"}]},{\"@type\":\"WebSite\",\"@id\":\"https:\\\/\\\/fonolukk.eu\\\/et\\\/#website\",\"url\":\"https:\\\/\\\/fonolukk.eu\\\/et\\\/\",\"name\":\"Fonolukk eu\",\"description\":\"Smart Security Systems\",\"publisher\":{\"@id\":\"https:\\\/\\\/fonolukk.eu\\\/et\\\/#organization\"},\"potentialAction\":[{\"@type\":\"SearchAction\",\"target\":{\"@type\":\"EntryPoint\",\"urlTemplate\":\"https:\\\/\\\/fonolukk.eu\\\/et\\\/?s={search_term_string}\"},\"query-input\":{\"@type\":\"PropertyValueSpecification\",\"valueRequired\":true,\"valueName\":\"search_term_string\"}}],\"inLanguage\":\"et\"},{\"@type\":\"Organization\",\"@id\":\"https:\\\/\\\/fonolukk.eu\\\/et\\\/#organization\",\"name\":\"Smart Security OU\",\"url\":\"https:\\\/\\\/fonolukk.eu\\\/et\\\/\",\"logo\":{\"@type\":\"ImageObject\",\"inLanguage\":\"et\",\"@id\":\"https:\\\/\\\/fonolukk.eu\\\/et\\\/#\\\/schema\\\/logo\\\/image\\\/\",\"url\":\"https:\\\/\\\/fonolukk.eu\\\/wp-content\\\/uploads\\\/2023\\\/09\\\/fonolukk.png\",\"contentUrl\":\"https:\\\/\\\/fonolukk.eu\\\/wp-content\\\/uploads\\\/2023\\\/09\\\/fonolukk.png\",\"width\":277,\"height\":274,\"caption\":\"Smart Security OU\"},\"image\":{\"@id\":\"https:\\\/\\\/fonolukk.eu\\\/et\\\/#\\\/schema\\\/logo\\\/image\\\/\"},\"sameAs\":[\"https:\\\/\\\/www.facebook.com\\\/fonolukk\",\"https:\\\/\\\/www.instagram.com\\\/fonolukk\\\/?hl=ru\"],\"publishingPrinciples\":\"https:\\\/\\\/fonolukk.eu\\\/terms-and-conditions\\\/\",\"ownershipFundingInfo\":\"https:\\\/\\\/fonolukk.eu\\\/about-us\\\/\"},{\"@type\":\"Person\",\"@id\":\"https:\\\/\\\/fonolukk.eu\\\/et\\\/#\\\/schema\\\/person\\\/4a592fd1f64fdd66154ab76d1bf648e6\",\"name\":\"Aleksei Mal\",\"image\":{\"@type\":\"ImageObject\",\"inLanguage\":\"et\",\"@id\":\"https:\\\/\\\/secure.gravatar.com\\\/avatar\\\/6f18e43804942ed4c91305613f8164568de2648f6c56b3d7ea211631dda24c59?s=96&d=mm&r=g\",\"url\":\"https:\\\/\\\/secure.gravatar.com\\\/avatar\\\/6f18e43804942ed4c91305613f8164568de2648f6c56b3d7ea211631dda24c59?s=96&d=mm&r=g\",\"contentUrl\":\"https:\\\/\\\/secure.gravatar.com\\\/avatar\\\/6f18e43804942ed4c91305613f8164568de2648f6c56b3d7ea211631dda24c59?s=96&d=mm&r=g\",\"caption\":\"Aleksei Mal\"},\"url\":\"https:\\\/\\\/fonolukk.eu\\\/et\\\/author\\\/aleksei-mal\\\/\"}]}<\/script>\n<!-- \/ Yoast SEO Premium plugin. -->","yoast_head_json":{"title":"Kuidas tellida? - Fonolukk","description":"Fonoluku ja L\u00e4bip\u00e4\u00e4sus\u00fcsteemi Paigaldus , Remont , Hooldus. Rainmann (Laskomex) , Vizit , Eltis , Farfisa jne. Tel. 66 11 774.","robots":{"index":"index","follow":"follow","max-snippet":"max-snippet:-1","max-image-preview":"max-image-preview:large","max-video-preview":"max-video-preview:-1"},"canonical":"https:\/\/fonolukk.eu\/et\/kuidas-tellida\/","og_locale":"et_EE","og_type":"article","og_title":"Kuidas tellida?","og_description":"KUIDAS TELLIDA? 1. Toote valimineValige vajalik toode kataloogist (fonolukud, lukud, tarvikud). Tutvuge hoolikalt tehniliste andmete ja \u00fchilduvusega. 2.","og_url":"https:\/\/fonolukk.eu\/et\/kuidas-tellida\/","og_site_name":"Fonolukk","article_publisher":"https:\/\/www.facebook.com\/fonolukk","article_modified_time":"2026-02-05T20:52:49+00:00","og_image":[{"width":592,"height":228,"url":"https:\/\/fonolukk.eu\/wp-content\/uploads\/2021\/04\/logo-fonolukk-c-tel-1.png","type":"image\/png"}],"twitter_card":"summary_large_image","twitter_misc":{"Est. reading time":"1 minut"},"schema":{"@context":"https:\/\/schema.org","@graph":[{"@type":["Article","BlogPosting"],"@id":"https:\/\/fonolukk.eu\/et\/kuidas-tellida\/#article","isPartOf":{"@id":"https:\/\/fonolukk.eu\/et\/kuidas-tellida\/"},"author":{"name":"Aleksei Mal","@id":"https:\/\/fonolukk.eu\/et\/#\/schema\/person\/4a592fd1f64fdd66154ab76d1bf648e6"},"headline":"Kuidas tellida?","datePublished":"2020-02-14T18:50:58+00:00","dateModified":"2026-02-05T20:52:49+00:00","mainEntityOfPage":{"@id":"https:\/\/fonolukk.eu\/et\/kuidas-tellida\/"},"wordCount":99,"publisher":{"@id":"https:\/\/fonolukk.eu\/et\/#organization"},"inLanguage":"et"},{"@type":"WebPage","@id":"https:\/\/fonolukk.eu\/et\/kuidas-tellida\/","url":"https:\/\/fonolukk.eu\/et\/kuidas-tellida\/","name":"Kuidas tellida? - Fonolukk","isPartOf":{"@id":"https:\/\/fonolukk.eu\/et\/#website"},"datePublished":"2020-02-14T18:50:58+00:00","dateModified":"2026-02-05T20:52:49+00:00","description":"Fonoluku ja L\u00e4bip\u00e4\u00e4sus\u00fcsteemi Paigaldus , Remont , Hooldus. Rainmann (Laskomex) , Vizit , Eltis , Farfisa jne. Tel. 66 11 774.","breadcrumb":{"@id":"https:\/\/fonolukk.eu\/et\/kuidas-tellida\/#breadcrumb"},"inLanguage":"et","potentialAction":[{"@type":"ReadAction","target":["https:\/\/fonolukk.eu\/et\/kuidas-tellida\/"]}]},{"@type":"BreadcrumbList","@id":"https:\/\/fonolukk.eu\/et\/kuidas-tellida\/#breadcrumb","itemListElement":[{"@type":"ListItem","position":1,"name":"Esileht","item":"https:\/\/fonolukk.eu\/et\/koduleht\/"},{"@type":"ListItem","position":2,"name":"Kuidas tellida?"}]},{"@type":"WebSite","@id":"https:\/\/fonolukk.eu\/et\/#website","url":"https:\/\/fonolukk.eu\/et\/","name":"Fonolukk eu","description":"Smart Security Systems","publisher":{"@id":"https:\/\/fonolukk.eu\/et\/#organization"},"potentialAction":[{"@type":"SearchAction","target":{"@type":"EntryPoint","urlTemplate":"https:\/\/fonolukk.eu\/et\/?s={search_term_string}"},"query-input":{"@type":"PropertyValueSpecification","valueRequired":true,"valueName":"search_term_string"}}],"inLanguage":"et"},{"@type":"Organization","@id":"https:\/\/fonolukk.eu\/et\/#organization","name":"Smart Security OU","url":"https:\/\/fonolukk.eu\/et\/","logo":{"@type":"ImageObject","inLanguage":"et","@id":"https:\/\/fonolukk.eu\/et\/#\/schema\/logo\/image\/","url":"https:\/\/fonolukk.eu\/wp-content\/uploads\/2023\/09\/fonolukk.png","contentUrl":"https:\/\/fonolukk.eu\/wp-content\/uploads\/2023\/09\/fonolukk.png","width":277,"height":274,"caption":"Smart Security OU"},"image":{"@id":"https:\/\/fonolukk.eu\/et\/#\/schema\/logo\/image\/"},"sameAs":["https:\/\/www.facebook.com\/fonolukk","https:\/\/www.instagram.com\/fonolukk\/?hl=ru"],"publishingPrinciples":"https:\/\/fonolukk.eu\/terms-and-conditions\/","ownershipFundingInfo":"https:\/\/fonolukk.eu\/about-us\/"},{"@type":"Person","@id":"https:\/\/fonolukk.eu\/et\/#\/schema\/person\/4a592fd1f64fdd66154ab76d1bf648e6","name":"Aleksei Mal","image":{"@type":"ImageObject","inLanguage":"et","@id":"https:\/\/secure.gravatar.com\/avatar\/6f18e43804942ed4c91305613f8164568de2648f6c56b3d7ea211631dda24c59?s=96&d=mm&r=g","url":"https:\/\/secure.gravatar.com\/avatar\/6f18e43804942ed4c91305613f8164568de2648f6c56b3d7ea211631dda24c59?s=96&d=mm&r=g","contentUrl":"https:\/\/secure.gravatar.com\/avatar\/6f18e43804942ed4c91305613f8164568de2648f6c56b3d7ea211631dda24c59?s=96&d=mm&r=g","caption":"Aleksei Mal"},"url":"https:\/\/fonolukk.eu\/et\/author\/aleksei-mal\/"}]}},"_links":{"self":[{"href":"https:\/\/fonolukk.eu\/et\/wp-json\/wp\/v2\/pages\/3802","targetHints":{"allow":["GET"]}}],"collection":[{"href":"https:\/\/fonolukk.eu\/et\/wp-json\/wp\/v2\/pages"}],"about":[{"href":"https:\/\/fonolukk.eu\/et\/wp-json\/wp\/v2\/types\/page"}],"author":[{"embeddable":true,"href":"https:\/\/fonolukk.eu\/et\/wp-json\/wp\/v2\/users\/2"}],"replies":[{"embeddable":true,"href":"https:\/\/fonolukk.eu\/et\/wp-json\/wp\/v2\/comments?post=3802"}],"version-history":[{"count":3,"href":"https:\/\/fonolukk.eu\/et\/wp-json\/wp\/v2\/pages\/3802\/revisions"}],"predecessor-version":[{"id":22004,"href":"https:\/\/fonolukk.eu\/et\/wp-json\/wp\/v2\/pages\/3802\/revisions\/22004"}],"wp:attachment":[{"href":"https:\/\/fonolukk.eu\/et\/wp-json\/wp\/v2\/media?parent=3802"}],"curies":[{"name":"wp","href":"https:\/\/api.w.org\/{rel}","templated":true}]}}