{"id":3816,"date":"2020-02-14T19:24:09","date_gmt":"2020-02-14T19:24:09","guid":{"rendered":"https:\/\/fonolukk.eu\/maintenance\/"},"modified":"2023-02-03T23:14:57","modified_gmt":"2023-02-03T21:14:57","slug":"maintenance","status":"publish","type":"page","link":"https:\/\/fonolukk.eu\/et\/maintenance\/","title":{"rendered":"Maintenance"},"content":{"rendered":"<p>[vc_row full_width=&#8221;stretch_row_content_no_spaces&#8221; full_height=&#8221;yes&#8221; columns_placement=&#8221;stretch&#8221; equal_height=&#8221;yes&#8221; content_placement=&#8221;middle&#8221; video_bg=&#8221;yes&#8221; video_bg_url=&#8221;&#8221; css=&#8221;.vc_custom_1494591206194{background-position: center !important;background-repeat: no-repeat !important;background-size: cover !important;}&#8221;][vc_column width=&#8221;1\/2&#8243; css=&#8221;.vc_custom_1494591285751{padding-top: 30px !important;padding-right: 15px !important;padding-bottom: 30px !important;padding-left: 15px !important;background-color: #272c30 !important;}&#8221; offset=&#8221;vc_col-lg-4 vc_col-md-4 vc_col-xs-12&#8243;][vc_custom_heading text=&#8221;<strong>FONOLUKK<\/strong>&#8221; font_container=&#8221;tag:p|font_size:20px|text_align:center&#8221; use_theme_fonts=&#8221;yes&#8221; css=&#8221;.vc_custom_1674506663225{margin-bottom: 15px !important;}&#8221; el_class=&#8221;color-primary&#8221;][vc_custom_heading text=&#8221;Website is under<b>MAINTENANCE<\/b>&#8221; font_container=&#8221;tag:h2|font_size:60px|text_align:center|color:%23ffffff|line_height:1.2&#8243; use_theme_fonts=&#8221;yes&#8221; css=&#8221;.vc_custom_1674506781088{margin-bottom: 10px !important;}&#8221;][vc_empty_space height=&#8221;30px&#8221;][woodmart_popup color=&#8221;primary&#8221; size=&#8221;extra-large&#8221; id=&#8221;contact-form-popup&#8221; width=&#8221;900&#8243; title=&#8221;CONTACT US&#8221;][vc_row_inner equal_height=&#8221;yes&#8221;][vc_column_inner width=&#8221;2\/3&#8243; css=&#8221;.vc_custom_1484144412172{padding-right: 30px !important;}&#8221;][woodmart_title align=&#8221;left&#8221; size=&#8221;small&#8221; title=&#8221;SAADA MEILE S\u00d5NUM&#8221; woodmart_css_id=&#8221;5e46f0ee2d0b5&#8243;][contact-form-7 id=&#8221;3347&#8243;][\/vc_column_inner][vc_column_inner width=&#8221;1\/3&#8243; css=&#8221;.vc_custom_1484144397036{margin-top: -30px !important;margin-right: -30px !important;margin-bottom: -30px !important;padding-top: 30px !important;padding-right: 30px !important;padding-bottom: 30px !important;padding-left: 30px !important;background-color: #333333 !important;}&#8221;][woodmart_title align=&#8221;left&#8221; color=&#8221;white&#8221; size=&#8221;small&#8221; title=&#8221;KONTAKT&#8221;]\t\t\t<div class=\"info-box-wrapper\">\n\t\t\t\t<div id=\"wd-5e4afdd65f89a\" class=\" wd-info-box wd-wpb text-left box-icon-align-left box-style- color-scheme-light wd-bg-none wd-items-top\">\n\t\t\t\t\t\t\t\t\t\t\t<div class=\"box-icon-wrapper  box-with-icon box-icon-simple\">\n\t\t\t\t\t\t\t<div class=\"info-box-icon\">\n\t\t\t\t\t\t\t\t\t\t\t\t\t\t\t<\/div>\n\t\t\t\t\t\t<\/div>\n\t\t\t\t\t\t\t\t\t\t<div class=\"info-box-content\">\n\t\t\t\t\t\t\t\t\t\t\t\t<div class=\"info-box-inner reset-last-child\"><p>Tuuliku Tee 4.<br \/>\nTallinn, EE 10621<\/p>\n<\/div>\n\n\t\t\t\t\t\t\t\t\t\t\t<\/div>\n\n\t\t\t\t\t\n\t\t\t\t\t\t\t\t\t<\/div>\n\t\t\t<\/div>\n\t\t\t\t\t<div class=\"info-box-wrapper\">\n\t\t\t\t<div id=\"wd-5e4afdedbdcab\" class=\" wd-info-box wd-wpb text-left box-icon-align-left box-style- color-scheme-light wd-bg-none wd-items-top\">\n\t\t\t\t\t\t\t\t\t\t\t<div class=\"box-icon-wrapper  box-with-icon box-icon-simple\">\n\t\t\t\t\t\t\t<div class=\"info-box-icon\">\n\t\t\t\t\t\t\t\t\t\t\t\t\t\t\t<\/div>\n\t\t\t\t\t\t<\/div>\n\t\t\t\t\t\t\t\t\t\t<div class=\"info-box-content\">\n\t\t\t\t\t\t\t\t\t\t\t\t<div class=\"info-box-inner reset-last-child\"><p>+372 6611774<\/p>\n<\/div>\n\n\t\t\t\t\t\t\t\t\t\t\t<\/div>\n\n\t\t\t\t\t\n\t\t\t\t\t\t\t\t\t<\/div>\n\t\t\t<\/div>\n\t\t\t\t\t<div class=\"info-box-wrapper\">\n\t\t\t\t<div id=\"wd-5e4afdf79a534\" class=\" wd-info-box wd-wpb text-left box-icon-align-left box-style- color-scheme-light wd-bg-none wd-items-top\">\n\t\t\t\t\t\t\t\t\t\t\t<div class=\"box-icon-wrapper  box-with-icon box-icon-simple\">\n\t\t\t\t\t\t\t<div class=\"info-box-icon\">\n\t\t\t\t\t\t\t\t\t\t\t\t\t\t\t<\/div>\n\t\t\t\t\t\t<\/div>\n\t\t\t\t\t\t\t\t\t\t<div class=\"info-box-content\">\n\t\t\t\t\t\t\t\t\t\t\t\t<div class=\"info-box-inner reset-last-child\"><p><a href=\"info@fono.eu\">info@fono.eu<\/a><\/p>\n<\/div>\n\n\t\t\t\t\t\t\t\t\t\t\t<\/div>\n\n\t\t\t\t\t\n\t\t\t\t\t\t\t\t\t<\/div>\n\t\t\t<\/div>\n\t\t[vc_separator color=&#8221;custom&#8221; accent_color=&#8221;rgba(255,255,255,0.15)&#8221; css=&#8221;.vc_custom_1484144347493{margin-bottom: 30px !important;}&#8221;]\t\t\t<div\n\t\t\t\t\t\tclass=\" wd-social-icons wd-style-colored wd-size-small social-share wd-shape-circle text-left\">\n\t\t\t\t\n\t\t\t\t\n\t\t\t\t\n\t\t\t\t\n\t\t\t\t\n\t\t\t\t\n\t\t\t\t\n\t\t\t\t\n\t\t\t\t\n\t\t\t\t\n\t\t\t\t\n\t\t\t\t\n\t\t\t\t\n\t\t\t\t\n\t\t\t\t\n\t\t\t\t\n\t\t\t\t\n\t\t\t\t\n\t\t\t\t\n\t\t\t\t\n\t\t\t\t\n\t\t\t\t\n\t\t\t\t\n\t\t\t\t\n\t\t\t\t\n\t\t\t\t\n\t\t\t\t\n\t\t\t\t\n\t\t\t<\/div>\n\n\t\t[\/vc_column_inner][\/vc_row_inner][\/woodmart_popup][vc_empty_space height=&#8221;30px&#8221;]\t\t\t<div\n\t\t\t\t\t\tclass=\" wd-social-icons wd-style-bordered wd-size-default social-share wd-shape-circle color-scheme-light text-center\">\n\t\t\t\t\n\t\t\t\t\n\t\t\t\t\n\t\t\t\t\n\t\t\t\t\n\t\t\t\t\n\t\t\t\t\n\t\t\t\t\n\t\t\t\t\n\t\t\t\t\n\t\t\t\t\n\t\t\t\t\n\t\t\t\t\n\t\t\t\t\n\t\t\t\t\n\t\t\t\t\n\t\t\t\t\n\t\t\t\t\n\t\t\t\t\n\t\t\t\t\n\t\t\t\t\n\t\t\t\t\n\t\t\t\t\n\t\t\t\t\n\t\t\t\t\n\t\t\t\t\n\t\t\t\t\n\t\t\t\t\n\t\t\t<\/div>\n\n\t\t[\/vc_column][vc_column width=&#8221;1\/2&#8243; css=&#8221;.vc_custom_1581707624237{padding-top: 250px !important;padding-bottom: 250px !important;background-image: url(https:\/\/fonolukk.eu\/wp-content\/uploads\/2020\/02\/tallinn-old-town-1500-cs.jpg?id=3500) !important;background-position: center !important;background-repeat: no-repeat !important;background-size: cover !important;}&#8221; offset=&#8221;vc_col-lg-8 vc_col-md-8 vc_col-xs-12&#8243; mobile_bg_img_hidden=&#8221;no&#8221; tablet_bg_img_hidden=&#8221;no&#8221; woodmart_parallax=&#8221;0&#8243; woodmart_sticky_column=&#8221;false&#8221; parallax_scroll=&#8221;no&#8221; mobile_reset_margin=&#8221;no&#8221; tablet_reset_margin=&#8221;no&#8221;][\/vc_column][\/vc_row]<\/p>\n","protected":false},"excerpt":{"rendered":"<p>[vc_row full_width=&#8221;stretch_row_content_no_spaces&#8221; full_height=&#8221;yes&#8221; columns_placement=&#8221;stretch&#8221; equal_height=&#8221;yes&#8221; content_placement=&#8221;middle&#8221; video_bg=&#8221;yes&#8221; video_bg_url=&#8221;&#8221; css=&#8221;.vc_custom_1494591206194{background-position: center !important;background-repeat: no-repeat !important;background-size: cover !important;}&#8221;][vc_column width=&#8221;1\/2&#8243; css=&#8221;.vc_custom_1494591285751{padding-top: 30px !important;padding-right: 15px<\/p>\n","protected":false},"author":2,"featured_media":0,"parent":0,"menu_order":0,"comment_status":"closed","ping_status":"closed","template":"maintenance.php","meta":{"footnotes":""},"class_list":["post-3816","page","type-page","status-publish","hentry"],"yoast_head":"<!-- This site is optimized with the Yoast SEO Premium plugin v27.3 (Yoast SEO v27.3) - https:\/\/yoast.com\/product\/yoast-seo-premium-wordpress\/ -->\n<title>Maintenance - Fonolukk<\/title>\n<meta name=\"description\" content=\"Fonoluku ja L\u00e4bip\u00e4\u00e4sus\u00fcsteemi Paigaldus , Remont , Hooldus. Rainmann (Laskomex) , Vizit , Eltis , Farfisa jne. Tel. 66 11 774.\" \/>\n<meta name=\"robots\" content=\"index, follow, max-snippet:-1, max-image-preview:large, max-video-preview:-1\" \/>\n<link rel=\"canonical\" href=\"https:\/\/fonolukk.eu\/et\/maintenance\/\" \/>\n<meta property=\"og:locale\" content=\"et_EE\" \/>\n<meta property=\"og:type\" content=\"article\" \/>\n<meta property=\"og:title\" content=\"Maintenance\" \/>\n<meta property=\"og:url\" content=\"https:\/\/fonolukk.eu\/et\/maintenance\/\" \/>\n<meta property=\"og:site_name\" content=\"Fonolukk\" \/>\n<meta property=\"article:publisher\" content=\"https:\/\/www.facebook.com\/fonolukk\" \/>\n<meta property=\"article:modified_time\" content=\"2023-02-03T21:14:57+00:00\" \/>\n<meta property=\"og:image\" content=\"https:\/\/fonolukk.eu\/wp-content\/uploads\/2021\/04\/logo-fonolukk-c-tel-1.png\" \/>\n\t<meta property=\"og:image:width\" content=\"592\" \/>\n\t<meta property=\"og:image:height\" content=\"228\" \/>\n\t<meta property=\"og:image:type\" content=\"image\/png\" \/>\n<meta name=\"twitter:card\" content=\"summary_large_image\" \/>\n<meta name=\"twitter:label1\" content=\"Est. reading time\" \/>\n\t<meta name=\"twitter:data1\" content=\"3 minutit\" \/>\n<script type=\"application\/ld+json\" class=\"yoast-schema-graph\">{\"@context\":\"https:\\\/\\\/schema.org\",\"@graph\":[{\"@type\":[\"Article\",\"BlogPosting\"],\"@id\":\"https:\\\/\\\/fonolukk.eu\\\/et\\\/maintenance\\\/#article\",\"isPartOf\":{\"@id\":\"https:\\\/\\\/fonolukk.eu\\\/et\\\/maintenance\\\/\"},\"author\":{\"name\":\"Aleksei Mal\",\"@id\":\"https:\\\/\\\/fonolukk.eu\\\/et\\\/#\\\/schema\\\/person\\\/4a592fd1f64fdd66154ab76d1bf648e6\"},\"headline\":\"Maintenance\",\"datePublished\":\"2020-02-14T19:24:09+00:00\",\"dateModified\":\"2023-02-03T21:14:57+00:00\",\"mainEntityOfPage\":{\"@id\":\"https:\\\/\\\/fonolukk.eu\\\/et\\\/maintenance\\\/\"},\"wordCount\":548,\"publisher\":{\"@id\":\"https:\\\/\\\/fonolukk.eu\\\/et\\\/#organization\"},\"inLanguage\":\"et\"},{\"@type\":\"WebPage\",\"@id\":\"https:\\\/\\\/fonolukk.eu\\\/et\\\/maintenance\\\/\",\"url\":\"https:\\\/\\\/fonolukk.eu\\\/et\\\/maintenance\\\/\",\"name\":\"Maintenance - Fonolukk\",\"isPartOf\":{\"@id\":\"https:\\\/\\\/fonolukk.eu\\\/et\\\/#website\"},\"datePublished\":\"2020-02-14T19:24:09+00:00\",\"dateModified\":\"2023-02-03T21:14:57+00:00\",\"description\":\"Fonoluku ja L\u00e4bip\u00e4\u00e4sus\u00fcsteemi Paigaldus , Remont , Hooldus. Rainmann (Laskomex) , Vizit , Eltis , Farfisa jne. Tel. 66 11 774.\",\"breadcrumb\":{\"@id\":\"https:\\\/\\\/fonolukk.eu\\\/et\\\/maintenance\\\/#breadcrumb\"},\"inLanguage\":\"et\",\"potentialAction\":[{\"@type\":\"ReadAction\",\"target\":[\"https:\\\/\\\/fonolukk.eu\\\/et\\\/maintenance\\\/\"]}]},{\"@type\":\"BreadcrumbList\",\"@id\":\"https:\\\/\\\/fonolukk.eu\\\/et\\\/maintenance\\\/#breadcrumb\",\"itemListElement\":[{\"@type\":\"ListItem\",\"position\":1,\"name\":\"Esileht\",\"item\":\"https:\\\/\\\/fonolukk.eu\\\/et\\\/koduleht\\\/\"},{\"@type\":\"ListItem\",\"position\":2,\"name\":\"Maintenance\"}]},{\"@type\":\"WebSite\",\"@id\":\"https:\\\/\\\/fonolukk.eu\\\/et\\\/#website\",\"url\":\"https:\\\/\\\/fonolukk.eu\\\/et\\\/\",\"name\":\"Fonolukk eu\",\"description\":\"Smart Security Systems\",\"publisher\":{\"@id\":\"https:\\\/\\\/fonolukk.eu\\\/et\\\/#organization\"},\"potentialAction\":[{\"@type\":\"SearchAction\",\"target\":{\"@type\":\"EntryPoint\",\"urlTemplate\":\"https:\\\/\\\/fonolukk.eu\\\/et\\\/?s={search_term_string}\"},\"query-input\":{\"@type\":\"PropertyValueSpecification\",\"valueRequired\":true,\"valueName\":\"search_term_string\"}}],\"inLanguage\":\"et\"},{\"@type\":\"Organization\",\"@id\":\"https:\\\/\\\/fonolukk.eu\\\/et\\\/#organization\",\"name\":\"Smart Security OU\",\"url\":\"https:\\\/\\\/fonolukk.eu\\\/et\\\/\",\"logo\":{\"@type\":\"ImageObject\",\"inLanguage\":\"et\",\"@id\":\"https:\\\/\\\/fonolukk.eu\\\/et\\\/#\\\/schema\\\/logo\\\/image\\\/\",\"url\":\"https:\\\/\\\/fonolukk.eu\\\/wp-content\\\/uploads\\\/2023\\\/09\\\/fonolukk.png\",\"contentUrl\":\"https:\\\/\\\/fonolukk.eu\\\/wp-content\\\/uploads\\\/2023\\\/09\\\/fonolukk.png\",\"width\":277,\"height\":274,\"caption\":\"Smart Security OU\"},\"image\":{\"@id\":\"https:\\\/\\\/fonolukk.eu\\\/et\\\/#\\\/schema\\\/logo\\\/image\\\/\"},\"sameAs\":[\"https:\\\/\\\/www.facebook.com\\\/fonolukk\",\"https:\\\/\\\/www.instagram.com\\\/fonolukk\\\/?hl=ru\"],\"publishingPrinciples\":\"https:\\\/\\\/fonolukk.eu\\\/terms-and-conditions\\\/\",\"ownershipFundingInfo\":\"https:\\\/\\\/fonolukk.eu\\\/about-us\\\/\"},{\"@type\":\"Person\",\"@id\":\"https:\\\/\\\/fonolukk.eu\\\/et\\\/#\\\/schema\\\/person\\\/4a592fd1f64fdd66154ab76d1bf648e6\",\"name\":\"Aleksei Mal\",\"image\":{\"@type\":\"ImageObject\",\"inLanguage\":\"et\",\"@id\":\"https:\\\/\\\/secure.gravatar.com\\\/avatar\\\/6f18e43804942ed4c91305613f8164568de2648f6c56b3d7ea211631dda24c59?s=96&d=mm&r=g\",\"url\":\"https:\\\/\\\/secure.gravatar.com\\\/avatar\\\/6f18e43804942ed4c91305613f8164568de2648f6c56b3d7ea211631dda24c59?s=96&d=mm&r=g\",\"contentUrl\":\"https:\\\/\\\/secure.gravatar.com\\\/avatar\\\/6f18e43804942ed4c91305613f8164568de2648f6c56b3d7ea211631dda24c59?s=96&d=mm&r=g\",\"caption\":\"Aleksei Mal\"},\"url\":\"https:\\\/\\\/fonolukk.eu\\\/et\\\/author\\\/aleksei-mal\\\/\"}]}<\/script>\n<!-- \/ Yoast SEO Premium plugin. -->","yoast_head_json":{"title":"Maintenance - Fonolukk","description":"Fonoluku ja L\u00e4bip\u00e4\u00e4sus\u00fcsteemi Paigaldus , Remont , Hooldus. Rainmann (Laskomex) , Vizit , Eltis , Farfisa jne. Tel. 66 11 774.","robots":{"index":"index","follow":"follow","max-snippet":"max-snippet:-1","max-image-preview":"max-image-preview:large","max-video-preview":"max-video-preview:-1"},"canonical":"https:\/\/fonolukk.eu\/et\/maintenance\/","og_locale":"et_EE","og_type":"article","og_title":"Maintenance","og_url":"https:\/\/fonolukk.eu\/et\/maintenance\/","og_site_name":"Fonolukk","article_publisher":"https:\/\/www.facebook.com\/fonolukk","article_modified_time":"2023-02-03T21:14:57+00:00","og_image":[{"width":592,"height":228,"url":"https:\/\/fonolukk.eu\/wp-content\/uploads\/2021\/04\/logo-fonolukk-c-tel-1.png","type":"image\/png"}],"twitter_card":"summary_large_image","twitter_misc":{"Est. reading time":"3 minutit"},"schema":{"@context":"https:\/\/schema.org","@graph":[{"@type":["Article","BlogPosting"],"@id":"https:\/\/fonolukk.eu\/et\/maintenance\/#article","isPartOf":{"@id":"https:\/\/fonolukk.eu\/et\/maintenance\/"},"author":{"name":"Aleksei Mal","@id":"https:\/\/fonolukk.eu\/et\/#\/schema\/person\/4a592fd1f64fdd66154ab76d1bf648e6"},"headline":"Maintenance","datePublished":"2020-02-14T19:24:09+00:00","dateModified":"2023-02-03T21:14:57+00:00","mainEntityOfPage":{"@id":"https:\/\/fonolukk.eu\/et\/maintenance\/"},"wordCount":548,"publisher":{"@id":"https:\/\/fonolukk.eu\/et\/#organization"},"inLanguage":"et"},{"@type":"WebPage","@id":"https:\/\/fonolukk.eu\/et\/maintenance\/","url":"https:\/\/fonolukk.eu\/et\/maintenance\/","name":"Maintenance - Fonolukk","isPartOf":{"@id":"https:\/\/fonolukk.eu\/et\/#website"},"datePublished":"2020-02-14T19:24:09+00:00","dateModified":"2023-02-03T21:14:57+00:00","description":"Fonoluku ja L\u00e4bip\u00e4\u00e4sus\u00fcsteemi Paigaldus , Remont , Hooldus. Rainmann (Laskomex) , Vizit , Eltis , Farfisa jne. Tel. 66 11 774.","breadcrumb":{"@id":"https:\/\/fonolukk.eu\/et\/maintenance\/#breadcrumb"},"inLanguage":"et","potentialAction":[{"@type":"ReadAction","target":["https:\/\/fonolukk.eu\/et\/maintenance\/"]}]},{"@type":"BreadcrumbList","@id":"https:\/\/fonolukk.eu\/et\/maintenance\/#breadcrumb","itemListElement":[{"@type":"ListItem","position":1,"name":"Esileht","item":"https:\/\/fonolukk.eu\/et\/koduleht\/"},{"@type":"ListItem","position":2,"name":"Maintenance"}]},{"@type":"WebSite","@id":"https:\/\/fonolukk.eu\/et\/#website","url":"https:\/\/fonolukk.eu\/et\/","name":"Fonolukk eu","description":"Smart Security Systems","publisher":{"@id":"https:\/\/fonolukk.eu\/et\/#organization"},"potentialAction":[{"@type":"SearchAction","target":{"@type":"EntryPoint","urlTemplate":"https:\/\/fonolukk.eu\/et\/?s={search_term_string}"},"query-input":{"@type":"PropertyValueSpecification","valueRequired":true,"valueName":"search_term_string"}}],"inLanguage":"et"},{"@type":"Organization","@id":"https:\/\/fonolukk.eu\/et\/#organization","name":"Smart Security OU","url":"https:\/\/fonolukk.eu\/et\/","logo":{"@type":"ImageObject","inLanguage":"et","@id":"https:\/\/fonolukk.eu\/et\/#\/schema\/logo\/image\/","url":"https:\/\/fonolukk.eu\/wp-content\/uploads\/2023\/09\/fonolukk.png","contentUrl":"https:\/\/fonolukk.eu\/wp-content\/uploads\/2023\/09\/fonolukk.png","width":277,"height":274,"caption":"Smart Security OU"},"image":{"@id":"https:\/\/fonolukk.eu\/et\/#\/schema\/logo\/image\/"},"sameAs":["https:\/\/www.facebook.com\/fonolukk","https:\/\/www.instagram.com\/fonolukk\/?hl=ru"],"publishingPrinciples":"https:\/\/fonolukk.eu\/terms-and-conditions\/","ownershipFundingInfo":"https:\/\/fonolukk.eu\/about-us\/"},{"@type":"Person","@id":"https:\/\/fonolukk.eu\/et\/#\/schema\/person\/4a592fd1f64fdd66154ab76d1bf648e6","name":"Aleksei Mal","image":{"@type":"ImageObject","inLanguage":"et","@id":"https:\/\/secure.gravatar.com\/avatar\/6f18e43804942ed4c91305613f8164568de2648f6c56b3d7ea211631dda24c59?s=96&d=mm&r=g","url":"https:\/\/secure.gravatar.com\/avatar\/6f18e43804942ed4c91305613f8164568de2648f6c56b3d7ea211631dda24c59?s=96&d=mm&r=g","contentUrl":"https:\/\/secure.gravatar.com\/avatar\/6f18e43804942ed4c91305613f8164568de2648f6c56b3d7ea211631dda24c59?s=96&d=mm&r=g","caption":"Aleksei Mal"},"url":"https:\/\/fonolukk.eu\/et\/author\/aleksei-mal\/"}]}},"_links":{"self":[{"href":"https:\/\/fonolukk.eu\/et\/wp-json\/wp\/v2\/pages\/3816","targetHints":{"allow":["GET"]}}],"collection":[{"href":"https:\/\/fonolukk.eu\/et\/wp-json\/wp\/v2\/pages"}],"about":[{"href":"https:\/\/fonolukk.eu\/et\/wp-json\/wp\/v2\/types\/page"}],"author":[{"embeddable":true,"href":"https:\/\/fonolukk.eu\/et\/wp-json\/wp\/v2\/users\/2"}],"replies":[{"embeddable":true,"href":"https:\/\/fonolukk.eu\/et\/wp-json\/wp\/v2\/comments?post=3816"}],"version-history":[{"count":5,"href":"https:\/\/fonolukk.eu\/et\/wp-json\/wp\/v2\/pages\/3816\/revisions"}],"predecessor-version":[{"id":14105,"href":"https:\/\/fonolukk.eu\/et\/wp-json\/wp\/v2\/pages\/3816\/revisions\/14105"}],"wp:attachment":[{"href":"https:\/\/fonolukk.eu\/et\/wp-json\/wp\/v2\/media?parent=3816"}],"curies":[{"name":"wp","href":"https:\/\/api.w.org\/{rel}","templated":true}]}}