{"id":3843,"date":"2020-02-14T21:40:47","date_gmt":"2020-02-14T21:40:47","guid":{"rendered":"https:\/\/fonolukk.eu\/tooted-id-jargi-2\/"},"modified":"2026-03-31T14:53:27","modified_gmt":"2026-03-31T11:53:27","slug":"ostutingimused","status":"publish","type":"page","link":"https:\/\/fonolukk.eu\/et\/ostutingimused\/","title":{"rendered":"Ostutingimused"},"content":{"rendered":"<h2 class=\"p1\"><b>1.OSTUTINGIMUSED<\/b><\/h2>\n<p><\/p>\n<p class=\"p3\"><span class=\"EzKURWReUAB5oZgtQNkl\" data-src-align=\"0:6\">E<\/span><span class=\"EzKURWReUAB5oZgtQNkl\" data-src-align=\"7:4\">-pood<\/span> <span class=\"EzKURWReUAB5oZgtQNkl\" data-src-align=\"12:11\">fonolukk.eu<\/span> <span class=\"EzKURWReUAB5oZgtQNkl\" data-src-align=\"56:4\">(edaspidi kauplus)<\/span> <span class=\"EzKURWReUAB5oZgtQNkl\" data-src-align=\"62:5\">omanik<\/span> <span class=\"EzKURWReUAB5oZgtQNkl\" data-src-align=\"71:8\">on fonolukk<\/span> <span class=\"EzKURWReUAB5oZgtQNkl\" data-src-align=\"80:3\">O\u00dc<\/span> <span class=\"EzKURWReUAB5oZgtQNkl\" data-src-align=\"85:8\">(registrikood<\/span> <span class=\"EzKURWReUAB5oZgtQNkl\" data-src-align=\"99:8\">11392227<\/span><span class=\"EzKURWReUAB5oZgtQNkl\" data-src-align=\"111:41\">), asukoht Tuuliku Tee 4, Tallinn, Eesti.<\/span><\/p>\n<p><\/p>\n<p class=\"p3\">M\u00fc\u00fcgilepingu kehtivus, kaup ja hinnainfo<\/p>\n<p><\/p>\n<p class=\"p3\">M\u00fc\u00fcgitingimused kehtivad e-poest kaupade ostmisel.<\/p>\n<p><\/p>\n<p class=\"p3\">Veebipoes m\u00fc\u00fcdavate toodete hinnad on m\u00e4rgitud toodete juurde. Hinnale lisandub tasu kauba kohaletoimetamise eest.<\/p>\n<p><\/p>\n<p class=\"p3\">Kohaletoimetamise maksumus s\u00f5ltub ostja asukohast ja kohaletoimetamise viisist. Tarnetasu kuvatakse ostjale tellimuse vormistamisel.<\/p>\n<p><\/p>\n<p class=\"p3\">Infot kauba kohta leiab otse e-poest.<\/p>\n<p><\/p>\n<p class=\"p3\">Tellimuse esitamine<\/p>\n<p><\/p>\n<p class=\"p3\">Kauba tellimiseks tuleb soovitud tooted ostukorvi lisada. Tellimuse vormistamiseks t\u00e4itke n\u00f5utud v\u00e4ljad ja valige sobiv kohaletoimetamise viis. Seej\u00e4rel kuvatakse ekraanil tasu suurus, mille saab tasuda pangalingi v\u00f5i muu makselahenduse kaudu.<\/p>\n<p><\/p>\n<p class=\"p3\">Leping j\u00f5ustub tasumisele kuuluva summa laekumisest e-poe arvelduskontole.<\/p>\n<p><\/p>\n<p class=\"p3\">Kui tellitud kaupa ei ole v\u00f5imalik tarnida seoses kauba l\u00f5ppemisega v\u00f5i muul p\u00f5hjusel, teavitab ta sellest ostjat esimesel v\u00f5imalusel ja tagastab tasutud raha (sh kohaletoimetamise kulud) viivitamata, kuid mitte hiljem kui 14 p\u00e4eva jooksul teatamisest.<\/p>\n<h2 class=\"p1\"><b>2.MAKSEMINE<\/b><\/h2>\n<p><\/p>\n<p class=\"p3\">Veebipoes saab maksta pangalingiga. Kui tasute pangalingi kaudu, suunatakse teid p\u00e4rast tellimuse esitamist teie poolt valitud internetipanka. N\u00e4ete eelt\u00e4idetud maksekorraldust, kus on m\u00e4rgitud tasumisele kuuluv summa. Kinnitage makse ja seej\u00e4rel vajutage nuppu &#8220;Tagasi kaupmehe juurde&#8221;.<\/p>\n<p><\/p>\n<p class=\"p3\">K\u00f5ik meie e-poes olevad hinnad on eurodes ( \u20ac ) ja sisaldavad k\u00e4ibemaksu.<\/p>\n<h2 class=\"p1\"><b>3.KOHALETOIMETAMINE\u00a0<\/b><\/h2>\n<p><\/p>\n<p class=\"p3\">Kaup toimetatakse Teieni 1-3 t\u00f6\u00f6p\u00e4eva jooksul peale arve laekumist. Riigisisesed saadetised j\u00f5uavad \u00fcldjuhul ostja m\u00e4\u00e4ratud sihtkohta 3-7 t\u00f6\u00f6p\u00e4eva jooksul alates m\u00fc\u00fcgilepingu j\u00f5ustumisest. Erandjuhtudel v\u00f5ib kauba kohale toimetada 14 kalendrip\u00e4eva jooksul. T\u00e4pne kohaletoimetamise aeg lepitakse eelnevalt kokku telefoni v\u00f5i e-posti teel. Kohaletoimetamine Tallinna piires 5\u20ac. Kauba k\u00e4ttetoimetamine t\u00f6\u00f6p\u00e4evadel kella 9-17<\/p>\n<p><\/p>\n<p class=\"p3\">Kauplusest kauba k\u00e4ttesaamiseks palume kaasa v\u00f5tta tellimus\/arve, mis saadeti Sinu e-mailile v\u00f5i tellimuse\/arve number.<\/p>\n<p><\/p>\n<p class=\"p3\">Meie tarnepartnerid: Smartpost ja Omniva.<\/p>\n<p><\/p>\n<p class=\"p3\">Courier service: Fonolukk O\u00dc<\/p>\n<p><\/p>\n<p class=\"p3\">Kauba saatmiskulud kannab ostja ja kuvatakse vastavat hinnainfot saab kasutada aadressil.<\/p>\n<p><\/p>\n<p class=\"p3\">Taganemis\u00f5igus<\/p>\n<p><\/p>\n<p class=\"p3\">P\u00e4rast tellimuse k\u00e4ttesaamist on ostjal \u00f5igus e-poes s\u00f5lmitud lepingust taganeda 14 p\u00e4eva jooksul.<\/p>\n<p><\/p>\n<p class=\"p3\">Taganemis\u00f5igus ei kehti, kui ostjaks on juriidiline isik.<\/p>\n<p><\/p>\n<p class=\"p3\">14-p\u00e4evase tagastus\u00f5iguse kasutamiseks ei tohi tellitud pudelit avada. Kui kaupa on kasutatud, on veebipoel \u00f5igus alandada tagastustasu vastavalt kauba v\u00e4\u00e4rtuse v\u00e4henemisele.<\/p>\n<p><\/p>\n<p class=\"p3\">Kauba tagastamiseks tuleb kaup ostjale esitada taganemisavaldus, mille vormi leiab siit: taganemisavaldus ning saata see e-posti aadressile info@fonolukk.eu hiljemalt 14 p\u00e4eva jooksul kauba ostmisest. kauba k\u00e4ttesaamine.<\/p>\n<p><\/p>\n<p class=\"p3\">Kauba tagastamisest ostja kanda, v\u00e4lja arvatud juhul, kui tagastamise p\u00f5hjus seisneb selles, et tagastatakse asja mitte tellitud asi (nt vale v\u00f5i defektiga asi).<\/p>\n<p><\/p>\n<p class=\"p3\">Ostja peab kauba tagastama 14-p\u00e4evasele perioodile j\u00e4rgnevale v\u00e4ljav\u00f5ttele v\u00f5i esitama t\u00f5endid selle kohta, et tal on eelpool nimetatud t\u00e4htaeg, kaup on kauba \u00fcle andnud vedajale.<\/p>\n<p><\/p>\n<p class=\"p3\">Online tagastab ostjale kauba k\u00e4ttesaamisel tagastamise viivitamata, kuid mitte hiljem kui 14 p\u00e4eva jooksul p\u00e4rast vaatamist, kviitungi edastamise v\u00e4ljav\u00f5tet, k\u00f5ik lepingust tehtud ostud laekunud tasude alusel.<\/p>\n<p><\/p>\n<p class=\"p3\">Veebipoed v\u00f5ivad keelduda kauba tagasimaksmisest seni, kuni on s\u00f5lmitud leping, mille esemeks on tagasi, v\u00f5i kuni ostja on esitanud t\u00f5endid, et asjad on tagasi saadetud, olenevalt sellest, kumb toimub varem.<\/p>\n<p><\/p>\n<p class=\"p3\">Kui ostja on s\u00f5naselgelt valinud veebipoe, mis pakub tavap\u00e4rastest asjadest kalleimat tarneviisi ja erinevaid tarneviise, ei pea tarbija hoiule kandma, et tagastada kulu, mis \u00fcletab tavap\u00e4raseid tarneviise.<\/p>\n<p><\/p>\n<p class=\"p3\">E-kaubanduses on \u00f5igus tehingust taganeda ja n\u00f5uda ostjalt kauba tagastamist, kui pakutava kauba hind on eksitav, kuna on m\u00e4rgitud kauba turuhinnast oluliselt madalam.<\/p>\n<h2 class=\"p1\"><b>4. V\u00c4LJAKUTSE PUUDUS<\/b><\/h2>\n<p><\/p>\n<p class=\"p3\">Veebipood vastutab ostja ees m\u00fc\u00fcdud kauba lepingutingimustele mittevastavuse v\u00f5i puuduse eest, mille kohta asja \u00fcleandmise hetkel oli ja mis ilmneb kuni kahe aasta jooksul alates kauba \u00fcleandmisest ostjale. asjade j\u00e4rjekord esimese kuue kuu jooksul alates ostjale \u00fcleandmisest eeldatakse, et puudus oli asjadel juba \u00fcleandmise hetkel olemas. Veebipood vastutab selle eelduse \u00fcmberl\u00fckkamise eest.<\/p>\n<p><\/p>\n<p class=\"p3\">Ostjal on \u00f5igus puuduse ilmnemisel tagastada hiljemalt kahe kuu jooksul e-poodi, saates e-posti aadressile info@fonolukk.eu<\/p>\n<p><\/p>\n<p class=\"p3\">Veebipood ei vastuta puuduste eest, mis ilmnevad p\u00e4rast kauba \u00fcleandmist ostjale.<\/p>\n<p><\/p>\n<p class=\"p3\">Kui e-poest ostetud kaubal on puudused, mille eest e-pood vastutab, parandab v\u00f5i asendab veebipood puudusega kauba. Kui kaupa ei ole v\u00f5imalik parandada v\u00f5i asendada, tagastage e-poed ostjale k\u00f5ik tasudega seotud lepingud.<\/p>\n<p><\/p>\n<p class=\"p3\">Tarbija kirjalikult v\u00f5i kirjalikku taasesitamist v\u00f5imaldavas vormis esitatud kaebusele vastab veebipood 14 p\u00e4eva jooksul.<\/p>\n<p><\/p>\n<p class=\"p3\">Otseturundus ja isikuandmete t\u00f6\u00f6tlemine<\/p>\n<p><\/p>\n<p class=\"p3\">Veebipood kasutab ostjat sisestatud isikuandmete (sh nimi, telefoninumber, aadress, e-posti aadress, pangarekvisiidid) j\u00e4rgi ainult tellimuse vormistamiseks ja kauba ostjale saatmiseks. Veebipood edastab isikuandmeid transporditeenust osutavatele ettev\u00f5tetele kauba kohaletoimetamiseks.<\/p>\n<p><\/p>\n<p class=\"p3\">Veebipoed saadavad ostjatele uudiskirju ning pakuvad ostjale e-posti aadressi ainult juhul, kui ostja on selleks avaldanud soovi sisestada veebilehel e-posti aadressi ning andnud teada soovist suunata kirju teadete saamiseks.<\/p>\n<p><\/p>\n<p class=\"p3\">Ostjal on igal ajal v\u00f5imalik e-posti teel saadetavatest pakkumistest loobuda, teavitades sellest meid e-kirja teel v\u00f5i j\u00e4rgides pakkumisi sisaldavas e-kirjas toodud juhiseid.<\/p>\n<h2 class=\"p1\"><b>5.PANGALINK<\/b><\/h2>\n<p><\/p>\n<p class=\"p3\">Fonolukk Panga linke pakub Montonio Finance O\u00dc.<\/p>\n<p><\/p>\n<p class=\"p3\">Makseviiside kirjeldus<\/p>\n<p><\/p>\n<p class=\"p3\">Teie ettev\u00f5te on isikuandmete vastutav t\u00f6\u00f6tleja, teie ettev\u00f5te edastab maksete tegemiseks vajalikud isikuandmed t\u00f6\u00f6tleja Montonio Finance O\u00dc.<\/p>\n<p><\/p>\n<p class=\"p3\">Vaidluste lahendamine<\/p>\n<p><\/p>\n<p class=\"p3\">Kui ostjal on e-poe kohta pretensioone, tuleb need saata e-posti aadressile info@fonolukk.eu<\/p>\n<p><\/p>\n<p class=\"p3\">Kui ostja ja veebipood ei suuda vaidlust kokkuleppe teel lahendada, v\u00f5ib ostja p\u00f6\u00f6rduda Tarbijakaebuste komisjoni poole. Menetlustingimustega saab tutvuda ja avalduse esitada siin. Tarbijakaebuste komisjoni p\u00e4devuses on lahendada ostja ja veebipoe vahelisest lepingust tulenevaid vaidlusi. Ostja kaebuse l\u00e4bivaatamine komisjonis on tasuta.<\/p>\n<p><\/p>\n<p class=\"p3\">Ostja v\u00f5ib viidata EL-i tarbijavaidluste lahendamise platvormile fonolukk.eu<\/p>\n<p><\/p>\n<p class=\"p3\">Fonolukk O\u00dc<\/p>\n\n<p><\/p>\n","protected":false},"excerpt":{"rendered":"<p>1.OSTUTINGIMUSED E-pood fonolukk.eu (edaspidi kauplus) omanik on fonolukk O\u00dc (registrikood 11392227), asukoht Tuuliku Tee 4, Tallinn, Eesti. M\u00fc\u00fcgilepingu kehtivus, kaup<\/p>\n","protected":false},"author":2,"featured_media":0,"parent":0,"menu_order":0,"comment_status":"closed","ping_status":"closed","template":"","meta":{"footnotes":""},"class_list":["post-3843","page","type-page","status-publish","hentry"],"yoast_head":"<!-- This site is optimized with the Yoast SEO Premium plugin v27.3 (Yoast SEO v27.3) - https:\/\/yoast.com\/product\/yoast-seo-premium-wordpress\/ -->\n<title>Ostutingimused - Fonolukk<\/title>\n<meta name=\"description\" content=\"Fonoluku ja L\u00e4bip\u00e4\u00e4sus\u00fcsteemi Paigaldus , Remont , Hooldus. Rainmann (Laskomex) , Vizit , Eltis , Farfisa jne. Tel. 66 11 774.\" \/>\n<meta name=\"robots\" content=\"index, follow, max-snippet:-1, max-image-preview:large, max-video-preview:-1\" \/>\n<link rel=\"canonical\" href=\"https:\/\/fonolukk.eu\/et\/ostutingimused\/\" \/>\n<meta property=\"og:locale\" content=\"et_EE\" \/>\n<meta property=\"og:type\" content=\"article\" \/>\n<meta property=\"og:title\" content=\"Ostutingimused\" \/>\n<meta property=\"og:description\" content=\"1.OSTUTINGIMUSED E-pood fonolukk.eu (edaspidi kauplus) omanik on fonolukk O\u00dc (registrikood 11392227), asukoht Tuuliku Tee 4, Tallinn, Eesti. M\u00fc\u00fcgilepingu\" \/>\n<meta property=\"og:url\" content=\"https:\/\/fonolukk.eu\/et\/ostutingimused\/\" \/>\n<meta property=\"og:site_name\" content=\"Fonolukk\" \/>\n<meta property=\"article:publisher\" content=\"https:\/\/www.facebook.com\/fonolukk\" \/>\n<meta property=\"article:modified_time\" content=\"2026-03-31T11:53:27+00:00\" \/>\n<meta property=\"og:image\" content=\"https:\/\/fonolukk.eu\/wp-content\/uploads\/2021\/04\/logo-fonolukk-c-tel-1.png\" \/>\n\t<meta property=\"og:image:width\" content=\"592\" \/>\n\t<meta property=\"og:image:height\" content=\"228\" \/>\n\t<meta property=\"og:image:type\" content=\"image\/png\" \/>\n<meta name=\"twitter:card\" content=\"summary_large_image\" \/>\n<meta name=\"twitter:label1\" content=\"Est. reading time\" \/>\n\t<meta name=\"twitter:data1\" content=\"4 minutit\" \/>\n<script type=\"application\/ld+json\" class=\"yoast-schema-graph\">{\"@context\":\"https:\\\/\\\/schema.org\",\"@graph\":[{\"@type\":[\"Article\",\"BlogPosting\"],\"@id\":\"https:\\\/\\\/fonolukk.eu\\\/et\\\/ostutingimused\\\/#article\",\"isPartOf\":{\"@id\":\"https:\\\/\\\/fonolukk.eu\\\/et\\\/ostutingimused\\\/\"},\"author\":{\"name\":\"Aleksei Mal\",\"@id\":\"https:\\\/\\\/fonolukk.eu\\\/et\\\/#\\\/schema\\\/person\\\/4a592fd1f64fdd66154ab76d1bf648e6\"},\"headline\":\"Ostutingimused\",\"datePublished\":\"2020-02-14T21:40:47+00:00\",\"dateModified\":\"2026-03-31T11:53:27+00:00\",\"mainEntityOfPage\":{\"@id\":\"https:\\\/\\\/fonolukk.eu\\\/et\\\/ostutingimused\\\/\"},\"wordCount\":898,\"publisher\":{\"@id\":\"https:\\\/\\\/fonolukk.eu\\\/et\\\/#organization\"},\"inLanguage\":\"et\"},{\"@type\":\"WebPage\",\"@id\":\"https:\\\/\\\/fonolukk.eu\\\/et\\\/ostutingimused\\\/\",\"url\":\"https:\\\/\\\/fonolukk.eu\\\/et\\\/ostutingimused\\\/\",\"name\":\"Ostutingimused - Fonolukk\",\"isPartOf\":{\"@id\":\"https:\\\/\\\/fonolukk.eu\\\/et\\\/#website\"},\"datePublished\":\"2020-02-14T21:40:47+00:00\",\"dateModified\":\"2026-03-31T11:53:27+00:00\",\"description\":\"Fonoluku ja L\u00e4bip\u00e4\u00e4sus\u00fcsteemi Paigaldus , Remont , Hooldus. Rainmann (Laskomex) , Vizit , Eltis , Farfisa jne. Tel. 66 11 774.\",\"breadcrumb\":{\"@id\":\"https:\\\/\\\/fonolukk.eu\\\/et\\\/ostutingimused\\\/#breadcrumb\"},\"inLanguage\":\"et\",\"potentialAction\":[{\"@type\":\"ReadAction\",\"target\":[\"https:\\\/\\\/fonolukk.eu\\\/et\\\/ostutingimused\\\/\"]}]},{\"@type\":\"BreadcrumbList\",\"@id\":\"https:\\\/\\\/fonolukk.eu\\\/et\\\/ostutingimused\\\/#breadcrumb\",\"itemListElement\":[{\"@type\":\"ListItem\",\"position\":1,\"name\":\"Esileht\",\"item\":\"https:\\\/\\\/fonolukk.eu\\\/et\\\/koduleht\\\/\"},{\"@type\":\"ListItem\",\"position\":2,\"name\":\"Ostutingimused\"}]},{\"@type\":\"WebSite\",\"@id\":\"https:\\\/\\\/fonolukk.eu\\\/et\\\/#website\",\"url\":\"https:\\\/\\\/fonolukk.eu\\\/et\\\/\",\"name\":\"Fonolukk eu\",\"description\":\"Smart Security Systems\",\"publisher\":{\"@id\":\"https:\\\/\\\/fonolukk.eu\\\/et\\\/#organization\"},\"potentialAction\":[{\"@type\":\"SearchAction\",\"target\":{\"@type\":\"EntryPoint\",\"urlTemplate\":\"https:\\\/\\\/fonolukk.eu\\\/et\\\/?s={search_term_string}\"},\"query-input\":{\"@type\":\"PropertyValueSpecification\",\"valueRequired\":true,\"valueName\":\"search_term_string\"}}],\"inLanguage\":\"et\"},{\"@type\":\"Organization\",\"@id\":\"https:\\\/\\\/fonolukk.eu\\\/et\\\/#organization\",\"name\":\"Smart Security OU\",\"url\":\"https:\\\/\\\/fonolukk.eu\\\/et\\\/\",\"logo\":{\"@type\":\"ImageObject\",\"inLanguage\":\"et\",\"@id\":\"https:\\\/\\\/fonolukk.eu\\\/et\\\/#\\\/schema\\\/logo\\\/image\\\/\",\"url\":\"https:\\\/\\\/fonolukk.eu\\\/wp-content\\\/uploads\\\/2023\\\/09\\\/fonolukk.png\",\"contentUrl\":\"https:\\\/\\\/fonolukk.eu\\\/wp-content\\\/uploads\\\/2023\\\/09\\\/fonolukk.png\",\"width\":277,\"height\":274,\"caption\":\"Smart Security OU\"},\"image\":{\"@id\":\"https:\\\/\\\/fonolukk.eu\\\/et\\\/#\\\/schema\\\/logo\\\/image\\\/\"},\"sameAs\":[\"https:\\\/\\\/www.facebook.com\\\/fonolukk\",\"https:\\\/\\\/www.instagram.com\\\/fonolukk\\\/?hl=ru\"],\"publishingPrinciples\":\"https:\\\/\\\/fonolukk.eu\\\/terms-and-conditions\\\/\",\"ownershipFundingInfo\":\"https:\\\/\\\/fonolukk.eu\\\/about-us\\\/\"},{\"@type\":\"Person\",\"@id\":\"https:\\\/\\\/fonolukk.eu\\\/et\\\/#\\\/schema\\\/person\\\/4a592fd1f64fdd66154ab76d1bf648e6\",\"name\":\"Aleksei Mal\",\"image\":{\"@type\":\"ImageObject\",\"inLanguage\":\"et\",\"@id\":\"https:\\\/\\\/secure.gravatar.com\\\/avatar\\\/6f18e43804942ed4c91305613f8164568de2648f6c56b3d7ea211631dda24c59?s=96&d=mm&r=g\",\"url\":\"https:\\\/\\\/secure.gravatar.com\\\/avatar\\\/6f18e43804942ed4c91305613f8164568de2648f6c56b3d7ea211631dda24c59?s=96&d=mm&r=g\",\"contentUrl\":\"https:\\\/\\\/secure.gravatar.com\\\/avatar\\\/6f18e43804942ed4c91305613f8164568de2648f6c56b3d7ea211631dda24c59?s=96&d=mm&r=g\",\"caption\":\"Aleksei Mal\"},\"url\":\"https:\\\/\\\/fonolukk.eu\\\/et\\\/author\\\/aleksei-mal\\\/\"}]}<\/script>\n<!-- \/ Yoast SEO Premium plugin. -->","yoast_head_json":{"title":"Ostutingimused - Fonolukk","description":"Fonoluku ja L\u00e4bip\u00e4\u00e4sus\u00fcsteemi Paigaldus , Remont , Hooldus. Rainmann (Laskomex) , Vizit , Eltis , Farfisa jne. Tel. 66 11 774.","robots":{"index":"index","follow":"follow","max-snippet":"max-snippet:-1","max-image-preview":"max-image-preview:large","max-video-preview":"max-video-preview:-1"},"canonical":"https:\/\/fonolukk.eu\/et\/ostutingimused\/","og_locale":"et_EE","og_type":"article","og_title":"Ostutingimused","og_description":"1.OSTUTINGIMUSED E-pood fonolukk.eu (edaspidi kauplus) omanik on fonolukk O\u00dc (registrikood 11392227), asukoht Tuuliku Tee 4, Tallinn, Eesti. M\u00fc\u00fcgilepingu","og_url":"https:\/\/fonolukk.eu\/et\/ostutingimused\/","og_site_name":"Fonolukk","article_publisher":"https:\/\/www.facebook.com\/fonolukk","article_modified_time":"2026-03-31T11:53:27+00:00","og_image":[{"width":592,"height":228,"url":"https:\/\/fonolukk.eu\/wp-content\/uploads\/2021\/04\/logo-fonolukk-c-tel-1.png","type":"image\/png"}],"twitter_card":"summary_large_image","twitter_misc":{"Est. reading time":"4 minutit"},"schema":{"@context":"https:\/\/schema.org","@graph":[{"@type":["Article","BlogPosting"],"@id":"https:\/\/fonolukk.eu\/et\/ostutingimused\/#article","isPartOf":{"@id":"https:\/\/fonolukk.eu\/et\/ostutingimused\/"},"author":{"name":"Aleksei Mal","@id":"https:\/\/fonolukk.eu\/et\/#\/schema\/person\/4a592fd1f64fdd66154ab76d1bf648e6"},"headline":"Ostutingimused","datePublished":"2020-02-14T21:40:47+00:00","dateModified":"2026-03-31T11:53:27+00:00","mainEntityOfPage":{"@id":"https:\/\/fonolukk.eu\/et\/ostutingimused\/"},"wordCount":898,"publisher":{"@id":"https:\/\/fonolukk.eu\/et\/#organization"},"inLanguage":"et"},{"@type":"WebPage","@id":"https:\/\/fonolukk.eu\/et\/ostutingimused\/","url":"https:\/\/fonolukk.eu\/et\/ostutingimused\/","name":"Ostutingimused - Fonolukk","isPartOf":{"@id":"https:\/\/fonolukk.eu\/et\/#website"},"datePublished":"2020-02-14T21:40:47+00:00","dateModified":"2026-03-31T11:53:27+00:00","description":"Fonoluku ja L\u00e4bip\u00e4\u00e4sus\u00fcsteemi Paigaldus , Remont , Hooldus. Rainmann (Laskomex) , Vizit , Eltis , Farfisa jne. Tel. 66 11 774.","breadcrumb":{"@id":"https:\/\/fonolukk.eu\/et\/ostutingimused\/#breadcrumb"},"inLanguage":"et","potentialAction":[{"@type":"ReadAction","target":["https:\/\/fonolukk.eu\/et\/ostutingimused\/"]}]},{"@type":"BreadcrumbList","@id":"https:\/\/fonolukk.eu\/et\/ostutingimused\/#breadcrumb","itemListElement":[{"@type":"ListItem","position":1,"name":"Esileht","item":"https:\/\/fonolukk.eu\/et\/koduleht\/"},{"@type":"ListItem","position":2,"name":"Ostutingimused"}]},{"@type":"WebSite","@id":"https:\/\/fonolukk.eu\/et\/#website","url":"https:\/\/fonolukk.eu\/et\/","name":"Fonolukk eu","description":"Smart Security Systems","publisher":{"@id":"https:\/\/fonolukk.eu\/et\/#organization"},"potentialAction":[{"@type":"SearchAction","target":{"@type":"EntryPoint","urlTemplate":"https:\/\/fonolukk.eu\/et\/?s={search_term_string}"},"query-input":{"@type":"PropertyValueSpecification","valueRequired":true,"valueName":"search_term_string"}}],"inLanguage":"et"},{"@type":"Organization","@id":"https:\/\/fonolukk.eu\/et\/#organization","name":"Smart Security OU","url":"https:\/\/fonolukk.eu\/et\/","logo":{"@type":"ImageObject","inLanguage":"et","@id":"https:\/\/fonolukk.eu\/et\/#\/schema\/logo\/image\/","url":"https:\/\/fonolukk.eu\/wp-content\/uploads\/2023\/09\/fonolukk.png","contentUrl":"https:\/\/fonolukk.eu\/wp-content\/uploads\/2023\/09\/fonolukk.png","width":277,"height":274,"caption":"Smart Security OU"},"image":{"@id":"https:\/\/fonolukk.eu\/et\/#\/schema\/logo\/image\/"},"sameAs":["https:\/\/www.facebook.com\/fonolukk","https:\/\/www.instagram.com\/fonolukk\/?hl=ru"],"publishingPrinciples":"https:\/\/fonolukk.eu\/terms-and-conditions\/","ownershipFundingInfo":"https:\/\/fonolukk.eu\/about-us\/"},{"@type":"Person","@id":"https:\/\/fonolukk.eu\/et\/#\/schema\/person\/4a592fd1f64fdd66154ab76d1bf648e6","name":"Aleksei Mal","image":{"@type":"ImageObject","inLanguage":"et","@id":"https:\/\/secure.gravatar.com\/avatar\/6f18e43804942ed4c91305613f8164568de2648f6c56b3d7ea211631dda24c59?s=96&d=mm&r=g","url":"https:\/\/secure.gravatar.com\/avatar\/6f18e43804942ed4c91305613f8164568de2648f6c56b3d7ea211631dda24c59?s=96&d=mm&r=g","contentUrl":"https:\/\/secure.gravatar.com\/avatar\/6f18e43804942ed4c91305613f8164568de2648f6c56b3d7ea211631dda24c59?s=96&d=mm&r=g","caption":"Aleksei Mal"},"url":"https:\/\/fonolukk.eu\/et\/author\/aleksei-mal\/"}]}},"_links":{"self":[{"href":"https:\/\/fonolukk.eu\/et\/wp-json\/wp\/v2\/pages\/3843","targetHints":{"allow":["GET"]}}],"collection":[{"href":"https:\/\/fonolukk.eu\/et\/wp-json\/wp\/v2\/pages"}],"about":[{"href":"https:\/\/fonolukk.eu\/et\/wp-json\/wp\/v2\/types\/page"}],"author":[{"embeddable":true,"href":"https:\/\/fonolukk.eu\/et\/wp-json\/wp\/v2\/users\/2"}],"replies":[{"embeddable":true,"href":"https:\/\/fonolukk.eu\/et\/wp-json\/wp\/v2\/comments?post=3843"}],"version-history":[{"count":7,"href":"https:\/\/fonolukk.eu\/et\/wp-json\/wp\/v2\/pages\/3843\/revisions"}],"predecessor-version":[{"id":23303,"href":"https:\/\/fonolukk.eu\/et\/wp-json\/wp\/v2\/pages\/3843\/revisions\/23303"}],"wp:attachment":[{"href":"https:\/\/fonolukk.eu\/et\/wp-json\/wp\/v2\/media?parent=3843"}],"curies":[{"name":"wp","href":"https:\/\/api.w.org\/{rel}","templated":true}]}}