{"id":10270,"date":"2021-02-06T16:48:55","date_gmt":"2021-02-06T14:48:56","guid":{"rendered":"https:\/\/fonolukk.eu\/?post_type=product&#038;p=10270"},"modified":"2026-04-22T09:09:11","modified_gmt":"2026-04-22T06:09:11","slug":"rfid-fonovotid-3","status":"publish","type":"product","link":"https:\/\/fonolukk.eu\/et\/tooted\/rfid-fonovotid-3\/","title":{"rendered":"RFID fonov\u00f5tid"},"content":{"rendered":"<h2><span>Spetsifikatsioonid:<\/span><\/h2>\n<ul>\n<li><span>Kiibi t\u00fc\u00fcp: T5557<\/span><\/li>\n<li><span>T\u00f6\u00f6sagedus: 125KHz v\u00f5tmehoidja t\u00fc\u00fcp: lugemine \/ kirjutamine<\/span><\/li>\n<li><span>ID tempel: ei<\/span><\/li>\n<li><span>Materjal: ABS LOGO ABILITY V\u00e4rv (ring + raam): valge + roheline, valge + sinine, kollane + roheline, kollane + sinine<\/span><\/li>\n<li><span>T\u00f6\u00f6temperatuur: -30 \u00b0 \u0421 &#8230; + 50 \u00b0 \u0421<\/span><\/li>\n<li><span>S\u00e4ilitustemperatuur: -40 \u00b0 \u0421 &#8230; + 75 \u00b0 \u0421<\/span><\/li>\n<li><span>M\u00f5\u00f5tmed (mm): 37x30x3<\/span><\/li>\n<\/ul>\n","protected":false},"excerpt":{"rendered":"<div>\n<div>Peamised omadused:<\/div>\n<div>\n<ul>\n<li>Atraktiivne v\u00e4limus<\/li>\n<\/ul>\n<div id=\"bg5\" class=\"block_box small_bg4 big_bg4\">\n<div id=\"layer5\" class=\"block_center\">\n<div class=\"art_box\">\n<div class=\"right_box\">\n<div class=\"cat_item_list\">\n<div class=\"item_box3 text_box\">\n<div class=\"cont_dop\">\n<div class=\"contr_tab h_act\">\n<div class=\"t_sub\"><span>Temic kahev\u00e4rviline kaugjuhtimispult T5557 kiibiga.\u00a0V\u00e4ike suurus, \u00f5huke korpus, atraktiivne v\u00e4limus, kerev\u00e4rvide valik.\u00a0Raudr\u00f5ngas kinnitamiseks.\u00a0Raudkarabiini saab tarnida.\u00a0Seda kasutatakse ainulaadse numbri salvestamiseks v\u00f5i kopeerimiseks (see v\u00f5ib j\u00e4ljendada EM Marine, HID ja muid standardeid, mis t\u00f6\u00f6tavad sagedusel 100-150Khz).\u00a0V\u00f5imalus rakendada logo.<\/span><\/div>\n<\/div>\n<\/div>\n<\/div>\n<\/div>\n<\/div>\n<\/div>\n<\/div>\n<\/div>\n<\/div>\n<\/div>\n","protected":false},"featured_media":10273,"template":"","meta":[],"product_brand":[],"product_cat":[1017,866],"product_tag":[],"class_list":{"0":"post-10270","1":"product","2":"type-product","3":"status-publish","4":"has-post-thumbnail","6":"product_cat-rfid-votmed","7":"product_cat-labipaasususteem","8":"pa_brand-ironlogic-et","10":"first","11":"instock","12":"taxable","13":"shipping-taxable","14":"product-type-simple"},"yoast_head":"<!-- This site is optimized with the Yoast SEO Premium plugin v27.5 (Yoast SEO v27.5) - https:\/\/yoast.com\/product\/yoast-seo-premium-wordpress\/ -->\n<title>RFID fonov\u00f5tid - Fonolukk<\/title>\n<meta name=\"description\" content=\"RFID fonov\u00f5tid - Fonolukk\" \/>\n<meta name=\"robots\" content=\"index, follow, max-snippet:-1, max-image-preview:large, max-video-preview:-1\" \/>\n<link rel=\"canonical\" href=\"https:\/\/fonolukk.eu\/et\/tooted\/rfid-fonovotid-3\/\" \/>\n<meta property=\"og:locale\" content=\"et_EE\" \/>\n<meta property=\"og:type\" content=\"article\" \/>\n<meta property=\"og:title\" content=\"RFID fonov\u00f5tid\" \/>\n<meta property=\"og:description\" content=\"Peamised omadused:    Atraktiivne v\u00e4limus          Temic kahev\u00e4rviline kaugjuhtimispult T5557 kiibiga.\u00a0V\u00e4ike suurus, \u00f5huke korpus, atraktiivne v\u00e4limus, kerev\u00e4rvide valik.\u00a0Raudr\u00f5ngas kinnitamiseks.\u00a0Raudkarabiini saab tarnida.\u00a0Seda kasutatakse ainulaadse numbri salvestamiseks v\u00f5i kopeerimiseks (see v\u00f5ib j\u00e4ljendada EM Marine, HID ja muid standardeid, mis t\u00f6\u00f6tavad sagedusel 100-150Khz).\u00a0V\u00f5imalus rakendada logo.\" \/>\n<meta property=\"og:url\" content=\"https:\/\/fonolukk.eu\/et\/tooted\/rfid-fonovotid-3\/\" \/>\n<meta property=\"og:site_name\" content=\"Fonolukk\" \/>\n<meta property=\"article:publisher\" content=\"https:\/\/www.facebook.com\/fonolukk\" \/>\n<meta property=\"article:modified_time\" content=\"2026-04-22T06:09:11+00:00\" \/>\n<meta property=\"og:image\" content=\"https:\/\/fonolukk.eu\/wp-content\/uploads\/2021\/02\/7dcb2217-f60e-11df-867d-0014a5e9b836-1.jpg\" \/>\n\t<meta property=\"og:image:width\" content=\"600\" \/>\n\t<meta property=\"og:image:height\" content=\"600\" \/>\n\t<meta property=\"og:image:type\" content=\"image\/jpeg\" \/>\n<meta name=\"twitter:card\" content=\"summary_large_image\" \/>\n<meta name=\"twitter:label1\" content=\"Hind\" \/>\n\t<meta name=\"twitter:data1\" content=\"\" \/>\n\t<meta name=\"twitter:label2\" content=\"Availability\" \/>\n\t<meta name=\"twitter:data2\" content=\"Laos\" \/>\n<script type=\"application\/ld+json\" class=\"yoast-schema-graph\">{\"@context\":\"https:\\\/\\\/schema.org\",\"@graph\":[{\"@type\":\"WebPage\",\"@id\":\"https:\\\/\\\/fonolukk.eu\\\/et\\\/tooted\\\/rfid-fonovotid-3\\\/\",\"url\":\"https:\\\/\\\/fonolukk.eu\\\/et\\\/tooted\\\/rfid-fonovotid-3\\\/\",\"name\":\"RFID fonov\u00f5tid - Fonolukk\",\"isPartOf\":{\"@id\":\"https:\\\/\\\/fonolukk.eu\\\/et\\\/#website\"},\"primaryImageOfPage\":{\"@id\":\"https:\\\/\\\/fonolukk.eu\\\/et\\\/tooted\\\/rfid-fonovotid-3\\\/#primaryimage\"},\"image\":{\"@id\":\"https:\\\/\\\/fonolukk.eu\\\/et\\\/tooted\\\/rfid-fonovotid-3\\\/#primaryimage\"},\"thumbnailUrl\":\"https:\\\/\\\/fonolukk.eu\\\/wp-content\\\/uploads\\\/2021\\\/02\\\/7dcb2217-f60e-11df-867d-0014a5e9b836-1.jpg\",\"datePublished\":\"2021-02-06T14:48:56+00:00\",\"dateModified\":\"2026-04-22T06:09:11+00:00\",\"description\":\"RFID fonov\u00f5tid - Fonolukk\",\"breadcrumb\":{\"@id\":\"https:\\\/\\\/fonolukk.eu\\\/et\\\/tooted\\\/rfid-fonovotid-3\\\/#breadcrumb\"},\"inLanguage\":\"et\",\"potentialAction\":[{\"@type\":\"ReadAction\",\"target\":[\"https:\\\/\\\/fonolukk.eu\\\/et\\\/tooted\\\/rfid-fonovotid-3\\\/\"]}]},{\"@type\":\"ImageObject\",\"inLanguage\":\"et\",\"@id\":\"https:\\\/\\\/fonolukk.eu\\\/et\\\/tooted\\\/rfid-fonovotid-3\\\/#primaryimage\",\"url\":\"https:\\\/\\\/fonolukk.eu\\\/wp-content\\\/uploads\\\/2021\\\/02\\\/7dcb2217-f60e-11df-867d-0014a5e9b836-1.jpg\",\"contentUrl\":\"https:\\\/\\\/fonolukk.eu\\\/wp-content\\\/uploads\\\/2021\\\/02\\\/7dcb2217-f60e-11df-867d-0014a5e9b836-1.jpg\",\"width\":600,\"height\":600,\"caption\":\"RFID v\u00f5tmed\"},{\"@type\":\"BreadcrumbList\",\"@id\":\"https:\\\/\\\/fonolukk.eu\\\/et\\\/tooted\\\/rfid-fonovotid-3\\\/#breadcrumb\",\"itemListElement\":[{\"@type\":\"ListItem\",\"position\":1,\"name\":\"Esileht\",\"item\":\"https:\\\/\\\/fonolukk.eu\\\/et\\\/koduleht\\\/\"},{\"@type\":\"ListItem\",\"position\":2,\"name\":\"Tooted\",\"item\":\"https:\\\/\\\/fonolukk.eu\\\/et\\\/shop-2\\\/\"},{\"@type\":\"ListItem\",\"position\":3,\"name\":\"L\u00e4bip\u00e4\u00e4sus\u00fcsteem\",\"item\":\"https:\\\/\\\/fonolukk.eu\\\/et\\\/product-category\\\/labipaasususteem\\\/\"},{\"@type\":\"ListItem\",\"position\":4,\"name\":\"Kaardid ja kiibid\",\"item\":\"https:\\\/\\\/fonolukk.eu\\\/et\\\/product-category\\\/labipaasususteem\\\/kaardid-ja-kiibid\\\/\"},{\"@type\":\"ListItem\",\"position\":5,\"name\":\"RFID v\u00f5tmed\",\"item\":\"https:\\\/\\\/fonolukk.eu\\\/et\\\/product-category\\\/labipaasususteem\\\/kaardid-ja-kiibid\\\/rfid-votmed\\\/\"},{\"@type\":\"ListItem\",\"position\":6,\"name\":\"RFID fonov\u00f5tid\"}]},{\"@type\":\"WebSite\",\"@id\":\"https:\\\/\\\/fonolukk.eu\\\/et\\\/#website\",\"url\":\"https:\\\/\\\/fonolukk.eu\\\/et\\\/\",\"name\":\"Fonolukk eu\",\"description\":\"Smart Security Systems\",\"publisher\":{\"@id\":\"https:\\\/\\\/fonolukk.eu\\\/et\\\/#organization\"},\"potentialAction\":[{\"@type\":\"SearchAction\",\"target\":{\"@type\":\"EntryPoint\",\"urlTemplate\":\"https:\\\/\\\/fonolukk.eu\\\/et\\\/?s={search_term_string}\"},\"query-input\":{\"@type\":\"PropertyValueSpecification\",\"valueRequired\":true,\"valueName\":\"search_term_string\"}}],\"inLanguage\":\"et\"},{\"@type\":\"Organization\",\"@id\":\"https:\\\/\\\/fonolukk.eu\\\/et\\\/#organization\",\"name\":\"Smart Security OU\",\"url\":\"https:\\\/\\\/fonolukk.eu\\\/et\\\/\",\"logo\":{\"@type\":\"ImageObject\",\"inLanguage\":\"et\",\"@id\":\"https:\\\/\\\/fonolukk.eu\\\/et\\\/#\\\/schema\\\/logo\\\/image\\\/\",\"url\":\"https:\\\/\\\/fonolukk.eu\\\/wp-content\\\/uploads\\\/2023\\\/09\\\/fonolukk.png\",\"contentUrl\":\"https:\\\/\\\/fonolukk.eu\\\/wp-content\\\/uploads\\\/2023\\\/09\\\/fonolukk.png\",\"width\":277,\"height\":274,\"caption\":\"Smart Security OU\"},\"image\":{\"@id\":\"https:\\\/\\\/fonolukk.eu\\\/et\\\/#\\\/schema\\\/logo\\\/image\\\/\"},\"sameAs\":[\"https:\\\/\\\/www.facebook.com\\\/fonolukk\",\"https:\\\/\\\/www.instagram.com\\\/fonolukk\\\/?hl=ru\"],\"publishingPrinciples\":\"https:\\\/\\\/fonolukk.eu\\\/terms-and-conditions\\\/\",\"ownershipFundingInfo\":\"https:\\\/\\\/fonolukk.eu\\\/about-us\\\/\"}]}<\/script>\n<meta property=\"product:brand\" content=\"IronLogic\" \/>\n<meta property=\"product:price:amount\" content=\"0.00\" \/>\n<meta property=\"product:price:currency\" content=\"EUR\" \/>\n<meta property=\"og:availability\" content=\"instock\" \/>\n<meta property=\"product:availability\" content=\"instock\" \/>\n<meta property=\"product:retailer_item_id\" content=\"IronLogic IL-07T\" \/>\n<meta property=\"product:condition\" content=\"new\" \/>\n<!-- \/ Yoast SEO Premium plugin. -->","yoast_head_json":{"title":"RFID fonov\u00f5tid - Fonolukk","description":"RFID fonov\u00f5tid - Fonolukk","robots":{"index":"index","follow":"follow","max-snippet":"max-snippet:-1","max-image-preview":"max-image-preview:large","max-video-preview":"max-video-preview:-1"},"canonical":"https:\/\/fonolukk.eu\/et\/tooted\/rfid-fonovotid-3\/","og_locale":"et_EE","og_type":"article","og_title":"RFID fonov\u00f5tid","og_description":"Peamised omadused:    Atraktiivne v\u00e4limus          Temic kahev\u00e4rviline kaugjuhtimispult T5557 kiibiga.\u00a0V\u00e4ike suurus, \u00f5huke korpus, atraktiivne v\u00e4limus, kerev\u00e4rvide valik.\u00a0Raudr\u00f5ngas kinnitamiseks.\u00a0Raudkarabiini saab tarnida.\u00a0Seda kasutatakse ainulaadse numbri salvestamiseks v\u00f5i kopeerimiseks (see v\u00f5ib j\u00e4ljendada EM Marine, HID ja muid standardeid, mis t\u00f6\u00f6tavad sagedusel 100-150Khz).\u00a0V\u00f5imalus rakendada logo.","og_url":"https:\/\/fonolukk.eu\/et\/tooted\/rfid-fonovotid-3\/","og_site_name":"Fonolukk","article_publisher":"https:\/\/www.facebook.com\/fonolukk","article_modified_time":"2026-04-22T06:09:11+00:00","og_image":[{"width":600,"height":600,"url":"https:\/\/fonolukk.eu\/wp-content\/uploads\/2021\/02\/7dcb2217-f60e-11df-867d-0014a5e9b836-1.jpg","type":"image\/jpeg"}],"twitter_card":"summary_large_image","twitter_misc":{"Hind":"","Availability":"Laos"},"schema":{"@context":"https:\/\/schema.org","@graph":[{"@type":"WebPage","@id":"https:\/\/fonolukk.eu\/et\/tooted\/rfid-fonovotid-3\/","url":"https:\/\/fonolukk.eu\/et\/tooted\/rfid-fonovotid-3\/","name":"RFID fonov\u00f5tid - Fonolukk","isPartOf":{"@id":"https:\/\/fonolukk.eu\/et\/#website"},"primaryImageOfPage":{"@id":"https:\/\/fonolukk.eu\/et\/tooted\/rfid-fonovotid-3\/#primaryimage"},"image":{"@id":"https:\/\/fonolukk.eu\/et\/tooted\/rfid-fonovotid-3\/#primaryimage"},"thumbnailUrl":"https:\/\/fonolukk.eu\/wp-content\/uploads\/2021\/02\/7dcb2217-f60e-11df-867d-0014a5e9b836-1.jpg","datePublished":"2021-02-06T14:48:56+00:00","dateModified":"2026-04-22T06:09:11+00:00","description":"RFID fonov\u00f5tid - Fonolukk","breadcrumb":{"@id":"https:\/\/fonolukk.eu\/et\/tooted\/rfid-fonovotid-3\/#breadcrumb"},"inLanguage":"et","potentialAction":[{"@type":"ReadAction","target":["https:\/\/fonolukk.eu\/et\/tooted\/rfid-fonovotid-3\/"]}]},{"@type":"ImageObject","inLanguage":"et","@id":"https:\/\/fonolukk.eu\/et\/tooted\/rfid-fonovotid-3\/#primaryimage","url":"https:\/\/fonolukk.eu\/wp-content\/uploads\/2021\/02\/7dcb2217-f60e-11df-867d-0014a5e9b836-1.jpg","contentUrl":"https:\/\/fonolukk.eu\/wp-content\/uploads\/2021\/02\/7dcb2217-f60e-11df-867d-0014a5e9b836-1.jpg","width":600,"height":600,"caption":"RFID v\u00f5tmed"},{"@type":"BreadcrumbList","@id":"https:\/\/fonolukk.eu\/et\/tooted\/rfid-fonovotid-3\/#breadcrumb","itemListElement":[{"@type":"ListItem","position":1,"name":"Esileht","item":"https:\/\/fonolukk.eu\/et\/koduleht\/"},{"@type":"ListItem","position":2,"name":"Tooted","item":"https:\/\/fonolukk.eu\/et\/shop-2\/"},{"@type":"ListItem","position":3,"name":"L\u00e4bip\u00e4\u00e4sus\u00fcsteem","item":"https:\/\/fonolukk.eu\/et\/product-category\/labipaasususteem\/"},{"@type":"ListItem","position":4,"name":"Kaardid ja kiibid","item":"https:\/\/fonolukk.eu\/et\/product-category\/labipaasususteem\/kaardid-ja-kiibid\/"},{"@type":"ListItem","position":5,"name":"RFID v\u00f5tmed","item":"https:\/\/fonolukk.eu\/et\/product-category\/labipaasususteem\/kaardid-ja-kiibid\/rfid-votmed\/"},{"@type":"ListItem","position":6,"name":"RFID fonov\u00f5tid"}]},{"@type":"WebSite","@id":"https:\/\/fonolukk.eu\/et\/#website","url":"https:\/\/fonolukk.eu\/et\/","name":"Fonolukk eu","description":"Smart Security Systems","publisher":{"@id":"https:\/\/fonolukk.eu\/et\/#organization"},"potentialAction":[{"@type":"SearchAction","target":{"@type":"EntryPoint","urlTemplate":"https:\/\/fonolukk.eu\/et\/?s={search_term_string}"},"query-input":{"@type":"PropertyValueSpecification","valueRequired":true,"valueName":"search_term_string"}}],"inLanguage":"et"},{"@type":"Organization","@id":"https:\/\/fonolukk.eu\/et\/#organization","name":"Smart Security OU","url":"https:\/\/fonolukk.eu\/et\/","logo":{"@type":"ImageObject","inLanguage":"et","@id":"https:\/\/fonolukk.eu\/et\/#\/schema\/logo\/image\/","url":"https:\/\/fonolukk.eu\/wp-content\/uploads\/2023\/09\/fonolukk.png","contentUrl":"https:\/\/fonolukk.eu\/wp-content\/uploads\/2023\/09\/fonolukk.png","width":277,"height":274,"caption":"Smart Security OU"},"image":{"@id":"https:\/\/fonolukk.eu\/et\/#\/schema\/logo\/image\/"},"sameAs":["https:\/\/www.facebook.com\/fonolukk","https:\/\/www.instagram.com\/fonolukk\/?hl=ru"],"publishingPrinciples":"https:\/\/fonolukk.eu\/terms-and-conditions\/","ownershipFundingInfo":"https:\/\/fonolukk.eu\/about-us\/"}]},"product_brand":"IronLogic","product_price_amount":"0.00","product_price_currency":"EUR","og_availability":"instock","product_availability":"instock","product_retailer_item_id":"IronLogic IL-07T","product_condition":"new"},"_links":{"self":[{"href":"https:\/\/fonolukk.eu\/et\/wp-json\/wp\/v2\/product\/10270","targetHints":{"allow":["GET"]}}],"collection":[{"href":"https:\/\/fonolukk.eu\/et\/wp-json\/wp\/v2\/product"}],"about":[{"href":"https:\/\/fonolukk.eu\/et\/wp-json\/wp\/v2\/types\/product"}],"version-history":[{"count":2,"href":"https:\/\/fonolukk.eu\/et\/wp-json\/wp\/v2\/product\/10270\/revisions"}],"predecessor-version":[{"id":23388,"href":"https:\/\/fonolukk.eu\/et\/wp-json\/wp\/v2\/product\/10270\/revisions\/23388"}],"wp:featuredmedia":[{"embeddable":true,"href":"https:\/\/fonolukk.eu\/et\/wp-json\/wp\/v2\/media\/10273"}],"wp:attachment":[{"href":"https:\/\/fonolukk.eu\/et\/wp-json\/wp\/v2\/media?parent=10270"}],"wp:term":[{"taxonomy":"product_brand","embeddable":true,"href":"https:\/\/fonolukk.eu\/et\/wp-json\/wp\/v2\/product_brand?post=10270"},{"taxonomy":"product_cat","embeddable":true,"href":"https:\/\/fonolukk.eu\/et\/wp-json\/wp\/v2\/product_cat?post=10270"},{"taxonomy":"product_tag","embeddable":true,"href":"https:\/\/fonolukk.eu\/et\/wp-json\/wp\/v2\/product_tag?post=10270"}],"curies":[{"name":"wp","href":"https:\/\/api.w.org\/{rel}","templated":true}]}}