{"id":10294,"date":"2021-02-06T17:51:46","date_gmt":"2021-02-06T15:51:47","guid":{"rendered":"https:\/\/fonolukk.eu\/?post_type=product&#038;p=10294"},"modified":"2021-02-06T17:56:22","modified_gmt":"2021-02-06T15:56:22","slug":"rfid-votmehoidja-mudel-il-74t","status":"publish","type":"product","link":"https:\/\/fonolukk.eu\/et\/tooted\/rfid-votmehoidja-mudel-il-74t\/","title":{"rendered":"RFID v\u00f5tmehoidja mudel: IL-74T"},"content":{"rendered":"<h2><span>Spetsifikatsioonid:<\/span><\/h2>\n<ul>\n<li><span>M\u00f5\u00f5tmed (mm): 45x22x3<\/span><\/li>\n<li><span>Materjal: PVC, epoks\u00fckiht<\/span><\/li>\n<li><span>Numbritr\u00fckk: ei<\/span><\/li>\n<li><span>V\u00e4rv: must, m\u00f6\u00f6da kontuuri h\u00f5bedane triip<\/span><\/li>\n<li><span>Logo rakendamise v\u00f5imalus: soovi korral<\/span><\/li>\n<li><span>S\u00e4ilitustemperatuur: -40 \u00b0 \u0421 &#8230; + 75 \u00b0 \u0421<\/span><\/li>\n<\/ul>\n","protected":false},"excerpt":{"rendered":"<div><span>Peamised omadused:<\/span><\/div>\n<div>\n<ul>\n<li><span>Mobiiltelefoni kinnitus<\/span><\/li>\n<li><span>Tugev korpus<\/span><\/li>\n<li><span>Atraktiivne v\u00e4limus<\/span><\/li>\n<\/ul>\n<div class=\"contr_tab h_act\">\n<div class=\"t_sub\"><span class=\"\"><span>V\u00e4ike suurus, \u00f5huke korpus, range ja atraktiivne v\u00e4limus.\u00a0<\/span><\/span><span>Tugev elastne niit mobiiltelefoni v\u00f5i majahoidja k\u00fclge kinnitamiseks.<\/span><\/div>\n<\/div>\n<div class=\"contr_tab h_act\"><\/div>\n<\/div>\n","protected":false},"featured_media":10291,"template":"","meta":[],"product_brand":[],"product_cat":[1017,866],"product_tag":[],"class_list":{"0":"post-10294","1":"product","2":"type-product","3":"status-publish","4":"has-post-thumbnail","6":"product_cat-rfid-votmefoorumid","7":"product_cat-labipaasususteem","8":"pa_brand-ironlogic-et","10":"first","11":"instock","12":"taxable","13":"shipping-taxable","14":"product-type-simple"},"yoast_head":"<!-- This site is optimized with the Yoast SEO Premium plugin v27.3 (Yoast SEO v27.3) - https:\/\/yoast.com\/product\/yoast-seo-premium-wordpress\/ -->\n<title>RFID v\u00f5tmehoidja mudel: IL-74T - Fonolukk<\/title>\n<meta name=\"description\" content=\"RFID v\u00f5tmehoidja mudel: IL-74T - Fonolukk\" \/>\n<meta name=\"robots\" content=\"index, follow, max-snippet:-1, max-image-preview:large, max-video-preview:-1\" \/>\n<link rel=\"canonical\" href=\"https:\/\/fonolukk.eu\/et\/tooted\/rfid-votmehoidja-mudel-il-74t\/\" \/>\n<meta property=\"og:locale\" content=\"et_EE\" \/>\n<meta property=\"og:type\" content=\"article\" \/>\n<meta property=\"og:title\" content=\"RFID v\u00f5tmehoidja mudel: IL-74T\" \/>\n<meta property=\"og:description\" content=\"Peamised omadused:    Mobiiltelefoni kinnitus  Tugev korpus  Atraktiivne v\u00e4limus   V\u00e4ike suurus, \u00f5huke korpus, range ja atraktiivne v\u00e4limus.\u00a0Tugev elastne niit mobiiltelefoni v\u00f5i majahoidja k\u00fclge kinnitamiseks.\" \/>\n<meta property=\"og:url\" content=\"https:\/\/fonolukk.eu\/et\/tooted\/rfid-votmehoidja-mudel-il-74t\/\" \/>\n<meta property=\"og:site_name\" content=\"Fonolukk\" \/>\n<meta property=\"article:publisher\" content=\"https:\/\/www.facebook.com\/fonolukk\" \/>\n<meta property=\"article:modified_time\" content=\"2021-02-06T15:56:22+00:00\" \/>\n<meta property=\"og:image\" content=\"https:\/\/fonolukk.eu\/wp-content\/uploads\/2021\/02\/il-74_56d246a8e737564e16d980d195ffb20e-1.jpg\" \/>\n\t<meta property=\"og:image:width\" content=\"600\" \/>\n\t<meta property=\"og:image:height\" content=\"600\" \/>\n\t<meta property=\"og:image:type\" content=\"image\/jpeg\" \/>\n<meta name=\"twitter:card\" content=\"summary_large_image\" \/>\n<meta name=\"twitter:label1\" content=\"Hind\" \/>\n\t<meta name=\"twitter:data1\" content=\"\" \/>\n\t<meta name=\"twitter:label2\" content=\"Availability\" \/>\n\t<meta name=\"twitter:data2\" content=\"Laos\" \/>\n<script type=\"application\/ld+json\" class=\"yoast-schema-graph\">{\"@context\":\"https:\\\/\\\/schema.org\",\"@graph\":[{\"@type\":\"WebPage\",\"@id\":\"https:\\\/\\\/fonolukk.eu\\\/et\\\/tooted\\\/rfid-votmehoidja-mudel-il-74t\\\/\",\"url\":\"https:\\\/\\\/fonolukk.eu\\\/et\\\/tooted\\\/rfid-votmehoidja-mudel-il-74t\\\/\",\"name\":\"RFID v\u00f5tmehoidja mudel: IL-74T - Fonolukk\",\"isPartOf\":{\"@id\":\"https:\\\/\\\/fonolukk.eu\\\/et\\\/#website\"},\"primaryImageOfPage\":{\"@id\":\"https:\\\/\\\/fonolukk.eu\\\/et\\\/tooted\\\/rfid-votmehoidja-mudel-il-74t\\\/#primaryimage\"},\"image\":{\"@id\":\"https:\\\/\\\/fonolukk.eu\\\/et\\\/tooted\\\/rfid-votmehoidja-mudel-il-74t\\\/#primaryimage\"},\"thumbnailUrl\":\"https:\\\/\\\/fonolukk.eu\\\/wp-content\\\/uploads\\\/2021\\\/02\\\/il-74_56d246a8e737564e16d980d195ffb20e-1.jpg\",\"datePublished\":\"2021-02-06T15:51:47+00:00\",\"dateModified\":\"2021-02-06T15:56:22+00:00\",\"description\":\"RFID v\u00f5tmehoidja mudel: IL-74T - Fonolukk\",\"breadcrumb\":{\"@id\":\"https:\\\/\\\/fonolukk.eu\\\/et\\\/tooted\\\/rfid-votmehoidja-mudel-il-74t\\\/#breadcrumb\"},\"inLanguage\":\"et\",\"potentialAction\":[{\"@type\":\"ReadAction\",\"target\":[\"https:\\\/\\\/fonolukk.eu\\\/et\\\/tooted\\\/rfid-votmehoidja-mudel-il-74t\\\/\"]}]},{\"@type\":\"ImageObject\",\"inLanguage\":\"et\",\"@id\":\"https:\\\/\\\/fonolukk.eu\\\/et\\\/tooted\\\/rfid-votmehoidja-mudel-il-74t\\\/#primaryimage\",\"url\":\"https:\\\/\\\/fonolukk.eu\\\/wp-content\\\/uploads\\\/2021\\\/02\\\/il-74_56d246a8e737564e16d980d195ffb20e-1.jpg\",\"contentUrl\":\"https:\\\/\\\/fonolukk.eu\\\/wp-content\\\/uploads\\\/2021\\\/02\\\/il-74_56d246a8e737564e16d980d195ffb20e-1.jpg\",\"width\":600,\"height\":600},{\"@type\":\"BreadcrumbList\",\"@id\":\"https:\\\/\\\/fonolukk.eu\\\/et\\\/tooted\\\/rfid-votmehoidja-mudel-il-74t\\\/#breadcrumb\",\"itemListElement\":[{\"@type\":\"ListItem\",\"position\":1,\"name\":\"Esileht\",\"item\":\"https:\\\/\\\/fonolukk.eu\\\/et\\\/koduleht\\\/\"},{\"@type\":\"ListItem\",\"position\":2,\"name\":\"Tooted\",\"item\":\"https:\\\/\\\/fonolukk.eu\\\/et\\\/shop-2\\\/\"},{\"@type\":\"ListItem\",\"position\":3,\"name\":\"L\u00e4bip\u00e4\u00e4sus\u00fcsteem\",\"item\":\"https:\\\/\\\/fonolukk.eu\\\/et\\\/product-category\\\/labipaasususteem\\\/\"},{\"@type\":\"ListItem\",\"position\":4,\"name\":\"Kaardid ja kiibid\",\"item\":\"https:\\\/\\\/fonolukk.eu\\\/et\\\/product-category\\\/labipaasususteem\\\/kaardid-ja-kiibid\\\/\"},{\"@type\":\"ListItem\",\"position\":5,\"name\":\"RFID-v\u00f5tmefoorumid\",\"item\":\"https:\\\/\\\/fonolukk.eu\\\/et\\\/product-category\\\/labipaasususteem\\\/kaardid-ja-kiibid\\\/rfid-votmefoorumid\\\/\"},{\"@type\":\"ListItem\",\"position\":6,\"name\":\"RFID v\u00f5tmehoidja mudel: IL-74T\"}]},{\"@type\":\"WebSite\",\"@id\":\"https:\\\/\\\/fonolukk.eu\\\/et\\\/#website\",\"url\":\"https:\\\/\\\/fonolukk.eu\\\/et\\\/\",\"name\":\"Fonolukk eu\",\"description\":\"Smart Security Systems\",\"publisher\":{\"@id\":\"https:\\\/\\\/fonolukk.eu\\\/et\\\/#organization\"},\"potentialAction\":[{\"@type\":\"SearchAction\",\"target\":{\"@type\":\"EntryPoint\",\"urlTemplate\":\"https:\\\/\\\/fonolukk.eu\\\/et\\\/?s={search_term_string}\"},\"query-input\":{\"@type\":\"PropertyValueSpecification\",\"valueRequired\":true,\"valueName\":\"search_term_string\"}}],\"inLanguage\":\"et\"},{\"@type\":\"Organization\",\"@id\":\"https:\\\/\\\/fonolukk.eu\\\/et\\\/#organization\",\"name\":\"Smart Security OU\",\"url\":\"https:\\\/\\\/fonolukk.eu\\\/et\\\/\",\"logo\":{\"@type\":\"ImageObject\",\"inLanguage\":\"et\",\"@id\":\"https:\\\/\\\/fonolukk.eu\\\/et\\\/#\\\/schema\\\/logo\\\/image\\\/\",\"url\":\"https:\\\/\\\/fonolukk.eu\\\/wp-content\\\/uploads\\\/2023\\\/09\\\/fonolukk.png\",\"contentUrl\":\"https:\\\/\\\/fonolukk.eu\\\/wp-content\\\/uploads\\\/2023\\\/09\\\/fonolukk.png\",\"width\":277,\"height\":274,\"caption\":\"Smart Security OU\"},\"image\":{\"@id\":\"https:\\\/\\\/fonolukk.eu\\\/et\\\/#\\\/schema\\\/logo\\\/image\\\/\"},\"sameAs\":[\"https:\\\/\\\/www.facebook.com\\\/fonolukk\",\"https:\\\/\\\/www.instagram.com\\\/fonolukk\\\/?hl=ru\"],\"publishingPrinciples\":\"https:\\\/\\\/fonolukk.eu\\\/terms-and-conditions\\\/\",\"ownershipFundingInfo\":\"https:\\\/\\\/fonolukk.eu\\\/about-us\\\/\"}]}<\/script>\n<meta property=\"product:brand\" content=\"IronLogic\" \/>\n<meta property=\"product:price:amount\" content=\"0.00\" \/>\n<meta property=\"product:price:currency\" content=\"EUR\" \/>\n<meta property=\"og:availability\" content=\"instock\" \/>\n<meta property=\"product:availability\" content=\"instock\" \/>\n<meta property=\"product:retailer_item_id\" content=\"IronLogic RFID IL-74T\" \/>\n<meta property=\"product:condition\" content=\"new\" \/>\n<!-- \/ Yoast SEO Premium plugin. -->","yoast_head_json":{"title":"RFID v\u00f5tmehoidja mudel: IL-74T - Fonolukk","description":"RFID v\u00f5tmehoidja mudel: IL-74T - Fonolukk","robots":{"index":"index","follow":"follow","max-snippet":"max-snippet:-1","max-image-preview":"max-image-preview:large","max-video-preview":"max-video-preview:-1"},"canonical":"https:\/\/fonolukk.eu\/et\/tooted\/rfid-votmehoidja-mudel-il-74t\/","og_locale":"et_EE","og_type":"article","og_title":"RFID v\u00f5tmehoidja mudel: IL-74T","og_description":"Peamised omadused:    Mobiiltelefoni kinnitus  Tugev korpus  Atraktiivne v\u00e4limus   V\u00e4ike suurus, \u00f5huke korpus, range ja atraktiivne v\u00e4limus.\u00a0Tugev elastne niit mobiiltelefoni v\u00f5i majahoidja k\u00fclge kinnitamiseks.","og_url":"https:\/\/fonolukk.eu\/et\/tooted\/rfid-votmehoidja-mudel-il-74t\/","og_site_name":"Fonolukk","article_publisher":"https:\/\/www.facebook.com\/fonolukk","article_modified_time":"2021-02-06T15:56:22+00:00","og_image":[{"width":600,"height":600,"url":"https:\/\/fonolukk.eu\/wp-content\/uploads\/2021\/02\/il-74_56d246a8e737564e16d980d195ffb20e-1.jpg","type":"image\/jpeg"}],"twitter_card":"summary_large_image","twitter_misc":{"Hind":"","Availability":"Laos"},"schema":{"@context":"https:\/\/schema.org","@graph":[{"@type":"WebPage","@id":"https:\/\/fonolukk.eu\/et\/tooted\/rfid-votmehoidja-mudel-il-74t\/","url":"https:\/\/fonolukk.eu\/et\/tooted\/rfid-votmehoidja-mudel-il-74t\/","name":"RFID v\u00f5tmehoidja mudel: IL-74T - Fonolukk","isPartOf":{"@id":"https:\/\/fonolukk.eu\/et\/#website"},"primaryImageOfPage":{"@id":"https:\/\/fonolukk.eu\/et\/tooted\/rfid-votmehoidja-mudel-il-74t\/#primaryimage"},"image":{"@id":"https:\/\/fonolukk.eu\/et\/tooted\/rfid-votmehoidja-mudel-il-74t\/#primaryimage"},"thumbnailUrl":"https:\/\/fonolukk.eu\/wp-content\/uploads\/2021\/02\/il-74_56d246a8e737564e16d980d195ffb20e-1.jpg","datePublished":"2021-02-06T15:51:47+00:00","dateModified":"2021-02-06T15:56:22+00:00","description":"RFID v\u00f5tmehoidja mudel: IL-74T - Fonolukk","breadcrumb":{"@id":"https:\/\/fonolukk.eu\/et\/tooted\/rfid-votmehoidja-mudel-il-74t\/#breadcrumb"},"inLanguage":"et","potentialAction":[{"@type":"ReadAction","target":["https:\/\/fonolukk.eu\/et\/tooted\/rfid-votmehoidja-mudel-il-74t\/"]}]},{"@type":"ImageObject","inLanguage":"et","@id":"https:\/\/fonolukk.eu\/et\/tooted\/rfid-votmehoidja-mudel-il-74t\/#primaryimage","url":"https:\/\/fonolukk.eu\/wp-content\/uploads\/2021\/02\/il-74_56d246a8e737564e16d980d195ffb20e-1.jpg","contentUrl":"https:\/\/fonolukk.eu\/wp-content\/uploads\/2021\/02\/il-74_56d246a8e737564e16d980d195ffb20e-1.jpg","width":600,"height":600},{"@type":"BreadcrumbList","@id":"https:\/\/fonolukk.eu\/et\/tooted\/rfid-votmehoidja-mudel-il-74t\/#breadcrumb","itemListElement":[{"@type":"ListItem","position":1,"name":"Esileht","item":"https:\/\/fonolukk.eu\/et\/koduleht\/"},{"@type":"ListItem","position":2,"name":"Tooted","item":"https:\/\/fonolukk.eu\/et\/shop-2\/"},{"@type":"ListItem","position":3,"name":"L\u00e4bip\u00e4\u00e4sus\u00fcsteem","item":"https:\/\/fonolukk.eu\/et\/product-category\/labipaasususteem\/"},{"@type":"ListItem","position":4,"name":"Kaardid ja kiibid","item":"https:\/\/fonolukk.eu\/et\/product-category\/labipaasususteem\/kaardid-ja-kiibid\/"},{"@type":"ListItem","position":5,"name":"RFID-v\u00f5tmefoorumid","item":"https:\/\/fonolukk.eu\/et\/product-category\/labipaasususteem\/kaardid-ja-kiibid\/rfid-votmefoorumid\/"},{"@type":"ListItem","position":6,"name":"RFID v\u00f5tmehoidja mudel: IL-74T"}]},{"@type":"WebSite","@id":"https:\/\/fonolukk.eu\/et\/#website","url":"https:\/\/fonolukk.eu\/et\/","name":"Fonolukk eu","description":"Smart Security Systems","publisher":{"@id":"https:\/\/fonolukk.eu\/et\/#organization"},"potentialAction":[{"@type":"SearchAction","target":{"@type":"EntryPoint","urlTemplate":"https:\/\/fonolukk.eu\/et\/?s={search_term_string}"},"query-input":{"@type":"PropertyValueSpecification","valueRequired":true,"valueName":"search_term_string"}}],"inLanguage":"et"},{"@type":"Organization","@id":"https:\/\/fonolukk.eu\/et\/#organization","name":"Smart Security OU","url":"https:\/\/fonolukk.eu\/et\/","logo":{"@type":"ImageObject","inLanguage":"et","@id":"https:\/\/fonolukk.eu\/et\/#\/schema\/logo\/image\/","url":"https:\/\/fonolukk.eu\/wp-content\/uploads\/2023\/09\/fonolukk.png","contentUrl":"https:\/\/fonolukk.eu\/wp-content\/uploads\/2023\/09\/fonolukk.png","width":277,"height":274,"caption":"Smart Security OU"},"image":{"@id":"https:\/\/fonolukk.eu\/et\/#\/schema\/logo\/image\/"},"sameAs":["https:\/\/www.facebook.com\/fonolukk","https:\/\/www.instagram.com\/fonolukk\/?hl=ru"],"publishingPrinciples":"https:\/\/fonolukk.eu\/terms-and-conditions\/","ownershipFundingInfo":"https:\/\/fonolukk.eu\/about-us\/"}]},"product_brand":"IronLogic","product_price_amount":"0.00","product_price_currency":"EUR","og_availability":"instock","product_availability":"instock","product_retailer_item_id":"IronLogic RFID IL-74T","product_condition":"new"},"_links":{"self":[{"href":"https:\/\/fonolukk.eu\/et\/wp-json\/wp\/v2\/product\/10294","targetHints":{"allow":["GET"]}}],"collection":[{"href":"https:\/\/fonolukk.eu\/et\/wp-json\/wp\/v2\/product"}],"about":[{"href":"https:\/\/fonolukk.eu\/et\/wp-json\/wp\/v2\/types\/product"}],"version-history":[{"count":0,"href":"https:\/\/fonolukk.eu\/et\/wp-json\/wp\/v2\/product\/10294\/revisions"}],"wp:featuredmedia":[{"embeddable":true,"href":"https:\/\/fonolukk.eu\/et\/wp-json\/wp\/v2\/media\/10291"}],"wp:attachment":[{"href":"https:\/\/fonolukk.eu\/et\/wp-json\/wp\/v2\/media?parent=10294"}],"wp:term":[{"taxonomy":"product_brand","embeddable":true,"href":"https:\/\/fonolukk.eu\/et\/wp-json\/wp\/v2\/product_brand?post=10294"},{"taxonomy":"product_cat","embeddable":true,"href":"https:\/\/fonolukk.eu\/et\/wp-json\/wp\/v2\/product_cat?post=10294"},{"taxonomy":"product_tag","embeddable":true,"href":"https:\/\/fonolukk.eu\/et\/wp-json\/wp\/v2\/product_tag?post=10294"}],"curies":[{"name":"wp","href":"https:\/\/api.w.org\/{rel}","templated":true}]}}