{"id":10539,"date":"2021-02-21T12:03:33","date_gmt":"2021-02-21T10:03:33","guid":{"rendered":"https:\/\/fonolukk.eu\/?post_type=product&#038;p=10539"},"modified":"2021-02-21T12:07:36","modified_gmt":"2021-02-21T10:07:36","slug":"il-pvc-d25e","status":"publish","type":"product","link":"https:\/\/fonolukk.eu\/et\/tooted\/il-pvc-d25e\/","title":{"rendered":"IL-PVC-D25E"},"content":{"rendered":"<table class=\"uk-table uk-table-hover uk-table-striped uk-table-condensed\" style=\"height: 222px;\" width=\"646\">\n<tbody>\n<tr class=\"index-0 element-95aebd1f-fabf-45f9-881d-e37ea71882f7 element-select first\">\n<td class=\"element-label\"><span>Standard<\/span><\/td>\n<td><span>EM Marine<\/span><\/td>\n<\/tr>\n<tr class=\"index-10 element-add2b902-d929-41f1-9b18-3d0d42f7479e element-select\">\n<td class=\"element-label\"><span>Kiip<\/span><\/td>\n<td><span>TK4100<\/span><\/td>\n<\/tr>\n<tr class=\"index-20 element-5f32ebb5-9531-4ea5-b07e-70b964766abf element-select\">\n<td class=\"element-label\"><span>T\u00f6\u00f6sagedus<\/span><\/td>\n<td><span>125 KHz<\/span><\/td>\n<\/tr>\n<tr class=\"index-30 element-3b07668f-b42f-43c7-9978-26701225e884 element-select\">\n<td class=\"element-label\"><span>Funktsioonid<\/span><\/td>\n<td><span>Loe<\/span><\/td>\n<\/tr>\n<tr class=\"index-34 element-06d8e25c-d831-412a-8cd2-5ae5a32e0420 element-select\">\n<td class=\"element-label\"><span>Tr\u00fckitud number<\/span><\/td>\n<td><span>Jah<\/span><\/td>\n<\/tr>\n<tr class=\"index-55 element-23d40daf-4a9d-4c92-9b81-e77fa749f4d1 element-select\">\n<td class=\"element-label\"><span>Printimisfunktsioonid<\/span><\/td>\n<td><span>Serigraafia, ofsettr\u00fckk<\/span><\/td>\n<\/tr>\n<tr class=\"index-75 element-c67e50c7-cfbe-4e7e-bc95-c445deeadeaf element-select\">\n<td class=\"element-label\"><span>Kokkup\u00f5rke v\u00e4ltimine<\/span><\/td>\n<td><span>Ei<\/span><\/td>\n<\/tr>\n<tr class=\"index-85 element-2ff9a761-b7ea-49c3-a0a1-01e1d9adb6cc element-select last\">\n<td class=\"element-label\"><span>Kleepuv alus<\/span><\/td>\n<td><span>Jah<\/span><\/td>\n<\/tr>\n<\/tbody>\n<\/table>\n","protected":false},"excerpt":{"rendered":"<div class=\"item-text-full uk-clearfix block-divider\">\n<div class=\"item-text-full uk-clearfix block-divider\">\n<div class=\"item-text-full uk-clearfix block-divider\">\n<div class=\"item-text-full uk-clearfix block-divider\">\n<div class=\"item-text-full uk-clearfix block-divider\">\n<div class=\"item-text-full uk-clearfix block-divider\">\n<div class=\"item-text-full uk-clearfix block-divider\">\n<div class=\"item-text-full uk-clearfix block-divider\">\n<div class=\"item-text-full uk-clearfix block-divider\">\n<div class=\"item-text-full uk-clearfix block-divider\">\n<p><span>IL-PVC on kompaktne PVC RFID EM Marine 125KHz silt, mida saab kasutada mis tahes objektide tuvastamiseks.\u00a0IL-PVC etikett on valmistatud nii isekleepuva alusega, mis v\u00f5imaldab teil kiiresti kinnitada sildi mis tahes esemele, kui ka ilma kleepuva aluseta, kui silt on manustatud eseme v\u00f5i pakendi sisse.<\/span><\/p>\n<\/div>\n<\/div>\n<\/div>\n<\/div>\n<\/div>\n<\/div>\n<\/div>\n<\/div>\n<\/div>\n<\/div>\n<div class=\"tab-container uk-panel uk-panel-box uk-article-divider\">\n<table class=\"uk-table uk-table-hover uk-table-striped uk-table-condensed\" style=\"height: 100px;\" width=\"724\">\n<tbody>\n<tr class=\"index-0 element-f2cc3ced-2ef5-4595-ae91-1c710e4edc3d element-text first\">\n<td class=\"element-label\"><span>T\u00f6\u00f6temperatuur (\u00b0 C)<\/span><\/td>\n<td>\u201330\u2026+55<\/td>\n<\/tr>\n<tr class=\"index-10 element-2dc4ca95-218b-4ea7-a4d3-701a995c32dd element-text\">\n<td class=\"element-label\"><span>S\u00e4ilitustemperatuur (\u00b0 C)<\/span><\/td>\n<td>\u201340\u2026+75<\/td>\n<\/tr>\n<tr class=\"index-20 element-45d777e7-cf38-4160-8a72-461da06cb89b element-select\">\n<td class=\"element-label\"><span>Materjal<\/span><\/td>\n<td><span>PVC<\/span><\/td>\n<\/tr>\n<tr class=\"index-30 element-2d9b4d83-5310-43aa-8639-05d717a18c3a element-text last\">\n<td class=\"element-label\"><span>M\u00f5\u00f5tmed (mm)<\/span><\/td>\n<td><span>D30x0,76, D25x0,76<\/span><\/td>\n<\/tr>\n<\/tbody>\n<\/table>\n<\/div>\n<div id=\"gtx-trans\" style=\"position: absolute; left: 536px; top: 277px;\">\n<div class=\"gtx-trans-icon\"><\/div>\n<\/div>\n","protected":false},"featured_media":10542,"template":"","meta":[],"product_brand":[],"product_cat":[866,1019],"product_tag":[],"class_list":{"0":"post-10539","1":"product","2":"type-product","3":"status-publish","4":"has-post-thumbnail","6":"product_cat-labipaasususteem","7":"product_cat-rfid-sildid","8":"pa_brand-ironlogic-et","10":"first","11":"instock","12":"taxable","13":"shipping-taxable","14":"product-type-simple"},"yoast_head":"<!-- This site is optimized with the Yoast SEO Premium plugin v27.3 (Yoast SEO v27.3) - https:\/\/yoast.com\/product\/yoast-seo-premium-wordpress\/ -->\n<title>IL-PVC-D25E - Fonolukk<\/title>\n<meta name=\"description\" content=\"IL-PVC-D25E - Fonolukk\" \/>\n<meta name=\"robots\" content=\"index, follow, max-snippet:-1, max-image-preview:large, max-video-preview:-1\" \/>\n<link rel=\"canonical\" href=\"https:\/\/fonolukk.eu\/et\/tooted\/il-pvc-d25e\/\" \/>\n<meta property=\"og:locale\" content=\"et_EE\" \/>\n<meta property=\"og:type\" content=\"article\" \/>\n<meta property=\"og:title\" content=\"IL-PVC-D25E\" \/>\n<meta property=\"og:description\" content=\"IL-PVC on kompaktne PVC RFID EM Marine 125KHz silt, mida saab kasutada mis tahes objektide tuvastamiseks.\u00a0IL-PVC etikett on valmistatud nii isekleepuva alusega, mis v\u00f5imaldab teil kiiresti kinnitada sildi mis tahes esemele, kui ka ilma kleepuva aluseta, kui silt on manustatud eseme v\u00f5i pakendi sisse.                T\u00f6\u00f6temperatuur (\u00b0 C) \u201330\u2026+55   S\u00e4ilitustemperatuur (\u00b0 C) \u201340\u2026+75   Materjal PVC   M\u00f5\u00f5tmed (mm) D30x0,76, D25x0,76\" \/>\n<meta property=\"og:url\" content=\"https:\/\/fonolukk.eu\/et\/tooted\/il-pvc-d25e\/\" \/>\n<meta property=\"og:site_name\" content=\"Fonolukk\" \/>\n<meta property=\"article:publisher\" content=\"https:\/\/www.facebook.com\/fonolukk\" \/>\n<meta property=\"article:modified_time\" content=\"2021-02-21T10:07:36+00:00\" \/>\n<meta property=\"og:image\" content=\"https:\/\/fonolukk.eu\/wp-content\/uploads\/2021\/02\/il-pvc_c062bf8f8c787803fb3ca91b213d57e8.jpg\" \/>\n\t<meta property=\"og:image:width\" content=\"600\" \/>\n\t<meta property=\"og:image:height\" content=\"600\" \/>\n\t<meta property=\"og:image:type\" content=\"image\/jpeg\" \/>\n<meta name=\"twitter:card\" content=\"summary_large_image\" \/>\n<meta name=\"twitter:label1\" content=\"Hind\" \/>\n\t<meta name=\"twitter:data1\" content=\"\" \/>\n\t<meta name=\"twitter:label2\" content=\"Availability\" \/>\n\t<meta name=\"twitter:data2\" content=\"Laos\" \/>\n<script type=\"application\/ld+json\" class=\"yoast-schema-graph\">{\"@context\":\"https:\\\/\\\/schema.org\",\"@graph\":[{\"@type\":\"WebPage\",\"@id\":\"https:\\\/\\\/fonolukk.eu\\\/et\\\/tooted\\\/il-pvc-d25e\\\/\",\"url\":\"https:\\\/\\\/fonolukk.eu\\\/et\\\/tooted\\\/il-pvc-d25e\\\/\",\"name\":\"IL-PVC-D25E - Fonolukk\",\"isPartOf\":{\"@id\":\"https:\\\/\\\/fonolukk.eu\\\/et\\\/#website\"},\"primaryImageOfPage\":{\"@id\":\"https:\\\/\\\/fonolukk.eu\\\/et\\\/tooted\\\/il-pvc-d25e\\\/#primaryimage\"},\"image\":{\"@id\":\"https:\\\/\\\/fonolukk.eu\\\/et\\\/tooted\\\/il-pvc-d25e\\\/#primaryimage\"},\"thumbnailUrl\":\"https:\\\/\\\/fonolukk.eu\\\/wp-content\\\/uploads\\\/2021\\\/02\\\/il-pvc_c062bf8f8c787803fb3ca91b213d57e8.jpg\",\"datePublished\":\"2021-02-21T10:03:33+00:00\",\"dateModified\":\"2021-02-21T10:07:36+00:00\",\"description\":\"IL-PVC-D25E - Fonolukk\",\"breadcrumb\":{\"@id\":\"https:\\\/\\\/fonolukk.eu\\\/et\\\/tooted\\\/il-pvc-d25e\\\/#breadcrumb\"},\"inLanguage\":\"et\",\"potentialAction\":[{\"@type\":\"ReadAction\",\"target\":[\"https:\\\/\\\/fonolukk.eu\\\/et\\\/tooted\\\/il-pvc-d25e\\\/\"]}]},{\"@type\":\"ImageObject\",\"inLanguage\":\"et\",\"@id\":\"https:\\\/\\\/fonolukk.eu\\\/et\\\/tooted\\\/il-pvc-d25e\\\/#primaryimage\",\"url\":\"https:\\\/\\\/fonolukk.eu\\\/wp-content\\\/uploads\\\/2021\\\/02\\\/il-pvc_c062bf8f8c787803fb3ca91b213d57e8.jpg\",\"contentUrl\":\"https:\\\/\\\/fonolukk.eu\\\/wp-content\\\/uploads\\\/2021\\\/02\\\/il-pvc_c062bf8f8c787803fb3ca91b213d57e8.jpg\",\"width\":600,\"height\":600},{\"@type\":\"BreadcrumbList\",\"@id\":\"https:\\\/\\\/fonolukk.eu\\\/et\\\/tooted\\\/il-pvc-d25e\\\/#breadcrumb\",\"itemListElement\":[{\"@type\":\"ListItem\",\"position\":1,\"name\":\"Esileht\",\"item\":\"https:\\\/\\\/fonolukk.eu\\\/et\\\/koduleht\\\/\"},{\"@type\":\"ListItem\",\"position\":2,\"name\":\"Tooted\",\"item\":\"https:\\\/\\\/fonolukk.eu\\\/et\\\/shop-2\\\/\"},{\"@type\":\"ListItem\",\"position\":3,\"name\":\"L\u00e4bip\u00e4\u00e4sus\u00fcsteem\",\"item\":\"https:\\\/\\\/fonolukk.eu\\\/et\\\/product-category\\\/labipaasususteem\\\/\"},{\"@type\":\"ListItem\",\"position\":4,\"name\":\"Kaardid ja kiibid\",\"item\":\"https:\\\/\\\/fonolukk.eu\\\/et\\\/product-category\\\/labipaasususteem\\\/kaardid-ja-kiibid\\\/\"},{\"@type\":\"ListItem\",\"position\":5,\"name\":\"RFID-sildid\",\"item\":\"https:\\\/\\\/fonolukk.eu\\\/et\\\/product-category\\\/labipaasususteem\\\/kaardid-ja-kiibid\\\/rfid-sildid\\\/\"},{\"@type\":\"ListItem\",\"position\":6,\"name\":\"IL-PVC-D25E\"}]},{\"@type\":\"WebSite\",\"@id\":\"https:\\\/\\\/fonolukk.eu\\\/et\\\/#website\",\"url\":\"https:\\\/\\\/fonolukk.eu\\\/et\\\/\",\"name\":\"Fonolukk eu\",\"description\":\"Smart Security Systems\",\"publisher\":{\"@id\":\"https:\\\/\\\/fonolukk.eu\\\/et\\\/#organization\"},\"potentialAction\":[{\"@type\":\"SearchAction\",\"target\":{\"@type\":\"EntryPoint\",\"urlTemplate\":\"https:\\\/\\\/fonolukk.eu\\\/et\\\/?s={search_term_string}\"},\"query-input\":{\"@type\":\"PropertyValueSpecification\",\"valueRequired\":true,\"valueName\":\"search_term_string\"}}],\"inLanguage\":\"et\"},{\"@type\":\"Organization\",\"@id\":\"https:\\\/\\\/fonolukk.eu\\\/et\\\/#organization\",\"name\":\"Smart Security OU\",\"url\":\"https:\\\/\\\/fonolukk.eu\\\/et\\\/\",\"logo\":{\"@type\":\"ImageObject\",\"inLanguage\":\"et\",\"@id\":\"https:\\\/\\\/fonolukk.eu\\\/et\\\/#\\\/schema\\\/logo\\\/image\\\/\",\"url\":\"https:\\\/\\\/fonolukk.eu\\\/wp-content\\\/uploads\\\/2023\\\/09\\\/fonolukk.png\",\"contentUrl\":\"https:\\\/\\\/fonolukk.eu\\\/wp-content\\\/uploads\\\/2023\\\/09\\\/fonolukk.png\",\"width\":277,\"height\":274,\"caption\":\"Smart Security OU\"},\"image\":{\"@id\":\"https:\\\/\\\/fonolukk.eu\\\/et\\\/#\\\/schema\\\/logo\\\/image\\\/\"},\"sameAs\":[\"https:\\\/\\\/www.facebook.com\\\/fonolukk\",\"https:\\\/\\\/www.instagram.com\\\/fonolukk\\\/?hl=ru\"],\"publishingPrinciples\":\"https:\\\/\\\/fonolukk.eu\\\/terms-and-conditions\\\/\",\"ownershipFundingInfo\":\"https:\\\/\\\/fonolukk.eu\\\/about-us\\\/\"}]}<\/script>\n<meta property=\"product:brand\" content=\"IronLogic\" \/>\n<meta property=\"product:price:amount\" content=\"0.00\" \/>\n<meta property=\"product:price:currency\" content=\"EUR\" \/>\n<meta property=\"og:availability\" content=\"instock\" \/>\n<meta property=\"product:availability\" content=\"instock\" \/>\n<meta property=\"product:retailer_item_id\" content=\"IronLogic IL-PVC-D25E\" \/>\n<meta property=\"product:condition\" content=\"new\" \/>\n<!-- \/ Yoast SEO Premium plugin. -->","yoast_head_json":{"title":"IL-PVC-D25E - Fonolukk","description":"IL-PVC-D25E - Fonolukk","robots":{"index":"index","follow":"follow","max-snippet":"max-snippet:-1","max-image-preview":"max-image-preview:large","max-video-preview":"max-video-preview:-1"},"canonical":"https:\/\/fonolukk.eu\/et\/tooted\/il-pvc-d25e\/","og_locale":"et_EE","og_type":"article","og_title":"IL-PVC-D25E","og_description":"IL-PVC on kompaktne PVC RFID EM Marine 125KHz silt, mida saab kasutada mis tahes objektide tuvastamiseks.\u00a0IL-PVC etikett on valmistatud nii isekleepuva alusega, mis v\u00f5imaldab teil kiiresti kinnitada sildi mis tahes esemele, kui ka ilma kleepuva aluseta, kui silt on manustatud eseme v\u00f5i pakendi sisse.                T\u00f6\u00f6temperatuur (\u00b0 C) \u201330\u2026+55   S\u00e4ilitustemperatuur (\u00b0 C) \u201340\u2026+75   Materjal PVC   M\u00f5\u00f5tmed (mm) D30x0,76, D25x0,76","og_url":"https:\/\/fonolukk.eu\/et\/tooted\/il-pvc-d25e\/","og_site_name":"Fonolukk","article_publisher":"https:\/\/www.facebook.com\/fonolukk","article_modified_time":"2021-02-21T10:07:36+00:00","og_image":[{"width":600,"height":600,"url":"https:\/\/fonolukk.eu\/wp-content\/uploads\/2021\/02\/il-pvc_c062bf8f8c787803fb3ca91b213d57e8.jpg","type":"image\/jpeg"}],"twitter_card":"summary_large_image","twitter_misc":{"Hind":"","Availability":"Laos"},"schema":{"@context":"https:\/\/schema.org","@graph":[{"@type":"WebPage","@id":"https:\/\/fonolukk.eu\/et\/tooted\/il-pvc-d25e\/","url":"https:\/\/fonolukk.eu\/et\/tooted\/il-pvc-d25e\/","name":"IL-PVC-D25E - Fonolukk","isPartOf":{"@id":"https:\/\/fonolukk.eu\/et\/#website"},"primaryImageOfPage":{"@id":"https:\/\/fonolukk.eu\/et\/tooted\/il-pvc-d25e\/#primaryimage"},"image":{"@id":"https:\/\/fonolukk.eu\/et\/tooted\/il-pvc-d25e\/#primaryimage"},"thumbnailUrl":"https:\/\/fonolukk.eu\/wp-content\/uploads\/2021\/02\/il-pvc_c062bf8f8c787803fb3ca91b213d57e8.jpg","datePublished":"2021-02-21T10:03:33+00:00","dateModified":"2021-02-21T10:07:36+00:00","description":"IL-PVC-D25E - Fonolukk","breadcrumb":{"@id":"https:\/\/fonolukk.eu\/et\/tooted\/il-pvc-d25e\/#breadcrumb"},"inLanguage":"et","potentialAction":[{"@type":"ReadAction","target":["https:\/\/fonolukk.eu\/et\/tooted\/il-pvc-d25e\/"]}]},{"@type":"ImageObject","inLanguage":"et","@id":"https:\/\/fonolukk.eu\/et\/tooted\/il-pvc-d25e\/#primaryimage","url":"https:\/\/fonolukk.eu\/wp-content\/uploads\/2021\/02\/il-pvc_c062bf8f8c787803fb3ca91b213d57e8.jpg","contentUrl":"https:\/\/fonolukk.eu\/wp-content\/uploads\/2021\/02\/il-pvc_c062bf8f8c787803fb3ca91b213d57e8.jpg","width":600,"height":600},{"@type":"BreadcrumbList","@id":"https:\/\/fonolukk.eu\/et\/tooted\/il-pvc-d25e\/#breadcrumb","itemListElement":[{"@type":"ListItem","position":1,"name":"Esileht","item":"https:\/\/fonolukk.eu\/et\/koduleht\/"},{"@type":"ListItem","position":2,"name":"Tooted","item":"https:\/\/fonolukk.eu\/et\/shop-2\/"},{"@type":"ListItem","position":3,"name":"L\u00e4bip\u00e4\u00e4sus\u00fcsteem","item":"https:\/\/fonolukk.eu\/et\/product-category\/labipaasususteem\/"},{"@type":"ListItem","position":4,"name":"Kaardid ja kiibid","item":"https:\/\/fonolukk.eu\/et\/product-category\/labipaasususteem\/kaardid-ja-kiibid\/"},{"@type":"ListItem","position":5,"name":"RFID-sildid","item":"https:\/\/fonolukk.eu\/et\/product-category\/labipaasususteem\/kaardid-ja-kiibid\/rfid-sildid\/"},{"@type":"ListItem","position":6,"name":"IL-PVC-D25E"}]},{"@type":"WebSite","@id":"https:\/\/fonolukk.eu\/et\/#website","url":"https:\/\/fonolukk.eu\/et\/","name":"Fonolukk eu","description":"Smart Security Systems","publisher":{"@id":"https:\/\/fonolukk.eu\/et\/#organization"},"potentialAction":[{"@type":"SearchAction","target":{"@type":"EntryPoint","urlTemplate":"https:\/\/fonolukk.eu\/et\/?s={search_term_string}"},"query-input":{"@type":"PropertyValueSpecification","valueRequired":true,"valueName":"search_term_string"}}],"inLanguage":"et"},{"@type":"Organization","@id":"https:\/\/fonolukk.eu\/et\/#organization","name":"Smart Security OU","url":"https:\/\/fonolukk.eu\/et\/","logo":{"@type":"ImageObject","inLanguage":"et","@id":"https:\/\/fonolukk.eu\/et\/#\/schema\/logo\/image\/","url":"https:\/\/fonolukk.eu\/wp-content\/uploads\/2023\/09\/fonolukk.png","contentUrl":"https:\/\/fonolukk.eu\/wp-content\/uploads\/2023\/09\/fonolukk.png","width":277,"height":274,"caption":"Smart Security OU"},"image":{"@id":"https:\/\/fonolukk.eu\/et\/#\/schema\/logo\/image\/"},"sameAs":["https:\/\/www.facebook.com\/fonolukk","https:\/\/www.instagram.com\/fonolukk\/?hl=ru"],"publishingPrinciples":"https:\/\/fonolukk.eu\/terms-and-conditions\/","ownershipFundingInfo":"https:\/\/fonolukk.eu\/about-us\/"}]},"product_brand":"IronLogic","product_price_amount":"0.00","product_price_currency":"EUR","og_availability":"instock","product_availability":"instock","product_retailer_item_id":"IronLogic IL-PVC-D25E","product_condition":"new"},"_links":{"self":[{"href":"https:\/\/fonolukk.eu\/et\/wp-json\/wp\/v2\/product\/10539","targetHints":{"allow":["GET"]}}],"collection":[{"href":"https:\/\/fonolukk.eu\/et\/wp-json\/wp\/v2\/product"}],"about":[{"href":"https:\/\/fonolukk.eu\/et\/wp-json\/wp\/v2\/types\/product"}],"version-history":[{"count":0,"href":"https:\/\/fonolukk.eu\/et\/wp-json\/wp\/v2\/product\/10539\/revisions"}],"wp:featuredmedia":[{"embeddable":true,"href":"https:\/\/fonolukk.eu\/et\/wp-json\/wp\/v2\/media\/10542"}],"wp:attachment":[{"href":"https:\/\/fonolukk.eu\/et\/wp-json\/wp\/v2\/media?parent=10539"}],"wp:term":[{"taxonomy":"product_brand","embeddable":true,"href":"https:\/\/fonolukk.eu\/et\/wp-json\/wp\/v2\/product_brand?post=10539"},{"taxonomy":"product_cat","embeddable":true,"href":"https:\/\/fonolukk.eu\/et\/wp-json\/wp\/v2\/product_cat?post=10539"},{"taxonomy":"product_tag","embeddable":true,"href":"https:\/\/fonolukk.eu\/et\/wp-json\/wp\/v2\/product_tag?post=10539"}],"curies":[{"name":"wp","href":"https:\/\/api.w.org\/{rel}","templated":true}]}}