{"id":10548,"date":"2021-02-21T12:26:16","date_gmt":"2021-02-21T10:26:17","guid":{"rendered":"https:\/\/fonolukk.eu\/?post_type=product&#038;p=10548"},"modified":"2023-07-04T12:07:33","modified_gmt":"2023-07-04T09:07:33","slug":"elektrooniline-voti-touch-memory-koos-hoidikuga","status":"publish","type":"product","link":"https:\/\/fonolukk.eu\/et\/tooted\/elektrooniline-voti-touch-memory-koos-hoidikuga\/","title":{"rendered":"Elektrooniline v\u00f5ti Touch Memory koos hoidikuga"},"content":{"rendered":"<h2><span class=\"\">Spetsifikatsioonid:<\/span><\/h2>\n<ul>\n<li>Materjal: ABS, teras Hoidja v\u00e4rv: must, roheline, punane, sinine<\/li>\n<li>Pakend: 100tk \/ pakk, 4000tk kast<\/li>\n<\/ul>\n<h2 class=\"t_col\"><span class=\"\">Rakendus<\/span><\/h2>\n<div class=\"t_sub\">M\u00f5eldud kasutamiseks koos p\u00e4\u00e4sukontrolliseadmetega juurdep\u00e4\u00e4suv\u00f5tmena.\u00a0<span class=\"\">Tugev korpus on v\u00e4ga vastupidav v\u00e4lism\u00f5judele, nagu mustus, k\u00f5rge niiskus ja vibratsioon.\u00a0<\/span>Selle kompaktne m\u00fcndilaadne kuju v\u00f5imaldab inimestel h\u00f5lpsasti paaritumisliideses joonduda.<\/div>\n<div>\n<h2 class=\"t_sub\"><span style=\"color: #1b1919; font-size: 24px;\">Peamised omadused:<\/span><\/h2>\n<div class=\"t_sub\">\n<ul>\n<li>Koos hoidikuga<\/li>\n<li>V\u00e4rvide valik<\/li>\n<\/ul>\n<\/div>\n<\/div>\n","protected":false},"excerpt":{"rendered":"<p>Spetsifikatsioonid: Materjal: ABS, teras Hoidja v\u00e4rv: must, roheline, punane, sinine Pakend: 100tk \/ pakk, 4000tk kast Rakendus M\u00f5eldud kasutamiseks koos<\/p>\n","protected":false},"featured_media":10551,"template":"","meta":[],"product_brand":[],"product_cat":[1014,1072,1128,606,912,866],"product_tag":[],"class_list":{"0":"post-10548","1":"product","2":"type-product","3":"status-publish","4":"has-post-thumbnail","6":"product_cat-touch-memory-et","7":"product_cat-kaardid-ja-kiibid","8":"product_cat-votmed","9":"product_cat-fonolukud","10":"product_cat-xvoice-et","11":"product_cat-labipaasususteem","13":"first","14":"instock","15":"taxable","16":"shipping-taxable","17":"purchasable","18":"product-type-simple"},"yoast_head":"<!-- This site is optimized with the Yoast SEO Premium plugin v27.3 (Yoast SEO v27.3) - https:\/\/yoast.com\/product\/yoast-seo-premium-wordpress\/ -->\n<title>Elektrooniline v\u00f5ti Touch Memory koos hoidikuga - Fonolukk<\/title>\n<meta name=\"description\" content=\"Elektrooniline v\u00f5ti Touch Memory koos hoidikuga - Fonolukk\" \/>\n<meta name=\"robots\" content=\"index, follow, max-snippet:-1, max-image-preview:large, max-video-preview:-1\" \/>\n<link rel=\"canonical\" href=\"https:\/\/fonolukk.eu\/et\/tooted\/elektrooniline-voti-touch-memory-koos-hoidikuga\/\" \/>\n<meta property=\"og:locale\" content=\"et_EE\" \/>\n<meta property=\"og:type\" content=\"article\" \/>\n<meta property=\"og:title\" content=\"Elektrooniline v\u00f5ti Touch Memory koos hoidikuga\" \/>\n<meta property=\"og:description\" content=\"Spetsifikatsioonid: Materjal: ABS, teras Hoidja v\u00e4rv: must, roheline, punane, sinine Pakend: 100tk \/ pakk, 4000tk kast Rakendus M\u00f5eldud kasutamiseks koos\" \/>\n<meta property=\"og:url\" content=\"https:\/\/fonolukk.eu\/et\/tooted\/elektrooniline-voti-touch-memory-koos-hoidikuga\/\" \/>\n<meta property=\"og:site_name\" content=\"Fonolukk\" \/>\n<meta property=\"article:publisher\" content=\"https:\/\/www.facebook.com\/fonolukk\" \/>\n<meta property=\"article:modified_time\" content=\"2023-07-04T09:07:33+00:00\" \/>\n<meta property=\"og:image\" content=\"https:\/\/fonolukk.eu\/wp-content\/uploads\/2021\/02\/ibutton.jpg\" \/>\n\t<meta property=\"og:image:width\" content=\"260\" \/>\n\t<meta property=\"og:image:height\" content=\"234\" \/>\n\t<meta property=\"og:image:type\" content=\"image\/jpeg\" \/>\n<meta name=\"twitter:card\" content=\"summary_large_image\" \/>\n<meta name=\"twitter:label1\" content=\"Hind\" \/>\n\t<meta name=\"twitter:data1\" content=\"&euro;2.05 koos KM\" \/>\n\t<meta name=\"twitter:label2\" content=\"Availability\" \/>\n\t<meta name=\"twitter:data2\" content=\"Laos\" \/>\n<script type=\"application\/ld+json\" class=\"yoast-schema-graph\">{\"@context\":\"https:\\\/\\\/schema.org\",\"@graph\":[{\"@type\":\"WebPage\",\"@id\":\"https:\\\/\\\/fonolukk.eu\\\/et\\\/tooted\\\/elektrooniline-voti-touch-memory-koos-hoidikuga\\\/\",\"url\":\"https:\\\/\\\/fonolukk.eu\\\/et\\\/tooted\\\/elektrooniline-voti-touch-memory-koos-hoidikuga\\\/\",\"name\":\"Elektrooniline v\u00f5ti Touch Memory koos hoidikuga - Fonolukk\",\"isPartOf\":{\"@id\":\"https:\\\/\\\/fonolukk.eu\\\/et\\\/#website\"},\"primaryImageOfPage\":{\"@id\":\"https:\\\/\\\/fonolukk.eu\\\/et\\\/tooted\\\/elektrooniline-voti-touch-memory-koos-hoidikuga\\\/#primaryimage\"},\"image\":{\"@id\":\"https:\\\/\\\/fonolukk.eu\\\/et\\\/tooted\\\/elektrooniline-voti-touch-memory-koos-hoidikuga\\\/#primaryimage\"},\"thumbnailUrl\":\"https:\\\/\\\/fonolukk.eu\\\/wp-content\\\/uploads\\\/2021\\\/02\\\/ibutton.jpg\",\"datePublished\":\"2021-02-21T10:26:17+00:00\",\"dateModified\":\"2023-07-04T09:07:33+00:00\",\"description\":\"Elektrooniline v\u00f5ti Touch Memory koos hoidikuga - Fonolukk\",\"breadcrumb\":{\"@id\":\"https:\\\/\\\/fonolukk.eu\\\/et\\\/tooted\\\/elektrooniline-voti-touch-memory-koos-hoidikuga\\\/#breadcrumb\"},\"inLanguage\":\"et\",\"potentialAction\":[{\"@type\":\"ReadAction\",\"target\":[\"https:\\\/\\\/fonolukk.eu\\\/et\\\/tooted\\\/elektrooniline-voti-touch-memory-koos-hoidikuga\\\/\"]}]},{\"@type\":\"ImageObject\",\"inLanguage\":\"et\",\"@id\":\"https:\\\/\\\/fonolukk.eu\\\/et\\\/tooted\\\/elektrooniline-voti-touch-memory-koos-hoidikuga\\\/#primaryimage\",\"url\":\"https:\\\/\\\/fonolukk.eu\\\/wp-content\\\/uploads\\\/2021\\\/02\\\/ibutton.jpg\",\"contentUrl\":\"https:\\\/\\\/fonolukk.eu\\\/wp-content\\\/uploads\\\/2021\\\/02\\\/ibutton.jpg\",\"width\":260,\"height\":234},{\"@type\":\"BreadcrumbList\",\"@id\":\"https:\\\/\\\/fonolukk.eu\\\/et\\\/tooted\\\/elektrooniline-voti-touch-memory-koos-hoidikuga\\\/#breadcrumb\",\"itemListElement\":[{\"@type\":\"ListItem\",\"position\":1,\"name\":\"Esileht\",\"item\":\"https:\\\/\\\/fonolukk.eu\\\/et\\\/koduleht\\\/\"},{\"@type\":\"ListItem\",\"position\":2,\"name\":\"Tooted\",\"item\":\"https:\\\/\\\/fonolukk.eu\\\/et\\\/shop-2\\\/\"},{\"@type\":\"ListItem\",\"position\":3,\"name\":\"Fonolukud\",\"item\":\"https:\\\/\\\/fonolukk.eu\\\/et\\\/product-category\\\/fonolukud\\\/\"},{\"@type\":\"ListItem\",\"position\":4,\"name\":\"Elektrooniline v\u00f5ti Touch Memory koos hoidikuga\"}]},{\"@type\":\"WebSite\",\"@id\":\"https:\\\/\\\/fonolukk.eu\\\/et\\\/#website\",\"url\":\"https:\\\/\\\/fonolukk.eu\\\/et\\\/\",\"name\":\"Fonolukk eu\",\"description\":\"Smart Security Systems\",\"publisher\":{\"@id\":\"https:\\\/\\\/fonolukk.eu\\\/et\\\/#organization\"},\"potentialAction\":[{\"@type\":\"SearchAction\",\"target\":{\"@type\":\"EntryPoint\",\"urlTemplate\":\"https:\\\/\\\/fonolukk.eu\\\/et\\\/?s={search_term_string}\"},\"query-input\":{\"@type\":\"PropertyValueSpecification\",\"valueRequired\":true,\"valueName\":\"search_term_string\"}}],\"inLanguage\":\"et\"},{\"@type\":\"Organization\",\"@id\":\"https:\\\/\\\/fonolukk.eu\\\/et\\\/#organization\",\"name\":\"Smart Security OU\",\"url\":\"https:\\\/\\\/fonolukk.eu\\\/et\\\/\",\"logo\":{\"@type\":\"ImageObject\",\"inLanguage\":\"et\",\"@id\":\"https:\\\/\\\/fonolukk.eu\\\/et\\\/#\\\/schema\\\/logo\\\/image\\\/\",\"url\":\"https:\\\/\\\/fonolukk.eu\\\/wp-content\\\/uploads\\\/2023\\\/09\\\/fonolukk.png\",\"contentUrl\":\"https:\\\/\\\/fonolukk.eu\\\/wp-content\\\/uploads\\\/2023\\\/09\\\/fonolukk.png\",\"width\":277,\"height\":274,\"caption\":\"Smart Security OU\"},\"image\":{\"@id\":\"https:\\\/\\\/fonolukk.eu\\\/et\\\/#\\\/schema\\\/logo\\\/image\\\/\"},\"sameAs\":[\"https:\\\/\\\/www.facebook.com\\\/fonolukk\",\"https:\\\/\\\/www.instagram.com\\\/fonolukk\\\/?hl=ru\"],\"publishingPrinciples\":\"https:\\\/\\\/fonolukk.eu\\\/terms-and-conditions\\\/\",\"ownershipFundingInfo\":\"https:\\\/\\\/fonolukk.eu\\\/about-us\\\/\"}]}<\/script>\n<meta property=\"product:price:amount\" content=\"2.05\" \/>\n<meta property=\"product:price:currency\" content=\"EUR\" \/>\n<meta property=\"og:availability\" content=\"instock\" \/>\n<meta property=\"product:availability\" content=\"instock\" \/>\n<meta property=\"product:retailer_item_id\" content=\"Touch Memory\" \/>\n<meta property=\"product:condition\" content=\"new\" \/>\n<!-- \/ Yoast SEO Premium plugin. -->","yoast_head_json":{"title":"Elektrooniline v\u00f5ti Touch Memory koos hoidikuga - Fonolukk","description":"Elektrooniline v\u00f5ti Touch Memory koos hoidikuga - Fonolukk","robots":{"index":"index","follow":"follow","max-snippet":"max-snippet:-1","max-image-preview":"max-image-preview:large","max-video-preview":"max-video-preview:-1"},"canonical":"https:\/\/fonolukk.eu\/et\/tooted\/elektrooniline-voti-touch-memory-koos-hoidikuga\/","og_locale":"et_EE","og_type":"article","og_title":"Elektrooniline v\u00f5ti Touch Memory koos hoidikuga","og_description":"Spetsifikatsioonid: Materjal: ABS, teras Hoidja v\u00e4rv: must, roheline, punane, sinine Pakend: 100tk \/ pakk, 4000tk kast Rakendus M\u00f5eldud kasutamiseks koos","og_url":"https:\/\/fonolukk.eu\/et\/tooted\/elektrooniline-voti-touch-memory-koos-hoidikuga\/","og_site_name":"Fonolukk","article_publisher":"https:\/\/www.facebook.com\/fonolukk","article_modified_time":"2023-07-04T09:07:33+00:00","og_image":[{"width":260,"height":234,"url":"https:\/\/fonolukk.eu\/wp-content\/uploads\/2021\/02\/ibutton.jpg","type":"image\/jpeg"}],"twitter_card":"summary_large_image","twitter_misc":{"Hind":"&euro;2.05 koos KM","Availability":"Laos"},"schema":{"@context":"https:\/\/schema.org","@graph":[{"@type":"WebPage","@id":"https:\/\/fonolukk.eu\/et\/tooted\/elektrooniline-voti-touch-memory-koos-hoidikuga\/","url":"https:\/\/fonolukk.eu\/et\/tooted\/elektrooniline-voti-touch-memory-koos-hoidikuga\/","name":"Elektrooniline v\u00f5ti Touch Memory koos hoidikuga - Fonolukk","isPartOf":{"@id":"https:\/\/fonolukk.eu\/et\/#website"},"primaryImageOfPage":{"@id":"https:\/\/fonolukk.eu\/et\/tooted\/elektrooniline-voti-touch-memory-koos-hoidikuga\/#primaryimage"},"image":{"@id":"https:\/\/fonolukk.eu\/et\/tooted\/elektrooniline-voti-touch-memory-koos-hoidikuga\/#primaryimage"},"thumbnailUrl":"https:\/\/fonolukk.eu\/wp-content\/uploads\/2021\/02\/ibutton.jpg","datePublished":"2021-02-21T10:26:17+00:00","dateModified":"2023-07-04T09:07:33+00:00","description":"Elektrooniline v\u00f5ti Touch Memory koos hoidikuga - Fonolukk","breadcrumb":{"@id":"https:\/\/fonolukk.eu\/et\/tooted\/elektrooniline-voti-touch-memory-koos-hoidikuga\/#breadcrumb"},"inLanguage":"et","potentialAction":[{"@type":"ReadAction","target":["https:\/\/fonolukk.eu\/et\/tooted\/elektrooniline-voti-touch-memory-koos-hoidikuga\/"]}]},{"@type":"ImageObject","inLanguage":"et","@id":"https:\/\/fonolukk.eu\/et\/tooted\/elektrooniline-voti-touch-memory-koos-hoidikuga\/#primaryimage","url":"https:\/\/fonolukk.eu\/wp-content\/uploads\/2021\/02\/ibutton.jpg","contentUrl":"https:\/\/fonolukk.eu\/wp-content\/uploads\/2021\/02\/ibutton.jpg","width":260,"height":234},{"@type":"BreadcrumbList","@id":"https:\/\/fonolukk.eu\/et\/tooted\/elektrooniline-voti-touch-memory-koos-hoidikuga\/#breadcrumb","itemListElement":[{"@type":"ListItem","position":1,"name":"Esileht","item":"https:\/\/fonolukk.eu\/et\/koduleht\/"},{"@type":"ListItem","position":2,"name":"Tooted","item":"https:\/\/fonolukk.eu\/et\/shop-2\/"},{"@type":"ListItem","position":3,"name":"Fonolukud","item":"https:\/\/fonolukk.eu\/et\/product-category\/fonolukud\/"},{"@type":"ListItem","position":4,"name":"Elektrooniline v\u00f5ti Touch Memory koos hoidikuga"}]},{"@type":"WebSite","@id":"https:\/\/fonolukk.eu\/et\/#website","url":"https:\/\/fonolukk.eu\/et\/","name":"Fonolukk eu","description":"Smart Security Systems","publisher":{"@id":"https:\/\/fonolukk.eu\/et\/#organization"},"potentialAction":[{"@type":"SearchAction","target":{"@type":"EntryPoint","urlTemplate":"https:\/\/fonolukk.eu\/et\/?s={search_term_string}"},"query-input":{"@type":"PropertyValueSpecification","valueRequired":true,"valueName":"search_term_string"}}],"inLanguage":"et"},{"@type":"Organization","@id":"https:\/\/fonolukk.eu\/et\/#organization","name":"Smart Security OU","url":"https:\/\/fonolukk.eu\/et\/","logo":{"@type":"ImageObject","inLanguage":"et","@id":"https:\/\/fonolukk.eu\/et\/#\/schema\/logo\/image\/","url":"https:\/\/fonolukk.eu\/wp-content\/uploads\/2023\/09\/fonolukk.png","contentUrl":"https:\/\/fonolukk.eu\/wp-content\/uploads\/2023\/09\/fonolukk.png","width":277,"height":274,"caption":"Smart Security OU"},"image":{"@id":"https:\/\/fonolukk.eu\/et\/#\/schema\/logo\/image\/"},"sameAs":["https:\/\/www.facebook.com\/fonolukk","https:\/\/www.instagram.com\/fonolukk\/?hl=ru"],"publishingPrinciples":"https:\/\/fonolukk.eu\/terms-and-conditions\/","ownershipFundingInfo":"https:\/\/fonolukk.eu\/about-us\/"}]},"product_price_amount":"2.05","product_price_currency":"EUR","og_availability":"instock","product_availability":"instock","product_retailer_item_id":"Touch Memory","product_condition":"new"},"_links":{"self":[{"href":"https:\/\/fonolukk.eu\/et\/wp-json\/wp\/v2\/product\/10548","targetHints":{"allow":["GET"]}}],"collection":[{"href":"https:\/\/fonolukk.eu\/et\/wp-json\/wp\/v2\/product"}],"about":[{"href":"https:\/\/fonolukk.eu\/et\/wp-json\/wp\/v2\/types\/product"}],"version-history":[{"count":0,"href":"https:\/\/fonolukk.eu\/et\/wp-json\/wp\/v2\/product\/10548\/revisions"}],"wp:featuredmedia":[{"embeddable":true,"href":"https:\/\/fonolukk.eu\/et\/wp-json\/wp\/v2\/media\/10551"}],"wp:attachment":[{"href":"https:\/\/fonolukk.eu\/et\/wp-json\/wp\/v2\/media?parent=10548"}],"wp:term":[{"taxonomy":"product_brand","embeddable":true,"href":"https:\/\/fonolukk.eu\/et\/wp-json\/wp\/v2\/product_brand?post=10548"},{"taxonomy":"product_cat","embeddable":true,"href":"https:\/\/fonolukk.eu\/et\/wp-json\/wp\/v2\/product_cat?post=10548"},{"taxonomy":"product_tag","embeddable":true,"href":"https:\/\/fonolukk.eu\/et\/wp-json\/wp\/v2\/product_tag?post=10548"}],"curies":[{"name":"wp","href":"https:\/\/api.w.org\/{rel}","templated":true}]}}