{"id":10658,"date":"2021-04-01T18:54:47","date_gmt":"2021-04-01T15:54:48","guid":{"rendered":"https:\/\/fonolukk.eu\/?post_type=product&#038;p=10658"},"modified":"2024-07-16T15:46:44","modified_gmt":"2024-07-16T12:46:44","slug":"elektrooniline-kassett-kaseec-2502ar","status":"publish","type":"product","link":"https:\/\/fonolukk.eu\/et\/tooted\/elektrooniline-kassett-kaseec-2502ar\/","title":{"rendered":"Elektroonika plokk  Laskomex EC-2502AR"},"content":{"rendered":"<div class=\"textbox\">\n<p>Elektrooniline kassett EC-2502 on mikroprotsessoriga seade, mis kontrollib kogu uksetelefonis\u00fcsteemi t\u00f6\u00f6d.\u00a0Digitaalsete uksetelefonide vanemates versioonides kasutati kahte t\u00fc\u00fcpi elektroonilisi kassette &#8211; peasissek\u00e4igu ja alluva juurde.\u00a0CD-2502 uksotelefon kasutab \u00fchte t\u00fc\u00fcpi elektroonilist kassetti, milles paigaldaja m\u00e4\u00e4rab kindlaks, millist t\u00fc\u00fcpi sissep\u00e4\u00e4su ta toetab.<\/p>\n<p>Elektrooniline kassett tarnitakse kahem\u00e4hisega vahelduvvooluadapterilt.\u00a0\u00dchte m\u00e4hist kasutatakse kasseti ja v\u00e4lipaneeli toitmiseks, teist aga ukse vabastamiseks.\u00a0Elektroonilises kassetis on potentsiomeetrid, et reguleerida k\u00f5lari, mikrofoni ja liinitasakaalu tugevust.<\/p>\n<p>D\u017eemprite abil saab elektroonilises kassetis seadistada blokeerimisseadme t\u00fc\u00fcbi (ukse vabastamine v\u00f5i elektromagnetiline lukk).\u00a0Elektromagnetilistes lukkudes (d\u017eemprid) esineb sageli j\u00e4\u00e4kmagnetismi fenomeni, mille tagaj\u00e4rjel tekivad raskused uste (v\u00e4ravate) avamisega, seega on elektrooniline kassett varustatud s\u00fcsteemiga selle soovimatu n\u00e4htuse k\u00f5rvaldamiseks.\u00a0H\u00fcppa demagnetiseerimise mehhanismi lubamine olukorras, kus kasutatakse ukse lukustust, v\u00f5ib p\u00f5hjustada selle vale t\u00f6\u00f6!<\/p>\n<p>Kassett sisaldab nuppe INIT ja RESET, mida kasutatakse muu hulgas uksetelefoni vaikeseadete taastamiseks.\u00a0Elektrooniline kassett EC-2502 v\u00f5ib t\u00f6\u00f6tada koos akuga, mis tagab uksetelefonis\u00fcsteemi korraliku t\u00f6\u00f6 elektriv\u00f5rgu elektrikatkestuse korral.<\/p>\n<p>Elektroonilist kassetti EC-2502 v\u00f5ib kasutada vastet\u00fc\u00fcbina j\u00e4rgmistele elektroonilistele kassettidele, mida kasutatakse vanemates mudelites: EC-2200, EC-2200 \/ U, EC-2200 \/ H, EC-2200 \/ INT, EC-2500 \/ S, EC-2500 \/ R, EC-2500 \/ U, EC-2500 \/ H, EC-2501, EC-2501 \/ U, EC-2501 \/ H<\/p>\n<\/div>\n","protected":false},"excerpt":{"rendered":"[wpdm_package id='15827']\n","protected":false},"featured_media":15608,"template":"","meta":[],"product_brand":[],"product_cat":[606,957,1402,908],"product_tag":[],"class_list":{"0":"post-10658","1":"product","2":"type-product","3":"status-publish","4":"has-post-thumbnail","6":"product_cat-fonolukud","7":"product_cat-toiteblokid-aksessuaarid-et-3","8":"product_cat-vahetid","9":"product_cat-rainmann-laskomex-et-2","10":"pa_brand-laskomex-et","12":"first","13":"instock","14":"taxable","15":"shipping-taxable","16":"purchasable","17":"product-type-simple"},"yoast_head":"<!-- This site is optimized with the Yoast SEO Premium plugin v27.3 (Yoast SEO v27.3) - https:\/\/yoast.com\/product\/yoast-seo-premium-wordpress\/ -->\n<title>Elektroonika plokk Laskomex EC-2502AR - Fonolukk<\/title>\n<meta name=\"description\" content=\"Elektroonika plokk Laskomex EC-2502AR - Fonolukk\" \/>\n<meta name=\"robots\" content=\"index, follow, max-snippet:-1, max-image-preview:large, max-video-preview:-1\" \/>\n<link rel=\"canonical\" href=\"https:\/\/fonolukk.eu\/et\/tooted\/elektrooniline-kassett-kaseec-2502ar\/\" \/>\n<meta property=\"og:locale\" content=\"et_EE\" \/>\n<meta property=\"og:type\" content=\"article\" \/>\n<meta property=\"og:title\" content=\"Elektroonika plokk Laskomex EC-2502AR\" \/>\n<meta property=\"og:description\" content=\"Elektrooniline kassett EC-2502 on mikroprotsessoriga seade, mis kontrollib kogu uksetelefonis\u00fcsteemi t\u00f6\u00f6d.\u00a0Digitaalsete uksetelefonide vanemates\" \/>\n<meta property=\"og:url\" content=\"https:\/\/fonolukk.eu\/et\/tooted\/elektrooniline-kassett-kaseec-2502ar\/\" \/>\n<meta property=\"og:site_name\" content=\"Fonolukk\" \/>\n<meta property=\"article:publisher\" content=\"https:\/\/www.facebook.com\/fonolukk\" \/>\n<meta property=\"article:modified_time\" content=\"2024-07-16T12:46:44+00:00\" \/>\n<meta property=\"og:image\" content=\"https:\/\/fonolukk.eu\/wp-content\/uploads\/2021\/04\/tinywow_ec2502_1.jpg_29180795.jpg\" \/>\n\t<meta property=\"og:image:width\" content=\"1088\" \/>\n\t<meta property=\"og:image:height\" content=\"760\" \/>\n\t<meta property=\"og:image:type\" content=\"image\/jpeg\" \/>\n<meta name=\"twitter:card\" content=\"summary_large_image\" \/>\n<meta name=\"twitter:label1\" content=\"Hind\" \/>\n\t<meta name=\"twitter:data1\" content=\"&euro;77.87 koos KM\" \/>\n\t<meta name=\"twitter:label2\" content=\"Availability\" \/>\n\t<meta name=\"twitter:data2\" content=\"Laos\" \/>\n<script type=\"application\/ld+json\" class=\"yoast-schema-graph\">{\"@context\":\"https:\\\/\\\/schema.org\",\"@graph\":[{\"@type\":\"WebPage\",\"@id\":\"https:\\\/\\\/fonolukk.eu\\\/et\\\/tooted\\\/elektrooniline-kassett-kaseec-2502ar\\\/\",\"url\":\"https:\\\/\\\/fonolukk.eu\\\/et\\\/tooted\\\/elektrooniline-kassett-kaseec-2502ar\\\/\",\"name\":\"Elektroonika plokk Laskomex EC-2502AR - Fonolukk\",\"isPartOf\":{\"@id\":\"https:\\\/\\\/fonolukk.eu\\\/et\\\/#website\"},\"primaryImageOfPage\":{\"@id\":\"https:\\\/\\\/fonolukk.eu\\\/et\\\/tooted\\\/elektrooniline-kassett-kaseec-2502ar\\\/#primaryimage\"},\"image\":{\"@id\":\"https:\\\/\\\/fonolukk.eu\\\/et\\\/tooted\\\/elektrooniline-kassett-kaseec-2502ar\\\/#primaryimage\"},\"thumbnailUrl\":\"https:\\\/\\\/fonolukk.eu\\\/wp-content\\\/uploads\\\/2021\\\/04\\\/tinywow_ec2502_1.jpg_29180795.jpg\",\"datePublished\":\"2021-04-01T15:54:48+00:00\",\"dateModified\":\"2024-07-16T12:46:44+00:00\",\"description\":\"Elektroonika plokk Laskomex EC-2502AR - Fonolukk\",\"breadcrumb\":{\"@id\":\"https:\\\/\\\/fonolukk.eu\\\/et\\\/tooted\\\/elektrooniline-kassett-kaseec-2502ar\\\/#breadcrumb\"},\"inLanguage\":\"et\",\"potentialAction\":[{\"@type\":\"ReadAction\",\"target\":[\"https:\\\/\\\/fonolukk.eu\\\/et\\\/tooted\\\/elektrooniline-kassett-kaseec-2502ar\\\/\"]}]},{\"@type\":\"ImageObject\",\"inLanguage\":\"et\",\"@id\":\"https:\\\/\\\/fonolukk.eu\\\/et\\\/tooted\\\/elektrooniline-kassett-kaseec-2502ar\\\/#primaryimage\",\"url\":\"https:\\\/\\\/fonolukk.eu\\\/wp-content\\\/uploads\\\/2021\\\/04\\\/tinywow_ec2502_1.jpg_29180795.jpg\",\"contentUrl\":\"https:\\\/\\\/fonolukk.eu\\\/wp-content\\\/uploads\\\/2021\\\/04\\\/tinywow_ec2502_1.jpg_29180795.jpg\",\"width\":1088,\"height\":760,\"caption\":\"switches 2502\"},{\"@type\":\"BreadcrumbList\",\"@id\":\"https:\\\/\\\/fonolukk.eu\\\/et\\\/tooted\\\/elektrooniline-kassett-kaseec-2502ar\\\/#breadcrumb\",\"itemListElement\":[{\"@type\":\"ListItem\",\"position\":1,\"name\":\"Esileht\",\"item\":\"https:\\\/\\\/fonolukk.eu\\\/et\\\/koduleht\\\/\"},{\"@type\":\"ListItem\",\"position\":2,\"name\":\"Tooted\",\"item\":\"https:\\\/\\\/fonolukk.eu\\\/et\\\/shop-2\\\/\"},{\"@type\":\"ListItem\",\"position\":3,\"name\":\"Fonolukud\",\"item\":\"https:\\\/\\\/fonolukk.eu\\\/et\\\/product-category\\\/fonolukud\\\/\"},{\"@type\":\"ListItem\",\"position\":4,\"name\":\"Rainmann (Laskomex)\",\"item\":\"https:\\\/\\\/fonolukk.eu\\\/et\\\/product-category\\\/fonolukud\\\/rainmann-laskomex-et-2\\\/\"},{\"@type\":\"ListItem\",\"position\":5,\"name\":\"Toiteblokid, aksessuaarid\",\"item\":\"https:\\\/\\\/fonolukk.eu\\\/et\\\/product-category\\\/fonolukud\\\/rainmann-laskomex-et-2\\\/toiteblokid-aksessuaarid-et-3\\\/\"},{\"@type\":\"ListItem\",\"position\":6,\"name\":\"Vahetid\",\"item\":\"https:\\\/\\\/fonolukk.eu\\\/et\\\/product-category\\\/fonolukud\\\/rainmann-laskomex-et-2\\\/toiteblokid-aksessuaarid-et-3\\\/vahetid\\\/\"},{\"@type\":\"ListItem\",\"position\":7,\"name\":\"Elektroonika plokk Laskomex EC-2502AR\"}]},{\"@type\":\"WebSite\",\"@id\":\"https:\\\/\\\/fonolukk.eu\\\/et\\\/#website\",\"url\":\"https:\\\/\\\/fonolukk.eu\\\/et\\\/\",\"name\":\"Fonolukk eu\",\"description\":\"Smart Security Systems\",\"publisher\":{\"@id\":\"https:\\\/\\\/fonolukk.eu\\\/et\\\/#organization\"},\"potentialAction\":[{\"@type\":\"SearchAction\",\"target\":{\"@type\":\"EntryPoint\",\"urlTemplate\":\"https:\\\/\\\/fonolukk.eu\\\/et\\\/?s={search_term_string}\"},\"query-input\":{\"@type\":\"PropertyValueSpecification\",\"valueRequired\":true,\"valueName\":\"search_term_string\"}}],\"inLanguage\":\"et\"},{\"@type\":\"Organization\",\"@id\":\"https:\\\/\\\/fonolukk.eu\\\/et\\\/#organization\",\"name\":\"Smart Security OU\",\"url\":\"https:\\\/\\\/fonolukk.eu\\\/et\\\/\",\"logo\":{\"@type\":\"ImageObject\",\"inLanguage\":\"et\",\"@id\":\"https:\\\/\\\/fonolukk.eu\\\/et\\\/#\\\/schema\\\/logo\\\/image\\\/\",\"url\":\"https:\\\/\\\/fonolukk.eu\\\/wp-content\\\/uploads\\\/2023\\\/09\\\/fonolukk.png\",\"contentUrl\":\"https:\\\/\\\/fonolukk.eu\\\/wp-content\\\/uploads\\\/2023\\\/09\\\/fonolukk.png\",\"width\":277,\"height\":274,\"caption\":\"Smart Security OU\"},\"image\":{\"@id\":\"https:\\\/\\\/fonolukk.eu\\\/et\\\/#\\\/schema\\\/logo\\\/image\\\/\"},\"sameAs\":[\"https:\\\/\\\/www.facebook.com\\\/fonolukk\",\"https:\\\/\\\/www.instagram.com\\\/fonolukk\\\/?hl=ru\"],\"publishingPrinciples\":\"https:\\\/\\\/fonolukk.eu\\\/terms-and-conditions\\\/\",\"ownershipFundingInfo\":\"https:\\\/\\\/fonolukk.eu\\\/about-us\\\/\"}]}<\/script>\n<meta property=\"product:brand\" content=\"Laskomex\" \/>\n<meta property=\"product:price:amount\" content=\"77.87\" \/>\n<meta property=\"product:price:currency\" content=\"EUR\" \/>\n<meta property=\"og:availability\" content=\"instock\" \/>\n<meta property=\"product:availability\" content=\"instock\" \/>\n<meta property=\"product:retailer_item_id\" content=\"2502AR\" \/>\n<meta property=\"product:condition\" content=\"new\" \/>\n<!-- \/ Yoast SEO Premium plugin. -->","yoast_head_json":{"title":"Elektroonika plokk Laskomex EC-2502AR - Fonolukk","description":"Elektroonika plokk Laskomex EC-2502AR - Fonolukk","robots":{"index":"index","follow":"follow","max-snippet":"max-snippet:-1","max-image-preview":"max-image-preview:large","max-video-preview":"max-video-preview:-1"},"canonical":"https:\/\/fonolukk.eu\/et\/tooted\/elektrooniline-kassett-kaseec-2502ar\/","og_locale":"et_EE","og_type":"article","og_title":"Elektroonika plokk Laskomex EC-2502AR","og_description":"Elektrooniline kassett EC-2502 on mikroprotsessoriga seade, mis kontrollib kogu uksetelefonis\u00fcsteemi t\u00f6\u00f6d.\u00a0Digitaalsete uksetelefonide vanemates","og_url":"https:\/\/fonolukk.eu\/et\/tooted\/elektrooniline-kassett-kaseec-2502ar\/","og_site_name":"Fonolukk","article_publisher":"https:\/\/www.facebook.com\/fonolukk","article_modified_time":"2024-07-16T12:46:44+00:00","og_image":[{"width":1088,"height":760,"url":"https:\/\/fonolukk.eu\/wp-content\/uploads\/2021\/04\/tinywow_ec2502_1.jpg_29180795.jpg","type":"image\/jpeg"}],"twitter_card":"summary_large_image","twitter_misc":{"Hind":"&euro;77.87 koos KM","Availability":"Laos"},"schema":{"@context":"https:\/\/schema.org","@graph":[{"@type":"WebPage","@id":"https:\/\/fonolukk.eu\/et\/tooted\/elektrooniline-kassett-kaseec-2502ar\/","url":"https:\/\/fonolukk.eu\/et\/tooted\/elektrooniline-kassett-kaseec-2502ar\/","name":"Elektroonika plokk Laskomex EC-2502AR - Fonolukk","isPartOf":{"@id":"https:\/\/fonolukk.eu\/et\/#website"},"primaryImageOfPage":{"@id":"https:\/\/fonolukk.eu\/et\/tooted\/elektrooniline-kassett-kaseec-2502ar\/#primaryimage"},"image":{"@id":"https:\/\/fonolukk.eu\/et\/tooted\/elektrooniline-kassett-kaseec-2502ar\/#primaryimage"},"thumbnailUrl":"https:\/\/fonolukk.eu\/wp-content\/uploads\/2021\/04\/tinywow_ec2502_1.jpg_29180795.jpg","datePublished":"2021-04-01T15:54:48+00:00","dateModified":"2024-07-16T12:46:44+00:00","description":"Elektroonika plokk Laskomex EC-2502AR - Fonolukk","breadcrumb":{"@id":"https:\/\/fonolukk.eu\/et\/tooted\/elektrooniline-kassett-kaseec-2502ar\/#breadcrumb"},"inLanguage":"et","potentialAction":[{"@type":"ReadAction","target":["https:\/\/fonolukk.eu\/et\/tooted\/elektrooniline-kassett-kaseec-2502ar\/"]}]},{"@type":"ImageObject","inLanguage":"et","@id":"https:\/\/fonolukk.eu\/et\/tooted\/elektrooniline-kassett-kaseec-2502ar\/#primaryimage","url":"https:\/\/fonolukk.eu\/wp-content\/uploads\/2021\/04\/tinywow_ec2502_1.jpg_29180795.jpg","contentUrl":"https:\/\/fonolukk.eu\/wp-content\/uploads\/2021\/04\/tinywow_ec2502_1.jpg_29180795.jpg","width":1088,"height":760,"caption":"switches 2502"},{"@type":"BreadcrumbList","@id":"https:\/\/fonolukk.eu\/et\/tooted\/elektrooniline-kassett-kaseec-2502ar\/#breadcrumb","itemListElement":[{"@type":"ListItem","position":1,"name":"Esileht","item":"https:\/\/fonolukk.eu\/et\/koduleht\/"},{"@type":"ListItem","position":2,"name":"Tooted","item":"https:\/\/fonolukk.eu\/et\/shop-2\/"},{"@type":"ListItem","position":3,"name":"Fonolukud","item":"https:\/\/fonolukk.eu\/et\/product-category\/fonolukud\/"},{"@type":"ListItem","position":4,"name":"Rainmann (Laskomex)","item":"https:\/\/fonolukk.eu\/et\/product-category\/fonolukud\/rainmann-laskomex-et-2\/"},{"@type":"ListItem","position":5,"name":"Toiteblokid, aksessuaarid","item":"https:\/\/fonolukk.eu\/et\/product-category\/fonolukud\/rainmann-laskomex-et-2\/toiteblokid-aksessuaarid-et-3\/"},{"@type":"ListItem","position":6,"name":"Vahetid","item":"https:\/\/fonolukk.eu\/et\/product-category\/fonolukud\/rainmann-laskomex-et-2\/toiteblokid-aksessuaarid-et-3\/vahetid\/"},{"@type":"ListItem","position":7,"name":"Elektroonika plokk Laskomex EC-2502AR"}]},{"@type":"WebSite","@id":"https:\/\/fonolukk.eu\/et\/#website","url":"https:\/\/fonolukk.eu\/et\/","name":"Fonolukk eu","description":"Smart Security Systems","publisher":{"@id":"https:\/\/fonolukk.eu\/et\/#organization"},"potentialAction":[{"@type":"SearchAction","target":{"@type":"EntryPoint","urlTemplate":"https:\/\/fonolukk.eu\/et\/?s={search_term_string}"},"query-input":{"@type":"PropertyValueSpecification","valueRequired":true,"valueName":"search_term_string"}}],"inLanguage":"et"},{"@type":"Organization","@id":"https:\/\/fonolukk.eu\/et\/#organization","name":"Smart Security OU","url":"https:\/\/fonolukk.eu\/et\/","logo":{"@type":"ImageObject","inLanguage":"et","@id":"https:\/\/fonolukk.eu\/et\/#\/schema\/logo\/image\/","url":"https:\/\/fonolukk.eu\/wp-content\/uploads\/2023\/09\/fonolukk.png","contentUrl":"https:\/\/fonolukk.eu\/wp-content\/uploads\/2023\/09\/fonolukk.png","width":277,"height":274,"caption":"Smart Security OU"},"image":{"@id":"https:\/\/fonolukk.eu\/et\/#\/schema\/logo\/image\/"},"sameAs":["https:\/\/www.facebook.com\/fonolukk","https:\/\/www.instagram.com\/fonolukk\/?hl=ru"],"publishingPrinciples":"https:\/\/fonolukk.eu\/terms-and-conditions\/","ownershipFundingInfo":"https:\/\/fonolukk.eu\/about-us\/"}]},"product_brand":"Laskomex","product_price_amount":"77.87","product_price_currency":"EUR","og_availability":"instock","product_availability":"instock","product_retailer_item_id":"2502AR","product_condition":"new"},"_links":{"self":[{"href":"https:\/\/fonolukk.eu\/et\/wp-json\/wp\/v2\/product\/10658","targetHints":{"allow":["GET"]}}],"collection":[{"href":"https:\/\/fonolukk.eu\/et\/wp-json\/wp\/v2\/product"}],"about":[{"href":"https:\/\/fonolukk.eu\/et\/wp-json\/wp\/v2\/types\/product"}],"version-history":[{"count":0,"href":"https:\/\/fonolukk.eu\/et\/wp-json\/wp\/v2\/product\/10658\/revisions"}],"wp:featuredmedia":[{"embeddable":true,"href":"https:\/\/fonolukk.eu\/et\/wp-json\/wp\/v2\/media\/15608"}],"wp:attachment":[{"href":"https:\/\/fonolukk.eu\/et\/wp-json\/wp\/v2\/media?parent=10658"}],"wp:term":[{"taxonomy":"product_brand","embeddable":true,"href":"https:\/\/fonolukk.eu\/et\/wp-json\/wp\/v2\/product_brand?post=10658"},{"taxonomy":"product_cat","embeddable":true,"href":"https:\/\/fonolukk.eu\/et\/wp-json\/wp\/v2\/product_cat?post=10658"},{"taxonomy":"product_tag","embeddable":true,"href":"https:\/\/fonolukk.eu\/et\/wp-json\/wp\/v2\/product_tag?post=10658"}],"curies":[{"name":"wp","href":"https:\/\/api.w.org\/{rel}","templated":true}]}}