{"id":10664,"date":"2021-04-01T19:08:40","date_gmt":"2021-04-01T16:08:41","guid":{"rendered":"https:\/\/fonolukk.eu\/?post_type=product&#038;p=10664"},"modified":"2023-07-14T16:25:27","modified_gmt":"2023-07-14T13:25:27","slug":"videosignaali-turustaja-cvr-1","status":"publish","type":"product","link":"https:\/\/fonolukk.eu\/et\/tooted\/videosignaali-turustaja-cvr-1\/","title":{"rendered":"Videosignaali turustaja CVR-1"},"content":{"rendered":"<div class=\"textbox\">\n<p><span>Turustajat kasutatakse monitoride \u00fchendamiseks uksetelefoni paigaldusega.\u00a0\u00dcks turustaja v\u00f5imaldab \u00fchendada 1 kuni 4 kuvarit.\u00a0See v\u00f5ib olla ka haruks uksepuhasti installimisel, kus v\u00e4ljundeid k\u00e4sitletakse s\u00f5ltumatu videosignaali allikana.<\/span><\/p>\n<p><span>Turustajal on heli- ja videosignaalide sisend ning neli RJ-45-pistikupesaga v\u00e4ljundit, mida tavaliselt kasutatakse arvutiv\u00f5rkudes, v\u00f5imaldades h\u00f5lpsat kaabli\u00fchendust.\u00a0Konfiguratsiooni d\u017eemprid v\u00f5imaldavad teil iga v\u00e4ljundi jaoks seadistada tugevuse ja videoparanduse.\u00a0Jaoturit tarnitakse \u00fchendatud monitoridest, kuid liiniharuna t\u00f6\u00f6tades saab seda toita elektroonilisest kassetist v\u00f5i eraldiseisvast adapterist.<\/span><\/p>\n<\/div>\n","protected":false},"excerpt":{"rendered":"<p>Turustajat kasutatakse monitoride \u00fchendamiseks uksetelefoni paigaldusega.\u00a0\u00dcks turustaja v\u00f5imaldab \u00fchendada 1 kuni 4 kuvarit.\u00a0See v\u00f5ib olla ka haruks uksepuhasti installimisel, kus<\/p>\n","protected":false},"featured_media":15596,"template":"","meta":[],"product_brand":[],"product_cat":[606,957,1402,908],"product_tag":[1418,1275],"class_list":{"0":"post-10664","1":"product","2":"type-product","3":"status-publish","4":"has-post-thumbnail","6":"product_cat-fonolukud","7":"product_cat-toiteblokid-aksessuaarid-et-3","8":"product_cat-vahetid","9":"product_cat-rainmann-laskomex-et-2","10":"product_tag-video-signaalid","11":"product_tag-laskomex-et","12":"pa_brand-laskomex-et","14":"first","15":"instock","16":"taxable","17":"shipping-taxable","18":"product-type-simple"},"yoast_head":"<!-- This site is optimized with the Yoast SEO Premium plugin v27.3 (Yoast SEO v27.3) - https:\/\/yoast.com\/product\/yoast-seo-premium-wordpress\/ -->\n<title>Videosignaali turustaja CVR-1 - Fonolukk<\/title>\n<meta name=\"description\" content=\"Videosignaali turustaja CVR-1 - Fonolukk\" \/>\n<meta name=\"robots\" content=\"index, follow, max-snippet:-1, max-image-preview:large, max-video-preview:-1\" \/>\n<link rel=\"canonical\" href=\"https:\/\/fonolukk.eu\/et\/tooted\/videosignaali-turustaja-cvr-1\/\" \/>\n<meta property=\"og:locale\" content=\"et_EE\" \/>\n<meta property=\"og:type\" content=\"article\" \/>\n<meta property=\"og:title\" content=\"Videosignaali turustaja CVR-1\" \/>\n<meta property=\"og:description\" content=\"Turustajat kasutatakse monitoride \u00fchendamiseks uksetelefoni paigaldusega.\u00a0\u00dcks turustaja v\u00f5imaldab \u00fchendada 1 kuni 4 kuvarit.\u00a0See v\u00f5ib olla ka haruks\" \/>\n<meta property=\"og:url\" content=\"https:\/\/fonolukk.eu\/et\/tooted\/videosignaali-turustaja-cvr-1\/\" \/>\n<meta property=\"og:site_name\" content=\"Fonolukk\" \/>\n<meta property=\"article:publisher\" content=\"https:\/\/www.facebook.com\/fonolukk\" \/>\n<meta property=\"article:modified_time\" content=\"2023-07-14T13:25:27+00:00\" \/>\n<meta property=\"og:image\" content=\"https:\/\/fonolukk.eu\/wp-content\/uploads\/2021\/04\/cvr-1-fonolukk.jpg\" \/>\n\t<meta property=\"og:image:width\" content=\"1034\" \/>\n\t<meta property=\"og:image:height\" content=\"738\" \/>\n\t<meta property=\"og:image:type\" content=\"image\/jpeg\" \/>\n<meta name=\"twitter:card\" content=\"summary_large_image\" \/>\n<meta name=\"twitter:label1\" content=\"Hind\" \/>\n\t<meta name=\"twitter:data1\" content=\"\" \/>\n\t<meta name=\"twitter:label2\" content=\"Availability\" \/>\n\t<meta name=\"twitter:data2\" content=\"Laos\" \/>\n<script type=\"application\/ld+json\" class=\"yoast-schema-graph\">{\"@context\":\"https:\\\/\\\/schema.org\",\"@graph\":[{\"@type\":\"WebPage\",\"@id\":\"https:\\\/\\\/fonolukk.eu\\\/et\\\/tooted\\\/videosignaali-turustaja-cvr-1\\\/\",\"url\":\"https:\\\/\\\/fonolukk.eu\\\/et\\\/tooted\\\/videosignaali-turustaja-cvr-1\\\/\",\"name\":\"Videosignaali turustaja CVR-1 - Fonolukk\",\"isPartOf\":{\"@id\":\"https:\\\/\\\/fonolukk.eu\\\/et\\\/#website\"},\"primaryImageOfPage\":{\"@id\":\"https:\\\/\\\/fonolukk.eu\\\/et\\\/tooted\\\/videosignaali-turustaja-cvr-1\\\/#primaryimage\"},\"image\":{\"@id\":\"https:\\\/\\\/fonolukk.eu\\\/et\\\/tooted\\\/videosignaali-turustaja-cvr-1\\\/#primaryimage\"},\"thumbnailUrl\":\"https:\\\/\\\/fonolukk.eu\\\/wp-content\\\/uploads\\\/2021\\\/04\\\/cvr-1-fonolukk.jpg\",\"datePublished\":\"2021-04-01T16:08:41+00:00\",\"dateModified\":\"2023-07-14T13:25:27+00:00\",\"description\":\"Videosignaali turustaja CVR-1 - Fonolukk\",\"breadcrumb\":{\"@id\":\"https:\\\/\\\/fonolukk.eu\\\/et\\\/tooted\\\/videosignaali-turustaja-cvr-1\\\/#breadcrumb\"},\"inLanguage\":\"et\",\"potentialAction\":[{\"@type\":\"ReadAction\",\"target\":[\"https:\\\/\\\/fonolukk.eu\\\/et\\\/tooted\\\/videosignaali-turustaja-cvr-1\\\/\"]}]},{\"@type\":\"ImageObject\",\"inLanguage\":\"et\",\"@id\":\"https:\\\/\\\/fonolukk.eu\\\/et\\\/tooted\\\/videosignaali-turustaja-cvr-1\\\/#primaryimage\",\"url\":\"https:\\\/\\\/fonolukk.eu\\\/wp-content\\\/uploads\\\/2021\\\/04\\\/cvr-1-fonolukk.jpg\",\"contentUrl\":\"https:\\\/\\\/fonolukk.eu\\\/wp-content\\\/uploads\\\/2021\\\/04\\\/cvr-1-fonolukk.jpg\",\"width\":1034,\"height\":738,\"caption\":\"CVR-1 distributor of video signal\"},{\"@type\":\"BreadcrumbList\",\"@id\":\"https:\\\/\\\/fonolukk.eu\\\/et\\\/tooted\\\/videosignaali-turustaja-cvr-1\\\/#breadcrumb\",\"itemListElement\":[{\"@type\":\"ListItem\",\"position\":1,\"name\":\"Esileht\",\"item\":\"https:\\\/\\\/fonolukk.eu\\\/et\\\/koduleht\\\/\"},{\"@type\":\"ListItem\",\"position\":2,\"name\":\"Tooted\",\"item\":\"https:\\\/\\\/fonolukk.eu\\\/et\\\/shop-2\\\/\"},{\"@type\":\"ListItem\",\"position\":3,\"name\":\"Fonolukud\",\"item\":\"https:\\\/\\\/fonolukk.eu\\\/et\\\/product-category\\\/fonolukud\\\/\"},{\"@type\":\"ListItem\",\"position\":4,\"name\":\"Rainmann (Laskomex)\",\"item\":\"https:\\\/\\\/fonolukk.eu\\\/et\\\/product-category\\\/fonolukud\\\/rainmann-laskomex-et-2\\\/\"},{\"@type\":\"ListItem\",\"position\":5,\"name\":\"Toiteblokid, aksessuaarid\",\"item\":\"https:\\\/\\\/fonolukk.eu\\\/et\\\/product-category\\\/fonolukud\\\/rainmann-laskomex-et-2\\\/toiteblokid-aksessuaarid-et-3\\\/\"},{\"@type\":\"ListItem\",\"position\":6,\"name\":\"Vahetid\",\"item\":\"https:\\\/\\\/fonolukk.eu\\\/et\\\/product-category\\\/fonolukud\\\/rainmann-laskomex-et-2\\\/toiteblokid-aksessuaarid-et-3\\\/vahetid\\\/\"},{\"@type\":\"ListItem\",\"position\":7,\"name\":\"Videosignaali turustaja CVR-1\"}]},{\"@type\":\"WebSite\",\"@id\":\"https:\\\/\\\/fonolukk.eu\\\/et\\\/#website\",\"url\":\"https:\\\/\\\/fonolukk.eu\\\/et\\\/\",\"name\":\"Fonolukk eu\",\"description\":\"Smart Security Systems\",\"publisher\":{\"@id\":\"https:\\\/\\\/fonolukk.eu\\\/et\\\/#organization\"},\"potentialAction\":[{\"@type\":\"SearchAction\",\"target\":{\"@type\":\"EntryPoint\",\"urlTemplate\":\"https:\\\/\\\/fonolukk.eu\\\/et\\\/?s={search_term_string}\"},\"query-input\":{\"@type\":\"PropertyValueSpecification\",\"valueRequired\":true,\"valueName\":\"search_term_string\"}}],\"inLanguage\":\"et\"},{\"@type\":\"Organization\",\"@id\":\"https:\\\/\\\/fonolukk.eu\\\/et\\\/#organization\",\"name\":\"Smart Security OU\",\"url\":\"https:\\\/\\\/fonolukk.eu\\\/et\\\/\",\"logo\":{\"@type\":\"ImageObject\",\"inLanguage\":\"et\",\"@id\":\"https:\\\/\\\/fonolukk.eu\\\/et\\\/#\\\/schema\\\/logo\\\/image\\\/\",\"url\":\"https:\\\/\\\/fonolukk.eu\\\/wp-content\\\/uploads\\\/2023\\\/09\\\/fonolukk.png\",\"contentUrl\":\"https:\\\/\\\/fonolukk.eu\\\/wp-content\\\/uploads\\\/2023\\\/09\\\/fonolukk.png\",\"width\":277,\"height\":274,\"caption\":\"Smart Security OU\"},\"image\":{\"@id\":\"https:\\\/\\\/fonolukk.eu\\\/et\\\/#\\\/schema\\\/logo\\\/image\\\/\"},\"sameAs\":[\"https:\\\/\\\/www.facebook.com\\\/fonolukk\",\"https:\\\/\\\/www.instagram.com\\\/fonolukk\\\/?hl=ru\"],\"publishingPrinciples\":\"https:\\\/\\\/fonolukk.eu\\\/terms-and-conditions\\\/\",\"ownershipFundingInfo\":\"https:\\\/\\\/fonolukk.eu\\\/about-us\\\/\"}]}<\/script>\n<meta property=\"product:brand\" content=\"Laskomex\" \/>\n<meta property=\"product:price:amount\" content=\"0.00\" \/>\n<meta property=\"product:price:currency\" content=\"EUR\" \/>\n<meta property=\"og:availability\" content=\"instock\" \/>\n<meta property=\"product:availability\" content=\"instock\" \/>\n<meta property=\"product:retailer_item_id\" content=\"CVR-1\" \/>\n<meta property=\"product:condition\" content=\"new\" \/>\n<!-- \/ Yoast SEO Premium plugin. -->","yoast_head_json":{"title":"Videosignaali turustaja CVR-1 - Fonolukk","description":"Videosignaali turustaja CVR-1 - Fonolukk","robots":{"index":"index","follow":"follow","max-snippet":"max-snippet:-1","max-image-preview":"max-image-preview:large","max-video-preview":"max-video-preview:-1"},"canonical":"https:\/\/fonolukk.eu\/et\/tooted\/videosignaali-turustaja-cvr-1\/","og_locale":"et_EE","og_type":"article","og_title":"Videosignaali turustaja CVR-1","og_description":"Turustajat kasutatakse monitoride \u00fchendamiseks uksetelefoni paigaldusega.\u00a0\u00dcks turustaja v\u00f5imaldab \u00fchendada 1 kuni 4 kuvarit.\u00a0See v\u00f5ib olla ka haruks","og_url":"https:\/\/fonolukk.eu\/et\/tooted\/videosignaali-turustaja-cvr-1\/","og_site_name":"Fonolukk","article_publisher":"https:\/\/www.facebook.com\/fonolukk","article_modified_time":"2023-07-14T13:25:27+00:00","og_image":[{"width":1034,"height":738,"url":"https:\/\/fonolukk.eu\/wp-content\/uploads\/2021\/04\/cvr-1-fonolukk.jpg","type":"image\/jpeg"}],"twitter_card":"summary_large_image","twitter_misc":{"Hind":"","Availability":"Laos"},"schema":{"@context":"https:\/\/schema.org","@graph":[{"@type":"WebPage","@id":"https:\/\/fonolukk.eu\/et\/tooted\/videosignaali-turustaja-cvr-1\/","url":"https:\/\/fonolukk.eu\/et\/tooted\/videosignaali-turustaja-cvr-1\/","name":"Videosignaali turustaja CVR-1 - Fonolukk","isPartOf":{"@id":"https:\/\/fonolukk.eu\/et\/#website"},"primaryImageOfPage":{"@id":"https:\/\/fonolukk.eu\/et\/tooted\/videosignaali-turustaja-cvr-1\/#primaryimage"},"image":{"@id":"https:\/\/fonolukk.eu\/et\/tooted\/videosignaali-turustaja-cvr-1\/#primaryimage"},"thumbnailUrl":"https:\/\/fonolukk.eu\/wp-content\/uploads\/2021\/04\/cvr-1-fonolukk.jpg","datePublished":"2021-04-01T16:08:41+00:00","dateModified":"2023-07-14T13:25:27+00:00","description":"Videosignaali turustaja CVR-1 - Fonolukk","breadcrumb":{"@id":"https:\/\/fonolukk.eu\/et\/tooted\/videosignaali-turustaja-cvr-1\/#breadcrumb"},"inLanguage":"et","potentialAction":[{"@type":"ReadAction","target":["https:\/\/fonolukk.eu\/et\/tooted\/videosignaali-turustaja-cvr-1\/"]}]},{"@type":"ImageObject","inLanguage":"et","@id":"https:\/\/fonolukk.eu\/et\/tooted\/videosignaali-turustaja-cvr-1\/#primaryimage","url":"https:\/\/fonolukk.eu\/wp-content\/uploads\/2021\/04\/cvr-1-fonolukk.jpg","contentUrl":"https:\/\/fonolukk.eu\/wp-content\/uploads\/2021\/04\/cvr-1-fonolukk.jpg","width":1034,"height":738,"caption":"CVR-1 distributor of video signal"},{"@type":"BreadcrumbList","@id":"https:\/\/fonolukk.eu\/et\/tooted\/videosignaali-turustaja-cvr-1\/#breadcrumb","itemListElement":[{"@type":"ListItem","position":1,"name":"Esileht","item":"https:\/\/fonolukk.eu\/et\/koduleht\/"},{"@type":"ListItem","position":2,"name":"Tooted","item":"https:\/\/fonolukk.eu\/et\/shop-2\/"},{"@type":"ListItem","position":3,"name":"Fonolukud","item":"https:\/\/fonolukk.eu\/et\/product-category\/fonolukud\/"},{"@type":"ListItem","position":4,"name":"Rainmann (Laskomex)","item":"https:\/\/fonolukk.eu\/et\/product-category\/fonolukud\/rainmann-laskomex-et-2\/"},{"@type":"ListItem","position":5,"name":"Toiteblokid, aksessuaarid","item":"https:\/\/fonolukk.eu\/et\/product-category\/fonolukud\/rainmann-laskomex-et-2\/toiteblokid-aksessuaarid-et-3\/"},{"@type":"ListItem","position":6,"name":"Vahetid","item":"https:\/\/fonolukk.eu\/et\/product-category\/fonolukud\/rainmann-laskomex-et-2\/toiteblokid-aksessuaarid-et-3\/vahetid\/"},{"@type":"ListItem","position":7,"name":"Videosignaali turustaja CVR-1"}]},{"@type":"WebSite","@id":"https:\/\/fonolukk.eu\/et\/#website","url":"https:\/\/fonolukk.eu\/et\/","name":"Fonolukk eu","description":"Smart Security Systems","publisher":{"@id":"https:\/\/fonolukk.eu\/et\/#organization"},"potentialAction":[{"@type":"SearchAction","target":{"@type":"EntryPoint","urlTemplate":"https:\/\/fonolukk.eu\/et\/?s={search_term_string}"},"query-input":{"@type":"PropertyValueSpecification","valueRequired":true,"valueName":"search_term_string"}}],"inLanguage":"et"},{"@type":"Organization","@id":"https:\/\/fonolukk.eu\/et\/#organization","name":"Smart Security OU","url":"https:\/\/fonolukk.eu\/et\/","logo":{"@type":"ImageObject","inLanguage":"et","@id":"https:\/\/fonolukk.eu\/et\/#\/schema\/logo\/image\/","url":"https:\/\/fonolukk.eu\/wp-content\/uploads\/2023\/09\/fonolukk.png","contentUrl":"https:\/\/fonolukk.eu\/wp-content\/uploads\/2023\/09\/fonolukk.png","width":277,"height":274,"caption":"Smart Security OU"},"image":{"@id":"https:\/\/fonolukk.eu\/et\/#\/schema\/logo\/image\/"},"sameAs":["https:\/\/www.facebook.com\/fonolukk","https:\/\/www.instagram.com\/fonolukk\/?hl=ru"],"publishingPrinciples":"https:\/\/fonolukk.eu\/terms-and-conditions\/","ownershipFundingInfo":"https:\/\/fonolukk.eu\/about-us\/"}]},"product_brand":"Laskomex","product_price_amount":"0.00","product_price_currency":"EUR","og_availability":"instock","product_availability":"instock","product_retailer_item_id":"CVR-1","product_condition":"new"},"_links":{"self":[{"href":"https:\/\/fonolukk.eu\/et\/wp-json\/wp\/v2\/product\/10664","targetHints":{"allow":["GET"]}}],"collection":[{"href":"https:\/\/fonolukk.eu\/et\/wp-json\/wp\/v2\/product"}],"about":[{"href":"https:\/\/fonolukk.eu\/et\/wp-json\/wp\/v2\/types\/product"}],"version-history":[{"count":0,"href":"https:\/\/fonolukk.eu\/et\/wp-json\/wp\/v2\/product\/10664\/revisions"}],"wp:featuredmedia":[{"embeddable":true,"href":"https:\/\/fonolukk.eu\/et\/wp-json\/wp\/v2\/media\/15596"}],"wp:attachment":[{"href":"https:\/\/fonolukk.eu\/et\/wp-json\/wp\/v2\/media?parent=10664"}],"wp:term":[{"taxonomy":"product_brand","embeddable":true,"href":"https:\/\/fonolukk.eu\/et\/wp-json\/wp\/v2\/product_brand?post=10664"},{"taxonomy":"product_cat","embeddable":true,"href":"https:\/\/fonolukk.eu\/et\/wp-json\/wp\/v2\/product_cat?post=10664"},{"taxonomy":"product_tag","embeddable":true,"href":"https:\/\/fonolukk.eu\/et\/wp-json\/wp\/v2\/product_tag?post=10664"}],"curies":[{"name":"wp","href":"https:\/\/api.w.org\/{rel}","templated":true}]}}