{"id":10773,"date":"2021-04-04T00:16:58","date_gmt":"2021-04-03T21:16:58","guid":{"rendered":"https:\/\/fonolukk.eu\/?post_type=product&#038;p=10773"},"modified":"2023-07-26T13:48:39","modified_gmt":"2023-07-26T10:48:39","slug":"dax3-1-pinna-korpus-uks-sektsioon","status":"publish","type":"product","link":"https:\/\/fonolukk.eu\/et\/tooted\/dax3-1-pinna-korpus-uks-sektsioon\/","title":{"rendered":"DAX3-1 pinna korpus, \u00fcks sektsioon"},"content":{"rendered":"<p>\u00dche sektsiooni korpus paneelidele CP-2533NR v\u00f5i CP-3133NR.<\/p>\n","protected":false},"excerpt":{"rendered":"<p>\u00dche sektsiooni korpus paneelidele CP-2533NR v\u00f5i CP-3133NR.<\/p>\n","protected":false},"featured_media":15833,"template":"","meta":[],"product_brand":[],"product_cat":[1406,606,957,908],"product_tag":[],"class_list":{"0":"post-10773","1":"product","2":"type-product","3":"status-publish","4":"has-post-thumbnail","6":"product_cat-visorid","7":"product_cat-fonolukud","8":"product_cat-toiteblokid-aksessuaarid-et-3","9":"product_cat-rainmann-laskomex-et-2","10":"pa_brand-laskomex-et","12":"first","13":"instock","14":"taxable","15":"shipping-taxable","16":"product-type-simple"},"yoast_head":"<!-- This site is optimized with the Yoast SEO Premium plugin v27.3 (Yoast SEO v27.3) - https:\/\/yoast.com\/product\/yoast-seo-premium-wordpress\/ -->\n<title>DAX3-1 pinna korpus, \u00fcks sektsioon - Fonolukk<\/title>\n<meta name=\"description\" content=\"DAX3-1 pinna korpus, \u00fcks sektsioon - Fonolukk\" \/>\n<meta name=\"robots\" content=\"index, follow, max-snippet:-1, max-image-preview:large, max-video-preview:-1\" \/>\n<link rel=\"canonical\" href=\"https:\/\/fonolukk.eu\/et\/tooted\/dax3-1-pinna-korpus-uks-sektsioon\/\" \/>\n<meta property=\"og:locale\" content=\"et_EE\" \/>\n<meta property=\"og:type\" content=\"article\" \/>\n<meta property=\"og:title\" content=\"DAX3-1 pinna korpus, \u00fcks sektsioon\" \/>\n<meta property=\"og:description\" content=\"\u00dche sektsiooni korpus paneelidele CP-2533NR v\u00f5i CP-3133NR.\" \/>\n<meta property=\"og:url\" content=\"https:\/\/fonolukk.eu\/et\/tooted\/dax3-1-pinna-korpus-uks-sektsioon\/\" \/>\n<meta property=\"og:site_name\" content=\"Fonolukk\" \/>\n<meta property=\"article:publisher\" content=\"https:\/\/www.facebook.com\/fonolukk\" \/>\n<meta property=\"article:modified_time\" content=\"2023-07-26T10:48:39+00:00\" \/>\n<meta property=\"og:image\" content=\"https:\/\/fonolukk.eu\/wp-content\/uploads\/2021\/04\/replicate-prediction-g2wc7vrbzgidnhpp765qv7lvou.jpg\" \/>\n\t<meta property=\"og:image:width\" content=\"799\" \/>\n\t<meta property=\"og:image:height\" content=\"749\" \/>\n\t<meta property=\"og:image:type\" content=\"image\/jpeg\" \/>\n<meta name=\"twitter:card\" content=\"summary_large_image\" \/>\n<meta name=\"twitter:label1\" content=\"Hind\" \/>\n\t<meta name=\"twitter:data1\" content=\"\" \/>\n\t<meta name=\"twitter:label2\" content=\"Availability\" \/>\n\t<meta name=\"twitter:data2\" content=\"Laos\" \/>\n<script type=\"application\/ld+json\" class=\"yoast-schema-graph\">{\"@context\":\"https:\\\/\\\/schema.org\",\"@graph\":[{\"@type\":\"WebPage\",\"@id\":\"https:\\\/\\\/fonolukk.eu\\\/et\\\/tooted\\\/dax3-1-pinna-korpus-uks-sektsioon\\\/\",\"url\":\"https:\\\/\\\/fonolukk.eu\\\/et\\\/tooted\\\/dax3-1-pinna-korpus-uks-sektsioon\\\/\",\"name\":\"DAX3-1 pinna korpus, \u00fcks sektsioon - Fonolukk\",\"isPartOf\":{\"@id\":\"https:\\\/\\\/fonolukk.eu\\\/et\\\/#website\"},\"primaryImageOfPage\":{\"@id\":\"https:\\\/\\\/fonolukk.eu\\\/et\\\/tooted\\\/dax3-1-pinna-korpus-uks-sektsioon\\\/#primaryimage\"},\"image\":{\"@id\":\"https:\\\/\\\/fonolukk.eu\\\/et\\\/tooted\\\/dax3-1-pinna-korpus-uks-sektsioon\\\/#primaryimage\"},\"thumbnailUrl\":\"https:\\\/\\\/fonolukk.eu\\\/wp-content\\\/uploads\\\/2021\\\/04\\\/replicate-prediction-g2wc7vrbzgidnhpp765qv7lvou.jpg\",\"datePublished\":\"2021-04-03T21:16:58+00:00\",\"dateModified\":\"2023-07-26T10:48:39+00:00\",\"description\":\"DAX3-1 pinna korpus, \u00fcks sektsioon - Fonolukk\",\"breadcrumb\":{\"@id\":\"https:\\\/\\\/fonolukk.eu\\\/et\\\/tooted\\\/dax3-1-pinna-korpus-uks-sektsioon\\\/#breadcrumb\"},\"inLanguage\":\"et\",\"potentialAction\":[{\"@type\":\"ReadAction\",\"target\":[\"https:\\\/\\\/fonolukk.eu\\\/et\\\/tooted\\\/dax3-1-pinna-korpus-uks-sektsioon\\\/\"]}]},{\"@type\":\"ImageObject\",\"inLanguage\":\"et\",\"@id\":\"https:\\\/\\\/fonolukk.eu\\\/et\\\/tooted\\\/dax3-1-pinna-korpus-uks-sektsioon\\\/#primaryimage\",\"url\":\"https:\\\/\\\/fonolukk.eu\\\/wp-content\\\/uploads\\\/2021\\\/04\\\/replicate-prediction-g2wc7vrbzgidnhpp765qv7lvou.jpg\",\"contentUrl\":\"https:\\\/\\\/fonolukk.eu\\\/wp-content\\\/uploads\\\/2021\\\/04\\\/replicate-prediction-g2wc7vrbzgidnhpp765qv7lvou.jpg\",\"width\":799,\"height\":749},{\"@type\":\"BreadcrumbList\",\"@id\":\"https:\\\/\\\/fonolukk.eu\\\/et\\\/tooted\\\/dax3-1-pinna-korpus-uks-sektsioon\\\/#breadcrumb\",\"itemListElement\":[{\"@type\":\"ListItem\",\"position\":1,\"name\":\"Esileht\",\"item\":\"https:\\\/\\\/fonolukk.eu\\\/et\\\/koduleht\\\/\"},{\"@type\":\"ListItem\",\"position\":2,\"name\":\"Tooted\",\"item\":\"https:\\\/\\\/fonolukk.eu\\\/et\\\/shop-2\\\/\"},{\"@type\":\"ListItem\",\"position\":3,\"name\":\"Fonolukud\",\"item\":\"https:\\\/\\\/fonolukk.eu\\\/et\\\/product-category\\\/fonolukud\\\/\"},{\"@type\":\"ListItem\",\"position\":4,\"name\":\"Rainmann (Laskomex)\",\"item\":\"https:\\\/\\\/fonolukk.eu\\\/et\\\/product-category\\\/fonolukud\\\/rainmann-laskomex-et-2\\\/\"},{\"@type\":\"ListItem\",\"position\":5,\"name\":\"Toiteblokid, aksessuaarid\",\"item\":\"https:\\\/\\\/fonolukk.eu\\\/et\\\/product-category\\\/fonolukud\\\/rainmann-laskomex-et-2\\\/toiteblokid-aksessuaarid-et-3\\\/\"},{\"@type\":\"ListItem\",\"position\":6,\"name\":\"Visorid\",\"item\":\"https:\\\/\\\/fonolukk.eu\\\/et\\\/product-category\\\/fonolukud\\\/rainmann-laskomex-et-2\\\/toiteblokid-aksessuaarid-et-3\\\/visorid\\\/\"},{\"@type\":\"ListItem\",\"position\":7,\"name\":\"DAX3-1 pinna korpus, \u00fcks sektsioon\"}]},{\"@type\":\"WebSite\",\"@id\":\"https:\\\/\\\/fonolukk.eu\\\/et\\\/#website\",\"url\":\"https:\\\/\\\/fonolukk.eu\\\/et\\\/\",\"name\":\"Fonolukk eu\",\"description\":\"Smart Security Systems\",\"publisher\":{\"@id\":\"https:\\\/\\\/fonolukk.eu\\\/et\\\/#organization\"},\"potentialAction\":[{\"@type\":\"SearchAction\",\"target\":{\"@type\":\"EntryPoint\",\"urlTemplate\":\"https:\\\/\\\/fonolukk.eu\\\/et\\\/?s={search_term_string}\"},\"query-input\":{\"@type\":\"PropertyValueSpecification\",\"valueRequired\":true,\"valueName\":\"search_term_string\"}}],\"inLanguage\":\"et\"},{\"@type\":\"Organization\",\"@id\":\"https:\\\/\\\/fonolukk.eu\\\/et\\\/#organization\",\"name\":\"Smart Security OU\",\"url\":\"https:\\\/\\\/fonolukk.eu\\\/et\\\/\",\"logo\":{\"@type\":\"ImageObject\",\"inLanguage\":\"et\",\"@id\":\"https:\\\/\\\/fonolukk.eu\\\/et\\\/#\\\/schema\\\/logo\\\/image\\\/\",\"url\":\"https:\\\/\\\/fonolukk.eu\\\/wp-content\\\/uploads\\\/2023\\\/09\\\/fonolukk.png\",\"contentUrl\":\"https:\\\/\\\/fonolukk.eu\\\/wp-content\\\/uploads\\\/2023\\\/09\\\/fonolukk.png\",\"width\":277,\"height\":274,\"caption\":\"Smart Security OU\"},\"image\":{\"@id\":\"https:\\\/\\\/fonolukk.eu\\\/et\\\/#\\\/schema\\\/logo\\\/image\\\/\"},\"sameAs\":[\"https:\\\/\\\/www.facebook.com\\\/fonolukk\",\"https:\\\/\\\/www.instagram.com\\\/fonolukk\\\/?hl=ru\"],\"publishingPrinciples\":\"https:\\\/\\\/fonolukk.eu\\\/terms-and-conditions\\\/\",\"ownershipFundingInfo\":\"https:\\\/\\\/fonolukk.eu\\\/about-us\\\/\"}]}<\/script>\n<meta property=\"product:brand\" content=\"Laskomex\" \/>\n<meta property=\"product:price:amount\" content=\"0.00\" \/>\n<meta property=\"product:price:currency\" content=\"EUR\" \/>\n<meta property=\"og:availability\" content=\"instock\" \/>\n<meta property=\"product:availability\" content=\"instock\" \/>\n<meta property=\"product:retailer_item_id\" content=\"DAX3-1\" \/>\n<meta property=\"product:condition\" content=\"new\" \/>\n<!-- \/ Yoast SEO Premium plugin. -->","yoast_head_json":{"title":"DAX3-1 pinna korpus, \u00fcks sektsioon - Fonolukk","description":"DAX3-1 pinna korpus, \u00fcks sektsioon - Fonolukk","robots":{"index":"index","follow":"follow","max-snippet":"max-snippet:-1","max-image-preview":"max-image-preview:large","max-video-preview":"max-video-preview:-1"},"canonical":"https:\/\/fonolukk.eu\/et\/tooted\/dax3-1-pinna-korpus-uks-sektsioon\/","og_locale":"et_EE","og_type":"article","og_title":"DAX3-1 pinna korpus, \u00fcks sektsioon","og_description":"\u00dche sektsiooni korpus paneelidele CP-2533NR v\u00f5i CP-3133NR.","og_url":"https:\/\/fonolukk.eu\/et\/tooted\/dax3-1-pinna-korpus-uks-sektsioon\/","og_site_name":"Fonolukk","article_publisher":"https:\/\/www.facebook.com\/fonolukk","article_modified_time":"2023-07-26T10:48:39+00:00","og_image":[{"width":799,"height":749,"url":"https:\/\/fonolukk.eu\/wp-content\/uploads\/2021\/04\/replicate-prediction-g2wc7vrbzgidnhpp765qv7lvou.jpg","type":"image\/jpeg"}],"twitter_card":"summary_large_image","twitter_misc":{"Hind":"","Availability":"Laos"},"schema":{"@context":"https:\/\/schema.org","@graph":[{"@type":"WebPage","@id":"https:\/\/fonolukk.eu\/et\/tooted\/dax3-1-pinna-korpus-uks-sektsioon\/","url":"https:\/\/fonolukk.eu\/et\/tooted\/dax3-1-pinna-korpus-uks-sektsioon\/","name":"DAX3-1 pinna korpus, \u00fcks sektsioon - Fonolukk","isPartOf":{"@id":"https:\/\/fonolukk.eu\/et\/#website"},"primaryImageOfPage":{"@id":"https:\/\/fonolukk.eu\/et\/tooted\/dax3-1-pinna-korpus-uks-sektsioon\/#primaryimage"},"image":{"@id":"https:\/\/fonolukk.eu\/et\/tooted\/dax3-1-pinna-korpus-uks-sektsioon\/#primaryimage"},"thumbnailUrl":"https:\/\/fonolukk.eu\/wp-content\/uploads\/2021\/04\/replicate-prediction-g2wc7vrbzgidnhpp765qv7lvou.jpg","datePublished":"2021-04-03T21:16:58+00:00","dateModified":"2023-07-26T10:48:39+00:00","description":"DAX3-1 pinna korpus, \u00fcks sektsioon - Fonolukk","breadcrumb":{"@id":"https:\/\/fonolukk.eu\/et\/tooted\/dax3-1-pinna-korpus-uks-sektsioon\/#breadcrumb"},"inLanguage":"et","potentialAction":[{"@type":"ReadAction","target":["https:\/\/fonolukk.eu\/et\/tooted\/dax3-1-pinna-korpus-uks-sektsioon\/"]}]},{"@type":"ImageObject","inLanguage":"et","@id":"https:\/\/fonolukk.eu\/et\/tooted\/dax3-1-pinna-korpus-uks-sektsioon\/#primaryimage","url":"https:\/\/fonolukk.eu\/wp-content\/uploads\/2021\/04\/replicate-prediction-g2wc7vrbzgidnhpp765qv7lvou.jpg","contentUrl":"https:\/\/fonolukk.eu\/wp-content\/uploads\/2021\/04\/replicate-prediction-g2wc7vrbzgidnhpp765qv7lvou.jpg","width":799,"height":749},{"@type":"BreadcrumbList","@id":"https:\/\/fonolukk.eu\/et\/tooted\/dax3-1-pinna-korpus-uks-sektsioon\/#breadcrumb","itemListElement":[{"@type":"ListItem","position":1,"name":"Esileht","item":"https:\/\/fonolukk.eu\/et\/koduleht\/"},{"@type":"ListItem","position":2,"name":"Tooted","item":"https:\/\/fonolukk.eu\/et\/shop-2\/"},{"@type":"ListItem","position":3,"name":"Fonolukud","item":"https:\/\/fonolukk.eu\/et\/product-category\/fonolukud\/"},{"@type":"ListItem","position":4,"name":"Rainmann (Laskomex)","item":"https:\/\/fonolukk.eu\/et\/product-category\/fonolukud\/rainmann-laskomex-et-2\/"},{"@type":"ListItem","position":5,"name":"Toiteblokid, aksessuaarid","item":"https:\/\/fonolukk.eu\/et\/product-category\/fonolukud\/rainmann-laskomex-et-2\/toiteblokid-aksessuaarid-et-3\/"},{"@type":"ListItem","position":6,"name":"Visorid","item":"https:\/\/fonolukk.eu\/et\/product-category\/fonolukud\/rainmann-laskomex-et-2\/toiteblokid-aksessuaarid-et-3\/visorid\/"},{"@type":"ListItem","position":7,"name":"DAX3-1 pinna korpus, \u00fcks sektsioon"}]},{"@type":"WebSite","@id":"https:\/\/fonolukk.eu\/et\/#website","url":"https:\/\/fonolukk.eu\/et\/","name":"Fonolukk eu","description":"Smart Security Systems","publisher":{"@id":"https:\/\/fonolukk.eu\/et\/#organization"},"potentialAction":[{"@type":"SearchAction","target":{"@type":"EntryPoint","urlTemplate":"https:\/\/fonolukk.eu\/et\/?s={search_term_string}"},"query-input":{"@type":"PropertyValueSpecification","valueRequired":true,"valueName":"search_term_string"}}],"inLanguage":"et"},{"@type":"Organization","@id":"https:\/\/fonolukk.eu\/et\/#organization","name":"Smart Security OU","url":"https:\/\/fonolukk.eu\/et\/","logo":{"@type":"ImageObject","inLanguage":"et","@id":"https:\/\/fonolukk.eu\/et\/#\/schema\/logo\/image\/","url":"https:\/\/fonolukk.eu\/wp-content\/uploads\/2023\/09\/fonolukk.png","contentUrl":"https:\/\/fonolukk.eu\/wp-content\/uploads\/2023\/09\/fonolukk.png","width":277,"height":274,"caption":"Smart Security OU"},"image":{"@id":"https:\/\/fonolukk.eu\/et\/#\/schema\/logo\/image\/"},"sameAs":["https:\/\/www.facebook.com\/fonolukk","https:\/\/www.instagram.com\/fonolukk\/?hl=ru"],"publishingPrinciples":"https:\/\/fonolukk.eu\/terms-and-conditions\/","ownershipFundingInfo":"https:\/\/fonolukk.eu\/about-us\/"}]},"product_brand":"Laskomex","product_price_amount":"0.00","product_price_currency":"EUR","og_availability":"instock","product_availability":"instock","product_retailer_item_id":"DAX3-1","product_condition":"new"},"_links":{"self":[{"href":"https:\/\/fonolukk.eu\/et\/wp-json\/wp\/v2\/product\/10773","targetHints":{"allow":["GET"]}}],"collection":[{"href":"https:\/\/fonolukk.eu\/et\/wp-json\/wp\/v2\/product"}],"about":[{"href":"https:\/\/fonolukk.eu\/et\/wp-json\/wp\/v2\/types\/product"}],"version-history":[{"count":0,"href":"https:\/\/fonolukk.eu\/et\/wp-json\/wp\/v2\/product\/10773\/revisions"}],"wp:featuredmedia":[{"embeddable":true,"href":"https:\/\/fonolukk.eu\/et\/wp-json\/wp\/v2\/media\/15833"}],"wp:attachment":[{"href":"https:\/\/fonolukk.eu\/et\/wp-json\/wp\/v2\/media?parent=10773"}],"wp:term":[{"taxonomy":"product_brand","embeddable":true,"href":"https:\/\/fonolukk.eu\/et\/wp-json\/wp\/v2\/product_brand?post=10773"},{"taxonomy":"product_cat","embeddable":true,"href":"https:\/\/fonolukk.eu\/et\/wp-json\/wp\/v2\/product_cat?post=10773"},{"taxonomy":"product_tag","embeddable":true,"href":"https:\/\/fonolukk.eu\/et\/wp-json\/wp\/v2\/product_tag?post=10773"}],"curies":[{"name":"wp","href":"https:\/\/api.w.org\/{rel}","templated":true}]}}