{"id":10891,"date":"2021-04-13T22:37:15","date_gmt":"2021-04-13T19:37:15","guid":{"rendered":"https:\/\/fonolukk.eu\/?post_type=product&#038;p=10891"},"modified":"2021-04-13T22:58:13","modified_gmt":"2021-04-13T19:58:13","slug":"20-m-pikkune-wifi-lugeja-jt-8290w","status":"publish","type":"product","link":"https:\/\/fonolukk.eu\/et\/tooted\/20-m-pikkune-wifi-lugeja-jt-8290w\/","title":{"rendered":"20 m pikkune WiFi-lugeja jt-8290w"},"content":{"rendered":"<h3><strong><span><span class=\"\">rakendus:<\/span><\/span><\/strong><\/h3>\n<ul>\n<li><span>s\u00f5idukite haldamine: j\u00e4lgida ja juhtida s\u00f5idukite ja konteinerite transporti<\/span><\/li>\n<\/ul>\n<ul>\n<li><span>tollivormistus: materjalide tollivormistus ja transiit<\/span><\/li>\n<\/ul>\n<ul>\n<li><span>logistikahaldus: kaubavoogude, posti ja pakkide juhtimine<\/span><\/li>\n<\/ul>\n<ul>\n<li><span>tootmise j\u00e4rjestus: detailide kontrollimiseks\u00a0<\/span><span>kogu tootmisprotsessi v\u00e4ltel<\/span><\/li>\n<\/ul>\n<ul>\n<li><span>seadme juhtimine: seadme voolu j\u00e4lgimine<\/span><\/li>\n<\/ul>\n<p>&nbsp;<\/p>\n<div class=\"table-responsive\">\n<table border=\"1\">\n<tbody>\n<tr>\n<td colspan=\"2\"><span>teema number.<\/span><\/td>\n<\/tr>\n<tr>\n<td>jt-8290w<\/td>\n<td><span>RS232, WiFi, \u0412\u0438\u0433\u0430\u043d\u0434<\/span><\/td>\n<\/tr>\n<tr>\n<td>jt-8290b<\/td>\n<td><span>RS232, TCP \/ IP, \u0412\u0438\u0433\u0430\u043d\u0434<\/span><\/td>\n<\/tr>\n<tr>\n<td>jt-8290a<\/td>\n<td><span>RS232, RS485, Wigan<\/span><\/td>\n<\/tr>\n<tr>\n<td>jt-8290g<\/td>\n<td><span>RS232, GPRS, Wiegand<\/span><\/td>\n<\/tr>\n<tr>\n<td colspan=\"2\"><strong><span>j\u00f5udlusparameetrid<\/span><\/strong><\/td>\n<\/tr>\n<tr>\n<td><span>t\u00f6\u00f6sagedus<\/span><\/td>\n<td><span>902 ~ 928 MHz v\u00f5i 865 ~ 868 MHz<\/span><\/td>\n<\/tr>\n<tr>\n<td><span>protokoll<\/span><\/td>\n<td><span>iso18000-6c (epc c1 gen2)<\/span><\/td>\n<\/tr>\n<tr>\n<td><span>RF-toide<\/span><\/td>\n<td><span>0 ~ 30dBm (reguleeritav)<\/span><\/td>\n<\/tr>\n<tr>\n<td><span>tarkvara ja SDK<\/span><\/td>\n<td><span>demo ja C #, vc, vb, java, delph ja t.\u00a0d.,<\/span><\/td>\n<\/tr>\n<tr>\n<td><span>kr\u00fcpteerimine<\/span><\/td>\n<td><span>saab otse kr\u00fcpteerida, kopeerimise v\u00e4ltimine.<\/span><\/td>\n<\/tr>\n<tr>\n<td><span>lugemisulatus<\/span><\/td>\n<td><span>stabiilne lugemisulatus 25 m (s\u00f5ltub sildist ja keskkonnast)<\/span><\/td>\n<\/tr>\n<tr>\n<td><span>t\u00f6\u00f6stuslik piksekaitse<\/span><\/td>\n<td><span>6000 V<\/span><\/td>\n<\/tr>\n<tr>\n<td><span>kaitse madalal temperatuuril<\/span><\/td>\n<td><span>kirdes, loodes \u00e4\u00e4rmiselt k\u00fclm piirkond, kaitse madalate temperatuuride eest<\/span><\/td>\n<\/tr>\n<tr>\n<td><span>sageduse modulatsioon<\/span><\/td>\n<td><span>h\u00fcppamine v\u00f5i fikseeritud sagedus<\/span><\/td>\n<\/tr>\n<tr>\n<td><span>sisend \/ v\u00e4ljund port<\/span><\/td>\n<td><span>kahesuunaline relee v\u00e4ljund (individuaalne), \u00fchesuunaline p\u00e4\u00e4stiku sisend<\/span><\/td>\n<\/tr>\n<tr>\n<td><span>antenni v\u00f5imendus<\/span><\/td>\n<td><span>12dbi polarisatsioon<\/span><\/td>\n<\/tr>\n<tr>\n<td><span>t\u00f6\u00f6viis<\/span><\/td>\n<td><span>helisignaal<\/span><\/td>\n<\/tr>\n<tr>\n<td><span>v\u00f5im<\/span><\/td>\n<td><span>Adapter 12V \/ 3A<\/span><\/td>\n<\/tr>\n<tr>\n<td colspan=\"2\"><strong><span>f\u00fc\u00fcsilised parameetrid:<\/span><\/strong><\/td>\n<\/tr>\n<tr>\n<td><span>objekti suurus<\/span><\/td>\n<td><span>450x450x50 mm<\/span><\/td>\n<\/tr>\n<tr>\n<td><span>Paki suurus<\/span><\/td>\n<td><span>600x480x110 mm<\/span><\/td>\n<\/tr>\n<tr>\n<td><span>v\u00f5rk<\/span><\/td>\n<td><span>5 kg<\/span><\/td>\n<\/tr>\n<tr>\n<td><span>kest materjal<\/span><\/td>\n<td><span>vajutage<\/span><\/td>\n<\/tr>\n<tr>\n<td><span>t\u00f6\u00f6temperatuur<\/span><\/td>\n<td>-20 \u2103 ~ + 65 \u2103<\/td>\n<\/tr>\n<tr>\n<td><span>s\u00e4ilitustemperatuur<\/span><\/td>\n<td>-45 \u2103 ~ + 95 \u2103<\/td>\n<\/tr>\n<\/tbody>\n<\/table>\n<\/div>\n","protected":false},"excerpt":{"rendered":"<p><span>JT-8290 pika kaugusega UHF RFID-lugejat saab rakendada mitmesugustes karmides t\u00f6\u00f6keskkondades, et tagada \u00fchilduvus protokollidega ja kiire lugemine.\u00a0t\u00e4ielik tugi iso-18000-6c (epc c1 gen2) v\u00f5i iso-18000-6c siltidele.\u00a0selle stabiilne lugemiskaugus<\/span><span>25m (s\u00f5ltub sildist ja keskkonnast)<\/span><\/p>\n<p>&nbsp;<\/p>\n","protected":false},"featured_media":10894,"template":"","meta":[],"product_brand":[],"product_cat":[867,866],"product_tag":[],"class_list":{"0":"post-10891","1":"product","2":"type-product","3":"status-publish","4":"has-post-thumbnail","6":"product_cat-lugeja","7":"product_cat-labipaasususteem","8":"pa_brand-ironlogic-et","10":"first","11":"instock","12":"taxable","13":"shipping-taxable","14":"product-type-simple"},"yoast_head":"<!-- This site is optimized with the Yoast SEO Premium plugin v27.3 (Yoast SEO v27.3) - https:\/\/yoast.com\/product\/yoast-seo-premium-wordpress\/ -->\n<title>20 m pikkune WiFi-lugeja jt-8290w - Fonolukk<\/title>\n<meta name=\"description\" content=\"20 m pikkune WiFi-lugeja jt-8290w - Fonolukk 20 m pikkune WiFi-lugeja jt-8290w\" \/>\n<meta name=\"robots\" content=\"index, follow, max-snippet:-1, max-image-preview:large, max-video-preview:-1\" \/>\n<link rel=\"canonical\" href=\"https:\/\/fonolukk.eu\/et\/tooted\/20-m-pikkune-wifi-lugeja-jt-8290w\/\" \/>\n<meta property=\"og:locale\" content=\"et_EE\" \/>\n<meta property=\"og:type\" content=\"article\" \/>\n<meta property=\"og:title\" content=\"20 m pikkune WiFi-lugeja jt-8290w\" \/>\n<meta property=\"og:description\" content=\"JT-8290 pika kaugusega UHF RFID-lugejat saab rakendada mitmesugustes karmides t\u00f6\u00f6keskkondades, et tagada \u00fchilduvus protokollidega ja kiire lugemine.\u00a0t\u00e4ielik tugi iso-18000-6c (epc c1 gen2) v\u00f5i iso-18000-6c siltidele.\u00a0selle stabiilne lugemiskaugus25m (s\u00f5ltub sildist ja keskkonnast)  &nbsp;\" \/>\n<meta property=\"og:url\" content=\"https:\/\/fonolukk.eu\/et\/tooted\/20-m-pikkune-wifi-lugeja-jt-8290w\/\" \/>\n<meta property=\"og:site_name\" content=\"Fonolukk\" \/>\n<meta property=\"article:publisher\" content=\"https:\/\/www.facebook.com\/fonolukk\" \/>\n<meta property=\"article:modified_time\" content=\"2021-04-13T19:58:13+00:00\" \/>\n<meta property=\"og:image\" content=\"https:\/\/fonolukk.eu\/wp-content\/uploads\/2021\/04\/ebc8bf8b16a87b2177e1601b0d66dea6_medium.jpeg\" \/>\n\t<meta property=\"og:image:width\" content=\"800\" \/>\n\t<meta property=\"og:image:height\" content=\"800\" \/>\n\t<meta property=\"og:image:type\" content=\"image\/jpeg\" \/>\n<meta name=\"twitter:card\" content=\"summary_large_image\" \/>\n<meta name=\"twitter:label1\" content=\"Hind\" \/>\n\t<meta name=\"twitter:data1\" content=\"\" \/>\n\t<meta name=\"twitter:label2\" content=\"Availability\" \/>\n\t<meta name=\"twitter:data2\" content=\"Laos\" \/>\n<script type=\"application\/ld+json\" class=\"yoast-schema-graph\">{\"@context\":\"https:\\\/\\\/schema.org\",\"@graph\":[{\"@type\":\"WebPage\",\"@id\":\"https:\\\/\\\/fonolukk.eu\\\/et\\\/tooted\\\/20-m-pikkune-wifi-lugeja-jt-8290w\\\/\",\"url\":\"https:\\\/\\\/fonolukk.eu\\\/et\\\/tooted\\\/20-m-pikkune-wifi-lugeja-jt-8290w\\\/\",\"name\":\"20 m pikkune WiFi-lugeja jt-8290w - Fonolukk\",\"isPartOf\":{\"@id\":\"https:\\\/\\\/fonolukk.eu\\\/et\\\/#website\"},\"primaryImageOfPage\":{\"@id\":\"https:\\\/\\\/fonolukk.eu\\\/et\\\/tooted\\\/20-m-pikkune-wifi-lugeja-jt-8290w\\\/#primaryimage\"},\"image\":{\"@id\":\"https:\\\/\\\/fonolukk.eu\\\/et\\\/tooted\\\/20-m-pikkune-wifi-lugeja-jt-8290w\\\/#primaryimage\"},\"thumbnailUrl\":\"https:\\\/\\\/fonolukk.eu\\\/wp-content\\\/uploads\\\/2021\\\/04\\\/ebc8bf8b16a87b2177e1601b0d66dea6_medium.jpeg\",\"datePublished\":\"2021-04-13T19:37:15+00:00\",\"dateModified\":\"2021-04-13T19:58:13+00:00\",\"description\":\"20 m pikkune WiFi-lugeja jt-8290w - Fonolukk 20 m pikkune WiFi-lugeja jt-8290w\",\"breadcrumb\":{\"@id\":\"https:\\\/\\\/fonolukk.eu\\\/et\\\/tooted\\\/20-m-pikkune-wifi-lugeja-jt-8290w\\\/#breadcrumb\"},\"inLanguage\":\"et\",\"potentialAction\":[{\"@type\":\"ReadAction\",\"target\":[\"https:\\\/\\\/fonolukk.eu\\\/et\\\/tooted\\\/20-m-pikkune-wifi-lugeja-jt-8290w\\\/\"]}]},{\"@type\":\"ImageObject\",\"inLanguage\":\"et\",\"@id\":\"https:\\\/\\\/fonolukk.eu\\\/et\\\/tooted\\\/20-m-pikkune-wifi-lugeja-jt-8290w\\\/#primaryimage\",\"url\":\"https:\\\/\\\/fonolukk.eu\\\/wp-content\\\/uploads\\\/2021\\\/04\\\/ebc8bf8b16a87b2177e1601b0d66dea6_medium.jpeg\",\"contentUrl\":\"https:\\\/\\\/fonolukk.eu\\\/wp-content\\\/uploads\\\/2021\\\/04\\\/ebc8bf8b16a87b2177e1601b0d66dea6_medium.jpeg\",\"width\":800,\"height\":800},{\"@type\":\"BreadcrumbList\",\"@id\":\"https:\\\/\\\/fonolukk.eu\\\/et\\\/tooted\\\/20-m-pikkune-wifi-lugeja-jt-8290w\\\/#breadcrumb\",\"itemListElement\":[{\"@type\":\"ListItem\",\"position\":1,\"name\":\"Esileht\",\"item\":\"https:\\\/\\\/fonolukk.eu\\\/et\\\/koduleht\\\/\"},{\"@type\":\"ListItem\",\"position\":2,\"name\":\"Tooted\",\"item\":\"https:\\\/\\\/fonolukk.eu\\\/et\\\/shop-2\\\/\"},{\"@type\":\"ListItem\",\"position\":3,\"name\":\"L\u00e4bip\u00e4\u00e4sus\u00fcsteem\",\"item\":\"https:\\\/\\\/fonolukk.eu\\\/et\\\/product-category\\\/labipaasususteem\\\/\"},{\"@type\":\"ListItem\",\"position\":4,\"name\":\"Lugeja\",\"item\":\"https:\\\/\\\/fonolukk.eu\\\/et\\\/product-category\\\/labipaasususteem\\\/lugeja\\\/\"},{\"@type\":\"ListItem\",\"position\":5,\"name\":\"20 m pikkune WiFi-lugeja jt-8290w\"}]},{\"@type\":\"WebSite\",\"@id\":\"https:\\\/\\\/fonolukk.eu\\\/et\\\/#website\",\"url\":\"https:\\\/\\\/fonolukk.eu\\\/et\\\/\",\"name\":\"Fonolukk eu\",\"description\":\"Smart Security Systems\",\"publisher\":{\"@id\":\"https:\\\/\\\/fonolukk.eu\\\/et\\\/#organization\"},\"potentialAction\":[{\"@type\":\"SearchAction\",\"target\":{\"@type\":\"EntryPoint\",\"urlTemplate\":\"https:\\\/\\\/fonolukk.eu\\\/et\\\/?s={search_term_string}\"},\"query-input\":{\"@type\":\"PropertyValueSpecification\",\"valueRequired\":true,\"valueName\":\"search_term_string\"}}],\"inLanguage\":\"et\"},{\"@type\":\"Organization\",\"@id\":\"https:\\\/\\\/fonolukk.eu\\\/et\\\/#organization\",\"name\":\"Smart Security OU\",\"url\":\"https:\\\/\\\/fonolukk.eu\\\/et\\\/\",\"logo\":{\"@type\":\"ImageObject\",\"inLanguage\":\"et\",\"@id\":\"https:\\\/\\\/fonolukk.eu\\\/et\\\/#\\\/schema\\\/logo\\\/image\\\/\",\"url\":\"https:\\\/\\\/fonolukk.eu\\\/wp-content\\\/uploads\\\/2023\\\/09\\\/fonolukk.png\",\"contentUrl\":\"https:\\\/\\\/fonolukk.eu\\\/wp-content\\\/uploads\\\/2023\\\/09\\\/fonolukk.png\",\"width\":277,\"height\":274,\"caption\":\"Smart Security OU\"},\"image\":{\"@id\":\"https:\\\/\\\/fonolukk.eu\\\/et\\\/#\\\/schema\\\/logo\\\/image\\\/\"},\"sameAs\":[\"https:\\\/\\\/www.facebook.com\\\/fonolukk\",\"https:\\\/\\\/www.instagram.com\\\/fonolukk\\\/?hl=ru\"],\"publishingPrinciples\":\"https:\\\/\\\/fonolukk.eu\\\/terms-and-conditions\\\/\",\"ownershipFundingInfo\":\"https:\\\/\\\/fonolukk.eu\\\/about-us\\\/\"}]}<\/script>\n<meta property=\"product:brand\" content=\"IronLogic\" \/>\n<meta property=\"product:price:amount\" content=\"0.00\" \/>\n<meta property=\"product:price:currency\" content=\"EUR\" \/>\n<meta property=\"og:availability\" content=\"instock\" \/>\n<meta property=\"product:availability\" content=\"instock\" \/>\n<meta property=\"product:retailer_item_id\" content=\"JT-8290W\" \/>\n<meta property=\"product:condition\" content=\"new\" \/>\n<!-- \/ Yoast SEO Premium plugin. -->","yoast_head_json":{"title":"20 m pikkune WiFi-lugeja jt-8290w - Fonolukk","description":"20 m pikkune WiFi-lugeja jt-8290w - Fonolukk 20 m pikkune WiFi-lugeja jt-8290w","robots":{"index":"index","follow":"follow","max-snippet":"max-snippet:-1","max-image-preview":"max-image-preview:large","max-video-preview":"max-video-preview:-1"},"canonical":"https:\/\/fonolukk.eu\/et\/tooted\/20-m-pikkune-wifi-lugeja-jt-8290w\/","og_locale":"et_EE","og_type":"article","og_title":"20 m pikkune WiFi-lugeja jt-8290w","og_description":"JT-8290 pika kaugusega UHF RFID-lugejat saab rakendada mitmesugustes karmides t\u00f6\u00f6keskkondades, et tagada \u00fchilduvus protokollidega ja kiire lugemine.\u00a0t\u00e4ielik tugi iso-18000-6c (epc c1 gen2) v\u00f5i iso-18000-6c siltidele.\u00a0selle stabiilne lugemiskaugus25m (s\u00f5ltub sildist ja keskkonnast)  &nbsp;","og_url":"https:\/\/fonolukk.eu\/et\/tooted\/20-m-pikkune-wifi-lugeja-jt-8290w\/","og_site_name":"Fonolukk","article_publisher":"https:\/\/www.facebook.com\/fonolukk","article_modified_time":"2021-04-13T19:58:13+00:00","og_image":[{"width":800,"height":800,"url":"https:\/\/fonolukk.eu\/wp-content\/uploads\/2021\/04\/ebc8bf8b16a87b2177e1601b0d66dea6_medium.jpeg","type":"image\/jpeg"}],"twitter_card":"summary_large_image","twitter_misc":{"Hind":"","Availability":"Laos"},"schema":{"@context":"https:\/\/schema.org","@graph":[{"@type":"WebPage","@id":"https:\/\/fonolukk.eu\/et\/tooted\/20-m-pikkune-wifi-lugeja-jt-8290w\/","url":"https:\/\/fonolukk.eu\/et\/tooted\/20-m-pikkune-wifi-lugeja-jt-8290w\/","name":"20 m pikkune WiFi-lugeja jt-8290w - Fonolukk","isPartOf":{"@id":"https:\/\/fonolukk.eu\/et\/#website"},"primaryImageOfPage":{"@id":"https:\/\/fonolukk.eu\/et\/tooted\/20-m-pikkune-wifi-lugeja-jt-8290w\/#primaryimage"},"image":{"@id":"https:\/\/fonolukk.eu\/et\/tooted\/20-m-pikkune-wifi-lugeja-jt-8290w\/#primaryimage"},"thumbnailUrl":"https:\/\/fonolukk.eu\/wp-content\/uploads\/2021\/04\/ebc8bf8b16a87b2177e1601b0d66dea6_medium.jpeg","datePublished":"2021-04-13T19:37:15+00:00","dateModified":"2021-04-13T19:58:13+00:00","description":"20 m pikkune WiFi-lugeja jt-8290w - Fonolukk 20 m pikkune WiFi-lugeja jt-8290w","breadcrumb":{"@id":"https:\/\/fonolukk.eu\/et\/tooted\/20-m-pikkune-wifi-lugeja-jt-8290w\/#breadcrumb"},"inLanguage":"et","potentialAction":[{"@type":"ReadAction","target":["https:\/\/fonolukk.eu\/et\/tooted\/20-m-pikkune-wifi-lugeja-jt-8290w\/"]}]},{"@type":"ImageObject","inLanguage":"et","@id":"https:\/\/fonolukk.eu\/et\/tooted\/20-m-pikkune-wifi-lugeja-jt-8290w\/#primaryimage","url":"https:\/\/fonolukk.eu\/wp-content\/uploads\/2021\/04\/ebc8bf8b16a87b2177e1601b0d66dea6_medium.jpeg","contentUrl":"https:\/\/fonolukk.eu\/wp-content\/uploads\/2021\/04\/ebc8bf8b16a87b2177e1601b0d66dea6_medium.jpeg","width":800,"height":800},{"@type":"BreadcrumbList","@id":"https:\/\/fonolukk.eu\/et\/tooted\/20-m-pikkune-wifi-lugeja-jt-8290w\/#breadcrumb","itemListElement":[{"@type":"ListItem","position":1,"name":"Esileht","item":"https:\/\/fonolukk.eu\/et\/koduleht\/"},{"@type":"ListItem","position":2,"name":"Tooted","item":"https:\/\/fonolukk.eu\/et\/shop-2\/"},{"@type":"ListItem","position":3,"name":"L\u00e4bip\u00e4\u00e4sus\u00fcsteem","item":"https:\/\/fonolukk.eu\/et\/product-category\/labipaasususteem\/"},{"@type":"ListItem","position":4,"name":"Lugeja","item":"https:\/\/fonolukk.eu\/et\/product-category\/labipaasususteem\/lugeja\/"},{"@type":"ListItem","position":5,"name":"20 m pikkune WiFi-lugeja jt-8290w"}]},{"@type":"WebSite","@id":"https:\/\/fonolukk.eu\/et\/#website","url":"https:\/\/fonolukk.eu\/et\/","name":"Fonolukk eu","description":"Smart Security Systems","publisher":{"@id":"https:\/\/fonolukk.eu\/et\/#organization"},"potentialAction":[{"@type":"SearchAction","target":{"@type":"EntryPoint","urlTemplate":"https:\/\/fonolukk.eu\/et\/?s={search_term_string}"},"query-input":{"@type":"PropertyValueSpecification","valueRequired":true,"valueName":"search_term_string"}}],"inLanguage":"et"},{"@type":"Organization","@id":"https:\/\/fonolukk.eu\/et\/#organization","name":"Smart Security OU","url":"https:\/\/fonolukk.eu\/et\/","logo":{"@type":"ImageObject","inLanguage":"et","@id":"https:\/\/fonolukk.eu\/et\/#\/schema\/logo\/image\/","url":"https:\/\/fonolukk.eu\/wp-content\/uploads\/2023\/09\/fonolukk.png","contentUrl":"https:\/\/fonolukk.eu\/wp-content\/uploads\/2023\/09\/fonolukk.png","width":277,"height":274,"caption":"Smart Security OU"},"image":{"@id":"https:\/\/fonolukk.eu\/et\/#\/schema\/logo\/image\/"},"sameAs":["https:\/\/www.facebook.com\/fonolukk","https:\/\/www.instagram.com\/fonolukk\/?hl=ru"],"publishingPrinciples":"https:\/\/fonolukk.eu\/terms-and-conditions\/","ownershipFundingInfo":"https:\/\/fonolukk.eu\/about-us\/"}]},"product_brand":"IronLogic","product_price_amount":"0.00","product_price_currency":"EUR","og_availability":"instock","product_availability":"instock","product_retailer_item_id":"JT-8290W","product_condition":"new"},"_links":{"self":[{"href":"https:\/\/fonolukk.eu\/et\/wp-json\/wp\/v2\/product\/10891","targetHints":{"allow":["GET"]}}],"collection":[{"href":"https:\/\/fonolukk.eu\/et\/wp-json\/wp\/v2\/product"}],"about":[{"href":"https:\/\/fonolukk.eu\/et\/wp-json\/wp\/v2\/types\/product"}],"version-history":[{"count":0,"href":"https:\/\/fonolukk.eu\/et\/wp-json\/wp\/v2\/product\/10891\/revisions"}],"wp:featuredmedia":[{"embeddable":true,"href":"https:\/\/fonolukk.eu\/et\/wp-json\/wp\/v2\/media\/10894"}],"wp:attachment":[{"href":"https:\/\/fonolukk.eu\/et\/wp-json\/wp\/v2\/media?parent=10891"}],"wp:term":[{"taxonomy":"product_brand","embeddable":true,"href":"https:\/\/fonolukk.eu\/et\/wp-json\/wp\/v2\/product_brand?post=10891"},{"taxonomy":"product_cat","embeddable":true,"href":"https:\/\/fonolukk.eu\/et\/wp-json\/wp\/v2\/product_cat?post=10891"},{"taxonomy":"product_tag","embeddable":true,"href":"https:\/\/fonolukk.eu\/et\/wp-json\/wp\/v2\/product_tag?post=10891"}],"curies":[{"name":"wp","href":"https:\/\/api.w.org\/{rel}","templated":true}]}}