{"id":10914,"date":"2021-04-14T12:40:40","date_gmt":"2021-04-14T09:40:40","guid":{"rendered":"https:\/\/fonolukk.eu\/?post_type=product&#038;p=10914"},"modified":"2025-03-14T11:13:37","modified_gmt":"2025-03-14T09:13:37","slug":"sisseehitatud-mifare-lugejaga-acs-vorgu-kontroller-matrix-vi","status":"publish","type":"product","link":"https:\/\/fonolukk.eu\/et\/tooted\/sisseehitatud-mifare-lugejaga-acs-vorgu-kontroller-matrix-vi\/","title":{"rendered":"Sisseehitatud Mifare-lugejaga ACS-v\u00f5rgu kontroller Matrix-VI"},"content":{"rendered":"<h2>Spetsifikatsioonid:<\/h2>\n<ul>\n<li>T\u00f6\u00f6sagedus: 13,56 MHz<\/li>\n<li>Identifikaatoritega t\u00f6\u00f6tamine: Mifare Ultralight, Mifare Standard (Classic) 1K ja 4K, Mifare ID, Mifare Plus<\/li>\n<li>Lugemiskaugus: kuni 6 cm<\/li>\n<li>V\u00f5tmete arv: 8168 tk.<\/li>\n<li>Meenutatavate s\u00fcndmuste arv: 8192<\/li>\n<li>Lugeja suhtlusliides: Dallas TM (iButton), Wiegand 26\/34\/42\/50\/58<\/li>\n<li>Side liides: RS-485<\/li>\n<li>Maksimaalne liini pikkus lugejast kontrollerini:<\/li>\n<li>&#8211; Dallase puutem\u00e4lu: mitte \u00fcle 15 m<\/li>\n<li>&#8211; Wiegand: mitte \u00fcle 100 m<\/li>\n<li>&#8211; RS-485: mitte \u00fcle 1200 m<\/li>\n<li>H\u00fcppa lukut\u00fc\u00fcbi valimiseks: jah<\/li>\n<li>T\u00e4ituri t\u00fc\u00fcp: elektromehaaniline \/ elektromagnetiline lukustus<\/li>\n<li>T\u00f6\u00f6re\u017eiimide valgus ja heli: jah<\/li>\n<li>Luku avamise kestuse m\u00e4\u00e4ramine: 0 kuni 25,5 s<\/li>\n<li>V\u00e4ljund: \u041c\u0414\u041f transistor 1tk.<\/li>\n<li>Toitepinge: 8-27V<\/li>\n<li>Tarbimisvool (maksimaalselt 12 V juures): kuni 180 mA<\/li>\n<li>L\u00fclitusvool: 5A<\/li>\n<li>Kaitse vale lisamise eest: jah<\/li>\n<li>T\u00f6\u00f6temperatuur: -40 \u00b0 C + 50 \u00b0 C<\/li>\n<li>M\u00f5\u00f5tmed (mm): 110x47x23<\/li>\n<\/ul>\n<hr \/>\n<div class=\"cont_dop\">\n<div class=\"contr_tab h_act\">\n<div class=\"t_col\">T\u00f6\u00f6re\u017eiimid<\/div>\n<div class=\"t_sub\">\n<p><b>Tavaline re\u017eiim &#8211;\u00a0<\/b>\u00a0v\u00f5imaldab l\u00e4bida lihtsaid ja blokeerivaid v\u00f5tmeid.<\/p>\n<p><b>ACCEPT re\u017eiim\u00a0<\/b>\u00a0&#8211; v\u00f5imaldab taastada v\u00f5tmebaasi.\u00a0ACCEPT re\u017eiimis lubab kontroller juurdep\u00e4\u00e4su k\u00f5igile toodud v\u00f5tmetele ja sisestab samal ajal nende m\u00e4llu nende ID.\u00a0Seega moodustab kontroller p\u00e4rast mitu p\u00e4eva t\u00f6\u00f6tamist re\u017eiimis ACCEPT uue v\u00f5tmebaasi.<\/p>\n<p><b>TRIGGER-re\u017eiim\u00a0<\/b>\u00a0&#8211; lukustuse juhtimine: sisse \/ v\u00e4lja.\u00a0\u00dcks klahvivajutus &#8211; lukk on suletud;\u00a0klahvi teine \u200b\u200bpuudutus &#8211; lukk on avatud.\u00a0TRIGGER-re\u017eiim on mugav juhtudel, kui on vaja teatud aja jooksul (t\u00f6\u00f6p\u00e4ev, vaheaeg jne) uks avada v\u00f5i blokeerida.<\/p>\n<p><b>Blokeerimisre\u017eiim<\/b>\u00a0\u00a0&#8211; l\u00e4bip\u00e4\u00e4s avatakse klahvide blokeerimisega, l\u00e4bip\u00e4\u00e4s suletakse lihtsate klahvidega.\u00a0<strong>Vaba l\u00e4bimise<\/strong><\/p>\n<p>re\u017eiim\u00a0\u00a0&#8211; lukk on alati pingeta.\u00a0<strong>Kontrolleri<\/strong><\/p>\n<p>re\u017eiim\u00a0\u00a0\u00a0&#8211; seade t\u00f6\u00f6tab koos lugeriga kontrollerina.\u00a0<strong>Lugeja<\/strong> re\u017eiim\u00a0\u00a0\u00a0&#8211; seade t\u00f6\u00f6tab ainult lugeja.<\/p>\n<\/div>\n<div><div class='w3eden'><!-- WPDM Link Template: Default Template -->\n\n<div class=\"link-template-default card mb-2\">\n    <div class=\"card-body\">\n        <div class=\"media\">\n            <div class=\"mr-3 img-48\"><img decoding=\"async\" class=\"wpdm_icon\" alt=\"Icon\"   src=\"https:\/\/fonolukk.eu\/wp-content\/plugins\/download-manager\/assets\/file-type-icons\/pdf.svg\" \/><\/div>\n            <div class=\"media-body\">\n                <h3 class=\"package-title\"><a href='https:\/\/fonolukk.eu\/download\/matrix-vi-est\/'>Matrix-VI (Est)<\/a><\/h3>\n                <div class=\"text-muted text-small\"><i class=\"fas fa-copy\"><\/i> 1 file(s) <i class=\"fas fa-hdd ml-3\"><\/i> 141.11 KB<\/div>\n            <\/div>\n            <div class=\"ml-3\">\n                <a class='wpdm-download-link download-on-click btn btn-primary ' rel='nofollow' href='#' data-downloadurl=\"https:\/\/fonolukk.eu\/download\/matrix-vi-est\/?wpdmdl=19868&refresh=69ee272c346ef1777215276\">Lae<\/a>\n            <\/div>\n        <\/div>\n    <\/div>\n<\/div>\n\n<\/div><\/div>\n<div><div class='w3eden'><!-- WPDM Link Template: Default Template -->\n\n<div class=\"link-template-default card mb-2\">\n    <div class=\"card-body\">\n        <div class=\"media\">\n            <div class=\"mr-3 img-48\"><img decoding=\"async\" class=\"wpdm_icon\" alt=\"Icon\"   src=\"https:\/\/fonolukk.eu\/wp-content\/plugins\/download-manager\/assets\/file-type-icons\/pdf.svg\" \/><\/div>\n            <div class=\"media-body\">\n                <h3 class=\"package-title\"><a href='https:\/\/fonolukk.eu\/download\/matrix-vi-est-2\/'>Matrix-VI (Est)<\/a><\/h3>\n                <div class=\"text-muted text-small\"><i class=\"fas fa-copy\"><\/i> 1 file(s) <i class=\"fas fa-hdd ml-3\"><\/i> 141.11 KB<\/div>\n            <\/div>\n            <div class=\"ml-3\">\n                <a class='wpdm-download-link download-on-click btn btn-primary ' rel='nofollow' href='#' data-downloadurl=\"https:\/\/fonolukk.eu\/download\/matrix-vi-est-2\/?wpdmdl=19870&refresh=69ee272c362591777215276\">Lae<\/a>\n            <\/div>\n        <\/div>\n    <\/div>\n<\/div>\n\n<\/div><\/div>\n<\/div>\n<\/div>\n","protected":false},"excerpt":{"rendered":"<div>\n<h3>Peamised omadused:<\/h3>\n<div>\n<ul>\n<li style=\"text-align: left;\">Sisseehitatud Mifare lugeja<\/li>\n<li style=\"text-align: left;\">P\u00fcsivara v\u00e4rskendamine ja seadistamine nutitelefoni abil<\/li>\n<li style=\"text-align: left;\">Nutitelefonis l\u00e4bimine<\/li>\n<li style=\"text-align: left;\">Niiskus- ja tolmukindel korpus<\/li>\n<li style=\"text-align: left;\">Kiire paigaldamine ja \u00fchendamine<\/li>\n<li style=\"text-align: left;\">Eraldi ja v\u00f5rgu t\u00f6\u00f6<\/li>\n<li style=\"text-align: left;\">Vale \u00fchenduskaitse<\/li>\n<li style=\"text-align: left;\">Luku t\u00fc\u00fcbi valimine<\/li>\n<li style=\"text-align: left;\">Kontrolleri \/ lugeja re\u017eiim<\/li>\n<li style=\"text-align: left;\"><span class=\"\">Tavaline \/ VASTU \/ TRIGGER \/ Lukusta \/ Vaba p\u00e4\u00e4s<\/span><\/li>\n<\/ul>\n<\/div>\n<\/div>\n","protected":false},"featured_media":10923,"template":"","meta":[],"product_brand":[],"product_cat":[870,1480,866],"product_tag":[],"class_list":{"0":"post-10914","1":"product","2":"type-product","3":"status-publish","4":"has-post-thumbnail","6":"product_cat-kontroller","7":"product_cat-network-kontroller","8":"product_cat-labipaasususteem","9":"pa_brand-ironlogic-et","11":"first","12":"instock","13":"taxable","14":"shipping-taxable","15":"purchasable","16":"product-type-simple"},"yoast_head":"<!-- This site is optimized with the Yoast SEO Premium plugin v27.3 (Yoast SEO v27.3) - https:\/\/yoast.com\/product\/yoast-seo-premium-wordpress\/ -->\n<title>Sisseehitatud Mifare-lugejaga ACS-v\u00f5rgu kontroller Matrix-VI - Fonolukk<\/title>\n<meta name=\"description\" content=\"RFID-kontroller (13,56 MHz) Mifare ID-dele. Toetab lukke, re\u017eiime ja RS-485, Wiegand, Dallas TM liideseid.\" \/>\n<meta name=\"robots\" content=\"index, follow, max-snippet:-1, max-image-preview:large, max-video-preview:-1\" \/>\n<link rel=\"canonical\" href=\"https:\/\/fonolukk.eu\/et\/tooted\/sisseehitatud-mifare-lugejaga-acs-vorgu-kontroller-matrix-vi\/\" \/>\n<meta property=\"og:locale\" content=\"et_EE\" \/>\n<meta property=\"og:type\" content=\"article\" \/>\n<meta property=\"og:title\" content=\"Sisseehitatud Mifare-lugejaga ACS-v\u00f5rgu kontroller Matrix-VI\" \/>\n<meta property=\"og:description\" content=\"Peamised omadused:    Sisseehitatud Mifare lugeja  P\u00fcsivara v\u00e4rskendamine ja seadistamine nutitelefoni abil  Nutitelefonis l\u00e4bimine  Niiskus- ja tolmukindel korpus  Kiire paigaldamine ja \u00fchendamine  Eraldi ja v\u00f5rgu t\u00f6\u00f6  Vale \u00fchenduskaitse  Luku t\u00fc\u00fcbi valimine  Kontrolleri \/ lugeja re\u017eiim  Tavaline \/ VASTU \/ TRIGGER \/ Lukusta \/ Vaba p\u00e4\u00e4s\" \/>\n<meta property=\"og:url\" content=\"https:\/\/fonolukk.eu\/et\/tooted\/sisseehitatud-mifare-lugejaga-acs-vorgu-kontroller-matrix-vi\/\" \/>\n<meta property=\"og:site_name\" content=\"Fonolukk\" \/>\n<meta property=\"article:publisher\" content=\"https:\/\/www.facebook.com\/fonolukk\" \/>\n<meta property=\"article:modified_time\" content=\"2025-03-14T09:13:37+00:00\" \/>\n<meta property=\"og:image\" content=\"https:\/\/fonolukk.eu\/wp-content\/uploads\/2021\/04\/matrixvi_2.jpg\" \/>\n\t<meta property=\"og:image:width\" content=\"901\" \/>\n\t<meta property=\"og:image:height\" content=\"705\" \/>\n\t<meta property=\"og:image:type\" content=\"image\/jpeg\" \/>\n<meta name=\"twitter:card\" content=\"summary_large_image\" \/>\n<meta name=\"twitter:label1\" content=\"Hind\" \/>\n\t<meta name=\"twitter:data1\" content=\"&euro;72.95 koos KM\" \/>\n\t<meta name=\"twitter:label2\" content=\"Availability\" \/>\n\t<meta name=\"twitter:data2\" content=\"Laos\" \/>\n<script type=\"application\/ld+json\" class=\"yoast-schema-graph\">{\"@context\":\"https:\\\/\\\/schema.org\",\"@graph\":[{\"@type\":\"WebPage\",\"@id\":\"https:\\\/\\\/fonolukk.eu\\\/et\\\/tooted\\\/sisseehitatud-mifare-lugejaga-acs-vorgu-kontroller-matrix-vi\\\/\",\"url\":\"https:\\\/\\\/fonolukk.eu\\\/et\\\/tooted\\\/sisseehitatud-mifare-lugejaga-acs-vorgu-kontroller-matrix-vi\\\/\",\"name\":\"Sisseehitatud Mifare-lugejaga ACS-v\u00f5rgu kontroller Matrix-VI - Fonolukk\",\"isPartOf\":{\"@id\":\"https:\\\/\\\/fonolukk.eu\\\/et\\\/#website\"},\"primaryImageOfPage\":{\"@id\":\"https:\\\/\\\/fonolukk.eu\\\/et\\\/tooted\\\/sisseehitatud-mifare-lugejaga-acs-vorgu-kontroller-matrix-vi\\\/#primaryimage\"},\"image\":{\"@id\":\"https:\\\/\\\/fonolukk.eu\\\/et\\\/tooted\\\/sisseehitatud-mifare-lugejaga-acs-vorgu-kontroller-matrix-vi\\\/#primaryimage\"},\"thumbnailUrl\":\"https:\\\/\\\/fonolukk.eu\\\/wp-content\\\/uploads\\\/2021\\\/04\\\/matrixvi_2.jpg\",\"datePublished\":\"2021-04-14T09:40:40+00:00\",\"dateModified\":\"2025-03-14T09:13:37+00:00\",\"description\":\"RFID-kontroller (13,56 MHz) Mifare ID-dele. Toetab lukke, re\u017eiime ja RS-485, Wiegand, Dallas TM liideseid.\",\"breadcrumb\":{\"@id\":\"https:\\\/\\\/fonolukk.eu\\\/et\\\/tooted\\\/sisseehitatud-mifare-lugejaga-acs-vorgu-kontroller-matrix-vi\\\/#breadcrumb\"},\"inLanguage\":\"et\",\"potentialAction\":[{\"@type\":\"ReadAction\",\"target\":[\"https:\\\/\\\/fonolukk.eu\\\/et\\\/tooted\\\/sisseehitatud-mifare-lugejaga-acs-vorgu-kontroller-matrix-vi\\\/\"]}]},{\"@type\":\"ImageObject\",\"inLanguage\":\"et\",\"@id\":\"https:\\\/\\\/fonolukk.eu\\\/et\\\/tooted\\\/sisseehitatud-mifare-lugejaga-acs-vorgu-kontroller-matrix-vi\\\/#primaryimage\",\"url\":\"https:\\\/\\\/fonolukk.eu\\\/wp-content\\\/uploads\\\/2021\\\/04\\\/matrixvi_2.jpg\",\"contentUrl\":\"https:\\\/\\\/fonolukk.eu\\\/wp-content\\\/uploads\\\/2021\\\/04\\\/matrixvi_2.jpg\",\"width\":901,\"height\":705},{\"@type\":\"BreadcrumbList\",\"@id\":\"https:\\\/\\\/fonolukk.eu\\\/et\\\/tooted\\\/sisseehitatud-mifare-lugejaga-acs-vorgu-kontroller-matrix-vi\\\/#breadcrumb\",\"itemListElement\":[{\"@type\":\"ListItem\",\"position\":1,\"name\":\"Esileht\",\"item\":\"https:\\\/\\\/fonolukk.eu\\\/et\\\/koduleht\\\/\"},{\"@type\":\"ListItem\",\"position\":2,\"name\":\"Tooted\",\"item\":\"https:\\\/\\\/fonolukk.eu\\\/et\\\/shop-2\\\/\"},{\"@type\":\"ListItem\",\"position\":3,\"name\":\"L\u00e4bip\u00e4\u00e4sus\u00fcsteem\",\"item\":\"https:\\\/\\\/fonolukk.eu\\\/et\\\/product-category\\\/labipaasususteem\\\/\"},{\"@type\":\"ListItem\",\"position\":4,\"name\":\"Sisseehitatud Mifare-lugejaga ACS-v\u00f5rgu kontroller Matrix-VI\"}]},{\"@type\":\"WebSite\",\"@id\":\"https:\\\/\\\/fonolukk.eu\\\/et\\\/#website\",\"url\":\"https:\\\/\\\/fonolukk.eu\\\/et\\\/\",\"name\":\"Fonolukk eu\",\"description\":\"Smart Security Systems\",\"publisher\":{\"@id\":\"https:\\\/\\\/fonolukk.eu\\\/et\\\/#organization\"},\"potentialAction\":[{\"@type\":\"SearchAction\",\"target\":{\"@type\":\"EntryPoint\",\"urlTemplate\":\"https:\\\/\\\/fonolukk.eu\\\/et\\\/?s={search_term_string}\"},\"query-input\":{\"@type\":\"PropertyValueSpecification\",\"valueRequired\":true,\"valueName\":\"search_term_string\"}}],\"inLanguage\":\"et\"},{\"@type\":\"Organization\",\"@id\":\"https:\\\/\\\/fonolukk.eu\\\/et\\\/#organization\",\"name\":\"Smart Security OU\",\"url\":\"https:\\\/\\\/fonolukk.eu\\\/et\\\/\",\"logo\":{\"@type\":\"ImageObject\",\"inLanguage\":\"et\",\"@id\":\"https:\\\/\\\/fonolukk.eu\\\/et\\\/#\\\/schema\\\/logo\\\/image\\\/\",\"url\":\"https:\\\/\\\/fonolukk.eu\\\/wp-content\\\/uploads\\\/2023\\\/09\\\/fonolukk.png\",\"contentUrl\":\"https:\\\/\\\/fonolukk.eu\\\/wp-content\\\/uploads\\\/2023\\\/09\\\/fonolukk.png\",\"width\":277,\"height\":274,\"caption\":\"Smart Security OU\"},\"image\":{\"@id\":\"https:\\\/\\\/fonolukk.eu\\\/et\\\/#\\\/schema\\\/logo\\\/image\\\/\"},\"sameAs\":[\"https:\\\/\\\/www.facebook.com\\\/fonolukk\",\"https:\\\/\\\/www.instagram.com\\\/fonolukk\\\/?hl=ru\"],\"publishingPrinciples\":\"https:\\\/\\\/fonolukk.eu\\\/terms-and-conditions\\\/\",\"ownershipFundingInfo\":\"https:\\\/\\\/fonolukk.eu\\\/about-us\\\/\"}]}<\/script>\n<meta property=\"product:brand\" content=\"IronLogic\" \/>\n<meta property=\"product:price:amount\" content=\"72.95\" \/>\n<meta property=\"product:price:currency\" content=\"EUR\" \/>\n<meta property=\"og:availability\" content=\"instock\" \/>\n<meta property=\"product:availability\" content=\"instock\" \/>\n<meta property=\"product:retailer_item_id\" content=\"Matrix-VI\" \/>\n<meta property=\"product:condition\" content=\"new\" \/>\n<!-- \/ Yoast SEO Premium plugin. -->","yoast_head_json":{"title":"Sisseehitatud Mifare-lugejaga ACS-v\u00f5rgu kontroller Matrix-VI - Fonolukk","description":"RFID-kontroller (13,56 MHz) Mifare ID-dele. Toetab lukke, re\u017eiime ja RS-485, Wiegand, Dallas TM liideseid.","robots":{"index":"index","follow":"follow","max-snippet":"max-snippet:-1","max-image-preview":"max-image-preview:large","max-video-preview":"max-video-preview:-1"},"canonical":"https:\/\/fonolukk.eu\/et\/tooted\/sisseehitatud-mifare-lugejaga-acs-vorgu-kontroller-matrix-vi\/","og_locale":"et_EE","og_type":"article","og_title":"Sisseehitatud Mifare-lugejaga ACS-v\u00f5rgu kontroller Matrix-VI","og_description":"Peamised omadused:    Sisseehitatud Mifare lugeja  P\u00fcsivara v\u00e4rskendamine ja seadistamine nutitelefoni abil  Nutitelefonis l\u00e4bimine  Niiskus- ja tolmukindel korpus  Kiire paigaldamine ja \u00fchendamine  Eraldi ja v\u00f5rgu t\u00f6\u00f6  Vale \u00fchenduskaitse  Luku t\u00fc\u00fcbi valimine  Kontrolleri \/ lugeja re\u017eiim  Tavaline \/ VASTU \/ TRIGGER \/ Lukusta \/ Vaba p\u00e4\u00e4s","og_url":"https:\/\/fonolukk.eu\/et\/tooted\/sisseehitatud-mifare-lugejaga-acs-vorgu-kontroller-matrix-vi\/","og_site_name":"Fonolukk","article_publisher":"https:\/\/www.facebook.com\/fonolukk","article_modified_time":"2025-03-14T09:13:37+00:00","og_image":[{"width":901,"height":705,"url":"https:\/\/fonolukk.eu\/wp-content\/uploads\/2021\/04\/matrixvi_2.jpg","type":"image\/jpeg"}],"twitter_card":"summary_large_image","twitter_misc":{"Hind":"&euro;72.95 koos KM","Availability":"Laos"},"schema":{"@context":"https:\/\/schema.org","@graph":[{"@type":"WebPage","@id":"https:\/\/fonolukk.eu\/et\/tooted\/sisseehitatud-mifare-lugejaga-acs-vorgu-kontroller-matrix-vi\/","url":"https:\/\/fonolukk.eu\/et\/tooted\/sisseehitatud-mifare-lugejaga-acs-vorgu-kontroller-matrix-vi\/","name":"Sisseehitatud Mifare-lugejaga ACS-v\u00f5rgu kontroller Matrix-VI - Fonolukk","isPartOf":{"@id":"https:\/\/fonolukk.eu\/et\/#website"},"primaryImageOfPage":{"@id":"https:\/\/fonolukk.eu\/et\/tooted\/sisseehitatud-mifare-lugejaga-acs-vorgu-kontroller-matrix-vi\/#primaryimage"},"image":{"@id":"https:\/\/fonolukk.eu\/et\/tooted\/sisseehitatud-mifare-lugejaga-acs-vorgu-kontroller-matrix-vi\/#primaryimage"},"thumbnailUrl":"https:\/\/fonolukk.eu\/wp-content\/uploads\/2021\/04\/matrixvi_2.jpg","datePublished":"2021-04-14T09:40:40+00:00","dateModified":"2025-03-14T09:13:37+00:00","description":"RFID-kontroller (13,56 MHz) Mifare ID-dele. Toetab lukke, re\u017eiime ja RS-485, Wiegand, Dallas TM liideseid.","breadcrumb":{"@id":"https:\/\/fonolukk.eu\/et\/tooted\/sisseehitatud-mifare-lugejaga-acs-vorgu-kontroller-matrix-vi\/#breadcrumb"},"inLanguage":"et","potentialAction":[{"@type":"ReadAction","target":["https:\/\/fonolukk.eu\/et\/tooted\/sisseehitatud-mifare-lugejaga-acs-vorgu-kontroller-matrix-vi\/"]}]},{"@type":"ImageObject","inLanguage":"et","@id":"https:\/\/fonolukk.eu\/et\/tooted\/sisseehitatud-mifare-lugejaga-acs-vorgu-kontroller-matrix-vi\/#primaryimage","url":"https:\/\/fonolukk.eu\/wp-content\/uploads\/2021\/04\/matrixvi_2.jpg","contentUrl":"https:\/\/fonolukk.eu\/wp-content\/uploads\/2021\/04\/matrixvi_2.jpg","width":901,"height":705},{"@type":"BreadcrumbList","@id":"https:\/\/fonolukk.eu\/et\/tooted\/sisseehitatud-mifare-lugejaga-acs-vorgu-kontroller-matrix-vi\/#breadcrumb","itemListElement":[{"@type":"ListItem","position":1,"name":"Esileht","item":"https:\/\/fonolukk.eu\/et\/koduleht\/"},{"@type":"ListItem","position":2,"name":"Tooted","item":"https:\/\/fonolukk.eu\/et\/shop-2\/"},{"@type":"ListItem","position":3,"name":"L\u00e4bip\u00e4\u00e4sus\u00fcsteem","item":"https:\/\/fonolukk.eu\/et\/product-category\/labipaasususteem\/"},{"@type":"ListItem","position":4,"name":"Sisseehitatud Mifare-lugejaga ACS-v\u00f5rgu kontroller Matrix-VI"}]},{"@type":"WebSite","@id":"https:\/\/fonolukk.eu\/et\/#website","url":"https:\/\/fonolukk.eu\/et\/","name":"Fonolukk eu","description":"Smart Security Systems","publisher":{"@id":"https:\/\/fonolukk.eu\/et\/#organization"},"potentialAction":[{"@type":"SearchAction","target":{"@type":"EntryPoint","urlTemplate":"https:\/\/fonolukk.eu\/et\/?s={search_term_string}"},"query-input":{"@type":"PropertyValueSpecification","valueRequired":true,"valueName":"search_term_string"}}],"inLanguage":"et"},{"@type":"Organization","@id":"https:\/\/fonolukk.eu\/et\/#organization","name":"Smart Security OU","url":"https:\/\/fonolukk.eu\/et\/","logo":{"@type":"ImageObject","inLanguage":"et","@id":"https:\/\/fonolukk.eu\/et\/#\/schema\/logo\/image\/","url":"https:\/\/fonolukk.eu\/wp-content\/uploads\/2023\/09\/fonolukk.png","contentUrl":"https:\/\/fonolukk.eu\/wp-content\/uploads\/2023\/09\/fonolukk.png","width":277,"height":274,"caption":"Smart Security OU"},"image":{"@id":"https:\/\/fonolukk.eu\/et\/#\/schema\/logo\/image\/"},"sameAs":["https:\/\/www.facebook.com\/fonolukk","https:\/\/www.instagram.com\/fonolukk\/?hl=ru"],"publishingPrinciples":"https:\/\/fonolukk.eu\/terms-and-conditions\/","ownershipFundingInfo":"https:\/\/fonolukk.eu\/about-us\/"}]},"product_brand":"IronLogic","product_price_amount":"72.95","product_price_currency":"EUR","og_availability":"instock","product_availability":"instock","product_retailer_item_id":"Matrix-VI","product_condition":"new"},"_links":{"self":[{"href":"https:\/\/fonolukk.eu\/et\/wp-json\/wp\/v2\/product\/10914","targetHints":{"allow":["GET"]}}],"collection":[{"href":"https:\/\/fonolukk.eu\/et\/wp-json\/wp\/v2\/product"}],"about":[{"href":"https:\/\/fonolukk.eu\/et\/wp-json\/wp\/v2\/types\/product"}],"version-history":[{"count":2,"href":"https:\/\/fonolukk.eu\/et\/wp-json\/wp\/v2\/product\/10914\/revisions"}],"predecessor-version":[{"id":19872,"href":"https:\/\/fonolukk.eu\/et\/wp-json\/wp\/v2\/product\/10914\/revisions\/19872"}],"wp:featuredmedia":[{"embeddable":true,"href":"https:\/\/fonolukk.eu\/et\/wp-json\/wp\/v2\/media\/10923"}],"wp:attachment":[{"href":"https:\/\/fonolukk.eu\/et\/wp-json\/wp\/v2\/media?parent=10914"}],"wp:term":[{"taxonomy":"product_brand","embeddable":true,"href":"https:\/\/fonolukk.eu\/et\/wp-json\/wp\/v2\/product_brand?post=10914"},{"taxonomy":"product_cat","embeddable":true,"href":"https:\/\/fonolukk.eu\/et\/wp-json\/wp\/v2\/product_cat?post=10914"},{"taxonomy":"product_tag","embeddable":true,"href":"https:\/\/fonolukk.eu\/et\/wp-json\/wp\/v2\/product_tag?post=10914"}],"curies":[{"name":"wp","href":"https:\/\/api.w.org\/{rel}","templated":true}]}}