{"id":10927,"date":"2021-04-14T21:42:45","date_gmt":"2021-04-14T18:42:45","guid":{"rendered":"https:\/\/fonolukk.eu\/?post_type=product&#038;p=10927"},"modified":"2023-07-26T12:51:44","modified_gmt":"2023-07-26T09:51:44","slug":"laskomex-2523tr-komplekt","status":"publish","type":"product","link":"https:\/\/fonolukk.eu\/et\/tooted\/laskomex-2523tr-komplekt\/","title":{"rendered":"Laskomex 2523TR Komplekt"},"content":{"rendered":"<p>Komplekt sisaldab Laskomex 2523TR ukses\u00fcsteemi, EC <a href=\"https:\/\/fonolukk.eu\/et\/tooted\/elektrooniline-kassett-kaseec-2502ar\/\">2502AR<\/a>\u00a0elektroonikamoodulit, TR 2300AC toiteplokki. Komplekt t\u00f6\u00f6tab koos\u00a0<a href=\"https:\/\/fonolukk.eu\/et\/?s=lm-8&amp;post_type=product&amp;product_cat=0\">Laskomex LM-8<\/a>. Roostevaba teras muudab teie kodu mitte ainult stiilseks, vaid tagab ka s\u00fcsteemi vastupidavuse ja t\u00f6\u00f6kindluse.<\/p>\n<p>Laskomex 2523TR k\u00f5nepaneel on valmistatud kvaliteetsest roostevabast terasest, mis annab sellele suurep\u00e4rase korrosioonikindluse ja suurema vastupidavuse. T\u00e4nu moodsale ja elegantsele disainile sobib see ideaalselt igasse interj\u00f6\u00f6ri.<\/p>\n<p>Elektroonikamoodul EC\u00a0<a href=\"https:\/\/fonolukk.eu\/et\/tooted\/elektrooniline-kassett-kaseec-2502ar\/\">2502AR<\/a>\u00a0ja toiteplokk TR 2300AC tagavad kogu s\u00fcsteemi usaldusv\u00e4\u00e4rse ja stabiilse t\u00f6\u00f6. Need tagavad suure j\u00f5udluse ja pika eluea.<\/p>\n<p>Komplekt \u00fchildub\u00a0<a href=\"https:\/\/fonolukk.eu\/et\/?s=lm-8&amp;post_type=product&amp;product_cat=0\">Laskomex LM-8<\/a>, mis tagab paindliku valiku ja vajaduse korral t\u00e4iendavate torude \u00fchendamise v\u00f5imaluse.<\/p>\n<p>Kokkuv\u00f5ttes on see komplekt ideaalne lahendus neile, kes hindavad kvaliteeti, usaldusv\u00e4\u00e4rsust ja stiili. See tagab teie kodu ohutuse ja selle elanike mugavuse.<\/p>\n","protected":false},"excerpt":{"rendered":"[wpdm_package id='15827']\n","protected":false},"featured_media":12266,"template":"","meta":[],"product_brand":[],"product_cat":[956,606,908],"product_tag":[],"class_list":{"0":"post-10927","1":"product","2":"type-product","3":"status-publish","4":"has-post-thumbnail","6":"product_cat-valispaneel-et-2","7":"product_cat-fonolukud","8":"product_cat-rainmann-laskomex-et-2","9":"pa_brand-laskomex-et","11":"first","12":"instock","13":"taxable","14":"shipping-taxable","15":"product-type-simple"},"yoast_head":"<!-- This site is optimized with the Yoast SEO Premium plugin v27.3 (Yoast SEO v27.3) - https:\/\/yoast.com\/product\/yoast-seo-premium-wordpress\/ -->\n<title>Laskomex 2523TR Komplekt - Fonolukk<\/title>\n<meta name=\"description\" content=\"Laskomex 2523TR Komplekt - Komplekt sisaldab Laskomex\u00a02533TR\u00a0ukses\u00fcsteemi, EC\u00a02502AR\u00a0elektroonikamoodulit, TR 2300AC toiteplokki.\" \/>\n<meta name=\"robots\" content=\"index, follow, max-snippet:-1, max-image-preview:large, max-video-preview:-1\" \/>\n<link rel=\"canonical\" href=\"https:\/\/fonolukk.eu\/et\/tooted\/laskomex-2523tr-komplekt\/\" \/>\n<meta property=\"og:locale\" content=\"et_EE\" \/>\n<meta property=\"og:type\" content=\"article\" \/>\n<meta property=\"og:title\" content=\"Laskomex 2523TR Komplekt\" \/>\n<meta property=\"og:description\" content=\"Komplekt sisaldab Laskomex 2523TR ukses\u00fcsteemi, EC 2502AR\u00a0elektroonikamoodulit, TR 2300AC toiteplokki. Komplekt t\u00f6\u00f6tab koos\u00a0Laskomex LM-8. Roostevaba\" \/>\n<meta property=\"og:url\" content=\"https:\/\/fonolukk.eu\/et\/tooted\/laskomex-2523tr-komplekt\/\" \/>\n<meta property=\"og:site_name\" content=\"Fonolukk\" \/>\n<meta property=\"article:publisher\" content=\"https:\/\/www.facebook.com\/fonolukk\" \/>\n<meta property=\"article:modified_time\" content=\"2023-07-26T09:51:44+00:00\" \/>\n<meta property=\"og:image\" content=\"https:\/\/fonolukk.eu\/wp-content\/uploads\/2021\/04\/365-1.jpg\" \/>\n\t<meta property=\"og:image:width\" content=\"977\" \/>\n\t<meta property=\"og:image:height\" content=\"762\" \/>\n\t<meta property=\"og:image:type\" content=\"image\/jpeg\" \/>\n<meta name=\"twitter:card\" content=\"summary_large_image\" \/>\n<meta name=\"twitter:label1\" content=\"Hind\" \/>\n\t<meta name=\"twitter:data1\" content=\"\" \/>\n\t<meta name=\"twitter:label2\" content=\"Availability\" \/>\n\t<meta name=\"twitter:data2\" content=\"Laos\" \/>\n<script type=\"application\/ld+json\" class=\"yoast-schema-graph\">{\"@context\":\"https:\\\/\\\/schema.org\",\"@graph\":[{\"@type\":\"WebPage\",\"@id\":\"https:\\\/\\\/fonolukk.eu\\\/et\\\/tooted\\\/laskomex-2523tr-komplekt\\\/\",\"url\":\"https:\\\/\\\/fonolukk.eu\\\/et\\\/tooted\\\/laskomex-2523tr-komplekt\\\/\",\"name\":\"Laskomex 2523TR Komplekt - Fonolukk\",\"isPartOf\":{\"@id\":\"https:\\\/\\\/fonolukk.eu\\\/et\\\/#website\"},\"primaryImageOfPage\":{\"@id\":\"https:\\\/\\\/fonolukk.eu\\\/et\\\/tooted\\\/laskomex-2523tr-komplekt\\\/#primaryimage\"},\"image\":{\"@id\":\"https:\\\/\\\/fonolukk.eu\\\/et\\\/tooted\\\/laskomex-2523tr-komplekt\\\/#primaryimage\"},\"thumbnailUrl\":\"https:\\\/\\\/fonolukk.eu\\\/wp-content\\\/uploads\\\/2021\\\/04\\\/365-1.jpg\",\"datePublished\":\"2021-04-14T18:42:45+00:00\",\"dateModified\":\"2023-07-26T09:51:44+00:00\",\"description\":\"Laskomex 2523TR Komplekt - Komplekt sisaldab Laskomex\u00a02533TR\u00a0ukses\u00fcsteemi, EC\u00a02502AR\u00a0elektroonikamoodulit, TR 2300AC toiteplokki.\",\"breadcrumb\":{\"@id\":\"https:\\\/\\\/fonolukk.eu\\\/et\\\/tooted\\\/laskomex-2523tr-komplekt\\\/#breadcrumb\"},\"inLanguage\":\"et\",\"potentialAction\":[{\"@type\":\"ReadAction\",\"target\":[\"https:\\\/\\\/fonolukk.eu\\\/et\\\/tooted\\\/laskomex-2523tr-komplekt\\\/\"]}]},{\"@type\":\"ImageObject\",\"inLanguage\":\"et\",\"@id\":\"https:\\\/\\\/fonolukk.eu\\\/et\\\/tooted\\\/laskomex-2523tr-komplekt\\\/#primaryimage\",\"url\":\"https:\\\/\\\/fonolukk.eu\\\/wp-content\\\/uploads\\\/2021\\\/04\\\/365-1.jpg\",\"contentUrl\":\"https:\\\/\\\/fonolukk.eu\\\/wp-content\\\/uploads\\\/2021\\\/04\\\/365-1.jpg\",\"width\":977,\"height\":762,\"caption\":\"Fonolukk komplektid\"},{\"@type\":\"BreadcrumbList\",\"@id\":\"https:\\\/\\\/fonolukk.eu\\\/et\\\/tooted\\\/laskomex-2523tr-komplekt\\\/#breadcrumb\",\"itemListElement\":[{\"@type\":\"ListItem\",\"position\":1,\"name\":\"Esileht\",\"item\":\"https:\\\/\\\/fonolukk.eu\\\/et\\\/koduleht\\\/\"},{\"@type\":\"ListItem\",\"position\":2,\"name\":\"Tooted\",\"item\":\"https:\\\/\\\/fonolukk.eu\\\/et\\\/shop-2\\\/\"},{\"@type\":\"ListItem\",\"position\":3,\"name\":\"Fonolukud\",\"item\":\"https:\\\/\\\/fonolukk.eu\\\/et\\\/product-category\\\/fonolukud\\\/\"},{\"@type\":\"ListItem\",\"position\":4,\"name\":\"Laskomex 2523TR Komplekt\"}]},{\"@type\":\"WebSite\",\"@id\":\"https:\\\/\\\/fonolukk.eu\\\/et\\\/#website\",\"url\":\"https:\\\/\\\/fonolukk.eu\\\/et\\\/\",\"name\":\"Fonolukk eu\",\"description\":\"Smart Security Systems\",\"publisher\":{\"@id\":\"https:\\\/\\\/fonolukk.eu\\\/et\\\/#organization\"},\"potentialAction\":[{\"@type\":\"SearchAction\",\"target\":{\"@type\":\"EntryPoint\",\"urlTemplate\":\"https:\\\/\\\/fonolukk.eu\\\/et\\\/?s={search_term_string}\"},\"query-input\":{\"@type\":\"PropertyValueSpecification\",\"valueRequired\":true,\"valueName\":\"search_term_string\"}}],\"inLanguage\":\"et\"},{\"@type\":\"Organization\",\"@id\":\"https:\\\/\\\/fonolukk.eu\\\/et\\\/#organization\",\"name\":\"Smart Security OU\",\"url\":\"https:\\\/\\\/fonolukk.eu\\\/et\\\/\",\"logo\":{\"@type\":\"ImageObject\",\"inLanguage\":\"et\",\"@id\":\"https:\\\/\\\/fonolukk.eu\\\/et\\\/#\\\/schema\\\/logo\\\/image\\\/\",\"url\":\"https:\\\/\\\/fonolukk.eu\\\/wp-content\\\/uploads\\\/2023\\\/09\\\/fonolukk.png\",\"contentUrl\":\"https:\\\/\\\/fonolukk.eu\\\/wp-content\\\/uploads\\\/2023\\\/09\\\/fonolukk.png\",\"width\":277,\"height\":274,\"caption\":\"Smart Security OU\"},\"image\":{\"@id\":\"https:\\\/\\\/fonolukk.eu\\\/et\\\/#\\\/schema\\\/logo\\\/image\\\/\"},\"sameAs\":[\"https:\\\/\\\/www.facebook.com\\\/fonolukk\",\"https:\\\/\\\/www.instagram.com\\\/fonolukk\\\/?hl=ru\"],\"publishingPrinciples\":\"https:\\\/\\\/fonolukk.eu\\\/terms-and-conditions\\\/\",\"ownershipFundingInfo\":\"https:\\\/\\\/fonolukk.eu\\\/about-us\\\/\"}]}<\/script>\n<meta property=\"product:brand\" content=\"Laskomex\" \/>\n<meta property=\"product:price:amount\" content=\"0.00\" \/>\n<meta property=\"product:price:currency\" content=\"EUR\" \/>\n<meta property=\"og:availability\" content=\"instock\" \/>\n<meta property=\"product:availability\" content=\"instock\" \/>\n<meta property=\"product:retailer_item_id\" content=\"Laskomex 2523TR komplekt\" \/>\n<meta property=\"product:condition\" content=\"new\" \/>\n<!-- \/ Yoast SEO Premium plugin. -->","yoast_head_json":{"title":"Laskomex 2523TR Komplekt - Fonolukk","description":"Laskomex 2523TR Komplekt - Komplekt sisaldab Laskomex\u00a02533TR\u00a0ukses\u00fcsteemi, EC\u00a02502AR\u00a0elektroonikamoodulit, TR 2300AC toiteplokki.","robots":{"index":"index","follow":"follow","max-snippet":"max-snippet:-1","max-image-preview":"max-image-preview:large","max-video-preview":"max-video-preview:-1"},"canonical":"https:\/\/fonolukk.eu\/et\/tooted\/laskomex-2523tr-komplekt\/","og_locale":"et_EE","og_type":"article","og_title":"Laskomex 2523TR Komplekt","og_description":"Komplekt sisaldab Laskomex 2523TR ukses\u00fcsteemi, EC 2502AR\u00a0elektroonikamoodulit, TR 2300AC toiteplokki. Komplekt t\u00f6\u00f6tab koos\u00a0Laskomex LM-8. Roostevaba","og_url":"https:\/\/fonolukk.eu\/et\/tooted\/laskomex-2523tr-komplekt\/","og_site_name":"Fonolukk","article_publisher":"https:\/\/www.facebook.com\/fonolukk","article_modified_time":"2023-07-26T09:51:44+00:00","og_image":[{"width":977,"height":762,"url":"https:\/\/fonolukk.eu\/wp-content\/uploads\/2021\/04\/365-1.jpg","type":"image\/jpeg"}],"twitter_card":"summary_large_image","twitter_misc":{"Hind":"","Availability":"Laos"},"schema":{"@context":"https:\/\/schema.org","@graph":[{"@type":"WebPage","@id":"https:\/\/fonolukk.eu\/et\/tooted\/laskomex-2523tr-komplekt\/","url":"https:\/\/fonolukk.eu\/et\/tooted\/laskomex-2523tr-komplekt\/","name":"Laskomex 2523TR Komplekt - Fonolukk","isPartOf":{"@id":"https:\/\/fonolukk.eu\/et\/#website"},"primaryImageOfPage":{"@id":"https:\/\/fonolukk.eu\/et\/tooted\/laskomex-2523tr-komplekt\/#primaryimage"},"image":{"@id":"https:\/\/fonolukk.eu\/et\/tooted\/laskomex-2523tr-komplekt\/#primaryimage"},"thumbnailUrl":"https:\/\/fonolukk.eu\/wp-content\/uploads\/2021\/04\/365-1.jpg","datePublished":"2021-04-14T18:42:45+00:00","dateModified":"2023-07-26T09:51:44+00:00","description":"Laskomex 2523TR Komplekt - Komplekt sisaldab Laskomex\u00a02533TR\u00a0ukses\u00fcsteemi, EC\u00a02502AR\u00a0elektroonikamoodulit, TR 2300AC toiteplokki.","breadcrumb":{"@id":"https:\/\/fonolukk.eu\/et\/tooted\/laskomex-2523tr-komplekt\/#breadcrumb"},"inLanguage":"et","potentialAction":[{"@type":"ReadAction","target":["https:\/\/fonolukk.eu\/et\/tooted\/laskomex-2523tr-komplekt\/"]}]},{"@type":"ImageObject","inLanguage":"et","@id":"https:\/\/fonolukk.eu\/et\/tooted\/laskomex-2523tr-komplekt\/#primaryimage","url":"https:\/\/fonolukk.eu\/wp-content\/uploads\/2021\/04\/365-1.jpg","contentUrl":"https:\/\/fonolukk.eu\/wp-content\/uploads\/2021\/04\/365-1.jpg","width":977,"height":762,"caption":"Fonolukk komplektid"},{"@type":"BreadcrumbList","@id":"https:\/\/fonolukk.eu\/et\/tooted\/laskomex-2523tr-komplekt\/#breadcrumb","itemListElement":[{"@type":"ListItem","position":1,"name":"Esileht","item":"https:\/\/fonolukk.eu\/et\/koduleht\/"},{"@type":"ListItem","position":2,"name":"Tooted","item":"https:\/\/fonolukk.eu\/et\/shop-2\/"},{"@type":"ListItem","position":3,"name":"Fonolukud","item":"https:\/\/fonolukk.eu\/et\/product-category\/fonolukud\/"},{"@type":"ListItem","position":4,"name":"Laskomex 2523TR Komplekt"}]},{"@type":"WebSite","@id":"https:\/\/fonolukk.eu\/et\/#website","url":"https:\/\/fonolukk.eu\/et\/","name":"Fonolukk eu","description":"Smart Security Systems","publisher":{"@id":"https:\/\/fonolukk.eu\/et\/#organization"},"potentialAction":[{"@type":"SearchAction","target":{"@type":"EntryPoint","urlTemplate":"https:\/\/fonolukk.eu\/et\/?s={search_term_string}"},"query-input":{"@type":"PropertyValueSpecification","valueRequired":true,"valueName":"search_term_string"}}],"inLanguage":"et"},{"@type":"Organization","@id":"https:\/\/fonolukk.eu\/et\/#organization","name":"Smart Security OU","url":"https:\/\/fonolukk.eu\/et\/","logo":{"@type":"ImageObject","inLanguage":"et","@id":"https:\/\/fonolukk.eu\/et\/#\/schema\/logo\/image\/","url":"https:\/\/fonolukk.eu\/wp-content\/uploads\/2023\/09\/fonolukk.png","contentUrl":"https:\/\/fonolukk.eu\/wp-content\/uploads\/2023\/09\/fonolukk.png","width":277,"height":274,"caption":"Smart Security OU"},"image":{"@id":"https:\/\/fonolukk.eu\/et\/#\/schema\/logo\/image\/"},"sameAs":["https:\/\/www.facebook.com\/fonolukk","https:\/\/www.instagram.com\/fonolukk\/?hl=ru"],"publishingPrinciples":"https:\/\/fonolukk.eu\/terms-and-conditions\/","ownershipFundingInfo":"https:\/\/fonolukk.eu\/about-us\/"}]},"product_brand":"Laskomex","product_price_amount":"0.00","product_price_currency":"EUR","og_availability":"instock","product_availability":"instock","product_retailer_item_id":"Laskomex 2523TR komplekt","product_condition":"new"},"_links":{"self":[{"href":"https:\/\/fonolukk.eu\/et\/wp-json\/wp\/v2\/product\/10927","targetHints":{"allow":["GET"]}}],"collection":[{"href":"https:\/\/fonolukk.eu\/et\/wp-json\/wp\/v2\/product"}],"about":[{"href":"https:\/\/fonolukk.eu\/et\/wp-json\/wp\/v2\/types\/product"}],"version-history":[{"count":0,"href":"https:\/\/fonolukk.eu\/et\/wp-json\/wp\/v2\/product\/10927\/revisions"}],"wp:featuredmedia":[{"embeddable":true,"href":"https:\/\/fonolukk.eu\/et\/wp-json\/wp\/v2\/media\/12266"}],"wp:attachment":[{"href":"https:\/\/fonolukk.eu\/et\/wp-json\/wp\/v2\/media?parent=10927"}],"wp:term":[{"taxonomy":"product_brand","embeddable":true,"href":"https:\/\/fonolukk.eu\/et\/wp-json\/wp\/v2\/product_brand?post=10927"},{"taxonomy":"product_cat","embeddable":true,"href":"https:\/\/fonolukk.eu\/et\/wp-json\/wp\/v2\/product_cat?post=10927"},{"taxonomy":"product_tag","embeddable":true,"href":"https:\/\/fonolukk.eu\/et\/wp-json\/wp\/v2\/product_tag?post=10927"}],"curies":[{"name":"wp","href":"https:\/\/api.w.org\/{rel}","templated":true}]}}