{"id":10991,"date":"2021-04-15T23:22:34","date_gmt":"2021-04-15T20:22:35","guid":{"rendered":"https:\/\/fonolukk.eu\/?post_type=product&#038;p=10991"},"modified":"2024-07-16T16:23:33","modified_gmt":"2024-07-16T13:23:33","slug":"elektrivastus-xs00u-bc-12-24v-tugendav-vedru","status":"publish","type":"product","link":"https:\/\/fonolukk.eu\/et\/tooted\/elektrivastus-xs00u-bc-12-24v-tugendav-vedru\/","title":{"rendered":"Elektrivastus XS00U-C 12-24V"},"content":{"rendered":"<h4>Funktsioonid:<\/h4>\n<p>t\u00f6\u00f6 t\u00fc\u00fcp NC (tavaline suletud)<br \/>\nv\u00f5i AGA (tagurpidi)<br \/>\ns\u00fcmmeetriline disain<br \/>\nsisseehitatud liuguri<br \/>\nm\u00f5\u00f5tmed: laius 19 (23,5) mm, k\u00f5rgus<br \/>\n67 mm, s\u00fcgavus 28 mm.<br \/>\nmehaaniline tugevus &#8211; r\u00f5hk<br \/>\n3000 N (300 kg)<br \/>\nmehaaniline tugevus &#8211; ts\u00fckli<br \/>\navamine 200 000<br \/>\nvasakpoolsete uste ja<br \/>\nparempoolse<br \/>\nreguleeritava riivi korral &#8211;<br \/>\n3,5 mm\u00a0riivi<br \/>\nradiaalkuju &#8211;<br \/>\navamise\u00a0ajal\u00a0ei l\u00e4he<br \/>\nlossi kontuurist\u00a0kaugemale<\/p>\n<h4>Saadaval olevad funktsioonid:<\/h4>\n<p>standardvarustuses<br \/>\nm\u00e4luga\u00a0koos takistiga<br \/>\nl\u00fclitiga<\/p>\n","protected":false},"excerpt":{"rendered":"<p>XS-C seerias on sisseehitatud liugur, mis<br \/>\non kate paigaldamiseks<br \/>\nelektrilistele streikijatele ilma<br \/>\nraami\u00a0pikendusavadeta\u00a0v\u00e4ljaulatuvasse riivi.<br \/>\nTavaliselt kasutatakse erahoonetes,<br \/>\nkontorites ja avalikes hoonetes nagu<br \/>\nalumiiniumist, terasest, puidust ja<br \/>\nPVC-st\u00a0valmistatud uste puhul\u00a0.\u00a0Soovitatav on seeria XS-C,<br \/>\neriti raamideta uste puhul.<\/p>\n","protected":false},"featured_media":12471,"template":"","meta":[],"product_brand":[],"product_cat":[1064,1063],"product_tag":[],"class_list":{"0":"post-10991","1":"product","2":"type-product","3":"status-publish","4":"has-post-thumbnail","6":"product_cat-suletud-tuup","7":"product_cat-elektrivasturaud","9":"first","10":"instock","11":"taxable","12":"shipping-taxable","13":"purchasable","14":"product-type-simple"},"yoast_head":"<!-- This site is optimized with the Yoast SEO Premium plugin v27.3 (Yoast SEO v27.3) - https:\/\/yoast.com\/product\/yoast-seo-premium-wordpress\/ -->\n<title>Elektrivastus XS00U-C 12-24V - Fonolukk<\/title>\n<meta name=\"description\" content=\"Elektrivastus XS00U-C 12-24V - Fonolukk\" \/>\n<meta name=\"robots\" content=\"index, follow, max-snippet:-1, max-image-preview:large, max-video-preview:-1\" \/>\n<link rel=\"canonical\" href=\"https:\/\/fonolukk.eu\/et\/tooted\/elektrivastus-xs00u-bc-12-24v-tugendav-vedru\/\" \/>\n<meta property=\"og:locale\" content=\"et_EE\" \/>\n<meta property=\"og:type\" content=\"article\" \/>\n<meta property=\"og:title\" content=\"Elektrivastus XS00U-C 12-24V\" \/>\n<meta property=\"og:description\" content=\"XS-C seerias on sisseehitatud liugur, mis on kate paigaldamiseks elektrilistele streikijatele ilma raami\u00a0pikendusavadeta\u00a0v\u00e4ljaulatuvasse riivi. Tavaliselt kasutatakse erahoonetes, kontorites ja avalikes hoonetes nagu alumiiniumist, terasest, puidust ja PVC-st\u00a0valmistatud uste puhul\u00a0.\u00a0Soovitatav on seeria XS-C, eriti raamideta uste puhul.\" \/>\n<meta property=\"og:url\" content=\"https:\/\/fonolukk.eu\/et\/tooted\/elektrivastus-xs00u-bc-12-24v-tugendav-vedru\/\" \/>\n<meta property=\"og:site_name\" content=\"Fonolukk\" \/>\n<meta property=\"article:publisher\" content=\"https:\/\/www.facebook.com\/fonolukk\" \/>\n<meta property=\"article:modified_time\" content=\"2024-07-16T13:23:33+00:00\" \/>\n<meta property=\"og:image\" content=\"https:\/\/fonolukk.eu\/wp-content\/uploads\/2021\/04\/snimok-ekrana-2021-04-15-v-23.26.08-copy.png\" \/>\n\t<meta property=\"og:image:width\" content=\"882\" \/>\n\t<meta property=\"og:image:height\" content=\"523\" \/>\n\t<meta property=\"og:image:type\" content=\"image\/png\" \/>\n<meta name=\"twitter:card\" content=\"summary_large_image\" \/>\n<meta name=\"twitter:label1\" content=\"Hind\" \/>\n\t<meta name=\"twitter:data1\" content=\"&euro;36.89 koos KM\" \/>\n\t<meta name=\"twitter:label2\" content=\"Availability\" \/>\n\t<meta name=\"twitter:data2\" content=\"Laos\" \/>\n<script type=\"application\/ld+json\" class=\"yoast-schema-graph\">{\"@context\":\"https:\\\/\\\/schema.org\",\"@graph\":[{\"@type\":\"WebPage\",\"@id\":\"https:\\\/\\\/fonolukk.eu\\\/et\\\/tooted\\\/elektrivastus-xs00u-bc-12-24v-tugendav-vedru\\\/\",\"url\":\"https:\\\/\\\/fonolukk.eu\\\/et\\\/tooted\\\/elektrivastus-xs00u-bc-12-24v-tugendav-vedru\\\/\",\"name\":\"Elektrivastus XS00U-C 12-24V - Fonolukk\",\"isPartOf\":{\"@id\":\"https:\\\/\\\/fonolukk.eu\\\/et\\\/#website\"},\"primaryImageOfPage\":{\"@id\":\"https:\\\/\\\/fonolukk.eu\\\/et\\\/tooted\\\/elektrivastus-xs00u-bc-12-24v-tugendav-vedru\\\/#primaryimage\"},\"image\":{\"@id\":\"https:\\\/\\\/fonolukk.eu\\\/et\\\/tooted\\\/elektrivastus-xs00u-bc-12-24v-tugendav-vedru\\\/#primaryimage\"},\"thumbnailUrl\":\"https:\\\/\\\/fonolukk.eu\\\/wp-content\\\/uploads\\\/2021\\\/04\\\/snimok-ekrana-2021-04-15-v-23.26.08-copy.png\",\"datePublished\":\"2021-04-15T20:22:35+00:00\",\"dateModified\":\"2024-07-16T13:23:33+00:00\",\"description\":\"Elektrivastus XS00U-C 12-24V - Fonolukk\",\"breadcrumb\":{\"@id\":\"https:\\\/\\\/fonolukk.eu\\\/et\\\/tooted\\\/elektrivastus-xs00u-bc-12-24v-tugendav-vedru\\\/#breadcrumb\"},\"inLanguage\":\"et\",\"potentialAction\":[{\"@type\":\"ReadAction\",\"target\":[\"https:\\\/\\\/fonolukk.eu\\\/et\\\/tooted\\\/elektrivastus-xs00u-bc-12-24v-tugendav-vedru\\\/\"]}]},{\"@type\":\"ImageObject\",\"inLanguage\":\"et\",\"@id\":\"https:\\\/\\\/fonolukk.eu\\\/et\\\/tooted\\\/elektrivastus-xs00u-bc-12-24v-tugendav-vedru\\\/#primaryimage\",\"url\":\"https:\\\/\\\/fonolukk.eu\\\/wp-content\\\/uploads\\\/2021\\\/04\\\/snimok-ekrana-2021-04-15-v-23.26.08-copy.png\",\"contentUrl\":\"https:\\\/\\\/fonolukk.eu\\\/wp-content\\\/uploads\\\/2021\\\/04\\\/snimok-ekrana-2021-04-15-v-23.26.08-copy.png\",\"width\":882,\"height\":523},{\"@type\":\"BreadcrumbList\",\"@id\":\"https:\\\/\\\/fonolukk.eu\\\/et\\\/tooted\\\/elektrivastus-xs00u-bc-12-24v-tugendav-vedru\\\/#breadcrumb\",\"itemListElement\":[{\"@type\":\"ListItem\",\"position\":1,\"name\":\"Esileht\",\"item\":\"https:\\\/\\\/fonolukk.eu\\\/et\\\/koduleht\\\/\"},{\"@type\":\"ListItem\",\"position\":2,\"name\":\"Tooted\",\"item\":\"https:\\\/\\\/fonolukk.eu\\\/et\\\/shop-2\\\/\"},{\"@type\":\"ListItem\",\"position\":3,\"name\":\"Elektrivasturaud\",\"item\":\"https:\\\/\\\/fonolukk.eu\\\/et\\\/product-category\\\/elektrivasturaud\\\/\"},{\"@type\":\"ListItem\",\"position\":4,\"name\":\"Suletud t\u00fc\u00fcp\",\"item\":\"https:\\\/\\\/fonolukk.eu\\\/et\\\/product-category\\\/elektrivasturaud\\\/suletud-tuup\\\/\"},{\"@type\":\"ListItem\",\"position\":5,\"name\":\"Elektrivastus XS00U-C 12-24V\"}]},{\"@type\":\"WebSite\",\"@id\":\"https:\\\/\\\/fonolukk.eu\\\/et\\\/#website\",\"url\":\"https:\\\/\\\/fonolukk.eu\\\/et\\\/\",\"name\":\"Fonolukk eu\",\"description\":\"Smart Security Systems\",\"publisher\":{\"@id\":\"https:\\\/\\\/fonolukk.eu\\\/et\\\/#organization\"},\"potentialAction\":[{\"@type\":\"SearchAction\",\"target\":{\"@type\":\"EntryPoint\",\"urlTemplate\":\"https:\\\/\\\/fonolukk.eu\\\/et\\\/?s={search_term_string}\"},\"query-input\":{\"@type\":\"PropertyValueSpecification\",\"valueRequired\":true,\"valueName\":\"search_term_string\"}}],\"inLanguage\":\"et\"},{\"@type\":\"Organization\",\"@id\":\"https:\\\/\\\/fonolukk.eu\\\/et\\\/#organization\",\"name\":\"Smart Security OU\",\"url\":\"https:\\\/\\\/fonolukk.eu\\\/et\\\/\",\"logo\":{\"@type\":\"ImageObject\",\"inLanguage\":\"et\",\"@id\":\"https:\\\/\\\/fonolukk.eu\\\/et\\\/#\\\/schema\\\/logo\\\/image\\\/\",\"url\":\"https:\\\/\\\/fonolukk.eu\\\/wp-content\\\/uploads\\\/2023\\\/09\\\/fonolukk.png\",\"contentUrl\":\"https:\\\/\\\/fonolukk.eu\\\/wp-content\\\/uploads\\\/2023\\\/09\\\/fonolukk.png\",\"width\":277,\"height\":274,\"caption\":\"Smart Security OU\"},\"image\":{\"@id\":\"https:\\\/\\\/fonolukk.eu\\\/et\\\/#\\\/schema\\\/logo\\\/image\\\/\"},\"sameAs\":[\"https:\\\/\\\/www.facebook.com\\\/fonolukk\",\"https:\\\/\\\/www.instagram.com\\\/fonolukk\\\/?hl=ru\"],\"publishingPrinciples\":\"https:\\\/\\\/fonolukk.eu\\\/terms-and-conditions\\\/\",\"ownershipFundingInfo\":\"https:\\\/\\\/fonolukk.eu\\\/about-us\\\/\"}]}<\/script>\n<meta property=\"product:price:amount\" content=\"36.89\" \/>\n<meta property=\"product:price:currency\" content=\"EUR\" \/>\n<meta property=\"og:availability\" content=\"instock\" \/>\n<meta property=\"product:availability\" content=\"instock\" \/>\n<meta property=\"product:retailer_item_id\" content=\"Electric resistor XS00U\" \/>\n<meta property=\"product:condition\" content=\"new\" \/>\n<!-- \/ Yoast SEO Premium plugin. -->","yoast_head_json":{"title":"Elektrivastus XS00U-C 12-24V - Fonolukk","description":"Elektrivastus XS00U-C 12-24V - Fonolukk","robots":{"index":"index","follow":"follow","max-snippet":"max-snippet:-1","max-image-preview":"max-image-preview:large","max-video-preview":"max-video-preview:-1"},"canonical":"https:\/\/fonolukk.eu\/et\/tooted\/elektrivastus-xs00u-bc-12-24v-tugendav-vedru\/","og_locale":"et_EE","og_type":"article","og_title":"Elektrivastus XS00U-C 12-24V","og_description":"XS-C seerias on sisseehitatud liugur, mis on kate paigaldamiseks elektrilistele streikijatele ilma raami\u00a0pikendusavadeta\u00a0v\u00e4ljaulatuvasse riivi. Tavaliselt kasutatakse erahoonetes, kontorites ja avalikes hoonetes nagu alumiiniumist, terasest, puidust ja PVC-st\u00a0valmistatud uste puhul\u00a0.\u00a0Soovitatav on seeria XS-C, eriti raamideta uste puhul.","og_url":"https:\/\/fonolukk.eu\/et\/tooted\/elektrivastus-xs00u-bc-12-24v-tugendav-vedru\/","og_site_name":"Fonolukk","article_publisher":"https:\/\/www.facebook.com\/fonolukk","article_modified_time":"2024-07-16T13:23:33+00:00","og_image":[{"width":882,"height":523,"url":"https:\/\/fonolukk.eu\/wp-content\/uploads\/2021\/04\/snimok-ekrana-2021-04-15-v-23.26.08-copy.png","type":"image\/png"}],"twitter_card":"summary_large_image","twitter_misc":{"Hind":"&euro;36.89 koos KM","Availability":"Laos"},"schema":{"@context":"https:\/\/schema.org","@graph":[{"@type":"WebPage","@id":"https:\/\/fonolukk.eu\/et\/tooted\/elektrivastus-xs00u-bc-12-24v-tugendav-vedru\/","url":"https:\/\/fonolukk.eu\/et\/tooted\/elektrivastus-xs00u-bc-12-24v-tugendav-vedru\/","name":"Elektrivastus XS00U-C 12-24V - Fonolukk","isPartOf":{"@id":"https:\/\/fonolukk.eu\/et\/#website"},"primaryImageOfPage":{"@id":"https:\/\/fonolukk.eu\/et\/tooted\/elektrivastus-xs00u-bc-12-24v-tugendav-vedru\/#primaryimage"},"image":{"@id":"https:\/\/fonolukk.eu\/et\/tooted\/elektrivastus-xs00u-bc-12-24v-tugendav-vedru\/#primaryimage"},"thumbnailUrl":"https:\/\/fonolukk.eu\/wp-content\/uploads\/2021\/04\/snimok-ekrana-2021-04-15-v-23.26.08-copy.png","datePublished":"2021-04-15T20:22:35+00:00","dateModified":"2024-07-16T13:23:33+00:00","description":"Elektrivastus XS00U-C 12-24V - Fonolukk","breadcrumb":{"@id":"https:\/\/fonolukk.eu\/et\/tooted\/elektrivastus-xs00u-bc-12-24v-tugendav-vedru\/#breadcrumb"},"inLanguage":"et","potentialAction":[{"@type":"ReadAction","target":["https:\/\/fonolukk.eu\/et\/tooted\/elektrivastus-xs00u-bc-12-24v-tugendav-vedru\/"]}]},{"@type":"ImageObject","inLanguage":"et","@id":"https:\/\/fonolukk.eu\/et\/tooted\/elektrivastus-xs00u-bc-12-24v-tugendav-vedru\/#primaryimage","url":"https:\/\/fonolukk.eu\/wp-content\/uploads\/2021\/04\/snimok-ekrana-2021-04-15-v-23.26.08-copy.png","contentUrl":"https:\/\/fonolukk.eu\/wp-content\/uploads\/2021\/04\/snimok-ekrana-2021-04-15-v-23.26.08-copy.png","width":882,"height":523},{"@type":"BreadcrumbList","@id":"https:\/\/fonolukk.eu\/et\/tooted\/elektrivastus-xs00u-bc-12-24v-tugendav-vedru\/#breadcrumb","itemListElement":[{"@type":"ListItem","position":1,"name":"Esileht","item":"https:\/\/fonolukk.eu\/et\/koduleht\/"},{"@type":"ListItem","position":2,"name":"Tooted","item":"https:\/\/fonolukk.eu\/et\/shop-2\/"},{"@type":"ListItem","position":3,"name":"Elektrivasturaud","item":"https:\/\/fonolukk.eu\/et\/product-category\/elektrivasturaud\/"},{"@type":"ListItem","position":4,"name":"Suletud t\u00fc\u00fcp","item":"https:\/\/fonolukk.eu\/et\/product-category\/elektrivasturaud\/suletud-tuup\/"},{"@type":"ListItem","position":5,"name":"Elektrivastus XS00U-C 12-24V"}]},{"@type":"WebSite","@id":"https:\/\/fonolukk.eu\/et\/#website","url":"https:\/\/fonolukk.eu\/et\/","name":"Fonolukk eu","description":"Smart Security Systems","publisher":{"@id":"https:\/\/fonolukk.eu\/et\/#organization"},"potentialAction":[{"@type":"SearchAction","target":{"@type":"EntryPoint","urlTemplate":"https:\/\/fonolukk.eu\/et\/?s={search_term_string}"},"query-input":{"@type":"PropertyValueSpecification","valueRequired":true,"valueName":"search_term_string"}}],"inLanguage":"et"},{"@type":"Organization","@id":"https:\/\/fonolukk.eu\/et\/#organization","name":"Smart Security OU","url":"https:\/\/fonolukk.eu\/et\/","logo":{"@type":"ImageObject","inLanguage":"et","@id":"https:\/\/fonolukk.eu\/et\/#\/schema\/logo\/image\/","url":"https:\/\/fonolukk.eu\/wp-content\/uploads\/2023\/09\/fonolukk.png","contentUrl":"https:\/\/fonolukk.eu\/wp-content\/uploads\/2023\/09\/fonolukk.png","width":277,"height":274,"caption":"Smart Security OU"},"image":{"@id":"https:\/\/fonolukk.eu\/et\/#\/schema\/logo\/image\/"},"sameAs":["https:\/\/www.facebook.com\/fonolukk","https:\/\/www.instagram.com\/fonolukk\/?hl=ru"],"publishingPrinciples":"https:\/\/fonolukk.eu\/terms-and-conditions\/","ownershipFundingInfo":"https:\/\/fonolukk.eu\/about-us\/"}]},"product_price_amount":"36.89","product_price_currency":"EUR","og_availability":"instock","product_availability":"instock","product_retailer_item_id":"Electric resistor XS00U","product_condition":"new"},"_links":{"self":[{"href":"https:\/\/fonolukk.eu\/et\/wp-json\/wp\/v2\/product\/10991","targetHints":{"allow":["GET"]}}],"collection":[{"href":"https:\/\/fonolukk.eu\/et\/wp-json\/wp\/v2\/product"}],"about":[{"href":"https:\/\/fonolukk.eu\/et\/wp-json\/wp\/v2\/types\/product"}],"version-history":[{"count":1,"href":"https:\/\/fonolukk.eu\/et\/wp-json\/wp\/v2\/product\/10991\/revisions"}],"predecessor-version":[{"id":16977,"href":"https:\/\/fonolukk.eu\/et\/wp-json\/wp\/v2\/product\/10991\/revisions\/16977"}],"wp:featuredmedia":[{"embeddable":true,"href":"https:\/\/fonolukk.eu\/et\/wp-json\/wp\/v2\/media\/12471"}],"wp:attachment":[{"href":"https:\/\/fonolukk.eu\/et\/wp-json\/wp\/v2\/media?parent=10991"}],"wp:term":[{"taxonomy":"product_brand","embeddable":true,"href":"https:\/\/fonolukk.eu\/et\/wp-json\/wp\/v2\/product_brand?post=10991"},{"taxonomy":"product_cat","embeddable":true,"href":"https:\/\/fonolukk.eu\/et\/wp-json\/wp\/v2\/product_cat?post=10991"},{"taxonomy":"product_tag","embeddable":true,"href":"https:\/\/fonolukk.eu\/et\/wp-json\/wp\/v2\/product_tag?post=10991"}],"curies":[{"name":"wp","href":"https:\/\/api.w.org\/{rel}","templated":true}]}}