{"id":10998,"date":"2021-04-15T23:48:06","date_gmt":"2021-04-15T20:48:06","guid":{"rendered":"https:\/\/fonolukk.eu\/?post_type=product&#038;p=10998"},"modified":"2022-07-02T13:17:31","modified_gmt":"2022-07-02T10:17:31","slug":"elektrivastus-xs00um-c-12-24v","status":"publish","type":"product","link":"https:\/\/fonolukk.eu\/et\/tooted\/elektrivastus-xs00um-c-12-24v\/","title":{"rendered":"Elektrivastus XS00UM-C 12-24V"},"content":{"rendered":"<div class=\"row\">\n<div class=\"col-md-6 col-sm-6 col-xs-12\">\n<div class=\"description\">\n<h3>Funktsioonid:<\/h3>\n<ul>\n<li>t\u00f6\u00f6 t\u00fc\u00fcp NC (tavaline suletud) v\u00f5i NO (tagurpidi)<\/li>\n<li>s\u00fcmmeetriline kujundus<\/li>\n<li>m\u00f5\u00f5dud: laius 16,2 mm, k\u00f5rgus 67 mm, s\u00fcgavus 28 mm.<\/li>\n<li>mehaaniline tugevus &#8211; r\u00f5hk 3000N (300kg)<\/li>\n<li>mehaaniline tugevus &#8211; avamists\u00fckkel 200 000<\/li>\n<li>vasak- ja parempoolsete uste jaoks<\/li>\n<li>riiv reguleeritav vahemikus 3,5 mm<\/li>\n<li>riivi radiaalne kuju &#8211; avamise ajal ei l\u00e4he luku kontuurist kaugemale<\/li>\n<\/ul>\n<h3>Saadaval olevad funktsioonid:<\/h3>\n<ul>\n<li>standard<\/li>\n<li>m\u00e4luga<\/li>\n<li>l\u00fclitiga<\/li>\n<li>m\u00e4lu ja l\u00fclitiga<\/li>\n<li>tagurpidi<\/li>\n<li>madal tarbimine<\/li>\n<li>tugevdatud vedruga<\/li>\n<\/ul>\n<p>Need mudelid on saadaval ka uste j\u00e4lgimiseks (M).\u00a0XS-B seeria tugevdatud vedruga, mis on m\u00f5eldud riiviga uste jaoks.<\/p>\n<div class='w3eden'><!-- WPDM Link Template: Default Template -->\n\n<div class=\"link-template-default card mb-2\">\n    <div class=\"card-body\">\n        <div class=\"media\">\n            <div class=\"mr-3 img-48\"><img decoding=\"async\" class=\"wpdm_icon\" alt=\"Icon\"   src=\"https:\/\/fonolukk.eu\/wp-content\/plugins\/download-manager\/assets\/file-type-icons\/pdf.svg\" \/><\/div>\n            <div class=\"media-body\">\n                <h3 class=\"package-title\"><a href='https:\/\/fonolukk.eu\/download\/xs00um-c-12-24v\/'>XS00UM-C 12-24V<\/a><\/h3>\n                <div class=\"text-muted text-small\"><i class=\"fas fa-copy\"><\/i> 1 file(s) <i class=\"fas fa-hdd ml-3\"><\/i> 710.46 KB<\/div>\n            <\/div>\n            <div class=\"ml-3\">\n                <a class='wpdm-download-link download-on-click btn btn-primary ' rel='nofollow' href='#' data-downloadurl=\"https:\/\/fonolukk.eu\/download\/xs00um-c-12-24v\/?wpdmdl=11018&refresh=69d6a97bbc6eb1775675771\">Lae<\/a>\n            <\/div>\n        <\/div>\n    <\/div>\n<\/div>\n\n<\/div>\n<\/div>\n<\/div>\n<\/div>\n","protected":false},"excerpt":{"rendered":"<p>XS-seeria elektromehaanilised l\u00f6\u00f6gid on kitsad (ainult 16,2 mm laiused) ja v\u00e4ikesed, mis v\u00f5imaldab paigaldamist kitsastesse profiilidesse ja ukseraamidesse.\u00a0<span class=\"goog-text-highlight\">Ehitatud s\u00fcmmeetriliselt &#8211; ideaalne erinevat t\u00fc\u00fcpi vasak- ja parempoolsete uste jaoks.\u00a0<\/span>Riiv on reguleeritav vahemikus 3,5 mm ja sellel on radiaalne kuju (ei l\u00e4he kaugemale elektriluku kontuurist) &#8211; n\u00f5uab v\u00e4hem tembeldamist, mis muudab kokkupaneku lihtsamaks ja kiiremaks.\u00a0Saadaval riivt\u00fc\u00fcpi uste jaoks m\u00f5eldud versioon (mudel B) ja integreeritud liuguriga uste jaoks (mudel C).<\/p>\n","protected":false},"featured_media":12474,"template":"","meta":[],"product_brand":[],"product_cat":[1064,1063],"product_tag":[],"class_list":{"0":"post-10998","1":"product","2":"type-product","3":"status-publish","4":"has-post-thumbnail","6":"product_cat-suletud-tuup","7":"product_cat-elektrivasturaud","9":"first","10":"instock","11":"taxable","12":"shipping-taxable","13":"purchasable","14":"product-type-simple"},"yoast_head":"<!-- This site is optimized with the Yoast SEO Premium plugin v27.3 (Yoast SEO v27.3) - https:\/\/yoast.com\/product\/yoast-seo-premium-wordpress\/ -->\n<title>Elektrivastus XS00UM-C 12-24V - Fonolukk<\/title>\n<meta name=\"description\" content=\"Elektrivastus XS00UM-C 12-24V - Fonolukk\" \/>\n<meta name=\"robots\" content=\"index, follow, max-snippet:-1, max-image-preview:large, max-video-preview:-1\" \/>\n<link rel=\"canonical\" href=\"https:\/\/fonolukk.eu\/et\/tooted\/elektrivastus-xs00um-c-12-24v\/\" \/>\n<meta property=\"og:locale\" content=\"et_EE\" \/>\n<meta property=\"og:type\" content=\"article\" \/>\n<meta property=\"og:title\" content=\"Elektrivastus XS00UM-C 12-24V Electric strikes XS\" \/>\n<meta property=\"og:description\" content=\"XS-seeria elektromehaanilised l\u00f6\u00f6gid on kitsad (ainult 16,2 mm laiused) ja v\u00e4ikesed, mis v\u00f5imaldab paigaldamist kitsastesse profiilidesse ja ukseraamidesse.\u00a0Ehitatud s\u00fcmmeetriliselt - ideaalne erinevat t\u00fc\u00fcpi vasak- ja parempoolsete uste jaoks.\u00a0Riiv on reguleeritav vahemikus 3,5 mm ja sellel on radiaalne kuju (ei l\u00e4he kaugemale elektriluku kontuurist) - n\u00f5uab v\u00e4hem tembeldamist, mis muudab kokkupaneku lihtsamaks ja kiiremaks.\u00a0Saadaval riivt\u00fc\u00fcpi uste jaoks m\u00f5eldud versioon (mudel B) ja integreeritud liuguriga uste jaoks (mudel C).\" \/>\n<meta property=\"og:url\" content=\"https:\/\/fonolukk.eu\/et\/tooted\/elektrivastus-xs00um-c-12-24v\/\" \/>\n<meta property=\"og:site_name\" content=\"Fonolukk\" \/>\n<meta property=\"article:publisher\" content=\"https:\/\/www.facebook.com\/fonolukk\" \/>\n<meta property=\"article:modified_time\" content=\"2022-07-02T10:17:31+00:00\" \/>\n<meta property=\"og:image\" content=\"https:\/\/fonolukk.eu\/wp-content\/uploads\/2021\/04\/166elektrozaczep-hartte-xsw_1200r_png_small-1-copy.png\" \/>\n\t<meta property=\"og:image:width\" content=\"1446\" \/>\n\t<meta property=\"og:image:height\" content=\"957\" \/>\n\t<meta property=\"og:image:type\" content=\"image\/png\" \/>\n<meta name=\"twitter:card\" content=\"summary_large_image\" \/>\n<meta name=\"twitter:title\" content=\"Elektrivastus XS00UM-C 12-24V\" \/>\n<meta name=\"twitter:label1\" content=\"Hind\" \/>\n\t<meta name=\"twitter:data1\" content=\"&euro;50.38 koos KM\" \/>\n\t<meta name=\"twitter:label2\" content=\"Availability\" \/>\n\t<meta name=\"twitter:data2\" content=\"Laos\" \/>\n<script type=\"application\/ld+json\" class=\"yoast-schema-graph\">{\"@context\":\"https:\\\/\\\/schema.org\",\"@graph\":[{\"@type\":\"WebPage\",\"@id\":\"https:\\\/\\\/fonolukk.eu\\\/et\\\/tooted\\\/elektrivastus-xs00um-c-12-24v\\\/\",\"url\":\"https:\\\/\\\/fonolukk.eu\\\/et\\\/tooted\\\/elektrivastus-xs00um-c-12-24v\\\/\",\"name\":\"Elektrivastus XS00UM-C 12-24V - Fonolukk\",\"isPartOf\":{\"@id\":\"https:\\\/\\\/fonolukk.eu\\\/et\\\/#website\"},\"primaryImageOfPage\":{\"@id\":\"https:\\\/\\\/fonolukk.eu\\\/et\\\/tooted\\\/elektrivastus-xs00um-c-12-24v\\\/#primaryimage\"},\"image\":{\"@id\":\"https:\\\/\\\/fonolukk.eu\\\/et\\\/tooted\\\/elektrivastus-xs00um-c-12-24v\\\/#primaryimage\"},\"thumbnailUrl\":\"https:\\\/\\\/fonolukk.eu\\\/wp-content\\\/uploads\\\/2021\\\/04\\\/166elektrozaczep-hartte-xsw_1200r_png_small-1-copy.png\",\"datePublished\":\"2021-04-15T20:48:06+00:00\",\"dateModified\":\"2022-07-02T10:17:31+00:00\",\"description\":\"Elektrivastus XS00UM-C 12-24V - Fonolukk\",\"breadcrumb\":{\"@id\":\"https:\\\/\\\/fonolukk.eu\\\/et\\\/tooted\\\/elektrivastus-xs00um-c-12-24v\\\/#breadcrumb\"},\"inLanguage\":\"et\",\"potentialAction\":[{\"@type\":\"ReadAction\",\"target\":[\"https:\\\/\\\/fonolukk.eu\\\/et\\\/tooted\\\/elektrivastus-xs00um-c-12-24v\\\/\"]}]},{\"@type\":\"ImageObject\",\"inLanguage\":\"et\",\"@id\":\"https:\\\/\\\/fonolukk.eu\\\/et\\\/tooted\\\/elektrivastus-xs00um-c-12-24v\\\/#primaryimage\",\"url\":\"https:\\\/\\\/fonolukk.eu\\\/wp-content\\\/uploads\\\/2021\\\/04\\\/166elektrozaczep-hartte-xsw_1200r_png_small-1-copy.png\",\"contentUrl\":\"https:\\\/\\\/fonolukk.eu\\\/wp-content\\\/uploads\\\/2021\\\/04\\\/166elektrozaczep-hartte-xsw_1200r_png_small-1-copy.png\",\"width\":1446,\"height\":957,\"caption\":\"XS00UM\"},{\"@type\":\"BreadcrumbList\",\"@id\":\"https:\\\/\\\/fonolukk.eu\\\/et\\\/tooted\\\/elektrivastus-xs00um-c-12-24v\\\/#breadcrumb\",\"itemListElement\":[{\"@type\":\"ListItem\",\"position\":1,\"name\":\"Esileht\",\"item\":\"https:\\\/\\\/fonolukk.eu\\\/et\\\/koduleht\\\/\"},{\"@type\":\"ListItem\",\"position\":2,\"name\":\"Tooted\",\"item\":\"https:\\\/\\\/fonolukk.eu\\\/et\\\/shop-2\\\/\"},{\"@type\":\"ListItem\",\"position\":3,\"name\":\"Elektrivasturaud\",\"item\":\"https:\\\/\\\/fonolukk.eu\\\/et\\\/product-category\\\/elektrivasturaud\\\/\"},{\"@type\":\"ListItem\",\"position\":4,\"name\":\"Elektrivastus XS00UM-C 12-24V\"}]},{\"@type\":\"WebSite\",\"@id\":\"https:\\\/\\\/fonolukk.eu\\\/et\\\/#website\",\"url\":\"https:\\\/\\\/fonolukk.eu\\\/et\\\/\",\"name\":\"Fonolukk eu\",\"description\":\"Smart Security Systems\",\"publisher\":{\"@id\":\"https:\\\/\\\/fonolukk.eu\\\/et\\\/#organization\"},\"potentialAction\":[{\"@type\":\"SearchAction\",\"target\":{\"@type\":\"EntryPoint\",\"urlTemplate\":\"https:\\\/\\\/fonolukk.eu\\\/et\\\/?s={search_term_string}\"},\"query-input\":{\"@type\":\"PropertyValueSpecification\",\"valueRequired\":true,\"valueName\":\"search_term_string\"}}],\"inLanguage\":\"et\"},{\"@type\":\"Organization\",\"@id\":\"https:\\\/\\\/fonolukk.eu\\\/et\\\/#organization\",\"name\":\"Smart Security OU\",\"url\":\"https:\\\/\\\/fonolukk.eu\\\/et\\\/\",\"logo\":{\"@type\":\"ImageObject\",\"inLanguage\":\"et\",\"@id\":\"https:\\\/\\\/fonolukk.eu\\\/et\\\/#\\\/schema\\\/logo\\\/image\\\/\",\"url\":\"https:\\\/\\\/fonolukk.eu\\\/wp-content\\\/uploads\\\/2023\\\/09\\\/fonolukk.png\",\"contentUrl\":\"https:\\\/\\\/fonolukk.eu\\\/wp-content\\\/uploads\\\/2023\\\/09\\\/fonolukk.png\",\"width\":277,\"height\":274,\"caption\":\"Smart Security OU\"},\"image\":{\"@id\":\"https:\\\/\\\/fonolukk.eu\\\/et\\\/#\\\/schema\\\/logo\\\/image\\\/\"},\"sameAs\":[\"https:\\\/\\\/www.facebook.com\\\/fonolukk\",\"https:\\\/\\\/www.instagram.com\\\/fonolukk\\\/?hl=ru\"],\"publishingPrinciples\":\"https:\\\/\\\/fonolukk.eu\\\/terms-and-conditions\\\/\",\"ownershipFundingInfo\":\"https:\\\/\\\/fonolukk.eu\\\/about-us\\\/\"}]}<\/script>\n<meta property=\"product:price:amount\" content=\"50.38\" \/>\n<meta property=\"product:price:currency\" content=\"EUR\" \/>\n<meta property=\"og:availability\" content=\"instock\" \/>\n<meta property=\"product:availability\" content=\"instock\" \/>\n<meta property=\"product:retailer_item_id\" content=\"Electric resistor XS00UM\" \/>\n<meta property=\"product:condition\" content=\"new\" \/>\n<!-- \/ Yoast SEO Premium plugin. -->","yoast_head_json":{"title":"Elektrivastus XS00UM-C 12-24V - Fonolukk","description":"Elektrivastus XS00UM-C 12-24V - Fonolukk","robots":{"index":"index","follow":"follow","max-snippet":"max-snippet:-1","max-image-preview":"max-image-preview:large","max-video-preview":"max-video-preview:-1"},"canonical":"https:\/\/fonolukk.eu\/et\/tooted\/elektrivastus-xs00um-c-12-24v\/","og_locale":"et_EE","og_type":"article","og_title":"Elektrivastus XS00UM-C 12-24V Electric strikes XS","og_description":"XS-seeria elektromehaanilised l\u00f6\u00f6gid on kitsad (ainult 16,2 mm laiused) ja v\u00e4ikesed, mis v\u00f5imaldab paigaldamist kitsastesse profiilidesse ja ukseraamidesse.\u00a0Ehitatud s\u00fcmmeetriliselt - ideaalne erinevat t\u00fc\u00fcpi vasak- ja parempoolsete uste jaoks.\u00a0Riiv on reguleeritav vahemikus 3,5 mm ja sellel on radiaalne kuju (ei l\u00e4he kaugemale elektriluku kontuurist) - n\u00f5uab v\u00e4hem tembeldamist, mis muudab kokkupaneku lihtsamaks ja kiiremaks.\u00a0Saadaval riivt\u00fc\u00fcpi uste jaoks m\u00f5eldud versioon (mudel B) ja integreeritud liuguriga uste jaoks (mudel C).","og_url":"https:\/\/fonolukk.eu\/et\/tooted\/elektrivastus-xs00um-c-12-24v\/","og_site_name":"Fonolukk","article_publisher":"https:\/\/www.facebook.com\/fonolukk","article_modified_time":"2022-07-02T10:17:31+00:00","og_image":[{"width":1446,"height":957,"url":"https:\/\/fonolukk.eu\/wp-content\/uploads\/2021\/04\/166elektrozaczep-hartte-xsw_1200r_png_small-1-copy.png","type":"image\/png"}],"twitter_card":"summary_large_image","twitter_title":"Elektrivastus XS00UM-C 12-24V","twitter_misc":{"Hind":"&euro;50.38 koos KM","Availability":"Laos"},"schema":{"@context":"https:\/\/schema.org","@graph":[{"@type":"WebPage","@id":"https:\/\/fonolukk.eu\/et\/tooted\/elektrivastus-xs00um-c-12-24v\/","url":"https:\/\/fonolukk.eu\/et\/tooted\/elektrivastus-xs00um-c-12-24v\/","name":"Elektrivastus XS00UM-C 12-24V - Fonolukk","isPartOf":{"@id":"https:\/\/fonolukk.eu\/et\/#website"},"primaryImageOfPage":{"@id":"https:\/\/fonolukk.eu\/et\/tooted\/elektrivastus-xs00um-c-12-24v\/#primaryimage"},"image":{"@id":"https:\/\/fonolukk.eu\/et\/tooted\/elektrivastus-xs00um-c-12-24v\/#primaryimage"},"thumbnailUrl":"https:\/\/fonolukk.eu\/wp-content\/uploads\/2021\/04\/166elektrozaczep-hartte-xsw_1200r_png_small-1-copy.png","datePublished":"2021-04-15T20:48:06+00:00","dateModified":"2022-07-02T10:17:31+00:00","description":"Elektrivastus XS00UM-C 12-24V - Fonolukk","breadcrumb":{"@id":"https:\/\/fonolukk.eu\/et\/tooted\/elektrivastus-xs00um-c-12-24v\/#breadcrumb"},"inLanguage":"et","potentialAction":[{"@type":"ReadAction","target":["https:\/\/fonolukk.eu\/et\/tooted\/elektrivastus-xs00um-c-12-24v\/"]}]},{"@type":"ImageObject","inLanguage":"et","@id":"https:\/\/fonolukk.eu\/et\/tooted\/elektrivastus-xs00um-c-12-24v\/#primaryimage","url":"https:\/\/fonolukk.eu\/wp-content\/uploads\/2021\/04\/166elektrozaczep-hartte-xsw_1200r_png_small-1-copy.png","contentUrl":"https:\/\/fonolukk.eu\/wp-content\/uploads\/2021\/04\/166elektrozaczep-hartte-xsw_1200r_png_small-1-copy.png","width":1446,"height":957,"caption":"XS00UM"},{"@type":"BreadcrumbList","@id":"https:\/\/fonolukk.eu\/et\/tooted\/elektrivastus-xs00um-c-12-24v\/#breadcrumb","itemListElement":[{"@type":"ListItem","position":1,"name":"Esileht","item":"https:\/\/fonolukk.eu\/et\/koduleht\/"},{"@type":"ListItem","position":2,"name":"Tooted","item":"https:\/\/fonolukk.eu\/et\/shop-2\/"},{"@type":"ListItem","position":3,"name":"Elektrivasturaud","item":"https:\/\/fonolukk.eu\/et\/product-category\/elektrivasturaud\/"},{"@type":"ListItem","position":4,"name":"Elektrivastus XS00UM-C 12-24V"}]},{"@type":"WebSite","@id":"https:\/\/fonolukk.eu\/et\/#website","url":"https:\/\/fonolukk.eu\/et\/","name":"Fonolukk eu","description":"Smart Security Systems","publisher":{"@id":"https:\/\/fonolukk.eu\/et\/#organization"},"potentialAction":[{"@type":"SearchAction","target":{"@type":"EntryPoint","urlTemplate":"https:\/\/fonolukk.eu\/et\/?s={search_term_string}"},"query-input":{"@type":"PropertyValueSpecification","valueRequired":true,"valueName":"search_term_string"}}],"inLanguage":"et"},{"@type":"Organization","@id":"https:\/\/fonolukk.eu\/et\/#organization","name":"Smart Security OU","url":"https:\/\/fonolukk.eu\/et\/","logo":{"@type":"ImageObject","inLanguage":"et","@id":"https:\/\/fonolukk.eu\/et\/#\/schema\/logo\/image\/","url":"https:\/\/fonolukk.eu\/wp-content\/uploads\/2023\/09\/fonolukk.png","contentUrl":"https:\/\/fonolukk.eu\/wp-content\/uploads\/2023\/09\/fonolukk.png","width":277,"height":274,"caption":"Smart Security OU"},"image":{"@id":"https:\/\/fonolukk.eu\/et\/#\/schema\/logo\/image\/"},"sameAs":["https:\/\/www.facebook.com\/fonolukk","https:\/\/www.instagram.com\/fonolukk\/?hl=ru"],"publishingPrinciples":"https:\/\/fonolukk.eu\/terms-and-conditions\/","ownershipFundingInfo":"https:\/\/fonolukk.eu\/about-us\/"}]},"product_price_amount":"50.38","product_price_currency":"EUR","og_availability":"instock","product_availability":"instock","product_retailer_item_id":"Electric resistor XS00UM","product_condition":"new"},"_links":{"self":[{"href":"https:\/\/fonolukk.eu\/et\/wp-json\/wp\/v2\/product\/10998","targetHints":{"allow":["GET"]}}],"collection":[{"href":"https:\/\/fonolukk.eu\/et\/wp-json\/wp\/v2\/product"}],"about":[{"href":"https:\/\/fonolukk.eu\/et\/wp-json\/wp\/v2\/types\/product"}],"version-history":[{"count":0,"href":"https:\/\/fonolukk.eu\/et\/wp-json\/wp\/v2\/product\/10998\/revisions"}],"wp:featuredmedia":[{"embeddable":true,"href":"https:\/\/fonolukk.eu\/et\/wp-json\/wp\/v2\/media\/12474"}],"wp:attachment":[{"href":"https:\/\/fonolukk.eu\/et\/wp-json\/wp\/v2\/media?parent=10998"}],"wp:term":[{"taxonomy":"product_brand","embeddable":true,"href":"https:\/\/fonolukk.eu\/et\/wp-json\/wp\/v2\/product_brand?post=10998"},{"taxonomy":"product_cat","embeddable":true,"href":"https:\/\/fonolukk.eu\/et\/wp-json\/wp\/v2\/product_cat?post=10998"},{"taxonomy":"product_tag","embeddable":true,"href":"https:\/\/fonolukk.eu\/et\/wp-json\/wp\/v2\/product_tag?post=10998"}],"curies":[{"name":"wp","href":"https:\/\/api.w.org\/{rel}","templated":true}]}}