{"id":11083,"date":"2021-05-28T12:24:53","date_gmt":"2021-05-28T09:24:54","guid":{"rendered":"https:\/\/fonolukk.eu\/?post_type=product&#038;p=11083"},"modified":"2021-05-31T22:46:09","modified_gmt":"2021-05-31T19:46:09","slug":"smartsec-st-lc300em-kombineeritud-kaart-uhf-em-iso","status":"publish","type":"product","link":"https:\/\/fonolukk.eu\/et\/tooted\/smartsec-st-lc300em-kombineeritud-kaart-uhf-em-iso\/","title":{"rendered":"Smartsec ST-LC300EM kombineeritud kaart UHF + EM, ISO"},"content":{"rendered":"<div id=\"tab-description\" class=\"tab-content resp-tab-content resp-tab-content-active\" aria-labelledby=\"tab_item-0\">\n<ul>\n<li><b><span>UHF t\u00f6\u00f6sagedus &#8211; 860\u2013960 MHz<\/span><\/b><\/li>\n<li><b><span>T\u00f6\u00f6sagedus EM &#8211; 125 kHz<\/span><\/b><\/li>\n<li><b><span>UHF-standard &#8211; EPCglobal Gen2 (ISO-18000-6C)<\/span><\/b><\/li>\n<li><b><span>UHF lugemiskaugus &#8211; kuni 10 m<\/span><\/b><\/li>\n<li><b><span>EM lugemiskaugus &#8211; kuni 6 cm<\/span><\/b><\/li>\n<li><b><span>UHF CHIP &#8211; tulnukas H3<\/span><\/b><\/li>\n<li><b><span>CHIP EM &#8211; H-4100<\/span><\/b><\/li>\n<li><b><span>UHF-m\u00e4lumaht &#8211; EPC 96-bitine, USER 512-bitine<\/span><\/b><\/li>\n<li><b><span>EM-m\u00e4lumaht &#8211; 64-bitine<\/span><\/b><\/li>\n<li><b><span>UHF-m\u00e4lu t\u00fc\u00fcp &#8211; lugemine \/ kirjutamine<\/span><\/b><\/li>\n<li><b><span>EM-m\u00e4lu t\u00fc\u00fcp &#8211; loe<\/span><\/b><\/li>\n<li><b><span>Materjal &#8211; PVC<\/span><\/b><\/li>\n<li><b><span>M\u00f5\u00f5tmed &#8211; 86 x 54,0 x 0,8 mm<\/span><\/b><\/li>\n<li><b><span>T\u00f6\u00f6temperatuuri vahemik &#8211; -50 \u00b0 \u0421 kuni + 85 \u00b0 \u0421<\/span><\/b><\/li>\n<li><b><span>T\u00f6\u00f6niiskus &#8211; 90%<\/span><\/b><\/li>\n<\/ul>\n<p><span>ID-kaart t\u00f6\u00f6sagedusega 860\u2013960 MHz (UHF) \/ 125 kHz (EM) ja lugemiskaugus kuni 10 m \/ 6 cm.<\/span><\/p>\n<\/div>\n","protected":false},"excerpt":{"rendered":"<div class=\"description woocommerce-product-details__short-description\">\n<div class=\"description woocommerce-product-details__short-description\">\n<p><span>ID-kaart t\u00f6\u00f6sagedusega 860\u2013960 MHz (UHF) \/ 125 kHz (EM) ja lugemiskaugus kuni 10 m \/ 6 cm.<\/span><\/p>\n<\/div>\n<div class=\"product_meta\"><\/div>\n<\/div>\n<div class=\"product_meta\"><\/div>\n","protected":false},"featured_media":11086,"template":"","meta":[],"product_brand":[],"product_cat":[1072,866,1075],"product_tag":[],"class_list":{"0":"post-11083","1":"product","2":"type-product","3":"status-publish","4":"has-post-thumbnail","6":"product_cat-kaardid-ja-kiibid","7":"product_cat-labipaasususteem","8":"product_cat-kaardid-ja-kiibid-uhf","10":"first","11":"instock","12":"taxable","13":"shipping-taxable","14":"product-type-simple"},"yoast_head":"<!-- This site is optimized with the Yoast SEO Premium plugin v27.3 (Yoast SEO v27.3) - https:\/\/yoast.com\/product\/yoast-seo-premium-wordpress\/ -->\n<title>Smartsec ST-LC300EM kombineeritud kaart UHF + EM, ISO - Fonolukk<\/title>\n<meta name=\"description\" content=\"Smartsec ST-LC300EM kombineeritud kaart UHF + EM, ISO - Fonolukk\" \/>\n<meta name=\"robots\" content=\"index, follow, max-snippet:-1, max-image-preview:large, max-video-preview:-1\" \/>\n<link rel=\"canonical\" href=\"https:\/\/fonolukk.eu\/et\/tooted\/smartsec-st-lc300em-kombineeritud-kaart-uhf-em-iso\/\" \/>\n<meta property=\"og:locale\" content=\"et_EE\" \/>\n<meta property=\"og:type\" content=\"article\" \/>\n<meta property=\"og:title\" content=\"Smartsec ST-LC300EM kombineeritud kaart UHF + EM, ISO Electric strikes XS\" \/>\n<meta property=\"og:description\" content=\"ID-kaart t\u00f6\u00f6sagedusega 860\u2013960 MHz (UHF) \/ 125 kHz (EM) ja lugemiskaugus kuni 10 m \/ 6 cm.\" \/>\n<meta property=\"og:url\" content=\"https:\/\/fonolukk.eu\/et\/tooted\/smartsec-st-lc300em-kombineeritud-kaart-uhf-em-iso\/\" \/>\n<meta property=\"og:site_name\" content=\"Fonolukk\" \/>\n<meta property=\"article:publisher\" content=\"https:\/\/www.facebook.com\/fonolukk\" \/>\n<meta property=\"article:modified_time\" content=\"2021-05-31T19:46:09+00:00\" \/>\n<meta property=\"og:image\" content=\"https:\/\/fonolukk.eu\/wp-content\/uploads\/2021\/05\/ST-LC300EM-1.jpeg\" \/>\n\t<meta property=\"og:image:width\" content=\"600\" \/>\n\t<meta property=\"og:image:height\" content=\"600\" \/>\n\t<meta property=\"og:image:type\" content=\"image\/jpeg\" \/>\n<meta name=\"twitter:card\" content=\"summary_large_image\" \/>\n<meta name=\"twitter:title\" content=\"Smartsec ST-LC300EM kombineeritud kaart UHF + EM, ISO\" \/>\n<meta name=\"twitter:label1\" content=\"Hind\" \/>\n\t<meta name=\"twitter:data1\" content=\"\" \/>\n\t<meta name=\"twitter:label2\" content=\"Availability\" \/>\n\t<meta name=\"twitter:data2\" content=\"Laos\" \/>\n<script type=\"application\/ld+json\" class=\"yoast-schema-graph\">{\"@context\":\"https:\\\/\\\/schema.org\",\"@graph\":[{\"@type\":\"WebPage\",\"@id\":\"https:\\\/\\\/fonolukk.eu\\\/et\\\/tooted\\\/smartsec-st-lc300em-kombineeritud-kaart-uhf-em-iso\\\/\",\"url\":\"https:\\\/\\\/fonolukk.eu\\\/et\\\/tooted\\\/smartsec-st-lc300em-kombineeritud-kaart-uhf-em-iso\\\/\",\"name\":\"Smartsec ST-LC300EM kombineeritud kaart UHF + EM, ISO - Fonolukk\",\"isPartOf\":{\"@id\":\"https:\\\/\\\/fonolukk.eu\\\/et\\\/#website\"},\"primaryImageOfPage\":{\"@id\":\"https:\\\/\\\/fonolukk.eu\\\/et\\\/tooted\\\/smartsec-st-lc300em-kombineeritud-kaart-uhf-em-iso\\\/#primaryimage\"},\"image\":{\"@id\":\"https:\\\/\\\/fonolukk.eu\\\/et\\\/tooted\\\/smartsec-st-lc300em-kombineeritud-kaart-uhf-em-iso\\\/#primaryimage\"},\"thumbnailUrl\":\"https:\\\/\\\/fonolukk.eu\\\/wp-content\\\/uploads\\\/2021\\\/05\\\/ST-LC300EM-1.jpeg\",\"datePublished\":\"2021-05-28T09:24:54+00:00\",\"dateModified\":\"2021-05-31T19:46:09+00:00\",\"description\":\"Smartsec ST-LC300EM kombineeritud kaart UHF + EM, ISO - Fonolukk\",\"breadcrumb\":{\"@id\":\"https:\\\/\\\/fonolukk.eu\\\/et\\\/tooted\\\/smartsec-st-lc300em-kombineeritud-kaart-uhf-em-iso\\\/#breadcrumb\"},\"inLanguage\":\"et\",\"potentialAction\":[{\"@type\":\"ReadAction\",\"target\":[\"https:\\\/\\\/fonolukk.eu\\\/et\\\/tooted\\\/smartsec-st-lc300em-kombineeritud-kaart-uhf-em-iso\\\/\"]}]},{\"@type\":\"ImageObject\",\"inLanguage\":\"et\",\"@id\":\"https:\\\/\\\/fonolukk.eu\\\/et\\\/tooted\\\/smartsec-st-lc300em-kombineeritud-kaart-uhf-em-iso\\\/#primaryimage\",\"url\":\"https:\\\/\\\/fonolukk.eu\\\/wp-content\\\/uploads\\\/2021\\\/05\\\/ST-LC300EM-1.jpeg\",\"contentUrl\":\"https:\\\/\\\/fonolukk.eu\\\/wp-content\\\/uploads\\\/2021\\\/05\\\/ST-LC300EM-1.jpeg\",\"width\":600,\"height\":600,\"caption\":\"smartsec card\"},{\"@type\":\"BreadcrumbList\",\"@id\":\"https:\\\/\\\/fonolukk.eu\\\/et\\\/tooted\\\/smartsec-st-lc300em-kombineeritud-kaart-uhf-em-iso\\\/#breadcrumb\",\"itemListElement\":[{\"@type\":\"ListItem\",\"position\":1,\"name\":\"Esileht\",\"item\":\"https:\\\/\\\/fonolukk.eu\\\/et\\\/koduleht\\\/\"},{\"@type\":\"ListItem\",\"position\":2,\"name\":\"Tooted\",\"item\":\"https:\\\/\\\/fonolukk.eu\\\/et\\\/shop-2\\\/\"},{\"@type\":\"ListItem\",\"position\":3,\"name\":\"L\u00e4bip\u00e4\u00e4sus\u00fcsteem\",\"item\":\"https:\\\/\\\/fonolukk.eu\\\/et\\\/product-category\\\/labipaasususteem\\\/\"},{\"@type\":\"ListItem\",\"position\":4,\"name\":\"Smartsec ST-LC300EM kombineeritud kaart UHF + EM, ISO\"}]},{\"@type\":\"WebSite\",\"@id\":\"https:\\\/\\\/fonolukk.eu\\\/et\\\/#website\",\"url\":\"https:\\\/\\\/fonolukk.eu\\\/et\\\/\",\"name\":\"Fonolukk eu\",\"description\":\"Smart Security Systems\",\"publisher\":{\"@id\":\"https:\\\/\\\/fonolukk.eu\\\/et\\\/#organization\"},\"potentialAction\":[{\"@type\":\"SearchAction\",\"target\":{\"@type\":\"EntryPoint\",\"urlTemplate\":\"https:\\\/\\\/fonolukk.eu\\\/et\\\/?s={search_term_string}\"},\"query-input\":{\"@type\":\"PropertyValueSpecification\",\"valueRequired\":true,\"valueName\":\"search_term_string\"}}],\"inLanguage\":\"et\"},{\"@type\":\"Organization\",\"@id\":\"https:\\\/\\\/fonolukk.eu\\\/et\\\/#organization\",\"name\":\"Smart Security OU\",\"url\":\"https:\\\/\\\/fonolukk.eu\\\/et\\\/\",\"logo\":{\"@type\":\"ImageObject\",\"inLanguage\":\"et\",\"@id\":\"https:\\\/\\\/fonolukk.eu\\\/et\\\/#\\\/schema\\\/logo\\\/image\\\/\",\"url\":\"https:\\\/\\\/fonolukk.eu\\\/wp-content\\\/uploads\\\/2023\\\/09\\\/fonolukk.png\",\"contentUrl\":\"https:\\\/\\\/fonolukk.eu\\\/wp-content\\\/uploads\\\/2023\\\/09\\\/fonolukk.png\",\"width\":277,\"height\":274,\"caption\":\"Smart Security OU\"},\"image\":{\"@id\":\"https:\\\/\\\/fonolukk.eu\\\/et\\\/#\\\/schema\\\/logo\\\/image\\\/\"},\"sameAs\":[\"https:\\\/\\\/www.facebook.com\\\/fonolukk\",\"https:\\\/\\\/www.instagram.com\\\/fonolukk\\\/?hl=ru\"],\"publishingPrinciples\":\"https:\\\/\\\/fonolukk.eu\\\/terms-and-conditions\\\/\",\"ownershipFundingInfo\":\"https:\\\/\\\/fonolukk.eu\\\/about-us\\\/\"}]}<\/script>\n<meta property=\"product:price:amount\" content=\"0.00\" \/>\n<meta property=\"product:price:currency\" content=\"EUR\" \/>\n<meta property=\"og:availability\" content=\"instock\" \/>\n<meta property=\"product:availability\" content=\"instock\" \/>\n<meta property=\"product:retailer_item_id\" content=\"ST-LC300EM\" \/>\n<meta property=\"product:condition\" content=\"new\" \/>\n<!-- \/ Yoast SEO Premium plugin. -->","yoast_head_json":{"title":"Smartsec ST-LC300EM kombineeritud kaart UHF + EM, ISO - Fonolukk","description":"Smartsec ST-LC300EM kombineeritud kaart UHF + EM, ISO - Fonolukk","robots":{"index":"index","follow":"follow","max-snippet":"max-snippet:-1","max-image-preview":"max-image-preview:large","max-video-preview":"max-video-preview:-1"},"canonical":"https:\/\/fonolukk.eu\/et\/tooted\/smartsec-st-lc300em-kombineeritud-kaart-uhf-em-iso\/","og_locale":"et_EE","og_type":"article","og_title":"Smartsec ST-LC300EM kombineeritud kaart UHF + EM, ISO Electric strikes XS","og_description":"ID-kaart t\u00f6\u00f6sagedusega 860\u2013960 MHz (UHF) \/ 125 kHz (EM) ja lugemiskaugus kuni 10 m \/ 6 cm.","og_url":"https:\/\/fonolukk.eu\/et\/tooted\/smartsec-st-lc300em-kombineeritud-kaart-uhf-em-iso\/","og_site_name":"Fonolukk","article_publisher":"https:\/\/www.facebook.com\/fonolukk","article_modified_time":"2021-05-31T19:46:09+00:00","og_image":[{"width":600,"height":600,"url":"https:\/\/fonolukk.eu\/wp-content\/uploads\/2021\/05\/ST-LC300EM-1.jpeg","type":"image\/jpeg"}],"twitter_card":"summary_large_image","twitter_title":"Smartsec ST-LC300EM kombineeritud kaart UHF + EM, ISO","twitter_misc":{"Hind":"","Availability":"Laos"},"schema":{"@context":"https:\/\/schema.org","@graph":[{"@type":"WebPage","@id":"https:\/\/fonolukk.eu\/et\/tooted\/smartsec-st-lc300em-kombineeritud-kaart-uhf-em-iso\/","url":"https:\/\/fonolukk.eu\/et\/tooted\/smartsec-st-lc300em-kombineeritud-kaart-uhf-em-iso\/","name":"Smartsec ST-LC300EM kombineeritud kaart UHF + EM, ISO - Fonolukk","isPartOf":{"@id":"https:\/\/fonolukk.eu\/et\/#website"},"primaryImageOfPage":{"@id":"https:\/\/fonolukk.eu\/et\/tooted\/smartsec-st-lc300em-kombineeritud-kaart-uhf-em-iso\/#primaryimage"},"image":{"@id":"https:\/\/fonolukk.eu\/et\/tooted\/smartsec-st-lc300em-kombineeritud-kaart-uhf-em-iso\/#primaryimage"},"thumbnailUrl":"https:\/\/fonolukk.eu\/wp-content\/uploads\/2021\/05\/ST-LC300EM-1.jpeg","datePublished":"2021-05-28T09:24:54+00:00","dateModified":"2021-05-31T19:46:09+00:00","description":"Smartsec ST-LC300EM kombineeritud kaart UHF + EM, ISO - Fonolukk","breadcrumb":{"@id":"https:\/\/fonolukk.eu\/et\/tooted\/smartsec-st-lc300em-kombineeritud-kaart-uhf-em-iso\/#breadcrumb"},"inLanguage":"et","potentialAction":[{"@type":"ReadAction","target":["https:\/\/fonolukk.eu\/et\/tooted\/smartsec-st-lc300em-kombineeritud-kaart-uhf-em-iso\/"]}]},{"@type":"ImageObject","inLanguage":"et","@id":"https:\/\/fonolukk.eu\/et\/tooted\/smartsec-st-lc300em-kombineeritud-kaart-uhf-em-iso\/#primaryimage","url":"https:\/\/fonolukk.eu\/wp-content\/uploads\/2021\/05\/ST-LC300EM-1.jpeg","contentUrl":"https:\/\/fonolukk.eu\/wp-content\/uploads\/2021\/05\/ST-LC300EM-1.jpeg","width":600,"height":600,"caption":"smartsec card"},{"@type":"BreadcrumbList","@id":"https:\/\/fonolukk.eu\/et\/tooted\/smartsec-st-lc300em-kombineeritud-kaart-uhf-em-iso\/#breadcrumb","itemListElement":[{"@type":"ListItem","position":1,"name":"Esileht","item":"https:\/\/fonolukk.eu\/et\/koduleht\/"},{"@type":"ListItem","position":2,"name":"Tooted","item":"https:\/\/fonolukk.eu\/et\/shop-2\/"},{"@type":"ListItem","position":3,"name":"L\u00e4bip\u00e4\u00e4sus\u00fcsteem","item":"https:\/\/fonolukk.eu\/et\/product-category\/labipaasususteem\/"},{"@type":"ListItem","position":4,"name":"Smartsec ST-LC300EM kombineeritud kaart UHF + EM, ISO"}]},{"@type":"WebSite","@id":"https:\/\/fonolukk.eu\/et\/#website","url":"https:\/\/fonolukk.eu\/et\/","name":"Fonolukk eu","description":"Smart Security Systems","publisher":{"@id":"https:\/\/fonolukk.eu\/et\/#organization"},"potentialAction":[{"@type":"SearchAction","target":{"@type":"EntryPoint","urlTemplate":"https:\/\/fonolukk.eu\/et\/?s={search_term_string}"},"query-input":{"@type":"PropertyValueSpecification","valueRequired":true,"valueName":"search_term_string"}}],"inLanguage":"et"},{"@type":"Organization","@id":"https:\/\/fonolukk.eu\/et\/#organization","name":"Smart Security OU","url":"https:\/\/fonolukk.eu\/et\/","logo":{"@type":"ImageObject","inLanguage":"et","@id":"https:\/\/fonolukk.eu\/et\/#\/schema\/logo\/image\/","url":"https:\/\/fonolukk.eu\/wp-content\/uploads\/2023\/09\/fonolukk.png","contentUrl":"https:\/\/fonolukk.eu\/wp-content\/uploads\/2023\/09\/fonolukk.png","width":277,"height":274,"caption":"Smart Security OU"},"image":{"@id":"https:\/\/fonolukk.eu\/et\/#\/schema\/logo\/image\/"},"sameAs":["https:\/\/www.facebook.com\/fonolukk","https:\/\/www.instagram.com\/fonolukk\/?hl=ru"],"publishingPrinciples":"https:\/\/fonolukk.eu\/terms-and-conditions\/","ownershipFundingInfo":"https:\/\/fonolukk.eu\/about-us\/"}]},"product_price_amount":"0.00","product_price_currency":"EUR","og_availability":"instock","product_availability":"instock","product_retailer_item_id":"ST-LC300EM","product_condition":"new"},"_links":{"self":[{"href":"https:\/\/fonolukk.eu\/et\/wp-json\/wp\/v2\/product\/11083","targetHints":{"allow":["GET"]}}],"collection":[{"href":"https:\/\/fonolukk.eu\/et\/wp-json\/wp\/v2\/product"}],"about":[{"href":"https:\/\/fonolukk.eu\/et\/wp-json\/wp\/v2\/types\/product"}],"version-history":[{"count":0,"href":"https:\/\/fonolukk.eu\/et\/wp-json\/wp\/v2\/product\/11083\/revisions"}],"wp:featuredmedia":[{"embeddable":true,"href":"https:\/\/fonolukk.eu\/et\/wp-json\/wp\/v2\/media\/11086"}],"wp:attachment":[{"href":"https:\/\/fonolukk.eu\/et\/wp-json\/wp\/v2\/media?parent=11083"}],"wp:term":[{"taxonomy":"product_brand","embeddable":true,"href":"https:\/\/fonolukk.eu\/et\/wp-json\/wp\/v2\/product_brand?post=11083"},{"taxonomy":"product_cat","embeddable":true,"href":"https:\/\/fonolukk.eu\/et\/wp-json\/wp\/v2\/product_cat?post=11083"},{"taxonomy":"product_tag","embeddable":true,"href":"https:\/\/fonolukk.eu\/et\/wp-json\/wp\/v2\/product_tag?post=11083"}],"curies":[{"name":"wp","href":"https:\/\/api.w.org\/{rel}","templated":true}]}}