{"id":11116,"date":"2021-06-09T15:45:12","date_gmt":"2021-06-09T12:45:13","guid":{"rendered":"https:\/\/fonolukk.eu\/?post_type=product&#038;p=11116"},"modified":"2021-06-09T16:44:27","modified_gmt":"2021-06-09T13:44:27","slug":"videx-art-4812","status":"publish","type":"product","link":"https:\/\/fonolukk.eu\/et\/tooted\/videx-art-4812\/","title":{"rendered":"Videx ART. 4812"},"content":{"rendered":"<div class=\"container-fluid mainpage\">\n<div class=\"row tab_product displayed_site\" data-visibility=\"visibilitybox\">\n<div class=\"tab_container myrow\">\n<div id=\"tab1\" class=\"tab_content description myrow\">\n<div class=\"myrow\">\n<p>Vandaalikindel digitaalne k\u00f5nepaneel GSM-s\u00fcsteemile<\/p>\n<\/div>\n<div class=\"myrow outside_table\">\n<table style=\"height: 757px;\" width=\"627\">\n<colgroup>\n<col \/>\n<col \/><\/colgroup>\n<tbody>\n<tr>\n<td>\u00dchendus<\/td>\n<td>GSM 2G \/ 3G<\/td>\n<\/tr>\n<tr>\n<td>Ekraan \/ taustvalgus<\/td>\n<td>Graafiline 128x64px \/ sinine<\/td>\n<\/tr>\n<tr>\n<td>Plaadi t\u00fc\u00fcp<\/td>\n<td>Vandaalikindel<\/td>\n<\/tr>\n<tr>\n<td>Plaadi viimistlus<\/td>\n<td>Harjatud roostevaba teras<\/td>\n<\/tr>\n<tr>\n<td>Klahvistiku nupud<\/td>\n<td>18<\/td>\n<\/tr>\n<tr>\n<td>Juurdep\u00e4\u00e4su kontroll<\/td>\n<td>Kasutajakood \/ l\u00e4hedusv\u00f5tmete lugeja<\/td>\n<\/tr>\n<tr>\n<td>Kasutajate \/ kasutajakoodide arv<\/td>\n<td>500\/500<\/td>\n<\/tr>\n<tr>\n<td>RFID sagedus<\/td>\n<td>125KHz<\/td>\n<\/tr>\n<tr>\n<td>Programmeerimine<\/td>\n<td>Klahvistik \/ USB \/ SMS<\/td>\n<\/tr>\n<tr>\n<td>Liidesed<\/td>\n<td>RS-485 \/ USB<\/td>\n<\/tr>\n<tr>\n<td>Numbrite avamiseks helistage<\/td>\n<td>2000<\/td>\n<\/tr>\n<tr>\n<td>Integreeritud l\u00e4hedusjuurdep\u00e4\u00e4s<\/td>\n<td>Kuni 2000 kasutajat<\/td>\n<\/tr>\n<tr>\n<td>H\u00e4\u00e4le kuulutamine<\/td>\n<td>Jah<\/td>\n<\/tr>\n<tr>\n<td>S\u00fcndmuste logi<\/td>\n<td>8000 \u00fcritust<\/td>\n<\/tr>\n<tr>\n<td>Bootloader<\/td>\n<td>Jah<\/td>\n<\/tr>\n<tr>\n<td>Ajav\u00f6\u00f6ndid<\/td>\n<td>Jah, 10<\/td>\n<\/tr>\n<tr>\n<td>Paigaldamine<\/td>\n<td>Modular 4000 seeria<\/td>\n<\/tr>\n<tr>\n<td>Suurus<\/td>\n<td>2 moodulit<\/td>\n<\/tr>\n<tr>\n<td>Relee<\/td>\n<td>1<\/td>\n<\/tr>\n<tr>\n<td>Relee pinged<\/td>\n<td>Maksimaalselt 24Vac \/ dc 2A<\/td>\n<\/tr>\n<tr>\n<td>Abisisend<\/td>\n<td>Jah, 1<\/td>\n<\/tr>\n<tr>\n<td>Avatud abikollektorite v\u00e4ljund<\/td>\n<td>Jah, 1<\/td>\n<\/tr>\n<tr>\n<td>PTE sisend<\/td>\n<td>Jah, 1<\/td>\n<\/tr>\n<tr>\n<td>T\u00f6\u00f6pinge<\/td>\n<td>12Vdc<\/td>\n<\/tr>\n<tr>\n<td>T\u00f6\u00f6temperatuur<\/td>\n<td>-10\u00b0+50\u00b0<\/td>\n<\/tr>\n<\/tbody>\n<\/table>\n<\/div>\n<\/div>\n<\/div>\n<\/div>\n<\/div>\n<div class=\"row main_title_website_boxed square title_for_related displayed_site\" data-visibility=\"visibilitybox\"><\/div>\n<div data-visibility=\"visibilitybox\"><div class='w3eden'><!-- WPDM Link Template: Default Template -->\n\n<div class=\"link-template-default card mb-2\">\n    <div class=\"card-body\">\n        <div class=\"media\">\n            <div class=\"mr-3 img-48\"><img decoding=\"async\" class=\"wpdm_icon\" alt=\"Icon\"   src=\"https:\/\/fonolukk.eu\/wp-content\/plugins\/download-manager\/assets\/file-type-icons\/pdf.svg\" \/><\/div>\n            <div class=\"media-body\">\n                <h3 class=\"package-title\"><a href='https:\/\/fonolukk.eu\/download\/art-4812\/'>ART. 4812<\/a><\/h3>\n                <div class=\"text-muted text-small\"><i class=\"fas fa-copy\"><\/i> 1 file(s) <i class=\"fas fa-hdd ml-3\"><\/i> 1.75 MB<\/div>\n            <\/div>\n            <div class=\"ml-3\">\n                <a class='wpdm-download-link download-on-click btn btn-primary ' rel='nofollow' href='#' data-downloadurl=\"https:\/\/fonolukk.eu\/download\/art-4812\/?wpdmdl=11121&refresh=69e106711b29c1776354929\">Lae<\/a>\n            <\/div>\n        <\/div>\n    <\/div>\n<\/div>\n\n<\/div><\/div>\n","protected":false},"excerpt":{"rendered":"<div class=\"myrow singleinfo_details\">\n<p><span class=\"goog-text-highlight\">Vandaalikindel digitaalne k\u00f5nepaneel GSM-s\u00fcsteemile<\/span><\/p>\n<h3>\u00dchendus<\/h3>\n<div class=\"taxterm\">GSM<\/div>\n<\/div>\n<div class=\"myrow singleinfo_details\">\n<h3><\/h3>\n<h3>S\u00fcsteemid<\/h3>\n<div class=\"taxterm\">GSM-s\u00fcsteem<\/div>\n<\/div>\n<div class=\"myrow singleinfo_details\">\n<h3><\/h3>\n<h3>Tooteliinid<\/h3>\n<div class=\"taxterm\">4000 seeria v\u00e4ljas<\/div>\n<\/div>\n<div class=\"myrow singleinfo_details\">\n<h3><\/h3>\n<h3>Toote t\u00fc\u00fcp<\/h3>\n<div class=\"taxterm\">Digitaalne k\u00f5nepaneel<\/div>\n<\/div>\n<div class=\"myrow singleinfo_details\">\n<h3><\/h3>\n<h3>Peamine omadus<\/h3>\n<div class=\"taxterm\">Paigaldus<\/div>\n<p>|<\/p>\n<div class=\"taxterm\">L\u00e4hedusv\u00f5tmete lugeja<\/div>\n<p>|<\/p>\n<div class=\"taxterm\">Pinnale paigaldamine<\/div>\n<p>|<\/p>\n<div class=\"taxterm\">Vandaalikindel<\/div>\n<\/div>\n<div class=\"myrow singleinfo_details\">\n<h3><\/h3>\n<h3>Rakendustoode<\/h3>\n<div class=\"taxterm\">Kortermaja<\/div>\n<p>|<\/p>\n<div class=\"taxterm\">Mitteelamu, segat\u00fc\u00fcpi v\u00f5i kompleksne<\/div>\n<\/div>\n","protected":false},"featured_media":11119,"template":"","meta":[],"product_brand":[],"product_cat":[606,992,990],"product_tag":[],"class_list":{"0":"post-11116","1":"product","2":"type-product","3":"status-publish","4":"has-post-thumbnail","6":"product_cat-fonolukud","7":"product_cat-fonoluku-paneel-et-2","8":"product_cat-videx-et-2","10":"first","11":"instock","12":"taxable","13":"shipping-taxable","14":"product-type-simple"},"yoast_head":"<!-- This site is optimized with the Yoast SEO Premium plugin v27.3 (Yoast SEO v27.3) - https:\/\/yoast.com\/product\/yoast-seo-premium-wordpress\/ -->\n<title>Videx ART. 4812 - Fonolukk<\/title>\n<meta name=\"description\" content=\"Videx ART. 4812 - Fonolukk\" \/>\n<meta name=\"robots\" content=\"index, follow, max-snippet:-1, max-image-preview:large, max-video-preview:-1\" \/>\n<link rel=\"canonical\" href=\"https:\/\/fonolukk.eu\/et\/tooted\/videx-art-4812\/\" \/>\n<meta property=\"og:locale\" content=\"et_EE\" \/>\n<meta property=\"og:type\" content=\"article\" \/>\n<meta property=\"og:title\" content=\"Videx ART. 4812 Electric strikes XS\" \/>\n<meta property=\"og:description\" content=\"Vandaalikindel digitaalne k\u00f5nepaneel GSM-s\u00fcsteemile \u00dchendus GSM    S\u00fcsteemid GSM-s\u00fcsteem    Tooteliinid 4000 seeria v\u00e4ljas    Toote t\u00fc\u00fcp Digitaalne k\u00f5nepaneel    Peamine omadus Paigaldus | L\u00e4hedusv\u00f5tmete lugeja | Pinnale paigaldamine | Vandaalikindel    Rakendustoode Kortermaja | Mitteelamu, segat\u00fc\u00fcpi v\u00f5i kompleksne\" \/>\n<meta property=\"og:url\" content=\"https:\/\/fonolukk.eu\/et\/tooted\/videx-art-4812\/\" \/>\n<meta property=\"og:site_name\" content=\"Fonolukk\" \/>\n<meta property=\"article:publisher\" content=\"https:\/\/www.facebook.com\/fonolukk\" \/>\n<meta property=\"article:modified_time\" content=\"2021-06-09T13:44:27+00:00\" \/>\n<meta property=\"og:image\" content=\"https:\/\/fonolukk.eu\/wp-content\/uploads\/2021\/06\/4812.jpeg\" \/>\n\t<meta property=\"og:image:width\" content=\"1000\" \/>\n\t<meta property=\"og:image:height\" content=\"1000\" \/>\n\t<meta property=\"og:image:type\" content=\"image\/jpeg\" \/>\n<meta name=\"twitter:card\" content=\"summary_large_image\" \/>\n<meta name=\"twitter:title\" content=\"Videx ART. 4812\" \/>\n<meta name=\"twitter:label1\" content=\"Hind\" \/>\n\t<meta name=\"twitter:data1\" content=\"\" \/>\n\t<meta name=\"twitter:label2\" content=\"Availability\" \/>\n\t<meta name=\"twitter:data2\" content=\"Laos\" \/>\n<script type=\"application\/ld+json\" class=\"yoast-schema-graph\">{\"@context\":\"https:\\\/\\\/schema.org\",\"@graph\":[{\"@type\":\"WebPage\",\"@id\":\"https:\\\/\\\/fonolukk.eu\\\/et\\\/tooted\\\/videx-art-4812\\\/\",\"url\":\"https:\\\/\\\/fonolukk.eu\\\/et\\\/tooted\\\/videx-art-4812\\\/\",\"name\":\"Videx ART. 4812 - Fonolukk\",\"isPartOf\":{\"@id\":\"https:\\\/\\\/fonolukk.eu\\\/et\\\/#website\"},\"primaryImageOfPage\":{\"@id\":\"https:\\\/\\\/fonolukk.eu\\\/et\\\/tooted\\\/videx-art-4812\\\/#primaryimage\"},\"image\":{\"@id\":\"https:\\\/\\\/fonolukk.eu\\\/et\\\/tooted\\\/videx-art-4812\\\/#primaryimage\"},\"thumbnailUrl\":\"https:\\\/\\\/fonolukk.eu\\\/wp-content\\\/uploads\\\/2021\\\/06\\\/4812.jpeg\",\"datePublished\":\"2021-06-09T12:45:13+00:00\",\"dateModified\":\"2021-06-09T13:44:27+00:00\",\"description\":\"Videx ART. 4812 - Fonolukk\",\"breadcrumb\":{\"@id\":\"https:\\\/\\\/fonolukk.eu\\\/et\\\/tooted\\\/videx-art-4812\\\/#breadcrumb\"},\"inLanguage\":\"et\",\"potentialAction\":[{\"@type\":\"ReadAction\",\"target\":[\"https:\\\/\\\/fonolukk.eu\\\/et\\\/tooted\\\/videx-art-4812\\\/\"]}]},{\"@type\":\"ImageObject\",\"inLanguage\":\"et\",\"@id\":\"https:\\\/\\\/fonolukk.eu\\\/et\\\/tooted\\\/videx-art-4812\\\/#primaryimage\",\"url\":\"https:\\\/\\\/fonolukk.eu\\\/wp-content\\\/uploads\\\/2021\\\/06\\\/4812.jpeg\",\"contentUrl\":\"https:\\\/\\\/fonolukk.eu\\\/wp-content\\\/uploads\\\/2021\\\/06\\\/4812.jpeg\",\"width\":1000,\"height\":1000,\"caption\":\"Fonolukk - videx\"},{\"@type\":\"BreadcrumbList\",\"@id\":\"https:\\\/\\\/fonolukk.eu\\\/et\\\/tooted\\\/videx-art-4812\\\/#breadcrumb\",\"itemListElement\":[{\"@type\":\"ListItem\",\"position\":1,\"name\":\"Esileht\",\"item\":\"https:\\\/\\\/fonolukk.eu\\\/et\\\/koduleht\\\/\"},{\"@type\":\"ListItem\",\"position\":2,\"name\":\"Tooted\",\"item\":\"https:\\\/\\\/fonolukk.eu\\\/et\\\/shop-2\\\/\"},{\"@type\":\"ListItem\",\"position\":3,\"name\":\"L\u00e4bip\u00e4\u00e4sus\u00fcsteem\",\"item\":\"https:\\\/\\\/fonolukk.eu\\\/et\\\/product-category\\\/labipaasususteem\\\/\"},{\"@type\":\"ListItem\",\"position\":4,\"name\":\"Videx ART. 4812\"}]},{\"@type\":\"WebSite\",\"@id\":\"https:\\\/\\\/fonolukk.eu\\\/et\\\/#website\",\"url\":\"https:\\\/\\\/fonolukk.eu\\\/et\\\/\",\"name\":\"Fonolukk eu\",\"description\":\"Smart Security Systems\",\"publisher\":{\"@id\":\"https:\\\/\\\/fonolukk.eu\\\/et\\\/#organization\"},\"potentialAction\":[{\"@type\":\"SearchAction\",\"target\":{\"@type\":\"EntryPoint\",\"urlTemplate\":\"https:\\\/\\\/fonolukk.eu\\\/et\\\/?s={search_term_string}\"},\"query-input\":{\"@type\":\"PropertyValueSpecification\",\"valueRequired\":true,\"valueName\":\"search_term_string\"}}],\"inLanguage\":\"et\"},{\"@type\":\"Organization\",\"@id\":\"https:\\\/\\\/fonolukk.eu\\\/et\\\/#organization\",\"name\":\"Smart Security OU\",\"url\":\"https:\\\/\\\/fonolukk.eu\\\/et\\\/\",\"logo\":{\"@type\":\"ImageObject\",\"inLanguage\":\"et\",\"@id\":\"https:\\\/\\\/fonolukk.eu\\\/et\\\/#\\\/schema\\\/logo\\\/image\\\/\",\"url\":\"https:\\\/\\\/fonolukk.eu\\\/wp-content\\\/uploads\\\/2023\\\/09\\\/fonolukk.png\",\"contentUrl\":\"https:\\\/\\\/fonolukk.eu\\\/wp-content\\\/uploads\\\/2023\\\/09\\\/fonolukk.png\",\"width\":277,\"height\":274,\"caption\":\"Smart Security OU\"},\"image\":{\"@id\":\"https:\\\/\\\/fonolukk.eu\\\/et\\\/#\\\/schema\\\/logo\\\/image\\\/\"},\"sameAs\":[\"https:\\\/\\\/www.facebook.com\\\/fonolukk\",\"https:\\\/\\\/www.instagram.com\\\/fonolukk\\\/?hl=ru\"],\"publishingPrinciples\":\"https:\\\/\\\/fonolukk.eu\\\/terms-and-conditions\\\/\",\"ownershipFundingInfo\":\"https:\\\/\\\/fonolukk.eu\\\/about-us\\\/\"}]}<\/script>\n<meta property=\"product:price:amount\" content=\"0.00\" \/>\n<meta property=\"product:price:currency\" content=\"EUR\" \/>\n<meta property=\"og:availability\" content=\"instock\" \/>\n<meta property=\"product:availability\" content=\"instock\" \/>\n<meta property=\"product:retailer_item_id\" content=\"Videx 4812\" \/>\n<meta property=\"product:condition\" content=\"new\" \/>\n<!-- \/ Yoast SEO Premium plugin. -->","yoast_head_json":{"title":"Videx ART. 4812 - Fonolukk","description":"Videx ART. 4812 - Fonolukk","robots":{"index":"index","follow":"follow","max-snippet":"max-snippet:-1","max-image-preview":"max-image-preview:large","max-video-preview":"max-video-preview:-1"},"canonical":"https:\/\/fonolukk.eu\/et\/tooted\/videx-art-4812\/","og_locale":"et_EE","og_type":"article","og_title":"Videx ART. 4812 Electric strikes XS","og_description":"Vandaalikindel digitaalne k\u00f5nepaneel GSM-s\u00fcsteemile \u00dchendus GSM    S\u00fcsteemid GSM-s\u00fcsteem    Tooteliinid 4000 seeria v\u00e4ljas    Toote t\u00fc\u00fcp Digitaalne k\u00f5nepaneel    Peamine omadus Paigaldus | L\u00e4hedusv\u00f5tmete lugeja | Pinnale paigaldamine | Vandaalikindel    Rakendustoode Kortermaja | Mitteelamu, segat\u00fc\u00fcpi v\u00f5i kompleksne","og_url":"https:\/\/fonolukk.eu\/et\/tooted\/videx-art-4812\/","og_site_name":"Fonolukk","article_publisher":"https:\/\/www.facebook.com\/fonolukk","article_modified_time":"2021-06-09T13:44:27+00:00","og_image":[{"width":1000,"height":1000,"url":"https:\/\/fonolukk.eu\/wp-content\/uploads\/2021\/06\/4812.jpeg","type":"image\/jpeg"}],"twitter_card":"summary_large_image","twitter_title":"Videx ART. 4812","twitter_misc":{"Hind":"","Availability":"Laos"},"schema":{"@context":"https:\/\/schema.org","@graph":[{"@type":"WebPage","@id":"https:\/\/fonolukk.eu\/et\/tooted\/videx-art-4812\/","url":"https:\/\/fonolukk.eu\/et\/tooted\/videx-art-4812\/","name":"Videx ART. 4812 - Fonolukk","isPartOf":{"@id":"https:\/\/fonolukk.eu\/et\/#website"},"primaryImageOfPage":{"@id":"https:\/\/fonolukk.eu\/et\/tooted\/videx-art-4812\/#primaryimage"},"image":{"@id":"https:\/\/fonolukk.eu\/et\/tooted\/videx-art-4812\/#primaryimage"},"thumbnailUrl":"https:\/\/fonolukk.eu\/wp-content\/uploads\/2021\/06\/4812.jpeg","datePublished":"2021-06-09T12:45:13+00:00","dateModified":"2021-06-09T13:44:27+00:00","description":"Videx ART. 4812 - Fonolukk","breadcrumb":{"@id":"https:\/\/fonolukk.eu\/et\/tooted\/videx-art-4812\/#breadcrumb"},"inLanguage":"et","potentialAction":[{"@type":"ReadAction","target":["https:\/\/fonolukk.eu\/et\/tooted\/videx-art-4812\/"]}]},{"@type":"ImageObject","inLanguage":"et","@id":"https:\/\/fonolukk.eu\/et\/tooted\/videx-art-4812\/#primaryimage","url":"https:\/\/fonolukk.eu\/wp-content\/uploads\/2021\/06\/4812.jpeg","contentUrl":"https:\/\/fonolukk.eu\/wp-content\/uploads\/2021\/06\/4812.jpeg","width":1000,"height":1000,"caption":"Fonolukk - videx"},{"@type":"BreadcrumbList","@id":"https:\/\/fonolukk.eu\/et\/tooted\/videx-art-4812\/#breadcrumb","itemListElement":[{"@type":"ListItem","position":1,"name":"Esileht","item":"https:\/\/fonolukk.eu\/et\/koduleht\/"},{"@type":"ListItem","position":2,"name":"Tooted","item":"https:\/\/fonolukk.eu\/et\/shop-2\/"},{"@type":"ListItem","position":3,"name":"L\u00e4bip\u00e4\u00e4sus\u00fcsteem","item":"https:\/\/fonolukk.eu\/et\/product-category\/labipaasususteem\/"},{"@type":"ListItem","position":4,"name":"Videx ART. 4812"}]},{"@type":"WebSite","@id":"https:\/\/fonolukk.eu\/et\/#website","url":"https:\/\/fonolukk.eu\/et\/","name":"Fonolukk eu","description":"Smart Security Systems","publisher":{"@id":"https:\/\/fonolukk.eu\/et\/#organization"},"potentialAction":[{"@type":"SearchAction","target":{"@type":"EntryPoint","urlTemplate":"https:\/\/fonolukk.eu\/et\/?s={search_term_string}"},"query-input":{"@type":"PropertyValueSpecification","valueRequired":true,"valueName":"search_term_string"}}],"inLanguage":"et"},{"@type":"Organization","@id":"https:\/\/fonolukk.eu\/et\/#organization","name":"Smart Security OU","url":"https:\/\/fonolukk.eu\/et\/","logo":{"@type":"ImageObject","inLanguage":"et","@id":"https:\/\/fonolukk.eu\/et\/#\/schema\/logo\/image\/","url":"https:\/\/fonolukk.eu\/wp-content\/uploads\/2023\/09\/fonolukk.png","contentUrl":"https:\/\/fonolukk.eu\/wp-content\/uploads\/2023\/09\/fonolukk.png","width":277,"height":274,"caption":"Smart Security OU"},"image":{"@id":"https:\/\/fonolukk.eu\/et\/#\/schema\/logo\/image\/"},"sameAs":["https:\/\/www.facebook.com\/fonolukk","https:\/\/www.instagram.com\/fonolukk\/?hl=ru"],"publishingPrinciples":"https:\/\/fonolukk.eu\/terms-and-conditions\/","ownershipFundingInfo":"https:\/\/fonolukk.eu\/about-us\/"}]},"product_price_amount":"0.00","product_price_currency":"EUR","og_availability":"instock","product_availability":"instock","product_retailer_item_id":"Videx 4812","product_condition":"new"},"_links":{"self":[{"href":"https:\/\/fonolukk.eu\/et\/wp-json\/wp\/v2\/product\/11116","targetHints":{"allow":["GET"]}}],"collection":[{"href":"https:\/\/fonolukk.eu\/et\/wp-json\/wp\/v2\/product"}],"about":[{"href":"https:\/\/fonolukk.eu\/et\/wp-json\/wp\/v2\/types\/product"}],"version-history":[{"count":0,"href":"https:\/\/fonolukk.eu\/et\/wp-json\/wp\/v2\/product\/11116\/revisions"}],"wp:featuredmedia":[{"embeddable":true,"href":"https:\/\/fonolukk.eu\/et\/wp-json\/wp\/v2\/media\/11119"}],"wp:attachment":[{"href":"https:\/\/fonolukk.eu\/et\/wp-json\/wp\/v2\/media?parent=11116"}],"wp:term":[{"taxonomy":"product_brand","embeddable":true,"href":"https:\/\/fonolukk.eu\/et\/wp-json\/wp\/v2\/product_brand?post=11116"},{"taxonomy":"product_cat","embeddable":true,"href":"https:\/\/fonolukk.eu\/et\/wp-json\/wp\/v2\/product_cat?post=11116"},{"taxonomy":"product_tag","embeddable":true,"href":"https:\/\/fonolukk.eu\/et\/wp-json\/wp\/v2\/product_tag?post=11116"}],"curies":[{"name":"wp","href":"https:\/\/api.w.org\/{rel}","templated":true}]}}