{"id":11124,"date":"2021-06-09T16:22:26","date_gmt":"2021-06-09T13:22:27","guid":{"rendered":"https:\/\/fonolukk.eu\/?post_type=product&#038;p=11124"},"modified":"2021-06-09T16:39:12","modified_gmt":"2021-06-09T13:39:12","slug":"videx-art-4812r","status":"publish","type":"product","link":"https:\/\/fonolukk.eu\/et\/tooted\/videx-art-4812r\/","title":{"rendered":"Videx ART. 4812R"},"content":{"rendered":"<div class=\"container-fluid mainpage\">\n<div class=\"row tab_product displayed_site\" data-visibility=\"visibilitybox\">\n<div class=\"tab_container myrow\">\n<div id=\"tab1\" class=\"tab_content description myrow\">\n<div class=\"myrow\">\n<p><span>Vandaalikindel digitaalne k\u00f5nepaneel GSM-s\u00fcsteemile koos repertuaarinime v\u00f5imalusega<\/span><\/p>\n<\/div>\n<div class=\"myrow outside_table\">\n<table style=\"height: 767px;\" width=\"667\">\n<colgroup>\n<col \/>\n<col \/><\/colgroup>\n<tbody>\n<tr>\n<td><span>\u00dchendus<\/span><\/td>\n<td><span>GSM 2G \/ 3G<\/span><\/td>\n<\/tr>\n<tr>\n<td><span>Repertuaari nime rajatis<\/span><\/td>\n<td><span>Jah<\/span><\/td>\n<\/tr>\n<tr>\n<td><span>Ekraan \/ taustvalgus<\/span><\/td>\n<td><span>Graafiline 128x64px \/ sinine<\/span><\/td>\n<\/tr>\n<tr>\n<td><span>Plaadi t\u00fc\u00fcp<\/span><\/td>\n<td><span>VR<\/span><\/td>\n<\/tr>\n<tr>\n<td><span>Plaadi viimistlus<\/span><\/td>\n<td><span>Harjatud roostevaba teras<\/span><\/td>\n<\/tr>\n<tr>\n<td><span>Klahvistiku nupud<\/span><\/td>\n<td>15<\/td>\n<\/tr>\n<tr>\n<td><span>Juurdep\u00e4\u00e4su kontroll<\/span><\/td>\n<td><span>Kasutajakood \/ l\u00e4hedusv\u00f5tmete lugeja<\/span><\/td>\n<\/tr>\n<tr>\n<td><span>Kasutajate \/ kasutajakoodide arv<\/span><\/td>\n<td>500\/500<\/td>\n<\/tr>\n<tr>\n<td><span>RFID sagedus<\/span><\/td>\n<td><span>125KHz<\/span><\/td>\n<\/tr>\n<tr>\n<td><span>Programmeerimine<\/span><\/td>\n<td><span>Klahvistik \/ USB \/ SMS<\/span><\/td>\n<\/tr>\n<tr>\n<td><span>Liidesed<\/span><\/td>\n<td><span>RS-485 \/ USB<\/span><\/td>\n<\/tr>\n<tr>\n<td><span>Numbrite avamiseks helistage<\/span><\/td>\n<td>2000<\/td>\n<\/tr>\n<tr>\n<td><span>Integreeritud l\u00e4hedusjuurdep\u00e4\u00e4s<\/span><\/td>\n<td><span>Kuni 2000 kasutajat<\/span><\/td>\n<\/tr>\n<tr>\n<td><span>H\u00e4\u00e4le kuulutamine<\/span><\/td>\n<td><span>Jah<\/span><\/td>\n<\/tr>\n<tr>\n<td><span>S\u00fcndmuste logi<\/span><\/td>\n<td><span>8000 \u00fcritust<\/span><\/td>\n<\/tr>\n<tr>\n<td><span>Bootloader<\/span><\/td>\n<td><span>Jah<\/span><\/td>\n<\/tr>\n<tr>\n<td><span>Ajav\u00f6\u00f6ndid<\/span><\/td>\n<td><span>Jah, 10<\/span><\/td>\n<\/tr>\n<tr>\n<td><span>Paigaldamine<\/span><\/td>\n<td><span>Modular 4000 seeria<\/span><\/td>\n<\/tr>\n<tr>\n<td><span>Suurus<\/span><\/td>\n<td><span>2 moodulit<\/span><\/td>\n<\/tr>\n<tr>\n<td><span>Relee<\/span><\/td>\n<td>1<\/td>\n<\/tr>\n<tr>\n<td><span>Relee pinged<\/span><\/td>\n<td><span>Maksimaalselt 24Vac \/ dc 2A<\/span><\/td>\n<\/tr>\n<tr>\n<td><span>Abisisend<\/span><\/td>\n<td><span>Jah, 1<\/span><\/td>\n<\/tr>\n<tr>\n<td><span>Avatud abikollektorite v\u00e4ljund<\/span><\/td>\n<td><span>Jah, 1<\/span><\/td>\n<\/tr>\n<tr>\n<td><span>PTE sisend<\/span><\/td>\n<td><span>Jah, 1<\/span><\/td>\n<\/tr>\n<tr>\n<td><span>T\u00f6\u00f6pinge<\/span><\/td>\n<td><span>12Vdc<\/span><\/td>\n<\/tr>\n<tr>\n<td><span>T\u00f6\u00f6temperatuur<\/span><\/td>\n<td>-10\u00b0+50\u00b0<\/td>\n<\/tr>\n<\/tbody>\n<\/table>\n<\/div>\n<\/div>\n<\/div>\n<\/div>\n<\/div>\n<div class=\"row main_title_website_boxed square title_for_related displayed_site\" data-visibility=\"visibilitybox\"><\/div>\n<div data-visibility=\"visibilitybox\">\n<div class=\"container-fluid mainpage\">\n<div class=\"row tab_product displayed_site\" data-visibility=\"visibilitybox\">\n<div class=\"tab_container myrow\">\n<div id=\"tab1\" class=\"tab_content description myrow\">\n<div class=\"myrow outside_table\">\n<div class='w3eden'><!-- WPDM Link Template: Default Template -->\n\n<div class=\"link-template-default card mb-2\">\n    <div class=\"card-body\">\n        <div class=\"media\">\n            <div class=\"mr-3 img-48\"><img decoding=\"async\" class=\"wpdm_icon\" alt=\"Icon\"   src=\"https:\/\/fonolukk.eu\/wp-content\/plugins\/download-manager\/assets\/file-type-icons\/pdf.svg\" \/><\/div>\n            <div class=\"media-body\">\n                <h3 class=\"package-title\"><a href='https:\/\/fonolukk.eu\/download\/art-4812r\/'>ART. 4812R<\/a><\/h3>\n                <div class=\"text-muted text-small\"><i class=\"fas fa-copy\"><\/i> 1 file(s) <i class=\"fas fa-hdd ml-3\"><\/i> 20.95 MB<\/div>\n            <\/div>\n            <div class=\"ml-3\">\n                <a class='wpdm-download-link download-on-click btn btn-primary ' rel='nofollow' href='#' data-downloadurl=\"https:\/\/fonolukk.eu\/download\/art-4812r\/?wpdmdl=11129&refresh=69ff02938d7881778320019\">Lae<\/a>\n            <\/div>\n        <\/div>\n    <\/div>\n<\/div>\n\n<\/div>\n<\/div>\n<\/div>\n<\/div>\n<\/div>\n<\/div>\n<div class=\"row main_title_website_boxed square title_for_related displayed_site\" data-visibility=\"visibilitybox\"><\/div>\n<\/div>\n","protected":false},"excerpt":{"rendered":"<div class=\"myrow singleinfo_details\">\n<div class=\"myrow singleinfo_details\">\n<h3 style=\"text-align: center;\"><span>\u00dchendus<\/span><\/h3>\n<div class=\"taxterm\" style=\"text-align: center;\"><span>GSM<\/span><\/div>\n<\/div>\n<div class=\"myrow singleinfo_details\" style=\"text-align: center;\">\n<h3><\/h3>\n<h3><span>S\u00fcsteemid<\/span><\/h3>\n<div class=\"taxterm\"><span>GSM-s\u00fcsteem<\/span><\/div>\n<\/div>\n<div class=\"myrow singleinfo_details\" style=\"text-align: center;\">\n<h3><\/h3>\n<h3><span>Tooteliinid<\/span><\/h3>\n<div class=\"taxterm\"><span>4000 seeria v\u00e4ljas<\/span><\/div>\n<\/div>\n<div class=\"myrow singleinfo_details\" style=\"text-align: center;\">\n<h3><\/h3>\n<h3><span>Toote t\u00fc\u00fcp<\/span><\/h3>\n<div class=\"taxterm\"><span>Digitaalne k\u00f5nepaneel<\/span><\/div>\n<\/div>\n<div class=\"myrow singleinfo_details\" style=\"text-align: center;\">\n<h3><\/h3>\n<h3><span>Peamine omadus<\/span><\/h3>\n<div class=\"taxterm\"><span>Paigaldus<\/span><\/div>\n<p>|<\/p>\n<div class=\"taxterm\"><span>L\u00e4hedusv\u00f5tmete lugeja<\/span><\/div>\n<p><span>\u00a0|\u00a0<\/span><\/p>\n<div class=\"taxterm\"><span>Repertuaari nimi<\/span><\/div>\n<p><span>\u00a0|\u00a0<\/span><\/p>\n<div class=\"taxterm\"><span>Pinnale paigaldamine<\/span><\/div>\n<p><span>\u00a0|\u00a0<\/span><\/p>\n<div class=\"taxterm\"><span>Vandaalikindel<\/span><\/div>\n<\/div>\n<div class=\"myrow singleinfo_details\" style=\"text-align: center;\">\n<h3 style=\"text-align: center;\"><\/h3>\n<h3 style=\"text-align: center;\"><span>Rakendustoode<\/span><\/h3>\n<div class=\"taxterm\" style=\"text-align: center;\"><span>Kortermaja<\/span><\/div>\n<p><span>\u00a0|\u00a0<\/span><\/p>\n<div class=\"taxterm\" style=\"text-align: center;\"><span>Mitteelamu, segat\u00fc\u00fcpi v\u00f5i kompleksne<\/span><\/div>\n<\/div>\n<\/div>\n","protected":false},"featured_media":11127,"template":"","meta":[],"product_brand":[],"product_cat":[606,992,990],"product_tag":[],"class_list":{"0":"post-11124","1":"product","2":"type-product","3":"status-publish","4":"has-post-thumbnail","6":"product_cat-fonolukk","7":"product_cat-fonoluku-paneel-et-2","8":"product_cat-videx-et-2","10":"first","11":"instock","12":"taxable","13":"shipping-taxable","14":"product-type-simple"},"yoast_head":"<!-- This site is optimized with the Yoast SEO Premium plugin v27.5 (Yoast SEO v27.5) - https:\/\/yoast.com\/product\/yoast-seo-premium-wordpress\/ -->\n<title>Videx ART. 4812R - Fonolukk<\/title>\n<meta name=\"description\" content=\"Videx ART. 4812R - Fonolukk\" \/>\n<meta name=\"robots\" content=\"index, follow, max-snippet:-1, max-image-preview:large, max-video-preview:-1\" \/>\n<link rel=\"canonical\" href=\"https:\/\/fonolukk.eu\/et\/tooted\/videx-art-4812r\/\" \/>\n<meta property=\"og:locale\" content=\"et_EE\" \/>\n<meta property=\"og:type\" content=\"article\" \/>\n<meta property=\"og:title\" content=\"Videx ART. 4812R Electric strikes XS\" \/>\n<meta property=\"og:description\" content=\"\u00dchendus GSM    S\u00fcsteemid GSM-s\u00fcsteem    Tooteliinid 4000 seeria v\u00e4ljas    Toote t\u00fc\u00fcp Digitaalne k\u00f5nepaneel    Peamine omadus Paigaldus | L\u00e4hedusv\u00f5tmete lugeja \u00a0|\u00a0 Repertuaari nimi \u00a0|\u00a0 Pinnale paigaldamine \u00a0|\u00a0 Vandaalikindel    Rakendustoode Kortermaja \u00a0|\u00a0 Mitteelamu, segat\u00fc\u00fcpi v\u00f5i kompleksne\" \/>\n<meta property=\"og:url\" content=\"https:\/\/fonolukk.eu\/et\/tooted\/videx-art-4812r\/\" \/>\n<meta property=\"og:site_name\" content=\"Fonolukk\" \/>\n<meta property=\"article:publisher\" content=\"https:\/\/www.facebook.com\/fonolukk\" \/>\n<meta property=\"article:modified_time\" content=\"2021-06-09T13:39:12+00:00\" \/>\n<meta property=\"og:image\" content=\"https:\/\/fonolukk.eu\/wp-content\/uploads\/2021\/06\/4812r.jpeg\" \/>\n\t<meta property=\"og:image:width\" content=\"1000\" \/>\n\t<meta property=\"og:image:height\" content=\"1000\" \/>\n\t<meta property=\"og:image:type\" content=\"image\/jpeg\" \/>\n<meta name=\"twitter:card\" content=\"summary_large_image\" \/>\n<meta name=\"twitter:title\" content=\"Videx ART. 4812R\" \/>\n<meta name=\"twitter:label1\" content=\"Hind\" \/>\n\t<meta name=\"twitter:data1\" content=\"\" \/>\n\t<meta name=\"twitter:label2\" content=\"Availability\" \/>\n\t<meta name=\"twitter:data2\" content=\"Laos\" \/>\n<script type=\"application\/ld+json\" class=\"yoast-schema-graph\">{\"@context\":\"https:\\\/\\\/schema.org\",\"@graph\":[{\"@type\":\"WebPage\",\"@id\":\"https:\\\/\\\/fonolukk.eu\\\/et\\\/tooted\\\/videx-art-4812r\\\/\",\"url\":\"https:\\\/\\\/fonolukk.eu\\\/et\\\/tooted\\\/videx-art-4812r\\\/\",\"name\":\"Videx ART. 4812R - Fonolukk\",\"isPartOf\":{\"@id\":\"https:\\\/\\\/fonolukk.eu\\\/et\\\/#website\"},\"primaryImageOfPage\":{\"@id\":\"https:\\\/\\\/fonolukk.eu\\\/et\\\/tooted\\\/videx-art-4812r\\\/#primaryimage\"},\"image\":{\"@id\":\"https:\\\/\\\/fonolukk.eu\\\/et\\\/tooted\\\/videx-art-4812r\\\/#primaryimage\"},\"thumbnailUrl\":\"https:\\\/\\\/fonolukk.eu\\\/wp-content\\\/uploads\\\/2021\\\/06\\\/4812r.jpeg\",\"datePublished\":\"2021-06-09T13:22:27+00:00\",\"dateModified\":\"2021-06-09T13:39:12+00:00\",\"description\":\"Videx ART. 4812R - Fonolukk\",\"breadcrumb\":{\"@id\":\"https:\\\/\\\/fonolukk.eu\\\/et\\\/tooted\\\/videx-art-4812r\\\/#breadcrumb\"},\"inLanguage\":\"et\",\"potentialAction\":[{\"@type\":\"ReadAction\",\"target\":[\"https:\\\/\\\/fonolukk.eu\\\/et\\\/tooted\\\/videx-art-4812r\\\/\"]}]},{\"@type\":\"ImageObject\",\"inLanguage\":\"et\",\"@id\":\"https:\\\/\\\/fonolukk.eu\\\/et\\\/tooted\\\/videx-art-4812r\\\/#primaryimage\",\"url\":\"https:\\\/\\\/fonolukk.eu\\\/wp-content\\\/uploads\\\/2021\\\/06\\\/4812r.jpeg\",\"contentUrl\":\"https:\\\/\\\/fonolukk.eu\\\/wp-content\\\/uploads\\\/2021\\\/06\\\/4812r.jpeg\",\"width\":1000,\"height\":1000,\"caption\":\"fonolukk eesti\"},{\"@type\":\"BreadcrumbList\",\"@id\":\"https:\\\/\\\/fonolukk.eu\\\/et\\\/tooted\\\/videx-art-4812r\\\/#breadcrumb\",\"itemListElement\":[{\"@type\":\"ListItem\",\"position\":1,\"name\":\"Esileht\",\"item\":\"https:\\\/\\\/fonolukk.eu\\\/et\\\/koduleht\\\/\"},{\"@type\":\"ListItem\",\"position\":2,\"name\":\"Tooted\",\"item\":\"https:\\\/\\\/fonolukk.eu\\\/et\\\/shop-2\\\/\"},{\"@type\":\"ListItem\",\"position\":3,\"name\":\"L\u00e4bip\u00e4\u00e4sus\u00fcsteem\",\"item\":\"https:\\\/\\\/fonolukk.eu\\\/et\\\/product-category\\\/labipaasususteem\\\/\"},{\"@type\":\"ListItem\",\"position\":4,\"name\":\"Videx ART. 4812R\"}]},{\"@type\":\"WebSite\",\"@id\":\"https:\\\/\\\/fonolukk.eu\\\/et\\\/#website\",\"url\":\"https:\\\/\\\/fonolukk.eu\\\/et\\\/\",\"name\":\"Fonolukk eu\",\"description\":\"Smart Security Systems\",\"publisher\":{\"@id\":\"https:\\\/\\\/fonolukk.eu\\\/et\\\/#organization\"},\"potentialAction\":[{\"@type\":\"SearchAction\",\"target\":{\"@type\":\"EntryPoint\",\"urlTemplate\":\"https:\\\/\\\/fonolukk.eu\\\/et\\\/?s={search_term_string}\"},\"query-input\":{\"@type\":\"PropertyValueSpecification\",\"valueRequired\":true,\"valueName\":\"search_term_string\"}}],\"inLanguage\":\"et\"},{\"@type\":\"Organization\",\"@id\":\"https:\\\/\\\/fonolukk.eu\\\/et\\\/#organization\",\"name\":\"Smart Security OU\",\"url\":\"https:\\\/\\\/fonolukk.eu\\\/et\\\/\",\"logo\":{\"@type\":\"ImageObject\",\"inLanguage\":\"et\",\"@id\":\"https:\\\/\\\/fonolukk.eu\\\/et\\\/#\\\/schema\\\/logo\\\/image\\\/\",\"url\":\"https:\\\/\\\/fonolukk.eu\\\/wp-content\\\/uploads\\\/2023\\\/09\\\/fonolukk.png\",\"contentUrl\":\"https:\\\/\\\/fonolukk.eu\\\/wp-content\\\/uploads\\\/2023\\\/09\\\/fonolukk.png\",\"width\":277,\"height\":274,\"caption\":\"Smart Security OU\"},\"image\":{\"@id\":\"https:\\\/\\\/fonolukk.eu\\\/et\\\/#\\\/schema\\\/logo\\\/image\\\/\"},\"sameAs\":[\"https:\\\/\\\/www.facebook.com\\\/fonolukk\",\"https:\\\/\\\/www.instagram.com\\\/fonolukk\\\/?hl=ru\"],\"publishingPrinciples\":\"https:\\\/\\\/fonolukk.eu\\\/terms-and-conditions\\\/\",\"ownershipFundingInfo\":\"https:\\\/\\\/fonolukk.eu\\\/about-us\\\/\"}]}<\/script>\n<meta property=\"product:price:amount\" content=\"0.00\" \/>\n<meta property=\"product:price:currency\" content=\"EUR\" \/>\n<meta property=\"og:availability\" content=\"instock\" \/>\n<meta property=\"product:availability\" content=\"instock\" \/>\n<meta property=\"product:retailer_item_id\" content=\"Videx 4812R\" \/>\n<meta property=\"product:condition\" content=\"new\" \/>\n<!-- \/ Yoast SEO Premium plugin. -->","yoast_head_json":{"title":"Videx ART. 4812R - Fonolukk","description":"Videx ART. 4812R - Fonolukk","robots":{"index":"index","follow":"follow","max-snippet":"max-snippet:-1","max-image-preview":"max-image-preview:large","max-video-preview":"max-video-preview:-1"},"canonical":"https:\/\/fonolukk.eu\/et\/tooted\/videx-art-4812r\/","og_locale":"et_EE","og_type":"article","og_title":"Videx ART. 4812R Electric strikes XS","og_description":"\u00dchendus GSM    S\u00fcsteemid GSM-s\u00fcsteem    Tooteliinid 4000 seeria v\u00e4ljas    Toote t\u00fc\u00fcp Digitaalne k\u00f5nepaneel    Peamine omadus Paigaldus | L\u00e4hedusv\u00f5tmete lugeja \u00a0|\u00a0 Repertuaari nimi \u00a0|\u00a0 Pinnale paigaldamine \u00a0|\u00a0 Vandaalikindel    Rakendustoode Kortermaja \u00a0|\u00a0 Mitteelamu, segat\u00fc\u00fcpi v\u00f5i kompleksne","og_url":"https:\/\/fonolukk.eu\/et\/tooted\/videx-art-4812r\/","og_site_name":"Fonolukk","article_publisher":"https:\/\/www.facebook.com\/fonolukk","article_modified_time":"2021-06-09T13:39:12+00:00","og_image":[{"width":1000,"height":1000,"url":"https:\/\/fonolukk.eu\/wp-content\/uploads\/2021\/06\/4812r.jpeg","type":"image\/jpeg"}],"twitter_card":"summary_large_image","twitter_title":"Videx ART. 4812R","twitter_misc":{"Hind":"","Availability":"Laos"},"schema":{"@context":"https:\/\/schema.org","@graph":[{"@type":"WebPage","@id":"https:\/\/fonolukk.eu\/et\/tooted\/videx-art-4812r\/","url":"https:\/\/fonolukk.eu\/et\/tooted\/videx-art-4812r\/","name":"Videx ART. 4812R - Fonolukk","isPartOf":{"@id":"https:\/\/fonolukk.eu\/et\/#website"},"primaryImageOfPage":{"@id":"https:\/\/fonolukk.eu\/et\/tooted\/videx-art-4812r\/#primaryimage"},"image":{"@id":"https:\/\/fonolukk.eu\/et\/tooted\/videx-art-4812r\/#primaryimage"},"thumbnailUrl":"https:\/\/fonolukk.eu\/wp-content\/uploads\/2021\/06\/4812r.jpeg","datePublished":"2021-06-09T13:22:27+00:00","dateModified":"2021-06-09T13:39:12+00:00","description":"Videx ART. 4812R - Fonolukk","breadcrumb":{"@id":"https:\/\/fonolukk.eu\/et\/tooted\/videx-art-4812r\/#breadcrumb"},"inLanguage":"et","potentialAction":[{"@type":"ReadAction","target":["https:\/\/fonolukk.eu\/et\/tooted\/videx-art-4812r\/"]}]},{"@type":"ImageObject","inLanguage":"et","@id":"https:\/\/fonolukk.eu\/et\/tooted\/videx-art-4812r\/#primaryimage","url":"https:\/\/fonolukk.eu\/wp-content\/uploads\/2021\/06\/4812r.jpeg","contentUrl":"https:\/\/fonolukk.eu\/wp-content\/uploads\/2021\/06\/4812r.jpeg","width":1000,"height":1000,"caption":"fonolukk eesti"},{"@type":"BreadcrumbList","@id":"https:\/\/fonolukk.eu\/et\/tooted\/videx-art-4812r\/#breadcrumb","itemListElement":[{"@type":"ListItem","position":1,"name":"Esileht","item":"https:\/\/fonolukk.eu\/et\/koduleht\/"},{"@type":"ListItem","position":2,"name":"Tooted","item":"https:\/\/fonolukk.eu\/et\/shop-2\/"},{"@type":"ListItem","position":3,"name":"L\u00e4bip\u00e4\u00e4sus\u00fcsteem","item":"https:\/\/fonolukk.eu\/et\/product-category\/labipaasususteem\/"},{"@type":"ListItem","position":4,"name":"Videx ART. 4812R"}]},{"@type":"WebSite","@id":"https:\/\/fonolukk.eu\/et\/#website","url":"https:\/\/fonolukk.eu\/et\/","name":"Fonolukk eu","description":"Smart Security Systems","publisher":{"@id":"https:\/\/fonolukk.eu\/et\/#organization"},"potentialAction":[{"@type":"SearchAction","target":{"@type":"EntryPoint","urlTemplate":"https:\/\/fonolukk.eu\/et\/?s={search_term_string}"},"query-input":{"@type":"PropertyValueSpecification","valueRequired":true,"valueName":"search_term_string"}}],"inLanguage":"et"},{"@type":"Organization","@id":"https:\/\/fonolukk.eu\/et\/#organization","name":"Smart Security OU","url":"https:\/\/fonolukk.eu\/et\/","logo":{"@type":"ImageObject","inLanguage":"et","@id":"https:\/\/fonolukk.eu\/et\/#\/schema\/logo\/image\/","url":"https:\/\/fonolukk.eu\/wp-content\/uploads\/2023\/09\/fonolukk.png","contentUrl":"https:\/\/fonolukk.eu\/wp-content\/uploads\/2023\/09\/fonolukk.png","width":277,"height":274,"caption":"Smart Security OU"},"image":{"@id":"https:\/\/fonolukk.eu\/et\/#\/schema\/logo\/image\/"},"sameAs":["https:\/\/www.facebook.com\/fonolukk","https:\/\/www.instagram.com\/fonolukk\/?hl=ru"],"publishingPrinciples":"https:\/\/fonolukk.eu\/terms-and-conditions\/","ownershipFundingInfo":"https:\/\/fonolukk.eu\/about-us\/"}]},"product_price_amount":"0.00","product_price_currency":"EUR","og_availability":"instock","product_availability":"instock","product_retailer_item_id":"Videx 4812R","product_condition":"new"},"_links":{"self":[{"href":"https:\/\/fonolukk.eu\/et\/wp-json\/wp\/v2\/product\/11124","targetHints":{"allow":["GET"]}}],"collection":[{"href":"https:\/\/fonolukk.eu\/et\/wp-json\/wp\/v2\/product"}],"about":[{"href":"https:\/\/fonolukk.eu\/et\/wp-json\/wp\/v2\/types\/product"}],"version-history":[{"count":0,"href":"https:\/\/fonolukk.eu\/et\/wp-json\/wp\/v2\/product\/11124\/revisions"}],"wp:featuredmedia":[{"embeddable":true,"href":"https:\/\/fonolukk.eu\/et\/wp-json\/wp\/v2\/media\/11127"}],"wp:attachment":[{"href":"https:\/\/fonolukk.eu\/et\/wp-json\/wp\/v2\/media?parent=11124"}],"wp:term":[{"taxonomy":"product_brand","embeddable":true,"href":"https:\/\/fonolukk.eu\/et\/wp-json\/wp\/v2\/product_brand?post=11124"},{"taxonomy":"product_cat","embeddable":true,"href":"https:\/\/fonolukk.eu\/et\/wp-json\/wp\/v2\/product_cat?post=11124"},{"taxonomy":"product_tag","embeddable":true,"href":"https:\/\/fonolukk.eu\/et\/wp-json\/wp\/v2\/product_tag?post=11124"}],"curies":[{"name":"wp","href":"https:\/\/api.w.org\/{rel}","templated":true}]}}