{"id":11132,"date":"2021-06-13T12:35:31","date_gmt":"2021-06-13T09:35:31","guid":{"rendered":"https:\/\/fonolukk.eu\/?post_type=product&#038;p=11132"},"modified":"2021-06-13T12:48:40","modified_gmt":"2021-06-13T09:48:40","slug":"liinikaitse-moodul-mzl-01","status":"publish","type":"product","link":"https:\/\/fonolukk.eu\/et\/tooted\/liinikaitse-moodul-mzl-01\/","title":{"rendered":"Liinikaitse moodul MZL-01"},"content":{"rendered":"<div class=\"textbox\">\n<p><span>Liinikaitsemoodul on m\u00f5eldud Laskomexi digitaalsetele intercomidele heli- ja videoversioonis.<\/span><\/p>\n<p><span>Need intercomid on varustatud L +, L- uniphone liini kaitsega, mis kaitseb l\u00fchise korral sisetelefoni kahjustuste eest ja p\u00f5hjustab v\u00e4lispaneelil kuval rikkest teavitava teate.\u00a0L + ja L- liinide l\u00fchise korral lakkab t\u00f6\u00f6tamast kogu intercom.<\/span><br \/>\n<span>Moodul jagab uniphone-liini neljaks iseseisvaks haruks ja kaitseb neid k\u00f5iki l\u00fchise eest.\u00a0Antud haru lagunemise korral on see eraldatud teistest, mis v\u00f5ivad t\u00f6\u00f6d j\u00e4tkata.<\/span><\/p>\n<p><span>Antud liini l\u00fchisest annab m\u00e4rku LED-dioodi valgustus.\u00a0Need valgusdioodid aitavad installijal tuvastada, kus rike tekkis.\u00a0Kaskaadis saab \u00fchendada kaks moodulit, suurendades seel\u00e4bi harude arvu, milleks saab intercomi s\u00fcsteemi jagada, 7-ni.<\/span><\/p>\n<\/div>\n","protected":false},"excerpt":{"rendered":"<p>Liinikaitsemoodul on m\u00f5eldud Laskomexi digitaalsetele intercomidele heli- ja videoversioonis. Need intercomid on varustatud L +, L- uniphone liini kaitsega, mis<\/p>\n","protected":false},"featured_media":15602,"template":"","meta":[],"product_brand":[],"product_cat":[606,957,1402,908],"product_tag":[],"class_list":{"0":"post-11132","1":"product","2":"type-product","3":"status-publish","4":"has-post-thumbnail","6":"product_cat-fonolukud","7":"product_cat-toiteblokid-aksessuaarid-et-3","8":"product_cat-vahetid","9":"product_cat-rainmann-laskomex-et-2","10":"pa_brand-laskomex-et","12":"first","13":"instock","14":"taxable","15":"shipping-taxable","16":"product-type-simple"},"yoast_head":"<!-- This site is optimized with the Yoast SEO Premium plugin v27.3 (Yoast SEO v27.3) - https:\/\/yoast.com\/product\/yoast-seo-premium-wordpress\/ -->\n<title>Liinikaitse moodul MZL-01 - Fonolukk<\/title>\n<meta name=\"description\" content=\"Liinikaitse moodul MZL-01 - Liinikaitsemoodul on m\u00f5eldud Laskomexi digitaalsetele intercomidele heli- ja videoversioonis.\" \/>\n<meta name=\"robots\" content=\"index, follow, max-snippet:-1, max-image-preview:large, max-video-preview:-1\" \/>\n<link rel=\"canonical\" href=\"https:\/\/fonolukk.eu\/et\/tooted\/liinikaitse-moodul-mzl-01\/\" \/>\n<meta property=\"og:locale\" content=\"et_EE\" \/>\n<meta property=\"og:type\" content=\"article\" \/>\n<meta property=\"og:title\" content=\"Liinikaitse moodul MZL-01 Electric strikes XS\" \/>\n<meta property=\"og:description\" content=\"Liinikaitsemoodul on m\u00f5eldud Laskomexi digitaalsetele intercomidele heli- ja videoversioonis. Need intercomid on varustatud L +, L- uniphone liini\" \/>\n<meta property=\"og:url\" content=\"https:\/\/fonolukk.eu\/et\/tooted\/liinikaitse-moodul-mzl-01\/\" \/>\n<meta property=\"og:site_name\" content=\"Fonolukk\" \/>\n<meta property=\"article:publisher\" content=\"https:\/\/www.facebook.com\/fonolukk\" \/>\n<meta property=\"article:modified_time\" content=\"2021-06-13T09:48:40+00:00\" \/>\n<meta property=\"og:image\" content=\"https:\/\/fonolukk.eu\/wp-content\/uploads\/2021\/06\/mzl-01-line-protection-module.jpg\" \/>\n\t<meta property=\"og:image:width\" content=\"896\" \/>\n\t<meta property=\"og:image:height\" content=\"676\" \/>\n\t<meta property=\"og:image:type\" content=\"image\/jpeg\" \/>\n<meta name=\"twitter:card\" content=\"summary_large_image\" \/>\n<meta name=\"twitter:title\" content=\"Liinikaitse moodul MZL-01\" \/>\n<meta name=\"twitter:label1\" content=\"Hind\" \/>\n\t<meta name=\"twitter:data1\" content=\"\" \/>\n\t<meta name=\"twitter:label2\" content=\"Availability\" \/>\n\t<meta name=\"twitter:data2\" content=\"Laos\" \/>\n<script type=\"application\/ld+json\" class=\"yoast-schema-graph\">{\"@context\":\"https:\\\/\\\/schema.org\",\"@graph\":[{\"@type\":\"WebPage\",\"@id\":\"https:\\\/\\\/fonolukk.eu\\\/et\\\/tooted\\\/liinikaitse-moodul-mzl-01\\\/\",\"url\":\"https:\\\/\\\/fonolukk.eu\\\/et\\\/tooted\\\/liinikaitse-moodul-mzl-01\\\/\",\"name\":\"Liinikaitse moodul MZL-01 - Fonolukk\",\"isPartOf\":{\"@id\":\"https:\\\/\\\/fonolukk.eu\\\/et\\\/#website\"},\"primaryImageOfPage\":{\"@id\":\"https:\\\/\\\/fonolukk.eu\\\/et\\\/tooted\\\/liinikaitse-moodul-mzl-01\\\/#primaryimage\"},\"image\":{\"@id\":\"https:\\\/\\\/fonolukk.eu\\\/et\\\/tooted\\\/liinikaitse-moodul-mzl-01\\\/#primaryimage\"},\"thumbnailUrl\":\"https:\\\/\\\/fonolukk.eu\\\/wp-content\\\/uploads\\\/2021\\\/06\\\/mzl-01-line-protection-module.jpg\",\"datePublished\":\"2021-06-13T09:35:31+00:00\",\"dateModified\":\"2021-06-13T09:48:40+00:00\",\"description\":\"Liinikaitse moodul MZL-01 - Liinikaitsemoodul on m\u00f5eldud Laskomexi digitaalsetele intercomidele heli- ja videoversioonis.\",\"breadcrumb\":{\"@id\":\"https:\\\/\\\/fonolukk.eu\\\/et\\\/tooted\\\/liinikaitse-moodul-mzl-01\\\/#breadcrumb\"},\"inLanguage\":\"et\",\"potentialAction\":[{\"@type\":\"ReadAction\",\"target\":[\"https:\\\/\\\/fonolukk.eu\\\/et\\\/tooted\\\/liinikaitse-moodul-mzl-01\\\/\"]}]},{\"@type\":\"ImageObject\",\"inLanguage\":\"et\",\"@id\":\"https:\\\/\\\/fonolukk.eu\\\/et\\\/tooted\\\/liinikaitse-moodul-mzl-01\\\/#primaryimage\",\"url\":\"https:\\\/\\\/fonolukk.eu\\\/wp-content\\\/uploads\\\/2021\\\/06\\\/mzl-01-line-protection-module.jpg\",\"contentUrl\":\"https:\\\/\\\/fonolukk.eu\\\/wp-content\\\/uploads\\\/2021\\\/06\\\/mzl-01-line-protection-module.jpg\",\"width\":896,\"height\":676,\"caption\":\"MZL-01 line protection module fonolukk\"},{\"@type\":\"BreadcrumbList\",\"@id\":\"https:\\\/\\\/fonolukk.eu\\\/et\\\/tooted\\\/liinikaitse-moodul-mzl-01\\\/#breadcrumb\",\"itemListElement\":[{\"@type\":\"ListItem\",\"position\":1,\"name\":\"Esileht\",\"item\":\"https:\\\/\\\/fonolukk.eu\\\/et\\\/koduleht\\\/\"},{\"@type\":\"ListItem\",\"position\":2,\"name\":\"Tooted\",\"item\":\"https:\\\/\\\/fonolukk.eu\\\/et\\\/shop-2\\\/\"},{\"@type\":\"ListItem\",\"position\":3,\"name\":\"Fonolukud\",\"item\":\"https:\\\/\\\/fonolukk.eu\\\/et\\\/product-category\\\/fonolukud\\\/\"},{\"@type\":\"ListItem\",\"position\":4,\"name\":\"Liinikaitse moodul MZL-01\"}]},{\"@type\":\"WebSite\",\"@id\":\"https:\\\/\\\/fonolukk.eu\\\/et\\\/#website\",\"url\":\"https:\\\/\\\/fonolukk.eu\\\/et\\\/\",\"name\":\"Fonolukk eu\",\"description\":\"Smart Security Systems\",\"publisher\":{\"@id\":\"https:\\\/\\\/fonolukk.eu\\\/et\\\/#organization\"},\"potentialAction\":[{\"@type\":\"SearchAction\",\"target\":{\"@type\":\"EntryPoint\",\"urlTemplate\":\"https:\\\/\\\/fonolukk.eu\\\/et\\\/?s={search_term_string}\"},\"query-input\":{\"@type\":\"PropertyValueSpecification\",\"valueRequired\":true,\"valueName\":\"search_term_string\"}}],\"inLanguage\":\"et\"},{\"@type\":\"Organization\",\"@id\":\"https:\\\/\\\/fonolukk.eu\\\/et\\\/#organization\",\"name\":\"Smart Security OU\",\"url\":\"https:\\\/\\\/fonolukk.eu\\\/et\\\/\",\"logo\":{\"@type\":\"ImageObject\",\"inLanguage\":\"et\",\"@id\":\"https:\\\/\\\/fonolukk.eu\\\/et\\\/#\\\/schema\\\/logo\\\/image\\\/\",\"url\":\"https:\\\/\\\/fonolukk.eu\\\/wp-content\\\/uploads\\\/2023\\\/09\\\/fonolukk.png\",\"contentUrl\":\"https:\\\/\\\/fonolukk.eu\\\/wp-content\\\/uploads\\\/2023\\\/09\\\/fonolukk.png\",\"width\":277,\"height\":274,\"caption\":\"Smart Security OU\"},\"image\":{\"@id\":\"https:\\\/\\\/fonolukk.eu\\\/et\\\/#\\\/schema\\\/logo\\\/image\\\/\"},\"sameAs\":[\"https:\\\/\\\/www.facebook.com\\\/fonolukk\",\"https:\\\/\\\/www.instagram.com\\\/fonolukk\\\/?hl=ru\"],\"publishingPrinciples\":\"https:\\\/\\\/fonolukk.eu\\\/terms-and-conditions\\\/\",\"ownershipFundingInfo\":\"https:\\\/\\\/fonolukk.eu\\\/about-us\\\/\"}]}<\/script>\n<meta property=\"product:brand\" content=\"Laskomex\" \/>\n<meta property=\"product:price:amount\" content=\"0.00\" \/>\n<meta property=\"product:price:currency\" content=\"EUR\" \/>\n<meta property=\"og:availability\" content=\"instock\" \/>\n<meta property=\"product:availability\" content=\"instock\" \/>\n<meta property=\"product:retailer_item_id\" content=\"MZL-01\" \/>\n<meta property=\"product:condition\" content=\"new\" \/>\n<!-- \/ Yoast SEO Premium plugin. -->","yoast_head_json":{"title":"Liinikaitse moodul MZL-01 - Fonolukk","description":"Liinikaitse moodul MZL-01 - Liinikaitsemoodul on m\u00f5eldud Laskomexi digitaalsetele intercomidele heli- ja videoversioonis.","robots":{"index":"index","follow":"follow","max-snippet":"max-snippet:-1","max-image-preview":"max-image-preview:large","max-video-preview":"max-video-preview:-1"},"canonical":"https:\/\/fonolukk.eu\/et\/tooted\/liinikaitse-moodul-mzl-01\/","og_locale":"et_EE","og_type":"article","og_title":"Liinikaitse moodul MZL-01 Electric strikes XS","og_description":"Liinikaitsemoodul on m\u00f5eldud Laskomexi digitaalsetele intercomidele heli- ja videoversioonis. Need intercomid on varustatud L +, L- uniphone liini","og_url":"https:\/\/fonolukk.eu\/et\/tooted\/liinikaitse-moodul-mzl-01\/","og_site_name":"Fonolukk","article_publisher":"https:\/\/www.facebook.com\/fonolukk","article_modified_time":"2021-06-13T09:48:40+00:00","og_image":[{"width":896,"height":676,"url":"https:\/\/fonolukk.eu\/wp-content\/uploads\/2021\/06\/mzl-01-line-protection-module.jpg","type":"image\/jpeg"}],"twitter_card":"summary_large_image","twitter_title":"Liinikaitse moodul MZL-01","twitter_misc":{"Hind":"","Availability":"Laos"},"schema":{"@context":"https:\/\/schema.org","@graph":[{"@type":"WebPage","@id":"https:\/\/fonolukk.eu\/et\/tooted\/liinikaitse-moodul-mzl-01\/","url":"https:\/\/fonolukk.eu\/et\/tooted\/liinikaitse-moodul-mzl-01\/","name":"Liinikaitse moodul MZL-01 - Fonolukk","isPartOf":{"@id":"https:\/\/fonolukk.eu\/et\/#website"},"primaryImageOfPage":{"@id":"https:\/\/fonolukk.eu\/et\/tooted\/liinikaitse-moodul-mzl-01\/#primaryimage"},"image":{"@id":"https:\/\/fonolukk.eu\/et\/tooted\/liinikaitse-moodul-mzl-01\/#primaryimage"},"thumbnailUrl":"https:\/\/fonolukk.eu\/wp-content\/uploads\/2021\/06\/mzl-01-line-protection-module.jpg","datePublished":"2021-06-13T09:35:31+00:00","dateModified":"2021-06-13T09:48:40+00:00","description":"Liinikaitse moodul MZL-01 - Liinikaitsemoodul on m\u00f5eldud Laskomexi digitaalsetele intercomidele heli- ja videoversioonis.","breadcrumb":{"@id":"https:\/\/fonolukk.eu\/et\/tooted\/liinikaitse-moodul-mzl-01\/#breadcrumb"},"inLanguage":"et","potentialAction":[{"@type":"ReadAction","target":["https:\/\/fonolukk.eu\/et\/tooted\/liinikaitse-moodul-mzl-01\/"]}]},{"@type":"ImageObject","inLanguage":"et","@id":"https:\/\/fonolukk.eu\/et\/tooted\/liinikaitse-moodul-mzl-01\/#primaryimage","url":"https:\/\/fonolukk.eu\/wp-content\/uploads\/2021\/06\/mzl-01-line-protection-module.jpg","contentUrl":"https:\/\/fonolukk.eu\/wp-content\/uploads\/2021\/06\/mzl-01-line-protection-module.jpg","width":896,"height":676,"caption":"MZL-01 line protection module fonolukk"},{"@type":"BreadcrumbList","@id":"https:\/\/fonolukk.eu\/et\/tooted\/liinikaitse-moodul-mzl-01\/#breadcrumb","itemListElement":[{"@type":"ListItem","position":1,"name":"Esileht","item":"https:\/\/fonolukk.eu\/et\/koduleht\/"},{"@type":"ListItem","position":2,"name":"Tooted","item":"https:\/\/fonolukk.eu\/et\/shop-2\/"},{"@type":"ListItem","position":3,"name":"Fonolukud","item":"https:\/\/fonolukk.eu\/et\/product-category\/fonolukud\/"},{"@type":"ListItem","position":4,"name":"Liinikaitse moodul MZL-01"}]},{"@type":"WebSite","@id":"https:\/\/fonolukk.eu\/et\/#website","url":"https:\/\/fonolukk.eu\/et\/","name":"Fonolukk eu","description":"Smart Security Systems","publisher":{"@id":"https:\/\/fonolukk.eu\/et\/#organization"},"potentialAction":[{"@type":"SearchAction","target":{"@type":"EntryPoint","urlTemplate":"https:\/\/fonolukk.eu\/et\/?s={search_term_string}"},"query-input":{"@type":"PropertyValueSpecification","valueRequired":true,"valueName":"search_term_string"}}],"inLanguage":"et"},{"@type":"Organization","@id":"https:\/\/fonolukk.eu\/et\/#organization","name":"Smart Security OU","url":"https:\/\/fonolukk.eu\/et\/","logo":{"@type":"ImageObject","inLanguage":"et","@id":"https:\/\/fonolukk.eu\/et\/#\/schema\/logo\/image\/","url":"https:\/\/fonolukk.eu\/wp-content\/uploads\/2023\/09\/fonolukk.png","contentUrl":"https:\/\/fonolukk.eu\/wp-content\/uploads\/2023\/09\/fonolukk.png","width":277,"height":274,"caption":"Smart Security OU"},"image":{"@id":"https:\/\/fonolukk.eu\/et\/#\/schema\/logo\/image\/"},"sameAs":["https:\/\/www.facebook.com\/fonolukk","https:\/\/www.instagram.com\/fonolukk\/?hl=ru"],"publishingPrinciples":"https:\/\/fonolukk.eu\/terms-and-conditions\/","ownershipFundingInfo":"https:\/\/fonolukk.eu\/about-us\/"}]},"product_brand":"Laskomex","product_price_amount":"0.00","product_price_currency":"EUR","og_availability":"instock","product_availability":"instock","product_retailer_item_id":"MZL-01","product_condition":"new"},"_links":{"self":[{"href":"https:\/\/fonolukk.eu\/et\/wp-json\/wp\/v2\/product\/11132","targetHints":{"allow":["GET"]}}],"collection":[{"href":"https:\/\/fonolukk.eu\/et\/wp-json\/wp\/v2\/product"}],"about":[{"href":"https:\/\/fonolukk.eu\/et\/wp-json\/wp\/v2\/types\/product"}],"version-history":[{"count":0,"href":"https:\/\/fonolukk.eu\/et\/wp-json\/wp\/v2\/product\/11132\/revisions"}],"wp:featuredmedia":[{"embeddable":true,"href":"https:\/\/fonolukk.eu\/et\/wp-json\/wp\/v2\/media\/15602"}],"wp:attachment":[{"href":"https:\/\/fonolukk.eu\/et\/wp-json\/wp\/v2\/media?parent=11132"}],"wp:term":[{"taxonomy":"product_brand","embeddable":true,"href":"https:\/\/fonolukk.eu\/et\/wp-json\/wp\/v2\/product_brand?post=11132"},{"taxonomy":"product_cat","embeddable":true,"href":"https:\/\/fonolukk.eu\/et\/wp-json\/wp\/v2\/product_cat?post=11132"},{"taxonomy":"product_tag","embeddable":true,"href":"https:\/\/fonolukk.eu\/et\/wp-json\/wp\/v2\/product_tag?post=11132"}],"curies":[{"name":"wp","href":"https:\/\/api.w.org\/{rel}","templated":true}]}}