{"id":11156,"date":"2021-06-13T13:42:09","date_gmt":"2021-06-13T10:42:10","guid":{"rendered":"https:\/\/fonolukk.eu\/?post_type=product&#038;p=11156"},"modified":"2021-10-24T15:41:24","modified_gmt":"2021-10-24T12:41:24","slug":"lx-dk01-moodul-mis-taastab-juhtpaneeli-tehase-vaikekoodi","status":"publish","type":"product","link":"https:\/\/fonolukk.eu\/et\/tooted\/lx-dk01-moodul-mis-taastab-juhtpaneeli-tehase-vaikekoodi\/","title":{"rendered":"LX-DK01 &#8211; moodul, mis taastab juhtpaneeli tehase vaikekoodi."},"content":{"rendered":"<div class=\"textbox\">\n<div class=\"textbox\">\n<h4>LX-DK01 &#8211; moodul, mis taastab juhtpaneeli tehase vaikekoodi.<\/h4>\n<div class=\"textbox\">\n<div class=\"textbox\">\n<div class=\"textbox\">\n<p><span>See moodul v\u00f5imaldab teil taastada juhtpaneelide CD-2502 ja CD-3100 tehase installikoodi.\u00a0Peale koodi taastamise ei muuda moodul muid juhtpaneeli seadeid &#8211; intercomi t\u00f6\u00f6parameetrid, kodeeritud lukukoodid, elektroonilised v\u00f5tmet\u00e4hised j\u00e4\u00e4vad muutumatuks.\u00a0Moodulit saab kasutada ainult juhtpaneelides, kuhu on paigaldatud liidesepesa ISD-02.<\/span><\/p>\n<\/div>\n<\/div>\n<\/div>\n<\/div>\n<\/div>\n","protected":false},"excerpt":{"rendered":"<p>LX-DK01 &#8211; moodul, mis taastab juhtpaneeli tehase vaikekoodi. See moodul v\u00f5imaldab teil taastada juhtpaneelide CD-2502 ja CD-3100 tehase installikoodi.\u00a0Peale koodi<\/p>\n","protected":false},"featured_media":12338,"template":"","meta":[],"product_brand":[],"product_cat":[606,957,908,1404],"product_tag":[],"class_list":{"0":"post-11156","1":"product","2":"type-product","3":"status-publish","4":"has-post-thumbnail","6":"product_cat-fonolukud","7":"product_cat-toiteblokid-aksessuaarid-et-3","8":"product_cat-rainmann-laskomex-et-2","9":"product_cat-muu","10":"pa_brand-laskomex-et","12":"first","13":"instock","14":"taxable","15":"shipping-taxable","16":"product-type-simple"},"yoast_head":"<!-- This site is optimized with the Yoast SEO Premium plugin v27.3 (Yoast SEO v27.3) - https:\/\/yoast.com\/product\/yoast-seo-premium-wordpress\/ -->\n<title>LX-DK01 - moodul, mis taastab juhtpaneeli tehase vaikekoodi. - Fonolukk<\/title>\n<meta name=\"description\" content=\"LX-DK01 - moodul, mis taastab juhtpaneeli tehase vaikekoodi. - See moodul v\u00f5imaldab teil taastada juhtpaneelide\" \/>\n<meta name=\"robots\" content=\"index, follow, max-snippet:-1, max-image-preview:large, max-video-preview:-1\" \/>\n<link rel=\"canonical\" href=\"https:\/\/fonolukk.eu\/et\/tooted\/lx-dk01-moodul-mis-taastab-juhtpaneeli-tehase-vaikekoodi\/\" \/>\n<meta property=\"og:locale\" content=\"et_EE\" \/>\n<meta property=\"og:type\" content=\"article\" \/>\n<meta property=\"og:title\" content=\"LX-DK01 - moodul, mis taastab juhtpaneeli tehase vaikekoodi. Electric strikes XS\" \/>\n<meta property=\"og:description\" content=\"LX-DK01 - moodul, mis taastab juhtpaneeli tehase vaikekoodi. See moodul v\u00f5imaldab teil taastada juhtpaneelide CD-2502 ja CD-3100 tehase\" \/>\n<meta property=\"og:url\" content=\"https:\/\/fonolukk.eu\/et\/tooted\/lx-dk01-moodul-mis-taastab-juhtpaneeli-tehase-vaikekoodi\/\" \/>\n<meta property=\"og:site_name\" content=\"Fonolukk\" \/>\n<meta property=\"article:publisher\" content=\"https:\/\/www.facebook.com\/fonolukk\" \/>\n<meta property=\"article:modified_time\" content=\"2021-10-24T12:41:24+00:00\" \/>\n<meta property=\"og:image\" content=\"https:\/\/fonolukk.eu\/wp-content\/uploads\/2021\/06\/lxdk02.jpg\" \/>\n\t<meta property=\"og:image:width\" content=\"1044\" \/>\n\t<meta property=\"og:image:height\" content=\"746\" \/>\n\t<meta property=\"og:image:type\" content=\"image\/jpeg\" \/>\n<meta name=\"twitter:card\" content=\"summary_large_image\" \/>\n<meta name=\"twitter:title\" content=\"LX-DK01 - moodul, mis taastab juhtpaneeli tehase vaikekoodi.\" \/>\n<meta name=\"twitter:label1\" content=\"Hind\" \/>\n\t<meta name=\"twitter:data1\" content=\"\" \/>\n\t<meta name=\"twitter:label2\" content=\"Availability\" \/>\n\t<meta name=\"twitter:data2\" content=\"Laos\" \/>\n<script type=\"application\/ld+json\" class=\"yoast-schema-graph\">{\"@context\":\"https:\\\/\\\/schema.org\",\"@graph\":[{\"@type\":\"WebPage\",\"@id\":\"https:\\\/\\\/fonolukk.eu\\\/et\\\/tooted\\\/lx-dk01-moodul-mis-taastab-juhtpaneeli-tehase-vaikekoodi\\\/\",\"url\":\"https:\\\/\\\/fonolukk.eu\\\/et\\\/tooted\\\/lx-dk01-moodul-mis-taastab-juhtpaneeli-tehase-vaikekoodi\\\/\",\"name\":\"LX-DK01 - moodul, mis taastab juhtpaneeli tehase vaikekoodi. - Fonolukk\",\"isPartOf\":{\"@id\":\"https:\\\/\\\/fonolukk.eu\\\/et\\\/#website\"},\"primaryImageOfPage\":{\"@id\":\"https:\\\/\\\/fonolukk.eu\\\/et\\\/tooted\\\/lx-dk01-moodul-mis-taastab-juhtpaneeli-tehase-vaikekoodi\\\/#primaryimage\"},\"image\":{\"@id\":\"https:\\\/\\\/fonolukk.eu\\\/et\\\/tooted\\\/lx-dk01-moodul-mis-taastab-juhtpaneeli-tehase-vaikekoodi\\\/#primaryimage\"},\"thumbnailUrl\":\"https:\\\/\\\/fonolukk.eu\\\/wp-content\\\/uploads\\\/2021\\\/06\\\/lxdk02.jpg\",\"datePublished\":\"2021-06-13T10:42:10+00:00\",\"dateModified\":\"2021-10-24T12:41:24+00:00\",\"description\":\"LX-DK01 - moodul, mis taastab juhtpaneeli tehase vaikekoodi. - See moodul v\u00f5imaldab teil taastada juhtpaneelide\",\"breadcrumb\":{\"@id\":\"https:\\\/\\\/fonolukk.eu\\\/et\\\/tooted\\\/lx-dk01-moodul-mis-taastab-juhtpaneeli-tehase-vaikekoodi\\\/#breadcrumb\"},\"inLanguage\":\"et\",\"potentialAction\":[{\"@type\":\"ReadAction\",\"target\":[\"https:\\\/\\\/fonolukk.eu\\\/et\\\/tooted\\\/lx-dk01-moodul-mis-taastab-juhtpaneeli-tehase-vaikekoodi\\\/\"]}]},{\"@type\":\"ImageObject\",\"inLanguage\":\"et\",\"@id\":\"https:\\\/\\\/fonolukk.eu\\\/et\\\/tooted\\\/lx-dk01-moodul-mis-taastab-juhtpaneeli-tehase-vaikekoodi\\\/#primaryimage\",\"url\":\"https:\\\/\\\/fonolukk.eu\\\/wp-content\\\/uploads\\\/2021\\\/06\\\/lxdk02.jpg\",\"contentUrl\":\"https:\\\/\\\/fonolukk.eu\\\/wp-content\\\/uploads\\\/2021\\\/06\\\/lxdk02.jpg\",\"width\":1044,\"height\":746},{\"@type\":\"BreadcrumbList\",\"@id\":\"https:\\\/\\\/fonolukk.eu\\\/et\\\/tooted\\\/lx-dk01-moodul-mis-taastab-juhtpaneeli-tehase-vaikekoodi\\\/#breadcrumb\",\"itemListElement\":[{\"@type\":\"ListItem\",\"position\":1,\"name\":\"Esileht\",\"item\":\"https:\\\/\\\/fonolukk.eu\\\/et\\\/koduleht\\\/\"},{\"@type\":\"ListItem\",\"position\":2,\"name\":\"Tooted\",\"item\":\"https:\\\/\\\/fonolukk.eu\\\/et\\\/shop-2\\\/\"},{\"@type\":\"ListItem\",\"position\":3,\"name\":\"Fonolukud\",\"item\":\"https:\\\/\\\/fonolukk.eu\\\/et\\\/product-category\\\/fonolukud\\\/\"},{\"@type\":\"ListItem\",\"position\":4,\"name\":\"LX-DK01 &#8211; moodul, mis taastab juhtpaneeli tehase vaikekoodi.\"}]},{\"@type\":\"WebSite\",\"@id\":\"https:\\\/\\\/fonolukk.eu\\\/et\\\/#website\",\"url\":\"https:\\\/\\\/fonolukk.eu\\\/et\\\/\",\"name\":\"Fonolukk eu\",\"description\":\"Smart Security Systems\",\"publisher\":{\"@id\":\"https:\\\/\\\/fonolukk.eu\\\/et\\\/#organization\"},\"potentialAction\":[{\"@type\":\"SearchAction\",\"target\":{\"@type\":\"EntryPoint\",\"urlTemplate\":\"https:\\\/\\\/fonolukk.eu\\\/et\\\/?s={search_term_string}\"},\"query-input\":{\"@type\":\"PropertyValueSpecification\",\"valueRequired\":true,\"valueName\":\"search_term_string\"}}],\"inLanguage\":\"et\"},{\"@type\":\"Organization\",\"@id\":\"https:\\\/\\\/fonolukk.eu\\\/et\\\/#organization\",\"name\":\"Smart Security OU\",\"url\":\"https:\\\/\\\/fonolukk.eu\\\/et\\\/\",\"logo\":{\"@type\":\"ImageObject\",\"inLanguage\":\"et\",\"@id\":\"https:\\\/\\\/fonolukk.eu\\\/et\\\/#\\\/schema\\\/logo\\\/image\\\/\",\"url\":\"https:\\\/\\\/fonolukk.eu\\\/wp-content\\\/uploads\\\/2023\\\/09\\\/fonolukk.png\",\"contentUrl\":\"https:\\\/\\\/fonolukk.eu\\\/wp-content\\\/uploads\\\/2023\\\/09\\\/fonolukk.png\",\"width\":277,\"height\":274,\"caption\":\"Smart Security OU\"},\"image\":{\"@id\":\"https:\\\/\\\/fonolukk.eu\\\/et\\\/#\\\/schema\\\/logo\\\/image\\\/\"},\"sameAs\":[\"https:\\\/\\\/www.facebook.com\\\/fonolukk\",\"https:\\\/\\\/www.instagram.com\\\/fonolukk\\\/?hl=ru\"],\"publishingPrinciples\":\"https:\\\/\\\/fonolukk.eu\\\/terms-and-conditions\\\/\",\"ownershipFundingInfo\":\"https:\\\/\\\/fonolukk.eu\\\/about-us\\\/\"}]}<\/script>\n<meta property=\"product:brand\" content=\"Laskomex\" \/>\n<meta property=\"product:price:amount\" content=\"0.00\" \/>\n<meta property=\"product:price:currency\" content=\"EUR\" \/>\n<meta property=\"og:availability\" content=\"instock\" \/>\n<meta property=\"product:availability\" content=\"instock\" \/>\n<meta property=\"product:retailer_item_id\" content=\"LX-DK01\" \/>\n<meta property=\"product:condition\" content=\"new\" \/>\n<!-- \/ Yoast SEO Premium plugin. -->","yoast_head_json":{"title":"LX-DK01 - moodul, mis taastab juhtpaneeli tehase vaikekoodi. - Fonolukk","description":"LX-DK01 - moodul, mis taastab juhtpaneeli tehase vaikekoodi. - See moodul v\u00f5imaldab teil taastada juhtpaneelide","robots":{"index":"index","follow":"follow","max-snippet":"max-snippet:-1","max-image-preview":"max-image-preview:large","max-video-preview":"max-video-preview:-1"},"canonical":"https:\/\/fonolukk.eu\/et\/tooted\/lx-dk01-moodul-mis-taastab-juhtpaneeli-tehase-vaikekoodi\/","og_locale":"et_EE","og_type":"article","og_title":"LX-DK01 - moodul, mis taastab juhtpaneeli tehase vaikekoodi. Electric strikes XS","og_description":"LX-DK01 - moodul, mis taastab juhtpaneeli tehase vaikekoodi. See moodul v\u00f5imaldab teil taastada juhtpaneelide CD-2502 ja CD-3100 tehase","og_url":"https:\/\/fonolukk.eu\/et\/tooted\/lx-dk01-moodul-mis-taastab-juhtpaneeli-tehase-vaikekoodi\/","og_site_name":"Fonolukk","article_publisher":"https:\/\/www.facebook.com\/fonolukk","article_modified_time":"2021-10-24T12:41:24+00:00","og_image":[{"width":1044,"height":746,"url":"https:\/\/fonolukk.eu\/wp-content\/uploads\/2021\/06\/lxdk02.jpg","type":"image\/jpeg"}],"twitter_card":"summary_large_image","twitter_title":"LX-DK01 - moodul, mis taastab juhtpaneeli tehase vaikekoodi.","twitter_misc":{"Hind":"","Availability":"Laos"},"schema":{"@context":"https:\/\/schema.org","@graph":[{"@type":"WebPage","@id":"https:\/\/fonolukk.eu\/et\/tooted\/lx-dk01-moodul-mis-taastab-juhtpaneeli-tehase-vaikekoodi\/","url":"https:\/\/fonolukk.eu\/et\/tooted\/lx-dk01-moodul-mis-taastab-juhtpaneeli-tehase-vaikekoodi\/","name":"LX-DK01 - moodul, mis taastab juhtpaneeli tehase vaikekoodi. - Fonolukk","isPartOf":{"@id":"https:\/\/fonolukk.eu\/et\/#website"},"primaryImageOfPage":{"@id":"https:\/\/fonolukk.eu\/et\/tooted\/lx-dk01-moodul-mis-taastab-juhtpaneeli-tehase-vaikekoodi\/#primaryimage"},"image":{"@id":"https:\/\/fonolukk.eu\/et\/tooted\/lx-dk01-moodul-mis-taastab-juhtpaneeli-tehase-vaikekoodi\/#primaryimage"},"thumbnailUrl":"https:\/\/fonolukk.eu\/wp-content\/uploads\/2021\/06\/lxdk02.jpg","datePublished":"2021-06-13T10:42:10+00:00","dateModified":"2021-10-24T12:41:24+00:00","description":"LX-DK01 - moodul, mis taastab juhtpaneeli tehase vaikekoodi. - See moodul v\u00f5imaldab teil taastada juhtpaneelide","breadcrumb":{"@id":"https:\/\/fonolukk.eu\/et\/tooted\/lx-dk01-moodul-mis-taastab-juhtpaneeli-tehase-vaikekoodi\/#breadcrumb"},"inLanguage":"et","potentialAction":[{"@type":"ReadAction","target":["https:\/\/fonolukk.eu\/et\/tooted\/lx-dk01-moodul-mis-taastab-juhtpaneeli-tehase-vaikekoodi\/"]}]},{"@type":"ImageObject","inLanguage":"et","@id":"https:\/\/fonolukk.eu\/et\/tooted\/lx-dk01-moodul-mis-taastab-juhtpaneeli-tehase-vaikekoodi\/#primaryimage","url":"https:\/\/fonolukk.eu\/wp-content\/uploads\/2021\/06\/lxdk02.jpg","contentUrl":"https:\/\/fonolukk.eu\/wp-content\/uploads\/2021\/06\/lxdk02.jpg","width":1044,"height":746},{"@type":"BreadcrumbList","@id":"https:\/\/fonolukk.eu\/et\/tooted\/lx-dk01-moodul-mis-taastab-juhtpaneeli-tehase-vaikekoodi\/#breadcrumb","itemListElement":[{"@type":"ListItem","position":1,"name":"Esileht","item":"https:\/\/fonolukk.eu\/et\/koduleht\/"},{"@type":"ListItem","position":2,"name":"Tooted","item":"https:\/\/fonolukk.eu\/et\/shop-2\/"},{"@type":"ListItem","position":3,"name":"Fonolukud","item":"https:\/\/fonolukk.eu\/et\/product-category\/fonolukud\/"},{"@type":"ListItem","position":4,"name":"LX-DK01 &#8211; moodul, mis taastab juhtpaneeli tehase vaikekoodi."}]},{"@type":"WebSite","@id":"https:\/\/fonolukk.eu\/et\/#website","url":"https:\/\/fonolukk.eu\/et\/","name":"Fonolukk eu","description":"Smart Security Systems","publisher":{"@id":"https:\/\/fonolukk.eu\/et\/#organization"},"potentialAction":[{"@type":"SearchAction","target":{"@type":"EntryPoint","urlTemplate":"https:\/\/fonolukk.eu\/et\/?s={search_term_string}"},"query-input":{"@type":"PropertyValueSpecification","valueRequired":true,"valueName":"search_term_string"}}],"inLanguage":"et"},{"@type":"Organization","@id":"https:\/\/fonolukk.eu\/et\/#organization","name":"Smart Security OU","url":"https:\/\/fonolukk.eu\/et\/","logo":{"@type":"ImageObject","inLanguage":"et","@id":"https:\/\/fonolukk.eu\/et\/#\/schema\/logo\/image\/","url":"https:\/\/fonolukk.eu\/wp-content\/uploads\/2023\/09\/fonolukk.png","contentUrl":"https:\/\/fonolukk.eu\/wp-content\/uploads\/2023\/09\/fonolukk.png","width":277,"height":274,"caption":"Smart Security OU"},"image":{"@id":"https:\/\/fonolukk.eu\/et\/#\/schema\/logo\/image\/"},"sameAs":["https:\/\/www.facebook.com\/fonolukk","https:\/\/www.instagram.com\/fonolukk\/?hl=ru"],"publishingPrinciples":"https:\/\/fonolukk.eu\/terms-and-conditions\/","ownershipFundingInfo":"https:\/\/fonolukk.eu\/about-us\/"}]},"product_brand":"Laskomex","product_price_amount":"0.00","product_price_currency":"EUR","og_availability":"instock","product_availability":"instock","product_retailer_item_id":"LX-DK01","product_condition":"new"},"_links":{"self":[{"href":"https:\/\/fonolukk.eu\/et\/wp-json\/wp\/v2\/product\/11156","targetHints":{"allow":["GET"]}}],"collection":[{"href":"https:\/\/fonolukk.eu\/et\/wp-json\/wp\/v2\/product"}],"about":[{"href":"https:\/\/fonolukk.eu\/et\/wp-json\/wp\/v2\/types\/product"}],"version-history":[{"count":0,"href":"https:\/\/fonolukk.eu\/et\/wp-json\/wp\/v2\/product\/11156\/revisions"}],"wp:featuredmedia":[{"embeddable":true,"href":"https:\/\/fonolukk.eu\/et\/wp-json\/wp\/v2\/media\/12338"}],"wp:attachment":[{"href":"https:\/\/fonolukk.eu\/et\/wp-json\/wp\/v2\/media?parent=11156"}],"wp:term":[{"taxonomy":"product_brand","embeddable":true,"href":"https:\/\/fonolukk.eu\/et\/wp-json\/wp\/v2\/product_brand?post=11156"},{"taxonomy":"product_cat","embeddable":true,"href":"https:\/\/fonolukk.eu\/et\/wp-json\/wp\/v2\/product_cat?post=11156"},{"taxonomy":"product_tag","embeddable":true,"href":"https:\/\/fonolukk.eu\/et\/wp-json\/wp\/v2\/product_tag?post=11156"}],"curies":[{"name":"wp","href":"https:\/\/api.w.org\/{rel}","templated":true}]}}