{"id":11168,"date":"2021-06-13T14:19:23","date_gmt":"2021-06-13T11:19:24","guid":{"rendered":"https:\/\/fonolukk.eu\/?post_type=product&#038;p=11168"},"modified":"2021-10-24T15:52:10","modified_gmt":"2021-10-24T12:52:10","slug":"pw-2-konesignalisatsioonimoodul","status":"publish","type":"product","link":"https:\/\/fonolukk.eu\/et\/tooted\/pw-2-konesignalisatsioonimoodul\/","title":{"rendered":"PW-2 k\u00f5nesignalisatsioonimoodul"},"content":{"rendered":"<div class=\"textbox\">\n<div class=\"textbox\">\n<div class=\"pname\">\n<div class=\"pname\">\n<h4>PW-2 k\u00f5nesignalisatsioonimoodul<\/h4>\n<\/div>\n<\/div>\n<div class=\"textbox\">\n<div class=\"textbox\">\n<div class=\"textbox\">\n<div class=\"textbox\">\n<div class=\"textbox\">\n<p><span>Releev\u00e4ljundiga t\u00e4iendava k\u00f5nesignaali moodul Laskomexi intercom-s\u00fcsteemides kasutatavate unifonide ja monitoride jaoks.<\/span><br \/>\n<span>Moodulil on NO relee v\u00e4ljund, mis on k\u00f5nesignaali ilmumisel suletud.\u00a0Selle v\u00e4ljundiga saab \u00fchendada k\u00f5ik 5 &#8230; 18 V vahelduvvoolu \/ alalisvoolu 1Amax pingega varustatud signaalseadmed.<\/span><\/p>\n<p><b><span>T\u00e4helepanu!\u00a0<\/span><\/b><span>Monitoride mooduli paigaldamine ja kasutuselev\u00f5tmine peab toimuma Laskomexi teeninduse poolt.\u00a0Seda soovitatakse ka unifonidele!<\/span><\/p>\n<\/div>\n<\/div>\n<\/div>\n<\/div>\n<\/div>\n<\/div>\n<\/div>\n","protected":false},"excerpt":{"rendered":"<p>PW-2 k\u00f5nesignalisatsioonimoodul Releev\u00e4ljundiga t\u00e4iendava k\u00f5nesignaali moodul Laskomexi intercom-s\u00fcsteemides kasutatavate unifonide ja monitoride jaoks. Moodulil on NO relee v\u00e4ljund, mis on<\/p>\n","protected":false},"featured_media":12356,"template":"","meta":[],"product_brand":[],"product_cat":[606,957,908,1404],"product_tag":[],"class_list":{"0":"post-11168","1":"product","2":"type-product","3":"status-publish","4":"has-post-thumbnail","6":"product_cat-fonolukud","7":"product_cat-toiteblokid-aksessuaarid-et-3","8":"product_cat-rainmann-laskomex-et-2","9":"product_cat-muu","10":"pa_brand-laskomex-et","12":"first","13":"instock","14":"taxable","15":"shipping-taxable","16":"product-type-simple"},"yoast_head":"<!-- This site is optimized with the Yoast SEO Premium plugin v27.3 (Yoast SEO v27.3) - https:\/\/yoast.com\/product\/yoast-seo-premium-wordpress\/ -->\n<title>PW-2 k\u00f5nesignalisatsioonimoodul - Fonolukk<\/title>\n<meta name=\"description\" content=\"PW-2 k\u00f5nesignalisatsioonimoodul - Releev\u00e4ljundiga t\u00e4iendava k\u00f5nesignaali moodul Laskomexi intercom-s\u00fcsteemides kasutatavate unifonide\" \/>\n<meta name=\"robots\" content=\"index, follow, max-snippet:-1, max-image-preview:large, max-video-preview:-1\" \/>\n<link rel=\"canonical\" href=\"https:\/\/fonolukk.eu\/et\/tooted\/pw-2-konesignalisatsioonimoodul\/\" \/>\n<meta property=\"og:locale\" content=\"et_EE\" \/>\n<meta property=\"og:type\" content=\"article\" \/>\n<meta property=\"og:title\" content=\"PW-2 k\u00f5nesignalisatsioonimoodul Electric strikes XS\" \/>\n<meta property=\"og:description\" content=\"PW-2 k\u00f5nesignalisatsioonimoodul Releev\u00e4ljundiga t\u00e4iendava k\u00f5nesignaali moodul Laskomexi intercom-s\u00fcsteemides kasutatavate unifonide ja monitoride jaoks.\" \/>\n<meta property=\"og:url\" content=\"https:\/\/fonolukk.eu\/et\/tooted\/pw-2-konesignalisatsioonimoodul\/\" \/>\n<meta property=\"og:site_name\" content=\"Fonolukk\" \/>\n<meta property=\"article:publisher\" content=\"https:\/\/www.facebook.com\/fonolukk\" \/>\n<meta property=\"article:modified_time\" content=\"2021-10-24T12:52:10+00:00\" \/>\n<meta property=\"og:image\" content=\"https:\/\/fonolukk.eu\/wp-content\/uploads\/2021\/06\/pw2-1.jpg\" \/>\n\t<meta property=\"og:image:width\" content=\"1036\" \/>\n\t<meta property=\"og:image:height\" content=\"808\" \/>\n\t<meta property=\"og:image:type\" content=\"image\/jpeg\" \/>\n<meta name=\"twitter:card\" content=\"summary_large_image\" \/>\n<meta name=\"twitter:title\" content=\"PW-2 k\u00f5nesignalisatsioonimoodul\" \/>\n<meta name=\"twitter:label1\" content=\"Hind\" \/>\n\t<meta name=\"twitter:data1\" content=\"\" \/>\n\t<meta name=\"twitter:label2\" content=\"Availability\" \/>\n\t<meta name=\"twitter:data2\" content=\"Laos\" \/>\n<script type=\"application\/ld+json\" class=\"yoast-schema-graph\">{\"@context\":\"https:\\\/\\\/schema.org\",\"@graph\":[{\"@type\":\"WebPage\",\"@id\":\"https:\\\/\\\/fonolukk.eu\\\/et\\\/tooted\\\/pw-2-konesignalisatsioonimoodul\\\/\",\"url\":\"https:\\\/\\\/fonolukk.eu\\\/et\\\/tooted\\\/pw-2-konesignalisatsioonimoodul\\\/\",\"name\":\"PW-2 k\u00f5nesignalisatsioonimoodul - Fonolukk\",\"isPartOf\":{\"@id\":\"https:\\\/\\\/fonolukk.eu\\\/et\\\/#website\"},\"primaryImageOfPage\":{\"@id\":\"https:\\\/\\\/fonolukk.eu\\\/et\\\/tooted\\\/pw-2-konesignalisatsioonimoodul\\\/#primaryimage\"},\"image\":{\"@id\":\"https:\\\/\\\/fonolukk.eu\\\/et\\\/tooted\\\/pw-2-konesignalisatsioonimoodul\\\/#primaryimage\"},\"thumbnailUrl\":\"https:\\\/\\\/fonolukk.eu\\\/wp-content\\\/uploads\\\/2021\\\/06\\\/pw2-1.jpg\",\"datePublished\":\"2021-06-13T11:19:24+00:00\",\"dateModified\":\"2021-10-24T12:52:10+00:00\",\"description\":\"PW-2 k\u00f5nesignalisatsioonimoodul - Releev\u00e4ljundiga t\u00e4iendava k\u00f5nesignaali moodul Laskomexi intercom-s\u00fcsteemides kasutatavate unifonide\",\"breadcrumb\":{\"@id\":\"https:\\\/\\\/fonolukk.eu\\\/et\\\/tooted\\\/pw-2-konesignalisatsioonimoodul\\\/#breadcrumb\"},\"inLanguage\":\"et\",\"potentialAction\":[{\"@type\":\"ReadAction\",\"target\":[\"https:\\\/\\\/fonolukk.eu\\\/et\\\/tooted\\\/pw-2-konesignalisatsioonimoodul\\\/\"]}]},{\"@type\":\"ImageObject\",\"inLanguage\":\"et\",\"@id\":\"https:\\\/\\\/fonolukk.eu\\\/et\\\/tooted\\\/pw-2-konesignalisatsioonimoodul\\\/#primaryimage\",\"url\":\"https:\\\/\\\/fonolukk.eu\\\/wp-content\\\/uploads\\\/2021\\\/06\\\/pw2-1.jpg\",\"contentUrl\":\"https:\\\/\\\/fonolukk.eu\\\/wp-content\\\/uploads\\\/2021\\\/06\\\/pw2-1.jpg\",\"width\":1036,\"height\":808},{\"@type\":\"BreadcrumbList\",\"@id\":\"https:\\\/\\\/fonolukk.eu\\\/et\\\/tooted\\\/pw-2-konesignalisatsioonimoodul\\\/#breadcrumb\",\"itemListElement\":[{\"@type\":\"ListItem\",\"position\":1,\"name\":\"Esileht\",\"item\":\"https:\\\/\\\/fonolukk.eu\\\/et\\\/koduleht\\\/\"},{\"@type\":\"ListItem\",\"position\":2,\"name\":\"Tooted\",\"item\":\"https:\\\/\\\/fonolukk.eu\\\/et\\\/shop-2\\\/\"},{\"@type\":\"ListItem\",\"position\":3,\"name\":\"Fonolukud\",\"item\":\"https:\\\/\\\/fonolukk.eu\\\/et\\\/product-category\\\/fonolukud\\\/\"},{\"@type\":\"ListItem\",\"position\":4,\"name\":\"PW-2 k\u00f5nesignalisatsioonimoodul\"}]},{\"@type\":\"WebSite\",\"@id\":\"https:\\\/\\\/fonolukk.eu\\\/et\\\/#website\",\"url\":\"https:\\\/\\\/fonolukk.eu\\\/et\\\/\",\"name\":\"Fonolukk eu\",\"description\":\"Smart Security Systems\",\"publisher\":{\"@id\":\"https:\\\/\\\/fonolukk.eu\\\/et\\\/#organization\"},\"potentialAction\":[{\"@type\":\"SearchAction\",\"target\":{\"@type\":\"EntryPoint\",\"urlTemplate\":\"https:\\\/\\\/fonolukk.eu\\\/et\\\/?s={search_term_string}\"},\"query-input\":{\"@type\":\"PropertyValueSpecification\",\"valueRequired\":true,\"valueName\":\"search_term_string\"}}],\"inLanguage\":\"et\"},{\"@type\":\"Organization\",\"@id\":\"https:\\\/\\\/fonolukk.eu\\\/et\\\/#organization\",\"name\":\"Smart Security OU\",\"url\":\"https:\\\/\\\/fonolukk.eu\\\/et\\\/\",\"logo\":{\"@type\":\"ImageObject\",\"inLanguage\":\"et\",\"@id\":\"https:\\\/\\\/fonolukk.eu\\\/et\\\/#\\\/schema\\\/logo\\\/image\\\/\",\"url\":\"https:\\\/\\\/fonolukk.eu\\\/wp-content\\\/uploads\\\/2023\\\/09\\\/fonolukk.png\",\"contentUrl\":\"https:\\\/\\\/fonolukk.eu\\\/wp-content\\\/uploads\\\/2023\\\/09\\\/fonolukk.png\",\"width\":277,\"height\":274,\"caption\":\"Smart Security OU\"},\"image\":{\"@id\":\"https:\\\/\\\/fonolukk.eu\\\/et\\\/#\\\/schema\\\/logo\\\/image\\\/\"},\"sameAs\":[\"https:\\\/\\\/www.facebook.com\\\/fonolukk\",\"https:\\\/\\\/www.instagram.com\\\/fonolukk\\\/?hl=ru\"],\"publishingPrinciples\":\"https:\\\/\\\/fonolukk.eu\\\/terms-and-conditions\\\/\",\"ownershipFundingInfo\":\"https:\\\/\\\/fonolukk.eu\\\/about-us\\\/\"}]}<\/script>\n<meta property=\"product:brand\" content=\"Laskomex\" \/>\n<meta property=\"product:price:amount\" content=\"0.00\" \/>\n<meta property=\"product:price:currency\" content=\"EUR\" \/>\n<meta property=\"og:availability\" content=\"instock\" \/>\n<meta property=\"product:availability\" content=\"instock\" \/>\n<meta property=\"product:retailer_item_id\" content=\"PW-2\" \/>\n<meta property=\"product:condition\" content=\"new\" \/>\n<!-- \/ Yoast SEO Premium plugin. -->","yoast_head_json":{"title":"PW-2 k\u00f5nesignalisatsioonimoodul - Fonolukk","description":"PW-2 k\u00f5nesignalisatsioonimoodul - Releev\u00e4ljundiga t\u00e4iendava k\u00f5nesignaali moodul Laskomexi intercom-s\u00fcsteemides kasutatavate unifonide","robots":{"index":"index","follow":"follow","max-snippet":"max-snippet:-1","max-image-preview":"max-image-preview:large","max-video-preview":"max-video-preview:-1"},"canonical":"https:\/\/fonolukk.eu\/et\/tooted\/pw-2-konesignalisatsioonimoodul\/","og_locale":"et_EE","og_type":"article","og_title":"PW-2 k\u00f5nesignalisatsioonimoodul Electric strikes XS","og_description":"PW-2 k\u00f5nesignalisatsioonimoodul Releev\u00e4ljundiga t\u00e4iendava k\u00f5nesignaali moodul Laskomexi intercom-s\u00fcsteemides kasutatavate unifonide ja monitoride jaoks.","og_url":"https:\/\/fonolukk.eu\/et\/tooted\/pw-2-konesignalisatsioonimoodul\/","og_site_name":"Fonolukk","article_publisher":"https:\/\/www.facebook.com\/fonolukk","article_modified_time":"2021-10-24T12:52:10+00:00","og_image":[{"width":1036,"height":808,"url":"https:\/\/fonolukk.eu\/wp-content\/uploads\/2021\/06\/pw2-1.jpg","type":"image\/jpeg"}],"twitter_card":"summary_large_image","twitter_title":"PW-2 k\u00f5nesignalisatsioonimoodul","twitter_misc":{"Hind":"","Availability":"Laos"},"schema":{"@context":"https:\/\/schema.org","@graph":[{"@type":"WebPage","@id":"https:\/\/fonolukk.eu\/et\/tooted\/pw-2-konesignalisatsioonimoodul\/","url":"https:\/\/fonolukk.eu\/et\/tooted\/pw-2-konesignalisatsioonimoodul\/","name":"PW-2 k\u00f5nesignalisatsioonimoodul - Fonolukk","isPartOf":{"@id":"https:\/\/fonolukk.eu\/et\/#website"},"primaryImageOfPage":{"@id":"https:\/\/fonolukk.eu\/et\/tooted\/pw-2-konesignalisatsioonimoodul\/#primaryimage"},"image":{"@id":"https:\/\/fonolukk.eu\/et\/tooted\/pw-2-konesignalisatsioonimoodul\/#primaryimage"},"thumbnailUrl":"https:\/\/fonolukk.eu\/wp-content\/uploads\/2021\/06\/pw2-1.jpg","datePublished":"2021-06-13T11:19:24+00:00","dateModified":"2021-10-24T12:52:10+00:00","description":"PW-2 k\u00f5nesignalisatsioonimoodul - Releev\u00e4ljundiga t\u00e4iendava k\u00f5nesignaali moodul Laskomexi intercom-s\u00fcsteemides kasutatavate unifonide","breadcrumb":{"@id":"https:\/\/fonolukk.eu\/et\/tooted\/pw-2-konesignalisatsioonimoodul\/#breadcrumb"},"inLanguage":"et","potentialAction":[{"@type":"ReadAction","target":["https:\/\/fonolukk.eu\/et\/tooted\/pw-2-konesignalisatsioonimoodul\/"]}]},{"@type":"ImageObject","inLanguage":"et","@id":"https:\/\/fonolukk.eu\/et\/tooted\/pw-2-konesignalisatsioonimoodul\/#primaryimage","url":"https:\/\/fonolukk.eu\/wp-content\/uploads\/2021\/06\/pw2-1.jpg","contentUrl":"https:\/\/fonolukk.eu\/wp-content\/uploads\/2021\/06\/pw2-1.jpg","width":1036,"height":808},{"@type":"BreadcrumbList","@id":"https:\/\/fonolukk.eu\/et\/tooted\/pw-2-konesignalisatsioonimoodul\/#breadcrumb","itemListElement":[{"@type":"ListItem","position":1,"name":"Esileht","item":"https:\/\/fonolukk.eu\/et\/koduleht\/"},{"@type":"ListItem","position":2,"name":"Tooted","item":"https:\/\/fonolukk.eu\/et\/shop-2\/"},{"@type":"ListItem","position":3,"name":"Fonolukud","item":"https:\/\/fonolukk.eu\/et\/product-category\/fonolukud\/"},{"@type":"ListItem","position":4,"name":"PW-2 k\u00f5nesignalisatsioonimoodul"}]},{"@type":"WebSite","@id":"https:\/\/fonolukk.eu\/et\/#website","url":"https:\/\/fonolukk.eu\/et\/","name":"Fonolukk eu","description":"Smart Security Systems","publisher":{"@id":"https:\/\/fonolukk.eu\/et\/#organization"},"potentialAction":[{"@type":"SearchAction","target":{"@type":"EntryPoint","urlTemplate":"https:\/\/fonolukk.eu\/et\/?s={search_term_string}"},"query-input":{"@type":"PropertyValueSpecification","valueRequired":true,"valueName":"search_term_string"}}],"inLanguage":"et"},{"@type":"Organization","@id":"https:\/\/fonolukk.eu\/et\/#organization","name":"Smart Security OU","url":"https:\/\/fonolukk.eu\/et\/","logo":{"@type":"ImageObject","inLanguage":"et","@id":"https:\/\/fonolukk.eu\/et\/#\/schema\/logo\/image\/","url":"https:\/\/fonolukk.eu\/wp-content\/uploads\/2023\/09\/fonolukk.png","contentUrl":"https:\/\/fonolukk.eu\/wp-content\/uploads\/2023\/09\/fonolukk.png","width":277,"height":274,"caption":"Smart Security OU"},"image":{"@id":"https:\/\/fonolukk.eu\/et\/#\/schema\/logo\/image\/"},"sameAs":["https:\/\/www.facebook.com\/fonolukk","https:\/\/www.instagram.com\/fonolukk\/?hl=ru"],"publishingPrinciples":"https:\/\/fonolukk.eu\/terms-and-conditions\/","ownershipFundingInfo":"https:\/\/fonolukk.eu\/about-us\/"}]},"product_brand":"Laskomex","product_price_amount":"0.00","product_price_currency":"EUR","og_availability":"instock","product_availability":"instock","product_retailer_item_id":"PW-2","product_condition":"new"},"_links":{"self":[{"href":"https:\/\/fonolukk.eu\/et\/wp-json\/wp\/v2\/product\/11168","targetHints":{"allow":["GET"]}}],"collection":[{"href":"https:\/\/fonolukk.eu\/et\/wp-json\/wp\/v2\/product"}],"about":[{"href":"https:\/\/fonolukk.eu\/et\/wp-json\/wp\/v2\/types\/product"}],"version-history":[{"count":0,"href":"https:\/\/fonolukk.eu\/et\/wp-json\/wp\/v2\/product\/11168\/revisions"}],"wp:featuredmedia":[{"embeddable":true,"href":"https:\/\/fonolukk.eu\/et\/wp-json\/wp\/v2\/media\/12356"}],"wp:attachment":[{"href":"https:\/\/fonolukk.eu\/et\/wp-json\/wp\/v2\/media?parent=11168"}],"wp:term":[{"taxonomy":"product_brand","embeddable":true,"href":"https:\/\/fonolukk.eu\/et\/wp-json\/wp\/v2\/product_brand?post=11168"},{"taxonomy":"product_cat","embeddable":true,"href":"https:\/\/fonolukk.eu\/et\/wp-json\/wp\/v2\/product_cat?post=11168"},{"taxonomy":"product_tag","embeddable":true,"href":"https:\/\/fonolukk.eu\/et\/wp-json\/wp\/v2\/product_tag?post=11168"}],"curies":[{"name":"wp","href":"https:\/\/api.w.org\/{rel}","templated":true}]}}