{"id":11174,"date":"2021-06-13T17:02:20","date_gmt":"2021-06-13T14:02:21","guid":{"rendered":"https:\/\/fonolukk.eu\/?post_type=product&#038;p=11174"},"modified":"2023-07-14T12:14:10","modified_gmt":"2023-07-14T09:14:10","slug":"cd-4000-laskomex","status":"publish","type":"product","link":"https:\/\/fonolukk.eu\/et\/tooted\/cd-4000-laskomex\/","title":{"rendered":"CD-4000 Laskomex"},"content":{"rendered":"<div class=\"textbox\">\n<div class=\"textbox\">\n<div class=\"pname\">\n<div class=\"pname\">\n<h4>CD-4000 Laskomex<\/h4>\n<\/div>\n<\/div>\n<div class=\"textbox\">\n<div class=\"textbox\">\n<div class=\"textbox\">\n<div class=\"textbox\">\n<div class=\"textbox\">\n<div id=\"podzial\">\n<div class=\"new-data\">\n<div class=\"docblock\">\n<div class=\"new-opis\">\n<p><span>Saatus<\/span><\/p>\n<p><span>CD-4000 s\u00fcsteem on m\u00f5eldud elamutele, kontoritele ja kommunaalhoonetele.\u00a0Ideaalne suletud elamurajoonide jaoks.\u00a0See suudab k\u00e4sitseda aias kuni 15 v\u00e4ravat ja v\u00e4ravat ning kuni 64 puuri v\u00f5i hoonet, maksimaalselt 15 sissep\u00e4\u00e4su igasse puuri.\u00a0See on saadaval heli- ja videoversioonidena.<\/span><\/p>\n<p><span>Elektrooniline \u00fc\u00fcrnike nimekiri<\/span><\/p>\n<p><span>Sisek\u00f5nes saate luua elanike nimede loendi.\u00a0Intercom-kasutaja saab loendist valida selle \u00fc\u00fcrniku nime, kellega ta soovib helistada.\u00a0Perekonnanimega v\u00e4lja v\u00f5ib j\u00e4tta t\u00fchjaks, sellisel juhul on nimekirjas n\u00e4htav ainult korteri number.<\/span><\/p>\n<p><span>H\u00e4\u00e4ls\u00f5numid<\/span><\/p>\n<p><span>CD-4000 sisetelefon on varustatud h\u00e4\u00e4ls\u00f5numitega, mis teavitavad kasutajat intercomi praegu toimingutest.<\/span><\/p>\n<p><span>Mehaaniline klaviatuur<\/span><\/p>\n<p><span>Intercomis kasutati mehaanilist klaviatuuri, mille Laskomexi insenerid kujundasid spetsiaalselt intercom-seadmete jaoks.\u00a0Taustavalgustusega klahvid on \u00f6\u00f6sel suurep\u00e4raselt n\u00e4htavad.\u00a0Nendel on m\u00e4rgised, mis lihtsustavad pimedatel intercomi kasutamist.<\/span><\/p>\n<p><span>Kombineeritud lukk ja elektroonilised v\u00f5tmed<\/span><\/p>\n<p><span>Intercomi klahvistik toimib kombinatsioonlukuna.\u00a0Kasutajad saavad sissep\u00e4\u00e4su v\u00e4rava ukse avada v\u00f5i ajami k\u00e4ivitada, sisestades koodi, mis koosneb 4, 5 v\u00f5i 6 numbrist.\u00a0Ukse v\u00f5i v\u00e4rava saab avada ka unikaalse 125 kHz standardiga RFID-l\u00e4hiv\u00f5tmega.<\/span><\/p>\n<p><span>Juurdep\u00e4\u00e4su kontroll<\/span><\/p>\n<p><span>Intercom v\u00f5imaldab teil luua juurdep\u00e4\u00e4su\u00f5iguste hierarhilise struktuuri, mille eesotsas on rajatise omanik.\u00a0Igale paneelile saab m\u00e4\u00e4rata \u00fche neljast tsoonist, seej\u00e4rel saab igale kasutajale anda \u00f5iguse avada v\u00e4rav ja v\u00e4rav m\u00f5lemas.<\/span><\/p>\n<p><span>Individuaalsed seaded<\/span><\/p>\n<p><span>Intercom CD-4000 v\u00f5imaldab teil kohandada toimimist kasutajate individuaalsete vajadustega.\u00a0Nad saavad iseseisvalt m\u00e4\u00e4rata selliseid parameetreid nagu helina arv, k\u00f5ne helitugevus v\u00f5i teatised koodi v\u00f5i elektroonilise v\u00f5tme kasutamise kohta.<\/span><\/p>\n<p><span>Koost\u00f6\u00f6 teiste digitaals\u00fcsteemidega<\/span><\/p>\n<p><span>Intercom CD-4000 saab teha koost\u00f6\u00f6d intercomidega CD-2502, CD-3100 ja CD-2600.\u00a0T\u00e4nu sellele on v\u00f5imalik ehitada ulatuslikke intercom- ja video-intercom-s\u00fcsteeme.<\/span><\/p>\n<\/div>\n<\/div>\n<\/div>\n<\/div>\n<div id=\"stopka\"><\/div>\n<\/div>\n<\/div>\n<\/div>\n<\/div>\n<\/div>\n<\/div>\n<\/div>\n","protected":false},"excerpt":{"rendered":"<h3><span>Funktsioonid<\/span><\/h3>\n<table class=\"prod-opis\" style=\"height: 273px;\" width=\"590\">\n<tbody>\n<tr>\n<td><span>Materjal: INOX<\/span><\/td>\n<\/tr>\n<tr>\n<td><span>RFID-v\u00f5tmelugeja: jah<\/span><\/td>\n<\/tr>\n<tr>\n<td><span>IButton Key Reader: Ei.<\/span><\/td>\n<\/tr>\n<tr>\n<td><span>Koodlukk: jah<\/span><\/td>\n<\/tr>\n<tr>\n<td><span>Kaamera kinnitus: jah<\/span><\/td>\n<\/tr>\n<tr>\n<td><span>Klaviatuur: mehaaniline<\/span><\/td>\n<\/tr>\n<tr>\n<td><span>Graafiline kuva: jah<\/span><\/td>\n<\/tr>\n<tr>\n<td><span>Individuaalsed seaded: jah<\/span><\/td>\n<\/tr>\n<tr>\n<td><span>tavaline paigaldus: s\u00fcvistatavad<\/span><\/td>\n<\/tr>\n<\/tbody>\n<\/table>\n","protected":false},"featured_media":11177,"template":"","meta":[],"product_brand":[],"product_cat":[956,606,908],"product_tag":[],"class_list":{"0":"post-11174","1":"product","2":"type-product","3":"status-publish","4":"has-post-thumbnail","6":"product_cat-valispaneel-et-2","7":"product_cat-fonolukud","8":"product_cat-rainmann-laskomex-et-2","9":"pa_brand-laskomex-et","11":"first","12":"instock","13":"taxable","14":"shipping-taxable","15":"product-type-simple"},"yoast_head":"<!-- This site is optimized with the Yoast SEO Premium plugin v27.3 (Yoast SEO v27.3) - https:\/\/yoast.com\/product\/yoast-seo-premium-wordpress\/ -->\n<title>CD-4000 Laskomex - Fonolukk<\/title>\n<meta name=\"description\" content=\"CD-4000 Laskomex - CD-4000 s\u00fcsteem on m\u00f5eldud elamutele, kontoritele ja kommunaalhoonetele.\" \/>\n<meta name=\"robots\" content=\"index, follow, max-snippet:-1, max-image-preview:large, max-video-preview:-1\" \/>\n<link rel=\"canonical\" href=\"https:\/\/fonolukk.eu\/et\/tooted\/cd-4000-laskomex\/\" \/>\n<meta property=\"og:locale\" content=\"et_EE\" \/>\n<meta property=\"og:type\" content=\"article\" \/>\n<meta property=\"og:title\" content=\"CD-4000 Laskomex Electric strikes XS\" \/>\n<meta property=\"og:description\" content=\"Funktsioonid    Materjal: INOX   RFID-v\u00f5tmelugeja: jah   IButton Key Reader: Ei.   Koodlukk: jah   Kaamera kinnitus: jah   Klaviatuur: mehaaniline   Graafiline kuva: jah   Individuaalsed seaded: jah   tavaline paigaldus: s\u00fcvistatavad\" \/>\n<meta property=\"og:url\" content=\"https:\/\/fonolukk.eu\/et\/tooted\/cd-4000-laskomex\/\" \/>\n<meta property=\"og:site_name\" content=\"Fonolukk\" \/>\n<meta property=\"article:publisher\" content=\"https:\/\/www.facebook.com\/fonolukk\" \/>\n<meta property=\"article:modified_time\" content=\"2023-07-14T09:14:10+00:00\" \/>\n<meta property=\"og:image\" content=\"https:\/\/fonolukk.eu\/wp-content\/uploads\/2021\/06\/cd-4000_1.jpeg\" \/>\n\t<meta property=\"og:image:width\" content=\"800\" \/>\n\t<meta property=\"og:image:height\" content=\"600\" \/>\n\t<meta property=\"og:image:type\" content=\"image\/jpeg\" \/>\n<meta name=\"twitter:card\" content=\"summary_large_image\" \/>\n<meta name=\"twitter:title\" content=\"CD-4000 Laskomex\" \/>\n<meta name=\"twitter:label1\" content=\"Hind\" \/>\n\t<meta name=\"twitter:data1\" content=\"\" \/>\n\t<meta name=\"twitter:label2\" content=\"Availability\" \/>\n\t<meta name=\"twitter:data2\" content=\"Laos\" \/>\n<script type=\"application\/ld+json\" class=\"yoast-schema-graph\">{\"@context\":\"https:\\\/\\\/schema.org\",\"@graph\":[{\"@type\":\"WebPage\",\"@id\":\"https:\\\/\\\/fonolukk.eu\\\/et\\\/tooted\\\/cd-4000-laskomex\\\/\",\"url\":\"https:\\\/\\\/fonolukk.eu\\\/et\\\/tooted\\\/cd-4000-laskomex\\\/\",\"name\":\"CD-4000 Laskomex - Fonolukk\",\"isPartOf\":{\"@id\":\"https:\\\/\\\/fonolukk.eu\\\/et\\\/#website\"},\"primaryImageOfPage\":{\"@id\":\"https:\\\/\\\/fonolukk.eu\\\/et\\\/tooted\\\/cd-4000-laskomex\\\/#primaryimage\"},\"image\":{\"@id\":\"https:\\\/\\\/fonolukk.eu\\\/et\\\/tooted\\\/cd-4000-laskomex\\\/#primaryimage\"},\"thumbnailUrl\":\"https:\\\/\\\/fonolukk.eu\\\/wp-content\\\/uploads\\\/2021\\\/06\\\/cd-4000_1.jpeg\",\"datePublished\":\"2021-06-13T14:02:21+00:00\",\"dateModified\":\"2023-07-14T09:14:10+00:00\",\"description\":\"CD-4000 Laskomex - CD-4000 s\u00fcsteem on m\u00f5eldud elamutele, kontoritele ja kommunaalhoonetele.\",\"breadcrumb\":{\"@id\":\"https:\\\/\\\/fonolukk.eu\\\/et\\\/tooted\\\/cd-4000-laskomex\\\/#breadcrumb\"},\"inLanguage\":\"et\",\"potentialAction\":[{\"@type\":\"ReadAction\",\"target\":[\"https:\\\/\\\/fonolukk.eu\\\/et\\\/tooted\\\/cd-4000-laskomex\\\/\"]}]},{\"@type\":\"ImageObject\",\"inLanguage\":\"et\",\"@id\":\"https:\\\/\\\/fonolukk.eu\\\/et\\\/tooted\\\/cd-4000-laskomex\\\/#primaryimage\",\"url\":\"https:\\\/\\\/fonolukk.eu\\\/wp-content\\\/uploads\\\/2021\\\/06\\\/cd-4000_1.jpeg\",\"contentUrl\":\"https:\\\/\\\/fonolukk.eu\\\/wp-content\\\/uploads\\\/2021\\\/06\\\/cd-4000_1.jpeg\",\"width\":800,\"height\":600,\"caption\":\"Fonolukk -\"},{\"@type\":\"BreadcrumbList\",\"@id\":\"https:\\\/\\\/fonolukk.eu\\\/et\\\/tooted\\\/cd-4000-laskomex\\\/#breadcrumb\",\"itemListElement\":[{\"@type\":\"ListItem\",\"position\":1,\"name\":\"Esileht\",\"item\":\"https:\\\/\\\/fonolukk.eu\\\/et\\\/koduleht\\\/\"},{\"@type\":\"ListItem\",\"position\":2,\"name\":\"Tooted\",\"item\":\"https:\\\/\\\/fonolukk.eu\\\/et\\\/shop-2\\\/\"},{\"@type\":\"ListItem\",\"position\":3,\"name\":\"Fonolukud\",\"item\":\"https:\\\/\\\/fonolukk.eu\\\/et\\\/product-category\\\/fonolukud\\\/\"},{\"@type\":\"ListItem\",\"position\":4,\"name\":\"CD-4000 Laskomex\"}]},{\"@type\":\"WebSite\",\"@id\":\"https:\\\/\\\/fonolukk.eu\\\/et\\\/#website\",\"url\":\"https:\\\/\\\/fonolukk.eu\\\/et\\\/\",\"name\":\"Fonolukk eu\",\"description\":\"Smart Security Systems\",\"publisher\":{\"@id\":\"https:\\\/\\\/fonolukk.eu\\\/et\\\/#organization\"},\"potentialAction\":[{\"@type\":\"SearchAction\",\"target\":{\"@type\":\"EntryPoint\",\"urlTemplate\":\"https:\\\/\\\/fonolukk.eu\\\/et\\\/?s={search_term_string}\"},\"query-input\":{\"@type\":\"PropertyValueSpecification\",\"valueRequired\":true,\"valueName\":\"search_term_string\"}}],\"inLanguage\":\"et\"},{\"@type\":\"Organization\",\"@id\":\"https:\\\/\\\/fonolukk.eu\\\/et\\\/#organization\",\"name\":\"Smart Security OU\",\"url\":\"https:\\\/\\\/fonolukk.eu\\\/et\\\/\",\"logo\":{\"@type\":\"ImageObject\",\"inLanguage\":\"et\",\"@id\":\"https:\\\/\\\/fonolukk.eu\\\/et\\\/#\\\/schema\\\/logo\\\/image\\\/\",\"url\":\"https:\\\/\\\/fonolukk.eu\\\/wp-content\\\/uploads\\\/2023\\\/09\\\/fonolukk.png\",\"contentUrl\":\"https:\\\/\\\/fonolukk.eu\\\/wp-content\\\/uploads\\\/2023\\\/09\\\/fonolukk.png\",\"width\":277,\"height\":274,\"caption\":\"Smart Security OU\"},\"image\":{\"@id\":\"https:\\\/\\\/fonolukk.eu\\\/et\\\/#\\\/schema\\\/logo\\\/image\\\/\"},\"sameAs\":[\"https:\\\/\\\/www.facebook.com\\\/fonolukk\",\"https:\\\/\\\/www.instagram.com\\\/fonolukk\\\/?hl=ru\"],\"publishingPrinciples\":\"https:\\\/\\\/fonolukk.eu\\\/terms-and-conditions\\\/\",\"ownershipFundingInfo\":\"https:\\\/\\\/fonolukk.eu\\\/about-us\\\/\"}]}<\/script>\n<meta property=\"product:brand\" content=\"Laskomex\" \/>\n<meta property=\"product:price:amount\" content=\"0.00\" \/>\n<meta property=\"product:price:currency\" content=\"EUR\" \/>\n<meta property=\"og:availability\" content=\"instock\" \/>\n<meta property=\"product:availability\" content=\"instock\" \/>\n<meta property=\"product:retailer_item_id\" content=\"CD-4000\" \/>\n<meta property=\"product:condition\" content=\"new\" \/>\n<!-- \/ Yoast SEO Premium plugin. -->","yoast_head_json":{"title":"CD-4000 Laskomex - Fonolukk","description":"CD-4000 Laskomex - CD-4000 s\u00fcsteem on m\u00f5eldud elamutele, kontoritele ja kommunaalhoonetele.","robots":{"index":"index","follow":"follow","max-snippet":"max-snippet:-1","max-image-preview":"max-image-preview:large","max-video-preview":"max-video-preview:-1"},"canonical":"https:\/\/fonolukk.eu\/et\/tooted\/cd-4000-laskomex\/","og_locale":"et_EE","og_type":"article","og_title":"CD-4000 Laskomex Electric strikes XS","og_description":"Funktsioonid    Materjal: INOX   RFID-v\u00f5tmelugeja: jah   IButton Key Reader: Ei.   Koodlukk: jah   Kaamera kinnitus: jah   Klaviatuur: mehaaniline   Graafiline kuva: jah   Individuaalsed seaded: jah   tavaline paigaldus: s\u00fcvistatavad","og_url":"https:\/\/fonolukk.eu\/et\/tooted\/cd-4000-laskomex\/","og_site_name":"Fonolukk","article_publisher":"https:\/\/www.facebook.com\/fonolukk","article_modified_time":"2023-07-14T09:14:10+00:00","og_image":[{"width":800,"height":600,"url":"https:\/\/fonolukk.eu\/wp-content\/uploads\/2021\/06\/cd-4000_1.jpeg","type":"image\/jpeg"}],"twitter_card":"summary_large_image","twitter_title":"CD-4000 Laskomex","twitter_misc":{"Hind":"","Availability":"Laos"},"schema":{"@context":"https:\/\/schema.org","@graph":[{"@type":"WebPage","@id":"https:\/\/fonolukk.eu\/et\/tooted\/cd-4000-laskomex\/","url":"https:\/\/fonolukk.eu\/et\/tooted\/cd-4000-laskomex\/","name":"CD-4000 Laskomex - Fonolukk","isPartOf":{"@id":"https:\/\/fonolukk.eu\/et\/#website"},"primaryImageOfPage":{"@id":"https:\/\/fonolukk.eu\/et\/tooted\/cd-4000-laskomex\/#primaryimage"},"image":{"@id":"https:\/\/fonolukk.eu\/et\/tooted\/cd-4000-laskomex\/#primaryimage"},"thumbnailUrl":"https:\/\/fonolukk.eu\/wp-content\/uploads\/2021\/06\/cd-4000_1.jpeg","datePublished":"2021-06-13T14:02:21+00:00","dateModified":"2023-07-14T09:14:10+00:00","description":"CD-4000 Laskomex - CD-4000 s\u00fcsteem on m\u00f5eldud elamutele, kontoritele ja kommunaalhoonetele.","breadcrumb":{"@id":"https:\/\/fonolukk.eu\/et\/tooted\/cd-4000-laskomex\/#breadcrumb"},"inLanguage":"et","potentialAction":[{"@type":"ReadAction","target":["https:\/\/fonolukk.eu\/et\/tooted\/cd-4000-laskomex\/"]}]},{"@type":"ImageObject","inLanguage":"et","@id":"https:\/\/fonolukk.eu\/et\/tooted\/cd-4000-laskomex\/#primaryimage","url":"https:\/\/fonolukk.eu\/wp-content\/uploads\/2021\/06\/cd-4000_1.jpeg","contentUrl":"https:\/\/fonolukk.eu\/wp-content\/uploads\/2021\/06\/cd-4000_1.jpeg","width":800,"height":600,"caption":"Fonolukk -"},{"@type":"BreadcrumbList","@id":"https:\/\/fonolukk.eu\/et\/tooted\/cd-4000-laskomex\/#breadcrumb","itemListElement":[{"@type":"ListItem","position":1,"name":"Esileht","item":"https:\/\/fonolukk.eu\/et\/koduleht\/"},{"@type":"ListItem","position":2,"name":"Tooted","item":"https:\/\/fonolukk.eu\/et\/shop-2\/"},{"@type":"ListItem","position":3,"name":"Fonolukud","item":"https:\/\/fonolukk.eu\/et\/product-category\/fonolukud\/"},{"@type":"ListItem","position":4,"name":"CD-4000 Laskomex"}]},{"@type":"WebSite","@id":"https:\/\/fonolukk.eu\/et\/#website","url":"https:\/\/fonolukk.eu\/et\/","name":"Fonolukk eu","description":"Smart Security Systems","publisher":{"@id":"https:\/\/fonolukk.eu\/et\/#organization"},"potentialAction":[{"@type":"SearchAction","target":{"@type":"EntryPoint","urlTemplate":"https:\/\/fonolukk.eu\/et\/?s={search_term_string}"},"query-input":{"@type":"PropertyValueSpecification","valueRequired":true,"valueName":"search_term_string"}}],"inLanguage":"et"},{"@type":"Organization","@id":"https:\/\/fonolukk.eu\/et\/#organization","name":"Smart Security OU","url":"https:\/\/fonolukk.eu\/et\/","logo":{"@type":"ImageObject","inLanguage":"et","@id":"https:\/\/fonolukk.eu\/et\/#\/schema\/logo\/image\/","url":"https:\/\/fonolukk.eu\/wp-content\/uploads\/2023\/09\/fonolukk.png","contentUrl":"https:\/\/fonolukk.eu\/wp-content\/uploads\/2023\/09\/fonolukk.png","width":277,"height":274,"caption":"Smart Security OU"},"image":{"@id":"https:\/\/fonolukk.eu\/et\/#\/schema\/logo\/image\/"},"sameAs":["https:\/\/www.facebook.com\/fonolukk","https:\/\/www.instagram.com\/fonolukk\/?hl=ru"],"publishingPrinciples":"https:\/\/fonolukk.eu\/terms-and-conditions\/","ownershipFundingInfo":"https:\/\/fonolukk.eu\/about-us\/"}]},"product_brand":"Laskomex","product_price_amount":"0.00","product_price_currency":"EUR","og_availability":"instock","product_availability":"instock","product_retailer_item_id":"CD-4000","product_condition":"new"},"_links":{"self":[{"href":"https:\/\/fonolukk.eu\/et\/wp-json\/wp\/v2\/product\/11174","targetHints":{"allow":["GET"]}}],"collection":[{"href":"https:\/\/fonolukk.eu\/et\/wp-json\/wp\/v2\/product"}],"about":[{"href":"https:\/\/fonolukk.eu\/et\/wp-json\/wp\/v2\/types\/product"}],"version-history":[{"count":0,"href":"https:\/\/fonolukk.eu\/et\/wp-json\/wp\/v2\/product\/11174\/revisions"}],"wp:featuredmedia":[{"embeddable":true,"href":"https:\/\/fonolukk.eu\/et\/wp-json\/wp\/v2\/media\/11177"}],"wp:attachment":[{"href":"https:\/\/fonolukk.eu\/et\/wp-json\/wp\/v2\/media?parent=11174"}],"wp:term":[{"taxonomy":"product_brand","embeddable":true,"href":"https:\/\/fonolukk.eu\/et\/wp-json\/wp\/v2\/product_brand?post=11174"},{"taxonomy":"product_cat","embeddable":true,"href":"https:\/\/fonolukk.eu\/et\/wp-json\/wp\/v2\/product_cat?post=11174"},{"taxonomy":"product_tag","embeddable":true,"href":"https:\/\/fonolukk.eu\/et\/wp-json\/wp\/v2\/product_tag?post=11174"}],"curies":[{"name":"wp","href":"https:\/\/api.w.org\/{rel}","templated":true}]}}