{"id":11232,"date":"2021-06-20T10:53:42","date_gmt":"2021-06-20T07:53:42","guid":{"rendered":"https:\/\/fonolukk.eu\/?post_type=product&#038;p=11232"},"modified":"2021-06-20T11:02:28","modified_gmt":"2021-06-20T08:02:28","slug":"helikomplekt-1-1-tehniline-kahesuunaline-kit-2cksd","status":"publish","type":"product","link":"https:\/\/fonolukk.eu\/et\/tooted\/helikomplekt-1-1-tehniline-kahesuunaline-kit-2cksd\/","title":{"rendered":"Helikomplekt, 1 + 1 tehniline, kahesuunaline &#8211; KIT 2CKSD"},"content":{"rendered":"<h2 class=\"article-title\"><div class='w3eden'><!-- WPDM Link Template: Default Template -->\n\n<div class=\"link-template-default card mb-2\">\n    <div class=\"card-body\">\n        <div class=\"media\">\n            <div class=\"mr-3 img-48\"><img decoding=\"async\" class=\"wpdm_icon\" alt=\"Icon\"   src=\"https:\/\/fonolukk.eu\/wp-content\/plugins\/download-manager\/assets\/file-type-icons\/pdf.svg\" \/><\/div>\n            <div class=\"media-body\">\n                <h3 class=\"package-title\"><a href='https:\/\/fonolukk.eu\/download\/kit-2cksd\/'>KIT 2CKSD<\/a><\/h3>\n                <div class=\"text-muted text-small\"><i class=\"fas fa-copy\"><\/i> 1 file(s) <i class=\"fas fa-hdd ml-3\"><\/i> 2.01 MB<\/div>\n            <\/div>\n            <div class=\"ml-3\">\n                <a class='wpdm-download-link download-on-click btn btn-primary ' rel='nofollow' href='#' data-downloadurl=\"https:\/\/fonolukk.eu\/download\/kit-2cksd\/?wpdmdl=11234&refresh=69d3e6fc53e281775494908\">Lae<\/a>\n            <\/div>\n        <\/div>\n    <\/div>\n<\/div>\n\n<\/div><\/h2>\n","protected":false},"excerpt":{"rendered":"<p><span>Kahesuunaline helikomplekt, 1 + 1 v\u00e4hendatud juhtmestiku tehnoloogia.\u00a0<span class=\"goog-text-highlight\">See kuulub ClicKiti seeriasse ja see koosneb kahest EX311 Exhito sisetelefonist + 1 anodeeritud alumiinium Click seeria pinnale kinnitatud 2 nupuga surunupupaneelist ja 1 toiteallikast PRS210.\u00a0<\/span>Jaotatud pappkarpi<\/span><\/p>\n","protected":false},"featured_media":11237,"template":"","meta":[],"product_brand":[],"product_cat":[606,891,1079],"product_tag":[],"class_list":{"0":"post-11232","1":"product","2":"type-product","3":"status-publish","4":"has-post-thumbnail","6":"product_cat-fonolukud","7":"product_cat-fonoluku-komplekt","8":"product_cat-farfisa-et-3","9":"pa_brand-farfisa-et","11":"first","12":"instock","13":"taxable","14":"shipping-taxable","15":"product-type-simple"},"yoast_head":"<!-- This site is optimized with the Yoast SEO Premium plugin v27.3 (Yoast SEO v27.3) - https:\/\/yoast.com\/product\/yoast-seo-premium-wordpress\/ -->\n<title>Helikomplekt, 1 + 1 tehniline, kahesuunaline - KIT 2CKSD - Fonolukk<\/title>\n<meta name=\"description\" content=\"Helikomplekt, 1 + 1 tehniline, kahesuunaline - KIT 2CKSD - Kahesuunaline helikomplekt, 1 + 1 v\u00e4hendatud juhtmestiku tehnoloogia.\" \/>\n<meta name=\"robots\" content=\"index, follow, max-snippet:-1, max-image-preview:large, max-video-preview:-1\" \/>\n<link rel=\"canonical\" href=\"https:\/\/fonolukk.eu\/et\/tooted\/helikomplekt-1-1-tehniline-kahesuunaline-kit-2cksd\/\" \/>\n<meta property=\"og:locale\" content=\"et_EE\" \/>\n<meta property=\"og:type\" content=\"article\" \/>\n<meta property=\"og:title\" content=\"Helikomplekt, 1 + 1 tehniline, kahesuunaline - KIT 2CKSD Electric strikes XS\" \/>\n<meta property=\"og:description\" content=\"Kahesuunaline helikomplekt, 1 + 1 v\u00e4hendatud juhtmestiku tehnoloogia.\u00a0See kuulub ClicKiti seeriasse ja see koosneb kahest EX311 Exhito sisetelefonist + 1 anodeeritud alumiinium Click seeria pinnale kinnitatud 2 nupuga surunupupaneelist ja 1 toiteallikast PRS210.\u00a0Jaotatud pappkarpi\" \/>\n<meta property=\"og:url\" content=\"https:\/\/fonolukk.eu\/et\/tooted\/helikomplekt-1-1-tehniline-kahesuunaline-kit-2cksd\/\" \/>\n<meta property=\"og:site_name\" content=\"Fonolukk\" \/>\n<meta property=\"article:publisher\" content=\"https:\/\/www.facebook.com\/fonolukk\" \/>\n<meta property=\"article:modified_time\" content=\"2021-06-20T08:02:28+00:00\" \/>\n<meta property=\"og:image\" content=\"https:\/\/fonolukk.eu\/wp-content\/uploads\/2021\/06\/2ck.jpeg\" \/>\n\t<meta property=\"og:image:width\" content=\"300\" \/>\n\t<meta property=\"og:image:height\" content=\"300\" \/>\n\t<meta property=\"og:image:type\" content=\"image\/jpeg\" \/>\n<meta name=\"twitter:card\" content=\"summary_large_image\" \/>\n<meta name=\"twitter:title\" content=\"Helikomplekt, 1 + 1 tehniline, kahesuunaline - KIT 2CKSD\" \/>\n<meta name=\"twitter:label1\" content=\"Hind\" \/>\n\t<meta name=\"twitter:data1\" content=\"\" \/>\n\t<meta name=\"twitter:label2\" content=\"Availability\" \/>\n\t<meta name=\"twitter:data2\" content=\"Laos\" \/>\n<script type=\"application\/ld+json\" class=\"yoast-schema-graph\">{\"@context\":\"https:\\\/\\\/schema.org\",\"@graph\":[{\"@type\":\"WebPage\",\"@id\":\"https:\\\/\\\/fonolukk.eu\\\/et\\\/tooted\\\/helikomplekt-1-1-tehniline-kahesuunaline-kit-2cksd\\\/\",\"url\":\"https:\\\/\\\/fonolukk.eu\\\/et\\\/tooted\\\/helikomplekt-1-1-tehniline-kahesuunaline-kit-2cksd\\\/\",\"name\":\"Helikomplekt, 1 + 1 tehniline, kahesuunaline - KIT 2CKSD - Fonolukk\",\"isPartOf\":{\"@id\":\"https:\\\/\\\/fonolukk.eu\\\/et\\\/#website\"},\"primaryImageOfPage\":{\"@id\":\"https:\\\/\\\/fonolukk.eu\\\/et\\\/tooted\\\/helikomplekt-1-1-tehniline-kahesuunaline-kit-2cksd\\\/#primaryimage\"},\"image\":{\"@id\":\"https:\\\/\\\/fonolukk.eu\\\/et\\\/tooted\\\/helikomplekt-1-1-tehniline-kahesuunaline-kit-2cksd\\\/#primaryimage\"},\"thumbnailUrl\":\"https:\\\/\\\/fonolukk.eu\\\/wp-content\\\/uploads\\\/2021\\\/06\\\/2ck.jpeg\",\"datePublished\":\"2021-06-20T07:53:42+00:00\",\"dateModified\":\"2021-06-20T08:02:28+00:00\",\"description\":\"Helikomplekt, 1 + 1 tehniline, kahesuunaline - KIT 2CKSD - Kahesuunaline helikomplekt, 1 + 1 v\u00e4hendatud juhtmestiku tehnoloogia.\",\"breadcrumb\":{\"@id\":\"https:\\\/\\\/fonolukk.eu\\\/et\\\/tooted\\\/helikomplekt-1-1-tehniline-kahesuunaline-kit-2cksd\\\/#breadcrumb\"},\"inLanguage\":\"et\",\"potentialAction\":[{\"@type\":\"ReadAction\",\"target\":[\"https:\\\/\\\/fonolukk.eu\\\/et\\\/tooted\\\/helikomplekt-1-1-tehniline-kahesuunaline-kit-2cksd\\\/\"]}]},{\"@type\":\"ImageObject\",\"inLanguage\":\"et\",\"@id\":\"https:\\\/\\\/fonolukk.eu\\\/et\\\/tooted\\\/helikomplekt-1-1-tehniline-kahesuunaline-kit-2cksd\\\/#primaryimage\",\"url\":\"https:\\\/\\\/fonolukk.eu\\\/wp-content\\\/uploads\\\/2021\\\/06\\\/2ck.jpeg\",\"contentUrl\":\"https:\\\/\\\/fonolukk.eu\\\/wp-content\\\/uploads\\\/2021\\\/06\\\/2ck.jpeg\",\"width\":300,\"height\":300},{\"@type\":\"BreadcrumbList\",\"@id\":\"https:\\\/\\\/fonolukk.eu\\\/et\\\/tooted\\\/helikomplekt-1-1-tehniline-kahesuunaline-kit-2cksd\\\/#breadcrumb\",\"itemListElement\":[{\"@type\":\"ListItem\",\"position\":1,\"name\":\"Esileht\",\"item\":\"https:\\\/\\\/fonolukk.eu\\\/et\\\/koduleht\\\/\"},{\"@type\":\"ListItem\",\"position\":2,\"name\":\"Tooted\",\"item\":\"https:\\\/\\\/fonolukk.eu\\\/et\\\/shop-2\\\/\"},{\"@type\":\"ListItem\",\"position\":3,\"name\":\"L\u00e4bip\u00e4\u00e4sus\u00fcsteem\",\"item\":\"https:\\\/\\\/fonolukk.eu\\\/et\\\/product-category\\\/labipaasususteem\\\/\"},{\"@type\":\"ListItem\",\"position\":4,\"name\":\"Helikomplekt, 1 + 1 tehniline, kahesuunaline &#8211; KIT 2CKSD\"}]},{\"@type\":\"WebSite\",\"@id\":\"https:\\\/\\\/fonolukk.eu\\\/et\\\/#website\",\"url\":\"https:\\\/\\\/fonolukk.eu\\\/et\\\/\",\"name\":\"Fonolukk eu\",\"description\":\"Smart Security Systems\",\"publisher\":{\"@id\":\"https:\\\/\\\/fonolukk.eu\\\/et\\\/#organization\"},\"potentialAction\":[{\"@type\":\"SearchAction\",\"target\":{\"@type\":\"EntryPoint\",\"urlTemplate\":\"https:\\\/\\\/fonolukk.eu\\\/et\\\/?s={search_term_string}\"},\"query-input\":{\"@type\":\"PropertyValueSpecification\",\"valueRequired\":true,\"valueName\":\"search_term_string\"}}],\"inLanguage\":\"et\"},{\"@type\":\"Organization\",\"@id\":\"https:\\\/\\\/fonolukk.eu\\\/et\\\/#organization\",\"name\":\"Smart Security OU\",\"url\":\"https:\\\/\\\/fonolukk.eu\\\/et\\\/\",\"logo\":{\"@type\":\"ImageObject\",\"inLanguage\":\"et\",\"@id\":\"https:\\\/\\\/fonolukk.eu\\\/et\\\/#\\\/schema\\\/logo\\\/image\\\/\",\"url\":\"https:\\\/\\\/fonolukk.eu\\\/wp-content\\\/uploads\\\/2023\\\/09\\\/fonolukk.png\",\"contentUrl\":\"https:\\\/\\\/fonolukk.eu\\\/wp-content\\\/uploads\\\/2023\\\/09\\\/fonolukk.png\",\"width\":277,\"height\":274,\"caption\":\"Smart Security OU\"},\"image\":{\"@id\":\"https:\\\/\\\/fonolukk.eu\\\/et\\\/#\\\/schema\\\/logo\\\/image\\\/\"},\"sameAs\":[\"https:\\\/\\\/www.facebook.com\\\/fonolukk\",\"https:\\\/\\\/www.instagram.com\\\/fonolukk\\\/?hl=ru\"],\"publishingPrinciples\":\"https:\\\/\\\/fonolukk.eu\\\/terms-and-conditions\\\/\",\"ownershipFundingInfo\":\"https:\\\/\\\/fonolukk.eu\\\/about-us\\\/\"}]}<\/script>\n<meta property=\"product:brand\" content=\"Farfisa\" \/>\n<meta property=\"product:price:amount\" content=\"0.00\" \/>\n<meta property=\"product:price:currency\" content=\"EUR\" \/>\n<meta property=\"og:availability\" content=\"instock\" \/>\n<meta property=\"product:availability\" content=\"instock\" \/>\n<meta property=\"product:retailer_item_id\" content=\"KIT 2CKSD\" \/>\n<meta property=\"product:condition\" content=\"new\" \/>\n<!-- \/ Yoast SEO Premium plugin. -->","yoast_head_json":{"title":"Helikomplekt, 1 + 1 tehniline, kahesuunaline - KIT 2CKSD - Fonolukk","description":"Helikomplekt, 1 + 1 tehniline, kahesuunaline - KIT 2CKSD - Kahesuunaline helikomplekt, 1 + 1 v\u00e4hendatud juhtmestiku tehnoloogia.","robots":{"index":"index","follow":"follow","max-snippet":"max-snippet:-1","max-image-preview":"max-image-preview:large","max-video-preview":"max-video-preview:-1"},"canonical":"https:\/\/fonolukk.eu\/et\/tooted\/helikomplekt-1-1-tehniline-kahesuunaline-kit-2cksd\/","og_locale":"et_EE","og_type":"article","og_title":"Helikomplekt, 1 + 1 tehniline, kahesuunaline - KIT 2CKSD Electric strikes XS","og_description":"Kahesuunaline helikomplekt, 1 + 1 v\u00e4hendatud juhtmestiku tehnoloogia.\u00a0See kuulub ClicKiti seeriasse ja see koosneb kahest EX311 Exhito sisetelefonist + 1 anodeeritud alumiinium Click seeria pinnale kinnitatud 2 nupuga surunupupaneelist ja 1 toiteallikast PRS210.\u00a0Jaotatud pappkarpi","og_url":"https:\/\/fonolukk.eu\/et\/tooted\/helikomplekt-1-1-tehniline-kahesuunaline-kit-2cksd\/","og_site_name":"Fonolukk","article_publisher":"https:\/\/www.facebook.com\/fonolukk","article_modified_time":"2021-06-20T08:02:28+00:00","og_image":[{"width":300,"height":300,"url":"https:\/\/fonolukk.eu\/wp-content\/uploads\/2021\/06\/2ck.jpeg","type":"image\/jpeg"}],"twitter_card":"summary_large_image","twitter_title":"Helikomplekt, 1 + 1 tehniline, kahesuunaline - KIT 2CKSD","twitter_misc":{"Hind":"","Availability":"Laos"},"schema":{"@context":"https:\/\/schema.org","@graph":[{"@type":"WebPage","@id":"https:\/\/fonolukk.eu\/et\/tooted\/helikomplekt-1-1-tehniline-kahesuunaline-kit-2cksd\/","url":"https:\/\/fonolukk.eu\/et\/tooted\/helikomplekt-1-1-tehniline-kahesuunaline-kit-2cksd\/","name":"Helikomplekt, 1 + 1 tehniline, kahesuunaline - KIT 2CKSD - Fonolukk","isPartOf":{"@id":"https:\/\/fonolukk.eu\/et\/#website"},"primaryImageOfPage":{"@id":"https:\/\/fonolukk.eu\/et\/tooted\/helikomplekt-1-1-tehniline-kahesuunaline-kit-2cksd\/#primaryimage"},"image":{"@id":"https:\/\/fonolukk.eu\/et\/tooted\/helikomplekt-1-1-tehniline-kahesuunaline-kit-2cksd\/#primaryimage"},"thumbnailUrl":"https:\/\/fonolukk.eu\/wp-content\/uploads\/2021\/06\/2ck.jpeg","datePublished":"2021-06-20T07:53:42+00:00","dateModified":"2021-06-20T08:02:28+00:00","description":"Helikomplekt, 1 + 1 tehniline, kahesuunaline - KIT 2CKSD - Kahesuunaline helikomplekt, 1 + 1 v\u00e4hendatud juhtmestiku tehnoloogia.","breadcrumb":{"@id":"https:\/\/fonolukk.eu\/et\/tooted\/helikomplekt-1-1-tehniline-kahesuunaline-kit-2cksd\/#breadcrumb"},"inLanguage":"et","potentialAction":[{"@type":"ReadAction","target":["https:\/\/fonolukk.eu\/et\/tooted\/helikomplekt-1-1-tehniline-kahesuunaline-kit-2cksd\/"]}]},{"@type":"ImageObject","inLanguage":"et","@id":"https:\/\/fonolukk.eu\/et\/tooted\/helikomplekt-1-1-tehniline-kahesuunaline-kit-2cksd\/#primaryimage","url":"https:\/\/fonolukk.eu\/wp-content\/uploads\/2021\/06\/2ck.jpeg","contentUrl":"https:\/\/fonolukk.eu\/wp-content\/uploads\/2021\/06\/2ck.jpeg","width":300,"height":300},{"@type":"BreadcrumbList","@id":"https:\/\/fonolukk.eu\/et\/tooted\/helikomplekt-1-1-tehniline-kahesuunaline-kit-2cksd\/#breadcrumb","itemListElement":[{"@type":"ListItem","position":1,"name":"Esileht","item":"https:\/\/fonolukk.eu\/et\/koduleht\/"},{"@type":"ListItem","position":2,"name":"Tooted","item":"https:\/\/fonolukk.eu\/et\/shop-2\/"},{"@type":"ListItem","position":3,"name":"L\u00e4bip\u00e4\u00e4sus\u00fcsteem","item":"https:\/\/fonolukk.eu\/et\/product-category\/labipaasususteem\/"},{"@type":"ListItem","position":4,"name":"Helikomplekt, 1 + 1 tehniline, kahesuunaline &#8211; KIT 2CKSD"}]},{"@type":"WebSite","@id":"https:\/\/fonolukk.eu\/et\/#website","url":"https:\/\/fonolukk.eu\/et\/","name":"Fonolukk eu","description":"Smart Security Systems","publisher":{"@id":"https:\/\/fonolukk.eu\/et\/#organization"},"potentialAction":[{"@type":"SearchAction","target":{"@type":"EntryPoint","urlTemplate":"https:\/\/fonolukk.eu\/et\/?s={search_term_string}"},"query-input":{"@type":"PropertyValueSpecification","valueRequired":true,"valueName":"search_term_string"}}],"inLanguage":"et"},{"@type":"Organization","@id":"https:\/\/fonolukk.eu\/et\/#organization","name":"Smart Security OU","url":"https:\/\/fonolukk.eu\/et\/","logo":{"@type":"ImageObject","inLanguage":"et","@id":"https:\/\/fonolukk.eu\/et\/#\/schema\/logo\/image\/","url":"https:\/\/fonolukk.eu\/wp-content\/uploads\/2023\/09\/fonolukk.png","contentUrl":"https:\/\/fonolukk.eu\/wp-content\/uploads\/2023\/09\/fonolukk.png","width":277,"height":274,"caption":"Smart Security OU"},"image":{"@id":"https:\/\/fonolukk.eu\/et\/#\/schema\/logo\/image\/"},"sameAs":["https:\/\/www.facebook.com\/fonolukk","https:\/\/www.instagram.com\/fonolukk\/?hl=ru"],"publishingPrinciples":"https:\/\/fonolukk.eu\/terms-and-conditions\/","ownershipFundingInfo":"https:\/\/fonolukk.eu\/about-us\/"}]},"product_brand":"Farfisa","product_price_amount":"0.00","product_price_currency":"EUR","og_availability":"instock","product_availability":"instock","product_retailer_item_id":"KIT 2CKSD","product_condition":"new"},"_links":{"self":[{"href":"https:\/\/fonolukk.eu\/et\/wp-json\/wp\/v2\/product\/11232","targetHints":{"allow":["GET"]}}],"collection":[{"href":"https:\/\/fonolukk.eu\/et\/wp-json\/wp\/v2\/product"}],"about":[{"href":"https:\/\/fonolukk.eu\/et\/wp-json\/wp\/v2\/types\/product"}],"version-history":[{"count":0,"href":"https:\/\/fonolukk.eu\/et\/wp-json\/wp\/v2\/product\/11232\/revisions"}],"wp:featuredmedia":[{"embeddable":true,"href":"https:\/\/fonolukk.eu\/et\/wp-json\/wp\/v2\/media\/11237"}],"wp:attachment":[{"href":"https:\/\/fonolukk.eu\/et\/wp-json\/wp\/v2\/media?parent=11232"}],"wp:term":[{"taxonomy":"product_brand","embeddable":true,"href":"https:\/\/fonolukk.eu\/et\/wp-json\/wp\/v2\/product_brand?post=11232"},{"taxonomy":"product_cat","embeddable":true,"href":"https:\/\/fonolukk.eu\/et\/wp-json\/wp\/v2\/product_cat?post=11232"},{"taxonomy":"product_tag","embeddable":true,"href":"https:\/\/fonolukk.eu\/et\/wp-json\/wp\/v2\/product_tag?post=11232"}],"curies":[{"name":"wp","href":"https:\/\/api.w.org\/{rel}","templated":true}]}}