{"id":12162,"date":"2021-08-11T14:39:13","date_gmt":"2021-08-11T11:39:13","guid":{"rendered":"https:\/\/fonolukk.eu\/?post_type=product&#038;p=12162"},"modified":"2023-07-25T15:00:34","modified_gmt":"2023-07-25T12:00:34","slug":"door-phone-commax-dp-2s","status":"publish","type":"product","link":"https:\/\/fonolukk.eu\/et\/tooted\/door-phone-commax-dp-2s\/","title":{"rendered":"Door Phone Commax DP-2S"},"content":{"rendered":"<div id=\"features\" class=\"desc-container\">\n<div class=\"desc-inner\">\n<div class=\"desc-content\">\n<div class=\"desc-list\">\n<h4><span>KIRJELDUS<\/span><\/h4>\n<ul>\n<li><span>2 mittepolaarsusega juhet<\/span><\/li>\n<li><span>Kasutajas\u00f5bralik mobiiltelefoni disain koos mugava k\u00e4epidemega<\/span><\/li>\n<\/ul>\n<\/div>\n<\/div>\n<\/div>\n<\/div>\n<div id=\"function\" class=\"desc-container\">\n<div class=\"desc-inner\">\n<h4><span>FUNKTSIOON<\/span><\/h4>\n<div class=\"desc-content line_int\">\n<div class=\"desc-list\">\n<ul>\n<li><span>R\u00e4\u00e4kige k\u00fclastajaga<\/span><\/li>\n<li><span>Ukseluku vabastus<\/span><\/li>\n<\/ul>\n<\/div>\n<\/div>\n<\/div>\n<\/div>\n<div id=\"specifications\" class=\"desc-container\">\n<div class=\"desc-inner\">\n<h4><span>SPETSIFIKATSIOON<\/span><\/h4>\n<div class=\"desc-content\">\n<div class=\"desc-spec\">\n<dl>\n<dt class=\"first\"><span>Energiaallikas<\/span><\/dt>\n<dd class=\"first\"><span>Vahelduvvool 110\/220\/230\/240V\/50\/60Hz<\/span><\/dd>\n<dt class=\"second\"><span>Kinnituse t\u00fc\u00fcp<\/span><\/dt>\n<dd class=\"second\"><span>Seinale paigaldatav t\u00fc\u00fcp<\/span><\/dd>\n<dt><span>Juhtmestik<\/span><\/dt>\n<dd><span>K\u00f5ne: 2 juhtmest<\/span><br \/>\n<span>Ukse vabastamine: 2 juhtmest (1,6\u00d8 vasktraat)<\/span><\/dd>\n<dt><span>Kaugus<\/span><\/dt>\n<dd><span>100 m (0,65\u00d8), 150 m (0,8\u00d8)<\/span><\/dd>\n<dt><span>M\u00f5\u00f5tmed (mm)<\/span><\/dt>\n<dd><span>108 (laius) \u00d7 210 (k) \u00d7 33 (61) (s\u00fcgavus)<\/span><\/dd>\n<\/dl>\n<\/div>\n<\/div>\n<\/div>\n<\/div>\n<div id=\"installation\" class=\"map desc-container\">\n<div class=\"desc-inner\">\n<h4><span>PAIGALDAMINE<\/span><\/h4>\n<div class=\"desc-content\">\n<div><img decoding=\"async\" src=\"https:\/\/www.commax.com\/DATA\/editor\/c9dy3DsX5PRMVVexH.png\" alt=\"PAIGALDAMINE.png\" width=\"448\" height=\"239\" \/><\/div>\n<\/div>\n<\/div>\n<\/div>\n","protected":false},"excerpt":{"rendered":"<div class=\"catalogbox__param__announce\">\n<div class=\"catalogbox__param__announce\">\n[wpdm_package id = '12165']\n<\/div>\n<\/div>\n","protected":false},"featured_media":12168,"template":"","meta":[],"product_brand":[],"product_cat":[385,891,1184,788],"product_tag":[],"class_list":{"0":"post-12162","1":"product","2":"type-product","3":"status-publish","4":"has-post-thumbnail","6":"product_cat-intercom-torud","7":"product_cat-fonoluku-komplekt","8":"product_cat-commax-et-2","9":"product_cat-commax-et","10":"pa_brand-commax-et","12":"first","13":"instock","14":"taxable","15":"shipping-taxable","16":"purchasable","17":"product-type-simple"},"yoast_head":"<!-- This site is optimized with the Yoast SEO Premium plugin v27.3 (Yoast SEO v27.3) - https:\/\/yoast.com\/product\/yoast-seo-premium-wordpress\/ -->\n<title>Door Phone Commax DP-2S - Fonolukk<\/title>\n<meta name=\"description\" content=\"Door Phone Commax DP-2S - Kahesuunaline helikomplekt, 1 + 1 v\u00e4hendatud juhtmestiku tehnoloogia.\" \/>\n<meta name=\"robots\" content=\"index, follow, max-snippet:-1, max-image-preview:large, max-video-preview:-1\" \/>\n<link rel=\"canonical\" href=\"https:\/\/fonolukk.eu\/et\/tooted\/door-phone-commax-dp-2s\/\" \/>\n<meta property=\"og:locale\" content=\"et_EE\" \/>\n<meta property=\"og:type\" content=\"article\" \/>\n<meta property=\"og:title\" content=\"Door Phone Commax DP-2S Electric strikes XS\" \/>\n<meta property=\"og:url\" content=\"https:\/\/fonolukk.eu\/et\/tooted\/door-phone-commax-dp-2s\/\" \/>\n<meta property=\"og:site_name\" content=\"Fonolukk\" \/>\n<meta property=\"article:publisher\" content=\"https:\/\/www.facebook.com\/fonolukk\" \/>\n<meta property=\"article:modified_time\" content=\"2023-07-25T12:00:34+00:00\" \/>\n<meta property=\"og:image\" content=\"https:\/\/fonolukk.eu\/wp-content\/uploads\/2021\/08\/140109232603300.png\" \/>\n\t<meta property=\"og:image:width\" content=\"646\" \/>\n\t<meta property=\"og:image:height\" content=\"428\" \/>\n\t<meta property=\"og:image:type\" content=\"image\/png\" \/>\n<meta name=\"twitter:card\" content=\"summary_large_image\" \/>\n<meta name=\"twitter:title\" content=\"Door Phone Commax DP-2S\" \/>\n<meta name=\"twitter:label1\" content=\"Hind\" \/>\n\t<meta name=\"twitter:data1\" content=\"&euro;36.00 koos KM\" \/>\n\t<meta name=\"twitter:label2\" content=\"Availability\" \/>\n\t<meta name=\"twitter:data2\" content=\"Laos\" \/>\n<script type=\"application\/ld+json\" class=\"yoast-schema-graph\">{\"@context\":\"https:\\\/\\\/schema.org\",\"@graph\":[{\"@type\":\"WebPage\",\"@id\":\"https:\\\/\\\/fonolukk.eu\\\/et\\\/tooted\\\/door-phone-commax-dp-2s\\\/\",\"url\":\"https:\\\/\\\/fonolukk.eu\\\/et\\\/tooted\\\/door-phone-commax-dp-2s\\\/\",\"name\":\"Door Phone Commax DP-2S - Fonolukk\",\"isPartOf\":{\"@id\":\"https:\\\/\\\/fonolukk.eu\\\/et\\\/#website\"},\"primaryImageOfPage\":{\"@id\":\"https:\\\/\\\/fonolukk.eu\\\/et\\\/tooted\\\/door-phone-commax-dp-2s\\\/#primaryimage\"},\"image\":{\"@id\":\"https:\\\/\\\/fonolukk.eu\\\/et\\\/tooted\\\/door-phone-commax-dp-2s\\\/#primaryimage\"},\"thumbnailUrl\":\"https:\\\/\\\/fonolukk.eu\\\/wp-content\\\/uploads\\\/2021\\\/08\\\/140109232603300.png\",\"datePublished\":\"2021-08-11T11:39:13+00:00\",\"dateModified\":\"2023-07-25T12:00:34+00:00\",\"description\":\"Door Phone Commax DP-2S - Kahesuunaline helikomplekt, 1 + 1 v\u00e4hendatud juhtmestiku tehnoloogia.\",\"breadcrumb\":{\"@id\":\"https:\\\/\\\/fonolukk.eu\\\/et\\\/tooted\\\/door-phone-commax-dp-2s\\\/#breadcrumb\"},\"inLanguage\":\"et\",\"potentialAction\":[{\"@type\":\"ReadAction\",\"target\":[\"https:\\\/\\\/fonolukk.eu\\\/et\\\/tooted\\\/door-phone-commax-dp-2s\\\/\"]}]},{\"@type\":\"ImageObject\",\"inLanguage\":\"et\",\"@id\":\"https:\\\/\\\/fonolukk.eu\\\/et\\\/tooted\\\/door-phone-commax-dp-2s\\\/#primaryimage\",\"url\":\"https:\\\/\\\/fonolukk.eu\\\/wp-content\\\/uploads\\\/2021\\\/08\\\/140109232603300.png\",\"contentUrl\":\"https:\\\/\\\/fonolukk.eu\\\/wp-content\\\/uploads\\\/2021\\\/08\\\/140109232603300.png\",\"width\":646,\"height\":428,\"caption\":\"DP-2S\"},{\"@type\":\"BreadcrumbList\",\"@id\":\"https:\\\/\\\/fonolukk.eu\\\/et\\\/tooted\\\/door-phone-commax-dp-2s\\\/#breadcrumb\",\"itemListElement\":[{\"@type\":\"ListItem\",\"position\":1,\"name\":\"Esileht\",\"item\":\"https:\\\/\\\/fonolukk.eu\\\/et\\\/koduleht\\\/\"},{\"@type\":\"ListItem\",\"position\":2,\"name\":\"Tooted\",\"item\":\"https:\\\/\\\/fonolukk.eu\\\/et\\\/shop-2\\\/\"},{\"@type\":\"ListItem\",\"position\":3,\"name\":\"Uksetelefonid\",\"item\":\"https:\\\/\\\/fonolukk.eu\\\/et\\\/product-category\\\/intercom-torud\\\/\"},{\"@type\":\"ListItem\",\"position\":4,\"name\":\"Door Phone Commax DP-2S\"}]},{\"@type\":\"WebSite\",\"@id\":\"https:\\\/\\\/fonolukk.eu\\\/et\\\/#website\",\"url\":\"https:\\\/\\\/fonolukk.eu\\\/et\\\/\",\"name\":\"Fonolukk eu\",\"description\":\"Smart Security Systems\",\"publisher\":{\"@id\":\"https:\\\/\\\/fonolukk.eu\\\/et\\\/#organization\"},\"potentialAction\":[{\"@type\":\"SearchAction\",\"target\":{\"@type\":\"EntryPoint\",\"urlTemplate\":\"https:\\\/\\\/fonolukk.eu\\\/et\\\/?s={search_term_string}\"},\"query-input\":{\"@type\":\"PropertyValueSpecification\",\"valueRequired\":true,\"valueName\":\"search_term_string\"}}],\"inLanguage\":\"et\"},{\"@type\":\"Organization\",\"@id\":\"https:\\\/\\\/fonolukk.eu\\\/et\\\/#organization\",\"name\":\"Smart Security OU\",\"url\":\"https:\\\/\\\/fonolukk.eu\\\/et\\\/\",\"logo\":{\"@type\":\"ImageObject\",\"inLanguage\":\"et\",\"@id\":\"https:\\\/\\\/fonolukk.eu\\\/et\\\/#\\\/schema\\\/logo\\\/image\\\/\",\"url\":\"https:\\\/\\\/fonolukk.eu\\\/wp-content\\\/uploads\\\/2023\\\/09\\\/fonolukk.png\",\"contentUrl\":\"https:\\\/\\\/fonolukk.eu\\\/wp-content\\\/uploads\\\/2023\\\/09\\\/fonolukk.png\",\"width\":277,\"height\":274,\"caption\":\"Smart Security OU\"},\"image\":{\"@id\":\"https:\\\/\\\/fonolukk.eu\\\/et\\\/#\\\/schema\\\/logo\\\/image\\\/\"},\"sameAs\":[\"https:\\\/\\\/www.facebook.com\\\/fonolukk\",\"https:\\\/\\\/www.instagram.com\\\/fonolukk\\\/?hl=ru\"],\"publishingPrinciples\":\"https:\\\/\\\/fonolukk.eu\\\/terms-and-conditions\\\/\",\"ownershipFundingInfo\":\"https:\\\/\\\/fonolukk.eu\\\/about-us\\\/\"}]}<\/script>\n<meta property=\"product:brand\" content=\"COMMAX\" \/>\n<meta property=\"product:price:amount\" content=\"36.00\" \/>\n<meta property=\"product:price:currency\" content=\"EUR\" \/>\n<meta property=\"og:availability\" content=\"instock\" \/>\n<meta property=\"product:availability\" content=\"instock\" \/>\n<meta property=\"product:retailer_item_id\" content=\"Comelit DP-2S\" \/>\n<meta property=\"product:condition\" content=\"new\" \/>\n<!-- \/ Yoast SEO Premium plugin. -->","yoast_head_json":{"title":"Door Phone Commax DP-2S - Fonolukk","description":"Door Phone Commax DP-2S - Kahesuunaline helikomplekt, 1 + 1 v\u00e4hendatud juhtmestiku tehnoloogia.","robots":{"index":"index","follow":"follow","max-snippet":"max-snippet:-1","max-image-preview":"max-image-preview:large","max-video-preview":"max-video-preview:-1"},"canonical":"https:\/\/fonolukk.eu\/et\/tooted\/door-phone-commax-dp-2s\/","og_locale":"et_EE","og_type":"article","og_title":"Door Phone Commax DP-2S Electric strikes XS","og_url":"https:\/\/fonolukk.eu\/et\/tooted\/door-phone-commax-dp-2s\/","og_site_name":"Fonolukk","article_publisher":"https:\/\/www.facebook.com\/fonolukk","article_modified_time":"2023-07-25T12:00:34+00:00","og_image":[{"width":646,"height":428,"url":"https:\/\/fonolukk.eu\/wp-content\/uploads\/2021\/08\/140109232603300.png","type":"image\/png"}],"twitter_card":"summary_large_image","twitter_title":"Door Phone Commax DP-2S","twitter_misc":{"Hind":"&euro;36.00 koos KM","Availability":"Laos"},"schema":{"@context":"https:\/\/schema.org","@graph":[{"@type":"WebPage","@id":"https:\/\/fonolukk.eu\/et\/tooted\/door-phone-commax-dp-2s\/","url":"https:\/\/fonolukk.eu\/et\/tooted\/door-phone-commax-dp-2s\/","name":"Door Phone Commax DP-2S - Fonolukk","isPartOf":{"@id":"https:\/\/fonolukk.eu\/et\/#website"},"primaryImageOfPage":{"@id":"https:\/\/fonolukk.eu\/et\/tooted\/door-phone-commax-dp-2s\/#primaryimage"},"image":{"@id":"https:\/\/fonolukk.eu\/et\/tooted\/door-phone-commax-dp-2s\/#primaryimage"},"thumbnailUrl":"https:\/\/fonolukk.eu\/wp-content\/uploads\/2021\/08\/140109232603300.png","datePublished":"2021-08-11T11:39:13+00:00","dateModified":"2023-07-25T12:00:34+00:00","description":"Door Phone Commax DP-2S - Kahesuunaline helikomplekt, 1 + 1 v\u00e4hendatud juhtmestiku tehnoloogia.","breadcrumb":{"@id":"https:\/\/fonolukk.eu\/et\/tooted\/door-phone-commax-dp-2s\/#breadcrumb"},"inLanguage":"et","potentialAction":[{"@type":"ReadAction","target":["https:\/\/fonolukk.eu\/et\/tooted\/door-phone-commax-dp-2s\/"]}]},{"@type":"ImageObject","inLanguage":"et","@id":"https:\/\/fonolukk.eu\/et\/tooted\/door-phone-commax-dp-2s\/#primaryimage","url":"https:\/\/fonolukk.eu\/wp-content\/uploads\/2021\/08\/140109232603300.png","contentUrl":"https:\/\/fonolukk.eu\/wp-content\/uploads\/2021\/08\/140109232603300.png","width":646,"height":428,"caption":"DP-2S"},{"@type":"BreadcrumbList","@id":"https:\/\/fonolukk.eu\/et\/tooted\/door-phone-commax-dp-2s\/#breadcrumb","itemListElement":[{"@type":"ListItem","position":1,"name":"Esileht","item":"https:\/\/fonolukk.eu\/et\/koduleht\/"},{"@type":"ListItem","position":2,"name":"Tooted","item":"https:\/\/fonolukk.eu\/et\/shop-2\/"},{"@type":"ListItem","position":3,"name":"Uksetelefonid","item":"https:\/\/fonolukk.eu\/et\/product-category\/intercom-torud\/"},{"@type":"ListItem","position":4,"name":"Door Phone Commax DP-2S"}]},{"@type":"WebSite","@id":"https:\/\/fonolukk.eu\/et\/#website","url":"https:\/\/fonolukk.eu\/et\/","name":"Fonolukk eu","description":"Smart Security Systems","publisher":{"@id":"https:\/\/fonolukk.eu\/et\/#organization"},"potentialAction":[{"@type":"SearchAction","target":{"@type":"EntryPoint","urlTemplate":"https:\/\/fonolukk.eu\/et\/?s={search_term_string}"},"query-input":{"@type":"PropertyValueSpecification","valueRequired":true,"valueName":"search_term_string"}}],"inLanguage":"et"},{"@type":"Organization","@id":"https:\/\/fonolukk.eu\/et\/#organization","name":"Smart Security OU","url":"https:\/\/fonolukk.eu\/et\/","logo":{"@type":"ImageObject","inLanguage":"et","@id":"https:\/\/fonolukk.eu\/et\/#\/schema\/logo\/image\/","url":"https:\/\/fonolukk.eu\/wp-content\/uploads\/2023\/09\/fonolukk.png","contentUrl":"https:\/\/fonolukk.eu\/wp-content\/uploads\/2023\/09\/fonolukk.png","width":277,"height":274,"caption":"Smart Security OU"},"image":{"@id":"https:\/\/fonolukk.eu\/et\/#\/schema\/logo\/image\/"},"sameAs":["https:\/\/www.facebook.com\/fonolukk","https:\/\/www.instagram.com\/fonolukk\/?hl=ru"],"publishingPrinciples":"https:\/\/fonolukk.eu\/terms-and-conditions\/","ownershipFundingInfo":"https:\/\/fonolukk.eu\/about-us\/"}]},"product_brand":"COMMAX","product_price_amount":"36.00","product_price_currency":"EUR","og_availability":"instock","product_availability":"instock","product_retailer_item_id":"Comelit DP-2S","product_condition":"new"},"_links":{"self":[{"href":"https:\/\/fonolukk.eu\/et\/wp-json\/wp\/v2\/product\/12162","targetHints":{"allow":["GET"]}}],"collection":[{"href":"https:\/\/fonolukk.eu\/et\/wp-json\/wp\/v2\/product"}],"about":[{"href":"https:\/\/fonolukk.eu\/et\/wp-json\/wp\/v2\/types\/product"}],"version-history":[{"count":0,"href":"https:\/\/fonolukk.eu\/et\/wp-json\/wp\/v2\/product\/12162\/revisions"}],"wp:featuredmedia":[{"embeddable":true,"href":"https:\/\/fonolukk.eu\/et\/wp-json\/wp\/v2\/media\/12168"}],"wp:attachment":[{"href":"https:\/\/fonolukk.eu\/et\/wp-json\/wp\/v2\/media?parent=12162"}],"wp:term":[{"taxonomy":"product_brand","embeddable":true,"href":"https:\/\/fonolukk.eu\/et\/wp-json\/wp\/v2\/product_brand?post=12162"},{"taxonomy":"product_cat","embeddable":true,"href":"https:\/\/fonolukk.eu\/et\/wp-json\/wp\/v2\/product_cat?post=12162"},{"taxonomy":"product_tag","embeddable":true,"href":"https:\/\/fonolukk.eu\/et\/wp-json\/wp\/v2\/product_tag?post=12162"}],"curies":[{"name":"wp","href":"https:\/\/api.w.org\/{rel}","templated":true}]}}