{"id":12175,"date":"2021-08-18T22:14:38","date_gmt":"2021-08-18T19:14:38","guid":{"rendered":"https:\/\/fonolukk.eu\/?post_type=product&#038;p=12175"},"modified":"2024-08-21T09:27:23","modified_gmt":"2024-08-21T06:27:23","slug":"laskomex-ly-8-uksekellaga","status":"publish","type":"product","link":"https:\/\/fonolukk.eu\/et\/tooted\/laskomex-ly-8-uksekellaga\/","title":{"rendered":"Laskomex LY-8M 1 BI uksekellaga"},"content":{"rendered":"<p><strong>LY-8M 1 BI uksekellaga<\/strong><\/p>\n<p><span id=\"result_box\" lang=\"en\"><span class=\"hps\" title=\"Kl\u00f5psake alternatiivsete t\u00f5lgete vaatamiseks\">Kaks\u00a0<\/span><span class=\"atn\" title=\"Kl\u00f5psake alternatiivsete t\u00f5lgete vaatamiseks\">&#8211;\u00a0<\/span><span title=\"Kl\u00f5psake alternatiivsete t\u00f5lgete vaatamiseks\">traat<\/span>\u00a0\u00a0mobiiltelefoni<br \/>\n<span class=\"hps\" title=\"Kl\u00f5psake alternatiivsete t\u00f5lgete vaatamiseks\">numbrid\u00a0<\/span>\u00a0<span class=\"hps\" title=\"Kl\u00f5psake alternatiivsete t\u00f5lgete vaatamiseks\">alates\u00a0<\/span>\u00a0<span class=\"hps\" title=\"Kl\u00f5psake alternatiivsete t\u00f5lgete vaatamiseks\">1\u00a0<\/span>\u00a0<span class=\"hps\" title=\"Kl\u00f5psake alternatiivsete t\u00f5lgete vaatamiseks\">kuni\u00a0<\/span>\u00a0<span class=\"hps\" title=\"Kl\u00f5psake alternatiivsete t\u00f5lgete vaatamiseks\">255<\/span><br \/>\n<span class=\"hps\" title=\"Kl\u00f5psake alternatiivsete t\u00f5lgete vaatamiseks\">olemasolu\u00a0<\/span>\u00a0<span class=\"hps\" title=\"Kl\u00f5psake alternatiivsete t\u00f5lgete vaatamiseks\">l\u00fcliti<\/span><br \/>\n<span class=\"hps\" title=\"Kl\u00f5psake alternatiivsete t\u00f5lgete vaatamiseks\">\u00dchildub:\u00a0\u00a0<\/span><span class=\"hps\" title=\"Kl\u00f5psake alternatiivsete t\u00f5lgete vaatamiseks\"><span style=\"color: #000000;\"><a style=\"color: #000000;\" href=\"https:\/\/fonolukk.eu\/et\/product-category\/intercom-torud\/rainmann-laskomex-et\/\">LASKOMEX Rainman<\/a><\/span> s\u00fcsteemid<\/span><\/span><\/p>\n<ul>\n<li class=\"p1\">Sisetelefon m\u00f5eldud s\u00fcsteemidele: CD-2502, CD-3100, CD-2600, CD-4000<\/li>\n<li class=\"p1\">Kellafunktsioon (vajab t\u00e4iendavat 13,5 V alalisvoolu toidet)<\/li>\n<li class=\"p1\">Kolmeastmeline helitugevuse regulaator (v\u00e4ljas, vaikne, vali)<\/li>\n<li class=\"p1\">V\u00f5imalus k\u00f5nesignaali v\u00e4lja l\u00fclitada<\/li>\n<li class=\"p1\">Eraldi k\u00f5lar k\u00f5nesignaali jaoks<\/li>\n<li class=\"p1\">Saadaval v\u00e4rvid: valge, grafiit, pruun.<\/li>\n<li class=\"p1\">2 nuppu: elektriline l\u00f6\u00f6gi juhtimine, lisafunktsiooni nupp.<\/li>\n<li class=\"p1\">LED, mis annab k\u00f5nest m\u00e4rku<\/li>\n<li class=\"p1\">Kaitsetase: IP30<\/li>\n<li class=\"p1\">M\u00f5\u00f5dud: 212 x 80 x 55,5 mm<\/li>\n<\/ul>\n<p class=\"p1\">Intercomi LY-8-1 \u00fchendamine<\/p>\n<p class=\"p1\">Sisetelefoni \u00fchendamiseks sisetelefonis\u00fcsteemiga \u00fchendage vastavad siini juhtmed klemmidega L+ ja L-. T\u00c4HELEPANU! Vale kaabli\u00fchendus blokeerib kogu sisekommunikatsioonis\u00fcsteemi (t\u00f5rketeade: E2 v\u00e4lispaneeli ekraanil).<\/p>\n<p class=\"p1\">M\u00e4rkus. Ainult LY-8-1 sisetelefonidel on kellamoodul.<\/p>\n<p class=\"p1\">Lisaks sisetelefoni \u00f5igele \u00fchendamisele on vaja ka see probleem lahendada. Intercomi adresseerimine toimub d\u017eemprite abil, mis asuvad sisetelefoni plaadil jaotises JP1. Vastava aadressi sisestamiseks asetage vastavatele numbritele h\u00fcppajad, nii et nende summa annab meie arvu. N\u00e4iteks kui tahame m\u00e4\u00e4rata numbri 6, tuleks d\u017eemprid seada 4 + 2 peale. Kui tahame aga paigaldada nr 19, tuleks d\u017eemprid seada 16+2+1 peale.<\/p>\n<h3 class=\"p1\">Helistamisfunktsioon<\/h3>\n<p class=\"p1\">Intercom LY-8-1 on varustatud kellamooduliga, millega saab \u00fchendada korteri sissep\u00e4\u00e4su ette paigaldatud standardse kellanupu. Seega v\u00f5ib sisetelefon asendada traditsioonilist uksekella.<\/p>\n<p class=\"p1\"><strong>T\u00c4HELEPANU!<\/strong> Intercomi LY-8-1 kasutamiseks kellana on vaja t\u00e4iendavat 13,5 V alalisvoolu toiteallikat. Saate kasutada keskset toiteallikat, mis toidab intercomide r\u00fchma.<\/p>\n<p><img decoding=\"async\" class=\"alignnone size-medium wp-image-18018\" src=\"https:\/\/fonolukk.eu\/wp-content\/uploads\/2021\/08\/photo_2024-08-19-12.15.58-180x300.jpeg\" alt=\"\" width=\"180\" height=\"300\" srcset=\"https:\/\/fonolukk.eu\/wp-content\/uploads\/2021\/08\/photo_2024-08-19-12.15.58-180x300.jpeg 180w, https:\/\/fonolukk.eu\/wp-content\/uploads\/2021\/08\/photo_2024-08-19-12.15.58-150x250.jpeg 150w, https:\/\/fonolukk.eu\/wp-content\/uploads\/2021\/08\/photo_2024-08-19-12.15.58.jpeg 472w\" sizes=\"(max-width: 180px) 100vw, 180px\" \/><\/p>\n","protected":false},"excerpt":{"rendered":"<p>LY-8M 1 BI uksekellaga Kaks\u00a0&#8211;\u00a0traat\u00a0\u00a0mobiiltelefoni numbrid\u00a0\u00a0alates\u00a0\u00a01\u00a0\u00a0kuni\u00a0\u00a0255 olemasolu\u00a0\u00a0l\u00fcliti \u00dchildub:\u00a0\u00a0LASKOMEX Rainman s\u00fcsteemid Sisetelefon m\u00f5eldud s\u00fcsteemidele: CD-2502, CD-3100, CD-2600, CD-4000 Kellafunktsioon (vajab t\u00e4iendavat<\/p>\n","protected":false},"featured_media":12178,"template":"","meta":[],"product_brand":[],"product_cat":[385,606,816,958,908],"product_tag":[1252,1275,1524],"class_list":{"0":"post-12175","1":"product","2":"type-product","3":"status-publish","4":"has-post-thumbnail","6":"product_cat-intercom-torud","7":"product_cat-fonolukk","8":"product_cat-laskomex-rainmann","9":"product_cat-intercomi-torud-et-2","10":"product_cat-rainmann-laskomex-et-2","11":"product_tag-intercom-torud","12":"product_tag-laskomex-et","13":"product_tag-ly-8-et","14":"pa_brand-laskomex-et","16":"first","17":"instock","18":"taxable","19":"shipping-taxable","20":"purchasable","21":"product-type-simple"},"yoast_head":"<!-- This site is optimized with the Yoast SEO Premium plugin v27.5 (Yoast SEO v27.5) - https:\/\/yoast.com\/product\/yoast-seo-premium-wordpress\/ -->\n<title>Laskomex LY-8M 1 BI uksekellaga - Fonolukk<\/title>\n<meta name=\"description\" content=\"Laskomex LY-8M 1 BI uksekellaga - Sisetelefon m\u00f5eldud s\u00fcsteemidele: CD-2502, CD-3100, CD-2600, CD-4000.\" \/>\n<meta name=\"robots\" content=\"index, follow, max-snippet:-1, max-image-preview:large, max-video-preview:-1\" \/>\n<link rel=\"canonical\" href=\"https:\/\/fonolukk.eu\/et\/tooted\/laskomex-ly-8-uksekellaga\/\" \/>\n<meta property=\"og:locale\" content=\"et_EE\" \/>\n<meta property=\"og:type\" content=\"article\" \/>\n<meta property=\"og:title\" content=\"Laskomex LY-8M 1 BI uksekellaga Laskomex LY-8M 1 BI\" \/>\n<meta property=\"og:description\" content=\"LY-8M 1 BI uksekellaga Kaks\u00a0-\u00a0traat\u00a0\u00a0mobiiltelefoni numbrid\u00a0\u00a0alates\u00a0\u00a01\u00a0\u00a0kuni\u00a0\u00a0255 olemasolu\u00a0\u00a0l\u00fcliti \u00dchildub:\u00a0\u00a0LASKOMEX Rainman s\u00fcsteemid Sisetelefon\" \/>\n<meta property=\"og:url\" content=\"https:\/\/fonolukk.eu\/et\/tooted\/laskomex-ly-8-uksekellaga\/\" \/>\n<meta property=\"og:site_name\" content=\"Fonolukk\" \/>\n<meta property=\"article:publisher\" content=\"https:\/\/www.facebook.com\/fonolukk\" \/>\n<meta property=\"article:modified_time\" content=\"2024-08-21T06:27:23+00:00\" \/>\n<meta property=\"og:image\" content=\"https:\/\/fonolukk.eu\/wp-content\/uploads\/2021\/08\/ly-8.jpeg\" \/>\n\t<meta property=\"og:image:width\" content=\"458\" \/>\n\t<meta property=\"og:image:height\" content=\"458\" \/>\n\t<meta property=\"og:image:type\" content=\"image\/jpeg\" \/>\n<meta name=\"twitter:card\" content=\"summary_large_image\" \/>\n<meta name=\"twitter:title\" content=\"Laskomex LY-8M 1 BI uksekellaga\" \/>\n<meta name=\"twitter:label1\" content=\"Hind\" \/>\n\t<meta name=\"twitter:data1\" content=\"&euro;31.97 koos KM\" \/>\n\t<meta name=\"twitter:label2\" content=\"Availability\" \/>\n\t<meta name=\"twitter:data2\" content=\"Laos\" \/>\n<script type=\"application\/ld+json\" class=\"yoast-schema-graph\">{\"@context\":\"https:\\\/\\\/schema.org\",\"@graph\":[{\"@type\":\"WebPage\",\"@id\":\"https:\\\/\\\/fonolukk.eu\\\/et\\\/tooted\\\/laskomex-ly-8-uksekellaga\\\/\",\"url\":\"https:\\\/\\\/fonolukk.eu\\\/et\\\/tooted\\\/laskomex-ly-8-uksekellaga\\\/\",\"name\":\"Laskomex LY-8M 1 BI uksekellaga - Fonolukk\",\"isPartOf\":{\"@id\":\"https:\\\/\\\/fonolukk.eu\\\/et\\\/#website\"},\"primaryImageOfPage\":{\"@id\":\"https:\\\/\\\/fonolukk.eu\\\/et\\\/tooted\\\/laskomex-ly-8-uksekellaga\\\/#primaryimage\"},\"image\":{\"@id\":\"https:\\\/\\\/fonolukk.eu\\\/et\\\/tooted\\\/laskomex-ly-8-uksekellaga\\\/#primaryimage\"},\"thumbnailUrl\":\"https:\\\/\\\/fonolukk.eu\\\/wp-content\\\/uploads\\\/2021\\\/08\\\/ly-8.jpeg\",\"datePublished\":\"2021-08-18T19:14:38+00:00\",\"dateModified\":\"2024-08-21T06:27:23+00:00\",\"description\":\"Laskomex LY-8M 1 BI uksekellaga - Sisetelefon m\u00f5eldud s\u00fcsteemidele: CD-2502, CD-3100, CD-2600, CD-4000.\",\"breadcrumb\":{\"@id\":\"https:\\\/\\\/fonolukk.eu\\\/et\\\/tooted\\\/laskomex-ly-8-uksekellaga\\\/#breadcrumb\"},\"inLanguage\":\"et\",\"potentialAction\":[{\"@type\":\"ReadAction\",\"target\":[\"https:\\\/\\\/fonolukk.eu\\\/et\\\/tooted\\\/laskomex-ly-8-uksekellaga\\\/\"]}]},{\"@type\":\"ImageObject\",\"inLanguage\":\"et\",\"@id\":\"https:\\\/\\\/fonolukk.eu\\\/et\\\/tooted\\\/laskomex-ly-8-uksekellaga\\\/#primaryimage\",\"url\":\"https:\\\/\\\/fonolukk.eu\\\/wp-content\\\/uploads\\\/2021\\\/08\\\/ly-8.jpeg\",\"contentUrl\":\"https:\\\/\\\/fonolukk.eu\\\/wp-content\\\/uploads\\\/2021\\\/08\\\/ly-8.jpeg\",\"width\":458,\"height\":458,\"caption\":\"Fonolukk ly-8\"},{\"@type\":\"BreadcrumbList\",\"@id\":\"https:\\\/\\\/fonolukk.eu\\\/et\\\/tooted\\\/laskomex-ly-8-uksekellaga\\\/#breadcrumb\",\"itemListElement\":[{\"@type\":\"ListItem\",\"position\":1,\"name\":\"Esileht\",\"item\":\"https:\\\/\\\/fonolukk.eu\\\/et\\\/koduleht\\\/\"},{\"@type\":\"ListItem\",\"position\":2,\"name\":\"Tooted\",\"item\":\"https:\\\/\\\/fonolukk.eu\\\/et\\\/shop-2\\\/\"},{\"@type\":\"ListItem\",\"position\":3,\"name\":\"Fonolukud\",\"item\":\"https:\\\/\\\/fonolukk.eu\\\/et\\\/product-category\\\/fonolukk\\\/\"},{\"@type\":\"ListItem\",\"position\":4,\"name\":\"Laskomex LY-8M 1 BI uksekellaga\"}]},{\"@type\":\"WebSite\",\"@id\":\"https:\\\/\\\/fonolukk.eu\\\/et\\\/#website\",\"url\":\"https:\\\/\\\/fonolukk.eu\\\/et\\\/\",\"name\":\"Fonolukk eu\",\"description\":\"Smart Security Systems\",\"publisher\":{\"@id\":\"https:\\\/\\\/fonolukk.eu\\\/et\\\/#organization\"},\"potentialAction\":[{\"@type\":\"SearchAction\",\"target\":{\"@type\":\"EntryPoint\",\"urlTemplate\":\"https:\\\/\\\/fonolukk.eu\\\/et\\\/?s={search_term_string}\"},\"query-input\":{\"@type\":\"PropertyValueSpecification\",\"valueRequired\":true,\"valueName\":\"search_term_string\"}}],\"inLanguage\":\"et\"},{\"@type\":\"Organization\",\"@id\":\"https:\\\/\\\/fonolukk.eu\\\/et\\\/#organization\",\"name\":\"Smart Security OU\",\"url\":\"https:\\\/\\\/fonolukk.eu\\\/et\\\/\",\"logo\":{\"@type\":\"ImageObject\",\"inLanguage\":\"et\",\"@id\":\"https:\\\/\\\/fonolukk.eu\\\/et\\\/#\\\/schema\\\/logo\\\/image\\\/\",\"url\":\"https:\\\/\\\/fonolukk.eu\\\/wp-content\\\/uploads\\\/2023\\\/09\\\/fonolukk.png\",\"contentUrl\":\"https:\\\/\\\/fonolukk.eu\\\/wp-content\\\/uploads\\\/2023\\\/09\\\/fonolukk.png\",\"width\":277,\"height\":274,\"caption\":\"Smart Security OU\"},\"image\":{\"@id\":\"https:\\\/\\\/fonolukk.eu\\\/et\\\/#\\\/schema\\\/logo\\\/image\\\/\"},\"sameAs\":[\"https:\\\/\\\/www.facebook.com\\\/fonolukk\",\"https:\\\/\\\/www.instagram.com\\\/fonolukk\\\/?hl=ru\"],\"publishingPrinciples\":\"https:\\\/\\\/fonolukk.eu\\\/terms-and-conditions\\\/\",\"ownershipFundingInfo\":\"https:\\\/\\\/fonolukk.eu\\\/about-us\\\/\"}]}<\/script>\n<meta property=\"product:brand\" content=\"Laskomex\" \/>\n<meta property=\"product:price:amount\" content=\"31.97\" \/>\n<meta property=\"product:price:currency\" content=\"EUR\" \/>\n<meta property=\"og:availability\" content=\"instock\" \/>\n<meta property=\"product:availability\" content=\"instock\" \/>\n<meta property=\"product:retailer_item_id\" content=\"LY-8M 1 BI Handset\" \/>\n<meta property=\"product:condition\" content=\"new\" \/>\n<!-- \/ Yoast SEO Premium plugin. -->","yoast_head_json":{"title":"Laskomex LY-8M 1 BI uksekellaga - Fonolukk","description":"Laskomex LY-8M 1 BI uksekellaga - Sisetelefon m\u00f5eldud s\u00fcsteemidele: CD-2502, CD-3100, CD-2600, CD-4000.","robots":{"index":"index","follow":"follow","max-snippet":"max-snippet:-1","max-image-preview":"max-image-preview:large","max-video-preview":"max-video-preview:-1"},"canonical":"https:\/\/fonolukk.eu\/et\/tooted\/laskomex-ly-8-uksekellaga\/","og_locale":"et_EE","og_type":"article","og_title":"Laskomex LY-8M 1 BI uksekellaga Laskomex LY-8M 1 BI","og_description":"LY-8M 1 BI uksekellaga Kaks\u00a0-\u00a0traat\u00a0\u00a0mobiiltelefoni numbrid\u00a0\u00a0alates\u00a0\u00a01\u00a0\u00a0kuni\u00a0\u00a0255 olemasolu\u00a0\u00a0l\u00fcliti \u00dchildub:\u00a0\u00a0LASKOMEX Rainman s\u00fcsteemid Sisetelefon","og_url":"https:\/\/fonolukk.eu\/et\/tooted\/laskomex-ly-8-uksekellaga\/","og_site_name":"Fonolukk","article_publisher":"https:\/\/www.facebook.com\/fonolukk","article_modified_time":"2024-08-21T06:27:23+00:00","og_image":[{"width":458,"height":458,"url":"https:\/\/fonolukk.eu\/wp-content\/uploads\/2021\/08\/ly-8.jpeg","type":"image\/jpeg"}],"twitter_card":"summary_large_image","twitter_title":"Laskomex LY-8M 1 BI uksekellaga","twitter_misc":{"Hind":"&euro;31.97 koos KM","Availability":"Laos"},"schema":{"@context":"https:\/\/schema.org","@graph":[{"@type":"WebPage","@id":"https:\/\/fonolukk.eu\/et\/tooted\/laskomex-ly-8-uksekellaga\/","url":"https:\/\/fonolukk.eu\/et\/tooted\/laskomex-ly-8-uksekellaga\/","name":"Laskomex LY-8M 1 BI uksekellaga - Fonolukk","isPartOf":{"@id":"https:\/\/fonolukk.eu\/et\/#website"},"primaryImageOfPage":{"@id":"https:\/\/fonolukk.eu\/et\/tooted\/laskomex-ly-8-uksekellaga\/#primaryimage"},"image":{"@id":"https:\/\/fonolukk.eu\/et\/tooted\/laskomex-ly-8-uksekellaga\/#primaryimage"},"thumbnailUrl":"https:\/\/fonolukk.eu\/wp-content\/uploads\/2021\/08\/ly-8.jpeg","datePublished":"2021-08-18T19:14:38+00:00","dateModified":"2024-08-21T06:27:23+00:00","description":"Laskomex LY-8M 1 BI uksekellaga - Sisetelefon m\u00f5eldud s\u00fcsteemidele: CD-2502, CD-3100, CD-2600, CD-4000.","breadcrumb":{"@id":"https:\/\/fonolukk.eu\/et\/tooted\/laskomex-ly-8-uksekellaga\/#breadcrumb"},"inLanguage":"et","potentialAction":[{"@type":"ReadAction","target":["https:\/\/fonolukk.eu\/et\/tooted\/laskomex-ly-8-uksekellaga\/"]}]},{"@type":"ImageObject","inLanguage":"et","@id":"https:\/\/fonolukk.eu\/et\/tooted\/laskomex-ly-8-uksekellaga\/#primaryimage","url":"https:\/\/fonolukk.eu\/wp-content\/uploads\/2021\/08\/ly-8.jpeg","contentUrl":"https:\/\/fonolukk.eu\/wp-content\/uploads\/2021\/08\/ly-8.jpeg","width":458,"height":458,"caption":"Fonolukk ly-8"},{"@type":"BreadcrumbList","@id":"https:\/\/fonolukk.eu\/et\/tooted\/laskomex-ly-8-uksekellaga\/#breadcrumb","itemListElement":[{"@type":"ListItem","position":1,"name":"Esileht","item":"https:\/\/fonolukk.eu\/et\/koduleht\/"},{"@type":"ListItem","position":2,"name":"Tooted","item":"https:\/\/fonolukk.eu\/et\/shop-2\/"},{"@type":"ListItem","position":3,"name":"Fonolukud","item":"https:\/\/fonolukk.eu\/et\/product-category\/fonolukk\/"},{"@type":"ListItem","position":4,"name":"Laskomex LY-8M 1 BI uksekellaga"}]},{"@type":"WebSite","@id":"https:\/\/fonolukk.eu\/et\/#website","url":"https:\/\/fonolukk.eu\/et\/","name":"Fonolukk eu","description":"Smart Security Systems","publisher":{"@id":"https:\/\/fonolukk.eu\/et\/#organization"},"potentialAction":[{"@type":"SearchAction","target":{"@type":"EntryPoint","urlTemplate":"https:\/\/fonolukk.eu\/et\/?s={search_term_string}"},"query-input":{"@type":"PropertyValueSpecification","valueRequired":true,"valueName":"search_term_string"}}],"inLanguage":"et"},{"@type":"Organization","@id":"https:\/\/fonolukk.eu\/et\/#organization","name":"Smart Security OU","url":"https:\/\/fonolukk.eu\/et\/","logo":{"@type":"ImageObject","inLanguage":"et","@id":"https:\/\/fonolukk.eu\/et\/#\/schema\/logo\/image\/","url":"https:\/\/fonolukk.eu\/wp-content\/uploads\/2023\/09\/fonolukk.png","contentUrl":"https:\/\/fonolukk.eu\/wp-content\/uploads\/2023\/09\/fonolukk.png","width":277,"height":274,"caption":"Smart Security OU"},"image":{"@id":"https:\/\/fonolukk.eu\/et\/#\/schema\/logo\/image\/"},"sameAs":["https:\/\/www.facebook.com\/fonolukk","https:\/\/www.instagram.com\/fonolukk\/?hl=ru"],"publishingPrinciples":"https:\/\/fonolukk.eu\/terms-and-conditions\/","ownershipFundingInfo":"https:\/\/fonolukk.eu\/about-us\/"}]},"product_brand":"Laskomex","product_price_amount":"31.97","product_price_currency":"EUR","og_availability":"instock","product_availability":"instock","product_retailer_item_id":"LY-8M 1 BI Handset","product_condition":"new"},"_links":{"self":[{"href":"https:\/\/fonolukk.eu\/et\/wp-json\/wp\/v2\/product\/12175","targetHints":{"allow":["GET"]}}],"collection":[{"href":"https:\/\/fonolukk.eu\/et\/wp-json\/wp\/v2\/product"}],"about":[{"href":"https:\/\/fonolukk.eu\/et\/wp-json\/wp\/v2\/types\/product"}],"version-history":[{"count":3,"href":"https:\/\/fonolukk.eu\/et\/wp-json\/wp\/v2\/product\/12175\/revisions"}],"predecessor-version":[{"id":18025,"href":"https:\/\/fonolukk.eu\/et\/wp-json\/wp\/v2\/product\/12175\/revisions\/18025"}],"wp:featuredmedia":[{"embeddable":true,"href":"https:\/\/fonolukk.eu\/et\/wp-json\/wp\/v2\/media\/12178"}],"wp:attachment":[{"href":"https:\/\/fonolukk.eu\/et\/wp-json\/wp\/v2\/media?parent=12175"}],"wp:term":[{"taxonomy":"product_brand","embeddable":true,"href":"https:\/\/fonolukk.eu\/et\/wp-json\/wp\/v2\/product_brand?post=12175"},{"taxonomy":"product_cat","embeddable":true,"href":"https:\/\/fonolukk.eu\/et\/wp-json\/wp\/v2\/product_cat?post=12175"},{"taxonomy":"product_tag","embeddable":true,"href":"https:\/\/fonolukk.eu\/et\/wp-json\/wp\/v2\/product_tag?post=12175"}],"curies":[{"name":"wp","href":"https:\/\/api.w.org\/{rel}","templated":true}]}}