{"id":12525,"date":"2021-10-28T13:47:31","date_gmt":"2021-10-28T10:47:32","guid":{"rendered":"https:\/\/fonolukk.eu\/?post_type=product&#038;p=12525"},"modified":"2021-10-28T23:14:06","modified_gmt":"2021-10-28T20:14:06","slug":"go1-juhtmevaba-valistingimustes-akutoitega-laetav-kaamera","status":"publish","type":"product","link":"https:\/\/fonolukk.eu\/et\/tooted\/go1-juhtmevaba-valistingimustes-akutoitega-laetav-kaamera\/","title":{"rendered":"GO1 juhtmevaba v\u00e4listingimustes akutoitega laetav kaamera"},"content":{"rendered":"<p><span><span class=\"\">Suurep\u00e4rane 100% juhtmevaba plug &amp; play kaamera t\u00f6\u00f6tab v\u00f5imsate laetavate akudega (kokku 6700 mAh).\u00a0<\/span><span class=\"\">Tippkvaliteediga pildid, v\u00f5imsus ja intelligentsus vastavad v\u00e4likasutuse vajadustele isegi karmi ilmaga.<\/span><\/span><\/p>\n<p><strong><span>\u30101080p Full HD t\u00e4iustatud \u00f6ise n\u00e4gemisega\u3011<\/span><\/strong><span>\u00a0GO1 Wi-Fi akuga turvakaamera salvestab salvestust kristallselge\u00a0<strong>1080p Full HD<\/strong>\u00a0eraldusv\u00f5imega 165\u00b0 lainurgaga.\u00a0Sisseehitatud infrapunasensor toetab selgeid salvestusi ja voogesitust v\u00e4hese valgusega stsenaariumides, mis muudab GO1 teie \u00f6\u00f6p\u00e4evaringseks valvuriks olenemata p\u00e4evast v\u00f5i \u00f6\u00f6st.<\/span><\/p>\n<p><strong><span>\u3010100%<\/span><\/strong><span>\u00a0traadita\u00a0<strong>ning h\u00f5lpsasti paigaldatav ja kasutatav\u3011<\/strong>\u00a0GO1 on 100% juhtmevaba kaamera, millel pole toite ega Etherneti v\u00f5i Interneti-\u00fchenduse jaoks vaja juhtmeid ega juhtmeid.\u00a0Magnetilise seinakinnituse ja metallist aluse abil saab GO1 lihtsalt m\u00f5ne minutiga paigaldada.\u00a0Kasutajas\u00f5bralik rakendus pakub kohandatud s\u00e4tteid, et saaksite h\u00f5lpsasti alustada.<\/span><\/p>\n<p><strong><span>\u3010Taaslaetav aku ja pikk<\/span><\/strong><span>\u00a0ooteaeg\u00a0<strong>\u3011<\/strong>\u00a0GO1 Wi-Fi-kaamerat k\u00e4itavad v\u00f5imsad laetavad akud (kokku 6700 mAh), mis v\u00f5ivad t\u00f6\u00f6tada 2\u20135 kuud, 10\u201320 korda p\u00e4evas.\u00a0(N\u00f5uanded: laadige kaamera esmakordsel kasutamisel t\u00e4ielikult t\u00e4is).<\/span><\/p>\n<p><strong><span>\u3010Kahesuunaline heli ja IP65 veekindel\u3011<\/span><\/strong><span>\u00a0T\u00e4iustatud mikrofon ja k\u00f5lar pakuvad sujuvat ja stabiilset suhtlust Arenti rakenduse kaudu.\u00a0Vastupidava ja kauakestva veekindla disainiga GO1 v\u00e4likaamera peab vastu aastaid isegi karmides ilmastikutingimustes.<\/span><\/p>\n<p><strong><span>\u3010T\u00f5eline nutika kodu turvakaamera\u3011<\/span><\/strong><span>\u00a0\u00a0GO1 saadab teie telefoni hoiatusi ja salvestab 10\u201330-sekundilise videoklipi, mis on pikem kui enamikul teistel turul pakutavatel kaameratel, tagades liikumise v\u00f5i heli tuvastamisel kogu s\u00fcndmuse n\u00e4gemise.\u00a0AI-toega inimese tuvastamise funktsioon v\u00e4hendab vigade, vihma v\u00f5i lume t\u00f5ttu tekkivaid valehoiatusi.\u00a0Alexa v\u00f5imaldab teil oma kodu mugavalt diivanilt j\u00e4lgida.<\/span><\/p>\n<p><span><div class='w3eden'><!-- WPDM Link Template: Default Template -->\n\n<div class=\"link-template-default card mb-2\">\n    <div class=\"card-body\">\n        <div class=\"media\">\n            <div class=\"mr-3 img-48\"><img decoding=\"async\" class=\"wpdm_icon\" alt=\"Icon\"   src=\"https:\/\/fonolukk.eu\/wp-content\/plugins\/download-manager\/assets\/file-type-icons\/pdf.svg\" \/><\/div>\n            <div class=\"media-body\">\n                <h3 class=\"package-title\"><a href='https:\/\/fonolukk.eu\/download\/specification\/'>Specification<\/a><\/h3>\n                <div class=\"text-muted text-small\"><i class=\"fas fa-copy\"><\/i> 1 file(s) <i class=\"fas fa-hdd ml-3\"><\/i> 41.26 KB<\/div>\n            <\/div>\n            <div class=\"ml-3\">\n                <a class='wpdm-download-link download-on-click btn btn-primary ' rel='nofollow' href='#' data-downloadurl=\"https:\/\/fonolukk.eu\/download\/specification\/?wpdmdl=12550&refresh=69d58ac351bd41775602371\">Lae<\/a>\n            <\/div>\n        <\/div>\n    <\/div>\n<\/div>\n\n<\/div><\/span><\/p>\n","protected":false},"excerpt":{"rendered":"<h2><strong><b><span>Tehnilised kirjeldused<\/span><\/b><\/strong><\/h2>\n<div class=\"table-wrapper\">\n<table>\n<tbody>\n<tr>\n<td><strong><b><span>Osa number<\/span><\/b><\/strong><\/td>\n<td><span>GO1<\/span><\/td>\n<\/tr>\n<tr>\n<td><strong><b><span>Kauba kaal<\/span><\/b><\/strong><\/td>\n<td><span>6,77 untsi (0,19 kg)<\/span><\/td>\n<\/tr>\n<tr>\n<td><strong><b><span>Resolutsioon<\/span><\/b><\/strong><\/td>\n<td><span>1080P v\u00e4rvisensor 1\/2,9&#8221; CMOS<\/span><\/td>\n<\/tr>\n<tr>\n<td><strong><b><span>Patareid<\/span><\/b><\/strong><\/td>\n<td><span>2 arvutit laetavat akut (kokku 6700mAh)<\/span><\/td>\n<\/tr>\n<tr>\n<td><strong><b><span>Kokkusurumine<\/span><\/b><\/strong><\/td>\n<td><span>H.264<\/span><\/td>\n<\/tr>\n<tr>\n<td><strong><b><span>IR LED<\/span><\/b><\/strong><\/td>\n<td><span>32,8 jalga (10 meetrit)<\/span><\/td>\n<\/tr>\n<tr>\n<td><strong><b><span>Heliliides<\/span><\/b><\/strong><\/td>\n<td><span>Sisseehitatud mikrofon ja k\u00f5lar<\/span><\/td>\n<\/tr>\n<tr>\n<td><strong><b><span>Veekindel<\/span><\/b><\/strong><\/td>\n<td><span>IP65<\/span><\/td>\n<\/tr>\n<tr>\n<td><strong><b><span>Salvestusvalikud<\/span><\/b><\/strong><\/td>\n<td><span>SD-kaart (max.128G), pilvm\u00e4lu<\/span><\/td>\n<\/tr>\n<tr>\n<td><strong><b><span>H\u00e4ire p\u00e4\u00e4stik<\/span><\/b><\/strong><\/td>\n<td><span>Intelligentne liikumistuvastus, tugi PIR<\/span><\/td>\n<\/tr>\n<tr>\n<td><strong><b><span>Juhtmeta<\/span><\/b><\/strong><\/td>\n<td><span>2,4G Wi-Fi (ei toeta 5GHz Wi-Fi-d)<\/span><\/td>\n<\/tr>\n<tr>\n<td><strong><b><span>Toetatud mobiiltelefon<\/span><\/b><\/strong><\/td>\n<td><span>\u00a0iOS ja Android<\/span><\/td>\n<\/tr>\n<tr>\n<td><strong><b><span>T\u00f6\u00f6temperatuur<\/span><\/b><\/strong><\/td>\n<td><span>\u00a0-4 \u2109 kuni 122 \u2109 &#8211; \u00b020 \u00b0 C kuni 50 \u00b0 C)<\/span><\/td>\n<\/tr>\n<tr>\n<td><strong><b><span>\u00a0Kaasasolevad komponendid<\/span><\/b><\/strong><\/td>\n<td><span>1 x GO1 nukk<\/span><\/p>\n<p><span>1x USB kaabel<\/span><\/p>\n<p><span>3 x kruvid<\/span><\/p>\n<p><span>1 x pin<\/span><\/p>\n<p><span>1 x toiteadapter<\/span><\/p>\n<p><span><span class=\"goog-text-highlight\">1 x kasutusjuhend<\/span><\/span><\/td>\n<\/tr>\n<\/tbody>\n<\/table>\n<\/div>\n","protected":false},"featured_media":12542,"template":"","meta":[],"product_brand":[],"product_cat":[1116],"product_tag":[],"class_list":{"0":"post-12525","1":"product","2":"type-product","3":"status-publish","4":"has-post-thumbnail","6":"product_cat-videokaamerad-et","8":"first","9":"instock","10":"taxable","11":"shipping-taxable","12":"product-type-simple"},"yoast_head":"<!-- This site is optimized with the Yoast SEO Premium plugin v27.3 (Yoast SEO v27.3) - https:\/\/yoast.com\/product\/yoast-seo-premium-wordpress\/ -->\n<title>GO1 juhtmevaba v\u00e4listingimustes akutoitega laetav kaamera - Fonolukk<\/title>\n<meta name=\"description\" content=\"GO1 juhtmevaba v\u00e4listingimustes akutoitega laetav kaamera - Kahesuunaline helikomplekt, 1 + 1 v\u00e4hendatud juhtmestiku tehnoloogia.\" \/>\n<meta name=\"robots\" content=\"index, follow, max-snippet:-1, max-image-preview:large, max-video-preview:-1\" \/>\n<link rel=\"canonical\" href=\"https:\/\/fonolukk.eu\/et\/tooted\/go1-juhtmevaba-valistingimustes-akutoitega-laetav-kaamera\/\" \/>\n<meta property=\"og:locale\" content=\"et_EE\" \/>\n<meta property=\"og:type\" content=\"article\" \/>\n<meta property=\"og:title\" content=\"GO1 juhtmevaba v\u00e4listingimustes akutoitega laetav kaamera Electric strikes XS\" \/>\n<meta property=\"og:description\" content=\"Tehnilised kirjeldused     Osa number GO1   Kauba kaal 6,77 untsi (0,19 kg)   Resolutsioon 1080P v\u00e4rvisensor 1\/2,9&#039;&#039; CMOS   Patareid 2 arvutit laetavat akut (kokku 6700mAh)   Kokkusurumine H.264   IR LED 32,8 jalga (10 meetrit)   Heliliides Sisseehitatud mikrofon ja k\u00f5lar   Veekindel IP65   Salvestusvalikud SD-kaart (max.128G), pilvm\u00e4lu   H\u00e4ire p\u00e4\u00e4stik Intelligentne liikumistuvastus, tugi PIR   Juhtmeta 2,4G Wi-Fi (ei toeta 5GHz Wi-Fi-d)   Toetatud mobiiltelefon \u00a0iOS ja Android   T\u00f6\u00f6temperatuur \u00a0-4 \u2109 kuni 122 \u2109 - \u00b020 \u00b0 C kuni 50 \u00b0 C)   \u00a0Kaasasolevad komponendid 1 x GO1 nukk  1x USB kaabel  3 x kruvid  1 x pin  1 x toiteadapter  1 x kasutusjuhend\" \/>\n<meta property=\"og:url\" content=\"https:\/\/fonolukk.eu\/et\/tooted\/go1-juhtmevaba-valistingimustes-akutoitega-laetav-kaamera\/\" \/>\n<meta property=\"og:site_name\" content=\"Fonolukk\" \/>\n<meta property=\"article:publisher\" content=\"https:\/\/www.facebook.com\/fonolukk\" \/>\n<meta property=\"article:modified_time\" content=\"2021-10-28T20:14:06+00:00\" \/>\n<meta property=\"og:image\" content=\"https:\/\/fonolukk.eu\/wp-content\/uploads\/2021\/10\/go1_1800x1800.png\" \/>\n\t<meta property=\"og:image:width\" content=\"1600\" \/>\n\t<meta property=\"og:image:height\" content=\"1600\" \/>\n\t<meta property=\"og:image:type\" content=\"image\/png\" \/>\n<meta name=\"twitter:card\" content=\"summary_large_image\" \/>\n<meta name=\"twitter:title\" content=\"GO1 juhtmevaba v\u00e4listingimustes akutoitega laetav kaamera\" \/>\n<meta name=\"twitter:label1\" content=\"Hind\" \/>\n\t<meta name=\"twitter:data1\" content=\"\" \/>\n\t<meta name=\"twitter:label2\" content=\"Availability\" \/>\n\t<meta name=\"twitter:data2\" content=\"Laos\" \/>\n<script type=\"application\/ld+json\" class=\"yoast-schema-graph\">{\"@context\":\"https:\\\/\\\/schema.org\",\"@graph\":[{\"@type\":\"WebPage\",\"@id\":\"https:\\\/\\\/fonolukk.eu\\\/et\\\/tooted\\\/go1-juhtmevaba-valistingimustes-akutoitega-laetav-kaamera\\\/\",\"url\":\"https:\\\/\\\/fonolukk.eu\\\/et\\\/tooted\\\/go1-juhtmevaba-valistingimustes-akutoitega-laetav-kaamera\\\/\",\"name\":\"GO1 juhtmevaba v\u00e4listingimustes akutoitega laetav kaamera - Fonolukk\",\"isPartOf\":{\"@id\":\"https:\\\/\\\/fonolukk.eu\\\/et\\\/#website\"},\"primaryImageOfPage\":{\"@id\":\"https:\\\/\\\/fonolukk.eu\\\/et\\\/tooted\\\/go1-juhtmevaba-valistingimustes-akutoitega-laetav-kaamera\\\/#primaryimage\"},\"image\":{\"@id\":\"https:\\\/\\\/fonolukk.eu\\\/et\\\/tooted\\\/go1-juhtmevaba-valistingimustes-akutoitega-laetav-kaamera\\\/#primaryimage\"},\"thumbnailUrl\":\"https:\\\/\\\/fonolukk.eu\\\/wp-content\\\/uploads\\\/2021\\\/10\\\/go1_1800x1800.png\",\"datePublished\":\"2021-10-28T10:47:32+00:00\",\"dateModified\":\"2021-10-28T20:14:06+00:00\",\"description\":\"GO1 juhtmevaba v\u00e4listingimustes akutoitega laetav kaamera - Kahesuunaline helikomplekt, 1 + 1 v\u00e4hendatud juhtmestiku tehnoloogia.\",\"breadcrumb\":{\"@id\":\"https:\\\/\\\/fonolukk.eu\\\/et\\\/tooted\\\/go1-juhtmevaba-valistingimustes-akutoitega-laetav-kaamera\\\/#breadcrumb\"},\"inLanguage\":\"et\",\"potentialAction\":[{\"@type\":\"ReadAction\",\"target\":[\"https:\\\/\\\/fonolukk.eu\\\/et\\\/tooted\\\/go1-juhtmevaba-valistingimustes-akutoitega-laetav-kaamera\\\/\"]}]},{\"@type\":\"ImageObject\",\"inLanguage\":\"et\",\"@id\":\"https:\\\/\\\/fonolukk.eu\\\/et\\\/tooted\\\/go1-juhtmevaba-valistingimustes-akutoitega-laetav-kaamera\\\/#primaryimage\",\"url\":\"https:\\\/\\\/fonolukk.eu\\\/wp-content\\\/uploads\\\/2021\\\/10\\\/go1_1800x1800.png\",\"contentUrl\":\"https:\\\/\\\/fonolukk.eu\\\/wp-content\\\/uploads\\\/2021\\\/10\\\/go1_1800x1800.png\",\"width\":1600,\"height\":1600},{\"@type\":\"BreadcrumbList\",\"@id\":\"https:\\\/\\\/fonolukk.eu\\\/et\\\/tooted\\\/go1-juhtmevaba-valistingimustes-akutoitega-laetav-kaamera\\\/#breadcrumb\",\"itemListElement\":[{\"@type\":\"ListItem\",\"position\":1,\"name\":\"Esileht\",\"item\":\"https:\\\/\\\/fonolukk.eu\\\/et\\\/koduleht\\\/\"},{\"@type\":\"ListItem\",\"position\":2,\"name\":\"Tooted\",\"item\":\"https:\\\/\\\/fonolukk.eu\\\/et\\\/shop-2\\\/\"},{\"@type\":\"ListItem\",\"position\":3,\"name\":\"L\u00e4bip\u00e4\u00e4sus\u00fcsteem\",\"item\":\"https:\\\/\\\/fonolukk.eu\\\/et\\\/product-category\\\/labipaasususteem\\\/\"},{\"@type\":\"ListItem\",\"position\":4,\"name\":\"GO1 juhtmevaba v\u00e4listingimustes akutoitega laetav kaamera\"}]},{\"@type\":\"WebSite\",\"@id\":\"https:\\\/\\\/fonolukk.eu\\\/et\\\/#website\",\"url\":\"https:\\\/\\\/fonolukk.eu\\\/et\\\/\",\"name\":\"Fonolukk eu\",\"description\":\"Smart Security Systems\",\"publisher\":{\"@id\":\"https:\\\/\\\/fonolukk.eu\\\/et\\\/#organization\"},\"potentialAction\":[{\"@type\":\"SearchAction\",\"target\":{\"@type\":\"EntryPoint\",\"urlTemplate\":\"https:\\\/\\\/fonolukk.eu\\\/et\\\/?s={search_term_string}\"},\"query-input\":{\"@type\":\"PropertyValueSpecification\",\"valueRequired\":true,\"valueName\":\"search_term_string\"}}],\"inLanguage\":\"et\"},{\"@type\":\"Organization\",\"@id\":\"https:\\\/\\\/fonolukk.eu\\\/et\\\/#organization\",\"name\":\"Smart Security OU\",\"url\":\"https:\\\/\\\/fonolukk.eu\\\/et\\\/\",\"logo\":{\"@type\":\"ImageObject\",\"inLanguage\":\"et\",\"@id\":\"https:\\\/\\\/fonolukk.eu\\\/et\\\/#\\\/schema\\\/logo\\\/image\\\/\",\"url\":\"https:\\\/\\\/fonolukk.eu\\\/wp-content\\\/uploads\\\/2023\\\/09\\\/fonolukk.png\",\"contentUrl\":\"https:\\\/\\\/fonolukk.eu\\\/wp-content\\\/uploads\\\/2023\\\/09\\\/fonolukk.png\",\"width\":277,\"height\":274,\"caption\":\"Smart Security OU\"},\"image\":{\"@id\":\"https:\\\/\\\/fonolukk.eu\\\/et\\\/#\\\/schema\\\/logo\\\/image\\\/\"},\"sameAs\":[\"https:\\\/\\\/www.facebook.com\\\/fonolukk\",\"https:\\\/\\\/www.instagram.com\\\/fonolukk\\\/?hl=ru\"],\"publishingPrinciples\":\"https:\\\/\\\/fonolukk.eu\\\/terms-and-conditions\\\/\",\"ownershipFundingInfo\":\"https:\\\/\\\/fonolukk.eu\\\/about-us\\\/\"}]}<\/script>\n<meta property=\"product:price:amount\" content=\"0.00\" \/>\n<meta property=\"product:price:currency\" content=\"EUR\" \/>\n<meta property=\"og:availability\" content=\"instock\" \/>\n<meta property=\"product:availability\" content=\"instock\" \/>\n<meta property=\"product:retailer_item_id\" content=\"NBQ-1110F\" \/>\n<meta property=\"product:condition\" content=\"new\" \/>\n<!-- \/ Yoast SEO Premium plugin. -->","yoast_head_json":{"title":"GO1 juhtmevaba v\u00e4listingimustes akutoitega laetav kaamera - Fonolukk","description":"GO1 juhtmevaba v\u00e4listingimustes akutoitega laetav kaamera - Kahesuunaline helikomplekt, 1 + 1 v\u00e4hendatud juhtmestiku tehnoloogia.","robots":{"index":"index","follow":"follow","max-snippet":"max-snippet:-1","max-image-preview":"max-image-preview:large","max-video-preview":"max-video-preview:-1"},"canonical":"https:\/\/fonolukk.eu\/et\/tooted\/go1-juhtmevaba-valistingimustes-akutoitega-laetav-kaamera\/","og_locale":"et_EE","og_type":"article","og_title":"GO1 juhtmevaba v\u00e4listingimustes akutoitega laetav kaamera Electric strikes XS","og_description":"Tehnilised kirjeldused     Osa number GO1   Kauba kaal 6,77 untsi (0,19 kg)   Resolutsioon 1080P v\u00e4rvisensor 1\/2,9'' CMOS   Patareid 2 arvutit laetavat akut (kokku 6700mAh)   Kokkusurumine H.264   IR LED 32,8 jalga (10 meetrit)   Heliliides Sisseehitatud mikrofon ja k\u00f5lar   Veekindel IP65   Salvestusvalikud SD-kaart (max.128G), pilvm\u00e4lu   H\u00e4ire p\u00e4\u00e4stik Intelligentne liikumistuvastus, tugi PIR   Juhtmeta 2,4G Wi-Fi (ei toeta 5GHz Wi-Fi-d)   Toetatud mobiiltelefon \u00a0iOS ja Android   T\u00f6\u00f6temperatuur \u00a0-4 \u2109 kuni 122 \u2109 - \u00b020 \u00b0 C kuni 50 \u00b0 C)   \u00a0Kaasasolevad komponendid 1 x GO1 nukk  1x USB kaabel  3 x kruvid  1 x pin  1 x toiteadapter  1 x kasutusjuhend","og_url":"https:\/\/fonolukk.eu\/et\/tooted\/go1-juhtmevaba-valistingimustes-akutoitega-laetav-kaamera\/","og_site_name":"Fonolukk","article_publisher":"https:\/\/www.facebook.com\/fonolukk","article_modified_time":"2021-10-28T20:14:06+00:00","og_image":[{"width":1600,"height":1600,"url":"https:\/\/fonolukk.eu\/wp-content\/uploads\/2021\/10\/go1_1800x1800.png","type":"image\/png"}],"twitter_card":"summary_large_image","twitter_title":"GO1 juhtmevaba v\u00e4listingimustes akutoitega laetav kaamera","twitter_misc":{"Hind":"","Availability":"Laos"},"schema":{"@context":"https:\/\/schema.org","@graph":[{"@type":"WebPage","@id":"https:\/\/fonolukk.eu\/et\/tooted\/go1-juhtmevaba-valistingimustes-akutoitega-laetav-kaamera\/","url":"https:\/\/fonolukk.eu\/et\/tooted\/go1-juhtmevaba-valistingimustes-akutoitega-laetav-kaamera\/","name":"GO1 juhtmevaba v\u00e4listingimustes akutoitega laetav kaamera - Fonolukk","isPartOf":{"@id":"https:\/\/fonolukk.eu\/et\/#website"},"primaryImageOfPage":{"@id":"https:\/\/fonolukk.eu\/et\/tooted\/go1-juhtmevaba-valistingimustes-akutoitega-laetav-kaamera\/#primaryimage"},"image":{"@id":"https:\/\/fonolukk.eu\/et\/tooted\/go1-juhtmevaba-valistingimustes-akutoitega-laetav-kaamera\/#primaryimage"},"thumbnailUrl":"https:\/\/fonolukk.eu\/wp-content\/uploads\/2021\/10\/go1_1800x1800.png","datePublished":"2021-10-28T10:47:32+00:00","dateModified":"2021-10-28T20:14:06+00:00","description":"GO1 juhtmevaba v\u00e4listingimustes akutoitega laetav kaamera - Kahesuunaline helikomplekt, 1 + 1 v\u00e4hendatud juhtmestiku tehnoloogia.","breadcrumb":{"@id":"https:\/\/fonolukk.eu\/et\/tooted\/go1-juhtmevaba-valistingimustes-akutoitega-laetav-kaamera\/#breadcrumb"},"inLanguage":"et","potentialAction":[{"@type":"ReadAction","target":["https:\/\/fonolukk.eu\/et\/tooted\/go1-juhtmevaba-valistingimustes-akutoitega-laetav-kaamera\/"]}]},{"@type":"ImageObject","inLanguage":"et","@id":"https:\/\/fonolukk.eu\/et\/tooted\/go1-juhtmevaba-valistingimustes-akutoitega-laetav-kaamera\/#primaryimage","url":"https:\/\/fonolukk.eu\/wp-content\/uploads\/2021\/10\/go1_1800x1800.png","contentUrl":"https:\/\/fonolukk.eu\/wp-content\/uploads\/2021\/10\/go1_1800x1800.png","width":1600,"height":1600},{"@type":"BreadcrumbList","@id":"https:\/\/fonolukk.eu\/et\/tooted\/go1-juhtmevaba-valistingimustes-akutoitega-laetav-kaamera\/#breadcrumb","itemListElement":[{"@type":"ListItem","position":1,"name":"Esileht","item":"https:\/\/fonolukk.eu\/et\/koduleht\/"},{"@type":"ListItem","position":2,"name":"Tooted","item":"https:\/\/fonolukk.eu\/et\/shop-2\/"},{"@type":"ListItem","position":3,"name":"L\u00e4bip\u00e4\u00e4sus\u00fcsteem","item":"https:\/\/fonolukk.eu\/et\/product-category\/labipaasususteem\/"},{"@type":"ListItem","position":4,"name":"GO1 juhtmevaba v\u00e4listingimustes akutoitega laetav kaamera"}]},{"@type":"WebSite","@id":"https:\/\/fonolukk.eu\/et\/#website","url":"https:\/\/fonolukk.eu\/et\/","name":"Fonolukk eu","description":"Smart Security Systems","publisher":{"@id":"https:\/\/fonolukk.eu\/et\/#organization"},"potentialAction":[{"@type":"SearchAction","target":{"@type":"EntryPoint","urlTemplate":"https:\/\/fonolukk.eu\/et\/?s={search_term_string}"},"query-input":{"@type":"PropertyValueSpecification","valueRequired":true,"valueName":"search_term_string"}}],"inLanguage":"et"},{"@type":"Organization","@id":"https:\/\/fonolukk.eu\/et\/#organization","name":"Smart Security OU","url":"https:\/\/fonolukk.eu\/et\/","logo":{"@type":"ImageObject","inLanguage":"et","@id":"https:\/\/fonolukk.eu\/et\/#\/schema\/logo\/image\/","url":"https:\/\/fonolukk.eu\/wp-content\/uploads\/2023\/09\/fonolukk.png","contentUrl":"https:\/\/fonolukk.eu\/wp-content\/uploads\/2023\/09\/fonolukk.png","width":277,"height":274,"caption":"Smart Security OU"},"image":{"@id":"https:\/\/fonolukk.eu\/et\/#\/schema\/logo\/image\/"},"sameAs":["https:\/\/www.facebook.com\/fonolukk","https:\/\/www.instagram.com\/fonolukk\/?hl=ru"],"publishingPrinciples":"https:\/\/fonolukk.eu\/terms-and-conditions\/","ownershipFundingInfo":"https:\/\/fonolukk.eu\/about-us\/"}]},"product_price_amount":"0.00","product_price_currency":"EUR","og_availability":"instock","product_availability":"instock","product_retailer_item_id":"NBQ-1110F","product_condition":"new"},"_links":{"self":[{"href":"https:\/\/fonolukk.eu\/et\/wp-json\/wp\/v2\/product\/12525","targetHints":{"allow":["GET"]}}],"collection":[{"href":"https:\/\/fonolukk.eu\/et\/wp-json\/wp\/v2\/product"}],"about":[{"href":"https:\/\/fonolukk.eu\/et\/wp-json\/wp\/v2\/types\/product"}],"version-history":[{"count":0,"href":"https:\/\/fonolukk.eu\/et\/wp-json\/wp\/v2\/product\/12525\/revisions"}],"wp:featuredmedia":[{"embeddable":true,"href":"https:\/\/fonolukk.eu\/et\/wp-json\/wp\/v2\/media\/12542"}],"wp:attachment":[{"href":"https:\/\/fonolukk.eu\/et\/wp-json\/wp\/v2\/media?parent=12525"}],"wp:term":[{"taxonomy":"product_brand","embeddable":true,"href":"https:\/\/fonolukk.eu\/et\/wp-json\/wp\/v2\/product_brand?post=12525"},{"taxonomy":"product_cat","embeddable":true,"href":"https:\/\/fonolukk.eu\/et\/wp-json\/wp\/v2\/product_cat?post=12525"},{"taxonomy":"product_tag","embeddable":true,"href":"https:\/\/fonolukk.eu\/et\/wp-json\/wp\/v2\/product_tag?post=12525"}],"curies":[{"name":"wp","href":"https:\/\/api.w.org\/{rel}","templated":true}]}}