{"id":12553,"date":"2021-10-28T21:05:56","date_gmt":"2021-10-28T18:05:57","guid":{"rendered":"https:\/\/fonolukk.eu\/?post_type=product&#038;p=12553"},"modified":"2021-10-29T00:00:49","modified_gmt":"2021-10-28T21:00:49","slug":"argus-3-juhtmevaba-turvakaamera-koos-liikumisprozektoriga","status":"publish","type":"product","link":"https:\/\/fonolukk.eu\/et\/tooted\/argus-3-juhtmevaba-turvakaamera-koos-liikumisprozektoriga\/","title":{"rendered":"Argus 3 juhtmevaba turvakaamera koos liikumispro\u017eektoriga"},"content":{"rendered":"<ul class=\"eco-icons-ul\">\n<li>\n<div class=\"list-box\">\n<h4><span>V\u00e4rviline \u00f6\u00f6n\u00e4gemine<\/span><\/h4>\n<p><span>Vaadake t\u00e4isv\u00e4rvilisi pilte \u00f6\u00f6sel, kui pro\u017eektor on sisse l\u00fclitatud.<\/span><\/p>\n<\/div>\n<\/li>\n<li>\n<div class=\"list-box\">\n<h4><span>1080p Full HD<\/span><\/h4>\n<p><span>J\u00e4\u00e4dvustage ja salvestage klippe selgelt ja erksalt.<\/span><\/p>\n<\/div>\n<\/li>\n<li>\n<div class=\"list-box\">\n<h4><span>WiFi \u00fchendus<\/span><\/h4>\n<p><span>2,4 GHz WiFi lihtsaks ja paindlikuks juhtmevabaks seadistamiseks.<\/span><\/p>\n<\/div>\n<\/li>\n<li>\n<div class=\"list-box\">\n<h4><span>Laetav aku<\/span><\/h4>\n<p><span>Kauakestev \u00fche laadimisega.\u00a0Toitekaablit ega pistikupesasid pole vaja.\u00a0Nullkaabli paigaldamine.<\/span><\/p>\n<\/div>\n<\/li>\n<li>\n<div class=\"list-box\">\n<h4><span>P\u00e4ikese toitel<\/span><\/h4>\n<p><span>P\u00fcsige t\u00e4ielikult laetud Reolinki p\u00e4ikesepaneeliga.\u00a0Aku vahetamist enam pole.<\/span><\/p>\n<\/div>\n<\/li>\n<li>\n<div class=\"list-box\">\n<h4><span>IP65 Ilmastikukindel<\/span><\/h4>\n<p><span>Valmis kasutamiseks v\u00e4ljas v\u00f5i siseruumides.<\/span><\/p>\n<\/div>\n<\/li>\n<\/ul>\n<div class=\"single-wrap black-text\">\n<h3 class=\"title\"><span>Olge alati teadlik<\/span><\/h3>\n<p class=\"des\"><span>Kiire liikumisega k\u00e4ivitatavate hoiatuste abil saate esimesena teada, kui keegi teie kinnistul on.\u00a0Voogesitage reaalajas videot ja kasutage kahesuunalist k\u00f5net, et vastata postimehele v\u00f5i k\u00fclalistele k\u00f5ikjalt.<\/span><\/p>\n<div class=\"sidebar-text sidebar-text-day\">\n<h5 class=\"sidebar-title\"><span>Nutikas PIR-liikumise tuvastamine<\/span><\/h5>\n<p class=\"sidebar-des\"><span>PIR-liikumise tuvastamise tehnoloogiaga Argus 3 IP-kaamera suudab inimesi lendavatest putukatest v\u00f5i okstest eristada ning saata teile t\u00f5eliselt olulisi teateid.<\/span><\/p>\n<ul class=\"icons-features\">\n<li><span class=\"des-icon\"><span>Sisseehitatud PIR liikumisandur<\/span><\/span><\/li>\n<li><span class=\"des-icon\"><span>2-suunaline heli<\/span><\/span><\/li>\n<\/ul>\n<\/div>\n<\/div>\n<div class=\"single-wrap white-text not-show\"><\/div>\n<div>\n<section class=\"scroll-switch-content-wrap reo-component overview-tab \">\n<div class=\"scroll-switch-content\">\n<div class=\"reo-container\">\n<div class=\"switch-content\">\n<div class=\"single-wrap white-text not-show\">\n<h3 class=\"title\"><span>Olge alati turvaline<\/span><\/h3>\n<p class=\"des\"><span>Kui Argus 3 tuvastab midagi ebatavalist, l\u00fclitab see ohu peletamiseks kohe sisse LED-tule ja annab sireeni.\u00a0See valvab kogu p\u00e4eva, ei maga kunagi ega hajuta t\u00e4helepanu.<\/span><\/p>\n<div class=\"sidebar-text sidebar-text-night\">\n<h5 class=\"sidebar-title\"><span>Hiilgav pro\u017eektor<\/span><\/h5>\n<p class=\"sidebar-des\"><span>Integreeritud pro\u017eektor on piisavalt hele, et valgustada teie \u00f5ue.\u00a0Seda saab aktiveerida liikumisega.\u00a0V\u00f5i saate selle kaugjuhtimise teel Reolinki rakenduses sisse l\u00fclitada.<\/span><\/p>\n<ul class=\"icons-features\">\n<li><span class=\"des-icon\"><span>Liikumisega aktiveeritav valgusalarm<\/span><\/span><\/li>\n<li><span class=\"des-icon\"><span>Sisseehitatud sireen<\/span><\/span><\/li>\n<li><span class=\"des-icon\"><span>Kohandatud h\u00e4\u00e4lalarm<\/span><\/span><\/li>\n<\/ul>\n<\/div>\n<\/div>\n<\/div>\n<\/div>\n<\/div>\n<\/section>\n<\/div>\n<div class=\"parallax-title\"><\/div>\n<div>\n<h3 class=\"rl-h3\"><span>Vt V\u00e4rv \u00f6\u00f6sel<\/span><\/h3>\n<p class=\"switch-pop-desc rl-font\"><span>Helendava LED-pro\u017eektori ja 2-megapikslise t\u00e4hevalgusega CMOS-sensoriga Argus 3 pakub t\u00e4isv\u00e4rvilisi pilte eraldusv\u00f5imega 1080p p\u00e4eval v\u00f5i \u00f6\u00f6sel.\u00a0V\u00e4\u00e4rtuslikumaid detaile, nagu sissetungijate riiete v\u00f5i autode v\u00e4rv, saate tuvastada isegi \u00f6\u00f6sel.<\/span><\/p>\n<\/div>\n<div class=\"tabs-box\"><\/div>\n<div>\n<ul class=\"des-content-wrap\">\n<li class=\"des-content scroll-1 thining\">\n<h3 class=\"rl-h3\"><span>\u00c4rge j\u00e4tke kunagi olulist hetke maha<\/span><\/h3>\n<p class=\"des\"><span>Saate hoiatuse, kui Argus 3 tunneb liikumist.\u00a0Saate seadistada, millal soovite m\u00e4rguanded sisse l\u00fclitada \u2013 kas kogu aeg v\u00f5i kindla ajakava alusel.<\/span><\/p>\n<ul class=\"info\">\n<li>\n<div><strong><span>Rakenduse<\/span><\/strong><br \/>\n<span>vahetu t\u00f5ukem\u00e4rguanded otse teie mobiilseadmes.<\/span><\/div>\n<\/li>\n<li>\n<div><strong><span>E-post<\/span><\/strong><br \/>\n<span>Saatke hoiatusmeil s\u00fcndmuskoha hetkepiltidega.<\/span><\/div>\n<\/li>\n<li>\n<div><strong><span>Sireen<\/span><\/strong><br \/>\n<span>V\u00f5imsalt vali sissetungijate peletamiseks.<\/span><\/div>\n<\/li>\n<li>\n<div><strong><span>Kohandatud h\u00e4\u00e4lteavitused<\/span><\/strong><br \/>\n<span>Kohandatud h\u00e4\u00e4lalarm h\u00e4daolukorras edastamiseks.<\/span><\/div>\n<\/li>\n<\/ul>\n<\/li>\n<li class=\"des-content scroll-2\">\n<h3 class=\"rl-h3\"><span>Vaadake, kuulake ja r\u00e4\u00e4kige oma maailmaga<\/span><\/h3>\n<p class=\"des\"><span>Vaadake otse\u00fclekannet ja olge kursis teie kodus v\u00f5i ettev\u00f5ttes toimuvaga tasuta Reolinki rakenduse v\u00f5i kliendi kaudu igal ajal ja k\u00f5ikjal.<\/span><\/p>\n<p class=\"des\"><span>Kahesuunalise suhtluse funktsiooniga, mida toetavad sisseehitatud mikrofon ja k\u00f5lar, mitte ainult ei n\u00e4e, vaid ka kuulete ja r\u00e4\u00e4gite otse kaamera kaudu.<\/span><\/p>\n<\/li>\n<\/ul>\n<\/div>\n","protected":false},"excerpt":{"rendered":"<p><span>Hankige juhtmevaba turvalisus k\u00f5ikjal, kus seda vajate, kasutades Argus 3, aku- v\u00f5i p\u00e4ikeseenergial t\u00f6\u00f6tavat turvakaamerat koos liikumispro\u017eektori ja sireeniga.\u00a0<\/span><span>Vaadake Full HD-s toimuvat, valgustage tumedaid nurki ja peatage kuritegu enne, kui see juhtub<\/span><\/p>\n","protected":false},"featured_media":12559,"template":"","meta":[],"product_brand":[],"product_cat":[1116],"product_tag":[],"class_list":{"0":"post-12553","1":"product","2":"type-product","3":"status-publish","4":"has-post-thumbnail","6":"product_cat-videokaamerad-et","7":"pa_brand-argus-et","9":"first","10":"instock","11":"taxable","12":"shipping-taxable","13":"product-type-simple"},"yoast_head":"<!-- This site is optimized with the Yoast SEO Premium plugin v27.3 (Yoast SEO v27.3) - https:\/\/yoast.com\/product\/yoast-seo-premium-wordpress\/ -->\n<title>Argus 3 juhtmevaba turvakaamera koos liikumispro\u017eektoriga - Fonolukk<\/title>\n<meta name=\"description\" content=\"Argus 3 juhtmevaba turvakaamera koos liikumispro\u017eektoriga - Kahesuunaline helikomplekt, 1 + 1 v\u00e4hendatud juhtmestiku tehnoloogia.\" \/>\n<meta name=\"robots\" content=\"index, follow, max-snippet:-1, max-image-preview:large, max-video-preview:-1\" \/>\n<link rel=\"canonical\" href=\"https:\/\/fonolukk.eu\/et\/tooted\/argus-3-juhtmevaba-turvakaamera-koos-liikumisprozektoriga\/\" \/>\n<meta property=\"og:locale\" content=\"et_EE\" \/>\n<meta property=\"og:type\" content=\"article\" \/>\n<meta property=\"og:title\" content=\"Argus 3 juhtmevaba turvakaamera koos liikumispro\u017eektoriga Electric strikes XS\" \/>\n<meta property=\"og:description\" content=\"Hankige juhtmevaba turvalisus k\u00f5ikjal, kus seda vajate, kasutades Argus 3, aku- v\u00f5i p\u00e4ikeseenergial t\u00f6\u00f6tavat turvakaamerat koos liikumispro\u017eektori ja sireeniga.\u00a0Vaadake Full HD-s toimuvat, valgustage tumedaid nurki ja peatage kuritegu enne, kui see juhtub\" \/>\n<meta property=\"og:url\" content=\"https:\/\/fonolukk.eu\/et\/tooted\/argus-3-juhtmevaba-turvakaamera-koos-liikumisprozektoriga\/\" \/>\n<meta property=\"og:site_name\" content=\"Fonolukk\" \/>\n<meta property=\"article:publisher\" content=\"https:\/\/www.facebook.com\/fonolukk\" \/>\n<meta property=\"article:modified_time\" content=\"2021-10-28T21:00:49+00:00\" \/>\n<meta property=\"og:image\" content=\"https:\/\/fonolukk.eu\/wp-content\/uploads\/2021\/10\/argus-3.png\" \/>\n\t<meta property=\"og:image:width\" content=\"1000\" \/>\n\t<meta property=\"og:image:height\" content=\"863\" \/>\n\t<meta property=\"og:image:type\" content=\"image\/png\" \/>\n<meta name=\"twitter:card\" content=\"summary_large_image\" \/>\n<meta name=\"twitter:title\" content=\"Argus 3 juhtmevaba turvakaamera koos liikumispro\u017eektoriga\" \/>\n<meta name=\"twitter:label1\" content=\"Hind\" \/>\n\t<meta name=\"twitter:data1\" content=\"\" \/>\n\t<meta name=\"twitter:label2\" content=\"Availability\" \/>\n\t<meta name=\"twitter:data2\" content=\"Laos\" \/>\n<script type=\"application\/ld+json\" class=\"yoast-schema-graph\">{\"@context\":\"https:\\\/\\\/schema.org\",\"@graph\":[{\"@type\":\"WebPage\",\"@id\":\"https:\\\/\\\/fonolukk.eu\\\/et\\\/tooted\\\/argus-3-juhtmevaba-turvakaamera-koos-liikumisprozektoriga\\\/\",\"url\":\"https:\\\/\\\/fonolukk.eu\\\/et\\\/tooted\\\/argus-3-juhtmevaba-turvakaamera-koos-liikumisprozektoriga\\\/\",\"name\":\"Argus 3 juhtmevaba turvakaamera koos liikumispro\u017eektoriga - Fonolukk\",\"isPartOf\":{\"@id\":\"https:\\\/\\\/fonolukk.eu\\\/et\\\/#website\"},\"primaryImageOfPage\":{\"@id\":\"https:\\\/\\\/fonolukk.eu\\\/et\\\/tooted\\\/argus-3-juhtmevaba-turvakaamera-koos-liikumisprozektoriga\\\/#primaryimage\"},\"image\":{\"@id\":\"https:\\\/\\\/fonolukk.eu\\\/et\\\/tooted\\\/argus-3-juhtmevaba-turvakaamera-koos-liikumisprozektoriga\\\/#primaryimage\"},\"thumbnailUrl\":\"https:\\\/\\\/fonolukk.eu\\\/wp-content\\\/uploads\\\/2021\\\/10\\\/argus-3.png\",\"datePublished\":\"2021-10-28T18:05:57+00:00\",\"dateModified\":\"2021-10-28T21:00:49+00:00\",\"description\":\"Argus 3 juhtmevaba turvakaamera koos liikumispro\u017eektoriga - Kahesuunaline helikomplekt, 1 + 1 v\u00e4hendatud juhtmestiku tehnoloogia.\",\"breadcrumb\":{\"@id\":\"https:\\\/\\\/fonolukk.eu\\\/et\\\/tooted\\\/argus-3-juhtmevaba-turvakaamera-koos-liikumisprozektoriga\\\/#breadcrumb\"},\"inLanguage\":\"et\",\"potentialAction\":[{\"@type\":\"ReadAction\",\"target\":[\"https:\\\/\\\/fonolukk.eu\\\/et\\\/tooted\\\/argus-3-juhtmevaba-turvakaamera-koos-liikumisprozektoriga\\\/\"]}]},{\"@type\":\"ImageObject\",\"inLanguage\":\"et\",\"@id\":\"https:\\\/\\\/fonolukk.eu\\\/et\\\/tooted\\\/argus-3-juhtmevaba-turvakaamera-koos-liikumisprozektoriga\\\/#primaryimage\",\"url\":\"https:\\\/\\\/fonolukk.eu\\\/wp-content\\\/uploads\\\/2021\\\/10\\\/argus-3.png\",\"contentUrl\":\"https:\\\/\\\/fonolukk.eu\\\/wp-content\\\/uploads\\\/2021\\\/10\\\/argus-3.png\",\"width\":1000,\"height\":863},{\"@type\":\"BreadcrumbList\",\"@id\":\"https:\\\/\\\/fonolukk.eu\\\/et\\\/tooted\\\/argus-3-juhtmevaba-turvakaamera-koos-liikumisprozektoriga\\\/#breadcrumb\",\"itemListElement\":[{\"@type\":\"ListItem\",\"position\":1,\"name\":\"Esileht\",\"item\":\"https:\\\/\\\/fonolukk.eu\\\/et\\\/koduleht\\\/\"},{\"@type\":\"ListItem\",\"position\":2,\"name\":\"Tooted\",\"item\":\"https:\\\/\\\/fonolukk.eu\\\/et\\\/shop-2\\\/\"},{\"@type\":\"ListItem\",\"position\":3,\"name\":\"L\u00e4bip\u00e4\u00e4sus\u00fcsteem\",\"item\":\"https:\\\/\\\/fonolukk.eu\\\/et\\\/product-category\\\/labipaasususteem\\\/\"},{\"@type\":\"ListItem\",\"position\":4,\"name\":\"Argus 3 juhtmevaba turvakaamera koos liikumispro\u017eektoriga\"}]},{\"@type\":\"WebSite\",\"@id\":\"https:\\\/\\\/fonolukk.eu\\\/et\\\/#website\",\"url\":\"https:\\\/\\\/fonolukk.eu\\\/et\\\/\",\"name\":\"Fonolukk eu\",\"description\":\"Smart Security Systems\",\"publisher\":{\"@id\":\"https:\\\/\\\/fonolukk.eu\\\/et\\\/#organization\"},\"potentialAction\":[{\"@type\":\"SearchAction\",\"target\":{\"@type\":\"EntryPoint\",\"urlTemplate\":\"https:\\\/\\\/fonolukk.eu\\\/et\\\/?s={search_term_string}\"},\"query-input\":{\"@type\":\"PropertyValueSpecification\",\"valueRequired\":true,\"valueName\":\"search_term_string\"}}],\"inLanguage\":\"et\"},{\"@type\":\"Organization\",\"@id\":\"https:\\\/\\\/fonolukk.eu\\\/et\\\/#organization\",\"name\":\"Smart Security OU\",\"url\":\"https:\\\/\\\/fonolukk.eu\\\/et\\\/\",\"logo\":{\"@type\":\"ImageObject\",\"inLanguage\":\"et\",\"@id\":\"https:\\\/\\\/fonolukk.eu\\\/et\\\/#\\\/schema\\\/logo\\\/image\\\/\",\"url\":\"https:\\\/\\\/fonolukk.eu\\\/wp-content\\\/uploads\\\/2023\\\/09\\\/fonolukk.png\",\"contentUrl\":\"https:\\\/\\\/fonolukk.eu\\\/wp-content\\\/uploads\\\/2023\\\/09\\\/fonolukk.png\",\"width\":277,\"height\":274,\"caption\":\"Smart Security OU\"},\"image\":{\"@id\":\"https:\\\/\\\/fonolukk.eu\\\/et\\\/#\\\/schema\\\/logo\\\/image\\\/\"},\"sameAs\":[\"https:\\\/\\\/www.facebook.com\\\/fonolukk\",\"https:\\\/\\\/www.instagram.com\\\/fonolukk\\\/?hl=ru\"],\"publishingPrinciples\":\"https:\\\/\\\/fonolukk.eu\\\/terms-and-conditions\\\/\",\"ownershipFundingInfo\":\"https:\\\/\\\/fonolukk.eu\\\/about-us\\\/\"}]}<\/script>\n<meta property=\"product:brand\" content=\"Argus\" \/>\n<meta property=\"product:price:amount\" content=\"0.00\" \/>\n<meta property=\"product:price:currency\" content=\"EUR\" \/>\n<meta property=\"og:availability\" content=\"instock\" \/>\n<meta property=\"product:availability\" content=\"instock\" \/>\n<meta property=\"product:retailer_item_id\" content=\"Argus 3\" \/>\n<meta property=\"product:condition\" content=\"new\" \/>\n<!-- \/ Yoast SEO Premium plugin. -->","yoast_head_json":{"title":"Argus 3 juhtmevaba turvakaamera koos liikumispro\u017eektoriga - Fonolukk","description":"Argus 3 juhtmevaba turvakaamera koos liikumispro\u017eektoriga - Kahesuunaline helikomplekt, 1 + 1 v\u00e4hendatud juhtmestiku tehnoloogia.","robots":{"index":"index","follow":"follow","max-snippet":"max-snippet:-1","max-image-preview":"max-image-preview:large","max-video-preview":"max-video-preview:-1"},"canonical":"https:\/\/fonolukk.eu\/et\/tooted\/argus-3-juhtmevaba-turvakaamera-koos-liikumisprozektoriga\/","og_locale":"et_EE","og_type":"article","og_title":"Argus 3 juhtmevaba turvakaamera koos liikumispro\u017eektoriga Electric strikes XS","og_description":"Hankige juhtmevaba turvalisus k\u00f5ikjal, kus seda vajate, kasutades Argus 3, aku- v\u00f5i p\u00e4ikeseenergial t\u00f6\u00f6tavat turvakaamerat koos liikumispro\u017eektori ja sireeniga.\u00a0Vaadake Full HD-s toimuvat, valgustage tumedaid nurki ja peatage kuritegu enne, kui see juhtub","og_url":"https:\/\/fonolukk.eu\/et\/tooted\/argus-3-juhtmevaba-turvakaamera-koos-liikumisprozektoriga\/","og_site_name":"Fonolukk","article_publisher":"https:\/\/www.facebook.com\/fonolukk","article_modified_time":"2021-10-28T21:00:49+00:00","og_image":[{"width":1000,"height":863,"url":"https:\/\/fonolukk.eu\/wp-content\/uploads\/2021\/10\/argus-3.png","type":"image\/png"}],"twitter_card":"summary_large_image","twitter_title":"Argus 3 juhtmevaba turvakaamera koos liikumispro\u017eektoriga","twitter_misc":{"Hind":"","Availability":"Laos"},"schema":{"@context":"https:\/\/schema.org","@graph":[{"@type":"WebPage","@id":"https:\/\/fonolukk.eu\/et\/tooted\/argus-3-juhtmevaba-turvakaamera-koos-liikumisprozektoriga\/","url":"https:\/\/fonolukk.eu\/et\/tooted\/argus-3-juhtmevaba-turvakaamera-koos-liikumisprozektoriga\/","name":"Argus 3 juhtmevaba turvakaamera koos liikumispro\u017eektoriga - Fonolukk","isPartOf":{"@id":"https:\/\/fonolukk.eu\/et\/#website"},"primaryImageOfPage":{"@id":"https:\/\/fonolukk.eu\/et\/tooted\/argus-3-juhtmevaba-turvakaamera-koos-liikumisprozektoriga\/#primaryimage"},"image":{"@id":"https:\/\/fonolukk.eu\/et\/tooted\/argus-3-juhtmevaba-turvakaamera-koos-liikumisprozektoriga\/#primaryimage"},"thumbnailUrl":"https:\/\/fonolukk.eu\/wp-content\/uploads\/2021\/10\/argus-3.png","datePublished":"2021-10-28T18:05:57+00:00","dateModified":"2021-10-28T21:00:49+00:00","description":"Argus 3 juhtmevaba turvakaamera koos liikumispro\u017eektoriga - Kahesuunaline helikomplekt, 1 + 1 v\u00e4hendatud juhtmestiku tehnoloogia.","breadcrumb":{"@id":"https:\/\/fonolukk.eu\/et\/tooted\/argus-3-juhtmevaba-turvakaamera-koos-liikumisprozektoriga\/#breadcrumb"},"inLanguage":"et","potentialAction":[{"@type":"ReadAction","target":["https:\/\/fonolukk.eu\/et\/tooted\/argus-3-juhtmevaba-turvakaamera-koos-liikumisprozektoriga\/"]}]},{"@type":"ImageObject","inLanguage":"et","@id":"https:\/\/fonolukk.eu\/et\/tooted\/argus-3-juhtmevaba-turvakaamera-koos-liikumisprozektoriga\/#primaryimage","url":"https:\/\/fonolukk.eu\/wp-content\/uploads\/2021\/10\/argus-3.png","contentUrl":"https:\/\/fonolukk.eu\/wp-content\/uploads\/2021\/10\/argus-3.png","width":1000,"height":863},{"@type":"BreadcrumbList","@id":"https:\/\/fonolukk.eu\/et\/tooted\/argus-3-juhtmevaba-turvakaamera-koos-liikumisprozektoriga\/#breadcrumb","itemListElement":[{"@type":"ListItem","position":1,"name":"Esileht","item":"https:\/\/fonolukk.eu\/et\/koduleht\/"},{"@type":"ListItem","position":2,"name":"Tooted","item":"https:\/\/fonolukk.eu\/et\/shop-2\/"},{"@type":"ListItem","position":3,"name":"L\u00e4bip\u00e4\u00e4sus\u00fcsteem","item":"https:\/\/fonolukk.eu\/et\/product-category\/labipaasususteem\/"},{"@type":"ListItem","position":4,"name":"Argus 3 juhtmevaba turvakaamera koos liikumispro\u017eektoriga"}]},{"@type":"WebSite","@id":"https:\/\/fonolukk.eu\/et\/#website","url":"https:\/\/fonolukk.eu\/et\/","name":"Fonolukk eu","description":"Smart Security Systems","publisher":{"@id":"https:\/\/fonolukk.eu\/et\/#organization"},"potentialAction":[{"@type":"SearchAction","target":{"@type":"EntryPoint","urlTemplate":"https:\/\/fonolukk.eu\/et\/?s={search_term_string}"},"query-input":{"@type":"PropertyValueSpecification","valueRequired":true,"valueName":"search_term_string"}}],"inLanguage":"et"},{"@type":"Organization","@id":"https:\/\/fonolukk.eu\/et\/#organization","name":"Smart Security OU","url":"https:\/\/fonolukk.eu\/et\/","logo":{"@type":"ImageObject","inLanguage":"et","@id":"https:\/\/fonolukk.eu\/et\/#\/schema\/logo\/image\/","url":"https:\/\/fonolukk.eu\/wp-content\/uploads\/2023\/09\/fonolukk.png","contentUrl":"https:\/\/fonolukk.eu\/wp-content\/uploads\/2023\/09\/fonolukk.png","width":277,"height":274,"caption":"Smart Security OU"},"image":{"@id":"https:\/\/fonolukk.eu\/et\/#\/schema\/logo\/image\/"},"sameAs":["https:\/\/www.facebook.com\/fonolukk","https:\/\/www.instagram.com\/fonolukk\/?hl=ru"],"publishingPrinciples":"https:\/\/fonolukk.eu\/terms-and-conditions\/","ownershipFundingInfo":"https:\/\/fonolukk.eu\/about-us\/"}]},"product_brand":"Argus","product_price_amount":"0.00","product_price_currency":"EUR","og_availability":"instock","product_availability":"instock","product_retailer_item_id":"Argus 3","product_condition":"new"},"_links":{"self":[{"href":"https:\/\/fonolukk.eu\/et\/wp-json\/wp\/v2\/product\/12553","targetHints":{"allow":["GET"]}}],"collection":[{"href":"https:\/\/fonolukk.eu\/et\/wp-json\/wp\/v2\/product"}],"about":[{"href":"https:\/\/fonolukk.eu\/et\/wp-json\/wp\/v2\/types\/product"}],"version-history":[{"count":0,"href":"https:\/\/fonolukk.eu\/et\/wp-json\/wp\/v2\/product\/12553\/revisions"}],"wp:featuredmedia":[{"embeddable":true,"href":"https:\/\/fonolukk.eu\/et\/wp-json\/wp\/v2\/media\/12559"}],"wp:attachment":[{"href":"https:\/\/fonolukk.eu\/et\/wp-json\/wp\/v2\/media?parent=12553"}],"wp:term":[{"taxonomy":"product_brand","embeddable":true,"href":"https:\/\/fonolukk.eu\/et\/wp-json\/wp\/v2\/product_brand?post=12553"},{"taxonomy":"product_cat","embeddable":true,"href":"https:\/\/fonolukk.eu\/et\/wp-json\/wp\/v2\/product_cat?post=12553"},{"taxonomy":"product_tag","embeddable":true,"href":"https:\/\/fonolukk.eu\/et\/wp-json\/wp\/v2\/product_tag?post=12553"}],"curies":[{"name":"wp","href":"https:\/\/api.w.org\/{rel}","templated":true}]}}