{"id":12778,"date":"2021-11-14T16:31:43","date_gmt":"2021-11-14T14:31:43","guid":{"rendered":"https:\/\/fonolukk.eu\/?post_type=product&#038;p=12778"},"modified":"2023-07-20T15:15:43","modified_gmt":"2023-07-20T12:15:43","slug":"rfid-keyfob-xvoice-mifare-13-56mhz-model-xvoice-ssi","status":"publish","type":"product","link":"https:\/\/fonolukk.eu\/et\/tooted\/rfid-keyfob-xvoice-mifare-13-56mhz-model-xvoice-ssi\/","title":{"rendered":"RFID-klahvistiku xVoice Mifare 13,56MHz mudel: xVoice SSI"},"content":{"rendered":"<h2><span class=\"\">Tehnilised andmed:<\/span><\/h2>\n<ul>\n<li>Kiibi t\u00fc\u00fcp: Mifare S50, standard ISO14443A<\/li>\n<li>T\u00f6\u00f6sagedus: 13,56 Mhz<\/li>\n<li>Kaardi t\u00fc\u00fcp: Loe \/ Kirjuta<\/li>\n<li>Tehingu aeg: 164 ms<\/li>\n<li>Kokkup\u00f5rkevastane tugi: jah<\/li>\n<li>M\u00e4lu maht: 1024 baiti, EEPROM<\/li>\n<li>ID tempel: nr<\/li>\n<li>Materjal: ABS Logo pealekandmise v\u00f5imalus V\u00e4rv (ring + raam): valge + roheline, valge + sinine, kollane + roheline, kollane + sinine<\/li>\n<li>T\u00f6\u00f6temperatuur: -30 \u00b0 \u0421 \u2026 + 50 \u00b0 \u0421<\/li>\n<li>S\u00e4ilitustemperatuur: -40 \u00b0 \u0421 \u2026 + 75 \u00b0 \u0421<\/li>\n<li>M\u00f5\u00f5dud (mm): 37x30x3<\/li>\n<\/ul>\n","protected":false},"excerpt":{"rendered":"<p>Kahev\u00e4rviline Mifare standardi nutikas klahvipult m\u00e4lumahuga 1024 baiti. V\u00e4ike suurus, sale keha, atraktiivne v\u00e4limus, kerev\u00e4rvide valik. Raudr\u00f5ngas kinnitamiseks. Rauast karabiini saab tarnida. \u00dclekirjutatav kuni 100 000 ts\u00fcklit. Kokkup\u00f5rkevastane tugi, andmete salvestamine kuni 10 aastat. MIFARE klassikaline perekond on kontaktivabade kr\u00fcptokaitsega kaartide jaoks k\u00f5ige levinum, t\u00f6\u00f6tab 13,56 MHz vahemikus, vastab ISO 14443A standardile. Taotlused, makses\u00fcsteemid, l\u00e4bip\u00e4\u00e4sus\u00fcsteemid, transpordikaardid, allahindluss\u00fcsteemid, lojaalsusprogrammid jne.<\/p>\n","protected":false},"featured_media":12781,"template":"","meta":[],"product_brand":[],"product_cat":[1128,1072,912,1017,866],"product_tag":[],"class_list":{"0":"post-12778","1":"product","2":"type-product","3":"status-publish","4":"has-post-thumbnail","6":"product_cat-votmed","7":"product_cat-kaardid-ja-kiibid","8":"product_cat-xvoice-et","9":"product_cat-rfid-votmefoorumid","10":"product_cat-labipaasususteem","11":"pa_brand-xvoice-et","13":"first","14":"instock","15":"taxable","16":"shipping-taxable","17":"purchasable","18":"product-type-simple"},"yoast_head":"<!-- This site is optimized with the Yoast SEO Premium plugin v27.3 (Yoast SEO v27.3) - https:\/\/yoast.com\/product\/yoast-seo-premium-wordpress\/ -->\n<title>RFID-klahvistiku xVoice Mifare 13,56MHz mudel: xVoice SSI - Fonolukk<\/title>\n<meta name=\"description\" content=\"RFID-klahvistiku xVoice Mifare 13,56MHz mudel: xVoice SSI - Elektromagnetlukk on korpus, millel on elektromagnet ja vastu metallplaat\" \/>\n<meta name=\"robots\" content=\"index, follow, max-snippet:-1, max-image-preview:large, max-video-preview:-1\" \/>\n<link rel=\"canonical\" href=\"https:\/\/fonolukk.eu\/et\/tooted\/rfid-keyfob-xvoice-mifare-13-56mhz-model-xvoice-ssi\/\" \/>\n<meta property=\"og:locale\" content=\"et_EE\" \/>\n<meta property=\"og:type\" content=\"article\" \/>\n<meta property=\"og:title\" content=\"RFID-klahvistiku xVoice Mifare 13,56MHz mudel: xVoice SSI Electric strikes XS\" \/>\n<meta property=\"og:description\" content=\"Kahev\u00e4rviline Mifare standardi nutikas klahvipult m\u00e4lumahuga 1024 baiti. V\u00e4ike suurus, sale keha, atraktiivne v\u00e4limus, kerev\u00e4rvide valik. Raudr\u00f5ngas kinnitamiseks. Rauast karabiini saab tarnida. \u00dclekirjutatav kuni 100 000 ts\u00fcklit. Kokkup\u00f5rkevastane tugi, andmete salvestamine kuni 10 aastat. MIFARE klassikaline perekond on kontaktivabade kr\u00fcptokaitsega kaartide jaoks k\u00f5ige levinum, t\u00f6\u00f6tab 13,56 MHz vahemikus, vastab ISO 14443A standardile. Taotlused, makses\u00fcsteemid, l\u00e4bip\u00e4\u00e4sus\u00fcsteemid, transpordikaardid, allahindluss\u00fcsteemid, lojaalsusprogrammid jne.\" \/>\n<meta property=\"og:url\" content=\"https:\/\/fonolukk.eu\/et\/tooted\/rfid-keyfob-xvoice-mifare-13-56mhz-model-xvoice-ssi\/\" \/>\n<meta property=\"og:site_name\" content=\"Fonolukk\" \/>\n<meta property=\"article:publisher\" content=\"https:\/\/www.facebook.com\/fonolukk\" \/>\n<meta property=\"article:modified_time\" content=\"2023-07-20T12:15:43+00:00\" \/>\n<meta property=\"og:image\" content=\"https:\/\/fonolukk.eu\/wp-content\/uploads\/2021\/11\/insertpic_2aa4-1.png\" \/>\n\t<meta property=\"og:image:width\" content=\"854\" \/>\n\t<meta property=\"og:image:height\" content=\"728\" \/>\n\t<meta property=\"og:image:type\" content=\"image\/png\" \/>\n<meta name=\"twitter:card\" content=\"summary_large_image\" \/>\n<meta name=\"twitter:title\" content=\"RFID-klahvistiku xVoice Mifare 13,56MHz mudel: xVoice SSI\" \/>\n<meta name=\"twitter:label1\" content=\"Hind\" \/>\n\t<meta name=\"twitter:data1\" content=\"&euro;9.84 koos KM\" \/>\n\t<meta name=\"twitter:label2\" content=\"Availability\" \/>\n\t<meta name=\"twitter:data2\" content=\"Laos\" \/>\n<script type=\"application\/ld+json\" class=\"yoast-schema-graph\">{\"@context\":\"https:\\\/\\\/schema.org\",\"@graph\":[{\"@type\":\"WebPage\",\"@id\":\"https:\\\/\\\/fonolukk.eu\\\/et\\\/tooted\\\/rfid-keyfob-xvoice-mifare-13-56mhz-model-xvoice-ssi\\\/\",\"url\":\"https:\\\/\\\/fonolukk.eu\\\/et\\\/tooted\\\/rfid-keyfob-xvoice-mifare-13-56mhz-model-xvoice-ssi\\\/\",\"name\":\"RFID-klahvistiku xVoice Mifare 13,56MHz mudel: xVoice SSI - Fonolukk\",\"isPartOf\":{\"@id\":\"https:\\\/\\\/fonolukk.eu\\\/et\\\/#website\"},\"primaryImageOfPage\":{\"@id\":\"https:\\\/\\\/fonolukk.eu\\\/et\\\/tooted\\\/rfid-keyfob-xvoice-mifare-13-56mhz-model-xvoice-ssi\\\/#primaryimage\"},\"image\":{\"@id\":\"https:\\\/\\\/fonolukk.eu\\\/et\\\/tooted\\\/rfid-keyfob-xvoice-mifare-13-56mhz-model-xvoice-ssi\\\/#primaryimage\"},\"thumbnailUrl\":\"https:\\\/\\\/fonolukk.eu\\\/wp-content\\\/uploads\\\/2021\\\/11\\\/insertpic_2aa4-1.png\",\"datePublished\":\"2021-11-14T14:31:43+00:00\",\"dateModified\":\"2023-07-20T12:15:43+00:00\",\"description\":\"RFID-klahvistiku xVoice Mifare 13,56MHz mudel: xVoice SSI - Elektromagnetlukk on korpus, millel on elektromagnet ja vastu metallplaat\",\"breadcrumb\":{\"@id\":\"https:\\\/\\\/fonolukk.eu\\\/et\\\/tooted\\\/rfid-keyfob-xvoice-mifare-13-56mhz-model-xvoice-ssi\\\/#breadcrumb\"},\"inLanguage\":\"et\",\"potentialAction\":[{\"@type\":\"ReadAction\",\"target\":[\"https:\\\/\\\/fonolukk.eu\\\/et\\\/tooted\\\/rfid-keyfob-xvoice-mifare-13-56mhz-model-xvoice-ssi\\\/\"]}]},{\"@type\":\"ImageObject\",\"inLanguage\":\"et\",\"@id\":\"https:\\\/\\\/fonolukk.eu\\\/et\\\/tooted\\\/rfid-keyfob-xvoice-mifare-13-56mhz-model-xvoice-ssi\\\/#primaryimage\",\"url\":\"https:\\\/\\\/fonolukk.eu\\\/wp-content\\\/uploads\\\/2021\\\/11\\\/insertpic_2aa4-1.png\",\"contentUrl\":\"https:\\\/\\\/fonolukk.eu\\\/wp-content\\\/uploads\\\/2021\\\/11\\\/insertpic_2aa4-1.png\",\"width\":854,\"height\":728,\"caption\":\"fonoluku v\u00f5tmed\"},{\"@type\":\"BreadcrumbList\",\"@id\":\"https:\\\/\\\/fonolukk.eu\\\/et\\\/tooted\\\/rfid-keyfob-xvoice-mifare-13-56mhz-model-xvoice-ssi\\\/#breadcrumb\",\"itemListElement\":[{\"@type\":\"ListItem\",\"position\":1,\"name\":\"Esileht\",\"item\":\"https:\\\/\\\/fonolukk.eu\\\/et\\\/koduleht\\\/\"},{\"@type\":\"ListItem\",\"position\":2,\"name\":\"Tooted\",\"item\":\"https:\\\/\\\/fonolukk.eu\\\/et\\\/shop-2\\\/\"},{\"@type\":\"ListItem\",\"position\":3,\"name\":\"Fonolukud\",\"item\":\"https:\\\/\\\/fonolukk.eu\\\/et\\\/product-category\\\/fonolukud\\\/\"},{\"@type\":\"ListItem\",\"position\":4,\"name\":\"xVoice\",\"item\":\"https:\\\/\\\/fonolukk.eu\\\/et\\\/product-category\\\/fonolukud\\\/xvoice-et\\\/\"},{\"@type\":\"ListItem\",\"position\":5,\"name\":\"V\u00f5tmed\",\"item\":\"https:\\\/\\\/fonolukk.eu\\\/et\\\/product-category\\\/fonolukud\\\/xvoice-et\\\/votmed\\\/\"},{\"@type\":\"ListItem\",\"position\":6,\"name\":\"RFID-klahvistiku xVoice Mifare 13,56MHz mudel: xVoice SSI\"}]},{\"@type\":\"WebSite\",\"@id\":\"https:\\\/\\\/fonolukk.eu\\\/et\\\/#website\",\"url\":\"https:\\\/\\\/fonolukk.eu\\\/et\\\/\",\"name\":\"Fonolukk eu\",\"description\":\"Smart Security Systems\",\"publisher\":{\"@id\":\"https:\\\/\\\/fonolukk.eu\\\/et\\\/#organization\"},\"potentialAction\":[{\"@type\":\"SearchAction\",\"target\":{\"@type\":\"EntryPoint\",\"urlTemplate\":\"https:\\\/\\\/fonolukk.eu\\\/et\\\/?s={search_term_string}\"},\"query-input\":{\"@type\":\"PropertyValueSpecification\",\"valueRequired\":true,\"valueName\":\"search_term_string\"}}],\"inLanguage\":\"et\"},{\"@type\":\"Organization\",\"@id\":\"https:\\\/\\\/fonolukk.eu\\\/et\\\/#organization\",\"name\":\"Smart Security OU\",\"url\":\"https:\\\/\\\/fonolukk.eu\\\/et\\\/\",\"logo\":{\"@type\":\"ImageObject\",\"inLanguage\":\"et\",\"@id\":\"https:\\\/\\\/fonolukk.eu\\\/et\\\/#\\\/schema\\\/logo\\\/image\\\/\",\"url\":\"https:\\\/\\\/fonolukk.eu\\\/wp-content\\\/uploads\\\/2023\\\/09\\\/fonolukk.png\",\"contentUrl\":\"https:\\\/\\\/fonolukk.eu\\\/wp-content\\\/uploads\\\/2023\\\/09\\\/fonolukk.png\",\"width\":277,\"height\":274,\"caption\":\"Smart Security OU\"},\"image\":{\"@id\":\"https:\\\/\\\/fonolukk.eu\\\/et\\\/#\\\/schema\\\/logo\\\/image\\\/\"},\"sameAs\":[\"https:\\\/\\\/www.facebook.com\\\/fonolukk\",\"https:\\\/\\\/www.instagram.com\\\/fonolukk\\\/?hl=ru\"],\"publishingPrinciples\":\"https:\\\/\\\/fonolukk.eu\\\/terms-and-conditions\\\/\",\"ownershipFundingInfo\":\"https:\\\/\\\/fonolukk.eu\\\/about-us\\\/\"}]}<\/script>\n<meta property=\"product:brand\" content=\"xVoice\" \/>\n<meta property=\"product:price:amount\" content=\"9.84\" \/>\n<meta property=\"product:price:currency\" content=\"EUR\" \/>\n<meta property=\"og:availability\" content=\"instock\" \/>\n<meta property=\"product:availability\" content=\"instock\" \/>\n<meta property=\"product:retailer_item_id\" content=\"xVoice SSI\" \/>\n<meta property=\"product:condition\" content=\"new\" \/>\n<!-- \/ Yoast SEO Premium plugin. -->","yoast_head_json":{"title":"RFID-klahvistiku xVoice Mifare 13,56MHz mudel: xVoice SSI - Fonolukk","description":"RFID-klahvistiku xVoice Mifare 13,56MHz mudel: xVoice SSI - Elektromagnetlukk on korpus, millel on elektromagnet ja vastu metallplaat","robots":{"index":"index","follow":"follow","max-snippet":"max-snippet:-1","max-image-preview":"max-image-preview:large","max-video-preview":"max-video-preview:-1"},"canonical":"https:\/\/fonolukk.eu\/et\/tooted\/rfid-keyfob-xvoice-mifare-13-56mhz-model-xvoice-ssi\/","og_locale":"et_EE","og_type":"article","og_title":"RFID-klahvistiku xVoice Mifare 13,56MHz mudel: xVoice SSI Electric strikes XS","og_description":"Kahev\u00e4rviline Mifare standardi nutikas klahvipult m\u00e4lumahuga 1024 baiti. V\u00e4ike suurus, sale keha, atraktiivne v\u00e4limus, kerev\u00e4rvide valik. Raudr\u00f5ngas kinnitamiseks. Rauast karabiini saab tarnida. \u00dclekirjutatav kuni 100 000 ts\u00fcklit. Kokkup\u00f5rkevastane tugi, andmete salvestamine kuni 10 aastat. MIFARE klassikaline perekond on kontaktivabade kr\u00fcptokaitsega kaartide jaoks k\u00f5ige levinum, t\u00f6\u00f6tab 13,56 MHz vahemikus, vastab ISO 14443A standardile. Taotlused, makses\u00fcsteemid, l\u00e4bip\u00e4\u00e4sus\u00fcsteemid, transpordikaardid, allahindluss\u00fcsteemid, lojaalsusprogrammid jne.","og_url":"https:\/\/fonolukk.eu\/et\/tooted\/rfid-keyfob-xvoice-mifare-13-56mhz-model-xvoice-ssi\/","og_site_name":"Fonolukk","article_publisher":"https:\/\/www.facebook.com\/fonolukk","article_modified_time":"2023-07-20T12:15:43+00:00","og_image":[{"width":854,"height":728,"url":"https:\/\/fonolukk.eu\/wp-content\/uploads\/2021\/11\/insertpic_2aa4-1.png","type":"image\/png"}],"twitter_card":"summary_large_image","twitter_title":"RFID-klahvistiku xVoice Mifare 13,56MHz mudel: xVoice SSI","twitter_misc":{"Hind":"&euro;9.84 koos KM","Availability":"Laos"},"schema":{"@context":"https:\/\/schema.org","@graph":[{"@type":"WebPage","@id":"https:\/\/fonolukk.eu\/et\/tooted\/rfid-keyfob-xvoice-mifare-13-56mhz-model-xvoice-ssi\/","url":"https:\/\/fonolukk.eu\/et\/tooted\/rfid-keyfob-xvoice-mifare-13-56mhz-model-xvoice-ssi\/","name":"RFID-klahvistiku xVoice Mifare 13,56MHz mudel: xVoice SSI - Fonolukk","isPartOf":{"@id":"https:\/\/fonolukk.eu\/et\/#website"},"primaryImageOfPage":{"@id":"https:\/\/fonolukk.eu\/et\/tooted\/rfid-keyfob-xvoice-mifare-13-56mhz-model-xvoice-ssi\/#primaryimage"},"image":{"@id":"https:\/\/fonolukk.eu\/et\/tooted\/rfid-keyfob-xvoice-mifare-13-56mhz-model-xvoice-ssi\/#primaryimage"},"thumbnailUrl":"https:\/\/fonolukk.eu\/wp-content\/uploads\/2021\/11\/insertpic_2aa4-1.png","datePublished":"2021-11-14T14:31:43+00:00","dateModified":"2023-07-20T12:15:43+00:00","description":"RFID-klahvistiku xVoice Mifare 13,56MHz mudel: xVoice SSI - Elektromagnetlukk on korpus, millel on elektromagnet ja vastu metallplaat","breadcrumb":{"@id":"https:\/\/fonolukk.eu\/et\/tooted\/rfid-keyfob-xvoice-mifare-13-56mhz-model-xvoice-ssi\/#breadcrumb"},"inLanguage":"et","potentialAction":[{"@type":"ReadAction","target":["https:\/\/fonolukk.eu\/et\/tooted\/rfid-keyfob-xvoice-mifare-13-56mhz-model-xvoice-ssi\/"]}]},{"@type":"ImageObject","inLanguage":"et","@id":"https:\/\/fonolukk.eu\/et\/tooted\/rfid-keyfob-xvoice-mifare-13-56mhz-model-xvoice-ssi\/#primaryimage","url":"https:\/\/fonolukk.eu\/wp-content\/uploads\/2021\/11\/insertpic_2aa4-1.png","contentUrl":"https:\/\/fonolukk.eu\/wp-content\/uploads\/2021\/11\/insertpic_2aa4-1.png","width":854,"height":728,"caption":"fonoluku v\u00f5tmed"},{"@type":"BreadcrumbList","@id":"https:\/\/fonolukk.eu\/et\/tooted\/rfid-keyfob-xvoice-mifare-13-56mhz-model-xvoice-ssi\/#breadcrumb","itemListElement":[{"@type":"ListItem","position":1,"name":"Esileht","item":"https:\/\/fonolukk.eu\/et\/koduleht\/"},{"@type":"ListItem","position":2,"name":"Tooted","item":"https:\/\/fonolukk.eu\/et\/shop-2\/"},{"@type":"ListItem","position":3,"name":"Fonolukud","item":"https:\/\/fonolukk.eu\/et\/product-category\/fonolukud\/"},{"@type":"ListItem","position":4,"name":"xVoice","item":"https:\/\/fonolukk.eu\/et\/product-category\/fonolukud\/xvoice-et\/"},{"@type":"ListItem","position":5,"name":"V\u00f5tmed","item":"https:\/\/fonolukk.eu\/et\/product-category\/fonolukud\/xvoice-et\/votmed\/"},{"@type":"ListItem","position":6,"name":"RFID-klahvistiku xVoice Mifare 13,56MHz mudel: xVoice SSI"}]},{"@type":"WebSite","@id":"https:\/\/fonolukk.eu\/et\/#website","url":"https:\/\/fonolukk.eu\/et\/","name":"Fonolukk eu","description":"Smart Security Systems","publisher":{"@id":"https:\/\/fonolukk.eu\/et\/#organization"},"potentialAction":[{"@type":"SearchAction","target":{"@type":"EntryPoint","urlTemplate":"https:\/\/fonolukk.eu\/et\/?s={search_term_string}"},"query-input":{"@type":"PropertyValueSpecification","valueRequired":true,"valueName":"search_term_string"}}],"inLanguage":"et"},{"@type":"Organization","@id":"https:\/\/fonolukk.eu\/et\/#organization","name":"Smart Security OU","url":"https:\/\/fonolukk.eu\/et\/","logo":{"@type":"ImageObject","inLanguage":"et","@id":"https:\/\/fonolukk.eu\/et\/#\/schema\/logo\/image\/","url":"https:\/\/fonolukk.eu\/wp-content\/uploads\/2023\/09\/fonolukk.png","contentUrl":"https:\/\/fonolukk.eu\/wp-content\/uploads\/2023\/09\/fonolukk.png","width":277,"height":274,"caption":"Smart Security OU"},"image":{"@id":"https:\/\/fonolukk.eu\/et\/#\/schema\/logo\/image\/"},"sameAs":["https:\/\/www.facebook.com\/fonolukk","https:\/\/www.instagram.com\/fonolukk\/?hl=ru"],"publishingPrinciples":"https:\/\/fonolukk.eu\/terms-and-conditions\/","ownershipFundingInfo":"https:\/\/fonolukk.eu\/about-us\/"}]},"product_brand":"xVoice","product_price_amount":"9.84","product_price_currency":"EUR","og_availability":"instock","product_availability":"instock","product_retailer_item_id":"xVoice SSI","product_condition":"new"},"_links":{"self":[{"href":"https:\/\/fonolukk.eu\/et\/wp-json\/wp\/v2\/product\/12778","targetHints":{"allow":["GET"]}}],"collection":[{"href":"https:\/\/fonolukk.eu\/et\/wp-json\/wp\/v2\/product"}],"about":[{"href":"https:\/\/fonolukk.eu\/et\/wp-json\/wp\/v2\/types\/product"}],"version-history":[{"count":0,"href":"https:\/\/fonolukk.eu\/et\/wp-json\/wp\/v2\/product\/12778\/revisions"}],"wp:featuredmedia":[{"embeddable":true,"href":"https:\/\/fonolukk.eu\/et\/wp-json\/wp\/v2\/media\/12781"}],"wp:attachment":[{"href":"https:\/\/fonolukk.eu\/et\/wp-json\/wp\/v2\/media?parent=12778"}],"wp:term":[{"taxonomy":"product_brand","embeddable":true,"href":"https:\/\/fonolukk.eu\/et\/wp-json\/wp\/v2\/product_brand?post=12778"},{"taxonomy":"product_cat","embeddable":true,"href":"https:\/\/fonolukk.eu\/et\/wp-json\/wp\/v2\/product_cat?post=12778"},{"taxonomy":"product_tag","embeddable":true,"href":"https:\/\/fonolukk.eu\/et\/wp-json\/wp\/v2\/product_tag?post=12778"}],"curies":[{"name":"wp","href":"https:\/\/api.w.org\/{rel}","templated":true}]}}