{"id":12976,"date":"2022-01-09T21:07:45","date_gmt":"2022-01-09T19:07:46","guid":{"rendered":"https:\/\/fonolukk.eu\/?post_type=product&#038;p=12976"},"modified":"2023-11-04T16:47:27","modified_gmt":"2023-11-04T14:47:27","slug":"eltis-dp400-rd24","status":"publish","type":"product","link":"https:\/\/fonolukk.eu\/et\/tooted\/eltis-dp400-rd24\/","title":{"rendered":"Eltis DP400-RD24"},"content":{"rendered":"<h3>TEHNILISED ANDMED<\/h3>\n<div class=\"content-info\">\n<table class=\"dop-table\" cellspacing=\"0\" cellpadding=\"0\">\n<tbody>\n<tr>\n<td>L\u00fcliti kaabli t\u00fc\u00fcp<\/td>\n<td>kolme juhtmega *<\/td>\n<\/tr>\n<tr>\n<td>Maksimaalne tellijate arv<\/td>\n<td>100<\/td>\n<\/tr>\n<tr>\n<td>Maksimaalne lubatud korterite arv<\/td>\n<td>1999<\/td>\n<\/tr>\n<tr>\n<td>Numbrite arv \u00fchises koodis<\/td>\n<td>4<\/td>\n<\/tr>\n<tr>\n<td>Numbrite arv individuaalses koodis<\/td>\n<td>4<\/td>\n<\/tr>\n<tr>\n<td>Koodi v\u00f5i parooli \u00e4raarvamiskatsete arv<\/td>\n<td>3<\/td>\n<\/tr>\n<tr>\n<td>Maksimaalne BV m\u00e4llu salvestatud elektrooniliste v\u00f5tmete arv<\/td>\n<td>700<\/td>\n<\/tr>\n<tr>\n<td>Elektrooniliste v\u00f5tmekombinatsioonide arv<\/td>\n<td>2*24<\/td>\n<\/tr>\n<tr>\n<td>Korteri numbri \u00fche numbri sisestamiseks m\u00e4\u00e4ratud aeg, s, Ei enam<\/td>\n<td>5<\/td>\n<\/tr>\n<tr>\n<td>K\u00f5nesignaali kestus, s, mitte enam<\/td>\n<td>60<\/td>\n<\/tr>\n<tr>\n<td>Vestluse kestus k\u00fclastajaga, s, enam mitte<\/td>\n<td>90<\/td>\n<\/tr>\n<tr>\n<td>Elektromagnetilise luku t\u00f6\u00f6aeg, s, enam pole<\/td>\n<td>1&#8230;9<\/td>\n<\/tr>\n<tr>\n<td>Maksimaalne energiatarve (ilma elektromagnetlukuta), W<\/td>\n<td>7<\/td>\n<\/tr>\n<tr>\n<td>Sideliini maksimaalne lubatud takistus, Ohm<\/td>\n<td>30<\/td>\n<\/tr>\n<tr>\n<td>K\u00f5neseadme toitepinge, V<\/td>\n<td>~13&#8230;15, (+16\u202621)<\/td>\n<\/tr>\n<tr>\n<td>\u00dcldm\u00f5\u00f5tmed, mm, mitte rohkem<\/td>\n<td>125\u0445210\u044540<\/td>\n<\/tr>\n<tr>\n<td>Kaal, kg, mitte rohkem<\/td>\n<td>0,8<\/td>\n<\/tr>\n<\/tbody>\n<\/table>\n<p>* Elektrikilbi ja abonendikonsoolide vaheliste sidekaablite paigaldamise t\u00fc\u00fcp on koordinaatmaatriks.<\/p>\n<p>K\u00f5ne\u00fcksus vastab klimaatilisele versioonile UHL1.1 vastavalt standardile GOST 15150-69:<\/p>\n<ul>\n<li>\u00fcmbritseva \u00f5hu temperatuur (-40 &#8230; + 40) \u00b0 \u0421;<\/li>\n<li>suhteline \u00f5huniiskus &#8211; kuni 98% temperatuuril 25 \u00b0 \u0421 6 kuud.\u00a0aastal;<\/li>\n<li>atmosf\u00e4\u00e4rir\u00f5hk &#8211; (650 &#8230; 800) mm.\u00a0rt.\u00a0St<\/li>\n<\/ul>\n<\/div>\n","protected":false},"excerpt":{"rendered":"<p>Kuni 100 tellijat.\u00a0\u00dche sissep\u00e4\u00e4suga trepikodade s\u00fcsteemide ehitus.\u00a0Concierge konsooli \u00fchendus.<\/p>\n<p>Kuni 700 unikaalset v\u00f5tit \u2013 ELTIS RF2.1 kontaktivabad v\u00f5tmehoidjad.\u00a0Kaugjuhtimispuldi programmeerimine k\u00f5neseadmel ja andmebaasist.<\/p>\n<p>Vandaalikindel p\u00fcstkorpus, vertikaalne disain.\u00a0K\u00f5lari ja mikrofoni kaitse.\u00a0P\u00f5rutuskindel hele indikaator helistatud korteri numbrile.\u00a0Mulgustamise eest kaitstud klahvistik, pimedas taustvalgustusega.\u00a0Kaitse staatilise elektri ja l\u00f6\u00f6kide eest.\u00a0Suurenenud vastupidavus ebasoodsatele ilmastikutingimustele.<\/p>\n<p>Intercomi tarkvara v\u00e4rskendamine ilma demonteerimiseta.\u00a0Helitee tehaseseade.\u00a0V\u00f5imalus reguleerida teenindussignaalide helitugevust.\u00a0Mitmetasandiline kaitse volitamata juurdep\u00e4\u00e4su eest muudetavate paroolidega.\u00a0Teenindusv\u00f5imalus tsentraliseeritud andmebaasi abil.<\/p>\n","protected":false},"featured_media":12979,"template":"","meta":[],"product_brand":[],"product_cat":[1138,606,1137],"product_tag":[],"class_list":{"0":"post-12976","1":"product","2":"type-product","3":"status-publish","4":"has-post-thumbnail","6":"product_cat-fonoluku-paneel-et","7":"product_cat-fonolukud","8":"product_cat-eltis-et-2","9":"pa_brand-eltis-et","11":"first","12":"instock","13":"taxable","14":"shipping-taxable","15":"purchasable","16":"product-type-simple"},"yoast_head":"<!-- This site is optimized with the Yoast SEO Premium plugin v27.3 (Yoast SEO v27.3) - https:\/\/yoast.com\/product\/yoast-seo-premium-wordpress\/ -->\n<title>Eltis DP400-RD24 - Fonolukk<\/title>\n<meta name=\"description\" content=\"Kuni 100 tellijat.\u00a0\u00dche sissep\u00e4\u00e4suga trepikodade s\u00fcsteemide ehitus.\u00a0Concierge konsooli \u00fchendus.\" \/>\n<meta name=\"robots\" content=\"index, follow, max-snippet:-1, max-image-preview:large, max-video-preview:-1\" \/>\n<link rel=\"canonical\" href=\"https:\/\/fonolukk.eu\/et\/tooted\/eltis-dp400-rd24\/\" \/>\n<meta property=\"og:locale\" content=\"et_EE\" \/>\n<meta property=\"og:type\" content=\"article\" \/>\n<meta property=\"og:title\" content=\"Eltis DP400-RD24\" \/>\n<meta property=\"og:description\" content=\"Kuni 100 tellijat.\u00a0\u00dche sissep\u00e4\u00e4suga trepikodade s\u00fcsteemide ehitus.\u00a0Concierge konsooli \u00fchendus.  Kuni 700 unikaalset v\u00f5tit \u2013 ELTIS RF2.1 kontaktivabad v\u00f5tmehoidjad.\u00a0Kaugjuhtimispuldi programmeerimine k\u00f5neseadmel ja andmebaasist.  Vandaalikindel p\u00fcstkorpus, vertikaalne disain.\u00a0K\u00f5lari ja mikrofoni kaitse.\u00a0P\u00f5rutuskindel hele indikaator helistatud korteri numbrile.\u00a0Mulgustamise eest kaitstud klahvistik, pimedas taustvalgustusega.\u00a0Kaitse staatilise elektri ja l\u00f6\u00f6kide eest.\u00a0Suurenenud vastupidavus ebasoodsatele ilmastikutingimustele.  Intercomi tarkvara v\u00e4rskendamine ilma demonteerimiseta.\u00a0Helitee tehaseseade.\u00a0V\u00f5imalus reguleerida teenindussignaalide helitugevust.\u00a0Mitmetasandiline kaitse volitamata juurdep\u00e4\u00e4su eest muudetavate paroolidega.\u00a0Teenindusv\u00f5imalus tsentraliseeritud andmebaasi abil.\" \/>\n<meta property=\"og:url\" content=\"https:\/\/fonolukk.eu\/et\/tooted\/eltis-dp400-rd24\/\" \/>\n<meta property=\"og:site_name\" content=\"Fonolukk\" \/>\n<meta property=\"article:publisher\" content=\"https:\/\/www.facebook.com\/fonolukk\" \/>\n<meta property=\"article:modified_time\" content=\"2023-11-04T14:47:27+00:00\" \/>\n<meta property=\"og:image\" content=\"https:\/\/fonolukk.eu\/wp-content\/uploads\/2022\/01\/eltis-dp400-rd24-front.jpg\" \/>\n\t<meta property=\"og:image:width\" content=\"1290\" \/>\n\t<meta property=\"og:image:height\" content=\"960\" \/>\n\t<meta property=\"og:image:type\" content=\"image\/jpeg\" \/>\n<meta name=\"twitter:card\" content=\"summary_large_image\" \/>\n<meta name=\"twitter:label1\" content=\"Hind\" \/>\n\t<meta name=\"twitter:data1\" content=\"&euro;300.00 koos KM\" \/>\n\t<meta name=\"twitter:label2\" content=\"Availability\" \/>\n\t<meta name=\"twitter:data2\" content=\"Laos\" \/>\n<script type=\"application\/ld+json\" class=\"yoast-schema-graph\">{\"@context\":\"https:\\\/\\\/schema.org\",\"@graph\":[{\"@type\":\"WebPage\",\"@id\":\"https:\\\/\\\/fonolukk.eu\\\/et\\\/tooted\\\/eltis-dp400-rd24\\\/\",\"url\":\"https:\\\/\\\/fonolukk.eu\\\/et\\\/tooted\\\/eltis-dp400-rd24\\\/\",\"name\":\"Eltis DP400-RD24 - Fonolukk\",\"isPartOf\":{\"@id\":\"https:\\\/\\\/fonolukk.eu\\\/et\\\/#website\"},\"primaryImageOfPage\":{\"@id\":\"https:\\\/\\\/fonolukk.eu\\\/et\\\/tooted\\\/eltis-dp400-rd24\\\/#primaryimage\"},\"image\":{\"@id\":\"https:\\\/\\\/fonolukk.eu\\\/et\\\/tooted\\\/eltis-dp400-rd24\\\/#primaryimage\"},\"thumbnailUrl\":\"https:\\\/\\\/fonolukk.eu\\\/wp-content\\\/uploads\\\/2022\\\/01\\\/eltis-dp400-rd24-front.jpg\",\"datePublished\":\"2022-01-09T19:07:46+00:00\",\"dateModified\":\"2023-11-04T14:47:27+00:00\",\"description\":\"Kuni 100 tellijat.\u00a0\u00dche sissep\u00e4\u00e4suga trepikodade s\u00fcsteemide ehitus.\u00a0Concierge konsooli \u00fchendus.\",\"breadcrumb\":{\"@id\":\"https:\\\/\\\/fonolukk.eu\\\/et\\\/tooted\\\/eltis-dp400-rd24\\\/#breadcrumb\"},\"inLanguage\":\"et\",\"potentialAction\":[{\"@type\":\"ReadAction\",\"target\":[\"https:\\\/\\\/fonolukk.eu\\\/et\\\/tooted\\\/eltis-dp400-rd24\\\/\"]}]},{\"@type\":\"ImageObject\",\"inLanguage\":\"et\",\"@id\":\"https:\\\/\\\/fonolukk.eu\\\/et\\\/tooted\\\/eltis-dp400-rd24\\\/#primaryimage\",\"url\":\"https:\\\/\\\/fonolukk.eu\\\/wp-content\\\/uploads\\\/2022\\\/01\\\/eltis-dp400-rd24-front.jpg\",\"contentUrl\":\"https:\\\/\\\/fonolukk.eu\\\/wp-content\\\/uploads\\\/2022\\\/01\\\/eltis-dp400-rd24-front.jpg\",\"width\":1290,\"height\":960,\"caption\":\"eltis-dp400-rd24\"},{\"@type\":\"BreadcrumbList\",\"@id\":\"https:\\\/\\\/fonolukk.eu\\\/et\\\/tooted\\\/eltis-dp400-rd24\\\/#breadcrumb\",\"itemListElement\":[{\"@type\":\"ListItem\",\"position\":1,\"name\":\"Esileht\",\"item\":\"https:\\\/\\\/fonolukk.eu\\\/et\\\/koduleht\\\/\"},{\"@type\":\"ListItem\",\"position\":2,\"name\":\"Tooted\",\"item\":\"https:\\\/\\\/fonolukk.eu\\\/et\\\/shop-2\\\/\"},{\"@type\":\"ListItem\",\"position\":3,\"name\":\"Fonolukud\",\"item\":\"https:\\\/\\\/fonolukk.eu\\\/et\\\/product-category\\\/fonolukud\\\/\"},{\"@type\":\"ListItem\",\"position\":4,\"name\":\"Eltis DP400-RD24\"}]},{\"@type\":\"WebSite\",\"@id\":\"https:\\\/\\\/fonolukk.eu\\\/et\\\/#website\",\"url\":\"https:\\\/\\\/fonolukk.eu\\\/et\\\/\",\"name\":\"Fonolukk eu\",\"description\":\"Smart Security Systems\",\"publisher\":{\"@id\":\"https:\\\/\\\/fonolukk.eu\\\/et\\\/#organization\"},\"potentialAction\":[{\"@type\":\"SearchAction\",\"target\":{\"@type\":\"EntryPoint\",\"urlTemplate\":\"https:\\\/\\\/fonolukk.eu\\\/et\\\/?s={search_term_string}\"},\"query-input\":{\"@type\":\"PropertyValueSpecification\",\"valueRequired\":true,\"valueName\":\"search_term_string\"}}],\"inLanguage\":\"et\"},{\"@type\":\"Organization\",\"@id\":\"https:\\\/\\\/fonolukk.eu\\\/et\\\/#organization\",\"name\":\"Smart Security OU\",\"url\":\"https:\\\/\\\/fonolukk.eu\\\/et\\\/\",\"logo\":{\"@type\":\"ImageObject\",\"inLanguage\":\"et\",\"@id\":\"https:\\\/\\\/fonolukk.eu\\\/et\\\/#\\\/schema\\\/logo\\\/image\\\/\",\"url\":\"https:\\\/\\\/fonolukk.eu\\\/wp-content\\\/uploads\\\/2023\\\/09\\\/fonolukk.png\",\"contentUrl\":\"https:\\\/\\\/fonolukk.eu\\\/wp-content\\\/uploads\\\/2023\\\/09\\\/fonolukk.png\",\"width\":277,\"height\":274,\"caption\":\"Smart Security OU\"},\"image\":{\"@id\":\"https:\\\/\\\/fonolukk.eu\\\/et\\\/#\\\/schema\\\/logo\\\/image\\\/\"},\"sameAs\":[\"https:\\\/\\\/www.facebook.com\\\/fonolukk\",\"https:\\\/\\\/www.instagram.com\\\/fonolukk\\\/?hl=ru\"],\"publishingPrinciples\":\"https:\\\/\\\/fonolukk.eu\\\/terms-and-conditions\\\/\",\"ownershipFundingInfo\":\"https:\\\/\\\/fonolukk.eu\\\/about-us\\\/\"}]}<\/script>\n<meta property=\"product:brand\" content=\"Eltis\" \/>\n<meta property=\"product:price:amount\" content=\"300.00\" \/>\n<meta property=\"product:price:currency\" content=\"EUR\" \/>\n<meta property=\"og:availability\" content=\"instock\" \/>\n<meta property=\"product:availability\" content=\"instock\" \/>\n<meta property=\"product:retailer_item_id\" content=\"DP400-RD24\" \/>\n<meta property=\"product:condition\" content=\"new\" \/>\n<!-- \/ Yoast SEO Premium plugin. -->","yoast_head_json":{"title":"Eltis DP400-RD24 - Fonolukk","description":"Kuni 100 tellijat.\u00a0\u00dche sissep\u00e4\u00e4suga trepikodade s\u00fcsteemide ehitus.\u00a0Concierge konsooli \u00fchendus.","robots":{"index":"index","follow":"follow","max-snippet":"max-snippet:-1","max-image-preview":"max-image-preview:large","max-video-preview":"max-video-preview:-1"},"canonical":"https:\/\/fonolukk.eu\/et\/tooted\/eltis-dp400-rd24\/","og_locale":"et_EE","og_type":"article","og_title":"Eltis DP400-RD24","og_description":"Kuni 100 tellijat.\u00a0\u00dche sissep\u00e4\u00e4suga trepikodade s\u00fcsteemide ehitus.\u00a0Concierge konsooli \u00fchendus.  Kuni 700 unikaalset v\u00f5tit \u2013 ELTIS RF2.1 kontaktivabad v\u00f5tmehoidjad.\u00a0Kaugjuhtimispuldi programmeerimine k\u00f5neseadmel ja andmebaasist.  Vandaalikindel p\u00fcstkorpus, vertikaalne disain.\u00a0K\u00f5lari ja mikrofoni kaitse.\u00a0P\u00f5rutuskindel hele indikaator helistatud korteri numbrile.\u00a0Mulgustamise eest kaitstud klahvistik, pimedas taustvalgustusega.\u00a0Kaitse staatilise elektri ja l\u00f6\u00f6kide eest.\u00a0Suurenenud vastupidavus ebasoodsatele ilmastikutingimustele.  Intercomi tarkvara v\u00e4rskendamine ilma demonteerimiseta.\u00a0Helitee tehaseseade.\u00a0V\u00f5imalus reguleerida teenindussignaalide helitugevust.\u00a0Mitmetasandiline kaitse volitamata juurdep\u00e4\u00e4su eest muudetavate paroolidega.\u00a0Teenindusv\u00f5imalus tsentraliseeritud andmebaasi abil.","og_url":"https:\/\/fonolukk.eu\/et\/tooted\/eltis-dp400-rd24\/","og_site_name":"Fonolukk","article_publisher":"https:\/\/www.facebook.com\/fonolukk","article_modified_time":"2023-11-04T14:47:27+00:00","og_image":[{"width":1290,"height":960,"url":"https:\/\/fonolukk.eu\/wp-content\/uploads\/2022\/01\/eltis-dp400-rd24-front.jpg","type":"image\/jpeg"}],"twitter_card":"summary_large_image","twitter_misc":{"Hind":"&euro;300.00 koos KM","Availability":"Laos"},"schema":{"@context":"https:\/\/schema.org","@graph":[{"@type":"WebPage","@id":"https:\/\/fonolukk.eu\/et\/tooted\/eltis-dp400-rd24\/","url":"https:\/\/fonolukk.eu\/et\/tooted\/eltis-dp400-rd24\/","name":"Eltis DP400-RD24 - Fonolukk","isPartOf":{"@id":"https:\/\/fonolukk.eu\/et\/#website"},"primaryImageOfPage":{"@id":"https:\/\/fonolukk.eu\/et\/tooted\/eltis-dp400-rd24\/#primaryimage"},"image":{"@id":"https:\/\/fonolukk.eu\/et\/tooted\/eltis-dp400-rd24\/#primaryimage"},"thumbnailUrl":"https:\/\/fonolukk.eu\/wp-content\/uploads\/2022\/01\/eltis-dp400-rd24-front.jpg","datePublished":"2022-01-09T19:07:46+00:00","dateModified":"2023-11-04T14:47:27+00:00","description":"Kuni 100 tellijat.\u00a0\u00dche sissep\u00e4\u00e4suga trepikodade s\u00fcsteemide ehitus.\u00a0Concierge konsooli \u00fchendus.","breadcrumb":{"@id":"https:\/\/fonolukk.eu\/et\/tooted\/eltis-dp400-rd24\/#breadcrumb"},"inLanguage":"et","potentialAction":[{"@type":"ReadAction","target":["https:\/\/fonolukk.eu\/et\/tooted\/eltis-dp400-rd24\/"]}]},{"@type":"ImageObject","inLanguage":"et","@id":"https:\/\/fonolukk.eu\/et\/tooted\/eltis-dp400-rd24\/#primaryimage","url":"https:\/\/fonolukk.eu\/wp-content\/uploads\/2022\/01\/eltis-dp400-rd24-front.jpg","contentUrl":"https:\/\/fonolukk.eu\/wp-content\/uploads\/2022\/01\/eltis-dp400-rd24-front.jpg","width":1290,"height":960,"caption":"eltis-dp400-rd24"},{"@type":"BreadcrumbList","@id":"https:\/\/fonolukk.eu\/et\/tooted\/eltis-dp400-rd24\/#breadcrumb","itemListElement":[{"@type":"ListItem","position":1,"name":"Esileht","item":"https:\/\/fonolukk.eu\/et\/koduleht\/"},{"@type":"ListItem","position":2,"name":"Tooted","item":"https:\/\/fonolukk.eu\/et\/shop-2\/"},{"@type":"ListItem","position":3,"name":"Fonolukud","item":"https:\/\/fonolukk.eu\/et\/product-category\/fonolukud\/"},{"@type":"ListItem","position":4,"name":"Eltis DP400-RD24"}]},{"@type":"WebSite","@id":"https:\/\/fonolukk.eu\/et\/#website","url":"https:\/\/fonolukk.eu\/et\/","name":"Fonolukk eu","description":"Smart Security Systems","publisher":{"@id":"https:\/\/fonolukk.eu\/et\/#organization"},"potentialAction":[{"@type":"SearchAction","target":{"@type":"EntryPoint","urlTemplate":"https:\/\/fonolukk.eu\/et\/?s={search_term_string}"},"query-input":{"@type":"PropertyValueSpecification","valueRequired":true,"valueName":"search_term_string"}}],"inLanguage":"et"},{"@type":"Organization","@id":"https:\/\/fonolukk.eu\/et\/#organization","name":"Smart Security OU","url":"https:\/\/fonolukk.eu\/et\/","logo":{"@type":"ImageObject","inLanguage":"et","@id":"https:\/\/fonolukk.eu\/et\/#\/schema\/logo\/image\/","url":"https:\/\/fonolukk.eu\/wp-content\/uploads\/2023\/09\/fonolukk.png","contentUrl":"https:\/\/fonolukk.eu\/wp-content\/uploads\/2023\/09\/fonolukk.png","width":277,"height":274,"caption":"Smart Security OU"},"image":{"@id":"https:\/\/fonolukk.eu\/et\/#\/schema\/logo\/image\/"},"sameAs":["https:\/\/www.facebook.com\/fonolukk","https:\/\/www.instagram.com\/fonolukk\/?hl=ru"],"publishingPrinciples":"https:\/\/fonolukk.eu\/terms-and-conditions\/","ownershipFundingInfo":"https:\/\/fonolukk.eu\/about-us\/"}]},"product_brand":"Eltis","product_price_amount":"300.00","product_price_currency":"EUR","og_availability":"instock","product_availability":"instock","product_retailer_item_id":"DP400-RD24","product_condition":"new"},"_links":{"self":[{"href":"https:\/\/fonolukk.eu\/et\/wp-json\/wp\/v2\/product\/12976","targetHints":{"allow":["GET"]}}],"collection":[{"href":"https:\/\/fonolukk.eu\/et\/wp-json\/wp\/v2\/product"}],"about":[{"href":"https:\/\/fonolukk.eu\/et\/wp-json\/wp\/v2\/types\/product"}],"version-history":[{"count":0,"href":"https:\/\/fonolukk.eu\/et\/wp-json\/wp\/v2\/product\/12976\/revisions"}],"wp:featuredmedia":[{"embeddable":true,"href":"https:\/\/fonolukk.eu\/et\/wp-json\/wp\/v2\/media\/12979"}],"wp:attachment":[{"href":"https:\/\/fonolukk.eu\/et\/wp-json\/wp\/v2\/media?parent=12976"}],"wp:term":[{"taxonomy":"product_brand","embeddable":true,"href":"https:\/\/fonolukk.eu\/et\/wp-json\/wp\/v2\/product_brand?post=12976"},{"taxonomy":"product_cat","embeddable":true,"href":"https:\/\/fonolukk.eu\/et\/wp-json\/wp\/v2\/product_cat?post=12976"},{"taxonomy":"product_tag","embeddable":true,"href":"https:\/\/fonolukk.eu\/et\/wp-json\/wp\/v2\/product_tag?post=12976"}],"curies":[{"name":"wp","href":"https:\/\/api.w.org\/{rel}","templated":true}]}}