{"id":13023,"date":"2022-01-10T21:12:33","date_gmt":"2022-01-10T19:12:33","guid":{"rendered":"https:\/\/fonolukk.eu\/?post_type=product&#038;p=13023"},"modified":"2022-03-14T16:41:23","modified_gmt":"2022-03-14T14:41:23","slug":"eltis-ps2-cs2-toiteplokk","status":"publish","type":"product","link":"https:\/\/fonolukk.eu\/et\/tooted\/eltis-ps2-cs2-toiteplokk\/","title":{"rendered":"ELTIS PS2-CS2 TOITEPLOKK"},"content":{"rendered":"<h3>TEHNILISED ANDMED<\/h3>\n<div class=\"content-info\">\n<table class=\"dop-table\" cellspacing=\"0\" cellpadding=\"0\">\n<tbody>\n<tr>\n<td>V\u00e4ljundpinged t\u00f6\u00f6tades t\u00f6\u00f6stusliku sagedusega vahelduvvooluv\u00f5rgust nimipingega 220 (+ 10% &#8211; 15%) V:<\/td>\n<td><\/td>\n<\/tr>\n<tr>\n<td>V\u00e4ljundite Y1, Y2 vahel, koormusvoolul 0,3A<\/td>\n<td>~ 15 V (\u00b1 10%)<\/td>\n<\/tr>\n<tr>\n<td>V\u00e4ljundite ZNC (ZNO) ja ZC vahel, koormusvoolul 0,6A<\/td>\n<td>+ 12 V (\u00b1 10%)<\/td>\n<\/tr>\n<tr>\n<td>Laadige vool, mis on \u00fchendatud kontaktidega ZNC (ZNO) ja ZC, mitte enam<\/td>\n<td>A 0,6<\/td>\n<\/tr>\n<tr>\n<td>\u00dcldm\u00f5\u00f5tmed, mm, mitte rohkem<\/td>\n<td>150\u044595\u044565<\/td>\n<\/tr>\n<tr>\n<td>Kaal, kg, mitte rohkem<\/td>\n<td>0,76<\/td>\n<\/tr>\n<tr>\n<td>T\u00f6\u00f6temperatuuri vahemik<\/td>\n<td>(-10 &#8230; + 40) \u00b0 \u0421<\/td>\n<\/tr>\n<tr>\n<td>Suhteline \u00f5huniiskus enam mitte<\/td>\n<td>90%<\/td>\n<\/tr>\n<\/tbody>\n<\/table>\n<\/div>\n","protected":false},"excerpt":{"rendered":"<div id=\"One\">\n<p><span class=\"\">ELTS PS2-CS2 toiteplokk.\u00a0<\/span>See on ette n\u00e4htud DP420, DP400 seeria ELTIS uksesisese helivaljuh\u00e4\u00e4ldi toiteallikaks.\u00a0Seda saab kasutada koos DP400 seeria videovaljuh\u00e4\u00e4lditega, kui kasutada eraldi stabiliseeritud + 12V toiteallikaid videotee seadmete jaoks (v\u00e4lispaneeli videokaamerad, videojagurid ja videol\u00fclitid).<\/p>\n<p class=\"b\">PS2-CS2 pakub:<\/p>\n<ul>\n<li>k\u00f5neseadme toide, v\u00e4ljumisnupud, l\u00fclitid, helitorud (~15V);<\/li>\n<li>e \/ m luku l\u00fclitatud toiteallikas (+ 12 V) elektromehaanilise releega luku ja demagnetiseerimisahela juhtimiseks;<\/li>\n<li>v\u00e4ljap\u00e4\u00e4sunupu \u00fchendamine toiteallika juhtimise \u00fcmberl\u00fclitamiseks.<\/li>\n<\/ul>\n<p>Toiteallikas on kaitstud sisend- ja v\u00e4ljundahelate kaitsmetega, samuti soojuskaitsega, mis kaitseb trafo \u00fclekuumenemise eest.<\/p>\n<p>Kaasas eelpaigaldatud 220V toitejuhe ja varukaitsmed.\u00a0L\u00fclitamine &#8211; kruviklemmliistud.\u00a0<span class=\"goog-text-highlight\">Korpusel on augud paigaldamiseks, samuti riiv DIN siinile paigaldamiseks.<\/span><\/p>\n<\/div>\n","protected":false},"featured_media":13029,"template":"","meta":[],"product_brand":[],"product_cat":[606,1143,1137],"product_tag":[],"class_list":{"0":"post-13023","1":"product","2":"type-product","3":"status-publish","4":"has-post-thumbnail","6":"product_cat-fonolukud","7":"product_cat-toiteallikad-ja-tarvikud-et","8":"product_cat-eltis-et-2","9":"pa_brand-eltis-et","11":"first","12":"instock","13":"taxable","14":"shipping-taxable","15":"product-type-simple"},"yoast_head":"<!-- This site is optimized with the Yoast SEO Premium plugin v27.3 (Yoast SEO v27.3) - https:\/\/yoast.com\/product\/yoast-seo-premium-wordpress\/ -->\n<title>ELTIS PS2-CS2 TOITEPLOKK - Fonolukk<\/title>\n<meta name=\"description\" content=\"Kuni 100 tellijat.\u00a0\u00dche sissep\u00e4\u00e4suga trepikodade s\u00fcsteemide ehitus.\u00a0Concierge konsooli \u00fchendus.\" \/>\n<meta name=\"robots\" content=\"index, follow, max-snippet:-1, max-image-preview:large, max-video-preview:-1\" \/>\n<link rel=\"canonical\" href=\"https:\/\/fonolukk.eu\/et\/tooted\/eltis-ps2-cs2-toiteplokk\/\" \/>\n<meta property=\"og:locale\" content=\"et_EE\" \/>\n<meta property=\"og:type\" content=\"article\" \/>\n<meta property=\"og:title\" content=\"ELTIS PS2-CS2 TOITEPLOKK\" \/>\n<meta property=\"og:description\" content=\"ELTS PS2-CS2 toiteplokk.\u00a0See on ette n\u00e4htud DP420, DP400 seeria ELTIS uksesisese helivaljuh\u00e4\u00e4ldi toiteallikaks.\u00a0Seda saab kasutada koos DP400 seeria videovaljuh\u00e4\u00e4lditega, kui kasutada eraldi stabiliseeritud + 12V toiteallikaid videotee seadmete jaoks (v\u00e4lispaneeli videokaamerad, videojagurid ja videol\u00fclitid). PS2-CS2 pakub:    k\u00f5neseadme toide, v\u00e4ljumisnupud, l\u00fclitid, helitorud (~15V);  e \/ m luku l\u00fclitatud toiteallikas (+ 12 V) elektromehaanilise releega luku ja demagnetiseerimisahela juhtimiseks;  v\u00e4ljap\u00e4\u00e4sunupu \u00fchendamine toiteallika juhtimise \u00fcmberl\u00fclitamiseks.  Toiteallikas on kaitstud sisend- ja v\u00e4ljundahelate kaitsmetega, samuti soojuskaitsega, mis kaitseb trafo \u00fclekuumenemise eest.  Kaasas eelpaigaldatud 220V toitejuhe ja varukaitsmed.\u00a0L\u00fclitamine - kruviklemmliistud.\u00a0Korpusel on augud paigaldamiseks, samuti riiv DIN siinile paigaldamiseks.\" \/>\n<meta property=\"og:url\" content=\"https:\/\/fonolukk.eu\/et\/tooted\/eltis-ps2-cs2-toiteplokk\/\" \/>\n<meta property=\"og:site_name\" content=\"Fonolukk\" \/>\n<meta property=\"article:publisher\" content=\"https:\/\/www.facebook.com\/fonolukk\" \/>\n<meta property=\"article:modified_time\" content=\"2022-03-14T14:41:23+00:00\" \/>\n<meta property=\"og:image\" content=\"https:\/\/fonolukk.eu\/wp-content\/uploads\/2022\/01\/eltis-ps2-cs2-axo.jpg\" \/>\n\t<meta property=\"og:image:width\" content=\"1446\" \/>\n\t<meta property=\"og:image:height\" content=\"790\" \/>\n\t<meta property=\"og:image:type\" content=\"image\/jpeg\" \/>\n<meta name=\"twitter:card\" content=\"summary_large_image\" \/>\n<meta name=\"twitter:label1\" content=\"Hind\" \/>\n\t<meta name=\"twitter:data1\" content=\"\" \/>\n\t<meta name=\"twitter:label2\" content=\"Availability\" \/>\n\t<meta name=\"twitter:data2\" content=\"Laos\" \/>\n<script type=\"application\/ld+json\" class=\"yoast-schema-graph\">{\"@context\":\"https:\\\/\\\/schema.org\",\"@graph\":[{\"@type\":\"WebPage\",\"@id\":\"https:\\\/\\\/fonolukk.eu\\\/et\\\/tooted\\\/eltis-ps2-cs2-toiteplokk\\\/\",\"url\":\"https:\\\/\\\/fonolukk.eu\\\/et\\\/tooted\\\/eltis-ps2-cs2-toiteplokk\\\/\",\"name\":\"ELTIS PS2-CS2 TOITEPLOKK - Fonolukk\",\"isPartOf\":{\"@id\":\"https:\\\/\\\/fonolukk.eu\\\/et\\\/#website\"},\"primaryImageOfPage\":{\"@id\":\"https:\\\/\\\/fonolukk.eu\\\/et\\\/tooted\\\/eltis-ps2-cs2-toiteplokk\\\/#primaryimage\"},\"image\":{\"@id\":\"https:\\\/\\\/fonolukk.eu\\\/et\\\/tooted\\\/eltis-ps2-cs2-toiteplokk\\\/#primaryimage\"},\"thumbnailUrl\":\"https:\\\/\\\/fonolukk.eu\\\/wp-content\\\/uploads\\\/2022\\\/01\\\/eltis-ps2-cs2-axo.jpg\",\"datePublished\":\"2022-01-10T19:12:33+00:00\",\"dateModified\":\"2022-03-14T14:41:23+00:00\",\"description\":\"Kuni 100 tellijat.\u00a0\u00dche sissep\u00e4\u00e4suga trepikodade s\u00fcsteemide ehitus.\u00a0Concierge konsooli \u00fchendus.\",\"breadcrumb\":{\"@id\":\"https:\\\/\\\/fonolukk.eu\\\/et\\\/tooted\\\/eltis-ps2-cs2-toiteplokk\\\/#breadcrumb\"},\"inLanguage\":\"et\",\"potentialAction\":[{\"@type\":\"ReadAction\",\"target\":[\"https:\\\/\\\/fonolukk.eu\\\/et\\\/tooted\\\/eltis-ps2-cs2-toiteplokk\\\/\"]}]},{\"@type\":\"ImageObject\",\"inLanguage\":\"et\",\"@id\":\"https:\\\/\\\/fonolukk.eu\\\/et\\\/tooted\\\/eltis-ps2-cs2-toiteplokk\\\/#primaryimage\",\"url\":\"https:\\\/\\\/fonolukk.eu\\\/wp-content\\\/uploads\\\/2022\\\/01\\\/eltis-ps2-cs2-axo.jpg\",\"contentUrl\":\"https:\\\/\\\/fonolukk.eu\\\/wp-content\\\/uploads\\\/2022\\\/01\\\/eltis-ps2-cs2-axo.jpg\",\"width\":1446,\"height\":790,\"caption\":\"eltis\"},{\"@type\":\"BreadcrumbList\",\"@id\":\"https:\\\/\\\/fonolukk.eu\\\/et\\\/tooted\\\/eltis-ps2-cs2-toiteplokk\\\/#breadcrumb\",\"itemListElement\":[{\"@type\":\"ListItem\",\"position\":1,\"name\":\"Esileht\",\"item\":\"https:\\\/\\\/fonolukk.eu\\\/et\\\/koduleht\\\/\"},{\"@type\":\"ListItem\",\"position\":2,\"name\":\"Tooted\",\"item\":\"https:\\\/\\\/fonolukk.eu\\\/et\\\/shop-2\\\/\"},{\"@type\":\"ListItem\",\"position\":3,\"name\":\"Fonolukud\",\"item\":\"https:\\\/\\\/fonolukk.eu\\\/et\\\/product-category\\\/fonolukud\\\/\"},{\"@type\":\"ListItem\",\"position\":4,\"name\":\"ELTIS PS2-CS2 TOITEPLOKK\"}]},{\"@type\":\"WebSite\",\"@id\":\"https:\\\/\\\/fonolukk.eu\\\/et\\\/#website\",\"url\":\"https:\\\/\\\/fonolukk.eu\\\/et\\\/\",\"name\":\"Fonolukk eu\",\"description\":\"Smart Security Systems\",\"publisher\":{\"@id\":\"https:\\\/\\\/fonolukk.eu\\\/et\\\/#organization\"},\"potentialAction\":[{\"@type\":\"SearchAction\",\"target\":{\"@type\":\"EntryPoint\",\"urlTemplate\":\"https:\\\/\\\/fonolukk.eu\\\/et\\\/?s={search_term_string}\"},\"query-input\":{\"@type\":\"PropertyValueSpecification\",\"valueRequired\":true,\"valueName\":\"search_term_string\"}}],\"inLanguage\":\"et\"},{\"@type\":\"Organization\",\"@id\":\"https:\\\/\\\/fonolukk.eu\\\/et\\\/#organization\",\"name\":\"Smart Security OU\",\"url\":\"https:\\\/\\\/fonolukk.eu\\\/et\\\/\",\"logo\":{\"@type\":\"ImageObject\",\"inLanguage\":\"et\",\"@id\":\"https:\\\/\\\/fonolukk.eu\\\/et\\\/#\\\/schema\\\/logo\\\/image\\\/\",\"url\":\"https:\\\/\\\/fonolukk.eu\\\/wp-content\\\/uploads\\\/2023\\\/09\\\/fonolukk.png\",\"contentUrl\":\"https:\\\/\\\/fonolukk.eu\\\/wp-content\\\/uploads\\\/2023\\\/09\\\/fonolukk.png\",\"width\":277,\"height\":274,\"caption\":\"Smart Security OU\"},\"image\":{\"@id\":\"https:\\\/\\\/fonolukk.eu\\\/et\\\/#\\\/schema\\\/logo\\\/image\\\/\"},\"sameAs\":[\"https:\\\/\\\/www.facebook.com\\\/fonolukk\",\"https:\\\/\\\/www.instagram.com\\\/fonolukk\\\/?hl=ru\"],\"publishingPrinciples\":\"https:\\\/\\\/fonolukk.eu\\\/terms-and-conditions\\\/\",\"ownershipFundingInfo\":\"https:\\\/\\\/fonolukk.eu\\\/about-us\\\/\"}]}<\/script>\n<meta property=\"product:brand\" content=\"Eltis\" \/>\n<meta property=\"product:price:amount\" content=\"0.00\" \/>\n<meta property=\"product:price:currency\" content=\"EUR\" \/>\n<meta property=\"og:availability\" content=\"instock\" \/>\n<meta property=\"product:availability\" content=\"instock\" \/>\n<meta property=\"product:retailer_item_id\" content=\"PS2-CS2\" \/>\n<meta property=\"product:condition\" content=\"new\" \/>\n<!-- \/ Yoast SEO Premium plugin. -->","yoast_head_json":{"title":"ELTIS PS2-CS2 TOITEPLOKK - Fonolukk","description":"Kuni 100 tellijat.\u00a0\u00dche sissep\u00e4\u00e4suga trepikodade s\u00fcsteemide ehitus.\u00a0Concierge konsooli \u00fchendus.","robots":{"index":"index","follow":"follow","max-snippet":"max-snippet:-1","max-image-preview":"max-image-preview:large","max-video-preview":"max-video-preview:-1"},"canonical":"https:\/\/fonolukk.eu\/et\/tooted\/eltis-ps2-cs2-toiteplokk\/","og_locale":"et_EE","og_type":"article","og_title":"ELTIS PS2-CS2 TOITEPLOKK","og_description":"ELTS PS2-CS2 toiteplokk.\u00a0See on ette n\u00e4htud DP420, DP400 seeria ELTIS uksesisese helivaljuh\u00e4\u00e4ldi toiteallikaks.\u00a0Seda saab kasutada koos DP400 seeria videovaljuh\u00e4\u00e4lditega, kui kasutada eraldi stabiliseeritud + 12V toiteallikaid videotee seadmete jaoks (v\u00e4lispaneeli videokaamerad, videojagurid ja videol\u00fclitid). PS2-CS2 pakub:    k\u00f5neseadme toide, v\u00e4ljumisnupud, l\u00fclitid, helitorud (~15V);  e \/ m luku l\u00fclitatud toiteallikas (+ 12 V) elektromehaanilise releega luku ja demagnetiseerimisahela juhtimiseks;  v\u00e4ljap\u00e4\u00e4sunupu \u00fchendamine toiteallika juhtimise \u00fcmberl\u00fclitamiseks.  Toiteallikas on kaitstud sisend- ja v\u00e4ljundahelate kaitsmetega, samuti soojuskaitsega, mis kaitseb trafo \u00fclekuumenemise eest.  Kaasas eelpaigaldatud 220V toitejuhe ja varukaitsmed.\u00a0L\u00fclitamine - kruviklemmliistud.\u00a0Korpusel on augud paigaldamiseks, samuti riiv DIN siinile paigaldamiseks.","og_url":"https:\/\/fonolukk.eu\/et\/tooted\/eltis-ps2-cs2-toiteplokk\/","og_site_name":"Fonolukk","article_publisher":"https:\/\/www.facebook.com\/fonolukk","article_modified_time":"2022-03-14T14:41:23+00:00","og_image":[{"width":1446,"height":790,"url":"https:\/\/fonolukk.eu\/wp-content\/uploads\/2022\/01\/eltis-ps2-cs2-axo.jpg","type":"image\/jpeg"}],"twitter_card":"summary_large_image","twitter_misc":{"Hind":"","Availability":"Laos"},"schema":{"@context":"https:\/\/schema.org","@graph":[{"@type":"WebPage","@id":"https:\/\/fonolukk.eu\/et\/tooted\/eltis-ps2-cs2-toiteplokk\/","url":"https:\/\/fonolukk.eu\/et\/tooted\/eltis-ps2-cs2-toiteplokk\/","name":"ELTIS PS2-CS2 TOITEPLOKK - Fonolukk","isPartOf":{"@id":"https:\/\/fonolukk.eu\/et\/#website"},"primaryImageOfPage":{"@id":"https:\/\/fonolukk.eu\/et\/tooted\/eltis-ps2-cs2-toiteplokk\/#primaryimage"},"image":{"@id":"https:\/\/fonolukk.eu\/et\/tooted\/eltis-ps2-cs2-toiteplokk\/#primaryimage"},"thumbnailUrl":"https:\/\/fonolukk.eu\/wp-content\/uploads\/2022\/01\/eltis-ps2-cs2-axo.jpg","datePublished":"2022-01-10T19:12:33+00:00","dateModified":"2022-03-14T14:41:23+00:00","description":"Kuni 100 tellijat.\u00a0\u00dche sissep\u00e4\u00e4suga trepikodade s\u00fcsteemide ehitus.\u00a0Concierge konsooli \u00fchendus.","breadcrumb":{"@id":"https:\/\/fonolukk.eu\/et\/tooted\/eltis-ps2-cs2-toiteplokk\/#breadcrumb"},"inLanguage":"et","potentialAction":[{"@type":"ReadAction","target":["https:\/\/fonolukk.eu\/et\/tooted\/eltis-ps2-cs2-toiteplokk\/"]}]},{"@type":"ImageObject","inLanguage":"et","@id":"https:\/\/fonolukk.eu\/et\/tooted\/eltis-ps2-cs2-toiteplokk\/#primaryimage","url":"https:\/\/fonolukk.eu\/wp-content\/uploads\/2022\/01\/eltis-ps2-cs2-axo.jpg","contentUrl":"https:\/\/fonolukk.eu\/wp-content\/uploads\/2022\/01\/eltis-ps2-cs2-axo.jpg","width":1446,"height":790,"caption":"eltis"},{"@type":"BreadcrumbList","@id":"https:\/\/fonolukk.eu\/et\/tooted\/eltis-ps2-cs2-toiteplokk\/#breadcrumb","itemListElement":[{"@type":"ListItem","position":1,"name":"Esileht","item":"https:\/\/fonolukk.eu\/et\/koduleht\/"},{"@type":"ListItem","position":2,"name":"Tooted","item":"https:\/\/fonolukk.eu\/et\/shop-2\/"},{"@type":"ListItem","position":3,"name":"Fonolukud","item":"https:\/\/fonolukk.eu\/et\/product-category\/fonolukud\/"},{"@type":"ListItem","position":4,"name":"ELTIS PS2-CS2 TOITEPLOKK"}]},{"@type":"WebSite","@id":"https:\/\/fonolukk.eu\/et\/#website","url":"https:\/\/fonolukk.eu\/et\/","name":"Fonolukk eu","description":"Smart Security Systems","publisher":{"@id":"https:\/\/fonolukk.eu\/et\/#organization"},"potentialAction":[{"@type":"SearchAction","target":{"@type":"EntryPoint","urlTemplate":"https:\/\/fonolukk.eu\/et\/?s={search_term_string}"},"query-input":{"@type":"PropertyValueSpecification","valueRequired":true,"valueName":"search_term_string"}}],"inLanguage":"et"},{"@type":"Organization","@id":"https:\/\/fonolukk.eu\/et\/#organization","name":"Smart Security OU","url":"https:\/\/fonolukk.eu\/et\/","logo":{"@type":"ImageObject","inLanguage":"et","@id":"https:\/\/fonolukk.eu\/et\/#\/schema\/logo\/image\/","url":"https:\/\/fonolukk.eu\/wp-content\/uploads\/2023\/09\/fonolukk.png","contentUrl":"https:\/\/fonolukk.eu\/wp-content\/uploads\/2023\/09\/fonolukk.png","width":277,"height":274,"caption":"Smart Security OU"},"image":{"@id":"https:\/\/fonolukk.eu\/et\/#\/schema\/logo\/image\/"},"sameAs":["https:\/\/www.facebook.com\/fonolukk","https:\/\/www.instagram.com\/fonolukk\/?hl=ru"],"publishingPrinciples":"https:\/\/fonolukk.eu\/terms-and-conditions\/","ownershipFundingInfo":"https:\/\/fonolukk.eu\/about-us\/"}]},"product_brand":"Eltis","product_price_amount":"0.00","product_price_currency":"EUR","og_availability":"instock","product_availability":"instock","product_retailer_item_id":"PS2-CS2","product_condition":"new"},"_links":{"self":[{"href":"https:\/\/fonolukk.eu\/et\/wp-json\/wp\/v2\/product\/13023","targetHints":{"allow":["GET"]}}],"collection":[{"href":"https:\/\/fonolukk.eu\/et\/wp-json\/wp\/v2\/product"}],"about":[{"href":"https:\/\/fonolukk.eu\/et\/wp-json\/wp\/v2\/types\/product"}],"version-history":[{"count":0,"href":"https:\/\/fonolukk.eu\/et\/wp-json\/wp\/v2\/product\/13023\/revisions"}],"wp:featuredmedia":[{"embeddable":true,"href":"https:\/\/fonolukk.eu\/et\/wp-json\/wp\/v2\/media\/13029"}],"wp:attachment":[{"href":"https:\/\/fonolukk.eu\/et\/wp-json\/wp\/v2\/media?parent=13023"}],"wp:term":[{"taxonomy":"product_brand","embeddable":true,"href":"https:\/\/fonolukk.eu\/et\/wp-json\/wp\/v2\/product_brand?post=13023"},{"taxonomy":"product_cat","embeddable":true,"href":"https:\/\/fonolukk.eu\/et\/wp-json\/wp\/v2\/product_cat?post=13023"},{"taxonomy":"product_tag","embeddable":true,"href":"https:\/\/fonolukk.eu\/et\/wp-json\/wp\/v2\/product_tag?post=13023"}],"curies":[{"name":"wp","href":"https:\/\/api.w.org\/{rel}","templated":true}]}}