{"id":13195,"date":"2022-03-14T16:38:16","date_gmt":"2022-03-14T14:38:16","guid":{"rendered":"https:\/\/fonolukk.eu\/?post_type=product&#038;p=13195"},"modified":"2022-08-10T13:17:49","modified_gmt":"2022-08-10T10:17:49","slug":"bvd-343-modifikatsioonid","status":"publish","type":"product","link":"https:\/\/fonolukk.eu\/et\/tooted\/bvd-343-modifikatsioonid\/","title":{"rendered":"VIZIT BVD-343 MODIFIKATSIOONID"},"content":{"rendered":"<div class=\"col-xs-12 col-lg-8\">\n<h1>Kirjeldus<\/h1>\n<h3><strong>Sisek\u00f5ne blokk VIZIT BVD-343R<\/strong><\/h3>\n<ul>\n<li>k\u00f5neplokki BVD-343R kasutatakse koos juhtseadmega BUD-302K-20, BUD-302K-80, BUD-302M mitme korteri sisetelefoni VIZIT lahutamatu osana;<\/li>\n<li>dupleksvaljuh\u00e4\u00e4ldi side abonendiga;<\/li>\n<li>klaviatuuri taustvalgustus;<\/li>\n<li>taustvalgustusega RFID-lugeja;<\/li>\n<li>4-kohaline indikaator;<\/li>\n<li>t\u00f6\u00f6re\u017eiimide helisignaal;<\/li>\n<li>v\u00f5imalus \u00fcksikute korterite k\u00f5ne v\u00e4lja l\u00fclitada;<\/li>\n<li>t\u00f6\u00f6tage VIZIT concierge-konsooliga (juhtploki kasutamisel ilma abonendiseadmete sisseehitatud l\u00fclitita);<\/li>\n<\/ul>\n<div>\n<ul>\n<li>programmeeritav luku avamise kestus &#8211; 1 kuni 20 sekundit;<\/li>\n<li>ukseluku avamine:<\/li>\n<\/ul>\n<p>&#8211; kui vajutate side ajal korteri sisetelefoni UCP v\u00f5i monitori seadme luku avamise nuppu;<br \/>\n&#8211; 4-kohalise \u00fchiskoodi valimisel;<br \/>\n&#8211; 3-kohalise individuaalse koodi valimisel;<br \/>\n&#8211; kui vajutate v\u00e4ljumiseks nuppu;<br \/>\n&#8211; v\u00f5tmed VIZIT-RF2.x<\/p>\n<\/div>\n<ul>\n<li>\u00fcldm\u00f5\u00f5tmed, mm, (LxKxS) &#8211; 90x175x30;<\/li>\n<li>paigaldusv\u00f5imalus &#8211; saateleht;<\/li>\n<li>t\u00f6\u00f6temperatuuri vahemik, \u00b0C &#8211; miinus 40 kuni pluss 45.<\/li>\n<\/ul>\n<ul>\n<li><strong><big>Toote kasutusjuhend (pass)<\/big><\/strong><big>\u00a0on toodud tehnilise lisainfo lehel.<\/big><\/li>\n<\/ul>\n<p><strong>Sisek\u00f5nede blokki BVD-343R\u00a0 kasutatakse koos 300-seeria juhtseadmega\u00a0<\/strong><big>VIZITi\u00a0<\/big> mitme korteri sisetelefonide osana ja see tagab kahesuunalise dupleksside k\u00fclastaja ja abonendi vahel, samuti sissep\u00e4\u00e4su ukseluku avamise &#8211; alates korter vestlusre\u017eiimis, vajutades abonendiseadme nuppu,\u00a0\u00a0\u00a0<big>VIZIT-RF2 klahve v\u00f5i valides koodi v\u00e4ljaspool sissep\u00e4\u00e4su, vajutades sissep\u00e4\u00e4su seest nuppu EXIT<\/big>\u00a0.<\/p>\n<p>Intercom t\u00f6\u00f6re\u017eiimid, valitud korteri number kuvatakse 4-kohalisel LED indikaatoril.<\/p>\n<p>V\u00e4ljakutseploki ja luku toiteallikaks on juhtplokk\u00a0<big>.<\/big><\/p>\n<h3><big>tellijad<\/big><\/h3>\n<p><big>Maksimaalse sisetelefoni abonentide arvu m\u00e4\u00e4rab juhtseade ja see on:<\/big><\/p>\n<p><big>&#8211; BUD-302K-20 kasutamisel kuni 20 abonenti<\/big>\u00a0\u00a0;<\/p>\n<p><big>&#8211; BUD-302K-80 kasutamisel kuni 80 abonenti<\/big>\u00a0\u00a0;<\/p>\n<p><big>&#8211; BUD-302M kasutamisel kuni 200 abonenti<\/big>\u00a0\u00a0;<\/p>\n<p>Soovitatav on kasutada elektromagnetlukke VIZIT-ML240, VIZIT-ML300, VIZIT-ML400 v\u00f5i elektromehaanilisi lukke.<\/p>\n<p>Keelatud on kasutada elektromagnetlukke, mille m\u00e4histakistus on alla 20 oomi, samuti ilma demagnetiseerimisahelata.<\/p>\n<p>Ruumist v\u00e4ljumiseks (elektromagnetluku kasutamisel) on soovitatav kasutada nuppu EXIT 300M, millel on elektromagnetilise luku avariijuhtimisahel.<\/p>\n<p><big>Juhtploki BUD-302M<\/big>\u00a0kasutamisel\u00a0\u00a0\u00a0\u00a0kasutatakse VIZITi abonendiseadmete (UKP) \u00fchendamiseks sisetelefoni p\u00e4\u00e4suliiniga l\u00fclitusseadmeid.\u00a0V\u00f5imalik kasutada l\u00fclitusplokke BK-4(M), BK-10, BK-30(M), BK-100(M).\u00a0Erinevat t\u00fc\u00fcpi l\u00fclitusplokkide kombineeritud kasutamine on v\u00f5imalik.<\/p>\n<p>Juhtplokkidel\u00a0\u00a0\u00a0<big>BUD-302K-20,\u00a0\u00a0\u00a0<\/big><big>BUD-302K-80 on sisseehitatud l\u00fclitid vastavalt 20 ja 80 abonendile.\u00a0<\/big>Abonendiseadmed VIZIT (UKP) on nende juhtseadmetega otse \u00fchendatud, l\u00fclitusseadmeid ei kasutata.<\/p>\n<p>Seadme paigaldamiseks ja t\u00e4iendava kaitse tagamiseks kliimam\u00f5jude eest on soovitatav kasutada paigalduskomplekti MK-311 (visiiri).<\/p>\n<\/div>\n","protected":false},"excerpt":{"rendered":"<p>Kirjeldus Sisek\u00f5ne blokk VIZIT BVD-343R k\u00f5neplokki BVD-343R kasutatakse koos juhtseadmega BUD-302K-20, BUD-302K-80, BUD-302M mitme korteri sisetelefoni VIZIT lahutamatu osana; dupleksvaljuh\u00e4\u00e4ldi<\/p>\n","protected":false},"featured_media":13207,"template":"","meta":[],"product_brand":[],"product_cat":[959,606,910],"product_tag":[],"class_list":{"0":"post-13195","1":"product","2":"type-product","3":"status-publish","4":"has-post-thumbnail","6":"product_cat-valispaneel-et-3","7":"product_cat-fonolukud","8":"product_cat-vizit-et-2","9":"pa_brand-vizit","11":"first","12":"instock","13":"taxable","14":"shipping-taxable","15":"product-type-simple"},"yoast_head":"<!-- This site is optimized with the Yoast SEO Premium plugin v27.3 (Yoast SEO v27.3) - https:\/\/yoast.com\/product\/yoast-seo-premium-wordpress\/ -->\n<title>VIZIT BVD-343 MODIFIKATSIOONID - Fonolukk<\/title>\n<meta name=\"description\" content=\"Kuni 100 tellijat.\u00a0\u00dche sissep\u00e4\u00e4suga trepikodade s\u00fcsteemide ehitus.\u00a0Concierge konsooli \u00fchendus.\" \/>\n<meta name=\"robots\" content=\"index, follow, max-snippet:-1, max-image-preview:large, max-video-preview:-1\" \/>\n<link rel=\"canonical\" href=\"https:\/\/fonolukk.eu\/et\/tooted\/bvd-343-modifikatsioonid\/\" \/>\n<meta property=\"og:locale\" content=\"et_EE\" \/>\n<meta property=\"og:type\" content=\"article\" \/>\n<meta property=\"og:title\" content=\"VIZIT BVD-343 MODIFIKATSIOONID\" \/>\n<meta property=\"og:description\" content=\"Kirjeldus Sisek\u00f5ne blokk VIZIT BVD-343R k\u00f5neplokki BVD-343R kasutatakse koos juhtseadmega BUD-302K-20, BUD-302K-80, BUD-302M mitme korteri sisetelefoni\" \/>\n<meta property=\"og:url\" content=\"https:\/\/fonolukk.eu\/et\/tooted\/bvd-343-modifikatsioonid\/\" \/>\n<meta property=\"og:site_name\" content=\"Fonolukk\" \/>\n<meta property=\"article:publisher\" content=\"https:\/\/www.facebook.com\/fonolukk\" \/>\n<meta property=\"article:modified_time\" content=\"2022-08-10T10:17:49+00:00\" \/>\n<meta property=\"og:image\" content=\"https:\/\/fonolukk.eu\/wp-content\/uploads\/2022\/03\/5b6bbd275aed99d8869af56ea7c357b0.jpg\" \/>\n\t<meta property=\"og:image:width\" content=\"1133\" \/>\n\t<meta property=\"og:image:height\" content=\"794\" \/>\n\t<meta property=\"og:image:type\" content=\"image\/jpeg\" \/>\n<meta name=\"twitter:card\" content=\"summary_large_image\" \/>\n<meta name=\"twitter:label1\" content=\"Hind\" \/>\n\t<meta name=\"twitter:data1\" content=\"\" \/>\n\t<meta name=\"twitter:label2\" content=\"Availability\" \/>\n\t<meta name=\"twitter:data2\" content=\"Laos\" \/>\n<script type=\"application\/ld+json\" class=\"yoast-schema-graph\">{\"@context\":\"https:\\\/\\\/schema.org\",\"@graph\":[{\"@type\":\"WebPage\",\"@id\":\"https:\\\/\\\/fonolukk.eu\\\/et\\\/tooted\\\/bvd-343-modifikatsioonid\\\/\",\"url\":\"https:\\\/\\\/fonolukk.eu\\\/et\\\/tooted\\\/bvd-343-modifikatsioonid\\\/\",\"name\":\"VIZIT BVD-343 MODIFIKATSIOONID - Fonolukk\",\"isPartOf\":{\"@id\":\"https:\\\/\\\/fonolukk.eu\\\/et\\\/#website\"},\"primaryImageOfPage\":{\"@id\":\"https:\\\/\\\/fonolukk.eu\\\/et\\\/tooted\\\/bvd-343-modifikatsioonid\\\/#primaryimage\"},\"image\":{\"@id\":\"https:\\\/\\\/fonolukk.eu\\\/et\\\/tooted\\\/bvd-343-modifikatsioonid\\\/#primaryimage\"},\"thumbnailUrl\":\"https:\\\/\\\/fonolukk.eu\\\/wp-content\\\/uploads\\\/2022\\\/03\\\/5b6bbd275aed99d8869af56ea7c357b0.jpg\",\"datePublished\":\"2022-03-14T14:38:16+00:00\",\"dateModified\":\"2022-08-10T10:17:49+00:00\",\"description\":\"Kuni 100 tellijat.\u00a0\u00dche sissep\u00e4\u00e4suga trepikodade s\u00fcsteemide ehitus.\u00a0Concierge konsooli \u00fchendus.\",\"breadcrumb\":{\"@id\":\"https:\\\/\\\/fonolukk.eu\\\/et\\\/tooted\\\/bvd-343-modifikatsioonid\\\/#breadcrumb\"},\"inLanguage\":\"et\",\"potentialAction\":[{\"@type\":\"ReadAction\",\"target\":[\"https:\\\/\\\/fonolukk.eu\\\/et\\\/tooted\\\/bvd-343-modifikatsioonid\\\/\"]}]},{\"@type\":\"ImageObject\",\"inLanguage\":\"et\",\"@id\":\"https:\\\/\\\/fonolukk.eu\\\/et\\\/tooted\\\/bvd-343-modifikatsioonid\\\/#primaryimage\",\"url\":\"https:\\\/\\\/fonolukk.eu\\\/wp-content\\\/uploads\\\/2022\\\/03\\\/5b6bbd275aed99d8869af56ea7c357b0.jpg\",\"contentUrl\":\"https:\\\/\\\/fonolukk.eu\\\/wp-content\\\/uploads\\\/2022\\\/03\\\/5b6bbd275aed99d8869af56ea7c357b0.jpg\",\"width\":1133,\"height\":794,\"caption\":\"BVD-343R\"},{\"@type\":\"BreadcrumbList\",\"@id\":\"https:\\\/\\\/fonolukk.eu\\\/et\\\/tooted\\\/bvd-343-modifikatsioonid\\\/#breadcrumb\",\"itemListElement\":[{\"@type\":\"ListItem\",\"position\":1,\"name\":\"Esileht\",\"item\":\"https:\\\/\\\/fonolukk.eu\\\/et\\\/koduleht\\\/\"},{\"@type\":\"ListItem\",\"position\":2,\"name\":\"Tooted\",\"item\":\"https:\\\/\\\/fonolukk.eu\\\/et\\\/shop-2\\\/\"},{\"@type\":\"ListItem\",\"position\":3,\"name\":\"Fonolukud\",\"item\":\"https:\\\/\\\/fonolukk.eu\\\/et\\\/product-category\\\/fonolukud\\\/\"},{\"@type\":\"ListItem\",\"position\":4,\"name\":\"Vizit\",\"item\":\"https:\\\/\\\/fonolukk.eu\\\/et\\\/product-category\\\/fonolukud\\\/vizit-et-2\\\/\"},{\"@type\":\"ListItem\",\"position\":5,\"name\":\"Fonoluku paneel\",\"item\":\"https:\\\/\\\/fonolukk.eu\\\/et\\\/product-category\\\/fonolukud\\\/vizit-et-2\\\/valispaneel-et-3\\\/\"},{\"@type\":\"ListItem\",\"position\":6,\"name\":\"VIZIT BVD-343 MODIFIKATSIOONID\"}]},{\"@type\":\"WebSite\",\"@id\":\"https:\\\/\\\/fonolukk.eu\\\/et\\\/#website\",\"url\":\"https:\\\/\\\/fonolukk.eu\\\/et\\\/\",\"name\":\"Fonolukk eu\",\"description\":\"Smart Security Systems\",\"publisher\":{\"@id\":\"https:\\\/\\\/fonolukk.eu\\\/et\\\/#organization\"},\"potentialAction\":[{\"@type\":\"SearchAction\",\"target\":{\"@type\":\"EntryPoint\",\"urlTemplate\":\"https:\\\/\\\/fonolukk.eu\\\/et\\\/?s={search_term_string}\"},\"query-input\":{\"@type\":\"PropertyValueSpecification\",\"valueRequired\":true,\"valueName\":\"search_term_string\"}}],\"inLanguage\":\"et\"},{\"@type\":\"Organization\",\"@id\":\"https:\\\/\\\/fonolukk.eu\\\/et\\\/#organization\",\"name\":\"Smart Security OU\",\"url\":\"https:\\\/\\\/fonolukk.eu\\\/et\\\/\",\"logo\":{\"@type\":\"ImageObject\",\"inLanguage\":\"et\",\"@id\":\"https:\\\/\\\/fonolukk.eu\\\/et\\\/#\\\/schema\\\/logo\\\/image\\\/\",\"url\":\"https:\\\/\\\/fonolukk.eu\\\/wp-content\\\/uploads\\\/2023\\\/09\\\/fonolukk.png\",\"contentUrl\":\"https:\\\/\\\/fonolukk.eu\\\/wp-content\\\/uploads\\\/2023\\\/09\\\/fonolukk.png\",\"width\":277,\"height\":274,\"caption\":\"Smart Security OU\"},\"image\":{\"@id\":\"https:\\\/\\\/fonolukk.eu\\\/et\\\/#\\\/schema\\\/logo\\\/image\\\/\"},\"sameAs\":[\"https:\\\/\\\/www.facebook.com\\\/fonolukk\",\"https:\\\/\\\/www.instagram.com\\\/fonolukk\\\/?hl=ru\"],\"publishingPrinciples\":\"https:\\\/\\\/fonolukk.eu\\\/terms-and-conditions\\\/\",\"ownershipFundingInfo\":\"https:\\\/\\\/fonolukk.eu\\\/about-us\\\/\"}]}<\/script>\n<meta property=\"product:brand\" content=\"Vizit\" \/>\n<meta property=\"product:price:amount\" content=\"0.00\" \/>\n<meta property=\"product:price:currency\" content=\"EUR\" \/>\n<meta property=\"og:availability\" content=\"instock\" \/>\n<meta property=\"product:availability\" content=\"instock\" \/>\n<meta property=\"product:retailer_item_id\" content=\"VIZIT BVD-343\" \/>\n<meta property=\"product:condition\" content=\"new\" \/>\n<!-- \/ Yoast SEO Premium plugin. -->","yoast_head_json":{"title":"VIZIT BVD-343 MODIFIKATSIOONID - Fonolukk","description":"Kuni 100 tellijat.\u00a0\u00dche sissep\u00e4\u00e4suga trepikodade s\u00fcsteemide ehitus.\u00a0Concierge konsooli \u00fchendus.","robots":{"index":"index","follow":"follow","max-snippet":"max-snippet:-1","max-image-preview":"max-image-preview:large","max-video-preview":"max-video-preview:-1"},"canonical":"https:\/\/fonolukk.eu\/et\/tooted\/bvd-343-modifikatsioonid\/","og_locale":"et_EE","og_type":"article","og_title":"VIZIT BVD-343 MODIFIKATSIOONID","og_description":"Kirjeldus Sisek\u00f5ne blokk VIZIT BVD-343R k\u00f5neplokki BVD-343R kasutatakse koos juhtseadmega BUD-302K-20, BUD-302K-80, BUD-302M mitme korteri sisetelefoni","og_url":"https:\/\/fonolukk.eu\/et\/tooted\/bvd-343-modifikatsioonid\/","og_site_name":"Fonolukk","article_publisher":"https:\/\/www.facebook.com\/fonolukk","article_modified_time":"2022-08-10T10:17:49+00:00","og_image":[{"width":1133,"height":794,"url":"https:\/\/fonolukk.eu\/wp-content\/uploads\/2022\/03\/5b6bbd275aed99d8869af56ea7c357b0.jpg","type":"image\/jpeg"}],"twitter_card":"summary_large_image","twitter_misc":{"Hind":"","Availability":"Laos"},"schema":{"@context":"https:\/\/schema.org","@graph":[{"@type":"WebPage","@id":"https:\/\/fonolukk.eu\/et\/tooted\/bvd-343-modifikatsioonid\/","url":"https:\/\/fonolukk.eu\/et\/tooted\/bvd-343-modifikatsioonid\/","name":"VIZIT BVD-343 MODIFIKATSIOONID - Fonolukk","isPartOf":{"@id":"https:\/\/fonolukk.eu\/et\/#website"},"primaryImageOfPage":{"@id":"https:\/\/fonolukk.eu\/et\/tooted\/bvd-343-modifikatsioonid\/#primaryimage"},"image":{"@id":"https:\/\/fonolukk.eu\/et\/tooted\/bvd-343-modifikatsioonid\/#primaryimage"},"thumbnailUrl":"https:\/\/fonolukk.eu\/wp-content\/uploads\/2022\/03\/5b6bbd275aed99d8869af56ea7c357b0.jpg","datePublished":"2022-03-14T14:38:16+00:00","dateModified":"2022-08-10T10:17:49+00:00","description":"Kuni 100 tellijat.\u00a0\u00dche sissep\u00e4\u00e4suga trepikodade s\u00fcsteemide ehitus.\u00a0Concierge konsooli \u00fchendus.","breadcrumb":{"@id":"https:\/\/fonolukk.eu\/et\/tooted\/bvd-343-modifikatsioonid\/#breadcrumb"},"inLanguage":"et","potentialAction":[{"@type":"ReadAction","target":["https:\/\/fonolukk.eu\/et\/tooted\/bvd-343-modifikatsioonid\/"]}]},{"@type":"ImageObject","inLanguage":"et","@id":"https:\/\/fonolukk.eu\/et\/tooted\/bvd-343-modifikatsioonid\/#primaryimage","url":"https:\/\/fonolukk.eu\/wp-content\/uploads\/2022\/03\/5b6bbd275aed99d8869af56ea7c357b0.jpg","contentUrl":"https:\/\/fonolukk.eu\/wp-content\/uploads\/2022\/03\/5b6bbd275aed99d8869af56ea7c357b0.jpg","width":1133,"height":794,"caption":"BVD-343R"},{"@type":"BreadcrumbList","@id":"https:\/\/fonolukk.eu\/et\/tooted\/bvd-343-modifikatsioonid\/#breadcrumb","itemListElement":[{"@type":"ListItem","position":1,"name":"Esileht","item":"https:\/\/fonolukk.eu\/et\/koduleht\/"},{"@type":"ListItem","position":2,"name":"Tooted","item":"https:\/\/fonolukk.eu\/et\/shop-2\/"},{"@type":"ListItem","position":3,"name":"Fonolukud","item":"https:\/\/fonolukk.eu\/et\/product-category\/fonolukud\/"},{"@type":"ListItem","position":4,"name":"Vizit","item":"https:\/\/fonolukk.eu\/et\/product-category\/fonolukud\/vizit-et-2\/"},{"@type":"ListItem","position":5,"name":"Fonoluku paneel","item":"https:\/\/fonolukk.eu\/et\/product-category\/fonolukud\/vizit-et-2\/valispaneel-et-3\/"},{"@type":"ListItem","position":6,"name":"VIZIT BVD-343 MODIFIKATSIOONID"}]},{"@type":"WebSite","@id":"https:\/\/fonolukk.eu\/et\/#website","url":"https:\/\/fonolukk.eu\/et\/","name":"Fonolukk eu","description":"Smart Security Systems","publisher":{"@id":"https:\/\/fonolukk.eu\/et\/#organization"},"potentialAction":[{"@type":"SearchAction","target":{"@type":"EntryPoint","urlTemplate":"https:\/\/fonolukk.eu\/et\/?s={search_term_string}"},"query-input":{"@type":"PropertyValueSpecification","valueRequired":true,"valueName":"search_term_string"}}],"inLanguage":"et"},{"@type":"Organization","@id":"https:\/\/fonolukk.eu\/et\/#organization","name":"Smart Security OU","url":"https:\/\/fonolukk.eu\/et\/","logo":{"@type":"ImageObject","inLanguage":"et","@id":"https:\/\/fonolukk.eu\/et\/#\/schema\/logo\/image\/","url":"https:\/\/fonolukk.eu\/wp-content\/uploads\/2023\/09\/fonolukk.png","contentUrl":"https:\/\/fonolukk.eu\/wp-content\/uploads\/2023\/09\/fonolukk.png","width":277,"height":274,"caption":"Smart Security OU"},"image":{"@id":"https:\/\/fonolukk.eu\/et\/#\/schema\/logo\/image\/"},"sameAs":["https:\/\/www.facebook.com\/fonolukk","https:\/\/www.instagram.com\/fonolukk\/?hl=ru"],"publishingPrinciples":"https:\/\/fonolukk.eu\/terms-and-conditions\/","ownershipFundingInfo":"https:\/\/fonolukk.eu\/about-us\/"}]},"product_brand":"Vizit","product_price_amount":"0.00","product_price_currency":"EUR","og_availability":"instock","product_availability":"instock","product_retailer_item_id":"VIZIT BVD-343","product_condition":"new"},"_links":{"self":[{"href":"https:\/\/fonolukk.eu\/et\/wp-json\/wp\/v2\/product\/13195","targetHints":{"allow":["GET"]}}],"collection":[{"href":"https:\/\/fonolukk.eu\/et\/wp-json\/wp\/v2\/product"}],"about":[{"href":"https:\/\/fonolukk.eu\/et\/wp-json\/wp\/v2\/types\/product"}],"version-history":[{"count":0,"href":"https:\/\/fonolukk.eu\/et\/wp-json\/wp\/v2\/product\/13195\/revisions"}],"wp:featuredmedia":[{"embeddable":true,"href":"https:\/\/fonolukk.eu\/et\/wp-json\/wp\/v2\/media\/13207"}],"wp:attachment":[{"href":"https:\/\/fonolukk.eu\/et\/wp-json\/wp\/v2\/media?parent=13195"}],"wp:term":[{"taxonomy":"product_brand","embeddable":true,"href":"https:\/\/fonolukk.eu\/et\/wp-json\/wp\/v2\/product_brand?post=13195"},{"taxonomy":"product_cat","embeddable":true,"href":"https:\/\/fonolukk.eu\/et\/wp-json\/wp\/v2\/product_cat?post=13195"},{"taxonomy":"product_tag","embeddable":true,"href":"https:\/\/fonolukk.eu\/et\/wp-json\/wp\/v2\/product_tag?post=13195"}],"curies":[{"name":"wp","href":"https:\/\/api.w.org\/{rel}","templated":true}]}}