{"id":13305,"date":"2022-04-20T14:03:24","date_gmt":"2022-04-20T11:03:25","guid":{"rendered":"https:\/\/fonolukk.eu\/?post_type=product&#038;p=13305"},"modified":"2022-04-24T12:58:55","modified_gmt":"2022-04-24T09:58:55","slug":"aa-07fbv-hobe","status":"publish","type":"product","link":"https:\/\/fonolukk.eu\/et\/tooted\/aa-07fbv-hobe\/","title":{"rendered":"AA-07FBV H\u00d5BE"},"content":{"rendered":"<style><span data-mce-type=\"bookmark\" style=\"display: inline-block; width: 0px; overflow: hidden; line-height: 0;\" class=\"mce_SELRES_start\">\ufeff<\/span><span data-mce-type=\"bookmark\" style=\"display: inline-block; width: 0px; overflow: hidden; line-height: 0;\" class=\"mce_SELRES_start\">\ufeff<\/span><span data-mce-type=\"bookmark\" style=\"display: inline-block; width: 0px; overflow: hidden; line-height: 0;\" class=\"mce_SELRES_start\">\ufeff<\/span><br \/>table.GeneratedTable {<br \/>  width: 100%;<br \/>  background-color: #ffffff;<br \/>  border-collapse: collapse;<br \/>  border-width: 2px;<br \/>  border-color: #dedede;<br \/>  border-style: solid;<br \/>  color: #000000;<br \/>}<\/p>\n<p>table.GeneratedTable td, table.GeneratedTable th {<br \/>  border-width: 2px;<br \/>  border-color: #dedede;<br \/>  border-style: solid;<br \/>  padding: 3px;<br \/>}<\/p>\n<p>table.GeneratedTable thead {<br \/>  background-color: #ffffff;<br \/>}<br \/><\/style>\n<h1>\u00dcLDOMADUSED<\/h1>\n<p><!-- HTML Code: Place this code in the document's body (between the 'body' tags) where the table should appear --><\/p>\n<table class=\"GeneratedTable\" style=\"height: 367px;\" width=\"1498\">\n<tbody>\n<tr>\n<td><b><span class=\"goog-text-highlight\">Paneeli t\u00fc\u00fcp<br \/>\n<\/span><\/b>Mitme korteriga<\/td>\n<td>\n<div class=\"item\"><b>Minimaalne valgustus<br \/>\n<\/b>0,01 LuX<\/div>\n<\/td>\n<td>\n<div class=\"item\"><b><span class=\"\">Toitumine<br \/>\n<\/span><\/b>+12 V (+8% -4%)<\/div>\n<\/td>\n<\/tr>\n<tr>\n<td><b>Ekraan<br \/>\n<\/b>4,3&#8243; TFT v\u00e4rv taustvalgustusega<\/td>\n<td>\n<div class=\"item\">\n<div class=\"item\"><b>IR-kood<br \/>\n<\/b>IK07<\/div>\n<\/div>\n<\/td>\n<td><b>Raam<br \/>\n<\/b>Metallist<\/td>\n<\/tr>\n<tr>\n<td><b>Kaamera<br \/>\n<\/b>1\/4\u201d kaamera suuna reguleerimine<\/td>\n<td>\n<div class=\"item\"><b>Kaitseaste<\/b><\/div>\n<div class=\"item\">IP65<\/div>\n<\/td>\n<td><b>V\u00e4rviline lahendus<br \/>\n<\/b>H\u00f5behall<\/td>\n<\/tr>\n<tr>\n<td>\n<div class=\"item\">\n<div class=\"item\"><b>Vaatenurk<br \/>\n<\/b>110\u00b0 (horisontaalne)<\/div>\n<\/div>\n<\/td>\n<td>\n<div class=\"item\">\n<div class=\"item\"><b>Temperatuuri re\u017eiim<br \/>\n<\/b>-40 &#8211; +65 \u00b0 C<\/div>\n<\/div>\n<\/td>\n<td>\n<div class=\"item\"><b>paneeli suurus<br \/>\n<\/b>155\u00d7375\u00d755 mm<\/div>\n<\/td>\n<\/tr>\n<tr>\n<td>\n<div class=\"item\"><b>Kaamera eraldusv\u00f5ime<br \/>\n<\/b>2,0 MP<\/div>\n<\/td>\n<td>\n<div class=\"item\">\n<div class=\"item\"><b>Lubatud niiskus t\u00f6\u00f6 ajal<br \/>\n<\/b>0% \u2013 86%<\/div>\n<\/div>\n<\/td>\n<td>\n<div class=\"item\"><b>paigalduse t\u00fc\u00fcp<br \/>\n<\/b>Surve, pinnapealne BR-AA-ga<\/div>\n<\/td>\n<\/tr>\n<tr>\n<td>\n<div class=\"item\"><b>v\u00e4ljund video<br \/>\n<\/b>HD (1280 \u00d7 720), H.264 p\u00f5hiprofiil, baasliini profiil<\/div>\n<\/td>\n<td>\n<div class=\"item\">\n<div class=\"item\"><b>Lubatud s\u00e4ilitusniiskus<br \/>\n<\/b>0% \u2013 60%<\/div>\n<\/div>\n<\/td>\n<td>\n<div class=\"panel panel-default panel-spec general\">\n<div class=\"panel-body\">\n<div class=\"row spec-row\">\n<div class=\"item\">\n<div class=\"item\"><b>Klaviatuuri t\u00fc\u00fcp<br \/>\n<\/b>Taustvalgustusega mehaanilised nupud<\/div>\n<\/div>\n<\/div>\n<\/div>\n<\/div>\n<\/td>\n<\/tr>\n<tr>\n<td>\n<div class=\"\">\n<div class=\"item\">\n<div class=\"col-md-4\">\n<div class=\"item\"><b>\u00d6ine valgustus<br \/>\n<\/b>6 LED-i<\/div>\n<\/div>\n<\/div>\n<\/div>\n<\/td>\n<td>\n<div class=\"\">\n<div class=\"item\">\n<div class=\"col-md-4\">\n<div class=\"item\"><b>Energiatarve<br \/>\n<\/b>6,5 W, ootere\u017eiim &#8211; 3,6 W<\/div>\n<\/div>\n<\/div>\n<\/div>\n<\/td>\n<td><\/td>\n<\/tr>\n<\/tbody>\n<\/table>\n<h1><\/h1>\n<h1>FUNKTSIONAALSED V\u00d5IMALUSED<\/h1>\n<p><!-- HTML Code: Place this code in the document's body (between the 'body' tags) where the table should appear --><\/p>\n<table class=\"GeneratedTable\" style=\"height: 367px;\" width=\"1498\">\n<tbody>\n<tr>\n<td><b>Liides<br \/>\n<\/b>Vene\/inglise keel, WEB-liides<\/td>\n<td>\n<div class=\"item\">\n<div class=\"item\">\n<div class=\"item\"><b>Integratsioon ACS-iga<br \/>\n<\/b>V\u00e4ljund WIEGAND-26, 32, 34, 37, 40, 42, 56, 58, 64 bitti<\/div>\n<\/div>\n<\/div>\n<\/td>\n<td>\n<div class=\"item\"><b>K\u00f5nere\u017eiim<br \/>\n<\/b>kahepoolne<\/div>\n<\/td>\n<\/tr>\n<tr>\n<td>\n<div class=\"item\">\n<div class=\"item\"><b>Lukku avamine<br \/>\n<\/b>\u2022 Monitorilt<br \/>\n\u2022 Identifitseerimine n\u00e4otuvastuse<br \/>\nabil \u2022 Pin-koodi<br \/>\nj\u00e4rgi \u2022 QR-koodi<br \/>\nj\u00e4rgi \u2022 K\u00fclalislinki abil \u2022<br \/>\nKaardi j\u00e4rgi<br \/>\n\u2022 BAS-IP Intercomi<br \/>\nrakendusest \u2022 BAS-IP UKEY rakendusest<br \/>\n\u2022 API kaudu<\/div>\n<\/div>\n<\/td>\n<td>\n<div class=\"item\">\n<div class=\"item\">\n<div class=\"item\"><b>Toetatud koordinaatmaatrikss\u00fcsteemide t\u00fc\u00fcp<\/b>\u2022 Vizit (kasutatakse l\u00fclitusplokkide otsejuhtimist)<br \/>\n\u2022 Cyfral (oleneb l\u00fclitusplokkide Tsifral KMG-100 ja KMP-100 asendamisest Vizit BK-100 seadmetega)<\/div>\n<\/div>\n<\/div>\n<\/td>\n<td>\n<div class=\"item\"><b>Toetus koordinaatmaatrikss\u00fcsteemidele<br \/>\n<\/b>\u2022 Nendesse s\u00fcsteemidesse ei edastata videot.\u00a0Koordinaadis\u00fcsteemides abonendiseadmetele helistades edastatakse ainult heli.<br \/>\n* M\u00e4rkus. Video vastuv\u00f5tmiseks koordinaatmaatrikss\u00fcsteemides peaksite kasutama v\u00e4liseid analoogvideoallikaid (t\u00e4iendavad analoogkaamerad v\u00f5i RTSP-CVBS transkooderid)<\/div>\n<\/td>\n<\/tr>\n<tr>\n<td>\n<div class=\"item\">\n<div class=\"item\"><b>Juurdep\u00e4\u00e4su kontroll<br \/>\n<\/b>\u2022 N\u00e4otuvastustuvastus<br \/>\n\u2022 UKEY (EM-Marin\/MIFARE\u00ae\/NFC\/Bluetooth)<br \/>\n\u2022 Mitmefaktoriline autentimine<\/div>\n<\/div>\n<\/td>\n<td><b>Otseteede nupud<br \/>\n<\/b>Concierge&#8217;i helistamisnupp<\/td>\n<td>\n<div class=\"panel panel-default panel-spec i-th\">\n<div class=\"panel-body\">\n<div class=\"row spec-row\">\n<div class=\"col-md-4\">\n<div class=\"item\">\n<div class=\"panel panel-default panel-spec i-th\">\n<div class=\"panel-body\">\n<div class=\"row spec-row\">\n<div class=\"\">\n<div class=\"item\"><b>Lisaks<br \/>\n<\/b>\u2022 Link tarkvara tugi<br \/>\n\u2022 SIP P2P<br \/>\n\u2022 Sisseehitatud relee<br \/>\n\u2022 Ava API<\/div>\n<\/div>\n<\/div>\n<\/div>\n<\/div>\n<\/div>\n<\/div>\n<\/div>\n<\/div>\n<\/div>\n<\/td>\n<\/tr>\n<tr>\n<td>\n<div class=\"item\">\n<div class=\"item\">\n<div class=\"item\"><b>N\u00e4otuvastuse tuvastamine<br \/>\n<\/b>10 000 inimest<\/div>\n<\/div>\n<\/div>\n<\/td>\n<td>\n<div class=\"item\"><b>Helinate arv<br \/>\n<\/b>4 pol\u00fcfoonilist meloodiat<\/div>\n<\/td>\n<td>\n<div class=\"item\"><\/div>\n<\/td>\n<\/tr>\n<tr>\n<td>\n<div class=\"item\">\n<div class=\"\">\n<div class=\"item\">\n<div class=\"col-md-4\">\n<div class=\"item\"><b>Identifikaatorite arv paneeli m\u00e4lus<br \/>\n<\/b>20 000<\/div>\n<\/div>\n<\/div>\n<\/div>\n<\/div>\n<\/td>\n<td>\n<div class=\"item\">\n<div class=\"\">\n<div class=\"item\"><b>Autentimine<br \/>\n<\/b>Seadete jaoks eraldi parool, WEB-liides<\/div>\n<\/div>\n<\/div>\n<\/td>\n<td>\n<div class=\"item\"><\/div>\n<\/td>\n<\/tr>\n<\/tbody>\n<\/table>\n<p>&nbsp;<\/p>\n<p><!-- Codes by Quackit.com --><\/p>\n","protected":false},"excerpt":{"rendered":"<p>&lt; p&gt;AA-07fbv on mitme inimese v\u00e4lipaneel n\u00e4otuvastusega, mis v\u00f5imaldas sellest seadmest helistada nii koordinaatmaatriksi kui ka IP-intercomidele.<\/p>\n<p>&lt; p&gt;tegelikult toetab h\u00fcbriidne Bas-IP paneel samaaegset toimimist kolme s\u00fcsteemiga: otse Bas-IP digitaalse IP-s\u00fcsteemiga, SIP-i kaudu t\u00f6\u00f6tavate VoIP-telefonis\u00fcsteemidega ja koordinaats\u00fcsteemiga, n\u00e4iteks Vizit (kasutatakse l\u00fclitusseadmete otsest juhtimist) v\u00f5i Cyfral (asendamise korral l\u00fclitusplokid tsifral KMG-100 ja KMP-100 kuni Vizit BK-100 plokid).<\/p>\n","protected":false},"featured_media":13309,"template":"","meta":[],"product_brand":[],"product_cat":[1159],"product_tag":[],"class_list":{"0":"post-13305","1":"product","2":"type-product","3":"status-publish","4":"has-post-thumbnail","6":"product_cat-konepaneelid","7":"pa_brand-bas-ip-et","9":"first","10":"instock","11":"taxable","12":"shipping-taxable","13":"product-type-simple"},"yoast_head":"<!-- This site is optimized with the Yoast SEO Premium plugin v27.3 (Yoast SEO v27.3) - https:\/\/yoast.com\/product\/yoast-seo-premium-wordpress\/ -->\n<title>AA-07FBV H\u00d5BE - Fonolukk<\/title>\n<meta name=\"description\" content=\"AA-07FBV H\u00d5BE - Fonolukk\" \/>\n<meta name=\"robots\" content=\"index, follow, max-snippet:-1, max-image-preview:large, max-video-preview:-1\" \/>\n<link rel=\"canonical\" href=\"https:\/\/fonolukk.eu\/et\/tooted\/aa-07fbv-hobe\/\" \/>\n<meta property=\"og:locale\" content=\"et_EE\" \/>\n<meta property=\"og:type\" content=\"article\" \/>\n<meta property=\"og:title\" content=\"AA-07FBV H\u00d5BE\" \/>\n<meta property=\"og:description\" content=\"&lt; p&gt;AA-07fbv on mitme inimese v\u00e4lipaneel n\u00e4otuvastusega, mis v\u00f5imaldas sellest seadmest helistada nii koordinaatmaatriksi kui ka IP-intercomidele.  &lt; p&gt;tegelikult toetab h\u00fcbriidne Bas-IP paneel samaaegset toimimist kolme s\u00fcsteemiga: otse Bas-IP digitaalse IP-s\u00fcsteemiga, SIP-i kaudu t\u00f6\u00f6tavate VoIP-telefonis\u00fcsteemidega ja koordinaats\u00fcsteemiga, n\u00e4iteks Vizit (kasutatakse l\u00fclitusseadmete otsest juhtimist) v\u00f5i Cyfral (asendamise korral l\u00fclitusplokid tsifral KMG-100 ja KMP-100 kuni Vizit BK-100 plokid).\" \/>\n<meta property=\"og:url\" content=\"https:\/\/fonolukk.eu\/et\/tooted\/aa-07fbv-hobe\/\" \/>\n<meta property=\"og:site_name\" content=\"Fonolukk\" \/>\n<meta property=\"article:publisher\" content=\"https:\/\/www.facebook.com\/fonolukk\" \/>\n<meta property=\"article:modified_time\" content=\"2022-04-24T09:58:55+00:00\" \/>\n<meta property=\"og:image\" content=\"https:\/\/fonolukk.eu\/wp-content\/uploads\/2022\/04\/aa-07fbv-silver.png\" \/>\n\t<meta property=\"og:image:width\" content=\"1024\" \/>\n\t<meta property=\"og:image:height\" content=\"576\" \/>\n\t<meta property=\"og:image:type\" content=\"image\/png\" \/>\n<meta name=\"twitter:card\" content=\"summary_large_image\" \/>\n<meta name=\"twitter:label1\" content=\"Hind\" \/>\n\t<meta name=\"twitter:data1\" content=\"\" \/>\n\t<meta name=\"twitter:label2\" content=\"Availability\" \/>\n\t<meta name=\"twitter:data2\" content=\"Laos\" \/>\n<script type=\"application\/ld+json\" class=\"yoast-schema-graph\">{\"@context\":\"https:\\\/\\\/schema.org\",\"@graph\":[{\"@type\":\"WebPage\",\"@id\":\"https:\\\/\\\/fonolukk.eu\\\/et\\\/tooted\\\/aa-07fbv-hobe\\\/\",\"url\":\"https:\\\/\\\/fonolukk.eu\\\/et\\\/tooted\\\/aa-07fbv-hobe\\\/\",\"name\":\"AA-07FBV H\u00d5BE - Fonolukk\",\"isPartOf\":{\"@id\":\"https:\\\/\\\/fonolukk.eu\\\/et\\\/#website\"},\"primaryImageOfPage\":{\"@id\":\"https:\\\/\\\/fonolukk.eu\\\/et\\\/tooted\\\/aa-07fbv-hobe\\\/#primaryimage\"},\"image\":{\"@id\":\"https:\\\/\\\/fonolukk.eu\\\/et\\\/tooted\\\/aa-07fbv-hobe\\\/#primaryimage\"},\"thumbnailUrl\":\"https:\\\/\\\/fonolukk.eu\\\/wp-content\\\/uploads\\\/2022\\\/04\\\/aa-07fbv-silver.png\",\"datePublished\":\"2022-04-20T11:03:25+00:00\",\"dateModified\":\"2022-04-24T09:58:55+00:00\",\"description\":\"AA-07FBV H\u00d5BE - Fonolukk\",\"breadcrumb\":{\"@id\":\"https:\\\/\\\/fonolukk.eu\\\/et\\\/tooted\\\/aa-07fbv-hobe\\\/#breadcrumb\"},\"inLanguage\":\"et\",\"potentialAction\":[{\"@type\":\"ReadAction\",\"target\":[\"https:\\\/\\\/fonolukk.eu\\\/et\\\/tooted\\\/aa-07fbv-hobe\\\/\"]}]},{\"@type\":\"ImageObject\",\"inLanguage\":\"et\",\"@id\":\"https:\\\/\\\/fonolukk.eu\\\/et\\\/tooted\\\/aa-07fbv-hobe\\\/#primaryimage\",\"url\":\"https:\\\/\\\/fonolukk.eu\\\/wp-content\\\/uploads\\\/2022\\\/04\\\/aa-07fbv-silver.png\",\"contentUrl\":\"https:\\\/\\\/fonolukk.eu\\\/wp-content\\\/uploads\\\/2022\\\/04\\\/aa-07fbv-silver.png\",\"width\":1024,\"height\":576,\"caption\":\"AA-07FBV\"},{\"@type\":\"BreadcrumbList\",\"@id\":\"https:\\\/\\\/fonolukk.eu\\\/et\\\/tooted\\\/aa-07fbv-hobe\\\/#breadcrumb\",\"itemListElement\":[{\"@type\":\"ListItem\",\"position\":1,\"name\":\"Esileht\",\"item\":\"https:\\\/\\\/fonolukk.eu\\\/et\\\/koduleht\\\/\"},{\"@type\":\"ListItem\",\"position\":2,\"name\":\"Tooted\",\"item\":\"https:\\\/\\\/fonolukk.eu\\\/et\\\/shop-2\\\/\"},{\"@type\":\"ListItem\",\"position\":3,\"name\":\"Fonolukud\",\"item\":\"https:\\\/\\\/fonolukk.eu\\\/et\\\/product-category\\\/fonolukud\\\/\"},{\"@type\":\"ListItem\",\"position\":4,\"name\":\"K\u00f5nepaneelid\",\"item\":\"https:\\\/\\\/fonolukk.eu\\\/et\\\/product-category\\\/fonolukud\\\/konepaneelid\\\/\"},{\"@type\":\"ListItem\",\"position\":5,\"name\":\"AA-07FBV H\u00d5BE\"}]},{\"@type\":\"WebSite\",\"@id\":\"https:\\\/\\\/fonolukk.eu\\\/et\\\/#website\",\"url\":\"https:\\\/\\\/fonolukk.eu\\\/et\\\/\",\"name\":\"Fonolukk eu\",\"description\":\"Smart Security Systems\",\"publisher\":{\"@id\":\"https:\\\/\\\/fonolukk.eu\\\/et\\\/#organization\"},\"potentialAction\":[{\"@type\":\"SearchAction\",\"target\":{\"@type\":\"EntryPoint\",\"urlTemplate\":\"https:\\\/\\\/fonolukk.eu\\\/et\\\/?s={search_term_string}\"},\"query-input\":{\"@type\":\"PropertyValueSpecification\",\"valueRequired\":true,\"valueName\":\"search_term_string\"}}],\"inLanguage\":\"et\"},{\"@type\":\"Organization\",\"@id\":\"https:\\\/\\\/fonolukk.eu\\\/et\\\/#organization\",\"name\":\"Smart Security OU\",\"url\":\"https:\\\/\\\/fonolukk.eu\\\/et\\\/\",\"logo\":{\"@type\":\"ImageObject\",\"inLanguage\":\"et\",\"@id\":\"https:\\\/\\\/fonolukk.eu\\\/et\\\/#\\\/schema\\\/logo\\\/image\\\/\",\"url\":\"https:\\\/\\\/fonolukk.eu\\\/wp-content\\\/uploads\\\/2023\\\/09\\\/fonolukk.png\",\"contentUrl\":\"https:\\\/\\\/fonolukk.eu\\\/wp-content\\\/uploads\\\/2023\\\/09\\\/fonolukk.png\",\"width\":277,\"height\":274,\"caption\":\"Smart Security OU\"},\"image\":{\"@id\":\"https:\\\/\\\/fonolukk.eu\\\/et\\\/#\\\/schema\\\/logo\\\/image\\\/\"},\"sameAs\":[\"https:\\\/\\\/www.facebook.com\\\/fonolukk\",\"https:\\\/\\\/www.instagram.com\\\/fonolukk\\\/?hl=ru\"],\"publishingPrinciples\":\"https:\\\/\\\/fonolukk.eu\\\/terms-and-conditions\\\/\",\"ownershipFundingInfo\":\"https:\\\/\\\/fonolukk.eu\\\/about-us\\\/\"}]}<\/script>\n<meta property=\"product:brand\" content=\"Bas IP\" \/>\n<meta property=\"product:price:amount\" content=\"0.00\" \/>\n<meta property=\"product:price:currency\" content=\"EUR\" \/>\n<meta property=\"og:availability\" content=\"instock\" \/>\n<meta property=\"product:availability\" content=\"instock\" \/>\n<meta property=\"product:retailer_item_id\" content=\"AA-07FBV\" \/>\n<meta property=\"product:condition\" content=\"new\" \/>\n<!-- \/ Yoast SEO Premium plugin. -->","yoast_head_json":{"title":"AA-07FBV H\u00d5BE - Fonolukk","description":"AA-07FBV H\u00d5BE - Fonolukk","robots":{"index":"index","follow":"follow","max-snippet":"max-snippet:-1","max-image-preview":"max-image-preview:large","max-video-preview":"max-video-preview:-1"},"canonical":"https:\/\/fonolukk.eu\/et\/tooted\/aa-07fbv-hobe\/","og_locale":"et_EE","og_type":"article","og_title":"AA-07FBV H\u00d5BE","og_description":"&lt; p&gt;AA-07fbv on mitme inimese v\u00e4lipaneel n\u00e4otuvastusega, mis v\u00f5imaldas sellest seadmest helistada nii koordinaatmaatriksi kui ka IP-intercomidele.  &lt; p&gt;tegelikult toetab h\u00fcbriidne Bas-IP paneel samaaegset toimimist kolme s\u00fcsteemiga: otse Bas-IP digitaalse IP-s\u00fcsteemiga, SIP-i kaudu t\u00f6\u00f6tavate VoIP-telefonis\u00fcsteemidega ja koordinaats\u00fcsteemiga, n\u00e4iteks Vizit (kasutatakse l\u00fclitusseadmete otsest juhtimist) v\u00f5i Cyfral (asendamise korral l\u00fclitusplokid tsifral KMG-100 ja KMP-100 kuni Vizit BK-100 plokid).","og_url":"https:\/\/fonolukk.eu\/et\/tooted\/aa-07fbv-hobe\/","og_site_name":"Fonolukk","article_publisher":"https:\/\/www.facebook.com\/fonolukk","article_modified_time":"2022-04-24T09:58:55+00:00","og_image":[{"width":1024,"height":576,"url":"https:\/\/fonolukk.eu\/wp-content\/uploads\/2022\/04\/aa-07fbv-silver.png","type":"image\/png"}],"twitter_card":"summary_large_image","twitter_misc":{"Hind":"","Availability":"Laos"},"schema":{"@context":"https:\/\/schema.org","@graph":[{"@type":"WebPage","@id":"https:\/\/fonolukk.eu\/et\/tooted\/aa-07fbv-hobe\/","url":"https:\/\/fonolukk.eu\/et\/tooted\/aa-07fbv-hobe\/","name":"AA-07FBV H\u00d5BE - Fonolukk","isPartOf":{"@id":"https:\/\/fonolukk.eu\/et\/#website"},"primaryImageOfPage":{"@id":"https:\/\/fonolukk.eu\/et\/tooted\/aa-07fbv-hobe\/#primaryimage"},"image":{"@id":"https:\/\/fonolukk.eu\/et\/tooted\/aa-07fbv-hobe\/#primaryimage"},"thumbnailUrl":"https:\/\/fonolukk.eu\/wp-content\/uploads\/2022\/04\/aa-07fbv-silver.png","datePublished":"2022-04-20T11:03:25+00:00","dateModified":"2022-04-24T09:58:55+00:00","description":"AA-07FBV H\u00d5BE - Fonolukk","breadcrumb":{"@id":"https:\/\/fonolukk.eu\/et\/tooted\/aa-07fbv-hobe\/#breadcrumb"},"inLanguage":"et","potentialAction":[{"@type":"ReadAction","target":["https:\/\/fonolukk.eu\/et\/tooted\/aa-07fbv-hobe\/"]}]},{"@type":"ImageObject","inLanguage":"et","@id":"https:\/\/fonolukk.eu\/et\/tooted\/aa-07fbv-hobe\/#primaryimage","url":"https:\/\/fonolukk.eu\/wp-content\/uploads\/2022\/04\/aa-07fbv-silver.png","contentUrl":"https:\/\/fonolukk.eu\/wp-content\/uploads\/2022\/04\/aa-07fbv-silver.png","width":1024,"height":576,"caption":"AA-07FBV"},{"@type":"BreadcrumbList","@id":"https:\/\/fonolukk.eu\/et\/tooted\/aa-07fbv-hobe\/#breadcrumb","itemListElement":[{"@type":"ListItem","position":1,"name":"Esileht","item":"https:\/\/fonolukk.eu\/et\/koduleht\/"},{"@type":"ListItem","position":2,"name":"Tooted","item":"https:\/\/fonolukk.eu\/et\/shop-2\/"},{"@type":"ListItem","position":3,"name":"Fonolukud","item":"https:\/\/fonolukk.eu\/et\/product-category\/fonolukud\/"},{"@type":"ListItem","position":4,"name":"K\u00f5nepaneelid","item":"https:\/\/fonolukk.eu\/et\/product-category\/fonolukud\/konepaneelid\/"},{"@type":"ListItem","position":5,"name":"AA-07FBV H\u00d5BE"}]},{"@type":"WebSite","@id":"https:\/\/fonolukk.eu\/et\/#website","url":"https:\/\/fonolukk.eu\/et\/","name":"Fonolukk eu","description":"Smart Security Systems","publisher":{"@id":"https:\/\/fonolukk.eu\/et\/#organization"},"potentialAction":[{"@type":"SearchAction","target":{"@type":"EntryPoint","urlTemplate":"https:\/\/fonolukk.eu\/et\/?s={search_term_string}"},"query-input":{"@type":"PropertyValueSpecification","valueRequired":true,"valueName":"search_term_string"}}],"inLanguage":"et"},{"@type":"Organization","@id":"https:\/\/fonolukk.eu\/et\/#organization","name":"Smart Security OU","url":"https:\/\/fonolukk.eu\/et\/","logo":{"@type":"ImageObject","inLanguage":"et","@id":"https:\/\/fonolukk.eu\/et\/#\/schema\/logo\/image\/","url":"https:\/\/fonolukk.eu\/wp-content\/uploads\/2023\/09\/fonolukk.png","contentUrl":"https:\/\/fonolukk.eu\/wp-content\/uploads\/2023\/09\/fonolukk.png","width":277,"height":274,"caption":"Smart Security OU"},"image":{"@id":"https:\/\/fonolukk.eu\/et\/#\/schema\/logo\/image\/"},"sameAs":["https:\/\/www.facebook.com\/fonolukk","https:\/\/www.instagram.com\/fonolukk\/?hl=ru"],"publishingPrinciples":"https:\/\/fonolukk.eu\/terms-and-conditions\/","ownershipFundingInfo":"https:\/\/fonolukk.eu\/about-us\/"}]},"product_brand":"Bas IP","product_price_amount":"0.00","product_price_currency":"EUR","og_availability":"instock","product_availability":"instock","product_retailer_item_id":"AA-07FBV","product_condition":"new"},"_links":{"self":[{"href":"https:\/\/fonolukk.eu\/et\/wp-json\/wp\/v2\/product\/13305","targetHints":{"allow":["GET"]}}],"collection":[{"href":"https:\/\/fonolukk.eu\/et\/wp-json\/wp\/v2\/product"}],"about":[{"href":"https:\/\/fonolukk.eu\/et\/wp-json\/wp\/v2\/types\/product"}],"version-history":[{"count":1,"href":"https:\/\/fonolukk.eu\/et\/wp-json\/wp\/v2\/product\/13305\/revisions"}],"predecessor-version":[{"id":13330,"href":"https:\/\/fonolukk.eu\/et\/wp-json\/wp\/v2\/product\/13305\/revisions\/13330"}],"wp:featuredmedia":[{"embeddable":true,"href":"https:\/\/fonolukk.eu\/et\/wp-json\/wp\/v2\/media\/13309"}],"wp:attachment":[{"href":"https:\/\/fonolukk.eu\/et\/wp-json\/wp\/v2\/media?parent=13305"}],"wp:term":[{"taxonomy":"product_brand","embeddable":true,"href":"https:\/\/fonolukk.eu\/et\/wp-json\/wp\/v2\/product_brand?post=13305"},{"taxonomy":"product_cat","embeddable":true,"href":"https:\/\/fonolukk.eu\/et\/wp-json\/wp\/v2\/product_cat?post=13305"},{"taxonomy":"product_tag","embeddable":true,"href":"https:\/\/fonolukk.eu\/et\/wp-json\/wp\/v2\/product_tag?post=13305"}],"curies":[{"name":"wp","href":"https:\/\/api.w.org\/{rel}","templated":true}]}}