{"id":13332,"date":"2022-04-24T14:15:09","date_gmt":"2022-04-24T11:15:09","guid":{"rendered":"https:\/\/fonolukk.eu\/?post_type=product&#038;p=13332"},"modified":"2022-04-24T14:44:26","modified_gmt":"2022-04-24T11:44:26","slug":"bas-ip-aa-07bc-hobe","status":"publish","type":"product","link":"https:\/\/fonolukk.eu\/et\/tooted\/bas-ip-aa-07bc-hobe\/","title":{"rendered":"BAS-IP AA-07BC h\u00f5be"},"content":{"rendered":"<div id=\"myTabContent\" class=\"tab-content m-3\">\n<div id=\"tth\" class=\"tab-pane fade active show\" role=\"tabpanel\" aria-labelledby=\"tth-tab\">\n<ul>\n<li>Paneeli t\u00fc\u00fcp: Korter<\/li>\n<li>Ekraan: 4,3-tolline TFT v\u00e4rviline taustvalgus<\/li>\n<li>Kaamera: 1\/4\u201d, kaamera suuna reguleerimine<\/li>\n<li>Vaatenurk: horisontaalne 100\u00b0, vertikaalne 64\u00b0<\/li>\n<li>Kaamera eraldusv\u00f5ime: 1,3 MP<\/li>\n<li>V\u00e4ljundvideo: HD (1280&#215;720), H.264 p\u00f5hiprofiil, baasliini profiil<\/li>\n<li>\u00d6ine valgustus: 6 LED-i<\/li>\n<li>Minimaalne valgustus: 0,01 LuX<\/li>\n<li>Kaitseaste: IP65<\/li>\n<li>Temperatuurire\u017eiim: -40 &#8211; +65 \u00b0 \u0421<\/li>\n<li>Energiatarve: 6,5 W, ootere\u017eiim &#8211; 3,6 W<\/li>\n<li>V\u00f5imsus: +12V<\/li>\n<li>Korpus: metallist<\/li>\n<li>V\u00e4rvus: h\u00f5behall<\/li>\n<li>Paigaldusm\u00f5\u00f5t: 140x350x60 mm<\/li>\n<li>Paneeli suurus: 155x375x55mm<\/li>\n<li>Paigaldust\u00fc\u00fcp: Surve, pindpaigaldatav BR-AA-ga<\/li>\n<li>Klaviatuuri t\u00fc\u00fcp: taustvalgustusega mehaanilised nupud<\/li>\n<\/ul>\n<table class=\"bbt tech\">\n<tbody>\n<tr>\n<td><span>Luba<\/span><\/td>\n<td>1.3<\/td>\n<\/tr>\n<tr>\n<td><span>Sisseehitatud kaardilugeja<\/span><\/td>\n<td><span>Mifare<\/span><span>\u00a0\/\u00a0<\/span><span>EM-Marine<\/span><span>\u00a0\/\u00a0<\/span><span>NFC<\/span><\/td>\n<\/tr>\n<tr>\n<td><span>Kasutajate arv<\/span><\/td>\n<td>9999<\/td>\n<\/tr>\n<tr>\n<td><span>P\u00e4eva\/\u00f6\u00f6 funktsiooniga<\/span><\/td>\n<td><span>Jah<\/span><\/td>\n<\/tr>\n<tr>\n<td><span>Kaamera vaatenurk, \u00b0<\/span><\/td>\n<td>100<\/td>\n<\/tr>\n<tr>\n<td><span>Paigaldusmeetod<\/span><\/td>\n<td><span>avatud paigaldus<\/span><span>\u00a0\/\u00a0<\/span><span>varjatud paigaldus<\/span><\/td>\n<\/tr>\n<tr>\n<td><span>Kaitse vandalismi eest (vandalismivastane)<\/span><\/td>\n<td><span>Mitte<\/span><\/td>\n<\/tr>\n<tr>\n<td><span>T\u00f6\u00f6temperatuur<\/span><\/td>\n<td><span>Alates -40 kuni +65<\/span><\/td>\n<\/tr>\n<tr>\n<td><span>Materjal<\/span><\/td>\n<td><span>Metallist<\/span><\/td>\n<\/tr>\n<tr>\n<td><span>V\u00e4rv<\/span><\/td>\n<td><span>H\u00f5bedane<\/span><\/td>\n<\/tr>\n<tr>\n<td><span>Helistamisnuppude arv<\/span><\/td>\n<td>1<\/td>\n<\/tr>\n<tr>\n<td><span>K\u00e4sitsi reguleeritav kamber<\/span><\/td>\n<td><span>Jah<\/span><\/td>\n<\/tr>\n<tr>\n<td><span>Kaameraga<\/span><\/td>\n<td><span>Jah<\/span><\/td>\n<\/tr>\n<tr>\n<td><span>Tehnoloogia \/ paigaldusmeetod<\/span><\/td>\n<td><span>v\u00f5rgutehnoloogia<\/span><\/td>\n<\/tr>\n<tr>\n<td><span>T\u00fc\u00fcp<\/span><\/td>\n<td><span>funktsionaalne moodul uksejaama jaoks<\/span><\/td>\n<\/tr>\n<tr>\n<td><span>Seadme \u00fchenduse t\u00fc\u00fcp<\/span><\/td>\n<td><span>\u00fchendatud<\/span><\/td>\n<\/tr>\n<\/tbody>\n<\/table>\n<\/div>\n<\/div>\n","protected":false},"excerpt":{"rendered":"<p><span>AA-07BC on mitme inimese v\u00e4lipaneel, mis v\u00f5imaldas sellelt seadmelt helistada nii kahejuhtmelistesse digitaalsetesse sisetelefonis\u00fcsteemidesse kui ka IP sisetelefonidesse.\u00a0Toetatud 2-juhtmeliste digitaals\u00fcsteemide t\u00fc\u00fcp.<\/span><br \/>\n<span>Laskomex, Marshal, Raikmann, xVoice jt Laskomexi protokolli alusel.<\/span><br \/>\n<span>&#8220;UKEY&#8221; tehnoloogia tugi: kaartide, v\u00f5tmehoidjate ja mobiili-ID-de lugemised vastavalt standarditele EM-Marin, Mifare\u00ae Plus ja Mifare\u00ae Classic, Bluetooth, NFC.<\/span><\/p>\n<h2><span>Funktsionaalsus<\/span><\/h2>\n<ul>\n<li><b><span>Liides:<\/span><\/b><span>\u00a0vene\/inglise keel, veebiliides<\/span><\/li>\n<li><b><span>Luku avamine:<\/span><\/b><br \/>\n<span>\u2022 Monitorist<\/span><br \/>\n<span>\u2022 Koodi<\/span><br \/>\n<span>j\u00e4rgi \u2022 Kaardi j\u00e4rgi<\/span><br \/>\n<span>\u2022 BAS-IP Intercomi<\/span><br \/>\n<span>rakendusest \u2022 BAS-IP UKEY rakendusest<\/span><\/li>\n<li><b><span>EM-Marin \/ MIFARE \/ UKEY (NFC \/ Bluetooth)<\/span><\/b><\/li>\n<li><b><span>V\u00e4ljund WIEGAND-26, 32, 34, 37, 40, 42, 56, 58, 64 bitti<\/span><\/b><\/li>\n<li><b><span>Toetatud kahejuhtmeliste digitaals\u00fcsteemide t\u00fc\u00fcbid:<\/span><\/b><span>\u00a0Laskomex, Marshal, Raikmann, xVoice ja teised Laskomexi protokollil p\u00f5hinevad<\/span><\/li>\n<li><b><span>Otseteede nupud:<\/span><\/b><span>\u00a0concierge-k\u00f5ne nupp<\/span><\/li>\n<li><b><span>Helinate arv:<\/span><\/b><span>\u00a04 pol\u00fcfoonilist helinat<\/span><\/li>\n<li><b><span>Autentimine:<\/span><\/b><span>\u00a0Seadete jaoks eraldi parool, WEB-liides<\/span><\/li>\n<li><b><span>K\u00f5nere\u017eiim:<\/span><\/b><span>\u00a0kahesuunaline<\/span><\/li>\n<li><b><span>Kahejuhtmeliste digitaals\u00fcsteemide tugi:<\/span><\/b><br \/>\n<span>\u2022 Nendesse s\u00fcsteemidesse ei edastata videot.\u00a0Kahejuhtmelistes s\u00fcsteemides abonendiseadmetele helistades edastatakse ainult heli.<\/span><br \/>\n<i><span>*M\u00e4rkus. Kahejuhtmelistes digitaals\u00fcsteemides video vastuv\u00f5tmiseks tuleb kasutada v\u00e4liseid analoogvideoallikaid (t\u00e4iendavad analoogkaamerad v\u00f5i RTSP-CVBS transkooderid).<\/span><\/i><\/li>\n<li><span>Valikuline:<\/span><br \/>\n<span>\u2022 SIP P2P<\/span><br \/>\n<span>\u2022 Sisseehitatud relee<\/span><\/li>\n<\/ul>\n","protected":false},"featured_media":13335,"template":"","meta":[],"product_brand":[],"product_cat":[1159],"product_tag":[],"class_list":{"0":"post-13332","1":"product","2":"type-product","3":"status-publish","4":"has-post-thumbnail","6":"product_cat-konepaneelid","7":"pa_brand-bas-ip-et","9":"first","10":"instock","11":"taxable","12":"shipping-taxable","13":"product-type-simple"},"yoast_head":"<!-- This site is optimized with the Yoast SEO Premium plugin v27.3 (Yoast SEO v27.3) - https:\/\/yoast.com\/product\/yoast-seo-premium-wordpress\/ -->\n<title>BAS-IP AA-07BC h\u00f5be - Fonolukk<\/title>\n<meta name=\"description\" content=\"BAS-IP AA-07BC h\u00f5be - Fonolukk\" \/>\n<meta name=\"robots\" content=\"index, follow, max-snippet:-1, max-image-preview:large, max-video-preview:-1\" \/>\n<link rel=\"canonical\" href=\"https:\/\/fonolukk.eu\/et\/tooted\/bas-ip-aa-07bc-hobe\/\" \/>\n<meta property=\"og:locale\" content=\"et_EE\" \/>\n<meta property=\"og:type\" content=\"article\" \/>\n<meta property=\"og:title\" content=\"BAS-IP AA-07BC h\u00f5be\" \/>\n<meta property=\"og:description\" content=\"AA-07BC on mitme inimese v\u00e4lipaneel, mis v\u00f5imaldas sellelt seadmelt helistada nii kahejuhtmelistesse digitaalsetesse sisetelefonis\u00fcsteemidesse kui ka IP sisetelefonidesse.\u00a0Toetatud 2-juhtmeliste digitaals\u00fcsteemide t\u00fc\u00fcp. Laskomex, Marshal, Raikmann, xVoice jt Laskomexi protokolli alusel. &quot;UKEY&quot; tehnoloogia tugi: kaartide, v\u00f5tmehoidjate ja mobiili-ID-de lugemised vastavalt standarditele EM-Marin, Mifare\u00ae Plus ja Mifare\u00ae Classic, Bluetooth, NFC. Funktsionaalsus   Liides:\u00a0vene\/inglise keel, veebiliides  Luku avamine: \u2022 Monitorist \u2022 Koodi j\u00e4rgi \u2022 Kaardi j\u00e4rgi \u2022 BAS-IP Intercomi rakendusest \u2022 BAS-IP UKEY rakendusest  EM-Marin \/ MIFARE \/ UKEY (NFC \/ Bluetooth)  V\u00e4ljund WIEGAND-26, 32, 34, 37, 40, 42, 56, 58, 64 bitti  Toetatud kahejuhtmeliste digitaals\u00fcsteemide t\u00fc\u00fcbid:\u00a0Laskomex, Marshal, Raikmann, xVoice ja teised Laskomexi protokollil p\u00f5hinevad  Otseteede nupud:\u00a0concierge-k\u00f5ne nupp  Helinate arv:\u00a04 pol\u00fcfoonilist helinat  Autentimine:\u00a0Seadete jaoks eraldi parool, WEB-liides  K\u00f5nere\u017eiim:\u00a0kahesuunaline  Kahejuhtmeliste digitaals\u00fcsteemide tugi: \u2022 Nendesse s\u00fcsteemidesse ei edastata videot.\u00a0Kahejuhtmelistes s\u00fcsteemides abonendiseadmetele helistades edastatakse ainult heli. *M\u00e4rkus. Kahejuhtmelistes digitaals\u00fcsteemides video vastuv\u00f5tmiseks tuleb kasutada v\u00e4liseid analoogvideoallikaid (t\u00e4iendavad analoogkaamerad v\u00f5i RTSP-CVBS transkooderid).  Valikuline: \u2022 SIP P2P \u2022 Sisseehitatud relee\" \/>\n<meta property=\"og:url\" content=\"https:\/\/fonolukk.eu\/et\/tooted\/bas-ip-aa-07bc-hobe\/\" \/>\n<meta property=\"og:site_name\" content=\"Fonolukk\" \/>\n<meta property=\"article:publisher\" content=\"https:\/\/www.facebook.com\/fonolukk\" \/>\n<meta property=\"article:modified_time\" content=\"2022-04-24T11:44:26+00:00\" \/>\n<meta property=\"og:image\" content=\"https:\/\/fonolukk.eu\/wp-content\/uploads\/2022\/04\/img_5282-1.jpg\" \/>\n\t<meta property=\"og:image:width\" content=\"1600\" \/>\n\t<meta property=\"og:image:height\" content=\"1100\" \/>\n\t<meta property=\"og:image:type\" content=\"image\/jpeg\" \/>\n<meta name=\"twitter:card\" content=\"summary_large_image\" \/>\n<meta name=\"twitter:label1\" content=\"Hind\" \/>\n\t<meta name=\"twitter:data1\" content=\"\" \/>\n\t<meta name=\"twitter:label2\" content=\"Availability\" \/>\n\t<meta name=\"twitter:data2\" content=\"Laos\" \/>\n<script type=\"application\/ld+json\" class=\"yoast-schema-graph\">{\"@context\":\"https:\\\/\\\/schema.org\",\"@graph\":[{\"@type\":\"WebPage\",\"@id\":\"https:\\\/\\\/fonolukk.eu\\\/et\\\/tooted\\\/bas-ip-aa-07bc-hobe\\\/\",\"url\":\"https:\\\/\\\/fonolukk.eu\\\/et\\\/tooted\\\/bas-ip-aa-07bc-hobe\\\/\",\"name\":\"BAS-IP AA-07BC h\u00f5be - Fonolukk\",\"isPartOf\":{\"@id\":\"https:\\\/\\\/fonolukk.eu\\\/et\\\/#website\"},\"primaryImageOfPage\":{\"@id\":\"https:\\\/\\\/fonolukk.eu\\\/et\\\/tooted\\\/bas-ip-aa-07bc-hobe\\\/#primaryimage\"},\"image\":{\"@id\":\"https:\\\/\\\/fonolukk.eu\\\/et\\\/tooted\\\/bas-ip-aa-07bc-hobe\\\/#primaryimage\"},\"thumbnailUrl\":\"https:\\\/\\\/fonolukk.eu\\\/wp-content\\\/uploads\\\/2022\\\/04\\\/img_5282-1.jpg\",\"datePublished\":\"2022-04-24T11:15:09+00:00\",\"dateModified\":\"2022-04-24T11:44:26+00:00\",\"description\":\"BAS-IP AA-07BC h\u00f5be - Fonolukk\",\"breadcrumb\":{\"@id\":\"https:\\\/\\\/fonolukk.eu\\\/et\\\/tooted\\\/bas-ip-aa-07bc-hobe\\\/#breadcrumb\"},\"inLanguage\":\"et\",\"potentialAction\":[{\"@type\":\"ReadAction\",\"target\":[\"https:\\\/\\\/fonolukk.eu\\\/et\\\/tooted\\\/bas-ip-aa-07bc-hobe\\\/\"]}]},{\"@type\":\"ImageObject\",\"inLanguage\":\"et\",\"@id\":\"https:\\\/\\\/fonolukk.eu\\\/et\\\/tooted\\\/bas-ip-aa-07bc-hobe\\\/#primaryimage\",\"url\":\"https:\\\/\\\/fonolukk.eu\\\/wp-content\\\/uploads\\\/2022\\\/04\\\/img_5282-1.jpg\",\"contentUrl\":\"https:\\\/\\\/fonolukk.eu\\\/wp-content\\\/uploads\\\/2022\\\/04\\\/img_5282-1.jpg\",\"width\":1600,\"height\":1100,\"caption\":\"BAS-IP AA-07BC\"},{\"@type\":\"BreadcrumbList\",\"@id\":\"https:\\\/\\\/fonolukk.eu\\\/et\\\/tooted\\\/bas-ip-aa-07bc-hobe\\\/#breadcrumb\",\"itemListElement\":[{\"@type\":\"ListItem\",\"position\":1,\"name\":\"Esileht\",\"item\":\"https:\\\/\\\/fonolukk.eu\\\/et\\\/koduleht\\\/\"},{\"@type\":\"ListItem\",\"position\":2,\"name\":\"Tooted\",\"item\":\"https:\\\/\\\/fonolukk.eu\\\/et\\\/shop-2\\\/\"},{\"@type\":\"ListItem\",\"position\":3,\"name\":\"Fonolukud\",\"item\":\"https:\\\/\\\/fonolukk.eu\\\/et\\\/product-category\\\/fonolukud\\\/\"},{\"@type\":\"ListItem\",\"position\":4,\"name\":\"K\u00f5nepaneelid\",\"item\":\"https:\\\/\\\/fonolukk.eu\\\/et\\\/product-category\\\/fonolukud\\\/konepaneelid\\\/\"},{\"@type\":\"ListItem\",\"position\":5,\"name\":\"BAS-IP AA-07BC h\u00f5be\"}]},{\"@type\":\"WebSite\",\"@id\":\"https:\\\/\\\/fonolukk.eu\\\/et\\\/#website\",\"url\":\"https:\\\/\\\/fonolukk.eu\\\/et\\\/\",\"name\":\"Fonolukk eu\",\"description\":\"Smart Security Systems\",\"publisher\":{\"@id\":\"https:\\\/\\\/fonolukk.eu\\\/et\\\/#organization\"},\"potentialAction\":[{\"@type\":\"SearchAction\",\"target\":{\"@type\":\"EntryPoint\",\"urlTemplate\":\"https:\\\/\\\/fonolukk.eu\\\/et\\\/?s={search_term_string}\"},\"query-input\":{\"@type\":\"PropertyValueSpecification\",\"valueRequired\":true,\"valueName\":\"search_term_string\"}}],\"inLanguage\":\"et\"},{\"@type\":\"Organization\",\"@id\":\"https:\\\/\\\/fonolukk.eu\\\/et\\\/#organization\",\"name\":\"Smart Security OU\",\"url\":\"https:\\\/\\\/fonolukk.eu\\\/et\\\/\",\"logo\":{\"@type\":\"ImageObject\",\"inLanguage\":\"et\",\"@id\":\"https:\\\/\\\/fonolukk.eu\\\/et\\\/#\\\/schema\\\/logo\\\/image\\\/\",\"url\":\"https:\\\/\\\/fonolukk.eu\\\/wp-content\\\/uploads\\\/2023\\\/09\\\/fonolukk.png\",\"contentUrl\":\"https:\\\/\\\/fonolukk.eu\\\/wp-content\\\/uploads\\\/2023\\\/09\\\/fonolukk.png\",\"width\":277,\"height\":274,\"caption\":\"Smart Security OU\"},\"image\":{\"@id\":\"https:\\\/\\\/fonolukk.eu\\\/et\\\/#\\\/schema\\\/logo\\\/image\\\/\"},\"sameAs\":[\"https:\\\/\\\/www.facebook.com\\\/fonolukk\",\"https:\\\/\\\/www.instagram.com\\\/fonolukk\\\/?hl=ru\"],\"publishingPrinciples\":\"https:\\\/\\\/fonolukk.eu\\\/terms-and-conditions\\\/\",\"ownershipFundingInfo\":\"https:\\\/\\\/fonolukk.eu\\\/about-us\\\/\"}]}<\/script>\n<meta property=\"product:brand\" content=\"Bas IP\" \/>\n<meta property=\"product:price:amount\" content=\"0.00\" \/>\n<meta property=\"product:price:currency\" content=\"EUR\" \/>\n<meta property=\"og:availability\" content=\"instock\" \/>\n<meta property=\"product:availability\" content=\"instock\" \/>\n<meta property=\"product:retailer_item_id\" content=\"AA-07BC\" \/>\n<meta property=\"product:condition\" content=\"new\" \/>\n<!-- \/ Yoast SEO Premium plugin. -->","yoast_head_json":{"title":"BAS-IP AA-07BC h\u00f5be - Fonolukk","description":"BAS-IP AA-07BC h\u00f5be - Fonolukk","robots":{"index":"index","follow":"follow","max-snippet":"max-snippet:-1","max-image-preview":"max-image-preview:large","max-video-preview":"max-video-preview:-1"},"canonical":"https:\/\/fonolukk.eu\/et\/tooted\/bas-ip-aa-07bc-hobe\/","og_locale":"et_EE","og_type":"article","og_title":"BAS-IP AA-07BC h\u00f5be","og_description":"AA-07BC on mitme inimese v\u00e4lipaneel, mis v\u00f5imaldas sellelt seadmelt helistada nii kahejuhtmelistesse digitaalsetesse sisetelefonis\u00fcsteemidesse kui ka IP sisetelefonidesse.\u00a0Toetatud 2-juhtmeliste digitaals\u00fcsteemide t\u00fc\u00fcp. Laskomex, Marshal, Raikmann, xVoice jt Laskomexi protokolli alusel. \"UKEY\" tehnoloogia tugi: kaartide, v\u00f5tmehoidjate ja mobiili-ID-de lugemised vastavalt standarditele EM-Marin, Mifare\u00ae Plus ja Mifare\u00ae Classic, Bluetooth, NFC. Funktsionaalsus   Liides:\u00a0vene\/inglise keel, veebiliides  Luku avamine: \u2022 Monitorist \u2022 Koodi j\u00e4rgi \u2022 Kaardi j\u00e4rgi \u2022 BAS-IP Intercomi rakendusest \u2022 BAS-IP UKEY rakendusest  EM-Marin \/ MIFARE \/ UKEY (NFC \/ Bluetooth)  V\u00e4ljund WIEGAND-26, 32, 34, 37, 40, 42, 56, 58, 64 bitti  Toetatud kahejuhtmeliste digitaals\u00fcsteemide t\u00fc\u00fcbid:\u00a0Laskomex, Marshal, Raikmann, xVoice ja teised Laskomexi protokollil p\u00f5hinevad  Otseteede nupud:\u00a0concierge-k\u00f5ne nupp  Helinate arv:\u00a04 pol\u00fcfoonilist helinat  Autentimine:\u00a0Seadete jaoks eraldi parool, WEB-liides  K\u00f5nere\u017eiim:\u00a0kahesuunaline  Kahejuhtmeliste digitaals\u00fcsteemide tugi: \u2022 Nendesse s\u00fcsteemidesse ei edastata videot.\u00a0Kahejuhtmelistes s\u00fcsteemides abonendiseadmetele helistades edastatakse ainult heli. *M\u00e4rkus. Kahejuhtmelistes digitaals\u00fcsteemides video vastuv\u00f5tmiseks tuleb kasutada v\u00e4liseid analoogvideoallikaid (t\u00e4iendavad analoogkaamerad v\u00f5i RTSP-CVBS transkooderid).  Valikuline: \u2022 SIP P2P \u2022 Sisseehitatud relee","og_url":"https:\/\/fonolukk.eu\/et\/tooted\/bas-ip-aa-07bc-hobe\/","og_site_name":"Fonolukk","article_publisher":"https:\/\/www.facebook.com\/fonolukk","article_modified_time":"2022-04-24T11:44:26+00:00","og_image":[{"width":1600,"height":1100,"url":"https:\/\/fonolukk.eu\/wp-content\/uploads\/2022\/04\/img_5282-1.jpg","type":"image\/jpeg"}],"twitter_card":"summary_large_image","twitter_misc":{"Hind":"","Availability":"Laos"},"schema":{"@context":"https:\/\/schema.org","@graph":[{"@type":"WebPage","@id":"https:\/\/fonolukk.eu\/et\/tooted\/bas-ip-aa-07bc-hobe\/","url":"https:\/\/fonolukk.eu\/et\/tooted\/bas-ip-aa-07bc-hobe\/","name":"BAS-IP AA-07BC h\u00f5be - Fonolukk","isPartOf":{"@id":"https:\/\/fonolukk.eu\/et\/#website"},"primaryImageOfPage":{"@id":"https:\/\/fonolukk.eu\/et\/tooted\/bas-ip-aa-07bc-hobe\/#primaryimage"},"image":{"@id":"https:\/\/fonolukk.eu\/et\/tooted\/bas-ip-aa-07bc-hobe\/#primaryimage"},"thumbnailUrl":"https:\/\/fonolukk.eu\/wp-content\/uploads\/2022\/04\/img_5282-1.jpg","datePublished":"2022-04-24T11:15:09+00:00","dateModified":"2022-04-24T11:44:26+00:00","description":"BAS-IP AA-07BC h\u00f5be - Fonolukk","breadcrumb":{"@id":"https:\/\/fonolukk.eu\/et\/tooted\/bas-ip-aa-07bc-hobe\/#breadcrumb"},"inLanguage":"et","potentialAction":[{"@type":"ReadAction","target":["https:\/\/fonolukk.eu\/et\/tooted\/bas-ip-aa-07bc-hobe\/"]}]},{"@type":"ImageObject","inLanguage":"et","@id":"https:\/\/fonolukk.eu\/et\/tooted\/bas-ip-aa-07bc-hobe\/#primaryimage","url":"https:\/\/fonolukk.eu\/wp-content\/uploads\/2022\/04\/img_5282-1.jpg","contentUrl":"https:\/\/fonolukk.eu\/wp-content\/uploads\/2022\/04\/img_5282-1.jpg","width":1600,"height":1100,"caption":"BAS-IP AA-07BC"},{"@type":"BreadcrumbList","@id":"https:\/\/fonolukk.eu\/et\/tooted\/bas-ip-aa-07bc-hobe\/#breadcrumb","itemListElement":[{"@type":"ListItem","position":1,"name":"Esileht","item":"https:\/\/fonolukk.eu\/et\/koduleht\/"},{"@type":"ListItem","position":2,"name":"Tooted","item":"https:\/\/fonolukk.eu\/et\/shop-2\/"},{"@type":"ListItem","position":3,"name":"Fonolukud","item":"https:\/\/fonolukk.eu\/et\/product-category\/fonolukud\/"},{"@type":"ListItem","position":4,"name":"K\u00f5nepaneelid","item":"https:\/\/fonolukk.eu\/et\/product-category\/fonolukud\/konepaneelid\/"},{"@type":"ListItem","position":5,"name":"BAS-IP AA-07BC h\u00f5be"}]},{"@type":"WebSite","@id":"https:\/\/fonolukk.eu\/et\/#website","url":"https:\/\/fonolukk.eu\/et\/","name":"Fonolukk eu","description":"Smart Security Systems","publisher":{"@id":"https:\/\/fonolukk.eu\/et\/#organization"},"potentialAction":[{"@type":"SearchAction","target":{"@type":"EntryPoint","urlTemplate":"https:\/\/fonolukk.eu\/et\/?s={search_term_string}"},"query-input":{"@type":"PropertyValueSpecification","valueRequired":true,"valueName":"search_term_string"}}],"inLanguage":"et"},{"@type":"Organization","@id":"https:\/\/fonolukk.eu\/et\/#organization","name":"Smart Security OU","url":"https:\/\/fonolukk.eu\/et\/","logo":{"@type":"ImageObject","inLanguage":"et","@id":"https:\/\/fonolukk.eu\/et\/#\/schema\/logo\/image\/","url":"https:\/\/fonolukk.eu\/wp-content\/uploads\/2023\/09\/fonolukk.png","contentUrl":"https:\/\/fonolukk.eu\/wp-content\/uploads\/2023\/09\/fonolukk.png","width":277,"height":274,"caption":"Smart Security OU"},"image":{"@id":"https:\/\/fonolukk.eu\/et\/#\/schema\/logo\/image\/"},"sameAs":["https:\/\/www.facebook.com\/fonolukk","https:\/\/www.instagram.com\/fonolukk\/?hl=ru"],"publishingPrinciples":"https:\/\/fonolukk.eu\/terms-and-conditions\/","ownershipFundingInfo":"https:\/\/fonolukk.eu\/about-us\/"}]},"product_brand":"Bas IP","product_price_amount":"0.00","product_price_currency":"EUR","og_availability":"instock","product_availability":"instock","product_retailer_item_id":"AA-07BC","product_condition":"new"},"_links":{"self":[{"href":"https:\/\/fonolukk.eu\/et\/wp-json\/wp\/v2\/product\/13332","targetHints":{"allow":["GET"]}}],"collection":[{"href":"https:\/\/fonolukk.eu\/et\/wp-json\/wp\/v2\/product"}],"about":[{"href":"https:\/\/fonolukk.eu\/et\/wp-json\/wp\/v2\/types\/product"}],"version-history":[{"count":0,"href":"https:\/\/fonolukk.eu\/et\/wp-json\/wp\/v2\/product\/13332\/revisions"}],"wp:featuredmedia":[{"embeddable":true,"href":"https:\/\/fonolukk.eu\/et\/wp-json\/wp\/v2\/media\/13335"}],"wp:attachment":[{"href":"https:\/\/fonolukk.eu\/et\/wp-json\/wp\/v2\/media?parent=13332"}],"wp:term":[{"taxonomy":"product_brand","embeddable":true,"href":"https:\/\/fonolukk.eu\/et\/wp-json\/wp\/v2\/product_brand?post=13332"},{"taxonomy":"product_cat","embeddable":true,"href":"https:\/\/fonolukk.eu\/et\/wp-json\/wp\/v2\/product_cat?post=13332"},{"taxonomy":"product_tag","embeddable":true,"href":"https:\/\/fonolukk.eu\/et\/wp-json\/wp\/v2\/product_tag?post=13332"}],"curies":[{"name":"wp","href":"https:\/\/api.w.org\/{rel}","templated":true}]}}