{"id":13377,"date":"2022-05-24T09:37:52","date_gmt":"2022-05-24T06:37:52","guid":{"rendered":"https:\/\/fonolukk.eu\/?post_type=product&#038;p=13377"},"modified":"2022-05-24T09:58:30","modified_gmt":"2022-05-24T06:58:30","slug":"dr-30-12","status":"publish","type":"product","link":"https:\/\/fonolukk.eu\/et\/tooted\/dr-30-12\/","title":{"rendered":"DR-30-12"},"content":{"rendered":"<h2><span><span class=\"goog-text-highlight\">Tehnilised andmed<\/span><\/span><\/h2>\n<div class=\"gvi-table-wrapper\">\n<div class=\"specifications clearfix\">\n<table class=\"gvi gvi-name-value font-name-value\">\n<thead>\n<tr class=\"two-columns\">\n<th colspan=\"2\"><span>Tehnilised andmed<\/span><\/th>\n<th colspan=\"2\"><span>Teave<\/span><\/th>\n<\/tr>\n<\/thead>\n<tbody>\n<tr class=\"two-columns\">\n<td class=\"name\">\n<div class=\"specification-name-wrapper\"><span>Br\u00e4nd<\/span><\/div>\n<\/td>\n<td class=\"value\">\n<div class=\"specification-value-wrapper\">Mean Well<\/div>\n<\/td>\n<td class=\"name\">\n<div class=\"specification-name-wrapper\"><span>Kaup<\/span><\/div>\n<\/td>\n<td class=\"value\">\n<div class=\"specification-value-wrapper\">\n<div>8504409090<\/div>\n<\/div>\n<\/td>\n<\/tr>\n<tr class=\"two-columns\">\n<td class=\"name\">\n<div class=\"specification-name-wrapper\"><span>Eseme number<\/span><\/div>\n<\/td>\n<td class=\"value\">\n<div class=\"specification-value-wrapper\">\n<div><span>DR-30-12<\/span><\/div>\n<\/div>\n<\/td>\n<td class=\"name\">\n<div class=\"specification-name-wrapper\"><span>Garantii pakett<\/span><\/div>\n<\/td>\n<td class=\"value\">\n<div class=\"specification-value-wrapper\">\n<div><span>36 kuud sissetoomist<\/span><\/div>\n<\/div>\n<\/td>\n<\/tr>\n<tr class=\"two-columns\">\n<td class=\"name\">\n<div class=\"specification-name-wrapper\"><span>seeria<\/span><\/div>\n<\/td>\n<td class=\"value\">\n<div class=\"specification-value-wrapper\">\n<div><span>DR-30<\/span><\/div>\n<\/div>\n<\/td>\n<td class=\"name\">\n<div class=\"specification-name-wrapper\"><span>RoHS<\/span><\/div>\n<\/td>\n<td class=\"value\">\n<div class=\"specification-value-wrapper\">\n<div><span>N\u00f5uetele vastav<\/span><\/div>\n<\/div>\n<\/td>\n<\/tr>\n<tr class=\"two-columns\">\n<td class=\"name\">\n<div class=\"specification-name-wrapper\"><span>Kirjeldus<\/span><\/div>\n<\/td>\n<td class=\"value\">\n<div class=\"specification-value-wrapper\">\n<div><span>AC-DC t\u00f6\u00f6stuslik DIN-r\u00f6\u00f6pa toiteallikas;\u00a0V\u00e4ljund 12Vdc 2A juures;\u00a0plastikust T-kujuline \u00fcmbris;\u00a0DR-30-12-le j\u00e4rgneb HDR-30-12.<\/span><\/div>\n<\/div>\n<\/td>\n<td class=\"name\">\n<div class=\"specification-name-wrapper\"><span>Pakendi kogus<\/span><\/div>\n<\/td>\n<td class=\"value\">\n<div class=\"specification-value-wrapper\">\n<div>48<\/div>\n<\/div>\n<\/td>\n<\/tr>\n<tr class=\"two-columns\">\n<td class=\"name\">\n<div class=\"specification-name-wrapper\"><span>Rakendus<\/span><\/div>\n<\/td>\n<td class=\"value\">\n<div class=\"specification-value-wrapper\">\n<div><span>ITE EN\/UL\/IEC 60950<\/span><\/div>\n<\/div>\n<\/td>\n<td class=\"name\">\n<div class=\"specification-name-wrapper\"><span>Netokaal (grammides)<\/span><\/div>\n<\/td>\n<td class=\"value\">\n<div class=\"specification-value-wrapper\">\n<div>262.5<\/div>\n<\/div>\n<\/td>\n<\/tr>\n<tr class=\"two-columns\">\n<td class=\"name\">\n<div class=\"specification-name-wrapper\"><span>Tehnoloogia<\/span><\/div>\n<\/td>\n<td class=\"value\">\n<div class=\"specification-value-wrapper\">\n<div><span>AC DC<\/span><\/div>\n<\/div>\n<\/td>\n<td class=\"name\">\n<div class=\"specification-name-wrapper\"><span>Alternatiivne kauba number<\/span><\/div>\n<\/td>\n<td class=\"value\">\n<div class=\"specification-value-wrapper\">\n<div><span>HDR-30-12<\/span><\/div>\n<\/div>\n<\/td>\n<\/tr>\n<tr class=\"two-columns\">\n<td class=\"name\">\n<div class=\"specification-name-wrapper\"><span>Toitevorming<\/span><\/div>\n<\/td>\n<td class=\"value\">\n<div class=\"specification-value-wrapper\">\n<div><span>DIN-liistud<\/span><\/div>\n<\/div>\n<\/td>\n<td class=\"name\">\n<div class=\"specification-name-wrapper\"><span>Eluts\u00fckli olek<\/span><\/div>\n<\/td>\n<td class=\"value\">\n<div class=\"specification-value-wrapper\">\n<div><span>L\u00f5petatud<\/span><\/div>\n<\/div>\n<\/td>\n<\/tr>\n<tr class=\"two-columns\">\n<td class=\"name\">\n<div class=\"specification-name-wrapper\"><span>V\u00e4ljundv\u00f5imsus (W)<\/span><\/div>\n<\/td>\n<td class=\"value\">\n<div class=\"specification-value-wrapper\">\n<div>30<\/div>\n<\/div>\n<\/td>\n<td><\/td>\n<td><\/td>\n<\/tr>\n<tr class=\"two-columns\">\n<td class=\"name\">\n<div class=\"specification-name-wrapper\"><span>V\u00e4ljundpinge (V)<\/span><\/div>\n<\/td>\n<td class=\"value\">\n<div class=\"specification-value-wrapper\">\n<div>12<\/div>\n<\/div>\n<\/td>\n<td><\/td>\n<td><\/td>\n<\/tr>\n<tr class=\"two-columns\">\n<td class=\"name\">\n<div class=\"specification-name-wrapper\"><span>V\u00e4ljundvool (A)<\/span><\/div>\n<\/td>\n<td class=\"value\">\n<div class=\"specification-value-wrapper\">\n<div>2<\/div>\n<\/div>\n<\/td>\n<td><\/td>\n<td><\/td>\n<\/tr>\n<tr class=\"two-columns\">\n<td class=\"name\">\n<div class=\"specification-name-wrapper\"><span>Sisendpinge (V)<\/span><\/div>\n<\/td>\n<td class=\"value\">\n<div class=\"specification-value-wrapper\">\n<div><span>110\/230 universaalne sisend<\/span><\/div>\n<div>85 &#8211; 264<\/div>\n<\/div>\n<\/td>\n<td><\/td>\n<td><\/td>\n<\/tr>\n<tr class=\"two-columns\">\n<td class=\"name\">\n<div class=\"specification-name-wrapper\"><span>IP reiting<\/span><\/div>\n<\/td>\n<td class=\"value\">\n<div class=\"specification-value-wrapper\">\n<div><span>IP-d pole m\u00e4\u00e4ratud<\/span><\/div>\n<\/div>\n<\/td>\n<td><\/td>\n<td><\/td>\n<\/tr>\n<tr class=\"two-columns\">\n<td class=\"name\">\n<div class=\"specification-name-wrapper\"><span>Laius (mm)<\/span><\/div>\n<\/td>\n<td class=\"value\">\n<div class=\"specification-value-wrapper\">\n<div>78<\/div>\n<\/div>\n<\/td>\n<td><\/td>\n<td><\/td>\n<\/tr>\n<tr class=\"two-columns\">\n<td class=\"name\">\n<div class=\"specification-name-wrapper\"><span>K\u00f5rgus (mm)<\/span><\/div>\n<\/td>\n<td class=\"value\">\n<div class=\"specification-value-wrapper\">\n<div>93<\/div>\n<\/div>\n<\/td>\n<td><\/td>\n<td><\/td>\n<\/tr>\n<tr class=\"two-columns\">\n<td class=\"name\">\n<div class=\"specification-name-wrapper\"><span>S\u00fcgavus (mm)<\/span><\/div>\n<\/td>\n<td class=\"value\">\n<div class=\"specification-value-wrapper\">\n<div>56<\/div>\n<\/div>\n<\/td>\n<td><\/td>\n<td><\/td>\n<\/tr>\n<tr class=\"two-columns\">\n<td class=\"name\">\n<div class=\"specification-name-wrapper\"><span>H\u00e4mardamise tehnoloogia<\/span><\/div>\n<\/td>\n<td class=\"value\">\n<div class=\"specification-value-wrapper\">\n<div><span>H\u00e4mardamist pole<\/span><\/div>\n<\/div>\n<\/td>\n<\/tr>\n<\/tbody>\n<\/table>\n<\/div>\n<\/div>\n<div class=\"gvi-table-wrapper\"><\/div>\n","protected":false},"excerpt":{"rendered":"[wpdm_package id='13382']\n[wpdm_package id='13384']\n","protected":false},"featured_media":13380,"template":"","meta":[],"product_brand":[],"product_cat":[1131],"product_tag":[],"class_list":{"0":"post-13377","1":"product","2":"type-product","3":"status-publish","4":"has-post-thumbnail","6":"product_cat-toiteallikas","7":"pa_brand-mean-well-et","9":"first","10":"instock","11":"taxable","12":"shipping-taxable","13":"product-type-simple"},"yoast_head":"<!-- This site is optimized with the Yoast SEO Premium plugin v27.3 (Yoast SEO v27.3) - https:\/\/yoast.com\/product\/yoast-seo-premium-wordpress\/ -->\n<title>DR-30-12 - Fonolukk<\/title>\n<meta name=\"description\" content=\"AC-DC t\u00f6\u00f6stuslik DIN-r\u00f6\u00f6pa toiteallikas;\u00a0V\u00e4ljund 12Vdc 2A juures;\u00a0plastikust T-kujuline \u00fcmbris;\u00a0DR-30-12-le j\u00e4rgneb HDR-30-12.\" \/>\n<meta name=\"robots\" content=\"index, follow, max-snippet:-1, max-image-preview:large, max-video-preview:-1\" \/>\n<link rel=\"canonical\" href=\"https:\/\/fonolukk.eu\/et\/tooted\/dr-30-12\/\" \/>\n<meta property=\"og:locale\" content=\"et_EE\" \/>\n<meta property=\"og:type\" content=\"article\" \/>\n<meta property=\"og:title\" content=\"DR-30-12\" \/>\n<meta property=\"og:url\" content=\"https:\/\/fonolukk.eu\/et\/tooted\/dr-30-12\/\" \/>\n<meta property=\"og:site_name\" content=\"Fonolukk\" \/>\n<meta property=\"article:publisher\" content=\"https:\/\/www.facebook.com\/fonolukk\" \/>\n<meta property=\"article:modified_time\" content=\"2022-05-24T06:58:30+00:00\" \/>\n<meta property=\"og:image\" content=\"https:\/\/fonolukk.eu\/wp-content\/uploads\/2022\/05\/dr-30-12_1.jpeg\" \/>\n\t<meta property=\"og:image:width\" content=\"1024\" \/>\n\t<meta property=\"og:image:height\" content=\"1024\" \/>\n\t<meta property=\"og:image:type\" content=\"image\/jpeg\" \/>\n<meta name=\"twitter:card\" content=\"summary_large_image\" \/>\n<meta name=\"twitter:label1\" content=\"Hind\" \/>\n\t<meta name=\"twitter:data1\" content=\"\" \/>\n\t<meta name=\"twitter:label2\" content=\"Availability\" \/>\n\t<meta name=\"twitter:data2\" content=\"Laos\" \/>\n<script type=\"application\/ld+json\" class=\"yoast-schema-graph\">{\"@context\":\"https:\\\/\\\/schema.org\",\"@graph\":[{\"@type\":\"WebPage\",\"@id\":\"https:\\\/\\\/fonolukk.eu\\\/et\\\/tooted\\\/dr-30-12\\\/\",\"url\":\"https:\\\/\\\/fonolukk.eu\\\/et\\\/tooted\\\/dr-30-12\\\/\",\"name\":\"DR-30-12 - Fonolukk\",\"isPartOf\":{\"@id\":\"https:\\\/\\\/fonolukk.eu\\\/et\\\/#website\"},\"primaryImageOfPage\":{\"@id\":\"https:\\\/\\\/fonolukk.eu\\\/et\\\/tooted\\\/dr-30-12\\\/#primaryimage\"},\"image\":{\"@id\":\"https:\\\/\\\/fonolukk.eu\\\/et\\\/tooted\\\/dr-30-12\\\/#primaryimage\"},\"thumbnailUrl\":\"https:\\\/\\\/fonolukk.eu\\\/wp-content\\\/uploads\\\/2022\\\/05\\\/dr-30-12_1.jpeg\",\"datePublished\":\"2022-05-24T06:37:52+00:00\",\"dateModified\":\"2022-05-24T06:58:30+00:00\",\"description\":\"AC-DC t\u00f6\u00f6stuslik DIN-r\u00f6\u00f6pa toiteallikas;\u00a0V\u00e4ljund 12Vdc 2A juures;\u00a0plastikust T-kujuline \u00fcmbris;\u00a0DR-30-12-le j\u00e4rgneb HDR-30-12.\",\"breadcrumb\":{\"@id\":\"https:\\\/\\\/fonolukk.eu\\\/et\\\/tooted\\\/dr-30-12\\\/#breadcrumb\"},\"inLanguage\":\"et\",\"potentialAction\":[{\"@type\":\"ReadAction\",\"target\":[\"https:\\\/\\\/fonolukk.eu\\\/et\\\/tooted\\\/dr-30-12\\\/\"]}]},{\"@type\":\"ImageObject\",\"inLanguage\":\"et\",\"@id\":\"https:\\\/\\\/fonolukk.eu\\\/et\\\/tooted\\\/dr-30-12\\\/#primaryimage\",\"url\":\"https:\\\/\\\/fonolukk.eu\\\/wp-content\\\/uploads\\\/2022\\\/05\\\/dr-30-12_1.jpeg\",\"contentUrl\":\"https:\\\/\\\/fonolukk.eu\\\/wp-content\\\/uploads\\\/2022\\\/05\\\/dr-30-12_1.jpeg\",\"width\":1024,\"height\":1024,\"caption\":\"DR-30-12\"},{\"@type\":\"BreadcrumbList\",\"@id\":\"https:\\\/\\\/fonolukk.eu\\\/et\\\/tooted\\\/dr-30-12\\\/#breadcrumb\",\"itemListElement\":[{\"@type\":\"ListItem\",\"position\":1,\"name\":\"Esileht\",\"item\":\"https:\\\/\\\/fonolukk.eu\\\/et\\\/koduleht\\\/\"},{\"@type\":\"ListItem\",\"position\":2,\"name\":\"Tooted\",\"item\":\"https:\\\/\\\/fonolukk.eu\\\/et\\\/shop-2\\\/\"},{\"@type\":\"ListItem\",\"position\":3,\"name\":\"Toiteallikas\",\"item\":\"https:\\\/\\\/fonolukk.eu\\\/et\\\/product-category\\\/toiteallikas\\\/\"},{\"@type\":\"ListItem\",\"position\":4,\"name\":\"DR-30-12\"}]},{\"@type\":\"WebSite\",\"@id\":\"https:\\\/\\\/fonolukk.eu\\\/et\\\/#website\",\"url\":\"https:\\\/\\\/fonolukk.eu\\\/et\\\/\",\"name\":\"Fonolukk eu\",\"description\":\"Smart Security Systems\",\"publisher\":{\"@id\":\"https:\\\/\\\/fonolukk.eu\\\/et\\\/#organization\"},\"potentialAction\":[{\"@type\":\"SearchAction\",\"target\":{\"@type\":\"EntryPoint\",\"urlTemplate\":\"https:\\\/\\\/fonolukk.eu\\\/et\\\/?s={search_term_string}\"},\"query-input\":{\"@type\":\"PropertyValueSpecification\",\"valueRequired\":true,\"valueName\":\"search_term_string\"}}],\"inLanguage\":\"et\"},{\"@type\":\"Organization\",\"@id\":\"https:\\\/\\\/fonolukk.eu\\\/et\\\/#organization\",\"name\":\"Smart Security OU\",\"url\":\"https:\\\/\\\/fonolukk.eu\\\/et\\\/\",\"logo\":{\"@type\":\"ImageObject\",\"inLanguage\":\"et\",\"@id\":\"https:\\\/\\\/fonolukk.eu\\\/et\\\/#\\\/schema\\\/logo\\\/image\\\/\",\"url\":\"https:\\\/\\\/fonolukk.eu\\\/wp-content\\\/uploads\\\/2023\\\/09\\\/fonolukk.png\",\"contentUrl\":\"https:\\\/\\\/fonolukk.eu\\\/wp-content\\\/uploads\\\/2023\\\/09\\\/fonolukk.png\",\"width\":277,\"height\":274,\"caption\":\"Smart Security OU\"},\"image\":{\"@id\":\"https:\\\/\\\/fonolukk.eu\\\/et\\\/#\\\/schema\\\/logo\\\/image\\\/\"},\"sameAs\":[\"https:\\\/\\\/www.facebook.com\\\/fonolukk\",\"https:\\\/\\\/www.instagram.com\\\/fonolukk\\\/?hl=ru\"],\"publishingPrinciples\":\"https:\\\/\\\/fonolukk.eu\\\/terms-and-conditions\\\/\",\"ownershipFundingInfo\":\"https:\\\/\\\/fonolukk.eu\\\/about-us\\\/\"}]}<\/script>\n<meta property=\"product:brand\" content=\"Mean Well\" \/>\n<meta property=\"product:price:amount\" content=\"0.00\" \/>\n<meta property=\"product:price:currency\" content=\"EUR\" \/>\n<meta property=\"og:availability\" content=\"instock\" \/>\n<meta property=\"product:availability\" content=\"instock\" \/>\n<meta property=\"product:retailer_item_id\" content=\"DR-30-12\" \/>\n<meta property=\"product:condition\" content=\"new\" \/>\n<!-- \/ Yoast SEO Premium plugin. -->","yoast_head_json":{"title":"DR-30-12 - Fonolukk","description":"AC-DC t\u00f6\u00f6stuslik DIN-r\u00f6\u00f6pa toiteallikas;\u00a0V\u00e4ljund 12Vdc 2A juures;\u00a0plastikust T-kujuline \u00fcmbris;\u00a0DR-30-12-le j\u00e4rgneb HDR-30-12.","robots":{"index":"index","follow":"follow","max-snippet":"max-snippet:-1","max-image-preview":"max-image-preview:large","max-video-preview":"max-video-preview:-1"},"canonical":"https:\/\/fonolukk.eu\/et\/tooted\/dr-30-12\/","og_locale":"et_EE","og_type":"article","og_title":"DR-30-12","og_url":"https:\/\/fonolukk.eu\/et\/tooted\/dr-30-12\/","og_site_name":"Fonolukk","article_publisher":"https:\/\/www.facebook.com\/fonolukk","article_modified_time":"2022-05-24T06:58:30+00:00","og_image":[{"width":1024,"height":1024,"url":"https:\/\/fonolukk.eu\/wp-content\/uploads\/2022\/05\/dr-30-12_1.jpeg","type":"image\/jpeg"}],"twitter_card":"summary_large_image","twitter_misc":{"Hind":"","Availability":"Laos"},"schema":{"@context":"https:\/\/schema.org","@graph":[{"@type":"WebPage","@id":"https:\/\/fonolukk.eu\/et\/tooted\/dr-30-12\/","url":"https:\/\/fonolukk.eu\/et\/tooted\/dr-30-12\/","name":"DR-30-12 - Fonolukk","isPartOf":{"@id":"https:\/\/fonolukk.eu\/et\/#website"},"primaryImageOfPage":{"@id":"https:\/\/fonolukk.eu\/et\/tooted\/dr-30-12\/#primaryimage"},"image":{"@id":"https:\/\/fonolukk.eu\/et\/tooted\/dr-30-12\/#primaryimage"},"thumbnailUrl":"https:\/\/fonolukk.eu\/wp-content\/uploads\/2022\/05\/dr-30-12_1.jpeg","datePublished":"2022-05-24T06:37:52+00:00","dateModified":"2022-05-24T06:58:30+00:00","description":"AC-DC t\u00f6\u00f6stuslik DIN-r\u00f6\u00f6pa toiteallikas;\u00a0V\u00e4ljund 12Vdc 2A juures;\u00a0plastikust T-kujuline \u00fcmbris;\u00a0DR-30-12-le j\u00e4rgneb HDR-30-12.","breadcrumb":{"@id":"https:\/\/fonolukk.eu\/et\/tooted\/dr-30-12\/#breadcrumb"},"inLanguage":"et","potentialAction":[{"@type":"ReadAction","target":["https:\/\/fonolukk.eu\/et\/tooted\/dr-30-12\/"]}]},{"@type":"ImageObject","inLanguage":"et","@id":"https:\/\/fonolukk.eu\/et\/tooted\/dr-30-12\/#primaryimage","url":"https:\/\/fonolukk.eu\/wp-content\/uploads\/2022\/05\/dr-30-12_1.jpeg","contentUrl":"https:\/\/fonolukk.eu\/wp-content\/uploads\/2022\/05\/dr-30-12_1.jpeg","width":1024,"height":1024,"caption":"DR-30-12"},{"@type":"BreadcrumbList","@id":"https:\/\/fonolukk.eu\/et\/tooted\/dr-30-12\/#breadcrumb","itemListElement":[{"@type":"ListItem","position":1,"name":"Esileht","item":"https:\/\/fonolukk.eu\/et\/koduleht\/"},{"@type":"ListItem","position":2,"name":"Tooted","item":"https:\/\/fonolukk.eu\/et\/shop-2\/"},{"@type":"ListItem","position":3,"name":"Toiteallikas","item":"https:\/\/fonolukk.eu\/et\/product-category\/toiteallikas\/"},{"@type":"ListItem","position":4,"name":"DR-30-12"}]},{"@type":"WebSite","@id":"https:\/\/fonolukk.eu\/et\/#website","url":"https:\/\/fonolukk.eu\/et\/","name":"Fonolukk eu","description":"Smart Security Systems","publisher":{"@id":"https:\/\/fonolukk.eu\/et\/#organization"},"potentialAction":[{"@type":"SearchAction","target":{"@type":"EntryPoint","urlTemplate":"https:\/\/fonolukk.eu\/et\/?s={search_term_string}"},"query-input":{"@type":"PropertyValueSpecification","valueRequired":true,"valueName":"search_term_string"}}],"inLanguage":"et"},{"@type":"Organization","@id":"https:\/\/fonolukk.eu\/et\/#organization","name":"Smart Security OU","url":"https:\/\/fonolukk.eu\/et\/","logo":{"@type":"ImageObject","inLanguage":"et","@id":"https:\/\/fonolukk.eu\/et\/#\/schema\/logo\/image\/","url":"https:\/\/fonolukk.eu\/wp-content\/uploads\/2023\/09\/fonolukk.png","contentUrl":"https:\/\/fonolukk.eu\/wp-content\/uploads\/2023\/09\/fonolukk.png","width":277,"height":274,"caption":"Smart Security OU"},"image":{"@id":"https:\/\/fonolukk.eu\/et\/#\/schema\/logo\/image\/"},"sameAs":["https:\/\/www.facebook.com\/fonolukk","https:\/\/www.instagram.com\/fonolukk\/?hl=ru"],"publishingPrinciples":"https:\/\/fonolukk.eu\/terms-and-conditions\/","ownershipFundingInfo":"https:\/\/fonolukk.eu\/about-us\/"}]},"product_brand":"Mean Well","product_price_amount":"0.00","product_price_currency":"EUR","og_availability":"instock","product_availability":"instock","product_retailer_item_id":"DR-30-12","product_condition":"new"},"_links":{"self":[{"href":"https:\/\/fonolukk.eu\/et\/wp-json\/wp\/v2\/product\/13377","targetHints":{"allow":["GET"]}}],"collection":[{"href":"https:\/\/fonolukk.eu\/et\/wp-json\/wp\/v2\/product"}],"about":[{"href":"https:\/\/fonolukk.eu\/et\/wp-json\/wp\/v2\/types\/product"}],"version-history":[{"count":0,"href":"https:\/\/fonolukk.eu\/et\/wp-json\/wp\/v2\/product\/13377\/revisions"}],"wp:featuredmedia":[{"embeddable":true,"href":"https:\/\/fonolukk.eu\/et\/wp-json\/wp\/v2\/media\/13380"}],"wp:attachment":[{"href":"https:\/\/fonolukk.eu\/et\/wp-json\/wp\/v2\/media?parent=13377"}],"wp:term":[{"taxonomy":"product_brand","embeddable":true,"href":"https:\/\/fonolukk.eu\/et\/wp-json\/wp\/v2\/product_brand?post=13377"},{"taxonomy":"product_cat","embeddable":true,"href":"https:\/\/fonolukk.eu\/et\/wp-json\/wp\/v2\/product_cat?post=13377"},{"taxonomy":"product_tag","embeddable":true,"href":"https:\/\/fonolukk.eu\/et\/wp-json\/wp\/v2\/product_tag?post=13377"}],"curies":[{"name":"wp","href":"https:\/\/api.w.org\/{rel}","templated":true}]}}