{"id":13387,"date":"2022-05-24T11:34:11","date_gmt":"2022-05-24T08:34:11","guid":{"rendered":"https:\/\/fonolukk.eu\/?post_type=product&#038;p=13387"},"modified":"2022-05-24T11:48:15","modified_gmt":"2022-05-24T08:48:15","slug":"lrs-35-12","status":"publish","type":"product","link":"https:\/\/fonolukk.eu\/et\/tooted\/lrs-35-12\/","title":{"rendered":"LRS-35-12"},"content":{"rendered":"<div class=\"heading collapsable-trigger\" data-dojo-attach-point=\"trigger\">\n<h2><span>Toote \u00fclevaade<\/span><\/h2>\n<\/div>\n<div class=\"collapsable-content\">\n<div class=\"contents\"><span>LRS-35 seeria 35 W \u00fche v\u00e4ljundiga suletud t\u00fc\u00fcpi toiteallikas 30 mm madala profiiliga.\u00a085VAC v\u00f5i 264VAC sisendi kasutuselev\u00f5tt.\u00a0Sellel on k\u00f5rge kasutegur kuni 89%, pikk kasutusiga ja k\u00f5rge t\u00f6\u00f6kindlus.<\/span><\/div>\n<div id=\"fnb_features\" class=\"featuresList\">\n<ul class=\"firstList\">\n<li><span>Talub 300 VAC liigpinge sisendit 5 sekundit<\/span><\/li>\n<li><span>Koormuseta voolutarve &lt;0,2W<\/span><\/li>\n<li><span>Miniatuurne suurus ja 1U madal profiil<\/span><\/li>\n<li><span>K\u00f5rge t\u00f6\u00f6temperatuur kuni 70\u2070C<\/span><\/li>\n<li><span>L\u00fchise\/\u00fclekoormuse\/liigpinge kaitse<\/span><\/li>\n<li><span>Jahuta vaba \u00f5hukonvektsiooniga<\/span><\/li>\n<li><span>Kodumasinate vastavus standarditele IEC\/EN 60335-1 ja IEC\/EN61558-1,2-16<\/span><\/li>\n<li><span>LED-indikaator sissel\u00fclitamiseks<\/span><\/li>\n<li><span>M\u00f5\u00f5dud on 99 mm x 82 mm x 30 mm<\/span><\/li>\n<\/ul>\n<\/div>\n<h3><span>Hoiatused<\/span><\/h3>\n<div class=\"warning\"><span>Turun\u00f5udlus selle toote j\u00e4rele on p\u00f5hjustanud tarneaegade pikenemise.\u00a0Tarnekuup\u00e4evad v\u00f5ivad k\u00f5ikuda.\u00a0Toode on allahindlustest vabastatud.<\/span><\/div>\n<\/div>\n<div><\/div>\n","protected":false},"excerpt":{"rendered":"[wpdm_package id='13389']\n","protected":false},"featured_media":13392,"template":"","meta":[],"product_brand":[],"product_cat":[1131],"product_tag":[],"class_list":{"0":"post-13387","1":"product","2":"type-product","3":"status-publish","4":"has-post-thumbnail","6":"product_cat-toiteallikas","7":"pa_brand-mean-well-et","9":"first","10":"instock","11":"taxable","12":"shipping-taxable","13":"purchasable","14":"product-type-simple"},"yoast_head":"<!-- This site is optimized with the Yoast SEO Premium plugin v27.3 (Yoast SEO v27.3) - https:\/\/yoast.com\/product\/yoast-seo-premium-wordpress\/ -->\n<title>LRS-35-12 - Fonolukk<\/title>\n<meta name=\"description\" content=\"LRS-35 seeria 35 W \u00fche v\u00e4ljundiga suletud t\u00fc\u00fcpi toiteallikas 30 mm madala profiiliga.\" \/>\n<meta name=\"robots\" content=\"index, follow, max-snippet:-1, max-image-preview:large, max-video-preview:-1\" \/>\n<link rel=\"canonical\" href=\"https:\/\/fonolukk.eu\/et\/tooted\/lrs-35-12\/\" \/>\n<meta property=\"og:locale\" content=\"et_EE\" \/>\n<meta property=\"og:type\" content=\"article\" \/>\n<meta property=\"og:title\" content=\"LRS-35-12\" \/>\n<meta property=\"og:description\" content=\"Toote \u00fclevaade LRS-35 seeria 35 W \u00fche v\u00e4ljundiga suletud t\u00fc\u00fcpi toiteallikas 30 mm madala profiiliga.\u00a085VAC v\u00f5i 264VAC sisendi kasutuselev\u00f5tt.\u00a0Sellel on\" \/>\n<meta property=\"og:url\" content=\"https:\/\/fonolukk.eu\/et\/tooted\/lrs-35-12\/\" \/>\n<meta property=\"og:site_name\" content=\"Fonolukk\" \/>\n<meta property=\"article:publisher\" content=\"https:\/\/www.facebook.com\/fonolukk\" \/>\n<meta property=\"article:modified_time\" content=\"2022-05-24T08:48:15+00:00\" \/>\n<meta property=\"og:image\" content=\"https:\/\/fonolukk.eu\/wp-content\/uploads\/2022\/05\/lrs-35-12_1.jpeg\" \/>\n\t<meta property=\"og:image:width\" content=\"1024\" \/>\n\t<meta property=\"og:image:height\" content=\"1024\" \/>\n\t<meta property=\"og:image:type\" content=\"image\/jpeg\" \/>\n<meta name=\"twitter:card\" content=\"summary_large_image\" \/>\n<meta name=\"twitter:label1\" content=\"Hind\" \/>\n\t<meta name=\"twitter:data1\" content=\"&euro;20.83 koos KM\" \/>\n\t<meta name=\"twitter:label2\" content=\"Availability\" \/>\n\t<meta name=\"twitter:data2\" content=\"Laos\" \/>\n<script type=\"application\/ld+json\" class=\"yoast-schema-graph\">{\"@context\":\"https:\\\/\\\/schema.org\",\"@graph\":[{\"@type\":\"WebPage\",\"@id\":\"https:\\\/\\\/fonolukk.eu\\\/et\\\/tooted\\\/lrs-35-12\\\/\",\"url\":\"https:\\\/\\\/fonolukk.eu\\\/et\\\/tooted\\\/lrs-35-12\\\/\",\"name\":\"LRS-35-12 - Fonolukk\",\"isPartOf\":{\"@id\":\"https:\\\/\\\/fonolukk.eu\\\/et\\\/#website\"},\"primaryImageOfPage\":{\"@id\":\"https:\\\/\\\/fonolukk.eu\\\/et\\\/tooted\\\/lrs-35-12\\\/#primaryimage\"},\"image\":{\"@id\":\"https:\\\/\\\/fonolukk.eu\\\/et\\\/tooted\\\/lrs-35-12\\\/#primaryimage\"},\"thumbnailUrl\":\"https:\\\/\\\/fonolukk.eu\\\/wp-content\\\/uploads\\\/2022\\\/05\\\/lrs-35-12_1.jpeg\",\"datePublished\":\"2022-05-24T08:34:11+00:00\",\"dateModified\":\"2022-05-24T08:48:15+00:00\",\"description\":\"LRS-35 seeria 35 W \u00fche v\u00e4ljundiga suletud t\u00fc\u00fcpi toiteallikas 30 mm madala profiiliga.\",\"breadcrumb\":{\"@id\":\"https:\\\/\\\/fonolukk.eu\\\/et\\\/tooted\\\/lrs-35-12\\\/#breadcrumb\"},\"inLanguage\":\"et\",\"potentialAction\":[{\"@type\":\"ReadAction\",\"target\":[\"https:\\\/\\\/fonolukk.eu\\\/et\\\/tooted\\\/lrs-35-12\\\/\"]}]},{\"@type\":\"ImageObject\",\"inLanguage\":\"et\",\"@id\":\"https:\\\/\\\/fonolukk.eu\\\/et\\\/tooted\\\/lrs-35-12\\\/#primaryimage\",\"url\":\"https:\\\/\\\/fonolukk.eu\\\/wp-content\\\/uploads\\\/2022\\\/05\\\/lrs-35-12_1.jpeg\",\"contentUrl\":\"https:\\\/\\\/fonolukk.eu\\\/wp-content\\\/uploads\\\/2022\\\/05\\\/lrs-35-12_1.jpeg\",\"width\":1024,\"height\":1024,\"caption\":\"LRS-35-12\"},{\"@type\":\"BreadcrumbList\",\"@id\":\"https:\\\/\\\/fonolukk.eu\\\/et\\\/tooted\\\/lrs-35-12\\\/#breadcrumb\",\"itemListElement\":[{\"@type\":\"ListItem\",\"position\":1,\"name\":\"Esileht\",\"item\":\"https:\\\/\\\/fonolukk.eu\\\/et\\\/koduleht\\\/\"},{\"@type\":\"ListItem\",\"position\":2,\"name\":\"Tooted\",\"item\":\"https:\\\/\\\/fonolukk.eu\\\/et\\\/shop-2\\\/\"},{\"@type\":\"ListItem\",\"position\":3,\"name\":\"Toiteallikas\",\"item\":\"https:\\\/\\\/fonolukk.eu\\\/et\\\/product-category\\\/toiteallikas\\\/\"},{\"@type\":\"ListItem\",\"position\":4,\"name\":\"LRS-35-12\"}]},{\"@type\":\"WebSite\",\"@id\":\"https:\\\/\\\/fonolukk.eu\\\/et\\\/#website\",\"url\":\"https:\\\/\\\/fonolukk.eu\\\/et\\\/\",\"name\":\"Fonolukk eu\",\"description\":\"Smart Security Systems\",\"publisher\":{\"@id\":\"https:\\\/\\\/fonolukk.eu\\\/et\\\/#organization\"},\"potentialAction\":[{\"@type\":\"SearchAction\",\"target\":{\"@type\":\"EntryPoint\",\"urlTemplate\":\"https:\\\/\\\/fonolukk.eu\\\/et\\\/?s={search_term_string}\"},\"query-input\":{\"@type\":\"PropertyValueSpecification\",\"valueRequired\":true,\"valueName\":\"search_term_string\"}}],\"inLanguage\":\"et\"},{\"@type\":\"Organization\",\"@id\":\"https:\\\/\\\/fonolukk.eu\\\/et\\\/#organization\",\"name\":\"Smart Security OU\",\"url\":\"https:\\\/\\\/fonolukk.eu\\\/et\\\/\",\"logo\":{\"@type\":\"ImageObject\",\"inLanguage\":\"et\",\"@id\":\"https:\\\/\\\/fonolukk.eu\\\/et\\\/#\\\/schema\\\/logo\\\/image\\\/\",\"url\":\"https:\\\/\\\/fonolukk.eu\\\/wp-content\\\/uploads\\\/2023\\\/09\\\/fonolukk.png\",\"contentUrl\":\"https:\\\/\\\/fonolukk.eu\\\/wp-content\\\/uploads\\\/2023\\\/09\\\/fonolukk.png\",\"width\":277,\"height\":274,\"caption\":\"Smart Security OU\"},\"image\":{\"@id\":\"https:\\\/\\\/fonolukk.eu\\\/et\\\/#\\\/schema\\\/logo\\\/image\\\/\"},\"sameAs\":[\"https:\\\/\\\/www.facebook.com\\\/fonolukk\",\"https:\\\/\\\/www.instagram.com\\\/fonolukk\\\/?hl=ru\"],\"publishingPrinciples\":\"https:\\\/\\\/fonolukk.eu\\\/terms-and-conditions\\\/\",\"ownershipFundingInfo\":\"https:\\\/\\\/fonolukk.eu\\\/about-us\\\/\"}]}<\/script>\n<meta property=\"product:brand\" content=\"Mean Well\" \/>\n<meta property=\"product:price:amount\" content=\"20.83\" \/>\n<meta property=\"product:price:currency\" content=\"EUR\" \/>\n<meta property=\"og:availability\" content=\"instock\" \/>\n<meta property=\"product:availability\" content=\"instock\" \/>\n<meta property=\"product:retailer_item_id\" content=\"LRS-35-12\" \/>\n<meta property=\"product:condition\" content=\"new\" \/>\n<!-- \/ Yoast SEO Premium plugin. -->","yoast_head_json":{"title":"LRS-35-12 - Fonolukk","description":"LRS-35 seeria 35 W \u00fche v\u00e4ljundiga suletud t\u00fc\u00fcpi toiteallikas 30 mm madala profiiliga.","robots":{"index":"index","follow":"follow","max-snippet":"max-snippet:-1","max-image-preview":"max-image-preview:large","max-video-preview":"max-video-preview:-1"},"canonical":"https:\/\/fonolukk.eu\/et\/tooted\/lrs-35-12\/","og_locale":"et_EE","og_type":"article","og_title":"LRS-35-12","og_description":"Toote \u00fclevaade LRS-35 seeria 35 W \u00fche v\u00e4ljundiga suletud t\u00fc\u00fcpi toiteallikas 30 mm madala profiiliga.\u00a085VAC v\u00f5i 264VAC sisendi kasutuselev\u00f5tt.\u00a0Sellel on","og_url":"https:\/\/fonolukk.eu\/et\/tooted\/lrs-35-12\/","og_site_name":"Fonolukk","article_publisher":"https:\/\/www.facebook.com\/fonolukk","article_modified_time":"2022-05-24T08:48:15+00:00","og_image":[{"width":1024,"height":1024,"url":"https:\/\/fonolukk.eu\/wp-content\/uploads\/2022\/05\/lrs-35-12_1.jpeg","type":"image\/jpeg"}],"twitter_card":"summary_large_image","twitter_misc":{"Hind":"&euro;20.83 koos KM","Availability":"Laos"},"schema":{"@context":"https:\/\/schema.org","@graph":[{"@type":"WebPage","@id":"https:\/\/fonolukk.eu\/et\/tooted\/lrs-35-12\/","url":"https:\/\/fonolukk.eu\/et\/tooted\/lrs-35-12\/","name":"LRS-35-12 - Fonolukk","isPartOf":{"@id":"https:\/\/fonolukk.eu\/et\/#website"},"primaryImageOfPage":{"@id":"https:\/\/fonolukk.eu\/et\/tooted\/lrs-35-12\/#primaryimage"},"image":{"@id":"https:\/\/fonolukk.eu\/et\/tooted\/lrs-35-12\/#primaryimage"},"thumbnailUrl":"https:\/\/fonolukk.eu\/wp-content\/uploads\/2022\/05\/lrs-35-12_1.jpeg","datePublished":"2022-05-24T08:34:11+00:00","dateModified":"2022-05-24T08:48:15+00:00","description":"LRS-35 seeria 35 W \u00fche v\u00e4ljundiga suletud t\u00fc\u00fcpi toiteallikas 30 mm madala profiiliga.","breadcrumb":{"@id":"https:\/\/fonolukk.eu\/et\/tooted\/lrs-35-12\/#breadcrumb"},"inLanguage":"et","potentialAction":[{"@type":"ReadAction","target":["https:\/\/fonolukk.eu\/et\/tooted\/lrs-35-12\/"]}]},{"@type":"ImageObject","inLanguage":"et","@id":"https:\/\/fonolukk.eu\/et\/tooted\/lrs-35-12\/#primaryimage","url":"https:\/\/fonolukk.eu\/wp-content\/uploads\/2022\/05\/lrs-35-12_1.jpeg","contentUrl":"https:\/\/fonolukk.eu\/wp-content\/uploads\/2022\/05\/lrs-35-12_1.jpeg","width":1024,"height":1024,"caption":"LRS-35-12"},{"@type":"BreadcrumbList","@id":"https:\/\/fonolukk.eu\/et\/tooted\/lrs-35-12\/#breadcrumb","itemListElement":[{"@type":"ListItem","position":1,"name":"Esileht","item":"https:\/\/fonolukk.eu\/et\/koduleht\/"},{"@type":"ListItem","position":2,"name":"Tooted","item":"https:\/\/fonolukk.eu\/et\/shop-2\/"},{"@type":"ListItem","position":3,"name":"Toiteallikas","item":"https:\/\/fonolukk.eu\/et\/product-category\/toiteallikas\/"},{"@type":"ListItem","position":4,"name":"LRS-35-12"}]},{"@type":"WebSite","@id":"https:\/\/fonolukk.eu\/et\/#website","url":"https:\/\/fonolukk.eu\/et\/","name":"Fonolukk eu","description":"Smart Security Systems","publisher":{"@id":"https:\/\/fonolukk.eu\/et\/#organization"},"potentialAction":[{"@type":"SearchAction","target":{"@type":"EntryPoint","urlTemplate":"https:\/\/fonolukk.eu\/et\/?s={search_term_string}"},"query-input":{"@type":"PropertyValueSpecification","valueRequired":true,"valueName":"search_term_string"}}],"inLanguage":"et"},{"@type":"Organization","@id":"https:\/\/fonolukk.eu\/et\/#organization","name":"Smart Security OU","url":"https:\/\/fonolukk.eu\/et\/","logo":{"@type":"ImageObject","inLanguage":"et","@id":"https:\/\/fonolukk.eu\/et\/#\/schema\/logo\/image\/","url":"https:\/\/fonolukk.eu\/wp-content\/uploads\/2023\/09\/fonolukk.png","contentUrl":"https:\/\/fonolukk.eu\/wp-content\/uploads\/2023\/09\/fonolukk.png","width":277,"height":274,"caption":"Smart Security OU"},"image":{"@id":"https:\/\/fonolukk.eu\/et\/#\/schema\/logo\/image\/"},"sameAs":["https:\/\/www.facebook.com\/fonolukk","https:\/\/www.instagram.com\/fonolukk\/?hl=ru"],"publishingPrinciples":"https:\/\/fonolukk.eu\/terms-and-conditions\/","ownershipFundingInfo":"https:\/\/fonolukk.eu\/about-us\/"}]},"product_brand":"Mean Well","product_price_amount":"20.83","product_price_currency":"EUR","og_availability":"instock","product_availability":"instock","product_retailer_item_id":"LRS-35-12","product_condition":"new"},"_links":{"self":[{"href":"https:\/\/fonolukk.eu\/et\/wp-json\/wp\/v2\/product\/13387","targetHints":{"allow":["GET"]}}],"collection":[{"href":"https:\/\/fonolukk.eu\/et\/wp-json\/wp\/v2\/product"}],"about":[{"href":"https:\/\/fonolukk.eu\/et\/wp-json\/wp\/v2\/types\/product"}],"version-history":[{"count":0,"href":"https:\/\/fonolukk.eu\/et\/wp-json\/wp\/v2\/product\/13387\/revisions"}],"wp:featuredmedia":[{"embeddable":true,"href":"https:\/\/fonolukk.eu\/et\/wp-json\/wp\/v2\/media\/13392"}],"wp:attachment":[{"href":"https:\/\/fonolukk.eu\/et\/wp-json\/wp\/v2\/media?parent=13387"}],"wp:term":[{"taxonomy":"product_brand","embeddable":true,"href":"https:\/\/fonolukk.eu\/et\/wp-json\/wp\/v2\/product_brand?post=13387"},{"taxonomy":"product_cat","embeddable":true,"href":"https:\/\/fonolukk.eu\/et\/wp-json\/wp\/v2\/product_cat?post=13387"},{"taxonomy":"product_tag","embeddable":true,"href":"https:\/\/fonolukk.eu\/et\/wp-json\/wp\/v2\/product_tag?post=13387"}],"curies":[{"name":"wp","href":"https:\/\/api.w.org\/{rel}","templated":true}]}}