{"id":13425,"date":"2022-05-25T00:00:12","date_gmt":"2022-05-24T21:00:13","guid":{"rendered":"https:\/\/fonolukk.eu\/?post_type=product&#038;p=13425"},"modified":"2022-05-25T00:22:23","modified_gmt":"2022-05-24T21:22:23","slug":"pulsar-rn500-stabilizer-12v-5a","status":"publish","type":"product","link":"https:\/\/fonolukk.eu\/et\/tooted\/pulsar-rn500-stabilizer-12v-5a\/","title":{"rendered":"Pulsar RN500 Stabilizer 12V \/ 5A"},"content":{"rendered":"<table id=\"params_table\">\n<tbody>\n<tr>\n<td><span>Toiteallikas<\/span><\/td>\n<td>9\u00f714VDC<\/td>\n<\/tr>\n<tr>\n<td><span>Toiteallika v\u00e4ljund<\/span><\/td>\n<td><span>5A\/12VDC<\/span><\/td>\n<\/tr>\n<tr>\n<td><span>M\u00f5\u00f5tmed<\/span><\/td>\n<td><span>76 x 45 x 70 [+\/-2 mm]<\/span><\/td>\n<\/tr>\n<tr>\n<td><span>Kaitsed<\/span><\/td>\n<td><span>SCP, OLP<\/span><\/td>\n<\/tr>\n<tr>\n<td><span>N\u00e4idustus<\/span><\/td>\n<td><span>LED optiline indikaator<\/span><\/td>\n<\/tr>\n<tr>\n<td><span>Garantii<\/span><\/td>\n<td><span>2 aastat alates tootmiskuup\u00e4evast<\/span><\/td>\n<\/tr>\n<\/tbody>\n<\/table>\n","protected":false},"excerpt":{"rendered":"[wpdm_package id='13427']\n","protected":false},"featured_media":13436,"template":"","meta":[],"product_brand":[],"product_cat":[1131],"product_tag":[],"class_list":{"0":"post-13425","1":"product","2":"type-product","3":"status-publish","4":"has-post-thumbnail","6":"product_cat-toiteallikas","7":"pa_brand-pulsar-et","9":"first","10":"instock","11":"taxable","12":"shipping-taxable","13":"purchasable","14":"product-type-simple"},"yoast_head":"<!-- This site is optimized with the Yoast SEO Premium plugin v27.3 (Yoast SEO v27.3) - https:\/\/yoast.com\/product\/yoast-seo-premium-wordpress\/ -->\n<title>Pulsar RN500 Stabilizer 12V \/ 5A - Fonolukk<\/title>\n<meta name=\"description\" content=\"RN 12V\/5A (RN500) on ette n\u00e4htud alalispinge alandamiseks ja stabiliseerimiseks vahemikus 12\u00f714V v\u00e4\u00e4rtuseni 12V.\" \/>\n<meta name=\"robots\" content=\"index, follow, max-snippet:-1, max-image-preview:large, max-video-preview:-1\" \/>\n<link rel=\"canonical\" href=\"https:\/\/fonolukk.eu\/et\/tooted\/pulsar-rn500-stabilizer-12v-5a\/\" \/>\n<meta property=\"og:locale\" content=\"et_EE\" \/>\n<meta property=\"og:type\" content=\"article\" \/>\n<meta property=\"og:title\" content=\"Pulsar RN500 Stabilizer 12V \/ 5A\" \/>\n<meta property=\"og:description\" content=\"Toiteallikas 9\u00f714VDC Toiteallika v\u00e4ljund 5A\/12VDC M\u00f5\u00f5tmed 76 x 45 x 70 Kaitsed SCP, OLP N\u00e4idustus LED optiline indikaator Garantii 2 aastat alates\" \/>\n<meta property=\"og:url\" content=\"https:\/\/fonolukk.eu\/et\/tooted\/pulsar-rn500-stabilizer-12v-5a\/\" \/>\n<meta property=\"og:site_name\" content=\"Fonolukk\" \/>\n<meta property=\"article:publisher\" content=\"https:\/\/www.facebook.com\/fonolukk\" \/>\n<meta property=\"article:modified_time\" content=\"2022-05-24T21:22:23+00:00\" \/>\n<meta property=\"og:image\" content=\"https:\/\/fonolukk.eu\/wp-content\/uploads\/2022\/05\/rn500_1.png\" \/>\n\t<meta property=\"og:image:width\" content=\"1086\" \/>\n\t<meta property=\"og:image:height\" content=\"1024\" \/>\n\t<meta property=\"og:image:type\" content=\"image\/png\" \/>\n<meta name=\"twitter:card\" content=\"summary_large_image\" \/>\n<meta name=\"twitter:label1\" content=\"Hind\" \/>\n\t<meta name=\"twitter:data1\" content=\"&euro;32.50 koos KM\" \/>\n\t<meta name=\"twitter:label2\" content=\"Availability\" \/>\n\t<meta name=\"twitter:data2\" content=\"Laos\" \/>\n<script type=\"application\/ld+json\" class=\"yoast-schema-graph\">{\"@context\":\"https:\\\/\\\/schema.org\",\"@graph\":[{\"@type\":\"WebPage\",\"@id\":\"https:\\\/\\\/fonolukk.eu\\\/et\\\/tooted\\\/pulsar-rn500-stabilizer-12v-5a\\\/\",\"url\":\"https:\\\/\\\/fonolukk.eu\\\/et\\\/tooted\\\/pulsar-rn500-stabilizer-12v-5a\\\/\",\"name\":\"Pulsar RN500 Stabilizer 12V \\\/ 5A - Fonolukk\",\"isPartOf\":{\"@id\":\"https:\\\/\\\/fonolukk.eu\\\/et\\\/#website\"},\"primaryImageOfPage\":{\"@id\":\"https:\\\/\\\/fonolukk.eu\\\/et\\\/tooted\\\/pulsar-rn500-stabilizer-12v-5a\\\/#primaryimage\"},\"image\":{\"@id\":\"https:\\\/\\\/fonolukk.eu\\\/et\\\/tooted\\\/pulsar-rn500-stabilizer-12v-5a\\\/#primaryimage\"},\"thumbnailUrl\":\"https:\\\/\\\/fonolukk.eu\\\/wp-content\\\/uploads\\\/2022\\\/05\\\/rn500_1.png\",\"datePublished\":\"2022-05-24T21:00:13+00:00\",\"dateModified\":\"2022-05-24T21:22:23+00:00\",\"description\":\"RN 12V\\\/5A (RN500) on ette n\u00e4htud alalispinge alandamiseks ja stabiliseerimiseks vahemikus 12\u00f714V v\u00e4\u00e4rtuseni 12V.\",\"breadcrumb\":{\"@id\":\"https:\\\/\\\/fonolukk.eu\\\/et\\\/tooted\\\/pulsar-rn500-stabilizer-12v-5a\\\/#breadcrumb\"},\"inLanguage\":\"et\",\"potentialAction\":[{\"@type\":\"ReadAction\",\"target\":[\"https:\\\/\\\/fonolukk.eu\\\/et\\\/tooted\\\/pulsar-rn500-stabilizer-12v-5a\\\/\"]}]},{\"@type\":\"ImageObject\",\"inLanguage\":\"et\",\"@id\":\"https:\\\/\\\/fonolukk.eu\\\/et\\\/tooted\\\/pulsar-rn500-stabilizer-12v-5a\\\/#primaryimage\",\"url\":\"https:\\\/\\\/fonolukk.eu\\\/wp-content\\\/uploads\\\/2022\\\/05\\\/rn500_1.png\",\"contentUrl\":\"https:\\\/\\\/fonolukk.eu\\\/wp-content\\\/uploads\\\/2022\\\/05\\\/rn500_1.png\",\"width\":1086,\"height\":1024,\"caption\":\"rn500\"},{\"@type\":\"BreadcrumbList\",\"@id\":\"https:\\\/\\\/fonolukk.eu\\\/et\\\/tooted\\\/pulsar-rn500-stabilizer-12v-5a\\\/#breadcrumb\",\"itemListElement\":[{\"@type\":\"ListItem\",\"position\":1,\"name\":\"Esileht\",\"item\":\"https:\\\/\\\/fonolukk.eu\\\/et\\\/koduleht\\\/\"},{\"@type\":\"ListItem\",\"position\":2,\"name\":\"Tooted\",\"item\":\"https:\\\/\\\/fonolukk.eu\\\/et\\\/shop-2\\\/\"},{\"@type\":\"ListItem\",\"position\":3,\"name\":\"Toiteallikas\",\"item\":\"https:\\\/\\\/fonolukk.eu\\\/et\\\/product-category\\\/toiteallikas\\\/\"},{\"@type\":\"ListItem\",\"position\":4,\"name\":\"Pulsar RN500 Stabilizer 12V \\\/ 5A\"}]},{\"@type\":\"WebSite\",\"@id\":\"https:\\\/\\\/fonolukk.eu\\\/et\\\/#website\",\"url\":\"https:\\\/\\\/fonolukk.eu\\\/et\\\/\",\"name\":\"Fonolukk eu\",\"description\":\"Smart Security Systems\",\"publisher\":{\"@id\":\"https:\\\/\\\/fonolukk.eu\\\/et\\\/#organization\"},\"potentialAction\":[{\"@type\":\"SearchAction\",\"target\":{\"@type\":\"EntryPoint\",\"urlTemplate\":\"https:\\\/\\\/fonolukk.eu\\\/et\\\/?s={search_term_string}\"},\"query-input\":{\"@type\":\"PropertyValueSpecification\",\"valueRequired\":true,\"valueName\":\"search_term_string\"}}],\"inLanguage\":\"et\"},{\"@type\":\"Organization\",\"@id\":\"https:\\\/\\\/fonolukk.eu\\\/et\\\/#organization\",\"name\":\"Smart Security OU\",\"url\":\"https:\\\/\\\/fonolukk.eu\\\/et\\\/\",\"logo\":{\"@type\":\"ImageObject\",\"inLanguage\":\"et\",\"@id\":\"https:\\\/\\\/fonolukk.eu\\\/et\\\/#\\\/schema\\\/logo\\\/image\\\/\",\"url\":\"https:\\\/\\\/fonolukk.eu\\\/wp-content\\\/uploads\\\/2023\\\/09\\\/fonolukk.png\",\"contentUrl\":\"https:\\\/\\\/fonolukk.eu\\\/wp-content\\\/uploads\\\/2023\\\/09\\\/fonolukk.png\",\"width\":277,\"height\":274,\"caption\":\"Smart Security OU\"},\"image\":{\"@id\":\"https:\\\/\\\/fonolukk.eu\\\/et\\\/#\\\/schema\\\/logo\\\/image\\\/\"},\"sameAs\":[\"https:\\\/\\\/www.facebook.com\\\/fonolukk\",\"https:\\\/\\\/www.instagram.com\\\/fonolukk\\\/?hl=ru\"],\"publishingPrinciples\":\"https:\\\/\\\/fonolukk.eu\\\/terms-and-conditions\\\/\",\"ownershipFundingInfo\":\"https:\\\/\\\/fonolukk.eu\\\/about-us\\\/\"}]}<\/script>\n<meta property=\"product:brand\" content=\"Pulsar\" \/>\n<meta property=\"product:price:amount\" content=\"32.50\" \/>\n<meta property=\"product:price:currency\" content=\"EUR\" \/>\n<meta property=\"og:availability\" content=\"instock\" \/>\n<meta property=\"product:availability\" content=\"instock\" \/>\n<meta property=\"product:retailer_item_id\" content=\"RN500\" \/>\n<meta property=\"product:condition\" content=\"new\" \/>\n<!-- \/ Yoast SEO Premium plugin. -->","yoast_head_json":{"title":"Pulsar RN500 Stabilizer 12V \/ 5A - Fonolukk","description":"RN 12V\/5A (RN500) on ette n\u00e4htud alalispinge alandamiseks ja stabiliseerimiseks vahemikus 12\u00f714V v\u00e4\u00e4rtuseni 12V.","robots":{"index":"index","follow":"follow","max-snippet":"max-snippet:-1","max-image-preview":"max-image-preview:large","max-video-preview":"max-video-preview:-1"},"canonical":"https:\/\/fonolukk.eu\/et\/tooted\/pulsar-rn500-stabilizer-12v-5a\/","og_locale":"et_EE","og_type":"article","og_title":"Pulsar RN500 Stabilizer 12V \/ 5A","og_description":"Toiteallikas 9\u00f714VDC Toiteallika v\u00e4ljund 5A\/12VDC M\u00f5\u00f5tmed 76 x 45 x 70 Kaitsed SCP, OLP N\u00e4idustus LED optiline indikaator Garantii 2 aastat alates","og_url":"https:\/\/fonolukk.eu\/et\/tooted\/pulsar-rn500-stabilizer-12v-5a\/","og_site_name":"Fonolukk","article_publisher":"https:\/\/www.facebook.com\/fonolukk","article_modified_time":"2022-05-24T21:22:23+00:00","og_image":[{"width":1086,"height":1024,"url":"https:\/\/fonolukk.eu\/wp-content\/uploads\/2022\/05\/rn500_1.png","type":"image\/png"}],"twitter_card":"summary_large_image","twitter_misc":{"Hind":"&euro;32.50 koos KM","Availability":"Laos"},"schema":{"@context":"https:\/\/schema.org","@graph":[{"@type":"WebPage","@id":"https:\/\/fonolukk.eu\/et\/tooted\/pulsar-rn500-stabilizer-12v-5a\/","url":"https:\/\/fonolukk.eu\/et\/tooted\/pulsar-rn500-stabilizer-12v-5a\/","name":"Pulsar RN500 Stabilizer 12V \/ 5A - Fonolukk","isPartOf":{"@id":"https:\/\/fonolukk.eu\/et\/#website"},"primaryImageOfPage":{"@id":"https:\/\/fonolukk.eu\/et\/tooted\/pulsar-rn500-stabilizer-12v-5a\/#primaryimage"},"image":{"@id":"https:\/\/fonolukk.eu\/et\/tooted\/pulsar-rn500-stabilizer-12v-5a\/#primaryimage"},"thumbnailUrl":"https:\/\/fonolukk.eu\/wp-content\/uploads\/2022\/05\/rn500_1.png","datePublished":"2022-05-24T21:00:13+00:00","dateModified":"2022-05-24T21:22:23+00:00","description":"RN 12V\/5A (RN500) on ette n\u00e4htud alalispinge alandamiseks ja stabiliseerimiseks vahemikus 12\u00f714V v\u00e4\u00e4rtuseni 12V.","breadcrumb":{"@id":"https:\/\/fonolukk.eu\/et\/tooted\/pulsar-rn500-stabilizer-12v-5a\/#breadcrumb"},"inLanguage":"et","potentialAction":[{"@type":"ReadAction","target":["https:\/\/fonolukk.eu\/et\/tooted\/pulsar-rn500-stabilizer-12v-5a\/"]}]},{"@type":"ImageObject","inLanguage":"et","@id":"https:\/\/fonolukk.eu\/et\/tooted\/pulsar-rn500-stabilizer-12v-5a\/#primaryimage","url":"https:\/\/fonolukk.eu\/wp-content\/uploads\/2022\/05\/rn500_1.png","contentUrl":"https:\/\/fonolukk.eu\/wp-content\/uploads\/2022\/05\/rn500_1.png","width":1086,"height":1024,"caption":"rn500"},{"@type":"BreadcrumbList","@id":"https:\/\/fonolukk.eu\/et\/tooted\/pulsar-rn500-stabilizer-12v-5a\/#breadcrumb","itemListElement":[{"@type":"ListItem","position":1,"name":"Esileht","item":"https:\/\/fonolukk.eu\/et\/koduleht\/"},{"@type":"ListItem","position":2,"name":"Tooted","item":"https:\/\/fonolukk.eu\/et\/shop-2\/"},{"@type":"ListItem","position":3,"name":"Toiteallikas","item":"https:\/\/fonolukk.eu\/et\/product-category\/toiteallikas\/"},{"@type":"ListItem","position":4,"name":"Pulsar RN500 Stabilizer 12V \/ 5A"}]},{"@type":"WebSite","@id":"https:\/\/fonolukk.eu\/et\/#website","url":"https:\/\/fonolukk.eu\/et\/","name":"Fonolukk eu","description":"Smart Security Systems","publisher":{"@id":"https:\/\/fonolukk.eu\/et\/#organization"},"potentialAction":[{"@type":"SearchAction","target":{"@type":"EntryPoint","urlTemplate":"https:\/\/fonolukk.eu\/et\/?s={search_term_string}"},"query-input":{"@type":"PropertyValueSpecification","valueRequired":true,"valueName":"search_term_string"}}],"inLanguage":"et"},{"@type":"Organization","@id":"https:\/\/fonolukk.eu\/et\/#organization","name":"Smart Security OU","url":"https:\/\/fonolukk.eu\/et\/","logo":{"@type":"ImageObject","inLanguage":"et","@id":"https:\/\/fonolukk.eu\/et\/#\/schema\/logo\/image\/","url":"https:\/\/fonolukk.eu\/wp-content\/uploads\/2023\/09\/fonolukk.png","contentUrl":"https:\/\/fonolukk.eu\/wp-content\/uploads\/2023\/09\/fonolukk.png","width":277,"height":274,"caption":"Smart Security OU"},"image":{"@id":"https:\/\/fonolukk.eu\/et\/#\/schema\/logo\/image\/"},"sameAs":["https:\/\/www.facebook.com\/fonolukk","https:\/\/www.instagram.com\/fonolukk\/?hl=ru"],"publishingPrinciples":"https:\/\/fonolukk.eu\/terms-and-conditions\/","ownershipFundingInfo":"https:\/\/fonolukk.eu\/about-us\/"}]},"product_brand":"Pulsar","product_price_amount":"32.50","product_price_currency":"EUR","og_availability":"instock","product_availability":"instock","product_retailer_item_id":"RN500","product_condition":"new"},"_links":{"self":[{"href":"https:\/\/fonolukk.eu\/et\/wp-json\/wp\/v2\/product\/13425","targetHints":{"allow":["GET"]}}],"collection":[{"href":"https:\/\/fonolukk.eu\/et\/wp-json\/wp\/v2\/product"}],"about":[{"href":"https:\/\/fonolukk.eu\/et\/wp-json\/wp\/v2\/types\/product"}],"version-history":[{"count":0,"href":"https:\/\/fonolukk.eu\/et\/wp-json\/wp\/v2\/product\/13425\/revisions"}],"wp:featuredmedia":[{"embeddable":true,"href":"https:\/\/fonolukk.eu\/et\/wp-json\/wp\/v2\/media\/13436"}],"wp:attachment":[{"href":"https:\/\/fonolukk.eu\/et\/wp-json\/wp\/v2\/media?parent=13425"}],"wp:term":[{"taxonomy":"product_brand","embeddable":true,"href":"https:\/\/fonolukk.eu\/et\/wp-json\/wp\/v2\/product_brand?post=13425"},{"taxonomy":"product_cat","embeddable":true,"href":"https:\/\/fonolukk.eu\/et\/wp-json\/wp\/v2\/product_cat?post=13425"},{"taxonomy":"product_tag","embeddable":true,"href":"https:\/\/fonolukk.eu\/et\/wp-json\/wp\/v2\/product_tag?post=13425"}],"curies":[{"name":"wp","href":"https:\/\/api.w.org\/{rel}","templated":true}]}}