{"id":13476,"date":"2022-06-13T20:37:04","date_gmt":"2022-06-13T17:37:04","guid":{"rendered":"https:\/\/fonolukk.eu\/?post_type=product&#038;p=13476"},"modified":"2022-06-13T20:51:17","modified_gmt":"2022-06-13T17:51:17","slug":"pulsar-dc-dc-10se-reguleeritav-alalisvoolu-konverter-1a","status":"publish","type":"product","link":"https:\/\/fonolukk.eu\/et\/tooted\/pulsar-dc-dc-10se-reguleeritav-alalisvoolu-konverter-1a\/","title":{"rendered":"Pulsar DC\/DC 10SE reguleeritav alalisvoolu konverter 1A"},"content":{"rendered":"<div class=\"area-1 w70 floatLeft relative\">\n<table class=\"STable\" border=\"1\" width=\"100%\" cellspacing=\"0\" cellpadding=\"5\" align=\"center\">\n<tbody>\n<tr class=\"bright\">\n<td class=\"tab_title\" width=\"40%\"><span class=\"row_id_2242\">T\u00fc\u00fcp<\/span>:<\/td>\n<td class=\"tab_value\">Pinge t\u00f5stmine, DC\/DC<\/td>\n<\/tr>\n<tr class=\"dark\">\n<td class=\"tab_title\" width=\"40%\"><span class=\"row_id_928\">Toitepinge<\/span>:<\/td>\n<td class=\"tab_value\">8\u00a0V &#8230; 28\u00a0V\u00a0<span class=\"article\">DC<\/span><\/td>\n<\/tr>\n<tr class=\"bright\">\n<td class=\"tab_title\" width=\"40%\"><span class=\"row_id_441\">V\u00e4ljundpinge<\/span>:<\/td>\n<td class=\"tab_value\">\n<ul>\n<li>4.5 &#8230; 6\u00a0V\u00a0<span class=\"article\">DC<\/span>,<\/li>\n<li>6 &#8230; 9\u00a0V\u00a0<span class=\"article\">DC<\/span>,<\/li>\n<li>9 &#8230; 13\u00a0V\u00a0<span class=\"article\">DC<\/span>,<\/li>\n<li>13 &#8230; 19\u00a0V\u00a0<span class=\"article\">DC<\/span>\u00a0,<br \/>\n(pingevahemiku m\u00e4\u00e4rab sillus)<\/li>\n<\/ul>\n<\/td>\n<\/tr>\n<tr class=\"dark\">\n<td class=\"tab_title\" width=\"40%\"><span class=\"row_id_5766\">V\u00e4ljundpinge reguleerimine<\/span>:<\/td>\n<td class=\"tab_value\">Potentsiomeetriga<\/td>\n<\/tr>\n<tr class=\"bright\">\n<td class=\"tab_title\" width=\"40%\"><span class=\"row_id_1368\">V\u00e4ljundvool<\/span>:<\/td>\n<td class=\"tab_value\">1\u00a0A (max)<\/td>\n<\/tr>\n<tr class=\"dark\">\n<td class=\"tab_title\" width=\"40%\"><span class=\"article\"><span class=\"row_id_1024\">Toide<\/span><\/span>:<\/td>\n<td class=\"tab_value\">12\u00a0W (max)<\/td>\n<\/tr>\n<tr class=\"bright\">\n<td class=\"tab_title\" width=\"40%\"><span class=\"row_id_19246\">Minimaalne pinge erinevus v\u00e4ljundi ja sisendi vahel<\/span>:<\/td>\n<td class=\"tab_value\">3.5\u00a0V<\/td>\n<\/tr>\n<tr class=\"dark\">\n<td class=\"tab_title\" width=\"40%\"><span class=\"row_id_2049\">Kaitsmed<\/span>:<\/td>\n<td class=\"tab_value\">\n<ul>\n<li><span class=\"article\">L\u00fchis<\/span><\/li>\n<li><span class=\"article\">\u00dclekoormus<\/span><\/li>\n<\/ul>\n<\/td>\n<\/tr>\n<tr class=\"bright\">\n<td class=\"tab_title\" width=\"40%\"><span class=\"no_row_id_9084\">P\u00f5hiomadused<\/span>:<\/td>\n<td class=\"tab_value\">\n<ul>\n<li>LED indikaator &#8211; Sisendpinge, V\u00e4ljundpinge<\/li>\n<li>AW-v\u00e4ljund (t\u00f5rge) &#8211; OC-t\u00fc\u00fcpi 50mA, LED-indikaatori m\u00e4rguanne v\u00e4hemalt \u00fche v\u00e4ljundi t\u00f5rkest<\/li>\n<\/ul>\n<\/td>\n<\/tr>\n<tr class=\"dark\">\n<td class=\"tab_title\" width=\"40%\"><span class=\"row_id_7214\">Rakendus<\/span>:<\/td>\n<td class=\"tab_value\">\n<ul>\n<li>kaamerate toide<\/li>\n<li>termostaadiga kaamerate toide<\/li>\n<\/ul>\n<\/td>\n<\/tr>\n<tr class=\"bright\">\n<td class=\"tab_title\" width=\"40%\"><span class=\"row_id_32\">Kaal<\/span>:<\/td>\n<td class=\"tab_value\">0.035\u00a0kg<\/td>\n<\/tr>\n<tr class=\"dark\">\n<td class=\"tab_title\" width=\"40%\"><span class=\"no_row_id_130\">M\u00f5\u00f5tmed<\/span>:<\/td>\n<td class=\"tab_value\">80\u00a0 x 43\u00a0 x 24\u00a0mm<\/td>\n<\/tr>\n<tr class=\"bright\">\n<td class=\"tab_title\" width=\"40%\"><span class=\"row_id_22236\">Tootja \/ mark<\/span>:<\/td>\n<td class=\"tab_value\">PULSAR<\/td>\n<\/tr>\n<tr class=\"dark\">\n<td class=\"tab_title\" width=\"40%\"><span class=\"row_id_22124\">Garantii<\/span>:<\/td>\n<td class=\"tab_value\">2 aastat<\/td>\n<\/tr>\n<\/tbody>\n<\/table>\n<\/div>\n","protected":false},"excerpt":{"rendered":"[wpdm_package id='13478']\n","protected":false},"featured_media":13502,"template":"","meta":[],"product_brand":[],"product_cat":[1131],"product_tag":[],"class_list":{"0":"post-13476","1":"product","2":"type-product","3":"status-publish","4":"has-post-thumbnail","6":"product_cat-toiteallikas","7":"pa_brand-pulsar-et","9":"first","10":"instock","11":"taxable","12":"shipping-taxable","13":"purchasable","14":"product-type-simple"},"yoast_head":"<!-- This site is optimized with the Yoast SEO Premium plugin v27.5 (Yoast SEO v27.5) - https:\/\/yoast.com\/product\/yoast-seo-premium-wordpress\/ -->\n<title>Pulsar DC\/DC 10SE reguleeritav alalisvoolu konverter 1A - Fonolukk<\/title>\n<meta name=\"description\" content=\"Pinget alandav inverteri moodul. Seade DCDC-10SD muundab sisendpinge 4.5V ... 19V DC alalisvoolupingeks.\" \/>\n<meta name=\"robots\" content=\"index, follow, max-snippet:-1, max-image-preview:large, max-video-preview:-1\" \/>\n<link rel=\"canonical\" href=\"https:\/\/fonolukk.eu\/et\/tooted\/pulsar-dc-dc-10se-reguleeritav-alalisvoolu-konverter-1a\/\" \/>\n<meta property=\"og:locale\" content=\"et_EE\" \/>\n<meta property=\"og:type\" content=\"article\" \/>\n<meta property=\"og:title\" content=\"Pulsar DC\/DC 10SE reguleeritav alalisvoolu konverter 1A\" \/>\n<meta property=\"og:description\" content=\"T\u00fc\u00fcp: Pinge t\u00f5stmine, DC\/DC Toitepinge: 8\u00a0V ... 28\u00a0V\u00a0DC V\u00e4ljundpinge: 4.5 ... 6\u00a0V\u00a0DC, 6 ... 9\u00a0V\u00a0DC, 9 ... 13\u00a0V\u00a0DC, 13 ... 19\u00a0V\u00a0DC\u00a0, (pingevahemiku m\u00e4\u00e4rab\" \/>\n<meta property=\"og:url\" content=\"https:\/\/fonolukk.eu\/et\/tooted\/pulsar-dc-dc-10se-reguleeritav-alalisvoolu-konverter-1a\/\" \/>\n<meta property=\"og:site_name\" content=\"Fonolukk\" \/>\n<meta property=\"article:publisher\" content=\"https:\/\/www.facebook.com\/fonolukk\" \/>\n<meta property=\"article:modified_time\" content=\"2022-06-13T17:51:17+00:00\" \/>\n<meta property=\"og:image\" content=\"https:\/\/fonolukk.eu\/wp-content\/uploads\/2022\/06\/dcdc-10sd_d.jpg\" \/>\n\t<meta property=\"og:image:width\" content=\"1600\" \/>\n\t<meta property=\"og:image:height\" content=\"1030\" \/>\n\t<meta property=\"og:image:type\" content=\"image\/jpeg\" \/>\n<meta name=\"twitter:card\" content=\"summary_large_image\" \/>\n<meta name=\"twitter:label1\" content=\"Hind\" \/>\n\t<meta name=\"twitter:data1\" content=\"&euro;18.00 koos KM\" \/>\n\t<meta name=\"twitter:label2\" content=\"Availability\" \/>\n\t<meta name=\"twitter:data2\" content=\"Laos\" \/>\n<script type=\"application\/ld+json\" class=\"yoast-schema-graph\">{\"@context\":\"https:\\\/\\\/schema.org\",\"@graph\":[{\"@type\":\"WebPage\",\"@id\":\"https:\\\/\\\/fonolukk.eu\\\/et\\\/tooted\\\/pulsar-dc-dc-10se-reguleeritav-alalisvoolu-konverter-1a\\\/\",\"url\":\"https:\\\/\\\/fonolukk.eu\\\/et\\\/tooted\\\/pulsar-dc-dc-10se-reguleeritav-alalisvoolu-konverter-1a\\\/\",\"name\":\"Pulsar DC\\\/DC 10SE reguleeritav alalisvoolu konverter 1A - Fonolukk\",\"isPartOf\":{\"@id\":\"https:\\\/\\\/fonolukk.eu\\\/et\\\/#website\"},\"primaryImageOfPage\":{\"@id\":\"https:\\\/\\\/fonolukk.eu\\\/et\\\/tooted\\\/pulsar-dc-dc-10se-reguleeritav-alalisvoolu-konverter-1a\\\/#primaryimage\"},\"image\":{\"@id\":\"https:\\\/\\\/fonolukk.eu\\\/et\\\/tooted\\\/pulsar-dc-dc-10se-reguleeritav-alalisvoolu-konverter-1a\\\/#primaryimage\"},\"thumbnailUrl\":\"https:\\\/\\\/fonolukk.eu\\\/wp-content\\\/uploads\\\/2022\\\/06\\\/dcdc-10sd_d.jpg\",\"datePublished\":\"2022-06-13T17:37:04+00:00\",\"dateModified\":\"2022-06-13T17:51:17+00:00\",\"description\":\"Pinget alandav inverteri moodul. Seade DCDC-10SD muundab sisendpinge 4.5V ... 19V DC alalisvoolupingeks.\",\"breadcrumb\":{\"@id\":\"https:\\\/\\\/fonolukk.eu\\\/et\\\/tooted\\\/pulsar-dc-dc-10se-reguleeritav-alalisvoolu-konverter-1a\\\/#breadcrumb\"},\"inLanguage\":\"et\",\"potentialAction\":[{\"@type\":\"ReadAction\",\"target\":[\"https:\\\/\\\/fonolukk.eu\\\/et\\\/tooted\\\/pulsar-dc-dc-10se-reguleeritav-alalisvoolu-konverter-1a\\\/\"]}]},{\"@type\":\"ImageObject\",\"inLanguage\":\"et\",\"@id\":\"https:\\\/\\\/fonolukk.eu\\\/et\\\/tooted\\\/pulsar-dc-dc-10se-reguleeritav-alalisvoolu-konverter-1a\\\/#primaryimage\",\"url\":\"https:\\\/\\\/fonolukk.eu\\\/wp-content\\\/uploads\\\/2022\\\/06\\\/dcdc-10sd_d.jpg\",\"contentUrl\":\"https:\\\/\\\/fonolukk.eu\\\/wp-content\\\/uploads\\\/2022\\\/06\\\/dcdc-10sd_d.jpg\",\"width\":1600,\"height\":1030,\"caption\":\"DC \\\/ DC 10SE\"},{\"@type\":\"BreadcrumbList\",\"@id\":\"https:\\\/\\\/fonolukk.eu\\\/et\\\/tooted\\\/pulsar-dc-dc-10se-reguleeritav-alalisvoolu-konverter-1a\\\/#breadcrumb\",\"itemListElement\":[{\"@type\":\"ListItem\",\"position\":1,\"name\":\"Esileht\",\"item\":\"https:\\\/\\\/fonolukk.eu\\\/et\\\/koduleht\\\/\"},{\"@type\":\"ListItem\",\"position\":2,\"name\":\"Tooted\",\"item\":\"https:\\\/\\\/fonolukk.eu\\\/et\\\/shop-2\\\/\"},{\"@type\":\"ListItem\",\"position\":3,\"name\":\"Toiteallikas\",\"item\":\"https:\\\/\\\/fonolukk.eu\\\/et\\\/product-category\\\/toiteallikas\\\/\"},{\"@type\":\"ListItem\",\"position\":4,\"name\":\"Pulsar DC\\\/DC 10SE reguleeritav alalisvoolu konverter 1A\"}]},{\"@type\":\"WebSite\",\"@id\":\"https:\\\/\\\/fonolukk.eu\\\/et\\\/#website\",\"url\":\"https:\\\/\\\/fonolukk.eu\\\/et\\\/\",\"name\":\"Fonolukk eu\",\"description\":\"Smart Security Systems\",\"publisher\":{\"@id\":\"https:\\\/\\\/fonolukk.eu\\\/et\\\/#organization\"},\"potentialAction\":[{\"@type\":\"SearchAction\",\"target\":{\"@type\":\"EntryPoint\",\"urlTemplate\":\"https:\\\/\\\/fonolukk.eu\\\/et\\\/?s={search_term_string}\"},\"query-input\":{\"@type\":\"PropertyValueSpecification\",\"valueRequired\":true,\"valueName\":\"search_term_string\"}}],\"inLanguage\":\"et\"},{\"@type\":\"Organization\",\"@id\":\"https:\\\/\\\/fonolukk.eu\\\/et\\\/#organization\",\"name\":\"Smart Security OU\",\"url\":\"https:\\\/\\\/fonolukk.eu\\\/et\\\/\",\"logo\":{\"@type\":\"ImageObject\",\"inLanguage\":\"et\",\"@id\":\"https:\\\/\\\/fonolukk.eu\\\/et\\\/#\\\/schema\\\/logo\\\/image\\\/\",\"url\":\"https:\\\/\\\/fonolukk.eu\\\/wp-content\\\/uploads\\\/2023\\\/09\\\/fonolukk.png\",\"contentUrl\":\"https:\\\/\\\/fonolukk.eu\\\/wp-content\\\/uploads\\\/2023\\\/09\\\/fonolukk.png\",\"width\":277,\"height\":274,\"caption\":\"Smart Security OU\"},\"image\":{\"@id\":\"https:\\\/\\\/fonolukk.eu\\\/et\\\/#\\\/schema\\\/logo\\\/image\\\/\"},\"sameAs\":[\"https:\\\/\\\/www.facebook.com\\\/fonolukk\",\"https:\\\/\\\/www.instagram.com\\\/fonolukk\\\/?hl=ru\"],\"publishingPrinciples\":\"https:\\\/\\\/fonolukk.eu\\\/terms-and-conditions\\\/\",\"ownershipFundingInfo\":\"https:\\\/\\\/fonolukk.eu\\\/about-us\\\/\"}]}<\/script>\n<meta property=\"product:brand\" content=\"Pulsar\" \/>\n<meta property=\"product:price:amount\" content=\"18.00\" \/>\n<meta property=\"product:price:currency\" content=\"EUR\" \/>\n<meta property=\"og:availability\" content=\"instock\" \/>\n<meta property=\"product:availability\" content=\"instock\" \/>\n<meta property=\"product:retailer_item_id\" content=\"DC\/DC 10SE\" \/>\n<meta property=\"product:condition\" content=\"new\" \/>\n<!-- \/ Yoast SEO Premium plugin. -->","yoast_head_json":{"title":"Pulsar DC\/DC 10SE reguleeritav alalisvoolu konverter 1A - Fonolukk","description":"Pinget alandav inverteri moodul. Seade DCDC-10SD muundab sisendpinge 4.5V ... 19V DC alalisvoolupingeks.","robots":{"index":"index","follow":"follow","max-snippet":"max-snippet:-1","max-image-preview":"max-image-preview:large","max-video-preview":"max-video-preview:-1"},"canonical":"https:\/\/fonolukk.eu\/et\/tooted\/pulsar-dc-dc-10se-reguleeritav-alalisvoolu-konverter-1a\/","og_locale":"et_EE","og_type":"article","og_title":"Pulsar DC\/DC 10SE reguleeritav alalisvoolu konverter 1A","og_description":"T\u00fc\u00fcp: Pinge t\u00f5stmine, DC\/DC Toitepinge: 8\u00a0V ... 28\u00a0V\u00a0DC V\u00e4ljundpinge: 4.5 ... 6\u00a0V\u00a0DC, 6 ... 9\u00a0V\u00a0DC, 9 ... 13\u00a0V\u00a0DC, 13 ... 19\u00a0V\u00a0DC\u00a0, (pingevahemiku m\u00e4\u00e4rab","og_url":"https:\/\/fonolukk.eu\/et\/tooted\/pulsar-dc-dc-10se-reguleeritav-alalisvoolu-konverter-1a\/","og_site_name":"Fonolukk","article_publisher":"https:\/\/www.facebook.com\/fonolukk","article_modified_time":"2022-06-13T17:51:17+00:00","og_image":[{"width":1600,"height":1030,"url":"https:\/\/fonolukk.eu\/wp-content\/uploads\/2022\/06\/dcdc-10sd_d.jpg","type":"image\/jpeg"}],"twitter_card":"summary_large_image","twitter_misc":{"Hind":"&euro;18.00 koos KM","Availability":"Laos"},"schema":{"@context":"https:\/\/schema.org","@graph":[{"@type":"WebPage","@id":"https:\/\/fonolukk.eu\/et\/tooted\/pulsar-dc-dc-10se-reguleeritav-alalisvoolu-konverter-1a\/","url":"https:\/\/fonolukk.eu\/et\/tooted\/pulsar-dc-dc-10se-reguleeritav-alalisvoolu-konverter-1a\/","name":"Pulsar DC\/DC 10SE reguleeritav alalisvoolu konverter 1A - Fonolukk","isPartOf":{"@id":"https:\/\/fonolukk.eu\/et\/#website"},"primaryImageOfPage":{"@id":"https:\/\/fonolukk.eu\/et\/tooted\/pulsar-dc-dc-10se-reguleeritav-alalisvoolu-konverter-1a\/#primaryimage"},"image":{"@id":"https:\/\/fonolukk.eu\/et\/tooted\/pulsar-dc-dc-10se-reguleeritav-alalisvoolu-konverter-1a\/#primaryimage"},"thumbnailUrl":"https:\/\/fonolukk.eu\/wp-content\/uploads\/2022\/06\/dcdc-10sd_d.jpg","datePublished":"2022-06-13T17:37:04+00:00","dateModified":"2022-06-13T17:51:17+00:00","description":"Pinget alandav inverteri moodul. Seade DCDC-10SD muundab sisendpinge 4.5V ... 19V DC alalisvoolupingeks.","breadcrumb":{"@id":"https:\/\/fonolukk.eu\/et\/tooted\/pulsar-dc-dc-10se-reguleeritav-alalisvoolu-konverter-1a\/#breadcrumb"},"inLanguage":"et","potentialAction":[{"@type":"ReadAction","target":["https:\/\/fonolukk.eu\/et\/tooted\/pulsar-dc-dc-10se-reguleeritav-alalisvoolu-konverter-1a\/"]}]},{"@type":"ImageObject","inLanguage":"et","@id":"https:\/\/fonolukk.eu\/et\/tooted\/pulsar-dc-dc-10se-reguleeritav-alalisvoolu-konverter-1a\/#primaryimage","url":"https:\/\/fonolukk.eu\/wp-content\/uploads\/2022\/06\/dcdc-10sd_d.jpg","contentUrl":"https:\/\/fonolukk.eu\/wp-content\/uploads\/2022\/06\/dcdc-10sd_d.jpg","width":1600,"height":1030,"caption":"DC \/ DC 10SE"},{"@type":"BreadcrumbList","@id":"https:\/\/fonolukk.eu\/et\/tooted\/pulsar-dc-dc-10se-reguleeritav-alalisvoolu-konverter-1a\/#breadcrumb","itemListElement":[{"@type":"ListItem","position":1,"name":"Esileht","item":"https:\/\/fonolukk.eu\/et\/koduleht\/"},{"@type":"ListItem","position":2,"name":"Tooted","item":"https:\/\/fonolukk.eu\/et\/shop-2\/"},{"@type":"ListItem","position":3,"name":"Toiteallikas","item":"https:\/\/fonolukk.eu\/et\/product-category\/toiteallikas\/"},{"@type":"ListItem","position":4,"name":"Pulsar DC\/DC 10SE reguleeritav alalisvoolu konverter 1A"}]},{"@type":"WebSite","@id":"https:\/\/fonolukk.eu\/et\/#website","url":"https:\/\/fonolukk.eu\/et\/","name":"Fonolukk eu","description":"Smart Security Systems","publisher":{"@id":"https:\/\/fonolukk.eu\/et\/#organization"},"potentialAction":[{"@type":"SearchAction","target":{"@type":"EntryPoint","urlTemplate":"https:\/\/fonolukk.eu\/et\/?s={search_term_string}"},"query-input":{"@type":"PropertyValueSpecification","valueRequired":true,"valueName":"search_term_string"}}],"inLanguage":"et"},{"@type":"Organization","@id":"https:\/\/fonolukk.eu\/et\/#organization","name":"Smart Security OU","url":"https:\/\/fonolukk.eu\/et\/","logo":{"@type":"ImageObject","inLanguage":"et","@id":"https:\/\/fonolukk.eu\/et\/#\/schema\/logo\/image\/","url":"https:\/\/fonolukk.eu\/wp-content\/uploads\/2023\/09\/fonolukk.png","contentUrl":"https:\/\/fonolukk.eu\/wp-content\/uploads\/2023\/09\/fonolukk.png","width":277,"height":274,"caption":"Smart Security OU"},"image":{"@id":"https:\/\/fonolukk.eu\/et\/#\/schema\/logo\/image\/"},"sameAs":["https:\/\/www.facebook.com\/fonolukk","https:\/\/www.instagram.com\/fonolukk\/?hl=ru"],"publishingPrinciples":"https:\/\/fonolukk.eu\/terms-and-conditions\/","ownershipFundingInfo":"https:\/\/fonolukk.eu\/about-us\/"}]},"product_brand":"Pulsar","product_price_amount":"18.00","product_price_currency":"EUR","og_availability":"instock","product_availability":"instock","product_retailer_item_id":"DC\/DC 10SE","product_condition":"new"},"_links":{"self":[{"href":"https:\/\/fonolukk.eu\/et\/wp-json\/wp\/v2\/product\/13476","targetHints":{"allow":["GET"]}}],"collection":[{"href":"https:\/\/fonolukk.eu\/et\/wp-json\/wp\/v2\/product"}],"about":[{"href":"https:\/\/fonolukk.eu\/et\/wp-json\/wp\/v2\/types\/product"}],"version-history":[{"count":0,"href":"https:\/\/fonolukk.eu\/et\/wp-json\/wp\/v2\/product\/13476\/revisions"}],"wp:featuredmedia":[{"embeddable":true,"href":"https:\/\/fonolukk.eu\/et\/wp-json\/wp\/v2\/media\/13502"}],"wp:attachment":[{"href":"https:\/\/fonolukk.eu\/et\/wp-json\/wp\/v2\/media?parent=13476"}],"wp:term":[{"taxonomy":"product_brand","embeddable":true,"href":"https:\/\/fonolukk.eu\/et\/wp-json\/wp\/v2\/product_brand?post=13476"},{"taxonomy":"product_cat","embeddable":true,"href":"https:\/\/fonolukk.eu\/et\/wp-json\/wp\/v2\/product_cat?post=13476"},{"taxonomy":"product_tag","embeddable":true,"href":"https:\/\/fonolukk.eu\/et\/wp-json\/wp\/v2\/product_tag?post=13476"}],"curies":[{"name":"wp","href":"https:\/\/api.w.org\/{rel}","templated":true}]}}