{"id":13534,"date":"2022-06-13T21:29:41","date_gmt":"2022-06-13T18:29:42","guid":{"rendered":"https:\/\/fonolukk.eu\/?post_type=product&#038;p=13534"},"modified":"2022-06-13T21:43:10","modified_gmt":"2022-06-13T18:43:10","slug":"pulsar-dc-dc-15h-alalisvoolu-konverter-18-40-to-12v-15-a","status":"publish","type":"product","link":"https:\/\/fonolukk.eu\/et\/tooted\/pulsar-dc-dc-15h-alalisvoolu-konverter-18-40-to-12v-15-a\/","title":{"rendered":"Pulsar Dc\/DC 15H alalisvoolu konverter (18-40 to 12V, 1,5 A)"},"content":{"rendered":"<div class=\"area-1 w70 floatLeft relative\"><span>-Sisendpinge: 18?40VDC -V\u00e4ljundpinge : 1,5A<\/span><br \/>\n<span>\/12VDC<\/span><br \/>\n<span>-T\u00f5husus: 86% -Kaitse<\/span><br \/>\n<span>: OLP*<\/span><br \/>\n<span>-Plastkorpus IP67<\/span><br \/>\n<span>-S\u00fcvistatav v\u00f5i seinakinnitus jaotuskarpidesse: O80 -M\u00f5\u00f5dud<\/span><br \/>\n<span>: 58 x 58 x 28mm<\/span><br \/>\n<span>&#8211; Garantii : 2 aastat alates valmistamiskuup\u00e4evast<\/span><\/div>\n","protected":false},"excerpt":{"rendered":"[wpdm_package id='13536']\n","protected":false},"featured_media":13539,"template":"","meta":[],"product_brand":[],"product_cat":[1131],"product_tag":[],"class_list":{"0":"post-13534","1":"product","2":"type-product","3":"status-publish","4":"has-post-thumbnail","6":"product_cat-toiteallikas","7":"pa_brand-pulsar-et","9":"first","10":"instock","11":"taxable","12":"shipping-taxable","13":"purchasable","14":"product-type-simple"},"yoast_head":"<!-- This site is optimized with the Yoast SEO Premium plugin v27.3 (Yoast SEO v27.3) - https:\/\/yoast.com\/product\/yoast-seo-premium-wordpress\/ -->\n<title>Pulsar Dc\/DC 15H alalisvoolu konverter (18-40 to 12V, 1,5 A) - Fonolukk<\/title>\n<meta name=\"description\" content=\"Alalisvoolu pingemuundur 12V \/ 1,5A \/ 62MM muundur DC \/ DC suletud korpuses.\" \/>\n<meta name=\"robots\" content=\"index, follow, max-snippet:-1, max-image-preview:large, max-video-preview:-1\" \/>\n<link rel=\"canonical\" href=\"https:\/\/fonolukk.eu\/et\/tooted\/pulsar-dc-dc-15h-alalisvoolu-konverter-18-40-to-12v-15-a\/\" \/>\n<meta property=\"og:locale\" content=\"et_EE\" \/>\n<meta property=\"og:type\" content=\"article\" \/>\n<meta property=\"og:title\" content=\"Pulsar Dc\/DC 15H alalisvoolu konverter (18-40 to 12V, 1,5 A)\" \/>\n<meta property=\"og:description\" content=\"-Sisendpinge: 18?40VDC -V\u00e4ljundpinge : 1,5A \/12VDC -T\u00f5husus: 86% -Kaitse : OLP* -Plastkorpus IP67 -S\u00fcvistatav v\u00f5i seinakinnitus jaotuskarpidesse: O80\" \/>\n<meta property=\"og:url\" content=\"https:\/\/fonolukk.eu\/et\/tooted\/pulsar-dc-dc-15h-alalisvoolu-konverter-18-40-to-12v-15-a\/\" \/>\n<meta property=\"og:site_name\" content=\"Fonolukk\" \/>\n<meta property=\"article:publisher\" content=\"https:\/\/www.facebook.com\/fonolukk\" \/>\n<meta property=\"article:modified_time\" content=\"2022-06-13T18:43:10+00:00\" \/>\n<meta property=\"og:image\" content=\"https:\/\/fonolukk.eu\/wp-content\/uploads\/2022\/06\/0000745_dcdc15h-24v-dc-to-12-vdc-15a-step-down-regulator-pulsar.jpeg\" \/>\n\t<meta property=\"og:image:width\" content=\"740\" \/>\n\t<meta property=\"og:image:height\" content=\"555\" \/>\n\t<meta property=\"og:image:type\" content=\"image\/jpeg\" \/>\n<meta name=\"twitter:card\" content=\"summary_large_image\" \/>\n<meta name=\"twitter:label1\" content=\"Hind\" \/>\n\t<meta name=\"twitter:data1\" content=\"&euro;23.21 koos KM\" \/>\n\t<meta name=\"twitter:label2\" content=\"Availability\" \/>\n\t<meta name=\"twitter:data2\" content=\"Laos\" \/>\n<script type=\"application\/ld+json\" class=\"yoast-schema-graph\">{\"@context\":\"https:\\\/\\\/schema.org\",\"@graph\":[{\"@type\":\"WebPage\",\"@id\":\"https:\\\/\\\/fonolukk.eu\\\/et\\\/tooted\\\/pulsar-dc-dc-15h-alalisvoolu-konverter-18-40-to-12v-15-a\\\/\",\"url\":\"https:\\\/\\\/fonolukk.eu\\\/et\\\/tooted\\\/pulsar-dc-dc-15h-alalisvoolu-konverter-18-40-to-12v-15-a\\\/\",\"name\":\"Pulsar Dc\\\/DC 15H alalisvoolu konverter (18-40 to 12V, 1,5 A) - Fonolukk\",\"isPartOf\":{\"@id\":\"https:\\\/\\\/fonolukk.eu\\\/et\\\/#website\"},\"primaryImageOfPage\":{\"@id\":\"https:\\\/\\\/fonolukk.eu\\\/et\\\/tooted\\\/pulsar-dc-dc-15h-alalisvoolu-konverter-18-40-to-12v-15-a\\\/#primaryimage\"},\"image\":{\"@id\":\"https:\\\/\\\/fonolukk.eu\\\/et\\\/tooted\\\/pulsar-dc-dc-15h-alalisvoolu-konverter-18-40-to-12v-15-a\\\/#primaryimage\"},\"thumbnailUrl\":\"https:\\\/\\\/fonolukk.eu\\\/wp-content\\\/uploads\\\/2022\\\/06\\\/0000745_dcdc15h-24v-dc-to-12-vdc-15a-step-down-regulator-pulsar.jpeg\",\"datePublished\":\"2022-06-13T18:29:42+00:00\",\"dateModified\":\"2022-06-13T18:43:10+00:00\",\"description\":\"Alalisvoolu pingemuundur 12V \\\/ 1,5A \\\/ 62MM muundur DC \\\/ DC suletud korpuses.\",\"breadcrumb\":{\"@id\":\"https:\\\/\\\/fonolukk.eu\\\/et\\\/tooted\\\/pulsar-dc-dc-15h-alalisvoolu-konverter-18-40-to-12v-15-a\\\/#breadcrumb\"},\"inLanguage\":\"et\",\"potentialAction\":[{\"@type\":\"ReadAction\",\"target\":[\"https:\\\/\\\/fonolukk.eu\\\/et\\\/tooted\\\/pulsar-dc-dc-15h-alalisvoolu-konverter-18-40-to-12v-15-a\\\/\"]}]},{\"@type\":\"ImageObject\",\"inLanguage\":\"et\",\"@id\":\"https:\\\/\\\/fonolukk.eu\\\/et\\\/tooted\\\/pulsar-dc-dc-15h-alalisvoolu-konverter-18-40-to-12v-15-a\\\/#primaryimage\",\"url\":\"https:\\\/\\\/fonolukk.eu\\\/wp-content\\\/uploads\\\/2022\\\/06\\\/0000745_dcdc15h-24v-dc-to-12-vdc-15a-step-down-regulator-pulsar.jpeg\",\"contentUrl\":\"https:\\\/\\\/fonolukk.eu\\\/wp-content\\\/uploads\\\/2022\\\/06\\\/0000745_dcdc15h-24v-dc-to-12-vdc-15a-step-down-regulator-pulsar.jpeg\",\"width\":740,\"height\":555,\"caption\":\"DCDC15H\"},{\"@type\":\"BreadcrumbList\",\"@id\":\"https:\\\/\\\/fonolukk.eu\\\/et\\\/tooted\\\/pulsar-dc-dc-15h-alalisvoolu-konverter-18-40-to-12v-15-a\\\/#breadcrumb\",\"itemListElement\":[{\"@type\":\"ListItem\",\"position\":1,\"name\":\"Esileht\",\"item\":\"https:\\\/\\\/fonolukk.eu\\\/et\\\/koduleht\\\/\"},{\"@type\":\"ListItem\",\"position\":2,\"name\":\"Tooted\",\"item\":\"https:\\\/\\\/fonolukk.eu\\\/et\\\/shop-2\\\/\"},{\"@type\":\"ListItem\",\"position\":3,\"name\":\"Toiteallikas\",\"item\":\"https:\\\/\\\/fonolukk.eu\\\/et\\\/product-category\\\/toiteallikas\\\/\"},{\"@type\":\"ListItem\",\"position\":4,\"name\":\"Pulsar Dc\\\/DC 15H alalisvoolu konverter (18-40 to 12V, 1,5 A)\"}]},{\"@type\":\"WebSite\",\"@id\":\"https:\\\/\\\/fonolukk.eu\\\/et\\\/#website\",\"url\":\"https:\\\/\\\/fonolukk.eu\\\/et\\\/\",\"name\":\"Fonolukk eu\",\"description\":\"Smart Security Systems\",\"publisher\":{\"@id\":\"https:\\\/\\\/fonolukk.eu\\\/et\\\/#organization\"},\"potentialAction\":[{\"@type\":\"SearchAction\",\"target\":{\"@type\":\"EntryPoint\",\"urlTemplate\":\"https:\\\/\\\/fonolukk.eu\\\/et\\\/?s={search_term_string}\"},\"query-input\":{\"@type\":\"PropertyValueSpecification\",\"valueRequired\":true,\"valueName\":\"search_term_string\"}}],\"inLanguage\":\"et\"},{\"@type\":\"Organization\",\"@id\":\"https:\\\/\\\/fonolukk.eu\\\/et\\\/#organization\",\"name\":\"Smart Security OU\",\"url\":\"https:\\\/\\\/fonolukk.eu\\\/et\\\/\",\"logo\":{\"@type\":\"ImageObject\",\"inLanguage\":\"et\",\"@id\":\"https:\\\/\\\/fonolukk.eu\\\/et\\\/#\\\/schema\\\/logo\\\/image\\\/\",\"url\":\"https:\\\/\\\/fonolukk.eu\\\/wp-content\\\/uploads\\\/2023\\\/09\\\/fonolukk.png\",\"contentUrl\":\"https:\\\/\\\/fonolukk.eu\\\/wp-content\\\/uploads\\\/2023\\\/09\\\/fonolukk.png\",\"width\":277,\"height\":274,\"caption\":\"Smart Security OU\"},\"image\":{\"@id\":\"https:\\\/\\\/fonolukk.eu\\\/et\\\/#\\\/schema\\\/logo\\\/image\\\/\"},\"sameAs\":[\"https:\\\/\\\/www.facebook.com\\\/fonolukk\",\"https:\\\/\\\/www.instagram.com\\\/fonolukk\\\/?hl=ru\"],\"publishingPrinciples\":\"https:\\\/\\\/fonolukk.eu\\\/terms-and-conditions\\\/\",\"ownershipFundingInfo\":\"https:\\\/\\\/fonolukk.eu\\\/about-us\\\/\"}]}<\/script>\n<meta property=\"product:brand\" content=\"Pulsar\" \/>\n<meta property=\"product:price:amount\" content=\"23.21\" \/>\n<meta property=\"product:price:currency\" content=\"EUR\" \/>\n<meta property=\"og:availability\" content=\"instock\" \/>\n<meta property=\"product:availability\" content=\"instock\" \/>\n<meta property=\"product:retailer_item_id\" content=\"DC \/ DC15HDC\" \/>\n<meta property=\"product:condition\" content=\"new\" \/>\n<!-- \/ Yoast SEO Premium plugin. -->","yoast_head_json":{"title":"Pulsar Dc\/DC 15H alalisvoolu konverter (18-40 to 12V, 1,5 A) - Fonolukk","description":"Alalisvoolu pingemuundur 12V \/ 1,5A \/ 62MM muundur DC \/ DC suletud korpuses.","robots":{"index":"index","follow":"follow","max-snippet":"max-snippet:-1","max-image-preview":"max-image-preview:large","max-video-preview":"max-video-preview:-1"},"canonical":"https:\/\/fonolukk.eu\/et\/tooted\/pulsar-dc-dc-15h-alalisvoolu-konverter-18-40-to-12v-15-a\/","og_locale":"et_EE","og_type":"article","og_title":"Pulsar Dc\/DC 15H alalisvoolu konverter (18-40 to 12V, 1,5 A)","og_description":"-Sisendpinge: 18?40VDC -V\u00e4ljundpinge : 1,5A \/12VDC -T\u00f5husus: 86% -Kaitse : OLP* -Plastkorpus IP67 -S\u00fcvistatav v\u00f5i seinakinnitus jaotuskarpidesse: O80","og_url":"https:\/\/fonolukk.eu\/et\/tooted\/pulsar-dc-dc-15h-alalisvoolu-konverter-18-40-to-12v-15-a\/","og_site_name":"Fonolukk","article_publisher":"https:\/\/www.facebook.com\/fonolukk","article_modified_time":"2022-06-13T18:43:10+00:00","og_image":[{"width":740,"height":555,"url":"https:\/\/fonolukk.eu\/wp-content\/uploads\/2022\/06\/0000745_dcdc15h-24v-dc-to-12-vdc-15a-step-down-regulator-pulsar.jpeg","type":"image\/jpeg"}],"twitter_card":"summary_large_image","twitter_misc":{"Hind":"&euro;23.21 koos KM","Availability":"Laos"},"schema":{"@context":"https:\/\/schema.org","@graph":[{"@type":"WebPage","@id":"https:\/\/fonolukk.eu\/et\/tooted\/pulsar-dc-dc-15h-alalisvoolu-konverter-18-40-to-12v-15-a\/","url":"https:\/\/fonolukk.eu\/et\/tooted\/pulsar-dc-dc-15h-alalisvoolu-konverter-18-40-to-12v-15-a\/","name":"Pulsar Dc\/DC 15H alalisvoolu konverter (18-40 to 12V, 1,5 A) - Fonolukk","isPartOf":{"@id":"https:\/\/fonolukk.eu\/et\/#website"},"primaryImageOfPage":{"@id":"https:\/\/fonolukk.eu\/et\/tooted\/pulsar-dc-dc-15h-alalisvoolu-konverter-18-40-to-12v-15-a\/#primaryimage"},"image":{"@id":"https:\/\/fonolukk.eu\/et\/tooted\/pulsar-dc-dc-15h-alalisvoolu-konverter-18-40-to-12v-15-a\/#primaryimage"},"thumbnailUrl":"https:\/\/fonolukk.eu\/wp-content\/uploads\/2022\/06\/0000745_dcdc15h-24v-dc-to-12-vdc-15a-step-down-regulator-pulsar.jpeg","datePublished":"2022-06-13T18:29:42+00:00","dateModified":"2022-06-13T18:43:10+00:00","description":"Alalisvoolu pingemuundur 12V \/ 1,5A \/ 62MM muundur DC \/ DC suletud korpuses.","breadcrumb":{"@id":"https:\/\/fonolukk.eu\/et\/tooted\/pulsar-dc-dc-15h-alalisvoolu-konverter-18-40-to-12v-15-a\/#breadcrumb"},"inLanguage":"et","potentialAction":[{"@type":"ReadAction","target":["https:\/\/fonolukk.eu\/et\/tooted\/pulsar-dc-dc-15h-alalisvoolu-konverter-18-40-to-12v-15-a\/"]}]},{"@type":"ImageObject","inLanguage":"et","@id":"https:\/\/fonolukk.eu\/et\/tooted\/pulsar-dc-dc-15h-alalisvoolu-konverter-18-40-to-12v-15-a\/#primaryimage","url":"https:\/\/fonolukk.eu\/wp-content\/uploads\/2022\/06\/0000745_dcdc15h-24v-dc-to-12-vdc-15a-step-down-regulator-pulsar.jpeg","contentUrl":"https:\/\/fonolukk.eu\/wp-content\/uploads\/2022\/06\/0000745_dcdc15h-24v-dc-to-12-vdc-15a-step-down-regulator-pulsar.jpeg","width":740,"height":555,"caption":"DCDC15H"},{"@type":"BreadcrumbList","@id":"https:\/\/fonolukk.eu\/et\/tooted\/pulsar-dc-dc-15h-alalisvoolu-konverter-18-40-to-12v-15-a\/#breadcrumb","itemListElement":[{"@type":"ListItem","position":1,"name":"Esileht","item":"https:\/\/fonolukk.eu\/et\/koduleht\/"},{"@type":"ListItem","position":2,"name":"Tooted","item":"https:\/\/fonolukk.eu\/et\/shop-2\/"},{"@type":"ListItem","position":3,"name":"Toiteallikas","item":"https:\/\/fonolukk.eu\/et\/product-category\/toiteallikas\/"},{"@type":"ListItem","position":4,"name":"Pulsar Dc\/DC 15H alalisvoolu konverter (18-40 to 12V, 1,5 A)"}]},{"@type":"WebSite","@id":"https:\/\/fonolukk.eu\/et\/#website","url":"https:\/\/fonolukk.eu\/et\/","name":"Fonolukk eu","description":"Smart Security Systems","publisher":{"@id":"https:\/\/fonolukk.eu\/et\/#organization"},"potentialAction":[{"@type":"SearchAction","target":{"@type":"EntryPoint","urlTemplate":"https:\/\/fonolukk.eu\/et\/?s={search_term_string}"},"query-input":{"@type":"PropertyValueSpecification","valueRequired":true,"valueName":"search_term_string"}}],"inLanguage":"et"},{"@type":"Organization","@id":"https:\/\/fonolukk.eu\/et\/#organization","name":"Smart Security OU","url":"https:\/\/fonolukk.eu\/et\/","logo":{"@type":"ImageObject","inLanguage":"et","@id":"https:\/\/fonolukk.eu\/et\/#\/schema\/logo\/image\/","url":"https:\/\/fonolukk.eu\/wp-content\/uploads\/2023\/09\/fonolukk.png","contentUrl":"https:\/\/fonolukk.eu\/wp-content\/uploads\/2023\/09\/fonolukk.png","width":277,"height":274,"caption":"Smart Security OU"},"image":{"@id":"https:\/\/fonolukk.eu\/et\/#\/schema\/logo\/image\/"},"sameAs":["https:\/\/www.facebook.com\/fonolukk","https:\/\/www.instagram.com\/fonolukk\/?hl=ru"],"publishingPrinciples":"https:\/\/fonolukk.eu\/terms-and-conditions\/","ownershipFundingInfo":"https:\/\/fonolukk.eu\/about-us\/"}]},"product_brand":"Pulsar","product_price_amount":"23.21","product_price_currency":"EUR","og_availability":"instock","product_availability":"instock","product_retailer_item_id":"DC \/ DC15HDC","product_condition":"new"},"_links":{"self":[{"href":"https:\/\/fonolukk.eu\/et\/wp-json\/wp\/v2\/product\/13534","targetHints":{"allow":["GET"]}}],"collection":[{"href":"https:\/\/fonolukk.eu\/et\/wp-json\/wp\/v2\/product"}],"about":[{"href":"https:\/\/fonolukk.eu\/et\/wp-json\/wp\/v2\/types\/product"}],"version-history":[{"count":0,"href":"https:\/\/fonolukk.eu\/et\/wp-json\/wp\/v2\/product\/13534\/revisions"}],"wp:featuredmedia":[{"embeddable":true,"href":"https:\/\/fonolukk.eu\/et\/wp-json\/wp\/v2\/media\/13539"}],"wp:attachment":[{"href":"https:\/\/fonolukk.eu\/et\/wp-json\/wp\/v2\/media?parent=13534"}],"wp:term":[{"taxonomy":"product_brand","embeddable":true,"href":"https:\/\/fonolukk.eu\/et\/wp-json\/wp\/v2\/product_brand?post=13534"},{"taxonomy":"product_cat","embeddable":true,"href":"https:\/\/fonolukk.eu\/et\/wp-json\/wp\/v2\/product_cat?post=13534"},{"taxonomy":"product_tag","embeddable":true,"href":"https:\/\/fonolukk.eu\/et\/wp-json\/wp\/v2\/product_tag?post=13534"}],"curies":[{"name":"wp","href":"https:\/\/api.w.org\/{rel}","templated":true}]}}