{"id":13547,"date":"2022-06-21T09:32:40","date_gmt":"2022-06-21T06:32:40","guid":{"rendered":"https:\/\/fonolukk.eu\/?post_type=product&#038;p=13547"},"modified":"2022-06-21T10:02:47","modified_gmt":"2022-06-21T07:02:47","slug":"commax-dp-2s-dr-2pn-kit","status":"publish","type":"product","link":"https:\/\/fonolukk.eu\/et\/tooted\/commax-dp-2s-dr-2pn-kit\/","title":{"rendered":"COMMAX DP-2S+DR-2PN KIT"},"content":{"rendered":"<div class=\"area-1 w70 floatLeft relative\">\n<p><span><span class=\"\">Commax DR-2PN + DP-2S audio sisetelefoni komplekt on kvaliteetne k\u00f5nesides\u00fcsteem, mis suudab pakkuda usaldusv\u00e4\u00e4rset lahendust uste kaugavamise ja inimestevahelise suhtluse probleemile nii ruumides kui ka v\u00e4ljaspool.\u00a0<\/span>See audio sisetelefon on m\u00f5eldud kasutamiseks eramajades ja kontorites.\u00a0Komplekt koosneb abonendi telefonitorust ja helistamispaneelist.\u00a0Abonendi telefonitorust saate juhtida elektrilukku (BUZ ostetakse eraldi).<\/span><\/p>\n<p><span>T\u00e4nu kahejuhtmelisele l\u00fclituss\u00fcsteemile helitoru ja k\u00f5nepaneeli vahel saate v\u00e4hendada paigaldust\u00f6\u00f6de kulusid.\u00a02&#215;0,22 kaabli kasutamisel saate k\u00f5nepaneeli asetada telefonitorust kuni 20 meetri kaugusele v\u00f5i 2&#215;0,5 kaabli kasutamisel kuni 300 m kaugusele.\u00a0M\u00f5lemas seadmes on v\u00f5imalik reguleerida side helitugevust.\u00a0<\/span><\/p>\n<p><span>Telefoni korpus on valmistatud vastupidavast valgest plastikust ja k\u00f5nepaneeli korpusel on vandaalivastane vastupidav \u00fcmbris,<\/span><\/p>\n<p><span>valmistatud alumiiniumisulamist.\u00a0Intercomi paigaldamiseks on komplektis kinnitusplaat ja paneeli jaoks &#8211; nurk 30 \u00b0 p\u00f6\u00f6ramiseks.\u00a0Heli sisetelefoni toiteallikaks on AC 220 V.<\/span><\/p>\n<p><span>Komplekt koosneb:\u00a0<\/span><\/p>\n<ul>\n<li><span>k\u00f5ne paneel<\/span><\/li>\n<li><span>Abonendi seade<\/span><\/li>\n<li><span>kronstein seadme seinale kinnitamiseks<\/span><\/li>\n<li><span>p\u00f6\u00f6rdenurk 30\u00b0<\/span><\/li>\n<li><span>poldid kinnitamiseks<\/span><\/li>\n<li><span>kasutusjuhend<\/span><\/li>\n<\/ul>\n<\/div>\n","protected":false},"excerpt":{"rendered":"<h2 class=\"headTitle\"><span>Funktsioonid<\/span><\/h2>\n<div class=\"even\">\n<div class=\"char-title\"><span>\u00dchenduskanalite arv: 1<\/span><\/div>\n<\/div>\n<div class=\"odd\">\n<div class=\"char-title\"><span>Kaal, g: 640<\/span><\/div>\n<\/div>\n<div class=\"even\">\n<div class=\"char-title\"><span>Korpuse materjal: plastik<\/span><\/div>\n<\/div>\n<div class=\"odd\">\n<div class=\"char-title\"><span>Toit, V: 220<\/span><\/div>\n<\/div>\n<div class=\"even\">\n<div class=\"char-title\"><span>Sisetelefoni \u00fchendus: 2 toru DP-2S paralleel\u00fchendus<\/span><\/div>\n<\/div>\n<div class=\"odd\">\n<div class=\"char-title\"><span>Energiatarve, W: 4,5<\/span><\/div>\n<\/div>\n<div class=\"even\">\n<div class=\"char-title\"><span>T\u00f6\u00f6temperatuur, \u00b0\u0421: 0\u2026 + 50<\/span><\/div>\n<\/div>\n<div class=\"odd\">\n<div class=\"char-title\"><span>M\u00f5\u00f5dud (LxKxS), mm: 108\u0445210\u044561,4<\/span><\/div>\n<\/div>\n<div class=\"odd\">\n<div class=\"char-title\"><span>Paigaldusviis: \u00fcldkulud<\/span><\/div>\n<\/div>\n<div class=\"even\">\n<div class=\"char-title\"><span>Heli sisetelefoni \u00fchenduse t\u00fc\u00fcp: toru<\/span><\/div>\n<\/div>\n","protected":false},"featured_media":13550,"template":"","meta":[],"product_brand":[],"product_cat":[385,606,788],"product_tag":[],"class_list":{"0":"post-13547","1":"product","2":"type-product","3":"status-publish","4":"has-post-thumbnail","6":"product_cat-intercom-torud","7":"product_cat-fonolukud","8":"product_cat-commax-et","9":"pa_brand-commax-et","11":"first","12":"instock","13":"taxable","14":"shipping-taxable","15":"purchasable","16":"product-type-simple"},"yoast_head":"<!-- This site is optimized with the Yoast SEO Premium plugin v27.3 (Yoast SEO v27.3) - https:\/\/yoast.com\/product\/yoast-seo-premium-wordpress\/ -->\n<title>COMMAX DP-2S+DR-2PN KIT - Fonolukk<\/title>\n<meta name=\"description\" content=\"Heli sisetelefoni komplekt on kvaliteetne h\u00e4\u00e4lk\u00f5nes\u00fcsteem, mis v\u00f5ib pakkuda usaldusv\u00e4\u00e4rset lahendust ukse kaugavamise probleemile.\" \/>\n<meta name=\"robots\" content=\"index, follow, max-snippet:-1, max-image-preview:large, max-video-preview:-1\" \/>\n<link rel=\"canonical\" href=\"https:\/\/fonolukk.eu\/et\/tooted\/commax-dp-2s-dr-2pn-kit\/\" \/>\n<meta property=\"og:locale\" content=\"et_EE\" \/>\n<meta property=\"og:type\" content=\"article\" \/>\n<meta property=\"og:title\" content=\"COMMAX DP-2S+DR-2PN KIT\" \/>\n<meta property=\"og:description\" content=\"Funktsioonid  \u00dchenduskanalite arv: 1   Kaal, g: 640   Korpuse materjal: plastik   Toit, V: 220   Sisetelefoni \u00fchendus: 2 toru DP-2S paralleel\u00fchendus   Energiatarve, W: 4,5   T\u00f6\u00f6temperatuur, \u00b0\u0421: 0\u2026 + 50   M\u00f5\u00f5dud (LxKxS), mm: 108\u0445210\u044561,4   Paigaldusviis: \u00fcldkulud   Heli sisetelefoni \u00fchenduse t\u00fc\u00fcp: toru\" \/>\n<meta property=\"og:url\" content=\"https:\/\/fonolukk.eu\/et\/tooted\/commax-dp-2s-dr-2pn-kit\/\" \/>\n<meta property=\"og:site_name\" content=\"Fonolukk\" \/>\n<meta property=\"article:publisher\" content=\"https:\/\/www.facebook.com\/fonolukk\" \/>\n<meta property=\"article:modified_time\" content=\"2022-06-21T07:02:47+00:00\" \/>\n<meta property=\"og:image\" content=\"https:\/\/fonolukk.eu\/wp-content\/uploads\/2022\/06\/92488932311938.jpg\" \/>\n\t<meta property=\"og:image:width\" content=\"1002\" \/>\n\t<meta property=\"og:image:height\" content=\"756\" \/>\n\t<meta property=\"og:image:type\" content=\"image\/jpeg\" \/>\n<meta name=\"twitter:card\" content=\"summary_large_image\" \/>\n<meta name=\"twitter:label1\" content=\"Hind\" \/>\n\t<meta name=\"twitter:data1\" content=\"&euro;73.50 koos KM\" \/>\n\t<meta name=\"twitter:label2\" content=\"Availability\" \/>\n\t<meta name=\"twitter:data2\" content=\"Laos\" \/>\n<script type=\"application\/ld+json\" class=\"yoast-schema-graph\">{\"@context\":\"https:\\\/\\\/schema.org\",\"@graph\":[{\"@type\":\"WebPage\",\"@id\":\"https:\\\/\\\/fonolukk.eu\\\/et\\\/tooted\\\/commax-dp-2s-dr-2pn-kit\\\/\",\"url\":\"https:\\\/\\\/fonolukk.eu\\\/et\\\/tooted\\\/commax-dp-2s-dr-2pn-kit\\\/\",\"name\":\"COMMAX DP-2S+DR-2PN KIT - Fonolukk\",\"isPartOf\":{\"@id\":\"https:\\\/\\\/fonolukk.eu\\\/et\\\/#website\"},\"primaryImageOfPage\":{\"@id\":\"https:\\\/\\\/fonolukk.eu\\\/et\\\/tooted\\\/commax-dp-2s-dr-2pn-kit\\\/#primaryimage\"},\"image\":{\"@id\":\"https:\\\/\\\/fonolukk.eu\\\/et\\\/tooted\\\/commax-dp-2s-dr-2pn-kit\\\/#primaryimage\"},\"thumbnailUrl\":\"https:\\\/\\\/fonolukk.eu\\\/wp-content\\\/uploads\\\/2022\\\/06\\\/92488932311938.jpg\",\"datePublished\":\"2022-06-21T06:32:40+00:00\",\"dateModified\":\"2022-06-21T07:02:47+00:00\",\"description\":\"Heli sisetelefoni komplekt on kvaliteetne h\u00e4\u00e4lk\u00f5nes\u00fcsteem, mis v\u00f5ib pakkuda usaldusv\u00e4\u00e4rset lahendust ukse kaugavamise probleemile.\",\"breadcrumb\":{\"@id\":\"https:\\\/\\\/fonolukk.eu\\\/et\\\/tooted\\\/commax-dp-2s-dr-2pn-kit\\\/#breadcrumb\"},\"inLanguage\":\"et\",\"potentialAction\":[{\"@type\":\"ReadAction\",\"target\":[\"https:\\\/\\\/fonolukk.eu\\\/et\\\/tooted\\\/commax-dp-2s-dr-2pn-kit\\\/\"]}]},{\"@type\":\"ImageObject\",\"inLanguage\":\"et\",\"@id\":\"https:\\\/\\\/fonolukk.eu\\\/et\\\/tooted\\\/commax-dp-2s-dr-2pn-kit\\\/#primaryimage\",\"url\":\"https:\\\/\\\/fonolukk.eu\\\/wp-content\\\/uploads\\\/2022\\\/06\\\/92488932311938.jpg\",\"contentUrl\":\"https:\\\/\\\/fonolukk.eu\\\/wp-content\\\/uploads\\\/2022\\\/06\\\/92488932311938.jpg\",\"width\":1002,\"height\":756,\"caption\":\"Features Number of connection channels: 1 Weight, g: 640 Housing material: Plastic Food, V: 220 Interphone connection: Parallel connection of 2 tubes DP-2S Power consumption, W: 4.5 Working temperature, \u00b0\u0421: 0\u2026 + 50 Dimensions (WxHxD), mm: 108\u0445210\u044561,4 Installation method: Overhead Audio intercom connection type: a tube\"},{\"@type\":\"BreadcrumbList\",\"@id\":\"https:\\\/\\\/fonolukk.eu\\\/et\\\/tooted\\\/commax-dp-2s-dr-2pn-kit\\\/#breadcrumb\",\"itemListElement\":[{\"@type\":\"ListItem\",\"position\":1,\"name\":\"Esileht\",\"item\":\"https:\\\/\\\/fonolukk.eu\\\/et\\\/koduleht\\\/\"},{\"@type\":\"ListItem\",\"position\":2,\"name\":\"Tooted\",\"item\":\"https:\\\/\\\/fonolukk.eu\\\/et\\\/shop-2\\\/\"},{\"@type\":\"ListItem\",\"position\":3,\"name\":\"Fonolukud\",\"item\":\"https:\\\/\\\/fonolukk.eu\\\/et\\\/product-category\\\/fonolukud\\\/\"},{\"@type\":\"ListItem\",\"position\":4,\"name\":\"COMMAX DP-2S+DR-2PN KIT\"}]},{\"@type\":\"WebSite\",\"@id\":\"https:\\\/\\\/fonolukk.eu\\\/et\\\/#website\",\"url\":\"https:\\\/\\\/fonolukk.eu\\\/et\\\/\",\"name\":\"Fonolukk eu\",\"description\":\"Smart Security Systems\",\"publisher\":{\"@id\":\"https:\\\/\\\/fonolukk.eu\\\/et\\\/#organization\"},\"potentialAction\":[{\"@type\":\"SearchAction\",\"target\":{\"@type\":\"EntryPoint\",\"urlTemplate\":\"https:\\\/\\\/fonolukk.eu\\\/et\\\/?s={search_term_string}\"},\"query-input\":{\"@type\":\"PropertyValueSpecification\",\"valueRequired\":true,\"valueName\":\"search_term_string\"}}],\"inLanguage\":\"et\"},{\"@type\":\"Organization\",\"@id\":\"https:\\\/\\\/fonolukk.eu\\\/et\\\/#organization\",\"name\":\"Smart Security OU\",\"url\":\"https:\\\/\\\/fonolukk.eu\\\/et\\\/\",\"logo\":{\"@type\":\"ImageObject\",\"inLanguage\":\"et\",\"@id\":\"https:\\\/\\\/fonolukk.eu\\\/et\\\/#\\\/schema\\\/logo\\\/image\\\/\",\"url\":\"https:\\\/\\\/fonolukk.eu\\\/wp-content\\\/uploads\\\/2023\\\/09\\\/fonolukk.png\",\"contentUrl\":\"https:\\\/\\\/fonolukk.eu\\\/wp-content\\\/uploads\\\/2023\\\/09\\\/fonolukk.png\",\"width\":277,\"height\":274,\"caption\":\"Smart Security OU\"},\"image\":{\"@id\":\"https:\\\/\\\/fonolukk.eu\\\/et\\\/#\\\/schema\\\/logo\\\/image\\\/\"},\"sameAs\":[\"https:\\\/\\\/www.facebook.com\\\/fonolukk\",\"https:\\\/\\\/www.instagram.com\\\/fonolukk\\\/?hl=ru\"],\"publishingPrinciples\":\"https:\\\/\\\/fonolukk.eu\\\/terms-and-conditions\\\/\",\"ownershipFundingInfo\":\"https:\\\/\\\/fonolukk.eu\\\/about-us\\\/\"}]}<\/script>\n<meta property=\"product:brand\" content=\"COMMAX\" \/>\n<meta property=\"product:price:amount\" content=\"73.50\" \/>\n<meta property=\"product:price:currency\" content=\"EUR\" \/>\n<meta property=\"og:availability\" content=\"instock\" \/>\n<meta property=\"product:availability\" content=\"instock\" \/>\n<meta property=\"product:retailer_item_id\" content=\"DP-2S+DR-2PN\" \/>\n<meta property=\"product:condition\" content=\"new\" \/>\n<!-- \/ Yoast SEO Premium plugin. -->","yoast_head_json":{"title":"COMMAX DP-2S+DR-2PN KIT - Fonolukk","description":"Heli sisetelefoni komplekt on kvaliteetne h\u00e4\u00e4lk\u00f5nes\u00fcsteem, mis v\u00f5ib pakkuda usaldusv\u00e4\u00e4rset lahendust ukse kaugavamise probleemile.","robots":{"index":"index","follow":"follow","max-snippet":"max-snippet:-1","max-image-preview":"max-image-preview:large","max-video-preview":"max-video-preview:-1"},"canonical":"https:\/\/fonolukk.eu\/et\/tooted\/commax-dp-2s-dr-2pn-kit\/","og_locale":"et_EE","og_type":"article","og_title":"COMMAX DP-2S+DR-2PN KIT","og_description":"Funktsioonid  \u00dchenduskanalite arv: 1   Kaal, g: 640   Korpuse materjal: plastik   Toit, V: 220   Sisetelefoni \u00fchendus: 2 toru DP-2S paralleel\u00fchendus   Energiatarve, W: 4,5   T\u00f6\u00f6temperatuur, \u00b0\u0421: 0\u2026 + 50   M\u00f5\u00f5dud (LxKxS), mm: 108\u0445210\u044561,4   Paigaldusviis: \u00fcldkulud   Heli sisetelefoni \u00fchenduse t\u00fc\u00fcp: toru","og_url":"https:\/\/fonolukk.eu\/et\/tooted\/commax-dp-2s-dr-2pn-kit\/","og_site_name":"Fonolukk","article_publisher":"https:\/\/www.facebook.com\/fonolukk","article_modified_time":"2022-06-21T07:02:47+00:00","og_image":[{"width":1002,"height":756,"url":"https:\/\/fonolukk.eu\/wp-content\/uploads\/2022\/06\/92488932311938.jpg","type":"image\/jpeg"}],"twitter_card":"summary_large_image","twitter_misc":{"Hind":"&euro;73.50 koos KM","Availability":"Laos"},"schema":{"@context":"https:\/\/schema.org","@graph":[{"@type":"WebPage","@id":"https:\/\/fonolukk.eu\/et\/tooted\/commax-dp-2s-dr-2pn-kit\/","url":"https:\/\/fonolukk.eu\/et\/tooted\/commax-dp-2s-dr-2pn-kit\/","name":"COMMAX DP-2S+DR-2PN KIT - Fonolukk","isPartOf":{"@id":"https:\/\/fonolukk.eu\/et\/#website"},"primaryImageOfPage":{"@id":"https:\/\/fonolukk.eu\/et\/tooted\/commax-dp-2s-dr-2pn-kit\/#primaryimage"},"image":{"@id":"https:\/\/fonolukk.eu\/et\/tooted\/commax-dp-2s-dr-2pn-kit\/#primaryimage"},"thumbnailUrl":"https:\/\/fonolukk.eu\/wp-content\/uploads\/2022\/06\/92488932311938.jpg","datePublished":"2022-06-21T06:32:40+00:00","dateModified":"2022-06-21T07:02:47+00:00","description":"Heli sisetelefoni komplekt on kvaliteetne h\u00e4\u00e4lk\u00f5nes\u00fcsteem, mis v\u00f5ib pakkuda usaldusv\u00e4\u00e4rset lahendust ukse kaugavamise probleemile.","breadcrumb":{"@id":"https:\/\/fonolukk.eu\/et\/tooted\/commax-dp-2s-dr-2pn-kit\/#breadcrumb"},"inLanguage":"et","potentialAction":[{"@type":"ReadAction","target":["https:\/\/fonolukk.eu\/et\/tooted\/commax-dp-2s-dr-2pn-kit\/"]}]},{"@type":"ImageObject","inLanguage":"et","@id":"https:\/\/fonolukk.eu\/et\/tooted\/commax-dp-2s-dr-2pn-kit\/#primaryimage","url":"https:\/\/fonolukk.eu\/wp-content\/uploads\/2022\/06\/92488932311938.jpg","contentUrl":"https:\/\/fonolukk.eu\/wp-content\/uploads\/2022\/06\/92488932311938.jpg","width":1002,"height":756,"caption":"Features Number of connection channels: 1 Weight, g: 640 Housing material: Plastic Food, V: 220 Interphone connection: Parallel connection of 2 tubes DP-2S Power consumption, W: 4.5 Working temperature, \u00b0\u0421: 0\u2026 + 50 Dimensions (WxHxD), mm: 108\u0445210\u044561,4 Installation method: Overhead Audio intercom connection type: a tube"},{"@type":"BreadcrumbList","@id":"https:\/\/fonolukk.eu\/et\/tooted\/commax-dp-2s-dr-2pn-kit\/#breadcrumb","itemListElement":[{"@type":"ListItem","position":1,"name":"Esileht","item":"https:\/\/fonolukk.eu\/et\/koduleht\/"},{"@type":"ListItem","position":2,"name":"Tooted","item":"https:\/\/fonolukk.eu\/et\/shop-2\/"},{"@type":"ListItem","position":3,"name":"Fonolukud","item":"https:\/\/fonolukk.eu\/et\/product-category\/fonolukud\/"},{"@type":"ListItem","position":4,"name":"COMMAX DP-2S+DR-2PN KIT"}]},{"@type":"WebSite","@id":"https:\/\/fonolukk.eu\/et\/#website","url":"https:\/\/fonolukk.eu\/et\/","name":"Fonolukk eu","description":"Smart Security Systems","publisher":{"@id":"https:\/\/fonolukk.eu\/et\/#organization"},"potentialAction":[{"@type":"SearchAction","target":{"@type":"EntryPoint","urlTemplate":"https:\/\/fonolukk.eu\/et\/?s={search_term_string}"},"query-input":{"@type":"PropertyValueSpecification","valueRequired":true,"valueName":"search_term_string"}}],"inLanguage":"et"},{"@type":"Organization","@id":"https:\/\/fonolukk.eu\/et\/#organization","name":"Smart Security OU","url":"https:\/\/fonolukk.eu\/et\/","logo":{"@type":"ImageObject","inLanguage":"et","@id":"https:\/\/fonolukk.eu\/et\/#\/schema\/logo\/image\/","url":"https:\/\/fonolukk.eu\/wp-content\/uploads\/2023\/09\/fonolukk.png","contentUrl":"https:\/\/fonolukk.eu\/wp-content\/uploads\/2023\/09\/fonolukk.png","width":277,"height":274,"caption":"Smart Security OU"},"image":{"@id":"https:\/\/fonolukk.eu\/et\/#\/schema\/logo\/image\/"},"sameAs":["https:\/\/www.facebook.com\/fonolukk","https:\/\/www.instagram.com\/fonolukk\/?hl=ru"],"publishingPrinciples":"https:\/\/fonolukk.eu\/terms-and-conditions\/","ownershipFundingInfo":"https:\/\/fonolukk.eu\/about-us\/"}]},"product_brand":"COMMAX","product_price_amount":"73.50","product_price_currency":"EUR","og_availability":"instock","product_availability":"instock","product_retailer_item_id":"DP-2S+DR-2PN","product_condition":"new"},"_links":{"self":[{"href":"https:\/\/fonolukk.eu\/et\/wp-json\/wp\/v2\/product\/13547","targetHints":{"allow":["GET"]}}],"collection":[{"href":"https:\/\/fonolukk.eu\/et\/wp-json\/wp\/v2\/product"}],"about":[{"href":"https:\/\/fonolukk.eu\/et\/wp-json\/wp\/v2\/types\/product"}],"version-history":[{"count":0,"href":"https:\/\/fonolukk.eu\/et\/wp-json\/wp\/v2\/product\/13547\/revisions"}],"wp:featuredmedia":[{"embeddable":true,"href":"https:\/\/fonolukk.eu\/et\/wp-json\/wp\/v2\/media\/13550"}],"wp:attachment":[{"href":"https:\/\/fonolukk.eu\/et\/wp-json\/wp\/v2\/media?parent=13547"}],"wp:term":[{"taxonomy":"product_brand","embeddable":true,"href":"https:\/\/fonolukk.eu\/et\/wp-json\/wp\/v2\/product_brand?post=13547"},{"taxonomy":"product_cat","embeddable":true,"href":"https:\/\/fonolukk.eu\/et\/wp-json\/wp\/v2\/product_cat?post=13547"},{"taxonomy":"product_tag","embeddable":true,"href":"https:\/\/fonolukk.eu\/et\/wp-json\/wp\/v2\/product_tag?post=13547"}],"curies":[{"name":"wp","href":"https:\/\/api.w.org\/{rel}","templated":true}]}}