{"id":13596,"date":"2022-06-28T22:06:20","date_gmt":"2022-06-28T19:06:20","guid":{"rendered":"https:\/\/fonolukk.eu\/?post_type=product&#038;p=13596"},"modified":"2022-06-28T22:31:52","modified_gmt":"2022-06-28T19:31:52","slug":"mooduli-ukse-kolar-1-nupp-1-1-df6000-mas11ped","status":"publish","type":"product","link":"https:\/\/fonolukk.eu\/et\/tooted\/mooduli-ukse-kolar-1-nupp-1-1-df6000-mas11ped\/","title":{"rendered":"Mooduli ukse k\u00f5lar 1 nupp 1+1\/DF6000 &#8211; MAS11PED"},"content":{"rendered":"","protected":false},"excerpt":{"rendered":"<p>Uksek\u00f5lari ja 1 nupuga integreeritud moodul antivandaalse Matrix Style uksejaamade seeria jaoks. Plaat ja v\u00f5tmed on roostevabast terasest, mis v\u00f5imaldab kompositsiooni heli- ja videoukse sissep\u00e4\u00e4sus\u00fcsteemides kas tavalistes v\u00f5i digitaalsetes. IP45 ja IK09 kaitseastmed on garanteeritud. Nimesilt ja nuppude l\u00e4hedal asuv koht on taustvalgustusega roheliste LED-tuledega.<\/p>\n[wpdm_package id='13598']\n","protected":false},"featured_media":13601,"template":"","meta":[],"product_brand":[],"product_cat":[953,606,906],"product_tag":[],"class_list":{"0":"post-13596","1":"product","2":"type-product","3":"status-publish","4":"has-post-thumbnail","6":"product_cat-valispaneel-et","7":"product_cat-fonolukud","8":"product_cat-farfisa-et-2","9":"pa_brand-farfisa-et","11":"first","12":"instock","13":"taxable","14":"shipping-taxable","15":"product-type-simple"},"yoast_head":"<!-- This site is optimized with the Yoast SEO Premium plugin v27.3 (Yoast SEO v27.3) - https:\/\/yoast.com\/product\/yoast-seo-premium-wordpress\/ -->\n<title>Mooduli ukse k\u00f5lar 1 nupp 1+1\/DF6000 - MAS11PED - Fonolukk<\/title>\n<meta name=\"description\" content=\"Ilma helistamisnuppudeta kinnitatakse see seinale l\u00e4bi tagakarbi, moodulraami ja vihmavarju ning selle saab \u00fchendada erinevate nupumoodulitega.\" \/>\n<meta name=\"robots\" content=\"index, follow, max-snippet:-1, max-image-preview:large, max-video-preview:-1\" \/>\n<link rel=\"canonical\" href=\"https:\/\/fonolukk.eu\/et\/tooted\/mooduli-ukse-kolar-1-nupp-1-1-df6000-mas11ped\/\" \/>\n<meta property=\"og:locale\" content=\"et_EE\" \/>\n<meta property=\"og:type\" content=\"article\" \/>\n<meta property=\"og:title\" content=\"Mooduli ukse k\u00f5lar 1 nupp 1+1\/DF6000 - MAS11PED\" \/>\n<meta property=\"og:description\" content=\"Uksek\u00f5lari ja 1 nupuga integreeritud moodul antivandaalse Matrix Style uksejaamade seeria jaoks. Plaat ja v\u00f5tmed on roostevabast terasest, mis v\u00f5imaldab kompositsiooni heli- ja videoukse sissep\u00e4\u00e4sus\u00fcsteemides kas tavalistes v\u00f5i digitaalsetes. IP45 ja IK09 kaitseastmed on garanteeritud. Nimesilt ja nuppude l\u00e4hedal asuv koht on taustvalgustusega roheliste LED-tuledega.\" \/>\n<meta property=\"og:url\" content=\"https:\/\/fonolukk.eu\/et\/tooted\/mooduli-ukse-kolar-1-nupp-1-1-df6000-mas11ped\/\" \/>\n<meta property=\"og:site_name\" content=\"Fonolukk\" \/>\n<meta property=\"article:publisher\" content=\"https:\/\/www.facebook.com\/fonolukk\" \/>\n<meta property=\"article:modified_time\" content=\"2022-06-28T19:31:52+00:00\" \/>\n<meta property=\"og:image\" content=\"https:\/\/fonolukk.eu\/wp-content\/uploads\/2022\/06\/mas11p.jpg\" \/>\n\t<meta property=\"og:image:width\" content=\"1600\" \/>\n\t<meta property=\"og:image:height\" content=\"1284\" \/>\n\t<meta property=\"og:image:type\" content=\"image\/jpeg\" \/>\n<meta name=\"twitter:card\" content=\"summary_large_image\" \/>\n<meta name=\"twitter:label1\" content=\"Hind\" \/>\n\t<meta name=\"twitter:data1\" content=\"\" \/>\n\t<meta name=\"twitter:label2\" content=\"Availability\" \/>\n\t<meta name=\"twitter:data2\" content=\"Laos\" \/>\n<script type=\"application\/ld+json\" class=\"yoast-schema-graph\">{\"@context\":\"https:\\\/\\\/schema.org\",\"@graph\":[{\"@type\":\"WebPage\",\"@id\":\"https:\\\/\\\/fonolukk.eu\\\/et\\\/tooted\\\/mooduli-ukse-kolar-1-nupp-1-1-df6000-mas11ped\\\/\",\"url\":\"https:\\\/\\\/fonolukk.eu\\\/et\\\/tooted\\\/mooduli-ukse-kolar-1-nupp-1-1-df6000-mas11ped\\\/\",\"name\":\"Mooduli ukse k\u00f5lar 1 nupp 1+1\\\/DF6000 - MAS11PED - Fonolukk\",\"isPartOf\":{\"@id\":\"https:\\\/\\\/fonolukk.eu\\\/et\\\/#website\"},\"primaryImageOfPage\":{\"@id\":\"https:\\\/\\\/fonolukk.eu\\\/et\\\/tooted\\\/mooduli-ukse-kolar-1-nupp-1-1-df6000-mas11ped\\\/#primaryimage\"},\"image\":{\"@id\":\"https:\\\/\\\/fonolukk.eu\\\/et\\\/tooted\\\/mooduli-ukse-kolar-1-nupp-1-1-df6000-mas11ped\\\/#primaryimage\"},\"thumbnailUrl\":\"https:\\\/\\\/fonolukk.eu\\\/wp-content\\\/uploads\\\/2022\\\/06\\\/mas11p.jpg\",\"datePublished\":\"2022-06-28T19:06:20+00:00\",\"dateModified\":\"2022-06-28T19:31:52+00:00\",\"description\":\"Ilma helistamisnuppudeta kinnitatakse see seinale l\u00e4bi tagakarbi, moodulraami ja vihmavarju ning selle saab \u00fchendada erinevate nupumoodulitega.\",\"breadcrumb\":{\"@id\":\"https:\\\/\\\/fonolukk.eu\\\/et\\\/tooted\\\/mooduli-ukse-kolar-1-nupp-1-1-df6000-mas11ped\\\/#breadcrumb\"},\"inLanguage\":\"et\",\"potentialAction\":[{\"@type\":\"ReadAction\",\"target\":[\"https:\\\/\\\/fonolukk.eu\\\/et\\\/tooted\\\/mooduli-ukse-kolar-1-nupp-1-1-df6000-mas11ped\\\/\"]}]},{\"@type\":\"ImageObject\",\"inLanguage\":\"et\",\"@id\":\"https:\\\/\\\/fonolukk.eu\\\/et\\\/tooted\\\/mooduli-ukse-kolar-1-nupp-1-1-df6000-mas11ped\\\/#primaryimage\",\"url\":\"https:\\\/\\\/fonolukk.eu\\\/wp-content\\\/uploads\\\/2022\\\/06\\\/mas11p.jpg\",\"contentUrl\":\"https:\\\/\\\/fonolukk.eu\\\/wp-content\\\/uploads\\\/2022\\\/06\\\/mas11p.jpg\",\"width\":1600,\"height\":1284,\"caption\":\"MAS11PED\"},{\"@type\":\"BreadcrumbList\",\"@id\":\"https:\\\/\\\/fonolukk.eu\\\/et\\\/tooted\\\/mooduli-ukse-kolar-1-nupp-1-1-df6000-mas11ped\\\/#breadcrumb\",\"itemListElement\":[{\"@type\":\"ListItem\",\"position\":1,\"name\":\"Esileht\",\"item\":\"https:\\\/\\\/fonolukk.eu\\\/et\\\/koduleht\\\/\"},{\"@type\":\"ListItem\",\"position\":2,\"name\":\"Tooted\",\"item\":\"https:\\\/\\\/fonolukk.eu\\\/et\\\/shop-2\\\/\"},{\"@type\":\"ListItem\",\"position\":3,\"name\":\"Fonolukud\",\"item\":\"https:\\\/\\\/fonolukk.eu\\\/et\\\/product-category\\\/fonolukud\\\/\"},{\"@type\":\"ListItem\",\"position\":4,\"name\":\"Farfisa\",\"item\":\"https:\\\/\\\/fonolukk.eu\\\/et\\\/product-category\\\/fonolukud\\\/farfisa-et-2\\\/\"},{\"@type\":\"ListItem\",\"position\":5,\"name\":\"Fonoluku paneel\",\"item\":\"https:\\\/\\\/fonolukk.eu\\\/et\\\/product-category\\\/fonolukud\\\/farfisa-et-2\\\/valispaneel-et\\\/\"},{\"@type\":\"ListItem\",\"position\":6,\"name\":\"Mooduli ukse k\u00f5lar 1 nupp 1+1\\\/DF6000 &#8211; MAS11PED\"}]},{\"@type\":\"WebSite\",\"@id\":\"https:\\\/\\\/fonolukk.eu\\\/et\\\/#website\",\"url\":\"https:\\\/\\\/fonolukk.eu\\\/et\\\/\",\"name\":\"Fonolukk eu\",\"description\":\"Smart Security Systems\",\"publisher\":{\"@id\":\"https:\\\/\\\/fonolukk.eu\\\/et\\\/#organization\"},\"potentialAction\":[{\"@type\":\"SearchAction\",\"target\":{\"@type\":\"EntryPoint\",\"urlTemplate\":\"https:\\\/\\\/fonolukk.eu\\\/et\\\/?s={search_term_string}\"},\"query-input\":{\"@type\":\"PropertyValueSpecification\",\"valueRequired\":true,\"valueName\":\"search_term_string\"}}],\"inLanguage\":\"et\"},{\"@type\":\"Organization\",\"@id\":\"https:\\\/\\\/fonolukk.eu\\\/et\\\/#organization\",\"name\":\"Smart Security OU\",\"url\":\"https:\\\/\\\/fonolukk.eu\\\/et\\\/\",\"logo\":{\"@type\":\"ImageObject\",\"inLanguage\":\"et\",\"@id\":\"https:\\\/\\\/fonolukk.eu\\\/et\\\/#\\\/schema\\\/logo\\\/image\\\/\",\"url\":\"https:\\\/\\\/fonolukk.eu\\\/wp-content\\\/uploads\\\/2023\\\/09\\\/fonolukk.png\",\"contentUrl\":\"https:\\\/\\\/fonolukk.eu\\\/wp-content\\\/uploads\\\/2023\\\/09\\\/fonolukk.png\",\"width\":277,\"height\":274,\"caption\":\"Smart Security OU\"},\"image\":{\"@id\":\"https:\\\/\\\/fonolukk.eu\\\/et\\\/#\\\/schema\\\/logo\\\/image\\\/\"},\"sameAs\":[\"https:\\\/\\\/www.facebook.com\\\/fonolukk\",\"https:\\\/\\\/www.instagram.com\\\/fonolukk\\\/?hl=ru\"],\"publishingPrinciples\":\"https:\\\/\\\/fonolukk.eu\\\/terms-and-conditions\\\/\",\"ownershipFundingInfo\":\"https:\\\/\\\/fonolukk.eu\\\/about-us\\\/\"}]}<\/script>\n<meta property=\"product:brand\" content=\"Farfisa\" \/>\n<meta property=\"product:price:amount\" content=\"0.00\" \/>\n<meta property=\"product:price:currency\" content=\"EUR\" \/>\n<meta property=\"og:availability\" content=\"instock\" \/>\n<meta property=\"product:availability\" content=\"instock\" \/>\n<meta property=\"product:retailer_item_id\" content=\"MAS11PED\" \/>\n<meta property=\"product:condition\" content=\"new\" \/>\n<!-- \/ Yoast SEO Premium plugin. -->","yoast_head_json":{"title":"Mooduli ukse k\u00f5lar 1 nupp 1+1\/DF6000 - MAS11PED - Fonolukk","description":"Ilma helistamisnuppudeta kinnitatakse see seinale l\u00e4bi tagakarbi, moodulraami ja vihmavarju ning selle saab \u00fchendada erinevate nupumoodulitega.","robots":{"index":"index","follow":"follow","max-snippet":"max-snippet:-1","max-image-preview":"max-image-preview:large","max-video-preview":"max-video-preview:-1"},"canonical":"https:\/\/fonolukk.eu\/et\/tooted\/mooduli-ukse-kolar-1-nupp-1-1-df6000-mas11ped\/","og_locale":"et_EE","og_type":"article","og_title":"Mooduli ukse k\u00f5lar 1 nupp 1+1\/DF6000 - MAS11PED","og_description":"Uksek\u00f5lari ja 1 nupuga integreeritud moodul antivandaalse Matrix Style uksejaamade seeria jaoks. Plaat ja v\u00f5tmed on roostevabast terasest, mis v\u00f5imaldab kompositsiooni heli- ja videoukse sissep\u00e4\u00e4sus\u00fcsteemides kas tavalistes v\u00f5i digitaalsetes. IP45 ja IK09 kaitseastmed on garanteeritud. Nimesilt ja nuppude l\u00e4hedal asuv koht on taustvalgustusega roheliste LED-tuledega.","og_url":"https:\/\/fonolukk.eu\/et\/tooted\/mooduli-ukse-kolar-1-nupp-1-1-df6000-mas11ped\/","og_site_name":"Fonolukk","article_publisher":"https:\/\/www.facebook.com\/fonolukk","article_modified_time":"2022-06-28T19:31:52+00:00","og_image":[{"width":1600,"height":1284,"url":"https:\/\/fonolukk.eu\/wp-content\/uploads\/2022\/06\/mas11p.jpg","type":"image\/jpeg"}],"twitter_card":"summary_large_image","twitter_misc":{"Hind":"","Availability":"Laos"},"schema":{"@context":"https:\/\/schema.org","@graph":[{"@type":"WebPage","@id":"https:\/\/fonolukk.eu\/et\/tooted\/mooduli-ukse-kolar-1-nupp-1-1-df6000-mas11ped\/","url":"https:\/\/fonolukk.eu\/et\/tooted\/mooduli-ukse-kolar-1-nupp-1-1-df6000-mas11ped\/","name":"Mooduli ukse k\u00f5lar 1 nupp 1+1\/DF6000 - MAS11PED - Fonolukk","isPartOf":{"@id":"https:\/\/fonolukk.eu\/et\/#website"},"primaryImageOfPage":{"@id":"https:\/\/fonolukk.eu\/et\/tooted\/mooduli-ukse-kolar-1-nupp-1-1-df6000-mas11ped\/#primaryimage"},"image":{"@id":"https:\/\/fonolukk.eu\/et\/tooted\/mooduli-ukse-kolar-1-nupp-1-1-df6000-mas11ped\/#primaryimage"},"thumbnailUrl":"https:\/\/fonolukk.eu\/wp-content\/uploads\/2022\/06\/mas11p.jpg","datePublished":"2022-06-28T19:06:20+00:00","dateModified":"2022-06-28T19:31:52+00:00","description":"Ilma helistamisnuppudeta kinnitatakse see seinale l\u00e4bi tagakarbi, moodulraami ja vihmavarju ning selle saab \u00fchendada erinevate nupumoodulitega.","breadcrumb":{"@id":"https:\/\/fonolukk.eu\/et\/tooted\/mooduli-ukse-kolar-1-nupp-1-1-df6000-mas11ped\/#breadcrumb"},"inLanguage":"et","potentialAction":[{"@type":"ReadAction","target":["https:\/\/fonolukk.eu\/et\/tooted\/mooduli-ukse-kolar-1-nupp-1-1-df6000-mas11ped\/"]}]},{"@type":"ImageObject","inLanguage":"et","@id":"https:\/\/fonolukk.eu\/et\/tooted\/mooduli-ukse-kolar-1-nupp-1-1-df6000-mas11ped\/#primaryimage","url":"https:\/\/fonolukk.eu\/wp-content\/uploads\/2022\/06\/mas11p.jpg","contentUrl":"https:\/\/fonolukk.eu\/wp-content\/uploads\/2022\/06\/mas11p.jpg","width":1600,"height":1284,"caption":"MAS11PED"},{"@type":"BreadcrumbList","@id":"https:\/\/fonolukk.eu\/et\/tooted\/mooduli-ukse-kolar-1-nupp-1-1-df6000-mas11ped\/#breadcrumb","itemListElement":[{"@type":"ListItem","position":1,"name":"Esileht","item":"https:\/\/fonolukk.eu\/et\/koduleht\/"},{"@type":"ListItem","position":2,"name":"Tooted","item":"https:\/\/fonolukk.eu\/et\/shop-2\/"},{"@type":"ListItem","position":3,"name":"Fonolukud","item":"https:\/\/fonolukk.eu\/et\/product-category\/fonolukud\/"},{"@type":"ListItem","position":4,"name":"Farfisa","item":"https:\/\/fonolukk.eu\/et\/product-category\/fonolukud\/farfisa-et-2\/"},{"@type":"ListItem","position":5,"name":"Fonoluku paneel","item":"https:\/\/fonolukk.eu\/et\/product-category\/fonolukud\/farfisa-et-2\/valispaneel-et\/"},{"@type":"ListItem","position":6,"name":"Mooduli ukse k\u00f5lar 1 nupp 1+1\/DF6000 &#8211; MAS11PED"}]},{"@type":"WebSite","@id":"https:\/\/fonolukk.eu\/et\/#website","url":"https:\/\/fonolukk.eu\/et\/","name":"Fonolukk eu","description":"Smart Security Systems","publisher":{"@id":"https:\/\/fonolukk.eu\/et\/#organization"},"potentialAction":[{"@type":"SearchAction","target":{"@type":"EntryPoint","urlTemplate":"https:\/\/fonolukk.eu\/et\/?s={search_term_string}"},"query-input":{"@type":"PropertyValueSpecification","valueRequired":true,"valueName":"search_term_string"}}],"inLanguage":"et"},{"@type":"Organization","@id":"https:\/\/fonolukk.eu\/et\/#organization","name":"Smart Security OU","url":"https:\/\/fonolukk.eu\/et\/","logo":{"@type":"ImageObject","inLanguage":"et","@id":"https:\/\/fonolukk.eu\/et\/#\/schema\/logo\/image\/","url":"https:\/\/fonolukk.eu\/wp-content\/uploads\/2023\/09\/fonolukk.png","contentUrl":"https:\/\/fonolukk.eu\/wp-content\/uploads\/2023\/09\/fonolukk.png","width":277,"height":274,"caption":"Smart Security OU"},"image":{"@id":"https:\/\/fonolukk.eu\/et\/#\/schema\/logo\/image\/"},"sameAs":["https:\/\/www.facebook.com\/fonolukk","https:\/\/www.instagram.com\/fonolukk\/?hl=ru"],"publishingPrinciples":"https:\/\/fonolukk.eu\/terms-and-conditions\/","ownershipFundingInfo":"https:\/\/fonolukk.eu\/about-us\/"}]},"product_brand":"Farfisa","product_price_amount":"0.00","product_price_currency":"EUR","og_availability":"instock","product_availability":"instock","product_retailer_item_id":"MAS11PED","product_condition":"new"},"_links":{"self":[{"href":"https:\/\/fonolukk.eu\/et\/wp-json\/wp\/v2\/product\/13596","targetHints":{"allow":["GET"]}}],"collection":[{"href":"https:\/\/fonolukk.eu\/et\/wp-json\/wp\/v2\/product"}],"about":[{"href":"https:\/\/fonolukk.eu\/et\/wp-json\/wp\/v2\/types\/product"}],"version-history":[{"count":0,"href":"https:\/\/fonolukk.eu\/et\/wp-json\/wp\/v2\/product\/13596\/revisions"}],"wp:featuredmedia":[{"embeddable":true,"href":"https:\/\/fonolukk.eu\/et\/wp-json\/wp\/v2\/media\/13601"}],"wp:attachment":[{"href":"https:\/\/fonolukk.eu\/et\/wp-json\/wp\/v2\/media?parent=13596"}],"wp:term":[{"taxonomy":"product_brand","embeddable":true,"href":"https:\/\/fonolukk.eu\/et\/wp-json\/wp\/v2\/product_brand?post=13596"},{"taxonomy":"product_cat","embeddable":true,"href":"https:\/\/fonolukk.eu\/et\/wp-json\/wp\/v2\/product_cat?post=13596"},{"taxonomy":"product_tag","embeddable":true,"href":"https:\/\/fonolukk.eu\/et\/wp-json\/wp\/v2\/product_tag?post=13596"}],"curies":[{"name":"wp","href":"https:\/\/api.w.org\/{rel}","templated":true}]}}