{"id":13621,"date":"2022-07-01T00:18:33","date_gmt":"2022-06-30T21:18:34","guid":{"rendered":"https:\/\/fonolukk.eu\/?post_type=product&#038;p=13621"},"modified":"2022-07-01T00:45:24","modified_gmt":"2022-06-30T21:45:24","slug":"tagakast-2-moodulit-ma72","status":"publish","type":"product","link":"https:\/\/fonolukk.eu\/et\/tooted\/tagakast-2-moodulit-ma72\/","title":{"rendered":"Tagakast, 2 moodulit &#8211; MA72"},"content":{"rendered":"","protected":false},"excerpt":{"rendered":"<p>Sisseehitatud tagakast 2 mooduli jaoks antivandaal-nupppaneeli Matrix seeria jaoks. Valmistatud rauast, on seinale s\u00fcvistatav. See on varustatud metallraamiga, mis v\u00f5imaldab funktsioonimooduli \u00f5iget joondamist ja asendit. \u00d5igesti paigaldatud ja kokkupandud see v\u00f5imaldab paigaldada suure hulga kasutajaid. T\u00e4nu oma geomeetriale v\u00f5imaldab see moodulite kompositsioone vertikaalselt v\u00f5i horisontaalselt.<\/p>\n[wpdm_package id='13626']\n","protected":false},"featured_media":13624,"template":"","meta":[],"product_brand":[],"product_cat":[953,606,906],"product_tag":[],"class_list":{"0":"post-13621","1":"product","2":"type-product","3":"status-publish","4":"has-post-thumbnail","6":"product_cat-valispaneel-et","7":"product_cat-fonolukud","8":"product_cat-farfisa-et-2","9":"pa_brand-farfisa-et","11":"first","12":"instock","13":"taxable","14":"shipping-taxable","15":"product-type-simple"},"yoast_head":"<!-- This site is optimized with the Yoast SEO Premium plugin v27.3 (Yoast SEO v27.3) - https:\/\/yoast.com\/product\/yoast-seo-premium-wordpress\/ -->\n<title>Tagakast, 2 moodulit - MA72 - Fonolukk<\/title>\n<meta name=\"description\" content=\"See on seinale s\u00fcvistatav. See on varustatud metallraamiga, mis v\u00f5imaldab funktsioonimooduli \u00f5iget joondamist ja asendit.\" \/>\n<meta name=\"robots\" content=\"index, follow, max-snippet:-1, max-image-preview:large, max-video-preview:-1\" \/>\n<link rel=\"canonical\" href=\"https:\/\/fonolukk.eu\/et\/tooted\/tagakast-2-moodulit-ma72\/\" \/>\n<meta property=\"og:locale\" content=\"et_EE\" \/>\n<meta property=\"og:type\" content=\"article\" \/>\n<meta property=\"og:title\" content=\"Tagakast, 2 moodulit - MA72\" \/>\n<meta property=\"og:description\" content=\"Sisseehitatud tagakast 2 mooduli jaoks antivandaal-nupppaneeli Matrix seeria jaoks. Valmistatud rauast, on seinale s\u00fcvistatav. See on varustatud metallraamiga, mis v\u00f5imaldab funktsioonimooduli \u00f5iget joondamist ja asendit. \u00d5igesti paigaldatud ja kokkupandud see v\u00f5imaldab paigaldada suure hulga kasutajaid. T\u00e4nu oma geomeetriale v\u00f5imaldab see moodulite kompositsioone vertikaalselt v\u00f5i horisontaalselt.\" \/>\n<meta property=\"og:url\" content=\"https:\/\/fonolukk.eu\/et\/tooted\/tagakast-2-moodulit-ma72\/\" \/>\n<meta property=\"og:site_name\" content=\"Fonolukk\" \/>\n<meta property=\"article:publisher\" content=\"https:\/\/www.facebook.com\/fonolukk\" \/>\n<meta property=\"article:modified_time\" content=\"2022-06-30T21:45:24+00:00\" \/>\n<meta property=\"og:image\" content=\"https:\/\/fonolukk.eu\/wp-content\/uploads\/2022\/07\/xlarge_20220516142746_farfisa_matrix_vasi_gia_mpoutoniera_thyrotilefonou_ma72.jpg\" \/>\n\t<meta property=\"og:image:width\" content=\"1000\" \/>\n\t<meta property=\"og:image:height\" content=\"934\" \/>\n\t<meta property=\"og:image:type\" content=\"image\/jpeg\" \/>\n<meta name=\"twitter:card\" content=\"summary_large_image\" \/>\n<meta name=\"twitter:label1\" content=\"Hind\" \/>\n\t<meta name=\"twitter:data1\" content=\"\" \/>\n\t<meta name=\"twitter:label2\" content=\"Availability\" \/>\n\t<meta name=\"twitter:data2\" content=\"Laos\" \/>\n<script type=\"application\/ld+json\" class=\"yoast-schema-graph\">{\"@context\":\"https:\\\/\\\/schema.org\",\"@graph\":[{\"@type\":\"WebPage\",\"@id\":\"https:\\\/\\\/fonolukk.eu\\\/et\\\/tooted\\\/tagakast-2-moodulit-ma72\\\/\",\"url\":\"https:\\\/\\\/fonolukk.eu\\\/et\\\/tooted\\\/tagakast-2-moodulit-ma72\\\/\",\"name\":\"Tagakast, 2 moodulit - MA72 - Fonolukk\",\"isPartOf\":{\"@id\":\"https:\\\/\\\/fonolukk.eu\\\/et\\\/#website\"},\"primaryImageOfPage\":{\"@id\":\"https:\\\/\\\/fonolukk.eu\\\/et\\\/tooted\\\/tagakast-2-moodulit-ma72\\\/#primaryimage\"},\"image\":{\"@id\":\"https:\\\/\\\/fonolukk.eu\\\/et\\\/tooted\\\/tagakast-2-moodulit-ma72\\\/#primaryimage\"},\"thumbnailUrl\":\"https:\\\/\\\/fonolukk.eu\\\/wp-content\\\/uploads\\\/2022\\\/07\\\/xlarge_20220516142746_farfisa_matrix_vasi_gia_mpoutoniera_thyrotilefonou_ma72.jpg\",\"datePublished\":\"2022-06-30T21:18:34+00:00\",\"dateModified\":\"2022-06-30T21:45:24+00:00\",\"description\":\"See on seinale s\u00fcvistatav. See on varustatud metallraamiga, mis v\u00f5imaldab funktsioonimooduli \u00f5iget joondamist ja asendit.\",\"breadcrumb\":{\"@id\":\"https:\\\/\\\/fonolukk.eu\\\/et\\\/tooted\\\/tagakast-2-moodulit-ma72\\\/#breadcrumb\"},\"inLanguage\":\"et\",\"potentialAction\":[{\"@type\":\"ReadAction\",\"target\":[\"https:\\\/\\\/fonolukk.eu\\\/et\\\/tooted\\\/tagakast-2-moodulit-ma72\\\/\"]}]},{\"@type\":\"ImageObject\",\"inLanguage\":\"et\",\"@id\":\"https:\\\/\\\/fonolukk.eu\\\/et\\\/tooted\\\/tagakast-2-moodulit-ma72\\\/#primaryimage\",\"url\":\"https:\\\/\\\/fonolukk.eu\\\/wp-content\\\/uploads\\\/2022\\\/07\\\/xlarge_20220516142746_farfisa_matrix_vasi_gia_mpoutoniera_thyrotilefonou_ma72.jpg\",\"contentUrl\":\"https:\\\/\\\/fonolukk.eu\\\/wp-content\\\/uploads\\\/2022\\\/07\\\/xlarge_20220516142746_farfisa_matrix_vasi_gia_mpoutoniera_thyrotilefonou_ma72.jpg\",\"width\":1000,\"height\":934,\"caption\":\"MA72\"},{\"@type\":\"BreadcrumbList\",\"@id\":\"https:\\\/\\\/fonolukk.eu\\\/et\\\/tooted\\\/tagakast-2-moodulit-ma72\\\/#breadcrumb\",\"itemListElement\":[{\"@type\":\"ListItem\",\"position\":1,\"name\":\"Esileht\",\"item\":\"https:\\\/\\\/fonolukk.eu\\\/et\\\/koduleht\\\/\"},{\"@type\":\"ListItem\",\"position\":2,\"name\":\"Tooted\",\"item\":\"https:\\\/\\\/fonolukk.eu\\\/et\\\/shop-2\\\/\"},{\"@type\":\"ListItem\",\"position\":3,\"name\":\"Fonolukud\",\"item\":\"https:\\\/\\\/fonolukk.eu\\\/et\\\/product-category\\\/fonolukud\\\/\"},{\"@type\":\"ListItem\",\"position\":4,\"name\":\"Farfisa\",\"item\":\"https:\\\/\\\/fonolukk.eu\\\/et\\\/product-category\\\/fonolukud\\\/farfisa-et-2\\\/\"},{\"@type\":\"ListItem\",\"position\":5,\"name\":\"Fonoluku paneel\",\"item\":\"https:\\\/\\\/fonolukk.eu\\\/et\\\/product-category\\\/fonolukud\\\/farfisa-et-2\\\/valispaneel-et\\\/\"},{\"@type\":\"ListItem\",\"position\":6,\"name\":\"Tagakast, 2 moodulit &#8211; MA72\"}]},{\"@type\":\"WebSite\",\"@id\":\"https:\\\/\\\/fonolukk.eu\\\/et\\\/#website\",\"url\":\"https:\\\/\\\/fonolukk.eu\\\/et\\\/\",\"name\":\"Fonolukk eu\",\"description\":\"Smart Security Systems\",\"publisher\":{\"@id\":\"https:\\\/\\\/fonolukk.eu\\\/et\\\/#organization\"},\"potentialAction\":[{\"@type\":\"SearchAction\",\"target\":{\"@type\":\"EntryPoint\",\"urlTemplate\":\"https:\\\/\\\/fonolukk.eu\\\/et\\\/?s={search_term_string}\"},\"query-input\":{\"@type\":\"PropertyValueSpecification\",\"valueRequired\":true,\"valueName\":\"search_term_string\"}}],\"inLanguage\":\"et\"},{\"@type\":\"Organization\",\"@id\":\"https:\\\/\\\/fonolukk.eu\\\/et\\\/#organization\",\"name\":\"Smart Security OU\",\"url\":\"https:\\\/\\\/fonolukk.eu\\\/et\\\/\",\"logo\":{\"@type\":\"ImageObject\",\"inLanguage\":\"et\",\"@id\":\"https:\\\/\\\/fonolukk.eu\\\/et\\\/#\\\/schema\\\/logo\\\/image\\\/\",\"url\":\"https:\\\/\\\/fonolukk.eu\\\/wp-content\\\/uploads\\\/2023\\\/09\\\/fonolukk.png\",\"contentUrl\":\"https:\\\/\\\/fonolukk.eu\\\/wp-content\\\/uploads\\\/2023\\\/09\\\/fonolukk.png\",\"width\":277,\"height\":274,\"caption\":\"Smart Security OU\"},\"image\":{\"@id\":\"https:\\\/\\\/fonolukk.eu\\\/et\\\/#\\\/schema\\\/logo\\\/image\\\/\"},\"sameAs\":[\"https:\\\/\\\/www.facebook.com\\\/fonolukk\",\"https:\\\/\\\/www.instagram.com\\\/fonolukk\\\/?hl=ru\"],\"publishingPrinciples\":\"https:\\\/\\\/fonolukk.eu\\\/terms-and-conditions\\\/\",\"ownershipFundingInfo\":\"https:\\\/\\\/fonolukk.eu\\\/about-us\\\/\"}]}<\/script>\n<meta property=\"product:brand\" content=\"Farfisa\" \/>\n<meta property=\"product:price:amount\" content=\"0.00\" \/>\n<meta property=\"product:price:currency\" content=\"EUR\" \/>\n<meta property=\"og:availability\" content=\"instock\" \/>\n<meta property=\"product:availability\" content=\"instock\" \/>\n<meta property=\"product:retailer_item_id\" content=\"MA72\" \/>\n<meta property=\"product:condition\" content=\"new\" \/>\n<!-- \/ Yoast SEO Premium plugin. -->","yoast_head_json":{"title":"Tagakast, 2 moodulit - MA72 - Fonolukk","description":"See on seinale s\u00fcvistatav. See on varustatud metallraamiga, mis v\u00f5imaldab funktsioonimooduli \u00f5iget joondamist ja asendit.","robots":{"index":"index","follow":"follow","max-snippet":"max-snippet:-1","max-image-preview":"max-image-preview:large","max-video-preview":"max-video-preview:-1"},"canonical":"https:\/\/fonolukk.eu\/et\/tooted\/tagakast-2-moodulit-ma72\/","og_locale":"et_EE","og_type":"article","og_title":"Tagakast, 2 moodulit - MA72","og_description":"Sisseehitatud tagakast 2 mooduli jaoks antivandaal-nupppaneeli Matrix seeria jaoks. Valmistatud rauast, on seinale s\u00fcvistatav. See on varustatud metallraamiga, mis v\u00f5imaldab funktsioonimooduli \u00f5iget joondamist ja asendit. \u00d5igesti paigaldatud ja kokkupandud see v\u00f5imaldab paigaldada suure hulga kasutajaid. T\u00e4nu oma geomeetriale v\u00f5imaldab see moodulite kompositsioone vertikaalselt v\u00f5i horisontaalselt.","og_url":"https:\/\/fonolukk.eu\/et\/tooted\/tagakast-2-moodulit-ma72\/","og_site_name":"Fonolukk","article_publisher":"https:\/\/www.facebook.com\/fonolukk","article_modified_time":"2022-06-30T21:45:24+00:00","og_image":[{"width":1000,"height":934,"url":"https:\/\/fonolukk.eu\/wp-content\/uploads\/2022\/07\/xlarge_20220516142746_farfisa_matrix_vasi_gia_mpoutoniera_thyrotilefonou_ma72.jpg","type":"image\/jpeg"}],"twitter_card":"summary_large_image","twitter_misc":{"Hind":"","Availability":"Laos"},"schema":{"@context":"https:\/\/schema.org","@graph":[{"@type":"WebPage","@id":"https:\/\/fonolukk.eu\/et\/tooted\/tagakast-2-moodulit-ma72\/","url":"https:\/\/fonolukk.eu\/et\/tooted\/tagakast-2-moodulit-ma72\/","name":"Tagakast, 2 moodulit - MA72 - Fonolukk","isPartOf":{"@id":"https:\/\/fonolukk.eu\/et\/#website"},"primaryImageOfPage":{"@id":"https:\/\/fonolukk.eu\/et\/tooted\/tagakast-2-moodulit-ma72\/#primaryimage"},"image":{"@id":"https:\/\/fonolukk.eu\/et\/tooted\/tagakast-2-moodulit-ma72\/#primaryimage"},"thumbnailUrl":"https:\/\/fonolukk.eu\/wp-content\/uploads\/2022\/07\/xlarge_20220516142746_farfisa_matrix_vasi_gia_mpoutoniera_thyrotilefonou_ma72.jpg","datePublished":"2022-06-30T21:18:34+00:00","dateModified":"2022-06-30T21:45:24+00:00","description":"See on seinale s\u00fcvistatav. See on varustatud metallraamiga, mis v\u00f5imaldab funktsioonimooduli \u00f5iget joondamist ja asendit.","breadcrumb":{"@id":"https:\/\/fonolukk.eu\/et\/tooted\/tagakast-2-moodulit-ma72\/#breadcrumb"},"inLanguage":"et","potentialAction":[{"@type":"ReadAction","target":["https:\/\/fonolukk.eu\/et\/tooted\/tagakast-2-moodulit-ma72\/"]}]},{"@type":"ImageObject","inLanguage":"et","@id":"https:\/\/fonolukk.eu\/et\/tooted\/tagakast-2-moodulit-ma72\/#primaryimage","url":"https:\/\/fonolukk.eu\/wp-content\/uploads\/2022\/07\/xlarge_20220516142746_farfisa_matrix_vasi_gia_mpoutoniera_thyrotilefonou_ma72.jpg","contentUrl":"https:\/\/fonolukk.eu\/wp-content\/uploads\/2022\/07\/xlarge_20220516142746_farfisa_matrix_vasi_gia_mpoutoniera_thyrotilefonou_ma72.jpg","width":1000,"height":934,"caption":"MA72"},{"@type":"BreadcrumbList","@id":"https:\/\/fonolukk.eu\/et\/tooted\/tagakast-2-moodulit-ma72\/#breadcrumb","itemListElement":[{"@type":"ListItem","position":1,"name":"Esileht","item":"https:\/\/fonolukk.eu\/et\/koduleht\/"},{"@type":"ListItem","position":2,"name":"Tooted","item":"https:\/\/fonolukk.eu\/et\/shop-2\/"},{"@type":"ListItem","position":3,"name":"Fonolukud","item":"https:\/\/fonolukk.eu\/et\/product-category\/fonolukud\/"},{"@type":"ListItem","position":4,"name":"Farfisa","item":"https:\/\/fonolukk.eu\/et\/product-category\/fonolukud\/farfisa-et-2\/"},{"@type":"ListItem","position":5,"name":"Fonoluku paneel","item":"https:\/\/fonolukk.eu\/et\/product-category\/fonolukud\/farfisa-et-2\/valispaneel-et\/"},{"@type":"ListItem","position":6,"name":"Tagakast, 2 moodulit &#8211; MA72"}]},{"@type":"WebSite","@id":"https:\/\/fonolukk.eu\/et\/#website","url":"https:\/\/fonolukk.eu\/et\/","name":"Fonolukk eu","description":"Smart Security Systems","publisher":{"@id":"https:\/\/fonolukk.eu\/et\/#organization"},"potentialAction":[{"@type":"SearchAction","target":{"@type":"EntryPoint","urlTemplate":"https:\/\/fonolukk.eu\/et\/?s={search_term_string}"},"query-input":{"@type":"PropertyValueSpecification","valueRequired":true,"valueName":"search_term_string"}}],"inLanguage":"et"},{"@type":"Organization","@id":"https:\/\/fonolukk.eu\/et\/#organization","name":"Smart Security OU","url":"https:\/\/fonolukk.eu\/et\/","logo":{"@type":"ImageObject","inLanguage":"et","@id":"https:\/\/fonolukk.eu\/et\/#\/schema\/logo\/image\/","url":"https:\/\/fonolukk.eu\/wp-content\/uploads\/2023\/09\/fonolukk.png","contentUrl":"https:\/\/fonolukk.eu\/wp-content\/uploads\/2023\/09\/fonolukk.png","width":277,"height":274,"caption":"Smart Security OU"},"image":{"@id":"https:\/\/fonolukk.eu\/et\/#\/schema\/logo\/image\/"},"sameAs":["https:\/\/www.facebook.com\/fonolukk","https:\/\/www.instagram.com\/fonolukk\/?hl=ru"],"publishingPrinciples":"https:\/\/fonolukk.eu\/terms-and-conditions\/","ownershipFundingInfo":"https:\/\/fonolukk.eu\/about-us\/"}]},"product_brand":"Farfisa","product_price_amount":"0.00","product_price_currency":"EUR","og_availability":"instock","product_availability":"instock","product_retailer_item_id":"MA72","product_condition":"new"},"_links":{"self":[{"href":"https:\/\/fonolukk.eu\/et\/wp-json\/wp\/v2\/product\/13621","targetHints":{"allow":["GET"]}}],"collection":[{"href":"https:\/\/fonolukk.eu\/et\/wp-json\/wp\/v2\/product"}],"about":[{"href":"https:\/\/fonolukk.eu\/et\/wp-json\/wp\/v2\/types\/product"}],"version-history":[{"count":0,"href":"https:\/\/fonolukk.eu\/et\/wp-json\/wp\/v2\/product\/13621\/revisions"}],"wp:featuredmedia":[{"embeddable":true,"href":"https:\/\/fonolukk.eu\/et\/wp-json\/wp\/v2\/media\/13624"}],"wp:attachment":[{"href":"https:\/\/fonolukk.eu\/et\/wp-json\/wp\/v2\/media?parent=13621"}],"wp:term":[{"taxonomy":"product_brand","embeddable":true,"href":"https:\/\/fonolukk.eu\/et\/wp-json\/wp\/v2\/product_brand?post=13621"},{"taxonomy":"product_cat","embeddable":true,"href":"https:\/\/fonolukk.eu\/et\/wp-json\/wp\/v2\/product_cat?post=13621"},{"taxonomy":"product_tag","embeddable":true,"href":"https:\/\/fonolukk.eu\/et\/wp-json\/wp\/v2\/product_tag?post=13621"}],"curies":[{"name":"wp","href":"https:\/\/api.w.org\/{rel}","templated":true}]}}