{"id":13629,"date":"2022-07-01T18:18:01","date_gmt":"2022-07-01T15:18:02","guid":{"rendered":"https:\/\/fonolukk.eu\/?post_type=product&#038;p=13629"},"modified":"2024-08-06T13:13:12","modified_gmt":"2024-08-06T10:13:12","slug":"solenoidlukk-abloy-el402","status":"publish","type":"product","link":"https:\/\/fonolukk.eu\/et\/tooted\/solenoidlukk-abloy-el402\/","title":{"rendered":"SOLENOIDLUKK ABLOY EL402"},"content":{"rendered":"<p>Elektromehaaniline lukukorpus kahepoolse toimega poldiga.<br \/>\nLukk sobib paigaldamiseks \u00e4rikeskuste siseustele, eramajade v\u00e4lisustele, haridus- ja \u00fchiskondlikele hoonetele.<br \/>\n<strong>Lukke saab kasutada koos ukseautomaatikaga.<\/strong><br \/>\nSobib eriti h\u00e4sti tiibukstega t\u00f6\u00f6tamiseks.<br \/>\nUkse kohale on v\u00f5imalik paigaldada ka lukk lengi sisse.<\/p>\n<p><strong>funktsionaalsed omadused<\/strong><br \/>\n\u2022 Reguleeritav kaugus esiribast silindri v\u00f5i tagak\u00fclje keskkohani (25, 28, 30, 33, 35 mm)<br \/>\n\u2022 Mitte k\u00fclgsuunas<br \/>\n\u2022 Reguleeritav suletuna ilma toiteta \/ avatud ilma toiteta;<br \/>\n\u2022 Lai pingevahemik 12 &#8211; 24 VDC.<\/p>\n<p><strong>T\u00f6\u00f6<\/strong><br \/>\nUkse saab avada, t\u00f5mmates seda enda poole v\u00f5i l\u00fckates seda endast eemale, kui elektriline juhtnupp on sisse l\u00fclitatud.<br \/>\nSamuti on v\u00f5imalik luku korpus seada re\u017eiimile &#8220;avatud ilma toiteta&#8221;.<br \/>\nSeej\u00e4rel saab ust avada t\u00f5mmates v\u00f5i endast eemale l\u00fckates, kui elektriline juhtseade on v\u00e4lja l\u00fclitatud.<br \/>\nLukk lukustub automaatselt, kui uks on suletud.<\/p>\n<p>Standard\/lukut\u00fc\u00fcp\/ukset\u00fc\u00fcp<br \/>\n\u2022 Skandinaavia<br \/>\n\u2022 Solenoidlukk<br \/>\n\u2022 Profiiluksed<\/p>\n<p>TEHNILISED ANDMED<br \/>\n\u2022 T\u00f6\u00f6pinge: 12-24 V (-10%\/+15%) DC.<br \/>\n\u2022 T\u00fchjavooluvool 240 mA (12 VDC) 110 mA (24 VDC)<br \/>\n\u2022 Maksimaalne vool 550 mA (12 VDC) 270 mA (24 VDC)<br \/>\n\u2022 T\u00f6\u00f6temperatuur: -20\u00b0C &#8211; +60\u00b0C<br \/>\n\u2022 Poldi v\u00e4ljalaskeava: 14,5 mm<br \/>\n\u2022 Reguleeritav tagak\u00fclg: 25 \/ 28 \/ 30 \/ 33 \/ 35 mm<br \/>\n\u2022 Esik\u00fclg latt: 25 mm<\/p>\n<p>M\u00c4RKUS<br \/>\n\u2022 Kahepoolse toimega poldi lukustatud asend<\/p>\n","protected":false},"excerpt":{"rendered":"<div id=\"tab-description\" class=\"tab-content\">\n<p>ABLOY EL402 &#8211; alumiiniumprofiilide uste push-pull solenoidlukk. T\u00e4nu s\u00fcmmeetrilise risttala ainulaadsele disainile saab ABLOY EL402 lukku kasutada nii p\u00f6\u00f6rd- kui ka p\u00f6\u00f6rdeukses. ABLOY EL402 lukku saab elektrooniliselt juhtida erinevatest seadmetest, n\u00e4iteks: kaardilugejatest, klaviatuurilt ja paljudest teistest .Lukku saab \u00fchendada kiigeautomaatika ajamitega ja sobib ideaalselt kasutamiseks erinevates juurdep\u00e4\u00e4su juhtimiss\u00fcsteemides. Ukseraami on v\u00f5imalik paigaldada nii vertikaalselt kui ka horisontaalselt. Ei sobi tulet\u00f5kkeuste jaoks. Lukul on kahekordse toimega risttala, mis tagab sujuva, usaldusv\u00e4\u00e4rse ja h\u00f5lpsa kasutamise.<\/p>\n<\/div>\n<div id=\"tab-askquestion\" class=\"tab-content\">\n<div id=\"askquestion\">[wpdm_package id='13640']<\/div>\n<\/div>\n","protected":false},"featured_media":13632,"template":"","meta":[],"product_brand":[],"product_cat":[1172,880],"product_tag":[],"class_list":{"0":"post-13629","1":"product","2":"type-product","3":"status-publish","4":"has-post-thumbnail","6":"product_cat-elektrilised-lukud","7":"product_cat-elektrilukud","8":"pa_brand-abloy-et","10":"first","11":"instock","12":"taxable","13":"shipping-taxable","14":"product-type-simple"},"yoast_head":"<!-- This site is optimized with the Yoast SEO Premium plugin v27.3 (Yoast SEO v27.3) - https:\/\/yoast.com\/product\/yoast-seo-premium-wordpress\/ -->\n<title>SOLENOIDLUKK ABLOY EL402 - Fonolukk<\/title>\n<meta name=\"description\" content=\"T\u00e4nu s\u00fcmmeetrilise p\u00f5iktala unikaalsele disainile saab ABLOY EL402 lukku kasutada nii tiib- kui tiibuksel.\" \/>\n<meta name=\"robots\" content=\"index, follow, max-snippet:-1, max-image-preview:large, max-video-preview:-1\" \/>\n<link rel=\"canonical\" href=\"https:\/\/fonolukk.eu\/et\/tooted\/solenoidlukk-abloy-el402\/\" \/>\n<meta property=\"og:locale\" content=\"et_EE\" \/>\n<meta property=\"og:type\" content=\"article\" \/>\n<meta property=\"og:title\" content=\"SOLENOIDLUKK ABLOY EL402\" \/>\n<meta property=\"og:description\" content=\"ABLOY EL402 - alumiiniumprofiilide uste push-pull solenoidlukk. T\u00e4nu s\u00fcmmeetrilise risttala ainulaadsele disainile saab ABLOY EL402 lukku kasutada nii p\u00f6\u00f6rd- kui ka p\u00f6\u00f6rdeukses. ABLOY EL402 lukku saab elektrooniliselt juhtida erinevatest seadmetest, n\u00e4iteks: kaardilugejatest, klaviatuurilt ja paljudest teistest .Lukku saab \u00fchendada kiigeautomaatika ajamitega ja sobib ideaalselt kasutamiseks erinevates juurdep\u00e4\u00e4su juhtimiss\u00fcsteemides. Ukseraami on v\u00f5imalik paigaldada nii vertikaalselt kui ka horisontaalselt. Ei sobi tulet\u00f5kkeuste jaoks. Lukul on kahekordse toimega risttala, mis tagab sujuva, usaldusv\u00e4\u00e4rse ja h\u00f5lpsa kasutamise.\" \/>\n<meta property=\"og:url\" content=\"https:\/\/fonolukk.eu\/et\/tooted\/solenoidlukk-abloy-el402\/\" \/>\n<meta property=\"og:site_name\" content=\"Fonolukk\" \/>\n<meta property=\"article:publisher\" content=\"https:\/\/www.facebook.com\/fonolukk\" \/>\n<meta property=\"article:modified_time\" content=\"2024-08-06T10:13:12+00:00\" \/>\n<meta property=\"og:image\" content=\"https:\/\/fonolukk.eu\/wp-content\/uploads\/2022\/07\/snimok-ekrana-2022-07-01-v-18.25.19.jpg\" \/>\n\t<meta property=\"og:image:width\" content=\"800\" \/>\n\t<meta property=\"og:image:height\" content=\"838\" \/>\n\t<meta property=\"og:image:type\" content=\"image\/jpeg\" \/>\n<meta name=\"twitter:card\" content=\"summary_large_image\" \/>\n<meta name=\"twitter:label1\" content=\"Hind\" \/>\n\t<meta name=\"twitter:data1\" content=\"\" \/>\n\t<meta name=\"twitter:label2\" content=\"Availability\" \/>\n\t<meta name=\"twitter:data2\" content=\"Laos\" \/>\n<script type=\"application\/ld+json\" class=\"yoast-schema-graph\">{\"@context\":\"https:\\\/\\\/schema.org\",\"@graph\":[{\"@type\":\"WebPage\",\"@id\":\"https:\\\/\\\/fonolukk.eu\\\/et\\\/tooted\\\/solenoidlukk-abloy-el402\\\/\",\"url\":\"https:\\\/\\\/fonolukk.eu\\\/et\\\/tooted\\\/solenoidlukk-abloy-el402\\\/\",\"name\":\"SOLENOIDLUKK ABLOY EL402 - Fonolukk\",\"isPartOf\":{\"@id\":\"https:\\\/\\\/fonolukk.eu\\\/et\\\/#website\"},\"primaryImageOfPage\":{\"@id\":\"https:\\\/\\\/fonolukk.eu\\\/et\\\/tooted\\\/solenoidlukk-abloy-el402\\\/#primaryimage\"},\"image\":{\"@id\":\"https:\\\/\\\/fonolukk.eu\\\/et\\\/tooted\\\/solenoidlukk-abloy-el402\\\/#primaryimage\"},\"thumbnailUrl\":\"https:\\\/\\\/fonolukk.eu\\\/wp-content\\\/uploads\\\/2022\\\/07\\\/snimok-ekrana-2022-07-01-v-18.25.19.jpg\",\"datePublished\":\"2022-07-01T15:18:02+00:00\",\"dateModified\":\"2024-08-06T10:13:12+00:00\",\"description\":\"T\u00e4nu s\u00fcmmeetrilise p\u00f5iktala unikaalsele disainile saab ABLOY EL402 lukku kasutada nii tiib- kui tiibuksel.\",\"breadcrumb\":{\"@id\":\"https:\\\/\\\/fonolukk.eu\\\/et\\\/tooted\\\/solenoidlukk-abloy-el402\\\/#breadcrumb\"},\"inLanguage\":\"et\",\"potentialAction\":[{\"@type\":\"ReadAction\",\"target\":[\"https:\\\/\\\/fonolukk.eu\\\/et\\\/tooted\\\/solenoidlukk-abloy-el402\\\/\"]}]},{\"@type\":\"ImageObject\",\"inLanguage\":\"et\",\"@id\":\"https:\\\/\\\/fonolukk.eu\\\/et\\\/tooted\\\/solenoidlukk-abloy-el402\\\/#primaryimage\",\"url\":\"https:\\\/\\\/fonolukk.eu\\\/wp-content\\\/uploads\\\/2022\\\/07\\\/snimok-ekrana-2022-07-01-v-18.25.19.jpg\",\"contentUrl\":\"https:\\\/\\\/fonolukk.eu\\\/wp-content\\\/uploads\\\/2022\\\/07\\\/snimok-ekrana-2022-07-01-v-18.25.19.jpg\",\"width\":800,\"height\":838,\"caption\":\"SOLENOIDLUKK ABLOY\"},{\"@type\":\"BreadcrumbList\",\"@id\":\"https:\\\/\\\/fonolukk.eu\\\/et\\\/tooted\\\/solenoidlukk-abloy-el402\\\/#breadcrumb\",\"itemListElement\":[{\"@type\":\"ListItem\",\"position\":1,\"name\":\"Esileht\",\"item\":\"https:\\\/\\\/fonolukk.eu\\\/et\\\/koduleht\\\/\"},{\"@type\":\"ListItem\",\"position\":2,\"name\":\"Tooted\",\"item\":\"https:\\\/\\\/fonolukk.eu\\\/et\\\/shop-2\\\/\"},{\"@type\":\"ListItem\",\"position\":3,\"name\":\"Elektrilukud\",\"item\":\"https:\\\/\\\/fonolukk.eu\\\/et\\\/product-category\\\/elektrilukud\\\/\"},{\"@type\":\"ListItem\",\"position\":4,\"name\":\"SOLENOIDLUKK ABLOY EL402\"}]},{\"@type\":\"WebSite\",\"@id\":\"https:\\\/\\\/fonolukk.eu\\\/et\\\/#website\",\"url\":\"https:\\\/\\\/fonolukk.eu\\\/et\\\/\",\"name\":\"Fonolukk eu\",\"description\":\"Smart Security Systems\",\"publisher\":{\"@id\":\"https:\\\/\\\/fonolukk.eu\\\/et\\\/#organization\"},\"potentialAction\":[{\"@type\":\"SearchAction\",\"target\":{\"@type\":\"EntryPoint\",\"urlTemplate\":\"https:\\\/\\\/fonolukk.eu\\\/et\\\/?s={search_term_string}\"},\"query-input\":{\"@type\":\"PropertyValueSpecification\",\"valueRequired\":true,\"valueName\":\"search_term_string\"}}],\"inLanguage\":\"et\"},{\"@type\":\"Organization\",\"@id\":\"https:\\\/\\\/fonolukk.eu\\\/et\\\/#organization\",\"name\":\"Smart Security OU\",\"url\":\"https:\\\/\\\/fonolukk.eu\\\/et\\\/\",\"logo\":{\"@type\":\"ImageObject\",\"inLanguage\":\"et\",\"@id\":\"https:\\\/\\\/fonolukk.eu\\\/et\\\/#\\\/schema\\\/logo\\\/image\\\/\",\"url\":\"https:\\\/\\\/fonolukk.eu\\\/wp-content\\\/uploads\\\/2023\\\/09\\\/fonolukk.png\",\"contentUrl\":\"https:\\\/\\\/fonolukk.eu\\\/wp-content\\\/uploads\\\/2023\\\/09\\\/fonolukk.png\",\"width\":277,\"height\":274,\"caption\":\"Smart Security OU\"},\"image\":{\"@id\":\"https:\\\/\\\/fonolukk.eu\\\/et\\\/#\\\/schema\\\/logo\\\/image\\\/\"},\"sameAs\":[\"https:\\\/\\\/www.facebook.com\\\/fonolukk\",\"https:\\\/\\\/www.instagram.com\\\/fonolukk\\\/?hl=ru\"],\"publishingPrinciples\":\"https:\\\/\\\/fonolukk.eu\\\/terms-and-conditions\\\/\",\"ownershipFundingInfo\":\"https:\\\/\\\/fonolukk.eu\\\/about-us\\\/\"}]}<\/script>\n<meta property=\"product:brand\" content=\"ABLOY\" \/>\n<meta property=\"product:price:amount\" content=\"0.00\" \/>\n<meta property=\"product:price:currency\" content=\"EUR\" \/>\n<meta property=\"og:availability\" content=\"instock\" \/>\n<meta property=\"product:availability\" content=\"instock\" \/>\n<meta property=\"product:retailer_item_id\" content=\"EL 402\" \/>\n<meta property=\"product:condition\" content=\"new\" \/>\n<!-- \/ Yoast SEO Premium plugin. -->","yoast_head_json":{"title":"SOLENOIDLUKK ABLOY EL402 - Fonolukk","description":"T\u00e4nu s\u00fcmmeetrilise p\u00f5iktala unikaalsele disainile saab ABLOY EL402 lukku kasutada nii tiib- kui tiibuksel.","robots":{"index":"index","follow":"follow","max-snippet":"max-snippet:-1","max-image-preview":"max-image-preview:large","max-video-preview":"max-video-preview:-1"},"canonical":"https:\/\/fonolukk.eu\/et\/tooted\/solenoidlukk-abloy-el402\/","og_locale":"et_EE","og_type":"article","og_title":"SOLENOIDLUKK ABLOY EL402","og_description":"ABLOY EL402 - alumiiniumprofiilide uste push-pull solenoidlukk. T\u00e4nu s\u00fcmmeetrilise risttala ainulaadsele disainile saab ABLOY EL402 lukku kasutada nii p\u00f6\u00f6rd- kui ka p\u00f6\u00f6rdeukses. ABLOY EL402 lukku saab elektrooniliselt juhtida erinevatest seadmetest, n\u00e4iteks: kaardilugejatest, klaviatuurilt ja paljudest teistest .Lukku saab \u00fchendada kiigeautomaatika ajamitega ja sobib ideaalselt kasutamiseks erinevates juurdep\u00e4\u00e4su juhtimiss\u00fcsteemides. Ukseraami on v\u00f5imalik paigaldada nii vertikaalselt kui ka horisontaalselt. Ei sobi tulet\u00f5kkeuste jaoks. Lukul on kahekordse toimega risttala, mis tagab sujuva, usaldusv\u00e4\u00e4rse ja h\u00f5lpsa kasutamise.","og_url":"https:\/\/fonolukk.eu\/et\/tooted\/solenoidlukk-abloy-el402\/","og_site_name":"Fonolukk","article_publisher":"https:\/\/www.facebook.com\/fonolukk","article_modified_time":"2024-08-06T10:13:12+00:00","og_image":[{"width":800,"height":838,"url":"https:\/\/fonolukk.eu\/wp-content\/uploads\/2022\/07\/snimok-ekrana-2022-07-01-v-18.25.19.jpg","type":"image\/jpeg"}],"twitter_card":"summary_large_image","twitter_misc":{"Hind":"","Availability":"Laos"},"schema":{"@context":"https:\/\/schema.org","@graph":[{"@type":"WebPage","@id":"https:\/\/fonolukk.eu\/et\/tooted\/solenoidlukk-abloy-el402\/","url":"https:\/\/fonolukk.eu\/et\/tooted\/solenoidlukk-abloy-el402\/","name":"SOLENOIDLUKK ABLOY EL402 - Fonolukk","isPartOf":{"@id":"https:\/\/fonolukk.eu\/et\/#website"},"primaryImageOfPage":{"@id":"https:\/\/fonolukk.eu\/et\/tooted\/solenoidlukk-abloy-el402\/#primaryimage"},"image":{"@id":"https:\/\/fonolukk.eu\/et\/tooted\/solenoidlukk-abloy-el402\/#primaryimage"},"thumbnailUrl":"https:\/\/fonolukk.eu\/wp-content\/uploads\/2022\/07\/snimok-ekrana-2022-07-01-v-18.25.19.jpg","datePublished":"2022-07-01T15:18:02+00:00","dateModified":"2024-08-06T10:13:12+00:00","description":"T\u00e4nu s\u00fcmmeetrilise p\u00f5iktala unikaalsele disainile saab ABLOY EL402 lukku kasutada nii tiib- kui tiibuksel.","breadcrumb":{"@id":"https:\/\/fonolukk.eu\/et\/tooted\/solenoidlukk-abloy-el402\/#breadcrumb"},"inLanguage":"et","potentialAction":[{"@type":"ReadAction","target":["https:\/\/fonolukk.eu\/et\/tooted\/solenoidlukk-abloy-el402\/"]}]},{"@type":"ImageObject","inLanguage":"et","@id":"https:\/\/fonolukk.eu\/et\/tooted\/solenoidlukk-abloy-el402\/#primaryimage","url":"https:\/\/fonolukk.eu\/wp-content\/uploads\/2022\/07\/snimok-ekrana-2022-07-01-v-18.25.19.jpg","contentUrl":"https:\/\/fonolukk.eu\/wp-content\/uploads\/2022\/07\/snimok-ekrana-2022-07-01-v-18.25.19.jpg","width":800,"height":838,"caption":"SOLENOIDLUKK ABLOY"},{"@type":"BreadcrumbList","@id":"https:\/\/fonolukk.eu\/et\/tooted\/solenoidlukk-abloy-el402\/#breadcrumb","itemListElement":[{"@type":"ListItem","position":1,"name":"Esileht","item":"https:\/\/fonolukk.eu\/et\/koduleht\/"},{"@type":"ListItem","position":2,"name":"Tooted","item":"https:\/\/fonolukk.eu\/et\/shop-2\/"},{"@type":"ListItem","position":3,"name":"Elektrilukud","item":"https:\/\/fonolukk.eu\/et\/product-category\/elektrilukud\/"},{"@type":"ListItem","position":4,"name":"SOLENOIDLUKK ABLOY EL402"}]},{"@type":"WebSite","@id":"https:\/\/fonolukk.eu\/et\/#website","url":"https:\/\/fonolukk.eu\/et\/","name":"Fonolukk eu","description":"Smart Security Systems","publisher":{"@id":"https:\/\/fonolukk.eu\/et\/#organization"},"potentialAction":[{"@type":"SearchAction","target":{"@type":"EntryPoint","urlTemplate":"https:\/\/fonolukk.eu\/et\/?s={search_term_string}"},"query-input":{"@type":"PropertyValueSpecification","valueRequired":true,"valueName":"search_term_string"}}],"inLanguage":"et"},{"@type":"Organization","@id":"https:\/\/fonolukk.eu\/et\/#organization","name":"Smart Security OU","url":"https:\/\/fonolukk.eu\/et\/","logo":{"@type":"ImageObject","inLanguage":"et","@id":"https:\/\/fonolukk.eu\/et\/#\/schema\/logo\/image\/","url":"https:\/\/fonolukk.eu\/wp-content\/uploads\/2023\/09\/fonolukk.png","contentUrl":"https:\/\/fonolukk.eu\/wp-content\/uploads\/2023\/09\/fonolukk.png","width":277,"height":274,"caption":"Smart Security OU"},"image":{"@id":"https:\/\/fonolukk.eu\/et\/#\/schema\/logo\/image\/"},"sameAs":["https:\/\/www.facebook.com\/fonolukk","https:\/\/www.instagram.com\/fonolukk\/?hl=ru"],"publishingPrinciples":"https:\/\/fonolukk.eu\/terms-and-conditions\/","ownershipFundingInfo":"https:\/\/fonolukk.eu\/about-us\/"}]},"product_brand":"ABLOY","product_price_amount":"0.00","product_price_currency":"EUR","og_availability":"instock","product_availability":"instock","product_retailer_item_id":"EL 402","product_condition":"new"},"_links":{"self":[{"href":"https:\/\/fonolukk.eu\/et\/wp-json\/wp\/v2\/product\/13629","targetHints":{"allow":["GET"]}}],"collection":[{"href":"https:\/\/fonolukk.eu\/et\/wp-json\/wp\/v2\/product"}],"about":[{"href":"https:\/\/fonolukk.eu\/et\/wp-json\/wp\/v2\/types\/product"}],"version-history":[{"count":0,"href":"https:\/\/fonolukk.eu\/et\/wp-json\/wp\/v2\/product\/13629\/revisions"}],"wp:featuredmedia":[{"embeddable":true,"href":"https:\/\/fonolukk.eu\/et\/wp-json\/wp\/v2\/media\/13632"}],"wp:attachment":[{"href":"https:\/\/fonolukk.eu\/et\/wp-json\/wp\/v2\/media?parent=13629"}],"wp:term":[{"taxonomy":"product_brand","embeddable":true,"href":"https:\/\/fonolukk.eu\/et\/wp-json\/wp\/v2\/product_brand?post=13629"},{"taxonomy":"product_cat","embeddable":true,"href":"https:\/\/fonolukk.eu\/et\/wp-json\/wp\/v2\/product_cat?post=13629"},{"taxonomy":"product_tag","embeddable":true,"href":"https:\/\/fonolukk.eu\/et\/wp-json\/wp\/v2\/product_tag?post=13629"}],"curies":[{"name":"wp","href":"https:\/\/api.w.org\/{rel}","templated":true}]}}