{"id":13643,"date":"2022-07-01T19:24:52","date_gmt":"2022-07-01T16:24:52","guid":{"rendered":"https:\/\/fonolukk.eu\/?post_type=product&#038;p=13643"},"modified":"2022-07-22T14:17:47","modified_gmt":"2022-07-22T11:17:47","slug":"solenoidlukud-abloy-el582","status":"publish","type":"product","link":"https:\/\/fonolukk.eu\/et\/tooted\/solenoidlukud-abloy-el582\/","title":{"rendered":"SOLENOIDLUKUD ABLOY EL582"},"content":{"rendered":"<h3><span>Surve standard<\/span><\/h3>\n<p><span>Skandinaavia<\/span><\/p>\n<h3><span>Paigaldamise t\u00fc\u00fcp<\/span><\/h3>\n<p><span>Mortise<\/span><\/p>\n<h3><span>Lukustuspunktid<\/span><\/h3>\n<p><span>\u00dcks punkt<\/span><\/p>\n","protected":false},"excerpt":{"rendered":"<div id=\"tab-description\" class=\"tab-content\">\n<div class=\"responsivegrid aem-GridColumn--default--none aem-GridColumn aem-GridColumn--default--12 aem-GridColumn--offset--default--0\">\n<div class=\"aem-Grid aem-Grid--12 aem-Grid--default--12 \">\n<div class=\"gw-group-hero-gallery-product-autofill theme-alt-2 aem-GridColumn aem-GridColumn--default--12\">\n<section class=\"styles__HeroGallery-sc-kyp1cx-0 VIwYe\">\n<div class=\"styles__Wrapper-sc-1ai4rmp-0 lnMfbX styles__Wrapper-sc-kyp1cx-7 dMSOUv\">\n<div class=\"styles__Content-sc-kyp1cx-4 hQSvDT\">\n<div class=\"styles__TextAndAnchorLink-sc-kyp1cx-2 kpkfyU\">\n<div class=\"styles__RichTextFoldout-sc-1ehsqfp-0 gbxqXT\">\n<div class=\"styles__RichTextContainer-sc-1ehsqfp-1 iirUvz\">\n<div class=\"styles__RichText-sc-qyp0wa-0 hEemjU body-md richtext-foldout\">\n<div class=\"richtext_innerWrapper\">\n<p>K\u00e4epidemega juhitavad lukud sobivad k\u00f5ige paremini keskmise liiklusega ustesse.\u00a0Lukke saab elektriliselt juhtida juurdep\u00e4\u00e4sukontrollis\u00fcsteemi v\u00f5i kaugjuhtimiss\u00fcsteemiga, nagu taimer, klahvistik v\u00f5i surunupp.\u00a0EL582 saab kasutada tulekindlates ustes.\u00a0K\u00e4epidemega juhitavaid lukke saab seadistada nii, et need toimiksid t\u00f5rkelukuga v\u00f5i t\u00f5rkelukustatuna.\u00a0T\u00f5rkeluku seadistuses saab lukku avada k\u00e4epidemega, kui toide on sisse l\u00fclitatud, ja seda ei saa k\u00e4epidemest avada, kui toide on v\u00e4lja l\u00fclitatud.\u00a0T\u00f5rkevaba lukustuse seadistuses on elektriline funktsioon vastupidine.\u00a0Lukud lukustuvad alati automaatselt, kui uks on suletud.\u00a0<span class=\"\">EL582-s on nii v\u00e4limised kui ka sisemised k\u00e4epidemed elektriliselt juhitavad.\u00a0<\/span>Mehaaniline avamine silindriga on alati v\u00f5imalik.\u00a0Tavaliselt kasutatakse nii majade v\u00e4lisustes kui ka b\u00fcroode ja \u00e4ripindade sise- ja v\u00e4lisustes.<\/p>\n<p>[wpdm_package id='13648']<br \/>\n[wpdm_package id='13650']<\/p>\n<\/div>\n<\/div>\n<\/div>\n<\/div>\n<\/div>\n<\/div>\n<\/div>\n<\/section>\n<\/div>\n<\/div>\n<\/div>\n<\/div>\n","protected":false},"featured_media":13646,"template":"","meta":[],"product_brand":[],"product_cat":[1172,880],"product_tag":[],"class_list":{"0":"post-13643","1":"product","2":"type-product","3":"status-publish","4":"has-post-thumbnail","6":"product_cat-elektrilised-lukud","7":"product_cat-elektrilukud","8":"pa_brand-abloy-et","10":"first","11":"instock","12":"taxable","13":"shipping-taxable","14":"product-type-simple"},"yoast_head":"<!-- This site is optimized with the Yoast SEO Premium plugin v27.3 (Yoast SEO v27.3) - https:\/\/yoast.com\/product\/yoast-seo-premium-wordpress\/ -->\n<title>SOLENOIDLUKUD ABLOY EL582 - Fonolukk<\/title>\n<meta name=\"description\" content=\"Lukke saab elektriliselt juhtida juurdep\u00e4\u00e4sukontrollis\u00fcsteemi v\u00f5i kaugjuhtimiss\u00fcsteemiga, nagu taimer, klahvistik v\u00f5i surunupp.\" \/>\n<meta name=\"robots\" content=\"index, follow, max-snippet:-1, max-image-preview:large, max-video-preview:-1\" \/>\n<link rel=\"canonical\" href=\"https:\/\/fonolukk.eu\/et\/tooted\/solenoidlukud-abloy-el582\/\" \/>\n<meta property=\"og:locale\" content=\"et_EE\" \/>\n<meta property=\"og:type\" content=\"article\" \/>\n<meta property=\"og:title\" content=\"SOLENOIDLUKUD ABLOY EL582\" \/>\n<meta property=\"og:description\" content=\"K\u00e4epidemega juhitavad lukud sobivad k\u00f5ige paremini keskmise liiklusega ustesse.\u00a0Lukke saab elektriliselt juhtida juurdep\u00e4\u00e4sukontrollis\u00fcsteemi v\u00f5i kaugjuhtimiss\u00fcsteemiga, nagu taimer, klahvistik v\u00f5i surunupp.\u00a0EL582 saab kasutada tulekindlates ustes.\u00a0K\u00e4epidemega juhitavaid lukke saab seadistada nii, et need toimiksid t\u00f5rkelukuga v\u00f5i t\u00f5rkelukustatuna.\u00a0T\u00f5rkeluku seadistuses saab lukku avada k\u00e4epidemega, kui toide on sisse l\u00fclitatud, ja seda ei saa k\u00e4epidemest avada, kui toide on v\u00e4lja l\u00fclitatud.\u00a0T\u00f5rkevaba lukustuse seadistuses on elektriline funktsioon vastupidine.\u00a0Lukud lukustuvad alati automaatselt, kui uks on suletud.\u00a0EL582-s on nii v\u00e4limised kui ka sisemised k\u00e4epidemed elektriliselt juhitavad.\u00a0Mehaaniline avamine silindriga on alati v\u00f5imalik.\u00a0Tavaliselt kasutatakse nii majade v\u00e4lisustes kui ka b\u00fcroode ja \u00e4ripindade sise- ja v\u00e4lisustes.\" \/>\n<meta property=\"og:url\" content=\"https:\/\/fonolukk.eu\/et\/tooted\/solenoidlukud-abloy-el582\/\" \/>\n<meta property=\"og:site_name\" content=\"Fonolukk\" \/>\n<meta property=\"article:publisher\" content=\"https:\/\/www.facebook.com\/fonolukk\" \/>\n<meta property=\"article:modified_time\" content=\"2022-07-22T11:17:47+00:00\" \/>\n<meta property=\"og:image\" content=\"https:\/\/fonolukk.eu\/wp-content\/uploads\/2022\/07\/el580-50mm.jpg\" \/>\n\t<meta property=\"og:image:width\" content=\"1600\" \/>\n\t<meta property=\"og:image:height\" content=\"1413\" \/>\n\t<meta property=\"og:image:type\" content=\"image\/jpeg\" \/>\n<meta name=\"twitter:card\" content=\"summary_large_image\" \/>\n<meta name=\"twitter:label1\" content=\"Hind\" \/>\n\t<meta name=\"twitter:data1\" content=\"\" \/>\n\t<meta name=\"twitter:label2\" content=\"Availability\" \/>\n\t<meta name=\"twitter:data2\" content=\"Laos\" \/>\n<script type=\"application\/ld+json\" class=\"yoast-schema-graph\">{\"@context\":\"https:\\\/\\\/schema.org\",\"@graph\":[{\"@type\":\"WebPage\",\"@id\":\"https:\\\/\\\/fonolukk.eu\\\/et\\\/tooted\\\/solenoidlukud-abloy-el582\\\/\",\"url\":\"https:\\\/\\\/fonolukk.eu\\\/et\\\/tooted\\\/solenoidlukud-abloy-el582\\\/\",\"name\":\"SOLENOIDLUKUD ABLOY EL582 - Fonolukk\",\"isPartOf\":{\"@id\":\"https:\\\/\\\/fonolukk.eu\\\/et\\\/#website\"},\"primaryImageOfPage\":{\"@id\":\"https:\\\/\\\/fonolukk.eu\\\/et\\\/tooted\\\/solenoidlukud-abloy-el582\\\/#primaryimage\"},\"image\":{\"@id\":\"https:\\\/\\\/fonolukk.eu\\\/et\\\/tooted\\\/solenoidlukud-abloy-el582\\\/#primaryimage\"},\"thumbnailUrl\":\"https:\\\/\\\/fonolukk.eu\\\/wp-content\\\/uploads\\\/2022\\\/07\\\/el580-50mm.jpg\",\"datePublished\":\"2022-07-01T16:24:52+00:00\",\"dateModified\":\"2022-07-22T11:17:47+00:00\",\"description\":\"Lukke saab elektriliselt juhtida juurdep\u00e4\u00e4sukontrollis\u00fcsteemi v\u00f5i kaugjuhtimiss\u00fcsteemiga, nagu taimer, klahvistik v\u00f5i surunupp.\",\"breadcrumb\":{\"@id\":\"https:\\\/\\\/fonolukk.eu\\\/et\\\/tooted\\\/solenoidlukud-abloy-el582\\\/#breadcrumb\"},\"inLanguage\":\"et\",\"potentialAction\":[{\"@type\":\"ReadAction\",\"target\":[\"https:\\\/\\\/fonolukk.eu\\\/et\\\/tooted\\\/solenoidlukud-abloy-el582\\\/\"]}]},{\"@type\":\"ImageObject\",\"inLanguage\":\"et\",\"@id\":\"https:\\\/\\\/fonolukk.eu\\\/et\\\/tooted\\\/solenoidlukud-abloy-el582\\\/#primaryimage\",\"url\":\"https:\\\/\\\/fonolukk.eu\\\/wp-content\\\/uploads\\\/2022\\\/07\\\/el580-50mm.jpg\",\"contentUrl\":\"https:\\\/\\\/fonolukk.eu\\\/wp-content\\\/uploads\\\/2022\\\/07\\\/el580-50mm.jpg\",\"width\":1600,\"height\":1413,\"caption\":\"EL582\"},{\"@type\":\"BreadcrumbList\",\"@id\":\"https:\\\/\\\/fonolukk.eu\\\/et\\\/tooted\\\/solenoidlukud-abloy-el582\\\/#breadcrumb\",\"itemListElement\":[{\"@type\":\"ListItem\",\"position\":1,\"name\":\"Esileht\",\"item\":\"https:\\\/\\\/fonolukk.eu\\\/et\\\/koduleht\\\/\"},{\"@type\":\"ListItem\",\"position\":2,\"name\":\"Tooted\",\"item\":\"https:\\\/\\\/fonolukk.eu\\\/et\\\/shop-2\\\/\"},{\"@type\":\"ListItem\",\"position\":3,\"name\":\"Elektrilukud\",\"item\":\"https:\\\/\\\/fonolukk.eu\\\/et\\\/product-category\\\/elektrilukud\\\/\"},{\"@type\":\"ListItem\",\"position\":4,\"name\":\"Elektrilised lukud\",\"item\":\"https:\\\/\\\/fonolukk.eu\\\/et\\\/product-category\\\/elektrilukud\\\/elektrilised-lukud\\\/\"},{\"@type\":\"ListItem\",\"position\":5,\"name\":\"SOLENOIDLUKUD ABLOY EL582\"}]},{\"@type\":\"WebSite\",\"@id\":\"https:\\\/\\\/fonolukk.eu\\\/et\\\/#website\",\"url\":\"https:\\\/\\\/fonolukk.eu\\\/et\\\/\",\"name\":\"Fonolukk eu\",\"description\":\"Smart Security Systems\",\"publisher\":{\"@id\":\"https:\\\/\\\/fonolukk.eu\\\/et\\\/#organization\"},\"potentialAction\":[{\"@type\":\"SearchAction\",\"target\":{\"@type\":\"EntryPoint\",\"urlTemplate\":\"https:\\\/\\\/fonolukk.eu\\\/et\\\/?s={search_term_string}\"},\"query-input\":{\"@type\":\"PropertyValueSpecification\",\"valueRequired\":true,\"valueName\":\"search_term_string\"}}],\"inLanguage\":\"et\"},{\"@type\":\"Organization\",\"@id\":\"https:\\\/\\\/fonolukk.eu\\\/et\\\/#organization\",\"name\":\"Smart Security OU\",\"url\":\"https:\\\/\\\/fonolukk.eu\\\/et\\\/\",\"logo\":{\"@type\":\"ImageObject\",\"inLanguage\":\"et\",\"@id\":\"https:\\\/\\\/fonolukk.eu\\\/et\\\/#\\\/schema\\\/logo\\\/image\\\/\",\"url\":\"https:\\\/\\\/fonolukk.eu\\\/wp-content\\\/uploads\\\/2023\\\/09\\\/fonolukk.png\",\"contentUrl\":\"https:\\\/\\\/fonolukk.eu\\\/wp-content\\\/uploads\\\/2023\\\/09\\\/fonolukk.png\",\"width\":277,\"height\":274,\"caption\":\"Smart Security OU\"},\"image\":{\"@id\":\"https:\\\/\\\/fonolukk.eu\\\/et\\\/#\\\/schema\\\/logo\\\/image\\\/\"},\"sameAs\":[\"https:\\\/\\\/www.facebook.com\\\/fonolukk\",\"https:\\\/\\\/www.instagram.com\\\/fonolukk\\\/?hl=ru\"],\"publishingPrinciples\":\"https:\\\/\\\/fonolukk.eu\\\/terms-and-conditions\\\/\",\"ownershipFundingInfo\":\"https:\\\/\\\/fonolukk.eu\\\/about-us\\\/\"}]}<\/script>\n<meta property=\"product:brand\" content=\"ABLOY\" \/>\n<meta property=\"product:price:amount\" content=\"0.00\" \/>\n<meta property=\"product:price:currency\" content=\"EUR\" \/>\n<meta property=\"og:availability\" content=\"instock\" \/>\n<meta property=\"product:availability\" content=\"instock\" \/>\n<meta property=\"product:retailer_item_id\" content=\"EL582\" \/>\n<meta property=\"product:condition\" content=\"new\" \/>\n<!-- \/ Yoast SEO Premium plugin. -->","yoast_head_json":{"title":"SOLENOIDLUKUD ABLOY EL582 - Fonolukk","description":"Lukke saab elektriliselt juhtida juurdep\u00e4\u00e4sukontrollis\u00fcsteemi v\u00f5i kaugjuhtimiss\u00fcsteemiga, nagu taimer, klahvistik v\u00f5i surunupp.","robots":{"index":"index","follow":"follow","max-snippet":"max-snippet:-1","max-image-preview":"max-image-preview:large","max-video-preview":"max-video-preview:-1"},"canonical":"https:\/\/fonolukk.eu\/et\/tooted\/solenoidlukud-abloy-el582\/","og_locale":"et_EE","og_type":"article","og_title":"SOLENOIDLUKUD ABLOY EL582","og_description":"K\u00e4epidemega juhitavad lukud sobivad k\u00f5ige paremini keskmise liiklusega ustesse.\u00a0Lukke saab elektriliselt juhtida juurdep\u00e4\u00e4sukontrollis\u00fcsteemi v\u00f5i kaugjuhtimiss\u00fcsteemiga, nagu taimer, klahvistik v\u00f5i surunupp.\u00a0EL582 saab kasutada tulekindlates ustes.\u00a0K\u00e4epidemega juhitavaid lukke saab seadistada nii, et need toimiksid t\u00f5rkelukuga v\u00f5i t\u00f5rkelukustatuna.\u00a0T\u00f5rkeluku seadistuses saab lukku avada k\u00e4epidemega, kui toide on sisse l\u00fclitatud, ja seda ei saa k\u00e4epidemest avada, kui toide on v\u00e4lja l\u00fclitatud.\u00a0T\u00f5rkevaba lukustuse seadistuses on elektriline funktsioon vastupidine.\u00a0Lukud lukustuvad alati automaatselt, kui uks on suletud.\u00a0EL582-s on nii v\u00e4limised kui ka sisemised k\u00e4epidemed elektriliselt juhitavad.\u00a0Mehaaniline avamine silindriga on alati v\u00f5imalik.\u00a0Tavaliselt kasutatakse nii majade v\u00e4lisustes kui ka b\u00fcroode ja \u00e4ripindade sise- ja v\u00e4lisustes.","og_url":"https:\/\/fonolukk.eu\/et\/tooted\/solenoidlukud-abloy-el582\/","og_site_name":"Fonolukk","article_publisher":"https:\/\/www.facebook.com\/fonolukk","article_modified_time":"2022-07-22T11:17:47+00:00","og_image":[{"width":1600,"height":1413,"url":"https:\/\/fonolukk.eu\/wp-content\/uploads\/2022\/07\/el580-50mm.jpg","type":"image\/jpeg"}],"twitter_card":"summary_large_image","twitter_misc":{"Hind":"","Availability":"Laos"},"schema":{"@context":"https:\/\/schema.org","@graph":[{"@type":"WebPage","@id":"https:\/\/fonolukk.eu\/et\/tooted\/solenoidlukud-abloy-el582\/","url":"https:\/\/fonolukk.eu\/et\/tooted\/solenoidlukud-abloy-el582\/","name":"SOLENOIDLUKUD ABLOY EL582 - Fonolukk","isPartOf":{"@id":"https:\/\/fonolukk.eu\/et\/#website"},"primaryImageOfPage":{"@id":"https:\/\/fonolukk.eu\/et\/tooted\/solenoidlukud-abloy-el582\/#primaryimage"},"image":{"@id":"https:\/\/fonolukk.eu\/et\/tooted\/solenoidlukud-abloy-el582\/#primaryimage"},"thumbnailUrl":"https:\/\/fonolukk.eu\/wp-content\/uploads\/2022\/07\/el580-50mm.jpg","datePublished":"2022-07-01T16:24:52+00:00","dateModified":"2022-07-22T11:17:47+00:00","description":"Lukke saab elektriliselt juhtida juurdep\u00e4\u00e4sukontrollis\u00fcsteemi v\u00f5i kaugjuhtimiss\u00fcsteemiga, nagu taimer, klahvistik v\u00f5i surunupp.","breadcrumb":{"@id":"https:\/\/fonolukk.eu\/et\/tooted\/solenoidlukud-abloy-el582\/#breadcrumb"},"inLanguage":"et","potentialAction":[{"@type":"ReadAction","target":["https:\/\/fonolukk.eu\/et\/tooted\/solenoidlukud-abloy-el582\/"]}]},{"@type":"ImageObject","inLanguage":"et","@id":"https:\/\/fonolukk.eu\/et\/tooted\/solenoidlukud-abloy-el582\/#primaryimage","url":"https:\/\/fonolukk.eu\/wp-content\/uploads\/2022\/07\/el580-50mm.jpg","contentUrl":"https:\/\/fonolukk.eu\/wp-content\/uploads\/2022\/07\/el580-50mm.jpg","width":1600,"height":1413,"caption":"EL582"},{"@type":"BreadcrumbList","@id":"https:\/\/fonolukk.eu\/et\/tooted\/solenoidlukud-abloy-el582\/#breadcrumb","itemListElement":[{"@type":"ListItem","position":1,"name":"Esileht","item":"https:\/\/fonolukk.eu\/et\/koduleht\/"},{"@type":"ListItem","position":2,"name":"Tooted","item":"https:\/\/fonolukk.eu\/et\/shop-2\/"},{"@type":"ListItem","position":3,"name":"Elektrilukud","item":"https:\/\/fonolukk.eu\/et\/product-category\/elektrilukud\/"},{"@type":"ListItem","position":4,"name":"Elektrilised lukud","item":"https:\/\/fonolukk.eu\/et\/product-category\/elektrilukud\/elektrilised-lukud\/"},{"@type":"ListItem","position":5,"name":"SOLENOIDLUKUD ABLOY EL582"}]},{"@type":"WebSite","@id":"https:\/\/fonolukk.eu\/et\/#website","url":"https:\/\/fonolukk.eu\/et\/","name":"Fonolukk eu","description":"Smart Security Systems","publisher":{"@id":"https:\/\/fonolukk.eu\/et\/#organization"},"potentialAction":[{"@type":"SearchAction","target":{"@type":"EntryPoint","urlTemplate":"https:\/\/fonolukk.eu\/et\/?s={search_term_string}"},"query-input":{"@type":"PropertyValueSpecification","valueRequired":true,"valueName":"search_term_string"}}],"inLanguage":"et"},{"@type":"Organization","@id":"https:\/\/fonolukk.eu\/et\/#organization","name":"Smart Security OU","url":"https:\/\/fonolukk.eu\/et\/","logo":{"@type":"ImageObject","inLanguage":"et","@id":"https:\/\/fonolukk.eu\/et\/#\/schema\/logo\/image\/","url":"https:\/\/fonolukk.eu\/wp-content\/uploads\/2023\/09\/fonolukk.png","contentUrl":"https:\/\/fonolukk.eu\/wp-content\/uploads\/2023\/09\/fonolukk.png","width":277,"height":274,"caption":"Smart Security OU"},"image":{"@id":"https:\/\/fonolukk.eu\/et\/#\/schema\/logo\/image\/"},"sameAs":["https:\/\/www.facebook.com\/fonolukk","https:\/\/www.instagram.com\/fonolukk\/?hl=ru"],"publishingPrinciples":"https:\/\/fonolukk.eu\/terms-and-conditions\/","ownershipFundingInfo":"https:\/\/fonolukk.eu\/about-us\/"}]},"product_brand":"ABLOY","product_price_amount":"0.00","product_price_currency":"EUR","og_availability":"instock","product_availability":"instock","product_retailer_item_id":"EL582","product_condition":"new"},"_links":{"self":[{"href":"https:\/\/fonolukk.eu\/et\/wp-json\/wp\/v2\/product\/13643","targetHints":{"allow":["GET"]}}],"collection":[{"href":"https:\/\/fonolukk.eu\/et\/wp-json\/wp\/v2\/product"}],"about":[{"href":"https:\/\/fonolukk.eu\/et\/wp-json\/wp\/v2\/types\/product"}],"version-history":[{"count":0,"href":"https:\/\/fonolukk.eu\/et\/wp-json\/wp\/v2\/product\/13643\/revisions"}],"wp:featuredmedia":[{"embeddable":true,"href":"https:\/\/fonolukk.eu\/et\/wp-json\/wp\/v2\/media\/13646"}],"wp:attachment":[{"href":"https:\/\/fonolukk.eu\/et\/wp-json\/wp\/v2\/media?parent=13643"}],"wp:term":[{"taxonomy":"product_brand","embeddable":true,"href":"https:\/\/fonolukk.eu\/et\/wp-json\/wp\/v2\/product_brand?post=13643"},{"taxonomy":"product_cat","embeddable":true,"href":"https:\/\/fonolukk.eu\/et\/wp-json\/wp\/v2\/product_cat?post=13643"},{"taxonomy":"product_tag","embeddable":true,"href":"https:\/\/fonolukk.eu\/et\/wp-json\/wp\/v2\/product_tag?post=13643"}],"curies":[{"name":"wp","href":"https:\/\/api.w.org\/{rel}","templated":true}]}}