{"id":13659,"date":"2022-07-03T14:43:12","date_gmt":"2022-07-03T11:43:12","guid":{"rendered":"https:\/\/fonolukk.eu\/?post_type=product&#038;p=13659"},"modified":"2022-07-12T16:57:15","modified_gmt":"2022-07-12T13:57:15","slug":"koodpaneel-dh-9-mifare-w-1356mhz","status":"publish","type":"product","link":"https:\/\/fonolukk.eu\/et\/tooted\/koodpaneel-dh-9-mifare-w-1356mhz\/","title":{"rendered":"Koodpaneel DH-9 MIFARE-W 13,56MHz"},"content":{"rendered":"<p><span class=\"goog-text-highlight\"><span>12 Vdc<\/span><\/span><br \/>\n<span class=\"goog-text-highlight\"><span>v\u00e4ljundid<\/span><\/span><\/p>\n<p><span class=\"goog-text-highlight\"><span>1 relee v\u00e4ljund<\/span><\/span><br \/>\n<span class=\"goog-text-highlight\"><span>Lugeja t\u00f6\u00f6kaugus<\/span><\/span><\/p>\n<p><span class=\"goog-text-highlight\"><span>3-6 cm<\/span><\/span><br \/>\n<span class=\"goog-text-highlight\"><span>m\u00e4lu<\/span><\/span><\/p>\n<p><span class=\"goog-text-highlight\"><span>Kuni 2000 kaarti ja koodi<\/span><\/span><br \/>\n<span class=\"goog-text-highlight\"><span>T\u00f6\u00f6sagedus<\/span><\/span><\/p>\n<p><span class=\"goog-text-highlight\"><span>MF 13,56 MHz<\/span><\/span><br \/>\n<span class=\"goog-text-highlight\"><span>paigaldus<\/span><\/span><\/p>\n<p><span class=\"goog-text-highlight\"><span>Pindpaigaldus<\/span><\/span><br \/>\n<span class=\"goog-text-highlight\"><span>Kaitse<\/span><\/span><\/p>\n<p><span class=\"goog-text-highlight\"><span>IP68<\/span><\/span><br \/>\n<span class=\"goog-text-highlight\"><span>m\u00f5\u00f5dud<\/span><\/span><\/p>\n","protected":false},"excerpt":{"rendered":"<p>12 Vdc v\u00e4ljundid 1 relee v\u00e4ljund Lugeja t\u00f6\u00f6kaugus 3-6 cm m\u00e4lu Kuni 2000 kaarti ja koodi T\u00f6\u00f6sagedus MF 13,56 MHz<\/p>\n","protected":false},"featured_media":13662,"template":"","meta":[],"product_brand":[],"product_cat":[1146],"product_tag":[],"class_list":{"0":"post-13659","1":"product","2":"type-product","3":"status-publish","4":"has-post-thumbnail","6":"product_cat-koodpaneel","7":"pa_brand-mifare-et","9":"first","10":"outofstock","11":"taxable","12":"shipping-taxable","13":"purchasable","14":"product-type-simple"},"yoast_head":"<!-- This site is optimized with the Yoast SEO Premium plugin v27.3 (Yoast SEO v27.3) - https:\/\/yoast.com\/product\/yoast-seo-premium-wordpress\/ -->\n<title>Koodpaneel DH-9 MIFARE-W 13,56MHz - Fonolukk<\/title>\n<meta name=\"description\" content=\"Lukke saab elektriliselt juhtida juurdep\u00e4\u00e4sukontrollis\u00fcsteemi v\u00f5i kaugjuhtimiss\u00fcsteemiga, nagu taimer, klahvistik v\u00f5i surunupp.\" \/>\n<meta name=\"robots\" content=\"index, follow, max-snippet:-1, max-image-preview:large, max-video-preview:-1\" \/>\n<link rel=\"canonical\" href=\"https:\/\/fonolukk.eu\/et\/tooted\/koodpaneel-dh-9-mifare-w-1356mhz\/\" \/>\n<meta property=\"og:locale\" content=\"et_EE\" \/>\n<meta property=\"og:type\" content=\"article\" \/>\n<meta property=\"og:title\" content=\"Koodpaneel DH-9 MIFARE-W 13,56MHz\" \/>\n<meta property=\"og:description\" content=\"12 Vdc v\u00e4ljundid 1 relee v\u00e4ljund Lugeja t\u00f6\u00f6kaugus 3-6 cm m\u00e4lu Kuni 2000 kaarti ja koodi T\u00f6\u00f6sagedus MF 13,56 MHz paigaldus Pindpaigaldus Kaitse IP68\" \/>\n<meta property=\"og:url\" content=\"https:\/\/fonolukk.eu\/et\/tooted\/koodpaneel-dh-9-mifare-w-1356mhz\/\" \/>\n<meta property=\"og:site_name\" content=\"Fonolukk\" \/>\n<meta property=\"article:publisher\" content=\"https:\/\/www.facebook.com\/fonolukk\" \/>\n<meta property=\"article:modified_time\" content=\"2022-07-12T13:57:15+00:00\" \/>\n<meta property=\"og:image\" content=\"https:\/\/fonolukk.eu\/wp-content\/uploads\/2022\/07\/koodpaneel-dh-9mf-w.jpg\" \/>\n\t<meta property=\"og:image:width\" content=\"500\" \/>\n\t<meta property=\"og:image:height\" content=\"500\" \/>\n\t<meta property=\"og:image:type\" content=\"image\/jpeg\" \/>\n<meta name=\"twitter:card\" content=\"summary_large_image\" \/>\n<meta name=\"twitter:label1\" content=\"Hind\" \/>\n\t<meta name=\"twitter:data1\" content=\"&euro;76.00 koos KM\" \/>\n\t<meta name=\"twitter:label2\" content=\"Availability\" \/>\n\t<meta name=\"twitter:data2\" content=\"Laost otsas\" \/>\n<script type=\"application\/ld+json\" class=\"yoast-schema-graph\">{\"@context\":\"https:\\\/\\\/schema.org\",\"@graph\":[{\"@type\":\"WebPage\",\"@id\":\"https:\\\/\\\/fonolukk.eu\\\/et\\\/tooted\\\/koodpaneel-dh-9-mifare-w-1356mhz\\\/\",\"url\":\"https:\\\/\\\/fonolukk.eu\\\/et\\\/tooted\\\/koodpaneel-dh-9-mifare-w-1356mhz\\\/\",\"name\":\"Koodpaneel DH-9 MIFARE-W 13,56MHz - Fonolukk\",\"isPartOf\":{\"@id\":\"https:\\\/\\\/fonolukk.eu\\\/et\\\/#website\"},\"primaryImageOfPage\":{\"@id\":\"https:\\\/\\\/fonolukk.eu\\\/et\\\/tooted\\\/koodpaneel-dh-9-mifare-w-1356mhz\\\/#primaryimage\"},\"image\":{\"@id\":\"https:\\\/\\\/fonolukk.eu\\\/et\\\/tooted\\\/koodpaneel-dh-9-mifare-w-1356mhz\\\/#primaryimage\"},\"thumbnailUrl\":\"https:\\\/\\\/fonolukk.eu\\\/wp-content\\\/uploads\\\/2022\\\/07\\\/koodpaneel-dh-9mf-w.jpg\",\"datePublished\":\"2022-07-03T11:43:12+00:00\",\"dateModified\":\"2022-07-12T13:57:15+00:00\",\"description\":\"Lukke saab elektriliselt juhtida juurdep\u00e4\u00e4sukontrollis\u00fcsteemi v\u00f5i kaugjuhtimiss\u00fcsteemiga, nagu taimer, klahvistik v\u00f5i surunupp.\",\"breadcrumb\":{\"@id\":\"https:\\\/\\\/fonolukk.eu\\\/et\\\/tooted\\\/koodpaneel-dh-9-mifare-w-1356mhz\\\/#breadcrumb\"},\"inLanguage\":\"et\",\"potentialAction\":[{\"@type\":\"ReadAction\",\"target\":[\"https:\\\/\\\/fonolukk.eu\\\/et\\\/tooted\\\/koodpaneel-dh-9-mifare-w-1356mhz\\\/\"]}]},{\"@type\":\"ImageObject\",\"inLanguage\":\"et\",\"@id\":\"https:\\\/\\\/fonolukk.eu\\\/et\\\/tooted\\\/koodpaneel-dh-9-mifare-w-1356mhz\\\/#primaryimage\",\"url\":\"https:\\\/\\\/fonolukk.eu\\\/wp-content\\\/uploads\\\/2022\\\/07\\\/koodpaneel-dh-9mf-w.jpg\",\"contentUrl\":\"https:\\\/\\\/fonolukk.eu\\\/wp-content\\\/uploads\\\/2022\\\/07\\\/koodpaneel-dh-9mf-w.jpg\",\"width\":500,\"height\":500,\"caption\":\"DH-9 MIFARE\"},{\"@type\":\"BreadcrumbList\",\"@id\":\"https:\\\/\\\/fonolukk.eu\\\/et\\\/tooted\\\/koodpaneel-dh-9-mifare-w-1356mhz\\\/#breadcrumb\",\"itemListElement\":[{\"@type\":\"ListItem\",\"position\":1,\"name\":\"Esileht\",\"item\":\"https:\\\/\\\/fonolukk.eu\\\/et\\\/koduleht\\\/\"},{\"@type\":\"ListItem\",\"position\":2,\"name\":\"Tooted\",\"item\":\"https:\\\/\\\/fonolukk.eu\\\/et\\\/shop-2\\\/\"},{\"@type\":\"ListItem\",\"position\":3,\"name\":\"L\u00e4bip\u00e4\u00e4sus\u00fcsteem\",\"item\":\"https:\\\/\\\/fonolukk.eu\\\/et\\\/product-category\\\/labipaasususteem\\\/\"},{\"@type\":\"ListItem\",\"position\":4,\"name\":\"Koodlukk\",\"item\":\"https:\\\/\\\/fonolukk.eu\\\/et\\\/product-category\\\/labipaasususteem\\\/koodpaneel\\\/\"},{\"@type\":\"ListItem\",\"position\":5,\"name\":\"Koodpaneel DH-9 MIFARE-W 13,56MHz\"}]},{\"@type\":\"WebSite\",\"@id\":\"https:\\\/\\\/fonolukk.eu\\\/et\\\/#website\",\"url\":\"https:\\\/\\\/fonolukk.eu\\\/et\\\/\",\"name\":\"Fonolukk eu\",\"description\":\"Smart Security Systems\",\"publisher\":{\"@id\":\"https:\\\/\\\/fonolukk.eu\\\/et\\\/#organization\"},\"potentialAction\":[{\"@type\":\"SearchAction\",\"target\":{\"@type\":\"EntryPoint\",\"urlTemplate\":\"https:\\\/\\\/fonolukk.eu\\\/et\\\/?s={search_term_string}\"},\"query-input\":{\"@type\":\"PropertyValueSpecification\",\"valueRequired\":true,\"valueName\":\"search_term_string\"}}],\"inLanguage\":\"et\"},{\"@type\":\"Organization\",\"@id\":\"https:\\\/\\\/fonolukk.eu\\\/et\\\/#organization\",\"name\":\"Smart Security OU\",\"url\":\"https:\\\/\\\/fonolukk.eu\\\/et\\\/\",\"logo\":{\"@type\":\"ImageObject\",\"inLanguage\":\"et\",\"@id\":\"https:\\\/\\\/fonolukk.eu\\\/et\\\/#\\\/schema\\\/logo\\\/image\\\/\",\"url\":\"https:\\\/\\\/fonolukk.eu\\\/wp-content\\\/uploads\\\/2023\\\/09\\\/fonolukk.png\",\"contentUrl\":\"https:\\\/\\\/fonolukk.eu\\\/wp-content\\\/uploads\\\/2023\\\/09\\\/fonolukk.png\",\"width\":277,\"height\":274,\"caption\":\"Smart Security OU\"},\"image\":{\"@id\":\"https:\\\/\\\/fonolukk.eu\\\/et\\\/#\\\/schema\\\/logo\\\/image\\\/\"},\"sameAs\":[\"https:\\\/\\\/www.facebook.com\\\/fonolukk\",\"https:\\\/\\\/www.instagram.com\\\/fonolukk\\\/?hl=ru\"],\"publishingPrinciples\":\"https:\\\/\\\/fonolukk.eu\\\/terms-and-conditions\\\/\",\"ownershipFundingInfo\":\"https:\\\/\\\/fonolukk.eu\\\/about-us\\\/\"}]}<\/script>\n<meta property=\"product:brand\" content=\"MIFARE\" \/>\n<meta property=\"product:price:amount\" content=\"76.00\" \/>\n<meta property=\"product:price:currency\" content=\"EUR\" \/>\n<meta property=\"og:availability\" content=\"out of stock\" \/>\n<meta property=\"product:availability\" content=\"out of stock\" \/>\n<meta property=\"product:retailer_item_id\" content=\"DH-9\" \/>\n<meta property=\"product:condition\" content=\"new\" \/>\n<!-- \/ Yoast SEO Premium plugin. -->","yoast_head_json":{"title":"Koodpaneel DH-9 MIFARE-W 13,56MHz - Fonolukk","description":"Lukke saab elektriliselt juhtida juurdep\u00e4\u00e4sukontrollis\u00fcsteemi v\u00f5i kaugjuhtimiss\u00fcsteemiga, nagu taimer, klahvistik v\u00f5i surunupp.","robots":{"index":"index","follow":"follow","max-snippet":"max-snippet:-1","max-image-preview":"max-image-preview:large","max-video-preview":"max-video-preview:-1"},"canonical":"https:\/\/fonolukk.eu\/et\/tooted\/koodpaneel-dh-9-mifare-w-1356mhz\/","og_locale":"et_EE","og_type":"article","og_title":"Koodpaneel DH-9 MIFARE-W 13,56MHz","og_description":"12 Vdc v\u00e4ljundid 1 relee v\u00e4ljund Lugeja t\u00f6\u00f6kaugus 3-6 cm m\u00e4lu Kuni 2000 kaarti ja koodi T\u00f6\u00f6sagedus MF 13,56 MHz paigaldus Pindpaigaldus Kaitse IP68","og_url":"https:\/\/fonolukk.eu\/et\/tooted\/koodpaneel-dh-9-mifare-w-1356mhz\/","og_site_name":"Fonolukk","article_publisher":"https:\/\/www.facebook.com\/fonolukk","article_modified_time":"2022-07-12T13:57:15+00:00","og_image":[{"width":500,"height":500,"url":"https:\/\/fonolukk.eu\/wp-content\/uploads\/2022\/07\/koodpaneel-dh-9mf-w.jpg","type":"image\/jpeg"}],"twitter_card":"summary_large_image","twitter_misc":{"Hind":"&euro;76.00 koos KM","Availability":"Laost otsas"},"schema":{"@context":"https:\/\/schema.org","@graph":[{"@type":"WebPage","@id":"https:\/\/fonolukk.eu\/et\/tooted\/koodpaneel-dh-9-mifare-w-1356mhz\/","url":"https:\/\/fonolukk.eu\/et\/tooted\/koodpaneel-dh-9-mifare-w-1356mhz\/","name":"Koodpaneel DH-9 MIFARE-W 13,56MHz - Fonolukk","isPartOf":{"@id":"https:\/\/fonolukk.eu\/et\/#website"},"primaryImageOfPage":{"@id":"https:\/\/fonolukk.eu\/et\/tooted\/koodpaneel-dh-9-mifare-w-1356mhz\/#primaryimage"},"image":{"@id":"https:\/\/fonolukk.eu\/et\/tooted\/koodpaneel-dh-9-mifare-w-1356mhz\/#primaryimage"},"thumbnailUrl":"https:\/\/fonolukk.eu\/wp-content\/uploads\/2022\/07\/koodpaneel-dh-9mf-w.jpg","datePublished":"2022-07-03T11:43:12+00:00","dateModified":"2022-07-12T13:57:15+00:00","description":"Lukke saab elektriliselt juhtida juurdep\u00e4\u00e4sukontrollis\u00fcsteemi v\u00f5i kaugjuhtimiss\u00fcsteemiga, nagu taimer, klahvistik v\u00f5i surunupp.","breadcrumb":{"@id":"https:\/\/fonolukk.eu\/et\/tooted\/koodpaneel-dh-9-mifare-w-1356mhz\/#breadcrumb"},"inLanguage":"et","potentialAction":[{"@type":"ReadAction","target":["https:\/\/fonolukk.eu\/et\/tooted\/koodpaneel-dh-9-mifare-w-1356mhz\/"]}]},{"@type":"ImageObject","inLanguage":"et","@id":"https:\/\/fonolukk.eu\/et\/tooted\/koodpaneel-dh-9-mifare-w-1356mhz\/#primaryimage","url":"https:\/\/fonolukk.eu\/wp-content\/uploads\/2022\/07\/koodpaneel-dh-9mf-w.jpg","contentUrl":"https:\/\/fonolukk.eu\/wp-content\/uploads\/2022\/07\/koodpaneel-dh-9mf-w.jpg","width":500,"height":500,"caption":"DH-9 MIFARE"},{"@type":"BreadcrumbList","@id":"https:\/\/fonolukk.eu\/et\/tooted\/koodpaneel-dh-9-mifare-w-1356mhz\/#breadcrumb","itemListElement":[{"@type":"ListItem","position":1,"name":"Esileht","item":"https:\/\/fonolukk.eu\/et\/koduleht\/"},{"@type":"ListItem","position":2,"name":"Tooted","item":"https:\/\/fonolukk.eu\/et\/shop-2\/"},{"@type":"ListItem","position":3,"name":"L\u00e4bip\u00e4\u00e4sus\u00fcsteem","item":"https:\/\/fonolukk.eu\/et\/product-category\/labipaasususteem\/"},{"@type":"ListItem","position":4,"name":"Koodlukk","item":"https:\/\/fonolukk.eu\/et\/product-category\/labipaasususteem\/koodpaneel\/"},{"@type":"ListItem","position":5,"name":"Koodpaneel DH-9 MIFARE-W 13,56MHz"}]},{"@type":"WebSite","@id":"https:\/\/fonolukk.eu\/et\/#website","url":"https:\/\/fonolukk.eu\/et\/","name":"Fonolukk eu","description":"Smart Security Systems","publisher":{"@id":"https:\/\/fonolukk.eu\/et\/#organization"},"potentialAction":[{"@type":"SearchAction","target":{"@type":"EntryPoint","urlTemplate":"https:\/\/fonolukk.eu\/et\/?s={search_term_string}"},"query-input":{"@type":"PropertyValueSpecification","valueRequired":true,"valueName":"search_term_string"}}],"inLanguage":"et"},{"@type":"Organization","@id":"https:\/\/fonolukk.eu\/et\/#organization","name":"Smart Security OU","url":"https:\/\/fonolukk.eu\/et\/","logo":{"@type":"ImageObject","inLanguage":"et","@id":"https:\/\/fonolukk.eu\/et\/#\/schema\/logo\/image\/","url":"https:\/\/fonolukk.eu\/wp-content\/uploads\/2023\/09\/fonolukk.png","contentUrl":"https:\/\/fonolukk.eu\/wp-content\/uploads\/2023\/09\/fonolukk.png","width":277,"height":274,"caption":"Smart Security OU"},"image":{"@id":"https:\/\/fonolukk.eu\/et\/#\/schema\/logo\/image\/"},"sameAs":["https:\/\/www.facebook.com\/fonolukk","https:\/\/www.instagram.com\/fonolukk\/?hl=ru"],"publishingPrinciples":"https:\/\/fonolukk.eu\/terms-and-conditions\/","ownershipFundingInfo":"https:\/\/fonolukk.eu\/about-us\/"}]},"product_brand":"MIFARE","product_price_amount":"76.00","product_price_currency":"EUR","og_availability":"out of stock","product_availability":"out of stock","product_retailer_item_id":"DH-9","product_condition":"new"},"_links":{"self":[{"href":"https:\/\/fonolukk.eu\/et\/wp-json\/wp\/v2\/product\/13659","targetHints":{"allow":["GET"]}}],"collection":[{"href":"https:\/\/fonolukk.eu\/et\/wp-json\/wp\/v2\/product"}],"about":[{"href":"https:\/\/fonolukk.eu\/et\/wp-json\/wp\/v2\/types\/product"}],"version-history":[{"count":0,"href":"https:\/\/fonolukk.eu\/et\/wp-json\/wp\/v2\/product\/13659\/revisions"}],"wp:featuredmedia":[{"embeddable":true,"href":"https:\/\/fonolukk.eu\/et\/wp-json\/wp\/v2\/media\/13662"}],"wp:attachment":[{"href":"https:\/\/fonolukk.eu\/et\/wp-json\/wp\/v2\/media?parent=13659"}],"wp:term":[{"taxonomy":"product_brand","embeddable":true,"href":"https:\/\/fonolukk.eu\/et\/wp-json\/wp\/v2\/product_brand?post=13659"},{"taxonomy":"product_cat","embeddable":true,"href":"https:\/\/fonolukk.eu\/et\/wp-json\/wp\/v2\/product_cat?post=13659"},{"taxonomy":"product_tag","embeddable":true,"href":"https:\/\/fonolukk.eu\/et\/wp-json\/wp\/v2\/product_tag?post=13659"}],"curies":[{"name":"wp","href":"https:\/\/api.w.org\/{rel}","templated":true}]}}