{"id":13681,"date":"2022-07-06T09:51:15","date_gmt":"2022-07-06T06:51:15","guid":{"rendered":"https:\/\/fonolukk.eu\/?post_type=product&#038;p=13681"},"modified":"2024-03-15T17:50:43","modified_gmt":"2024-03-15T15:50:43","slug":"koodpaneel-a8-mifare","status":"publish","type":"product","link":"https:\/\/fonolukk.eu\/et\/tooted\/koodpaneel-a8-mifare\/","title":{"rendered":"Koodpaneel A8 Mifare"},"content":{"rendered":"<div class=\"woocommerce-tabs\">\n<div id=\"tab-description\" class=\"panel entry-content\">\n<div class=\"proDes\">\n<table border=\"1\" width=\"529\" cellspacing=\"0\" cellpadding=\"4\">\n<tbody>\n<tr>\n<td bgcolor=\"#cccccc\" width=\"179\">\n<p class=\"western\"><b><span><span class=\"\">Parameeter<\/span><\/span><\/b><\/p>\n<\/td>\n<td bgcolor=\"#cccccc\" width=\"255\">\n<p class=\"western\"><b><span>T\u00e4hendus<\/span><\/b><\/p>\n<\/td>\n<\/tr>\n<tr valign=\"top\">\n<td width=\"218\">\n<p class=\"western\" align=\"left\"><span>s\u00f6\u00f6da<\/span><\/p>\n<\/td>\n<td width=\"223\">\n<p class=\"western\" align=\"left\"><span>10-24V DC<\/span><\/p>\n<\/td>\n<\/tr>\n<tr valign=\"top\">\n<td width=\"218\">\n<p class=\"western\" align=\"left\"><span>Praegune<\/span><\/p>\n<\/td>\n<td width=\"223\">\n<p class=\"western\" align=\"left\">\u226480mA<\/p>\n<\/td>\n<\/tr>\n<tr valign=\"top\">\n<td width=\"218\">\n<p class=\"western\" align=\"left\"><span>Paigaldusmeetod<\/span><\/p>\n<\/td>\n<td width=\"223\">\n<p class=\"western\" align=\"left\"><span>\u00dcldkulud<\/span><\/p>\n<\/td>\n<\/tr>\n<tr valign=\"top\">\n<td width=\"218\">\n<p class=\"western\" align=\"left\"><span>Vastupidavus<\/span><\/p>\n<\/td>\n<td width=\"223\">\n<p class=\"western\" align=\"left\"><span>IP67<\/span><\/p>\n<\/td>\n<\/tr>\n<tr valign=\"top\">\n<td width=\"218\">\n<p class=\"western\" align=\"left\"><span>Kasutajate arv<\/span><\/p>\n<\/td>\n<td width=\"223\">\n<p class=\"western\" align=\"left\">1500<\/p>\n<\/td>\n<\/tr>\n<tr valign=\"top\">\n<td width=\"218\">\n<p class=\"western\" align=\"left\"><span>Kaardi t\u00fc\u00fcp<\/span><\/p>\n<\/td>\n<td width=\"223\">\n<p class=\"western\"><span>Mifare (UID 7 baiti, 4 baiti, pluss)<\/span><\/p>\n<\/td>\n<\/tr>\n<tr valign=\"top\">\n<td width=\"218\">\n<p class=\"western\" align=\"left\"><span>Sagedus<\/span><\/p>\n<\/td>\n<td width=\"223\">\n<p class=\"western\" align=\"left\"><span>13,56 MHz<\/span><\/p>\n<\/td>\n<\/tr>\n<tr valign=\"top\">\n<td width=\"218\">\n<p class=\"western\" align=\"left\"><span>e-posti lukust v\u00e4ljumine<\/span><\/p>\n<\/td>\n<td width=\"223\">\n<p class=\"western\" align=\"left\">\u22642A<\/p>\n<\/td>\n<\/tr>\n<tr valign=\"top\">\n<td width=\"218\">\n<p class=\"western\" align=\"left\"><span>Skaneerimise kaugus<\/span><\/p>\n<\/td>\n<td width=\"223\">\n<p class=\"western\" align=\"left\">\u22646cm<\/p>\n<\/td>\n<\/tr>\n<tr valign=\"top\">\n<td width=\"218\">\n<p class=\"western\" align=\"left\"><span>H\u00e4ire v\u00e4ljund<\/span><\/p>\n<\/td>\n<td width=\"223\">\n<p class=\"western\" align=\"left\">\u2264500mA<\/p>\n<\/td>\n<\/tr>\n<tr valign=\"top\">\n<td width=\"218\">\n<p class=\"western\" align=\"left\"><span>Wiegandi liides<\/span><\/p>\n<\/td>\n<td width=\"223\">\n<p class=\"western\" align=\"left\"><span>Kaart: Wiegand 26 bitti v\u00f5i 34 bitti, PIN: 4 bitti<\/span><\/p>\n<\/td>\n<\/tr>\n<tr valign=\"top\">\n<td width=\"218\">\n<p class=\"western\" align=\"left\"><span>T\u00f6\u00f6temperatuur<\/span><\/p>\n<\/td>\n<td width=\"223\">\n<p class=\"western\" align=\"left\"><span>-40\u00b0C\u00a0<\/span><span lang=\"zh-CN\"><span>\uff5e<\/span><\/span><span>\u00a0+70\u00b0C<\/span><\/p>\n<\/td>\n<\/tr>\n<tr valign=\"top\">\n<td width=\"218\">\n<p class=\"western\" align=\"left\"><span>\u00d5hu niiskus<\/span><\/p>\n<\/td>\n<td width=\"223\">\n<p class=\"western\" align=\"left\"><span>10%\u00a0<\/span><span lang=\"zh-CN\"><span>\uff5e<\/span><\/span><span>\u00a098% suhteline \u00f5huniiskus<\/span><\/p>\n<\/td>\n<\/tr>\n<tr valign=\"top\">\n<td width=\"218\">\n<p class=\"western\" align=\"left\"><span>M\u00f5\u00f5tmed<\/span><\/p>\n<\/td>\n<td width=\"223\">\n<p class=\"western\" align=\"left\"><span>129x44x20 mm<\/span><\/p>\n<\/td>\n<\/tr>\n<tr valign=\"top\">\n<td width=\"218\">\n<p class=\"western\" align=\"left\"><span>Kaal<\/span><\/p>\n<\/td>\n<td width=\"223\">\n<p class=\"western\" align=\"left\"><span>350 g<\/span><\/p>\n<\/td>\n<\/tr>\n<tr valign=\"top\">\n<td width=\"218\">\n<p class=\"western\" align=\"left\"><span>Kaal koos pakendiga<\/span><\/p>\n<\/td>\n<td width=\"223\">\n<p class=\"western\" align=\"left\"><span>412 g<\/span><\/p>\n<\/td>\n<\/tr>\n<\/tbody>\n<\/table>\n<\/div>\n<\/div>\n<\/div>\n<div class=\"product_meta\"><\/div>\n","protected":false},"excerpt":{"rendered":"<p>Toetab 13,56 MHz Mifare kaarti. Metallist, vandaalivastane korpus, vastupidav v\u00e4lism\u00f5judele IP67, sobib v\u00e4litingimustesse. Nupud on valgustatud. <span class=\"goog-text-highlight\">Paigaldamine: supratentoriaalne.\u00a0<\/span><span class=\"\">Komplektis administraatorikaartidega kasutajate kiireks haldamiseks.<\/span><\/p>\n[wpdm_package id='16758']\n","protected":false},"featured_media":13696,"template":"","meta":[],"product_brand":[],"product_cat":[1146],"product_tag":[],"class_list":{"0":"post-13681","1":"product","2":"type-product","3":"status-publish","4":"has-post-thumbnail","6":"product_cat-koodpaneel","7":"pa_brand-mifare-et","9":"first","10":"instock","11":"taxable","12":"shipping-taxable","13":"purchasable","14":"product-type-simple"},"yoast_head":"<!-- This site is optimized with the Yoast SEO Premium plugin v27.3 (Yoast SEO v27.3) - https:\/\/yoast.com\/product\/yoast-seo-premium-wordpress\/ -->\n<title>Koodpaneel A8 Mifare - Fonolukk<\/title>\n<meta name=\"description\" content=\"Lukke saab elektriliselt juhtida juurdep\u00e4\u00e4sukontrollis\u00fcsteemi v\u00f5i kaugjuhtimiss\u00fcsteemiga, nagu taimer, klahvistik v\u00f5i surunupp.\" \/>\n<meta name=\"robots\" content=\"index, follow, max-snippet:-1, max-image-preview:large, max-video-preview:-1\" \/>\n<link rel=\"canonical\" href=\"https:\/\/fonolukk.eu\/et\/tooted\/koodpaneel-a8-mifare\/\" \/>\n<meta property=\"og:locale\" content=\"et_EE\" \/>\n<meta property=\"og:type\" content=\"article\" \/>\n<meta property=\"og:title\" content=\"Koodpaneel A8 Mifare\" \/>\n<meta property=\"og:description\" content=\"Toetab 13,56 MHz Mifare kaarti. Metallist, vandaalivastane korpus, vastupidav v\u00e4lism\u00f5judele IP67, sobib v\u00e4litingimustesse. Nupud on valgustatud. Paigaldamine: supratentoriaalne.\u00a0Komplektis administraatorikaartidega kasutajate kiireks haldamiseks.\" \/>\n<meta property=\"og:url\" content=\"https:\/\/fonolukk.eu\/et\/tooted\/koodpaneel-a8-mifare\/\" \/>\n<meta property=\"og:site_name\" content=\"Fonolukk\" \/>\n<meta property=\"article:publisher\" content=\"https:\/\/www.facebook.com\/fonolukk\" \/>\n<meta property=\"article:modified_time\" content=\"2024-03-15T15:50:43+00:00\" \/>\n<meta property=\"og:image\" content=\"https:\/\/fonolukk.eu\/wp-content\/uploads\/2022\/07\/a8w-kodine-klaviatura.jpg\" \/>\n\t<meta property=\"og:image:width\" content=\"1112\" \/>\n\t<meta property=\"og:image:height\" content=\"924\" \/>\n\t<meta property=\"og:image:type\" content=\"image\/jpeg\" \/>\n<meta name=\"twitter:card\" content=\"summary_large_image\" \/>\n<meta name=\"twitter:label1\" content=\"Hind\" \/>\n\t<meta name=\"twitter:data1\" content=\"&euro;71.77 koos KM\" \/>\n\t<meta name=\"twitter:label2\" content=\"Availability\" \/>\n\t<meta name=\"twitter:data2\" content=\"Laos\" \/>\n<script type=\"application\/ld+json\" class=\"yoast-schema-graph\">{\"@context\":\"https:\\\/\\\/schema.org\",\"@graph\":[{\"@type\":\"WebPage\",\"@id\":\"https:\\\/\\\/fonolukk.eu\\\/et\\\/tooted\\\/koodpaneel-a8-mifare\\\/\",\"url\":\"https:\\\/\\\/fonolukk.eu\\\/et\\\/tooted\\\/koodpaneel-a8-mifare\\\/\",\"name\":\"Koodpaneel A8 Mifare - Fonolukk\",\"isPartOf\":{\"@id\":\"https:\\\/\\\/fonolukk.eu\\\/et\\\/#website\"},\"primaryImageOfPage\":{\"@id\":\"https:\\\/\\\/fonolukk.eu\\\/et\\\/tooted\\\/koodpaneel-a8-mifare\\\/#primaryimage\"},\"image\":{\"@id\":\"https:\\\/\\\/fonolukk.eu\\\/et\\\/tooted\\\/koodpaneel-a8-mifare\\\/#primaryimage\"},\"thumbnailUrl\":\"https:\\\/\\\/fonolukk.eu\\\/wp-content\\\/uploads\\\/2022\\\/07\\\/a8w-kodine-klaviatura.jpg\",\"datePublished\":\"2022-07-06T06:51:15+00:00\",\"dateModified\":\"2024-03-15T15:50:43+00:00\",\"description\":\"Lukke saab elektriliselt juhtida juurdep\u00e4\u00e4sukontrollis\u00fcsteemi v\u00f5i kaugjuhtimiss\u00fcsteemiga, nagu taimer, klahvistik v\u00f5i surunupp.\",\"breadcrumb\":{\"@id\":\"https:\\\/\\\/fonolukk.eu\\\/et\\\/tooted\\\/koodpaneel-a8-mifare\\\/#breadcrumb\"},\"inLanguage\":\"et\",\"potentialAction\":[{\"@type\":\"ReadAction\",\"target\":[\"https:\\\/\\\/fonolukk.eu\\\/et\\\/tooted\\\/koodpaneel-a8-mifare\\\/\"]}]},{\"@type\":\"ImageObject\",\"inLanguage\":\"et\",\"@id\":\"https:\\\/\\\/fonolukk.eu\\\/et\\\/tooted\\\/koodpaneel-a8-mifare\\\/#primaryimage\",\"url\":\"https:\\\/\\\/fonolukk.eu\\\/wp-content\\\/uploads\\\/2022\\\/07\\\/a8w-kodine-klaviatura.jpg\",\"contentUrl\":\"https:\\\/\\\/fonolukk.eu\\\/wp-content\\\/uploads\\\/2022\\\/07\\\/a8w-kodine-klaviatura.jpg\",\"width\":1112,\"height\":924,\"caption\":\"A8W\"},{\"@type\":\"BreadcrumbList\",\"@id\":\"https:\\\/\\\/fonolukk.eu\\\/et\\\/tooted\\\/koodpaneel-a8-mifare\\\/#breadcrumb\",\"itemListElement\":[{\"@type\":\"ListItem\",\"position\":1,\"name\":\"Esileht\",\"item\":\"https:\\\/\\\/fonolukk.eu\\\/et\\\/koduleht\\\/\"},{\"@type\":\"ListItem\",\"position\":2,\"name\":\"Tooted\",\"item\":\"https:\\\/\\\/fonolukk.eu\\\/et\\\/shop-2\\\/\"},{\"@type\":\"ListItem\",\"position\":3,\"name\":\"L\u00e4bip\u00e4\u00e4sus\u00fcsteem\",\"item\":\"https:\\\/\\\/fonolukk.eu\\\/et\\\/product-category\\\/labipaasususteem\\\/\"},{\"@type\":\"ListItem\",\"position\":4,\"name\":\"Koodlukk\",\"item\":\"https:\\\/\\\/fonolukk.eu\\\/et\\\/product-category\\\/labipaasususteem\\\/koodpaneel\\\/\"},{\"@type\":\"ListItem\",\"position\":5,\"name\":\"Koodpaneel A8 Mifare\"}]},{\"@type\":\"WebSite\",\"@id\":\"https:\\\/\\\/fonolukk.eu\\\/et\\\/#website\",\"url\":\"https:\\\/\\\/fonolukk.eu\\\/et\\\/\",\"name\":\"Fonolukk eu\",\"description\":\"Smart Security Systems\",\"publisher\":{\"@id\":\"https:\\\/\\\/fonolukk.eu\\\/et\\\/#organization\"},\"potentialAction\":[{\"@type\":\"SearchAction\",\"target\":{\"@type\":\"EntryPoint\",\"urlTemplate\":\"https:\\\/\\\/fonolukk.eu\\\/et\\\/?s={search_term_string}\"},\"query-input\":{\"@type\":\"PropertyValueSpecification\",\"valueRequired\":true,\"valueName\":\"search_term_string\"}}],\"inLanguage\":\"et\"},{\"@type\":\"Organization\",\"@id\":\"https:\\\/\\\/fonolukk.eu\\\/et\\\/#organization\",\"name\":\"Smart Security OU\",\"url\":\"https:\\\/\\\/fonolukk.eu\\\/et\\\/\",\"logo\":{\"@type\":\"ImageObject\",\"inLanguage\":\"et\",\"@id\":\"https:\\\/\\\/fonolukk.eu\\\/et\\\/#\\\/schema\\\/logo\\\/image\\\/\",\"url\":\"https:\\\/\\\/fonolukk.eu\\\/wp-content\\\/uploads\\\/2023\\\/09\\\/fonolukk.png\",\"contentUrl\":\"https:\\\/\\\/fonolukk.eu\\\/wp-content\\\/uploads\\\/2023\\\/09\\\/fonolukk.png\",\"width\":277,\"height\":274,\"caption\":\"Smart Security OU\"},\"image\":{\"@id\":\"https:\\\/\\\/fonolukk.eu\\\/et\\\/#\\\/schema\\\/logo\\\/image\\\/\"},\"sameAs\":[\"https:\\\/\\\/www.facebook.com\\\/fonolukk\",\"https:\\\/\\\/www.instagram.com\\\/fonolukk\\\/?hl=ru\"],\"publishingPrinciples\":\"https:\\\/\\\/fonolukk.eu\\\/terms-and-conditions\\\/\",\"ownershipFundingInfo\":\"https:\\\/\\\/fonolukk.eu\\\/about-us\\\/\"}]}<\/script>\n<meta property=\"product:brand\" content=\"MIFARE\" \/>\n<meta property=\"product:price:amount\" content=\"71.77\" \/>\n<meta property=\"product:price:currency\" content=\"EUR\" \/>\n<meta property=\"og:availability\" content=\"instock\" \/>\n<meta property=\"product:availability\" content=\"instock\" \/>\n<meta property=\"product:retailer_item_id\" content=\"A8W\" \/>\n<meta property=\"product:condition\" content=\"new\" \/>\n<!-- \/ Yoast SEO Premium plugin. -->","yoast_head_json":{"title":"Koodpaneel A8 Mifare - Fonolukk","description":"Lukke saab elektriliselt juhtida juurdep\u00e4\u00e4sukontrollis\u00fcsteemi v\u00f5i kaugjuhtimiss\u00fcsteemiga, nagu taimer, klahvistik v\u00f5i surunupp.","robots":{"index":"index","follow":"follow","max-snippet":"max-snippet:-1","max-image-preview":"max-image-preview:large","max-video-preview":"max-video-preview:-1"},"canonical":"https:\/\/fonolukk.eu\/et\/tooted\/koodpaneel-a8-mifare\/","og_locale":"et_EE","og_type":"article","og_title":"Koodpaneel A8 Mifare","og_description":"Toetab 13,56 MHz Mifare kaarti. Metallist, vandaalivastane korpus, vastupidav v\u00e4lism\u00f5judele IP67, sobib v\u00e4litingimustesse. Nupud on valgustatud. Paigaldamine: supratentoriaalne.\u00a0Komplektis administraatorikaartidega kasutajate kiireks haldamiseks.","og_url":"https:\/\/fonolukk.eu\/et\/tooted\/koodpaneel-a8-mifare\/","og_site_name":"Fonolukk","article_publisher":"https:\/\/www.facebook.com\/fonolukk","article_modified_time":"2024-03-15T15:50:43+00:00","og_image":[{"width":1112,"height":924,"url":"https:\/\/fonolukk.eu\/wp-content\/uploads\/2022\/07\/a8w-kodine-klaviatura.jpg","type":"image\/jpeg"}],"twitter_card":"summary_large_image","twitter_misc":{"Hind":"&euro;71.77 koos KM","Availability":"Laos"},"schema":{"@context":"https:\/\/schema.org","@graph":[{"@type":"WebPage","@id":"https:\/\/fonolukk.eu\/et\/tooted\/koodpaneel-a8-mifare\/","url":"https:\/\/fonolukk.eu\/et\/tooted\/koodpaneel-a8-mifare\/","name":"Koodpaneel A8 Mifare - Fonolukk","isPartOf":{"@id":"https:\/\/fonolukk.eu\/et\/#website"},"primaryImageOfPage":{"@id":"https:\/\/fonolukk.eu\/et\/tooted\/koodpaneel-a8-mifare\/#primaryimage"},"image":{"@id":"https:\/\/fonolukk.eu\/et\/tooted\/koodpaneel-a8-mifare\/#primaryimage"},"thumbnailUrl":"https:\/\/fonolukk.eu\/wp-content\/uploads\/2022\/07\/a8w-kodine-klaviatura.jpg","datePublished":"2022-07-06T06:51:15+00:00","dateModified":"2024-03-15T15:50:43+00:00","description":"Lukke saab elektriliselt juhtida juurdep\u00e4\u00e4sukontrollis\u00fcsteemi v\u00f5i kaugjuhtimiss\u00fcsteemiga, nagu taimer, klahvistik v\u00f5i surunupp.","breadcrumb":{"@id":"https:\/\/fonolukk.eu\/et\/tooted\/koodpaneel-a8-mifare\/#breadcrumb"},"inLanguage":"et","potentialAction":[{"@type":"ReadAction","target":["https:\/\/fonolukk.eu\/et\/tooted\/koodpaneel-a8-mifare\/"]}]},{"@type":"ImageObject","inLanguage":"et","@id":"https:\/\/fonolukk.eu\/et\/tooted\/koodpaneel-a8-mifare\/#primaryimage","url":"https:\/\/fonolukk.eu\/wp-content\/uploads\/2022\/07\/a8w-kodine-klaviatura.jpg","contentUrl":"https:\/\/fonolukk.eu\/wp-content\/uploads\/2022\/07\/a8w-kodine-klaviatura.jpg","width":1112,"height":924,"caption":"A8W"},{"@type":"BreadcrumbList","@id":"https:\/\/fonolukk.eu\/et\/tooted\/koodpaneel-a8-mifare\/#breadcrumb","itemListElement":[{"@type":"ListItem","position":1,"name":"Esileht","item":"https:\/\/fonolukk.eu\/et\/koduleht\/"},{"@type":"ListItem","position":2,"name":"Tooted","item":"https:\/\/fonolukk.eu\/et\/shop-2\/"},{"@type":"ListItem","position":3,"name":"L\u00e4bip\u00e4\u00e4sus\u00fcsteem","item":"https:\/\/fonolukk.eu\/et\/product-category\/labipaasususteem\/"},{"@type":"ListItem","position":4,"name":"Koodlukk","item":"https:\/\/fonolukk.eu\/et\/product-category\/labipaasususteem\/koodpaneel\/"},{"@type":"ListItem","position":5,"name":"Koodpaneel A8 Mifare"}]},{"@type":"WebSite","@id":"https:\/\/fonolukk.eu\/et\/#website","url":"https:\/\/fonolukk.eu\/et\/","name":"Fonolukk eu","description":"Smart Security Systems","publisher":{"@id":"https:\/\/fonolukk.eu\/et\/#organization"},"potentialAction":[{"@type":"SearchAction","target":{"@type":"EntryPoint","urlTemplate":"https:\/\/fonolukk.eu\/et\/?s={search_term_string}"},"query-input":{"@type":"PropertyValueSpecification","valueRequired":true,"valueName":"search_term_string"}}],"inLanguage":"et"},{"@type":"Organization","@id":"https:\/\/fonolukk.eu\/et\/#organization","name":"Smart Security OU","url":"https:\/\/fonolukk.eu\/et\/","logo":{"@type":"ImageObject","inLanguage":"et","@id":"https:\/\/fonolukk.eu\/et\/#\/schema\/logo\/image\/","url":"https:\/\/fonolukk.eu\/wp-content\/uploads\/2023\/09\/fonolukk.png","contentUrl":"https:\/\/fonolukk.eu\/wp-content\/uploads\/2023\/09\/fonolukk.png","width":277,"height":274,"caption":"Smart Security OU"},"image":{"@id":"https:\/\/fonolukk.eu\/et\/#\/schema\/logo\/image\/"},"sameAs":["https:\/\/www.facebook.com\/fonolukk","https:\/\/www.instagram.com\/fonolukk\/?hl=ru"],"publishingPrinciples":"https:\/\/fonolukk.eu\/terms-and-conditions\/","ownershipFundingInfo":"https:\/\/fonolukk.eu\/about-us\/"}]},"product_brand":"MIFARE","product_price_amount":"71.77","product_price_currency":"EUR","og_availability":"instock","product_availability":"instock","product_retailer_item_id":"A8W","product_condition":"new"},"_links":{"self":[{"href":"https:\/\/fonolukk.eu\/et\/wp-json\/wp\/v2\/product\/13681","targetHints":{"allow":["GET"]}}],"collection":[{"href":"https:\/\/fonolukk.eu\/et\/wp-json\/wp\/v2\/product"}],"about":[{"href":"https:\/\/fonolukk.eu\/et\/wp-json\/wp\/v2\/types\/product"}],"version-history":[{"count":0,"href":"https:\/\/fonolukk.eu\/et\/wp-json\/wp\/v2\/product\/13681\/revisions"}],"wp:featuredmedia":[{"embeddable":true,"href":"https:\/\/fonolukk.eu\/et\/wp-json\/wp\/v2\/media\/13696"}],"wp:attachment":[{"href":"https:\/\/fonolukk.eu\/et\/wp-json\/wp\/v2\/media?parent=13681"}],"wp:term":[{"taxonomy":"product_brand","embeddable":true,"href":"https:\/\/fonolukk.eu\/et\/wp-json\/wp\/v2\/product_brand?post=13681"},{"taxonomy":"product_cat","embeddable":true,"href":"https:\/\/fonolukk.eu\/et\/wp-json\/wp\/v2\/product_cat?post=13681"},{"taxonomy":"product_tag","embeddable":true,"href":"https:\/\/fonolukk.eu\/et\/wp-json\/wp\/v2\/product_tag?post=13681"}],"curies":[{"name":"wp","href":"https:\/\/api.w.org\/{rel}","templated":true}]}}